



{"id":4011,"date":"2025-03-03T14:22:14","date_gmt":"2025-03-03T13:22:14","guid":{"rendered":"https:\/\/www.4h.se\/stattared\/?page_id=4011"},"modified":"2026-04-03T17:52:41","modified_gmt":"2026-04-03T15:52:41","slug":"pasklovsaktiviteter-2","status":"publish","type":"page","link":"https:\/\/www.4h.se\/stattared\/pasklovsaktiviteter-2\/","title":{"rendered":"P\u00e5sklovsaktiviteter"},"content":{"rendered":"<div class=\"wpb-content-wrapper\"><p>[vc_row full_width=&#8221;stretch_row_content&#8221; css=&#8221;.vc_custom_1732646711413{margin-top: -110px !important;}&#8221;][vc_column offset=&#8221;vc_hidden-md vc_hidden-sm vc_hidden-xs&#8221;][vc_single_image image=&#8221;4072&#8243; img_size=&#8221;full&#8221; alignment=&#8221;center&#8221; css=&#8221;&#8221;][\/vc_column][\/vc_row][vc_row full_width=&#8221;stretch_row&#8221; content_placement=&#8221;middle&#8221;][vc_column offset=&#8221;vc_hidden-lg&#8221;][vc_single_image image=&#8221;4075&#8243; img_size=&#8221;full&#8221; css=&#8221;&#8221;][\/vc_column][\/vc_row][vc_row full_width=&#8221;stretch_row&#8221; gap=&#8221;10&#8243; css=&#8221;.vc_custom_1773137928294{margin-top: -30px !important;background-position: center !important;background-repeat: no-repeat !important;background-size: cover !important;}&#8221;][vc_column width=&#8221;2\/3&#8243; css=&#8221;.vc_custom_1605022553801{margin-top: 20px !important;background-color: #ffffff !important;border-radius: 10px !important;}&#8221;][vc_column_text css=&#8221;.vc_custom_1773134936291{margin-top: -20px !important;}&#8221;]<\/p>\n<h1><span style=\"color: #000000;\">P\u00e5sklovsaktiviteter<\/span><\/h1>\n<p>Fira p\u00e5sklovet p\u00e5 St\u00e4ttared den 4\u201312 april med massor av skoj! En perfekt v\u00e5rutflykt f\u00f6r hela familjen[\/vc_column_text][vc_column_text css=&#8221;&#8221;]<\/p>\n<h1><span style=\"color: #000000; font-size: 30px;\">G\u00e5rdscaf\u00e9 \u2022 kl 10-15<\/span><\/h1>\n<div class=\"flex-shrink-0 flex flex-col relative items-end\">\n<div class=\"pt-0\">\n<div class=\"gizmo-bot-avatar flex h-8 w-8 items-center justify-center overflow-hidden rounded-full\">\n<div class=\"relative p-1 rounded-sm flex items-center justify-center bg-token-main-surface-primary text-token-text-primary h-8 w-8\">\n<h4><span style=\"color: #000000;\">4 april &#8211; 12 april<\/span><\/h4>\n<\/div>\n<\/div>\n<\/div>\n<\/div>\n<div class=\"group\/conversation-turn relative flex w-full min-w-0 flex-col agent-turn\">\n<div class=\"flex-col gap-1 md:gap-3\">\n<div class=\"flex max-w-full flex-col flex-grow\">\n<div class=\"min-h-8 text-message flex w-full flex-col items-end gap-2 whitespace-normal break-words [.text-message+&amp;]:mt-5\" dir=\"auto\" data-message-author-role=\"assistant\" data-message-id=\"78db0fc4-2c1e-4456-a286-b3e507590ee9\">\n<div class=\"flex w-full flex-col gap-1 empty:hidden first:pt-[3px]\">\n<div class=\"markdown prose w-full break-words dark:prose-invert dark\">\n<p>&nbsp;<\/p><\/div>\n<\/div>\n<\/div>\n<\/div>\n<\/div>\n<\/div>\n<p>&nbsp;[\/vc_column_text][vc_column_text css=&#8221;.vc_custom_1773138226021{margin-top: -20px !important;}&#8221;]<\/p>\n<h2><span style=\"color: #000000;\">P\u00e5skharen Peters \u00c4ggjakt \u2022 kl 10-14<br \/>\n<\/span><span style=\"color: #000000; font-size: 18px; font-weight: 500;\">4 april &#8211; 12 april<\/span><\/h2>\n<div class=\"flex-shrink-0 flex flex-col relative items-end\">\n<div class=\"pt-0\">\n<div class=\"gizmo-bot-avatar flex h-8 w-8 items-center justify-center overflow-hidden rounded-full\">\n<div class=\"relative p-1 rounded-sm flex items-center justify-center bg-token-main-surface-primary text-token-text-primary h-8 w-8\">\n<div class=\"flex-shrink-0 flex flex-col relative items-end\">\n<div class=\"pt-0\">\n<div class=\"gizmo-bot-avatar flex h-8 w-8 items-center justify-center overflow-hidden rounded-full\">\n<div class=\"relative p-1 rounded-sm flex items-center justify-center bg-token-main-surface-primary text-token-text-primary h-8 w-8\">\n<h4><span style=\"font-family: Arial; font-size: 14px;\">40 kr\/barn<\/span><\/h4>\n<h4><span style=\"font-family: Arial; font-size: 14px;\">F\u00f6lj med p\u00e5 en rolig \u00e4ggjakt runt g\u00e5rden! H\u00e5ll utkik efter \u00e4gg med bokst\u00e4ver som g\u00f6mmer sig p\u00e5 ov\u00e4ntade platser.<\/span><\/h4>\n<\/div>\n<\/div>\n<\/div>\n<\/div>\n<p data-start=\"170\" data-end=\"275\">N\u00e4r du har samlat alla bokst\u00e4ver kan du l\u00f6sa det hemliga ordet och h\u00e4mta din bel\u00f6ning i g\u00e5rdscaf\u00e9et!<\/p>\n<p data-start=\"277\" data-end=\"322\" data-is-last-node=\"\" data-is-only-node=\"\">Startkort k\u00f6ps i caf\u00e9et mellan kl. 10-14.<\/p>\n<\/div>\n<\/div>\n<\/div>\n<\/div>\n<p>[\/vc_column_text][vc_column_text css=&#8221;&#8221;]<\/p>\n<h2><span style=\"color: #000000;\">10:30 \u2022 H\u00e4st &amp; vagn<\/span><\/h2>\n<h4><span style=\"color: #000000;\">4 april &#8211; 12 april<\/span><\/h4>\n<p><span style=\"color: #000000;\">Vuxna: 45 kr \/ Barn: 35 kr<\/span><\/p>\n<p><span style=\"color: #000000;\">F\u00f6lj med p\u00e5 en \u00e5ktur bakom v\u00e5r fantastiska nordsvenska h\u00e4st, Katla.<\/span><\/p>\n<p><span style=\"color: #000000;\">Biljetter till \u00e5kturen k\u00f6per du i v\u00e5rt caf\u00e9 mellan kl 10-10:20.<\/span><\/p>\n<p><span style=\"color: #000000;\">Aktiviteten sker med f\u00f6ruts\u00e4ttning att Katla har full h\u00e4lsa.<\/span>[\/vc_column_text][vc_column_text css=&#8221;&#8221;]<\/p>\n<h2><span style=\"color: #000000;\">11:30 <\/span><span style=\"color: #000000;\">\u2022&nbsp;<\/span><span style=\"color: #000000;\">v\u00e5r Mumsande gos-vandring&nbsp;<\/span><\/h2>\n<h4><span style=\"color: #000000;\">4 april &#8211; 12 april<\/span><\/h4>\n<p><span style=\"color: #000000;\">Vuxna: 45 kr \/ Barn: 35 kr<\/span><\/p>\n<div class=\"group\/conversation-turn relative flex w-full min-w-0 flex-col agent-turn\">\n<div class=\"flex-col gap-1 md:gap-3\">\n<div class=\"flex max-w-full flex-col flex-grow\">\n<div class=\"min-h-8 text-message flex w-full flex-col items-end gap-2 whitespace-normal break-words [.text-message+&amp;]:mt-5\" dir=\"auto\" data-message-author-role=\"assistant\" data-message-id=\"b6f566da-fcb6-4a8b-8109-43687a521036\">\n<div class=\"flex w-full flex-col gap-1 empty:hidden first:pt-[3px]\">\n<div class=\"markdown prose w-full break-words dark:prose-invert dark\">\n<p><span style=\"color: #000000;\">Sl\u00e5 f\u00f6lje med oss p\u00e5 ett sp\u00e4nnande \u00e4ventyr till djuren! Vi har med oss smaskiga snacks som v\u00e5ra djur kommer att \u00e4lska, och ni f\u00e5r en chans att klappa och gosa med dem.<\/span><\/p>\n<p><span style=\"color: #000000;\">Biljetter till \u00e4ventyret k\u00f6per du i v\u00e5rt caf\u00e9 mellan kl 10-11:20.<\/span><\/div>\n<\/div>\n<\/div>\n<\/div>\n<\/div>\n<\/div>\n<p>[\/vc_column_text][vc_column_text css=&#8221;&#8221;]<\/p>\n<h2><span style=\"color: #000000;\">12:30 \u2022 <\/span><span style=\"color: #000000;\">Ponnyridning f\u00f6r barn<\/span><\/h2>\n<h4><span style=\"color: #000000;\">4 april &#8211; 12 april<\/span><\/h4>\n<p><span style=\"color: #000000;\">Barn: 35 kr<\/span><\/p>\n<div class=\"group\/conversation-turn relative flex w-full min-w-0 flex-col agent-turn\">\n<div class=\"flex-col gap-1 md:gap-3\">\n<div class=\"flex max-w-full flex-col flex-grow\">\n<div class=\"min-h-8 text-message flex w-full flex-col items-end gap-2 whitespace-normal break-words [.text-message+&amp;]:mt-5\" dir=\"auto\" data-message-author-role=\"assistant\" data-message-id=\"b6f566da-fcb6-4a8b-8109-43687a521036\">\n<div class=\"flex w-full flex-col gap-1 empty:hidden first:pt-[3px]\">\n<div class=\"markdown prose w-full break-words dark:prose-invert dark\">\n<p><span style=\"color: #000000;\">Ta en tur p\u00e5 v\u00e5r mysiga slinga med v\u00e5ra fantastiska h\u00e4star! Barnen f\u00e5r sitta p\u00e5 v\u00e5ra s\u00f6ta Gotlandsruss, som \u00e4r perfekta f\u00f6r dem och klarar av max 50 kg.&nbsp;<\/span><\/p>\n<p><span style=\"color: #000000;\">Biljetter till ponnyridningen k\u00f6per du i v\u00e5rt caf\u00e9 mellan kl 10-12:20.<\/span><\/p>\n<\/div>\n<\/div>\n<\/div>\n<\/div>\n<\/div>\n<\/div>\n<p>[\/vc_column_text][vc_column_text css=&#8221;&#8221;]<\/p>\n<h2><span style=\"color: #000000\">F\u00f6rbokningsbara aktiviteter<\/span><\/h2>\n<p>[\/vc_column_text][vc_btn title=&#8221;BOKA PLATSER H\u00c4R&#8221; style=&#8221;outline-custom&#8221; outline_custom_color=&#8221;#00693F&#8221; outline_custom_hover_background=&#8221;#00693F&#8221; align=&#8221;center&#8221; css=&#8221;&#8221; button_block=&#8221;true&#8221; link=&#8221;url:https%3A%2F%2Fapp.bookspot.io%2Fwidget%2Fv2%2Fdialog%2Fnew-order%3Fkey%3D2fc53eea376fab059e81d28b1d6747202d7dbb96375c9b42ebf4d9235ff87d0a%26productTypes%3Dproducts%2Cvouchers%26listView%3Dproducts%26products%3D14262%26products%3D14263%26products%3D14265&#8243;][vc_column_text css=&#8221;.vc_custom_1773135334525{margin-top: 40px !important;}&#8221;]<\/p>\n<h2><span style=\"color: #000000;\">H\u00e4stpyssel ink ridning<\/span><\/h2>\n<h4><span style=\"color: #000000;\">kl 9:30 \u2022 7-10 april<\/span><\/h4>\n<p><span style=\"color: #000000;\">200 kr\/barn<\/span><\/p>\n<p data-start=\"65\" data-end=\"129\"><span style=\"color: #000000;\">Upplev ett h\u00e4rligt h\u00e4st\u00e4ventyr p\u00e5 St\u00e4ttared \u2013 tillsammans!<\/span><\/p>\n<p data-start=\"131\" data-end=\"379\"><span style=\"color: #000000;\">Ge dig sj\u00e4lv och ditt barn en of\u00f6rgl\u00f6mlig stund med en av v\u00e5ra fina h\u00e4star.<\/span><\/p>\n<p data-start=\"131\" data-end=\"379\"><span style=\"color: #000000;\">Tillsammans med en av v\u00e5ra ledare f\u00e5r ni vara med fr\u00e5n start:<\/span><br data-start=\"268\" data-end=\"271\"><span style=\"color: #000000;\">ni borstar, sadlar och g\u00f6r er h\u00e4st riktigt fin inf\u00f6r mysig och 30 minuters ridtur i den vackra skogen.<\/span><\/p>\n<p data-start=\"381\" data-end=\"611\"><span style=\"color: #000000;\">Under turen leder f\u00f6r\u00e4ldern h\u00e4sten medan v\u00e5r ledare visar v\u00e4gen och finns med hela tiden som st\u00f6d.<\/span><br data-start=\"498\" data-end=\"501\"><span style=\"color: #000000;\">En perfekt aktivitet f\u00f6r dig som vill ge ditt barn ett roligt, lugnt och minnesv\u00e4rt m\u00f6te med h\u00e4star och natur.<\/span><\/p>\n<p data-start=\"381\" data-end=\"611\"><span style=\"color: #000000;\"><strong data-start=\"473\" data-end=\"490\">Bra att veta:<\/strong><\/span><\/p>\n<ul>\n<li data-start=\"381\" data-end=\"611\"><span style=\"color: #000000;\">Om du har fler barn s\u00e5 finns m\u00f6jlighet att vi kan hj\u00e4lpa till att leda. Meddela oss vid anm\u00e4lan.<\/span><\/li>\n<li data-start=\"381\" data-end=\"611\"><span style=\"color: #000000;\">Rekommenderad \u00e5lder: fr\u00e5n 3 \u00e5r.<\/span><\/li>\n<\/ul>\n<p data-start=\"613\" data-end=\"682\"><span style=\"color: #000000;\"><strong data-start=\"613\" data-end=\"680\">F\u00f6rbokning via hemsidan \u2013 platserna \u00e4r begr\u00e4nsade.&nbsp;<\/strong><\/span><\/p>\n<p>[\/vc_column_text][vc_column_text css=&#8221;&#8221;]<\/p>\n<h2><span style=\"color: #000000;\">Get-timmen<\/span><\/h2>\n<h4><span style=\"color: #000000;\">kl 13:30 \u2022 <\/span><span style=\"color: #000000;\">7-10 april<\/span><\/h4>\n<p><span style=\"color: #000000;\">200 kr\/barn<\/span><\/p>\n<div class=\"group\/conversation-turn relative flex w-full min-w-0 flex-col agent-turn\">\n<div class=\"flex-col gap-1 md:gap-3\">\n<div class=\"flex max-w-full flex-col flex-grow\">\n<div class=\"min-h-8 text-message flex w-full flex-col items-end gap-2 whitespace-normal break-words [.text-message+&amp;]:mt-5\" dir=\"auto\" data-message-author-role=\"assistant\" data-message-id=\"b6f566da-fcb6-4a8b-8109-43687a521036\">\n<div class=\"flex w-full flex-col gap-1 empty:hidden first:pt-[3px]\">\n<div class=\"markdown prose w-full break-words dark:prose-invert dark\">\n<p data-start=\"67\" data-end=\"147\"><span style=\"color: #000000;\"><strong data-start=\"67\" data-end=\"145\">H\u00e4ng med v\u00e5ra charmiga getter p\u00e5 en timme full av skratt, bus och \u00e4ventyr!<\/strong><\/span><\/p>\n<p data-start=\"149\" data-end=\"471\"><span style=\"color: #000000;\">Under denna mysiga upplevelse f\u00e5r du l\u00e4ra k\u00e4nna en av v\u00e5ra getkompisar p\u00e5 riktigt n\u00e4ra h\u00e5ll. Du f\u00e5r borsta, klappa och pyssla om geten och n\u00e4r ni blivit v\u00e4nner ger ni er ut p\u00e5 en rolig promenad tillsammans i koppel. Getterna \u00e4r fulla av personlighet, s\u00e5 r\u00e4kna med fniss, \u00f6verraskningar och h\u00e4rligt getprat l\u00e4ngs v\u00e4gen!<\/span><\/p>\n<p data-start=\"473\" data-end=\"631\"><span style=\"color: #000000;\"><strong data-start=\"473\" data-end=\"490\">Bra att veta:<\/strong><\/span><\/p>\n<ul>\n<li data-start=\"473\" data-end=\"631\"><span style=\"color: #000000;\">Barn under 8 \u00e5r ska ha en vuxen med sig.<\/span><\/li>\n<li data-start=\"473\" data-end=\"631\"><span style=\"color: #000000;\">Getterna kan vara starka och dra n\u00e4r man g\u00e5r med dem.<\/span><\/li>\n<li data-start=\"473\" data-end=\"631\"><span style=\"color: #000000;\">Rekommenderad \u00e5lder: fr\u00e5n 5 \u00e5r.<\/span><\/li>\n<li data-start=\"473\" data-end=\"631\"><span style=\"color: #000000;\">En f\u00f6r\u00e4lder per barn deltar gratis.<\/span><\/li>\n<\/ul>\n<p data-start=\"633\" data-end=\"689\"><span style=\"color: #000000;\"><strong data-start=\"633\" data-end=\"687\">F\u00f6rbokning via hemsidan \u2013 platserna \u00e4r begr\u00e4nsade.<\/strong><\/span><\/p>\n<\/div>\n<\/div>\n<\/div>\n<\/div>\n<\/div>\n<\/div>\n<p>[\/vc_column_text][vc_column_text css=&#8221;.vc_custom_1773135692615{margin-top: 40px !important;}&#8221;]<\/p>\n<h2><span style=\"color: #000000;\">Djur\u00e4ventyret<\/span><\/h2>\n<h4><span style=\"color: #000000;\">Kl 9:30-11:30 \u2022 4 april &amp; 11 april<\/span><\/h4>\n<p><span style=\"color: #000000;\">300 kr\/barn<\/span><\/p>\n<p data-start=\"59\" data-end=\"135\"><span style=\"color: #000000;\"><strong data-start=\"59\" data-end=\"133\">V\u00e4lkommen till en mysig och sp\u00e4nnande f\u00f6rmiddag p\u00e5 St\u00e4ttareds 4H-g\u00e5rd!<\/strong><\/span><\/p>\n<p data-start=\"137\" data-end=\"412\"><span style=\"color: #000000;\">F\u00f6lj med oss bakom kulisserna i djurens v\u00e4rld och upplev en f\u00f6rmiddag fylld av gl\u00e4dje, n\u00e4rkontakt och nyfikenhet. Ni f\u00e5r vara med och mata, klappa och ta hand om v\u00e5ra h\u00e4rliga g\u00e5rdsdjur, allt fr\u00e5n busiga getter och glada grisar till lurviga f\u00e5r, kaniner och kacklande h\u00f6ns.<\/span><\/p>\n<p data-start=\"414\" data-end=\"659\"><span style=\"color: #000000;\">Tillsammans med v\u00e5r djurledare bes\u00f6ker vi alla djuren, l\u00e4r oss sp\u00e4nnande fakta om deras vardag och hj\u00e4lper till med de roliga sysslorna i stallet.<\/span><\/p>\n<p data-start=\"414\" data-end=\"659\"><span style=\"color: #000000;\">Det blir en trygg, l\u00e4rorik och charmigt sm\u00e5st\u00f6kig upplevelse som b\u00e5de barn och vuxna brukar \u00e4lska!<\/span><\/p>\n<p data-start=\"661\" data-end=\"749\"><span style=\"color: #000000;\">F\u00f6r de allra yngsta kan promenaden bli lite l\u00e5ng, s\u00e5 ta g\u00e4rna med barnvagn om ni vill.<\/span><\/p>\n<p data-start=\"751\" data-end=\"898\"><span style=\"color: #000000;\">Som extra festlig avslutning bjuder vi alla barn p\u00e5 en&nbsp;<strong data-start=\"806\" data-end=\"837\">nygr\u00e4ddad v\u00e5ffla och festis<\/strong>&nbsp;\u2013 ett perfekt s\u00e4tt att runda av en h\u00e4rlig g\u00e5rdsupplevelse.<\/span><\/p>\n<p data-start=\"473\" data-end=\"631\"><span style=\"color: #000000;\"><strong data-start=\"473\" data-end=\"490\">Bra att veta:<\/strong><\/span><\/p>\n<ul>\n<li data-start=\"473\" data-end=\"631\"><span style=\"color: #000000;\">Barn under 8 \u00e5r ska ha en vuxen med sig.<\/span><\/li>\n<li data-start=\"473\" data-end=\"631\"><span style=\"color: #000000;\">Du som v\u00e5rdnadshavare ansvarar f\u00f6r barnen du har med dig.<\/span><\/li>\n<li data-start=\"473\" data-end=\"631\"><span style=\"color: #000000;\">Rekommenderad \u00e5lder: fr\u00e5n 4 \u00e5r.<\/span><\/li>\n<li data-start=\"473\" data-end=\"631\"><span style=\"color: #000000;\">En f\u00f6r\u00e4lder per barn deltar gratis.<\/span><\/li>\n<\/ul>\n<p data-start=\"900\" data-end=\"998\"><span style=\"color: #000000;\"><strong data-start=\"900\" data-end=\"958\">F\u00f6rbokning via l\u00e4nken ovan \u2013 platserna \u00e4r begr\u00e4nsade.<\/strong><\/span><\/p>\n<p>[\/vc_column_text][vc_single_image image=&#8221;3228&#8243; img_size=&#8221;full&#8221; style=&#8221;vc_box_rounded&#8221; css=&#8221;&#8221;][\/vc_column][vc_column width=&#8221;1\/3&#8243;][vc_single_image image=&#8221;4073&#8243; img_size=&#8221;full&#8221; onclick=&#8221;custom_link&#8221; css=&#8221;&#8221; link=&#8221;https:\/\/www.4h.se\/stattared\/lager\/&#8221;][vc_single_image image=&#8221;4074&#8243; img_size=&#8221;full&#8221; onclick=&#8221;custom_link&#8221; css=&#8221;&#8221; link=&#8221;https:\/\/www.antribe.com\/org\/4h\/stattareds-4h\/event\/pasklovslager-11-1&#8243;][\/vc_column][\/vc_row]<\/p>\n<\/div>","protected":false},"excerpt":{"rendered":"<p>[vc_row full_width=&#8221;stretch_row_content&#8221; css=&#8221;.vc_custom_1732646711413{margin-top: -110px !important;}&#8221;][vc_column offset=&#8221;vc_hidden-md vc_hidden-sm vc_hidden-xs&#8221;][vc_single_image image=&#8221;4072&#8243; img_size=&#8221;full&#8221; alignment=&#8221;center&#8221; css=&#8221;&#8221;][\/vc_column][\/vc_row][vc_row full_width=&#8221;stretch_row&#8221; content_placement=&#8221;middle&#8221;][vc_column offset=&#8221;vc_hidden-lg&#8221;][vc_single_image image=&#8221;4075&#8243; img_size=&#8221;full&#8221; css=&#8221;&#8221;][\/vc_column][\/vc_row][vc_row full_width=&#8221;stretch_row&#8221; gap=&#8221;10&#8243; css=&#8221;.vc_custom_1773137928294{margin-top: -30px !important;background-position: center !important;background-repeat: no-repeat !important;background-size: cover !important;}&#8221;][vc_column width=&#8221;2\/3&#8243; css=&#8221;.vc_custom_1605022553801{margin-top: 20px !important;background-color: #ffffff !important;border-radius: 10px !important;}&#8221;][vc_column_text css=&#8221;.vc_custom_1773134936291{margin-top: -20px !important;}&#8221;] P\u00e5sklovsaktiviteter Fira p\u00e5sklovet p\u00e5 St\u00e4ttared den 4\u201312 april med massor av skoj! En perfekt v\u00e5rutflykt&nbsp; <a href=\"https:\/\/www.4h.se\/stattared\/pasklovsaktiviteter-2\/\">&hellip; Read more <i class=\"glyphicon glyphicon-arrow-right\"><\/i><\/a><\/p>\n","protected":false},"author":64,"featured_media":0,"parent":0,"menu_order":117,"comment_status":"closed","ping_status":"closed","template":"","meta":{"_acf_changed":false,"footnotes":""},"class_list":["post-4011","page","type-page","status-publish","hentry"],"acf":[],"yoast_head":"<!-- This site is optimized with the Yoast SEO plugin v27.5 - https:\/\/yoast.com\/product\/yoast-seo-wordpress\/ -->\n<title>P\u00e5sklovsaktiviteter - St\u00e4ttareds 4H-g\u00e5rd<\/title>\n<meta name=\"robots\" content=\"index, follow, max-snippet:-1, max-image-preview:large, max-video-preview:-1\" \/>\n<link rel=\"canonical\" href=\"https:\/\/www.4h.se\/stattared\/pasklovsaktiviteter-2\/\" \/>\n<meta property=\"og:locale\" content=\"sv_SE\" \/>\n<meta property=\"og:type\" content=\"article\" \/>\n<meta property=\"og:title\" content=\"P\u00e5sklovsaktiviteter - St\u00e4ttareds 4H-g\u00e5rd\" \/>\n<meta property=\"og:description\" content=\"[vc_row full_width=&#8221;stretch_row_content&#8221; css=&#8221;.vc_custom_1732646711413{margin-top: -110px !important;}&#8221;][vc_column offset=&#8221;vc_hidden-md vc_hidden-sm vc_hidden-xs&#8221;][vc_single_image image=&#8221;4072&#8243; img_size=&#8221;full&#8221; alignment=&#8221;center&#8221; css=&#8221;&#8221;][\/vc_column][\/vc_row][vc_row full_width=&#8221;stretch_row&#8221; content_placement=&#8221;middle&#8221;][vc_column offset=&#8221;vc_hidden-lg&#8221;][vc_single_image image=&#8221;4075&#8243; img_size=&#8221;full&#8221; css=&#8221;&#8221;][\/vc_column][\/vc_row][vc_row full_width=&#8221;stretch_row&#8221; gap=&#8221;10&#8243; css=&#8221;.vc_custom_1773137928294{margin-top: -30px !important;background-position: center !important;background-repeat: no-repeat !important;background-size: cover !important;}&#8221;][vc_column width=&#8221;2\/3&#8243; css=&#8221;.vc_custom_1605022553801{margin-top: 20px !important;background-color: #ffffff !important;border-radius: 10px !important;}&#8221;][vc_column_text css=&#8221;.vc_custom_1773134936291{margin-top: -20px !important;}&#8221;] P\u00e5sklovsaktiviteter Fira p\u00e5sklovet p\u00e5 St\u00e4ttared den 4\u201312 april med massor av skoj! En perfekt v\u00e5rutflykt&nbsp; &hellip; Read more\" \/>\n<meta property=\"og:url\" content=\"https:\/\/www.4h.se\/stattared\/pasklovsaktiviteter-2\/\" \/>\n<meta property=\"og:site_name\" content=\"St\u00e4ttareds 4H-g\u00e5rd\" \/>\n<meta property=\"article:modified_time\" content=\"2026-04-03T15:52:41+00:00\" \/>\n<meta name=\"twitter:card\" content=\"summary_large_image\" \/>\n<script type=\"application\/ld+json\" class=\"yoast-schema-graph\">{\"@context\":\"https:\\\/\\\/schema.org\",\"@graph\":[{\"@type\":\"WebPage\",\"@id\":\"https:\\\/\\\/www.4h.se\\\/stattared\\\/pasklovsaktiviteter-2\\\/\",\"url\":\"https:\\\/\\\/www.4h.se\\\/stattared\\\/pasklovsaktiviteter-2\\\/\",\"name\":\"P\u00e5sklovsaktiviteter - St\u00e4ttareds 4H-g\u00e5rd\",\"isPartOf\":{\"@id\":\"https:\\\/\\\/www.4h.se\\\/stattared\\\/#website\"},\"datePublished\":\"2025-03-03T13:22:14+00:00\",\"dateModified\":\"2026-04-03T15:52:41+00:00\",\"breadcrumb\":{\"@id\":\"https:\\\/\\\/www.4h.se\\\/stattared\\\/pasklovsaktiviteter-2\\\/#breadcrumb\"},\"inLanguage\":\"sv-SE\",\"potentialAction\":[{\"@type\":\"ReadAction\",\"target\":[\"https:\\\/\\\/www.4h.se\\\/stattared\\\/pasklovsaktiviteter-2\\\/\"]}]},{\"@type\":\"BreadcrumbList\",\"@id\":\"https:\\\/\\\/www.4h.se\\\/stattared\\\/pasklovsaktiviteter-2\\\/#breadcrumb\",\"itemListElement\":[{\"@type\":\"ListItem\",\"position\":1,\"name\":\"Hem\",\"item\":\"https:\\\/\\\/www.4h.se\\\/stattared\\\/\"},{\"@type\":\"ListItem\",\"position\":2,\"name\":\"P\u00e5sklovsaktiviteter\"}]},{\"@type\":\"WebSite\",\"@id\":\"https:\\\/\\\/www.4h.se\\\/stattared\\\/#website\",\"url\":\"https:\\\/\\\/www.4h.se\\\/stattared\\\/\",\"name\":\"St\u00e4ttareds 4H-g\u00e5rd\",\"description\":\"mer \u00e4n bara en g\u00e5rd\",\"potentialAction\":[{\"@type\":\"SearchAction\",\"target\":{\"@type\":\"EntryPoint\",\"urlTemplate\":\"https:\\\/\\\/www.4h.se\\\/stattared\\\/?s={search_term_string}\"},\"query-input\":{\"@type\":\"PropertyValueSpecification\",\"valueRequired\":true,\"valueName\":\"search_term_string\"}}],\"inLanguage\":\"sv-SE\"}]}<\/script>\n<!-- \/ Yoast SEO plugin. -->","yoast_head_json":{"title":"P\u00e5sklovsaktiviteter - St\u00e4ttareds 4H-g\u00e5rd","robots":{"index":"index","follow":"follow","max-snippet":"max-snippet:-1","max-image-preview":"max-image-preview:large","max-video-preview":"max-video-preview:-1"},"canonical":"https:\/\/www.4h.se\/stattared\/pasklovsaktiviteter-2\/","og_locale":"sv_SE","og_type":"article","og_title":"P\u00e5sklovsaktiviteter - St\u00e4ttareds 4H-g\u00e5rd","og_description":"[vc_row full_width=&#8221;stretch_row_content&#8221; css=&#8221;.vc_custom_1732646711413{margin-top: -110px !important;}&#8221;][vc_column offset=&#8221;vc_hidden-md vc_hidden-sm vc_hidden-xs&#8221;][vc_single_image image=&#8221;4072&#8243; img_size=&#8221;full&#8221; alignment=&#8221;center&#8221; css=&#8221;&#8221;][\/vc_column][\/vc_row][vc_row full_width=&#8221;stretch_row&#8221; content_placement=&#8221;middle&#8221;][vc_column offset=&#8221;vc_hidden-lg&#8221;][vc_single_image image=&#8221;4075&#8243; img_size=&#8221;full&#8221; css=&#8221;&#8221;][\/vc_column][\/vc_row][vc_row full_width=&#8221;stretch_row&#8221; gap=&#8221;10&#8243; css=&#8221;.vc_custom_1773137928294{margin-top: -30px !important;background-position: center !important;background-repeat: no-repeat !important;background-size: cover !important;}&#8221;][vc_column width=&#8221;2\/3&#8243; css=&#8221;.vc_custom_1605022553801{margin-top: 20px !important;background-color: #ffffff !important;border-radius: 10px !important;}&#8221;][vc_column_text css=&#8221;.vc_custom_1773134936291{margin-top: -20px !important;}&#8221;] P\u00e5sklovsaktiviteter Fira p\u00e5sklovet p\u00e5 St\u00e4ttared den 4\u201312 april med massor av skoj! En perfekt v\u00e5rutflykt&nbsp; &hellip; Read more","og_url":"https:\/\/www.4h.se\/stattared\/pasklovsaktiviteter-2\/","og_site_name":"St\u00e4ttareds 4H-g\u00e5rd","article_modified_time":"2026-04-03T15:52:41+00:00","twitter_card":"summary_large_image","schema":{"@context":"https:\/\/schema.org","@graph":[{"@type":"WebPage","@id":"https:\/\/www.4h.se\/stattared\/pasklovsaktiviteter-2\/","url":"https:\/\/www.4h.se\/stattared\/pasklovsaktiviteter-2\/","name":"P\u00e5sklovsaktiviteter - St\u00e4ttareds 4H-g\u00e5rd","isPartOf":{"@id":"https:\/\/www.4h.se\/stattared\/#website"},"datePublished":"2025-03-03T13:22:14+00:00","dateModified":"2026-04-03T15:52:41+00:00","breadcrumb":{"@id":"https:\/\/www.4h.se\/stattared\/pasklovsaktiviteter-2\/#breadcrumb"},"inLanguage":"sv-SE","potentialAction":[{"@type":"ReadAction","target":["https:\/\/www.4h.se\/stattared\/pasklovsaktiviteter-2\/"]}]},{"@type":"BreadcrumbList","@id":"https:\/\/www.4h.se\/stattared\/pasklovsaktiviteter-2\/#breadcrumb","itemListElement":[{"@type":"ListItem","position":1,"name":"Hem","item":"https:\/\/www.4h.se\/stattared\/"},{"@type":"ListItem","position":2,"name":"P\u00e5sklovsaktiviteter"}]},{"@type":"WebSite","@id":"https:\/\/www.4h.se\/stattared\/#website","url":"https:\/\/www.4h.se\/stattared\/","name":"St\u00e4ttareds 4H-g\u00e5rd","description":"mer \u00e4n bara en g\u00e5rd","potentialAction":[{"@type":"SearchAction","target":{"@type":"EntryPoint","urlTemplate":"https:\/\/www.4h.se\/stattared\/?s={search_term_string}"},"query-input":{"@type":"PropertyValueSpecification","valueRequired":true,"valueName":"search_term_string"}}],"inLanguage":"sv-SE"}]}},"_links":{"self":[{"href":"https:\/\/www.4h.se\/stattared\/wp-json\/wp\/v2\/pages\/4011","targetHints":{"allow":["GET"]}}],"collection":[{"href":"https:\/\/www.4h.se\/stattared\/wp-json\/wp\/v2\/pages"}],"about":[{"href":"https:\/\/www.4h.se\/stattared\/wp-json\/wp\/v2\/types\/page"}],"author":[{"embeddable":true,"href":"https:\/\/www.4h.se\/stattared\/wp-json\/wp\/v2\/users\/64"}],"replies":[{"embeddable":true,"href":"https:\/\/www.4h.se\/stattared\/wp-json\/wp\/v2\/comments?post=4011"}],"version-history":[{"count":0,"href":"https:\/\/www.4h.se\/stattared\/wp-json\/wp\/v2\/pages\/4011\/revisions"}],"wp:attachment":[{"href":"https:\/\/www.4h.se\/stattared\/wp-json\/wp\/v2\/media?parent=4011"}],"curies":[{"name":"wp","href":"https:\/\/api.w.org\/{rel}","templated":true}]}}