



{"id":3962,"date":"2025-02-13T21:32:29","date_gmt":"2025-02-13T20:32:29","guid":{"rendered":"https:\/\/www.4h.se\/stattared\/?page_id=3962"},"modified":"2025-12-26T14:21:01","modified_gmt":"2025-12-26T13:21:01","slug":"om-garden-2","status":"publish","type":"page","link":"https:\/\/www.4h.se\/stattared\/om-garden-2\/","title":{"rendered":"Om g\u00e5rden"},"content":{"rendered":"<div class=\"wpb-content-wrapper\"><p>[vc_row css_animation=&#8221;fadeIn&#8221;][vc_column width=&#8221;1\/3&#8243;][vc_single_image image=&#8221;3161&#8243; img_size=&#8221;full&#8221; style=&#8221;vc_box_rounded&#8221; onclick=&#8221;img_link_large&#8221; css=&#8221;&#8221;][\/vc_column][vc_column width=&#8221;2\/3&#8243;][vc_column_text css=&#8221;&#8221;]<\/p>\n<h2>V\u00e5ra djur<\/h2>\n<p>P\u00e5 g\u00e5rden bor \u00f6ver 100 olika djur! H\u00e4r hittar du grisar, kor, kaniner, h\u00f6ns, f\u00e5r, getter och h\u00e4star \u2013 alla med sin egen charm. Dessutom finns v\u00e5ra tv\u00e5 gosiga stallkatter som g\u00e4rna h\u00e5ller dig s\u00e4llskap.[\/vc_column_text][vc_btn title=&#8221;L\u00e4s mer om v\u00e5ra djur!&#8221; style=&#8221;outline-custom&#8221; outline_custom_color=&#8221;#00693f&#8221; outline_custom_hover_background=&#8221;#00693f&#8221; outline_custom_hover_text=&#8221;#ffffff&#8221; css=&#8221;.vc_custom_1741031888254{margin-top: -20px !important;}&#8221; link=&#8221;url:https%3A%2F%2Fwww.4h.se%2Fstattared%2Fvaradjur%2F|title:V%C3%A5ra%20djur&#8221;][\/vc_column][\/vc_row][vc_row css_animation=&#8221;fadeIn&#8221;][vc_column width=&#8221;1\/3&#8243;][vc_single_image image=&#8221;447&#8243; img_size=&#8221;full&#8221; style=&#8221;vc_box_rounded&#8221; css=&#8221;&#8221;][\/vc_column][vc_column width=&#8221;2\/3&#8243;][vc_column_text css=&#8221;&#8221;]<\/p>\n<h2>G\u00e5rdens historia<\/h2>\n<p>V\u00e5r g\u00e5rd har anor fr\u00e5n 1800-talet och b\u00e4r p\u00e5 en rik historia. Generationer av liv och traditioner har format platsen till den charmiga och genuina milj\u00f6 den \u00e4r idag[\/vc_column_text][vc_btn title=&#8221;L\u00e4s mer om g\u00e5rden&#8221; style=&#8221;outline-custom&#8221; outline_custom_color=&#8221;#00693f&#8221; outline_custom_hover_background=&#8221;#00693f&#8221; outline_custom_hover_text=&#8221;#ffffff&#8221; css=&#8221;.vc_custom_1741029642078{margin-top: -20px !important;}&#8221; link=&#8221;url:https%3A%2F%2Fwww.4h.se%2Fstattared%2Fgardens-historia%2F|title:Om%20g%C3%A5rden&#8221;][\/vc_column][\/vc_row][vc_row css_animation=&#8221;fadeIn&#8221;][vc_column width=&#8221;1\/3&#8243;][vc_single_image image=&#8221;3963&#8243; img_size=&#8221;full&#8221; style=&#8221;vc_box_rounded&#8221; css=&#8221;&#8221;][\/vc_column][vc_column width=&#8221;2\/3&#8243;][vc_column_text css=&#8221;&#8221;]<\/p>\n<h2>Personal<\/h2>\n<div class=\"flex max-w-full flex-col flex-grow\">\n<div class=\"min-h-8 text-message flex w-full flex-col items-end gap-2 whitespace-normal break-words text-start [.text-message+&amp;]:mt-5\" dir=\"auto\" data-message-author-role=\"assistant\" data-message-id=\"37204f95-9aa0-4f32-b57d-7cbc2cef8754\" data-message-model-slug=\"gpt-4o\">\n<div class=\"flex w-full flex-col gap-1 empty:hidden first:pt-[3px]\">\n<div class=\"markdown prose w-full break-words dark:prose-invert dark\">\n<p data-start=\"0\" data-end=\"94\" data-is-last-node=\"\">F\u00f6r att kunna h\u00e5lla g\u00e5rden \u00f6ppen och driva verksamheten har vi ett dedikerat team p\u00e5 plats. V\u00e5r personal ser till att allt fungerar smidigt, tar hand om djuren och skapar en trivsam milj\u00f6 f\u00f6r v\u00e5ra bes\u00f6kare.<\/p>\n<\/div>\n<\/div>\n<\/div>\n<\/div>\n<p>[\/vc_column_text][vc_btn title=&#8221;L\u00e4s mer om v\u00e5r personal&#8221; style=&#8221;outline-custom&#8221; outline_custom_color=&#8221;#00693f&#8221; outline_custom_hover_background=&#8221;#00693f&#8221; outline_custom_hover_text=&#8221;#ffffff&#8221; css=&#8221;.vc_custom_1739479732096{margin-top: -20px !important;}&#8221; link=&#8221;url:https%3A%2F%2Fwww.4h.se%2Fstattared%2Fpersonal%2F|title:Personal&#8221;][\/vc_column][\/vc_row][vc_row][vc_column][\/vc_column][\/vc_row]<\/p>\n<\/div>","protected":false},"excerpt":{"rendered":"<p>[vc_row css_animation=&#8221;fadeIn&#8221;][vc_column width=&#8221;1\/3&#8243;][vc_single_image image=&#8221;3161&#8243; img_size=&#8221;full&#8221; style=&#8221;vc_box_rounded&#8221; onclick=&#8221;img_link_large&#8221; css=&#8221;&#8221;][\/vc_column][vc_column width=&#8221;2\/3&#8243;][vc_column_text css=&#8221;&#8221;] V\u00e5ra djur P\u00e5 g\u00e5rden bor \u00f6ver 100 olika djur! H\u00e4r hittar du grisar, kor, kaniner, h\u00f6ns, f\u00e5r, getter och h\u00e4star \u2013 alla med sin egen charm. Dessutom finns v\u00e5ra tv\u00e5 gosiga stallkatter som g\u00e4rna h\u00e5ller dig s\u00e4llskap.[\/vc_column_text][vc_btn title=&#8221;L\u00e4s mer om v\u00e5ra djur!&#8221; style=&#8221;outline-custom&#8221; outline_custom_color=&#8221;#00693f&#8221; outline_custom_hover_background=&#8221;#00693f&#8221;&nbsp; <a href=\"https:\/\/www.4h.se\/stattared\/om-garden-2\/\">&hellip; Read more <i class=\"glyphicon glyphicon-arrow-right\"><\/i><\/a><\/p>\n","protected":false},"author":64,"featured_media":0,"parent":0,"menu_order":60,"comment_status":"closed","ping_status":"closed","template":"","meta":{"_acf_changed":false,"footnotes":""},"class_list":["post-3962","page","type-page","status-publish","hentry"],"acf":[],"yoast_head":"<!-- This site is optimized with the Yoast SEO plugin v27.5 - https:\/\/yoast.com\/product\/yoast-seo-wordpress\/ -->\n<title>Om g\u00e5rden - St\u00e4ttareds 4H-g\u00e5rd<\/title>\n<meta name=\"robots\" content=\"index, follow, max-snippet:-1, max-image-preview:large, max-video-preview:-1\" \/>\n<link rel=\"canonical\" href=\"https:\/\/www.4h.se\/stattared\/om-garden-2\/\" \/>\n<meta property=\"og:locale\" content=\"sv_SE\" \/>\n<meta property=\"og:type\" content=\"article\" \/>\n<meta property=\"og:title\" content=\"Om g\u00e5rden - St\u00e4ttareds 4H-g\u00e5rd\" \/>\n<meta property=\"og:description\" content=\"[vc_row css_animation=&#8221;fadeIn&#8221;][vc_column width=&#8221;1\/3&#8243;][vc_single_image image=&#8221;3161&#8243; img_size=&#8221;full&#8221; style=&#8221;vc_box_rounded&#8221; onclick=&#8221;img_link_large&#8221; css=&#8221;&#8221;][\/vc_column][vc_column width=&#8221;2\/3&#8243;][vc_column_text css=&#8221;&#8221;] V\u00e5ra djur P\u00e5 g\u00e5rden bor \u00f6ver 100 olika djur! H\u00e4r hittar du grisar, kor, kaniner, h\u00f6ns, f\u00e5r, getter och h\u00e4star \u2013 alla med sin egen charm. Dessutom finns v\u00e5ra tv\u00e5 gosiga stallkatter som g\u00e4rna h\u00e5ller dig s\u00e4llskap.[\/vc_column_text][vc_btn title=&#8221;L\u00e4s mer om v\u00e5ra djur!&#8221; style=&#8221;outline-custom&#8221; outline_custom_color=&#8221;#00693f&#8221; outline_custom_hover_background=&#8221;#00693f&#8221;&nbsp; &hellip; Read more\" \/>\n<meta property=\"og:url\" content=\"https:\/\/www.4h.se\/stattared\/om-garden-2\/\" \/>\n<meta property=\"og:site_name\" content=\"St\u00e4ttareds 4H-g\u00e5rd\" \/>\n<meta property=\"article:modified_time\" content=\"2025-12-26T13:21:01+00:00\" \/>\n<meta name=\"twitter:card\" content=\"summary_large_image\" \/>\n<script type=\"application\/ld+json\" class=\"yoast-schema-graph\">{\"@context\":\"https:\\\/\\\/schema.org\",\"@graph\":[{\"@type\":\"WebPage\",\"@id\":\"https:\\\/\\\/www.4h.se\\\/stattared\\\/om-garden-2\\\/\",\"url\":\"https:\\\/\\\/www.4h.se\\\/stattared\\\/om-garden-2\\\/\",\"name\":\"Om g\u00e5rden - St\u00e4ttareds 4H-g\u00e5rd\",\"isPartOf\":{\"@id\":\"https:\\\/\\\/www.4h.se\\\/stattared\\\/#website\"},\"datePublished\":\"2025-02-13T20:32:29+00:00\",\"dateModified\":\"2025-12-26T13:21:01+00:00\",\"breadcrumb\":{\"@id\":\"https:\\\/\\\/www.4h.se\\\/stattared\\\/om-garden-2\\\/#breadcrumb\"},\"inLanguage\":\"sv-SE\",\"potentialAction\":[{\"@type\":\"ReadAction\",\"target\":[\"https:\\\/\\\/www.4h.se\\\/stattared\\\/om-garden-2\\\/\"]}]},{\"@type\":\"BreadcrumbList\",\"@id\":\"https:\\\/\\\/www.4h.se\\\/stattared\\\/om-garden-2\\\/#breadcrumb\",\"itemListElement\":[{\"@type\":\"ListItem\",\"position\":1,\"name\":\"Hem\",\"item\":\"https:\\\/\\\/www.4h.se\\\/stattared\\\/\"},{\"@type\":\"ListItem\",\"position\":2,\"name\":\"Om g\u00e5rden\"}]},{\"@type\":\"WebSite\",\"@id\":\"https:\\\/\\\/www.4h.se\\\/stattared\\\/#website\",\"url\":\"https:\\\/\\\/www.4h.se\\\/stattared\\\/\",\"name\":\"St\u00e4ttareds 4H-g\u00e5rd\",\"description\":\"mer \u00e4n bara en g\u00e5rd\",\"potentialAction\":[{\"@type\":\"SearchAction\",\"target\":{\"@type\":\"EntryPoint\",\"urlTemplate\":\"https:\\\/\\\/www.4h.se\\\/stattared\\\/?s={search_term_string}\"},\"query-input\":{\"@type\":\"PropertyValueSpecification\",\"valueRequired\":true,\"valueName\":\"search_term_string\"}}],\"inLanguage\":\"sv-SE\"}]}<\/script>\n<!-- \/ Yoast SEO plugin. -->","yoast_head_json":{"title":"Om g\u00e5rden - St\u00e4ttareds 4H-g\u00e5rd","robots":{"index":"index","follow":"follow","max-snippet":"max-snippet:-1","max-image-preview":"max-image-preview:large","max-video-preview":"max-video-preview:-1"},"canonical":"https:\/\/www.4h.se\/stattared\/om-garden-2\/","og_locale":"sv_SE","og_type":"article","og_title":"Om g\u00e5rden - St\u00e4ttareds 4H-g\u00e5rd","og_description":"[vc_row css_animation=&#8221;fadeIn&#8221;][vc_column width=&#8221;1\/3&#8243;][vc_single_image image=&#8221;3161&#8243; img_size=&#8221;full&#8221; style=&#8221;vc_box_rounded&#8221; onclick=&#8221;img_link_large&#8221; css=&#8221;&#8221;][\/vc_column][vc_column width=&#8221;2\/3&#8243;][vc_column_text css=&#8221;&#8221;] V\u00e5ra djur P\u00e5 g\u00e5rden bor \u00f6ver 100 olika djur! H\u00e4r hittar du grisar, kor, kaniner, h\u00f6ns, f\u00e5r, getter och h\u00e4star \u2013 alla med sin egen charm. Dessutom finns v\u00e5ra tv\u00e5 gosiga stallkatter som g\u00e4rna h\u00e5ller dig s\u00e4llskap.[\/vc_column_text][vc_btn title=&#8221;L\u00e4s mer om v\u00e5ra djur!&#8221; style=&#8221;outline-custom&#8221; outline_custom_color=&#8221;#00693f&#8221; outline_custom_hover_background=&#8221;#00693f&#8221;&nbsp; &hellip; Read more","og_url":"https:\/\/www.4h.se\/stattared\/om-garden-2\/","og_site_name":"St\u00e4ttareds 4H-g\u00e5rd","article_modified_time":"2025-12-26T13:21:01+00:00","twitter_card":"summary_large_image","schema":{"@context":"https:\/\/schema.org","@graph":[{"@type":"WebPage","@id":"https:\/\/www.4h.se\/stattared\/om-garden-2\/","url":"https:\/\/www.4h.se\/stattared\/om-garden-2\/","name":"Om g\u00e5rden - St\u00e4ttareds 4H-g\u00e5rd","isPartOf":{"@id":"https:\/\/www.4h.se\/stattared\/#website"},"datePublished":"2025-02-13T20:32:29+00:00","dateModified":"2025-12-26T13:21:01+00:00","breadcrumb":{"@id":"https:\/\/www.4h.se\/stattared\/om-garden-2\/#breadcrumb"},"inLanguage":"sv-SE","potentialAction":[{"@type":"ReadAction","target":["https:\/\/www.4h.se\/stattared\/om-garden-2\/"]}]},{"@type":"BreadcrumbList","@id":"https:\/\/www.4h.se\/stattared\/om-garden-2\/#breadcrumb","itemListElement":[{"@type":"ListItem","position":1,"name":"Hem","item":"https:\/\/www.4h.se\/stattared\/"},{"@type":"ListItem","position":2,"name":"Om g\u00e5rden"}]},{"@type":"WebSite","@id":"https:\/\/www.4h.se\/stattared\/#website","url":"https:\/\/www.4h.se\/stattared\/","name":"St\u00e4ttareds 4H-g\u00e5rd","description":"mer \u00e4n bara en g\u00e5rd","potentialAction":[{"@type":"SearchAction","target":{"@type":"EntryPoint","urlTemplate":"https:\/\/www.4h.se\/stattared\/?s={search_term_string}"},"query-input":{"@type":"PropertyValueSpecification","valueRequired":true,"valueName":"search_term_string"}}],"inLanguage":"sv-SE"}]}},"_links":{"self":[{"href":"https:\/\/www.4h.se\/stattared\/wp-json\/wp\/v2\/pages\/3962","targetHints":{"allow":["GET"]}}],"collection":[{"href":"https:\/\/www.4h.se\/stattared\/wp-json\/wp\/v2\/pages"}],"about":[{"href":"https:\/\/www.4h.se\/stattared\/wp-json\/wp\/v2\/types\/page"}],"author":[{"embeddable":true,"href":"https:\/\/www.4h.se\/stattared\/wp-json\/wp\/v2\/users\/64"}],"replies":[{"embeddable":true,"href":"https:\/\/www.4h.se\/stattared\/wp-json\/wp\/v2\/comments?post=3962"}],"version-history":[{"count":0,"href":"https:\/\/www.4h.se\/stattared\/wp-json\/wp\/v2\/pages\/3962\/revisions"}],"wp:attachment":[{"href":"https:\/\/www.4h.se\/stattared\/wp-json\/wp\/v2\/media?parent=3962"}],"curies":[{"name":"wp","href":"https:\/\/api.w.org\/{rel}","templated":true}]}}