



{"id":3952,"date":"2025-02-13T11:25:32","date_gmt":"2025-02-13T10:25:32","guid":{"rendered":"https:\/\/www.4h.se\/stattared\/?page_id=3952"},"modified":"2026-01-29T18:39:45","modified_gmt":"2026-01-29T17:39:45","slug":"skolgruppbokningar","status":"publish","type":"page","link":"https:\/\/www.4h.se\/stattared\/skolgruppbokningar\/","title":{"rendered":"Skol- &#038; gruppbokningar"},"content":{"rendered":"<div class=\"wpb-content-wrapper\"><p>[vc_row css_animation=&#8221;fadeIn&#8221;][vc_column width=&#8221;1\/3&#8243;][vc_single_image image=&#8221;3594&#8243; img_size=&#8221;full&#8221; style=&#8221;vc_box_rounded&#8221; onclick=&#8221;img_link_large&#8221; css=&#8221;&#8221;][\/vc_column][vc_column width=&#8221;2\/3&#8243;][vc_column_text css=&#8221;&#8221;]<\/p>\n<h2>Skol- &amp; grupppaket<\/h2>\n<p>Uppt\u00e4ck en l\u00e4rorik och rolig skolresa! V\u00e4lj mellan en dagsutflykt fylld med aktiviteter eller ett \u00e4ventyr med \u00f6vernattning.[\/vc_column_text][vc_btn title=&#8221;L\u00e4s mer och boka&#8221; style=&#8221;outline-custom&#8221; outline_custom_color=&#8221;#00693f&#8221; outline_custom_hover_background=&#8221;#00693f&#8221; outline_custom_hover_text=&#8221;#ffffff&#8221; css=&#8221;.vc_custom_1739442515168{margin-top: -20px !important;}&#8221; link=&#8221;url:https%3A%2F%2Fwww.4h.se%2Fstattared%2Ffor-unga%2F|title:F%C3%B6r%20unga&#8221;][\/vc_column][\/vc_row][vc_row css_animation=&#8221;fadeIn&#8221;][vc_column width=&#8221;1\/3&#8243;][vc_single_image image=&#8221;3422&#8243; img_size=&#8221;full&#8221; style=&#8221;vc_box_rounded&#8221; css=&#8221;&#8221;][\/vc_column][vc_column width=&#8221;2\/3&#8243;][vc_column_text css=&#8221;&#8221;]<\/p>\n<h2>Lokaler &amp; Konferenser<\/h2>\n<p>&nbsp;[\/vc_column_text][vc_btn title=&#8221;L\u00e4s mer om v\u00e5ra lokaler&#8221; style=&#8221;outline-custom&#8221; outline_custom_color=&#8221;#00693f&#8221; outline_custom_hover_background=&#8221;#00693f&#8221; outline_custom_hover_text=&#8221;#ffffff&#8221; css=&#8221;.vc_custom_1769708383683{margin-top: -20px !important;}&#8221; link=&#8221;url:https%3A%2F%2Fwww.4h.se%2Fstattared%2Flokaler-konferens-2%2F|title:Lokaler%20%26%20Konferens&#8221;][\/vc_column][\/vc_row][vc_row css_animation=&#8221;fadeIn&#8221;][vc_column width=&#8221;1\/3&#8243;][vc_single_image image=&#8221;3776&#8243; img_size=&#8221;full&#8221; style=&#8221;vc_box_rounded&#8221; css=&#8221;.vc_custom_1739393547039{margin-top: 20px !important;}&#8221;][\/vc_column][vc_column width=&#8221;2\/3&#8243;][vc_column_text css=&#8221;&#8221;]<\/p>\n<h2>Getyoga f\u00f6r grupper<\/h2>\n<div class=\"flex max-w-full flex-col flex-grow\">\n<div class=\"min-h-8 text-message flex w-full flex-col items-end gap-2 whitespace-normal break-words text-start [.text-message+&amp;]:mt-5\" dir=\"auto\" data-message-author-role=\"assistant\" data-message-id=\"37204f95-9aa0-4f32-b57d-7cbc2cef8754\" data-message-model-slug=\"gpt-4o\">\n<div class=\"flex w-full flex-col gap-1 empty:hidden first:pt-[3px]\">\n<div class=\"markdown prose w-full break-words dark:prose-invert dark\">\n<p data-start=\"0\" data-end=\"82\">Samla v\u00e4nnerna, familjen eller kollegorna f\u00f6r en unik och minnesv\u00e4rd upplevelse.<\/p>\n<p data-start=\"84\" data-end=\"193\" data-is-last-node=\"\">Boka ett privat getyogapass och njut av en stunds gl\u00e4dje och avkoppling tillsammans med de charmiga getterna!<\/p>\n<\/div>\n<\/div>\n<\/div>\n<\/div>\n<p>[\/vc_column_text][vc_btn title=&#8221;L\u00e4s mer och boka&#8221; style=&#8221;outline-custom&#8221; outline_custom_color=&#8221;#00693f&#8221; outline_custom_hover_background=&#8221;#00693f&#8221; outline_custom_hover_text=&#8221;#ffffff&#8221; css=&#8221;.vc_custom_1739442836858{margin-top: -20px !important;}&#8221; link=&#8221;url:https%3A%2F%2Fwww.4h.se%2Fstattared%2Fgetyoga-gruppbokningar%2F|title:Getyoga%20%E2%80%93%20Gruppbokningar&#8221;][\/vc_column][\/vc_row][vc_row css_animation=&#8221;fadeIn&#8221;][vc_column width=&#8221;1\/3&#8243;][\/vc_column][vc_column width=&#8221;2\/3&#8243;][\/vc_column][\/vc_row][vc_row][vc_column][\/vc_column][\/vc_row]<\/p>\n<\/div>","protected":false},"excerpt":{"rendered":"<p>[vc_row css_animation=&#8221;fadeIn&#8221;][vc_column width=&#8221;1\/3&#8243;][vc_single_image image=&#8221;3594&#8243; img_size=&#8221;full&#8221; style=&#8221;vc_box_rounded&#8221; onclick=&#8221;img_link_large&#8221; css=&#8221;&#8221;][\/vc_column][vc_column width=&#8221;2\/3&#8243;][vc_column_text css=&#8221;&#8221;] Skol- &amp; grupppaket Uppt\u00e4ck en l\u00e4rorik och rolig skolresa! V\u00e4lj mellan en dagsutflykt fylld med aktiviteter eller ett \u00e4ventyr med \u00f6vernattning.[\/vc_column_text][vc_btn title=&#8221;L\u00e4s mer och boka&#8221; style=&#8221;outline-custom&#8221; outline_custom_color=&#8221;#00693f&#8221; outline_custom_hover_background=&#8221;#00693f&#8221; outline_custom_hover_text=&#8221;#ffffff&#8221; css=&#8221;.vc_custom_1739442515168{margin-top: -20px !important;}&#8221; link=&#8221;url:https%3A%2F%2Fwww.4h.se%2Fstattared%2Ffor-unga%2F|title:F%C3%B6r%20unga&#8221;][\/vc_column][\/vc_row][vc_row css_animation=&#8221;fadeIn&#8221;][vc_column width=&#8221;1\/3&#8243;][vc_single_image image=&#8221;3422&#8243; img_size=&#8221;full&#8221; style=&#8221;vc_box_rounded&#8221; css=&#8221;&#8221;][\/vc_column][vc_column width=&#8221;2\/3&#8243;][vc_column_text css=&#8221;&#8221;] Lokaler &amp; Konferenser &nbsp;[\/vc_column_text][vc_btn&nbsp; <a href=\"https:\/\/www.4h.se\/stattared\/skolgruppbokningar\/\">&hellip; Read more <i class=\"glyphicon glyphicon-arrow-right\"><\/i><\/a><\/p>\n","protected":false},"author":64,"featured_media":0,"parent":0,"menu_order":64,"comment_status":"closed","ping_status":"closed","template":"","meta":{"_acf_changed":false,"footnotes":""},"class_list":["post-3952","page","type-page","status-publish","hentry"],"acf":[],"yoast_head":"<!-- This site is optimized with the Yoast SEO plugin v27.5 - https:\/\/yoast.com\/product\/yoast-seo-wordpress\/ -->\n<title>Skol- &amp; gruppbokningar - St\u00e4ttareds 4H-g\u00e5rd<\/title>\n<meta name=\"robots\" content=\"index, follow, max-snippet:-1, max-image-preview:large, max-video-preview:-1\" \/>\n<link rel=\"canonical\" href=\"https:\/\/www.4h.se\/stattared\/skolgruppbokningar\/\" \/>\n<meta property=\"og:locale\" content=\"sv_SE\" \/>\n<meta property=\"og:type\" content=\"article\" \/>\n<meta property=\"og:title\" content=\"Skol- &amp; gruppbokningar - St\u00e4ttareds 4H-g\u00e5rd\" \/>\n<meta property=\"og:description\" content=\"[vc_row css_animation=&#8221;fadeIn&#8221;][vc_column width=&#8221;1\/3&#8243;][vc_single_image image=&#8221;3594&#8243; img_size=&#8221;full&#8221; style=&#8221;vc_box_rounded&#8221; onclick=&#8221;img_link_large&#8221; css=&#8221;&#8221;][\/vc_column][vc_column width=&#8221;2\/3&#8243;][vc_column_text css=&#8221;&#8221;] Skol- &amp; grupppaket Uppt\u00e4ck en l\u00e4rorik och rolig skolresa! V\u00e4lj mellan en dagsutflykt fylld med aktiviteter eller ett \u00e4ventyr med \u00f6vernattning.[\/vc_column_text][vc_btn title=&#8221;L\u00e4s mer och boka&#8221; style=&#8221;outline-custom&#8221; outline_custom_color=&#8221;#00693f&#8221; outline_custom_hover_background=&#8221;#00693f&#8221; outline_custom_hover_text=&#8221;#ffffff&#8221; css=&#8221;.vc_custom_1739442515168{margin-top: -20px !important;}&#8221; link=&#8221;url:https%3A%2F%2Fwww.4h.se%2Fstattared%2Ffor-unga%2F|title:F%C3%B6r%20unga&#8221;][\/vc_column][\/vc_row][vc_row css_animation=&#8221;fadeIn&#8221;][vc_column width=&#8221;1\/3&#8243;][vc_single_image image=&#8221;3422&#8243; img_size=&#8221;full&#8221; style=&#8221;vc_box_rounded&#8221; css=&#8221;&#8221;][\/vc_column][vc_column width=&#8221;2\/3&#8243;][vc_column_text css=&#8221;&#8221;] Lokaler &amp; Konferenser &nbsp;[\/vc_column_text][vc_btn&nbsp; &hellip; Read more\" \/>\n<meta property=\"og:url\" content=\"https:\/\/www.4h.se\/stattared\/skolgruppbokningar\/\" \/>\n<meta property=\"og:site_name\" content=\"St\u00e4ttareds 4H-g\u00e5rd\" \/>\n<meta property=\"article:modified_time\" content=\"2026-01-29T17:39:45+00:00\" \/>\n<meta name=\"twitter:card\" content=\"summary_large_image\" \/>\n<script type=\"application\/ld+json\" class=\"yoast-schema-graph\">{\"@context\":\"https:\\\/\\\/schema.org\",\"@graph\":[{\"@type\":\"WebPage\",\"@id\":\"https:\\\/\\\/www.4h.se\\\/stattared\\\/skolgruppbokningar\\\/\",\"url\":\"https:\\\/\\\/www.4h.se\\\/stattared\\\/skolgruppbokningar\\\/\",\"name\":\"Skol- & gruppbokningar - St\u00e4ttareds 4H-g\u00e5rd\",\"isPartOf\":{\"@id\":\"https:\\\/\\\/www.4h.se\\\/stattared\\\/#website\"},\"datePublished\":\"2025-02-13T10:25:32+00:00\",\"dateModified\":\"2026-01-29T17:39:45+00:00\",\"breadcrumb\":{\"@id\":\"https:\\\/\\\/www.4h.se\\\/stattared\\\/skolgruppbokningar\\\/#breadcrumb\"},\"inLanguage\":\"sv-SE\",\"potentialAction\":[{\"@type\":\"ReadAction\",\"target\":[\"https:\\\/\\\/www.4h.se\\\/stattared\\\/skolgruppbokningar\\\/\"]}]},{\"@type\":\"BreadcrumbList\",\"@id\":\"https:\\\/\\\/www.4h.se\\\/stattared\\\/skolgruppbokningar\\\/#breadcrumb\",\"itemListElement\":[{\"@type\":\"ListItem\",\"position\":1,\"name\":\"Hem\",\"item\":\"https:\\\/\\\/www.4h.se\\\/stattared\\\/\"},{\"@type\":\"ListItem\",\"position\":2,\"name\":\"Skol- &#038; gruppbokningar\"}]},{\"@type\":\"WebSite\",\"@id\":\"https:\\\/\\\/www.4h.se\\\/stattared\\\/#website\",\"url\":\"https:\\\/\\\/www.4h.se\\\/stattared\\\/\",\"name\":\"St\u00e4ttareds 4H-g\u00e5rd\",\"description\":\"mer \u00e4n bara en g\u00e5rd\",\"potentialAction\":[{\"@type\":\"SearchAction\",\"target\":{\"@type\":\"EntryPoint\",\"urlTemplate\":\"https:\\\/\\\/www.4h.se\\\/stattared\\\/?s={search_term_string}\"},\"query-input\":{\"@type\":\"PropertyValueSpecification\",\"valueRequired\":true,\"valueName\":\"search_term_string\"}}],\"inLanguage\":\"sv-SE\"}]}<\/script>\n<!-- \/ Yoast SEO plugin. -->","yoast_head_json":{"title":"Skol- & gruppbokningar - St\u00e4ttareds 4H-g\u00e5rd","robots":{"index":"index","follow":"follow","max-snippet":"max-snippet:-1","max-image-preview":"max-image-preview:large","max-video-preview":"max-video-preview:-1"},"canonical":"https:\/\/www.4h.se\/stattared\/skolgruppbokningar\/","og_locale":"sv_SE","og_type":"article","og_title":"Skol- & gruppbokningar - St\u00e4ttareds 4H-g\u00e5rd","og_description":"[vc_row css_animation=&#8221;fadeIn&#8221;][vc_column width=&#8221;1\/3&#8243;][vc_single_image image=&#8221;3594&#8243; img_size=&#8221;full&#8221; style=&#8221;vc_box_rounded&#8221; onclick=&#8221;img_link_large&#8221; css=&#8221;&#8221;][\/vc_column][vc_column width=&#8221;2\/3&#8243;][vc_column_text css=&#8221;&#8221;] Skol- &amp; grupppaket Uppt\u00e4ck en l\u00e4rorik och rolig skolresa! V\u00e4lj mellan en dagsutflykt fylld med aktiviteter eller ett \u00e4ventyr med \u00f6vernattning.[\/vc_column_text][vc_btn title=&#8221;L\u00e4s mer och boka&#8221; style=&#8221;outline-custom&#8221; outline_custom_color=&#8221;#00693f&#8221; outline_custom_hover_background=&#8221;#00693f&#8221; outline_custom_hover_text=&#8221;#ffffff&#8221; css=&#8221;.vc_custom_1739442515168{margin-top: -20px !important;}&#8221; link=&#8221;url:https%3A%2F%2Fwww.4h.se%2Fstattared%2Ffor-unga%2F|title:F%C3%B6r%20unga&#8221;][\/vc_column][\/vc_row][vc_row css_animation=&#8221;fadeIn&#8221;][vc_column width=&#8221;1\/3&#8243;][vc_single_image image=&#8221;3422&#8243; img_size=&#8221;full&#8221; style=&#8221;vc_box_rounded&#8221; css=&#8221;&#8221;][\/vc_column][vc_column width=&#8221;2\/3&#8243;][vc_column_text css=&#8221;&#8221;] Lokaler &amp; Konferenser &nbsp;[\/vc_column_text][vc_btn&nbsp; &hellip; Read more","og_url":"https:\/\/www.4h.se\/stattared\/skolgruppbokningar\/","og_site_name":"St\u00e4ttareds 4H-g\u00e5rd","article_modified_time":"2026-01-29T17:39:45+00:00","twitter_card":"summary_large_image","schema":{"@context":"https:\/\/schema.org","@graph":[{"@type":"WebPage","@id":"https:\/\/www.4h.se\/stattared\/skolgruppbokningar\/","url":"https:\/\/www.4h.se\/stattared\/skolgruppbokningar\/","name":"Skol- & gruppbokningar - St\u00e4ttareds 4H-g\u00e5rd","isPartOf":{"@id":"https:\/\/www.4h.se\/stattared\/#website"},"datePublished":"2025-02-13T10:25:32+00:00","dateModified":"2026-01-29T17:39:45+00:00","breadcrumb":{"@id":"https:\/\/www.4h.se\/stattared\/skolgruppbokningar\/#breadcrumb"},"inLanguage":"sv-SE","potentialAction":[{"@type":"ReadAction","target":["https:\/\/www.4h.se\/stattared\/skolgruppbokningar\/"]}]},{"@type":"BreadcrumbList","@id":"https:\/\/www.4h.se\/stattared\/skolgruppbokningar\/#breadcrumb","itemListElement":[{"@type":"ListItem","position":1,"name":"Hem","item":"https:\/\/www.4h.se\/stattared\/"},{"@type":"ListItem","position":2,"name":"Skol- &#038; gruppbokningar"}]},{"@type":"WebSite","@id":"https:\/\/www.4h.se\/stattared\/#website","url":"https:\/\/www.4h.se\/stattared\/","name":"St\u00e4ttareds 4H-g\u00e5rd","description":"mer \u00e4n bara en g\u00e5rd","potentialAction":[{"@type":"SearchAction","target":{"@type":"EntryPoint","urlTemplate":"https:\/\/www.4h.se\/stattared\/?s={search_term_string}"},"query-input":{"@type":"PropertyValueSpecification","valueRequired":true,"valueName":"search_term_string"}}],"inLanguage":"sv-SE"}]}},"_links":{"self":[{"href":"https:\/\/www.4h.se\/stattared\/wp-json\/wp\/v2\/pages\/3952","targetHints":{"allow":["GET"]}}],"collection":[{"href":"https:\/\/www.4h.se\/stattared\/wp-json\/wp\/v2\/pages"}],"about":[{"href":"https:\/\/www.4h.se\/stattared\/wp-json\/wp\/v2\/types\/page"}],"author":[{"embeddable":true,"href":"https:\/\/www.4h.se\/stattared\/wp-json\/wp\/v2\/users\/64"}],"replies":[{"embeddable":true,"href":"https:\/\/www.4h.se\/stattared\/wp-json\/wp\/v2\/comments?post=3952"}],"version-history":[{"count":0,"href":"https:\/\/www.4h.se\/stattared\/wp-json\/wp\/v2\/pages\/3952\/revisions"}],"wp:attachment":[{"href":"https:\/\/www.4h.se\/stattared\/wp-json\/wp\/v2\/media?parent=3952"}],"curies":[{"name":"wp","href":"https:\/\/api.w.org\/{rel}","templated":true}]}}