



{"id":3943,"date":"2025-02-12T21:47:34","date_gmt":"2025-02-12T20:47:34","guid":{"rendered":"https:\/\/www.4h.se\/stattared\/?page_id=3943"},"modified":"2026-05-05T14:36:59","modified_gmt":"2026-05-05T12:36:59","slug":"attgora","status":"publish","type":"page","link":"https:\/\/www.4h.se\/stattared\/attgora\/","title":{"rendered":"Att g\u00f6ra"},"content":{"rendered":"<div class=\"wpb-content-wrapper\"><p>[vc_row css_animation=&#8221;fadeIn&#8221;][vc_column][vc_column_text css=&#8221;&#8221;]<\/p>\n<h2><span style=\"color: #000000\">Vad kan man g\u00f6ra p\u00e5 St\u00e4ttareds 4H-g\u00e5rd?\u00a0<\/span><\/h2>\n<p><strong data-start=\"125\" data-end=\"168\">Uppt\u00e4ck allt roligt vi har att erbjuda!<\/strong><\/p>\n<p>H\u00e4r hittar du hela v\u00e5rt utbud av roliga aktiviteter f\u00f6r stora och sm\u00e5.<\/p>\n<p>Vill du veta n\u00e4r g\u00e5rden \u00e4r \u00f6ppen och vad som h\u00e4nder just nu? Klicka p\u00e5 knappen h\u00e4r nedanf\u00f6r!<\/p>\n<p>&nbsp;[\/vc_column_text][vc_btn title=&#8221;\u00d6ppettider&#8221; style=&#8221;outline-custom&#8221; outline_custom_color=&#8221;#00693f&#8221; outline_custom_hover_background=&#8221;#00693f&#8221; outline_custom_hover_text=&#8221;#ffffff&#8221; align=&#8221;center&#8221; css=&#8221;.vc_custom_1747080630874{margin-top: -30px !important;}&#8221; button_block=&#8221;true&#8221; link=&#8221;url:https%3A%2F%2Fwww.4h.se%2Fstattared%2Foppettider%2F|title:%C3%96ppettider&#8221;][\/vc_column][\/vc_row][vc_row css_animation=&#8221;fadeIn&#8221; css=&#8221;.vc_custom_1747080617694{margin-top: 40px !important;}&#8221;][vc_column width=&#8221;1\/3&#8243;][vc_single_image image=&#8221;4076&#8243; img_size=&#8221;full&#8221; style=&#8221;vc_box_rounded&#8221; onclick=&#8221;img_link_large&#8221; css=&#8221;&#8221;][\/vc_column][vc_column width=&#8221;2\/3&#8243;][vc_column_text css=&#8221;&#8221;]<\/p>\n<h2><span style=\"color: #000000;\">Lovaktiviteter<\/span><\/h2>\n<p>Under skolloven har vi dagliga aktiviteter f\u00f6r hela familjen \u2013 packa bilen och g\u00f6r en h\u00e4rlig utflykt till g\u00e5rden!<\/p>\n<p><strong>Kristi Himmelf\u00e4rdshelgen:<\/strong> 14-17 maj[\/vc_column_text][vc_btn title=&#8221;L\u00e4s mer h\u00e4r!&#8221; style=&#8221;outline-custom&#8221; outline_custom_color=&#8221;#00693f&#8221; outline_custom_hover_background=&#8221;#00693f&#8221; outline_custom_hover_text=&#8221;#ffffff&#8221; css=&#8221;.vc_custom_1777984068467{margin-top: -20px !important;}&#8221; link=&#8221;url:https%3A%2F%2Fwww.4h.se%2Fstattared%2Fkristihimmelfards-2%2F|title:Kristi%20Himmelf%C3%A4rd&#8221;][\/vc_column][\/vc_row][vc_row css_animation=&#8221;fadeIn&#8221; css=&#8221;.vc_custom_1769782214226{margin-top: 40px !important;}&#8221;][vc_column width=&#8221;1\/3&#8243;][vc_single_image image=&#8221;3303&#8243; img_size=&#8221;full&#8221; style=&#8221;vc_box_rounded&#8221; onclick=&#8221;img_link_large&#8221; css=&#8221;&#8221;][\/vc_column][vc_column width=&#8221;2\/3&#8243;][vc_column_text css=&#8221;&#8221;]<\/p>\n<h2><span style=\"color: #000000;\">Paketerbjudande<\/span><\/h2>\n<p>Letar du efter en sommarupplevelse ut\u00f6ver det vanliga f\u00f6r hela familjen?\ud83c\udf40<\/p>\n<p>Vi har noggrant satt ihop paket som l\u00e5ter er uppt\u00e4cka det allra b\u00e4sta g\u00e5rden har att erbjuda. H\u00e4r f\u00e5r ni njuta av lantlivets charm med djur och natur alldeles runt knuten.[\/vc_column_text][vc_btn title=&#8221;L\u00e4s mer h\u00e4r!&#8221; style=&#8221;outline-custom&#8221; outline_custom_color=&#8221;#00693f&#8221; outline_custom_hover_background=&#8221;#00693f&#8221; outline_custom_hover_text=&#8221;#ffffff&#8221; css=&#8221;.vc_custom_1769523029248{margin-top: -20px !important;}&#8221; link=&#8221;url:https%3A%2F%2Fwww.4h.se%2Fstattared%2Fpaketlosningar%2F|title:Paketl%C3%B6sningar&#8221;][\/vc_column][\/vc_row][vc_row css_animation=&#8221;fadeIn&#8221;][vc_column width=&#8221;1\/3&#8243;][vc_single_image image=&#8221;4086&#8243; img_size=&#8221;full&#8221; style=&#8221;vc_box_rounded&#8221; onclick=&#8221;img_link_large&#8221; css=&#8221;&#8221;][\/vc_column][vc_column width=&#8221;2\/3&#8243;][vc_column_text css=&#8221;&#8221;]<\/p>\n<h2><span style=\"color: #000000;\">ARRAngemang<\/span><\/h2>\n<p data-start=\"0\" data-end=\"62\">Vi anordnar st\u00f6rre arrangemang sju g\u00e5nger om \u00e5ret och ibland har vi lite extra aktiviteter under vissa helgdagar.<\/p>\n<p data-start=\"0\" data-end=\"62\">N\u00e4st p\u00e5 tur \u00e4r <b>Sagovandring, 7 juni<\/b><\/p>\n<p>[\/vc_column_text][vc_btn title=&#8221;L\u00e4s mer om programmet h\u00e4r!&#8221; style=&#8221;outline-custom&#8221; outline_custom_color=&#8221;#00693f&#8221; outline_custom_hover_background=&#8221;#00693f&#8221; outline_custom_hover_text=&#8221;#ffffff&#8221; css=&#8221;&#8221; link=&#8221;url:https%3A%2F%2Fwww.4h.se%2Fstattared%2Fsagovandring-2%2F|title:Sagovandring&#8221;][\/vc_column][\/vc_row][vc_row css_animation=&#8221;fadeIn&#8221;][vc_column width=&#8221;1\/3&#8243;][vc_single_image image=&#8221;3523&#8243; img_size=&#8221;full&#8221; style=&#8221;vc_box_rounded&#8221; onclick=&#8221;img_link_large&#8221; css=&#8221;&#8221;][\/vc_column][vc_column width=&#8221;2\/3&#8243;][vc_column_text css=&#8221;&#8221;]<\/p>\n<h2><span style=\"color: #000000\">Barnkalas<\/span><\/h2>\n<p>Samla kompisarna och boka ett of\u00f6rgl\u00f6mligt barnkalas p\u00e5 g\u00e5rden, fyllt med lek, bus och mysiga djurm\u00f6ten! En magisk upplevelse d\u00e4r barnen f\u00e5r umg\u00e5s med djuren, ha kul tillsammans och skapa minnen f\u00f6r livet.[\/vc_column_text][vc_btn title=&#8221;L\u00e4s mer och boka&#8221; style=&#8221;outline-custom&#8221; outline_custom_color=&#8221;#00693f&#8221; outline_custom_hover_background=&#8221;#00693f&#8221; outline_custom_hover_text=&#8221;#ffffff&#8221; css=&#8221;.vc_custom_1739393677628{margin-top: -20px !important;}&#8221; link=&#8221;url:https%3A%2F%2Fwww.4h.se%2Fstattared%2Fbarnkalas%2F&#8221;][\/vc_column][\/vc_row][vc_row css_animation=&#8221;fadeIn&#8221;][vc_column width=&#8221;1\/3&#8243;][vc_single_image image=&#8221;3776&#8243; img_size=&#8221;full&#8221; style=&#8221;vc_box_rounded&#8221; css=&#8221;.vc_custom_1739393547039{margin-top: 20px !important;}&#8221;][\/vc_column][vc_column width=&#8221;2\/3&#8243;][vc_column_text css=&#8221;&#8221;]<\/p>\n<h2><span style=\"color: #000000;\">Getyoga<\/span><\/h2>\n<p>Upplev Getyoga \u2013 en magisk kombination av yoga och lekfulla getter som garanterar skratt, avslappning och v\u00e4lm\u00e5ende!<\/p>\n<p><b>\u00c4NTLIGEN \u00c4R PLATSERNA TILL \u00c5RETS GETYOGA SL\u00c4PPTA!&nbsp;<\/b><\/p>\n<p>Fler tider kan komma att sl\u00e4ppas l\u00f6pande.<\/p>\n<p>&nbsp;[\/vc_column_text][vc_btn title=&#8221;L\u00e4s mer och boka!&#8221; style=&#8221;outline-custom&#8221; outline_custom_color=&#8221;#00693f&#8221; outline_custom_hover_background=&#8221;#00693f&#8221; outline_custom_hover_text=&#8221;#ffffff&#8221; css=&#8221;.vc_custom_1776253616801{margin-top: -40px !important;}&#8221; link=&#8221;url:https%3A%2F%2Fwww.4h.se%2Fstattared%2Fgetyoga%2F&#8221;][\/vc_column][\/vc_row][vc_row css_animation=&#8221;fadeIn&#8221;][vc_column width=&#8221;1\/3&#8243;][vc_single_image image=&#8221;3671&#8243; img_size=&#8221;full&#8221; style=&#8221;vc_box_rounded&#8221; css=&#8221;&#8221;][\/vc_column][vc_column width=&#8221;2\/3&#8243;][vc_column_text css=&#8221;&#8221;]<\/p>\n<h2><span style=\"color: #000000\">Hyr kanot &amp; B\u00e5t<\/span><\/h2>\n<div class=\"flex max-w-full flex-col flex-grow\">\n<div class=\"min-h-8 text-message flex w-full flex-col items-end gap-2 whitespace-normal break-words text-start [.text-message+&amp;]:mt-5\" dir=\"auto\" data-message-author-role=\"assistant\" data-message-id=\"37204f95-9aa0-4f32-b57d-7cbc2cef8754\" data-message-model-slug=\"gpt-4o\">\n<div class=\"flex w-full flex-col gap-1 empty:hidden first:pt-[3px]\">\n<div class=\"markdown prose w-full break-words dark:prose-invert dark\">\n<p data-start=\"0\" data-end=\"94\" data-is-last-node=\"\">Utforska Stora Hornsj\u00f6ns vackra vatten med kanot eller b\u00e5t f\u00f6r en of\u00f6rgl\u00f6mlig naturupplevelse!<\/p>\n<\/div>\n<\/div>\n<\/div>\n<\/div>\n<p>[\/vc_column_text][vc_btn title=&#8221;L\u00e4s mer och boka&#8221; style=&#8221;outline-custom&#8221; outline_custom_color=&#8221;#00693f&#8221; outline_custom_hover_background=&#8221;#00693f&#8221; outline_custom_hover_text=&#8221;#ffffff&#8221; css=&#8221;.vc_custom_1739394100283{margin-top: -20px !important;}&#8221; link=&#8221;url:https%3A%2F%2Fwww.4h.se%2Fstattared%2Fkanotochbat%2F&#8221;][\/vc_column][\/vc_row][vc_row css_animation=&#8221;fadeIn&#8221;][vc_column width=&#8221;1\/3&#8243;][vc_single_image image=&#8221;3648&#8243; img_size=&#8221;full&#8221; style=&#8221;vc_box_rounded&#8221; css=&#8221;&#8221;][\/vc_column][vc_column width=&#8221;2\/3&#8243;][vc_column_text css=&#8221;&#8221;]<\/p>\n<h2><span style=\"color: #000000\">Fika<\/span><\/h2>\n<p>Njut av nygr\u00e4ddade v\u00e5fflor, en rykande kopp kaffe eller en l\u00e4cker bulle i v\u00e5rt mysiga caf\u00e9![\/vc_column_text][vc_btn title=&#8221;L\u00e4s mer om v\u00e5rt caf\u00e9&#8221; style=&#8221;outline-custom&#8221; outline_custom_color=&#8221;#00693f&#8221; outline_custom_hover_background=&#8221;#00693f&#8221; outline_custom_hover_text=&#8221;#ffffff&#8221; css=&#8221;.vc_custom_1739393944935{margin-top: -20px !important;}&#8221; link=&#8221;url:https%3A%2F%2Fwww.4h.se%2Fstattared%2Fcafe%2F&#8221;][\/vc_column][\/vc_row][vc_row css_animation=&#8221;fadeIn&#8221;][vc_column width=&#8221;1\/3&#8243;][vc_single_image image=&#8221;3254&#8243; img_size=&#8221;full&#8221; style=&#8221;vc_box_rounded&#8221; css=&#8221;.vc_custom_1739474510114{margin-top: 20px !important;}&#8221;][\/vc_column][vc_column width=&#8221;2\/3&#8243;][vc_column_text css=&#8221;&#8221;]<\/p>\n<h2><span style=\"color: #000000\">vandra<\/span><\/h2>\n<p>Utforska de vackra vandringslederna i omr\u00e5det \u2013 packa v\u00e4skan och ge er ut p\u00e5 en sk\u00f6n promenad!<\/p>\n<p>&nbsp;[\/vc_column_text][\/vc_column][\/vc_row][vc_row][vc_column][\/vc_column][\/vc_row]<\/p>\n<\/div>","protected":false},"excerpt":{"rendered":"<p>[vc_row css_animation=&#8221;fadeIn&#8221;][vc_column][vc_column_text css=&#8221;&#8221;] Vad kan man g\u00f6ra p\u00e5 St\u00e4ttareds 4H-g\u00e5rd?\u00a0 Uppt\u00e4ck allt roligt vi har att erbjuda! H\u00e4r hittar du hela v\u00e5rt utbud av roliga aktiviteter f\u00f6r stora och sm\u00e5. Vill du veta n\u00e4r g\u00e5rden \u00e4r \u00f6ppen och vad som h\u00e4nder just nu? Klicka p\u00e5 knappen h\u00e4r nedanf\u00f6r! &nbsp;[\/vc_column_text][vc_btn title=&#8221;\u00d6ppettider&#8221; style=&#8221;outline-custom&#8221; outline_custom_color=&#8221;#00693f&#8221; outline_custom_hover_background=&#8221;#00693f&#8221; outline_custom_hover_text=&#8221;#ffffff&#8221; align=&#8221;center&#8221;&nbsp; <a href=\"https:\/\/www.4h.se\/stattared\/attgora\/\">&hellip; Read more <i class=\"glyphicon glyphicon-arrow-right\"><\/i><\/a><\/p>\n","protected":false},"author":64,"featured_media":0,"parent":0,"menu_order":79,"comment_status":"closed","ping_status":"closed","template":"","meta":{"_acf_changed":false,"footnotes":""},"class_list":["post-3943","page","type-page","status-publish","hentry"],"acf":[],"yoast_head":"<!-- This site is optimized with the Yoast SEO plugin v27.5 - https:\/\/yoast.com\/product\/yoast-seo-wordpress\/ -->\n<title>Att g\u00f6ra - St\u00e4ttareds 4H-g\u00e5rd<\/title>\n<meta name=\"robots\" content=\"index, follow, max-snippet:-1, max-image-preview:large, max-video-preview:-1\" \/>\n<link rel=\"canonical\" href=\"https:\/\/www.4h.se\/stattared\/attgora\/\" \/>\n<meta property=\"og:locale\" content=\"sv_SE\" \/>\n<meta property=\"og:type\" content=\"article\" \/>\n<meta property=\"og:title\" content=\"Att g\u00f6ra - St\u00e4ttareds 4H-g\u00e5rd\" \/>\n<meta property=\"og:description\" content=\"[vc_row css_animation=&#8221;fadeIn&#8221;][vc_column][vc_column_text css=&#8221;&#8221;] Vad kan man g\u00f6ra p\u00e5 St\u00e4ttareds 4H-g\u00e5rd?\u00a0 Uppt\u00e4ck allt roligt vi har att erbjuda! H\u00e4r hittar du hela v\u00e5rt utbud av roliga aktiviteter f\u00f6r stora och sm\u00e5. Vill du veta n\u00e4r g\u00e5rden \u00e4r \u00f6ppen och vad som h\u00e4nder just nu? Klicka p\u00e5 knappen h\u00e4r nedanf\u00f6r! &nbsp;[\/vc_column_text][vc_btn title=&#8221;\u00d6ppettider&#8221; style=&#8221;outline-custom&#8221; outline_custom_color=&#8221;#00693f&#8221; outline_custom_hover_background=&#8221;#00693f&#8221; outline_custom_hover_text=&#8221;#ffffff&#8221; align=&#8221;center&#8221;&nbsp; &hellip; Read more\" \/>\n<meta property=\"og:url\" content=\"https:\/\/www.4h.se\/stattared\/attgora\/\" \/>\n<meta property=\"og:site_name\" content=\"St\u00e4ttareds 4H-g\u00e5rd\" \/>\n<meta property=\"article:modified_time\" content=\"2026-05-05T12:36:59+00:00\" \/>\n<meta name=\"twitter:card\" content=\"summary_large_image\" \/>\n<script type=\"application\/ld+json\" class=\"yoast-schema-graph\">{\"@context\":\"https:\\\/\\\/schema.org\",\"@graph\":[{\"@type\":\"WebPage\",\"@id\":\"https:\\\/\\\/www.4h.se\\\/stattared\\\/attgora\\\/\",\"url\":\"https:\\\/\\\/www.4h.se\\\/stattared\\\/attgora\\\/\",\"name\":\"Att g\u00f6ra - St\u00e4ttareds 4H-g\u00e5rd\",\"isPartOf\":{\"@id\":\"https:\\\/\\\/www.4h.se\\\/stattared\\\/#website\"},\"datePublished\":\"2025-02-12T20:47:34+00:00\",\"dateModified\":\"2026-05-05T12:36:59+00:00\",\"breadcrumb\":{\"@id\":\"https:\\\/\\\/www.4h.se\\\/stattared\\\/attgora\\\/#breadcrumb\"},\"inLanguage\":\"sv-SE\",\"potentialAction\":[{\"@type\":\"ReadAction\",\"target\":[\"https:\\\/\\\/www.4h.se\\\/stattared\\\/attgora\\\/\"]}]},{\"@type\":\"BreadcrumbList\",\"@id\":\"https:\\\/\\\/www.4h.se\\\/stattared\\\/attgora\\\/#breadcrumb\",\"itemListElement\":[{\"@type\":\"ListItem\",\"position\":1,\"name\":\"Hem\",\"item\":\"https:\\\/\\\/www.4h.se\\\/stattared\\\/\"},{\"@type\":\"ListItem\",\"position\":2,\"name\":\"Att g\u00f6ra\"}]},{\"@type\":\"WebSite\",\"@id\":\"https:\\\/\\\/www.4h.se\\\/stattared\\\/#website\",\"url\":\"https:\\\/\\\/www.4h.se\\\/stattared\\\/\",\"name\":\"St\u00e4ttareds 4H-g\u00e5rd\",\"description\":\"mer \u00e4n bara en g\u00e5rd\",\"potentialAction\":[{\"@type\":\"SearchAction\",\"target\":{\"@type\":\"EntryPoint\",\"urlTemplate\":\"https:\\\/\\\/www.4h.se\\\/stattared\\\/?s={search_term_string}\"},\"query-input\":{\"@type\":\"PropertyValueSpecification\",\"valueRequired\":true,\"valueName\":\"search_term_string\"}}],\"inLanguage\":\"sv-SE\"}]}<\/script>\n<!-- \/ Yoast SEO plugin. -->","yoast_head_json":{"title":"Att g\u00f6ra - St\u00e4ttareds 4H-g\u00e5rd","robots":{"index":"index","follow":"follow","max-snippet":"max-snippet:-1","max-image-preview":"max-image-preview:large","max-video-preview":"max-video-preview:-1"},"canonical":"https:\/\/www.4h.se\/stattared\/attgora\/","og_locale":"sv_SE","og_type":"article","og_title":"Att g\u00f6ra - St\u00e4ttareds 4H-g\u00e5rd","og_description":"[vc_row css_animation=&#8221;fadeIn&#8221;][vc_column][vc_column_text css=&#8221;&#8221;] Vad kan man g\u00f6ra p\u00e5 St\u00e4ttareds 4H-g\u00e5rd?\u00a0 Uppt\u00e4ck allt roligt vi har att erbjuda! H\u00e4r hittar du hela v\u00e5rt utbud av roliga aktiviteter f\u00f6r stora och sm\u00e5. Vill du veta n\u00e4r g\u00e5rden \u00e4r \u00f6ppen och vad som h\u00e4nder just nu? Klicka p\u00e5 knappen h\u00e4r nedanf\u00f6r! &nbsp;[\/vc_column_text][vc_btn title=&#8221;\u00d6ppettider&#8221; style=&#8221;outline-custom&#8221; outline_custom_color=&#8221;#00693f&#8221; outline_custom_hover_background=&#8221;#00693f&#8221; outline_custom_hover_text=&#8221;#ffffff&#8221; align=&#8221;center&#8221;&nbsp; &hellip; Read more","og_url":"https:\/\/www.4h.se\/stattared\/attgora\/","og_site_name":"St\u00e4ttareds 4H-g\u00e5rd","article_modified_time":"2026-05-05T12:36:59+00:00","twitter_card":"summary_large_image","schema":{"@context":"https:\/\/schema.org","@graph":[{"@type":"WebPage","@id":"https:\/\/www.4h.se\/stattared\/attgora\/","url":"https:\/\/www.4h.se\/stattared\/attgora\/","name":"Att g\u00f6ra - St\u00e4ttareds 4H-g\u00e5rd","isPartOf":{"@id":"https:\/\/www.4h.se\/stattared\/#website"},"datePublished":"2025-02-12T20:47:34+00:00","dateModified":"2026-05-05T12:36:59+00:00","breadcrumb":{"@id":"https:\/\/www.4h.se\/stattared\/attgora\/#breadcrumb"},"inLanguage":"sv-SE","potentialAction":[{"@type":"ReadAction","target":["https:\/\/www.4h.se\/stattared\/attgora\/"]}]},{"@type":"BreadcrumbList","@id":"https:\/\/www.4h.se\/stattared\/attgora\/#breadcrumb","itemListElement":[{"@type":"ListItem","position":1,"name":"Hem","item":"https:\/\/www.4h.se\/stattared\/"},{"@type":"ListItem","position":2,"name":"Att g\u00f6ra"}]},{"@type":"WebSite","@id":"https:\/\/www.4h.se\/stattared\/#website","url":"https:\/\/www.4h.se\/stattared\/","name":"St\u00e4ttareds 4H-g\u00e5rd","description":"mer \u00e4n bara en g\u00e5rd","potentialAction":[{"@type":"SearchAction","target":{"@type":"EntryPoint","urlTemplate":"https:\/\/www.4h.se\/stattared\/?s={search_term_string}"},"query-input":{"@type":"PropertyValueSpecification","valueRequired":true,"valueName":"search_term_string"}}],"inLanguage":"sv-SE"}]}},"_links":{"self":[{"href":"https:\/\/www.4h.se\/stattared\/wp-json\/wp\/v2\/pages\/3943","targetHints":{"allow":["GET"]}}],"collection":[{"href":"https:\/\/www.4h.se\/stattared\/wp-json\/wp\/v2\/pages"}],"about":[{"href":"https:\/\/www.4h.se\/stattared\/wp-json\/wp\/v2\/types\/page"}],"author":[{"embeddable":true,"href":"https:\/\/www.4h.se\/stattared\/wp-json\/wp\/v2\/users\/64"}],"replies":[{"embeddable":true,"href":"https:\/\/www.4h.se\/stattared\/wp-json\/wp\/v2\/comments?post=3943"}],"version-history":[{"count":0,"href":"https:\/\/www.4h.se\/stattared\/wp-json\/wp\/v2\/pages\/3943\/revisions"}],"wp:attachment":[{"href":"https:\/\/www.4h.se\/stattared\/wp-json\/wp\/v2\/media?parent=3943"}],"curies":[{"name":"wp","href":"https:\/\/api.w.org\/{rel}","templated":true}]}}