



{"id":3912,"date":"2025-01-26T10:20:31","date_gmt":"2025-01-26T09:20:31","guid":{"rendered":"https:\/\/www.4h.se\/stattared\/?page_id=3912"},"modified":"2026-03-24T14:56:04","modified_gmt":"2026-03-24T13:56:04","slug":"klubbverksamhet","status":"publish","type":"page","link":"https:\/\/www.4h.se\/stattared\/klubbverksamhet\/","title":{"rendered":"Klubbverksamhet"},"content":{"rendered":"<div class=\"wpb-content-wrapper\"><p>[vc_row full_width=&#8221;stretch_row&#8221; full_height=&#8221;yes&#8221;][vc_column width=&#8221;1\/2&#8243;][vc_column_text css=&#8221;&#8221;]<\/p>\n<h2><span style=\"color: #000000;\">H\u00e4lsogrupp<\/span><\/h2>\n<h3><span style=\"color: #000000;\"><strong>Start: 16 april<\/strong><\/span><\/h3>\n<p>Nu startar vi en ny kostnadsfri ungdomsgrupp f\u00f6r alla mellan 12 &#8211; 15 \u00e5r!<\/p>\n<p>I v\u00e5ra h\u00e4lsogrupper pratar vi om olika intressanta och relevanta teman som k\u00e4nslor, identitet och v\u00e4nskap.<\/p>\n<p>Vi peppar varandra, fikar, har aha-moments och myser med djuren. H\u00e4r finns inga tabubelagda \u00e4mnen och du \u00e4r v\u00e4lkommen som du \u00e4r.<\/p>\n<p><b>OBS!&nbsp;<\/b>Vi vill fr\u00e4mja h\u00e4lsan, det betyder att vi som ing\u00e5r i gruppen inte beh\u00f6ver k\u00e4nna oss sjuka utan vi jobbar gemensamt p\u00e5 att m\u00e5 \u00e4nnu b\u00e4ttre.<\/p>\n<p><strong>Datum:<\/strong> 16 april, 23 april, 30 maj, 7 maj,&nbsp; 21 maj, 28 maj &amp; 31 maj.<\/p>\n<p>Ansvarig ledare: Sanna H\u00f6gberg[\/vc_column_text][vc_btn title=&#8221;Anm\u00e4lan H\u00e4lsogrupp&#8221; style=&#8221;custom&#8221; custom_background=&#8221;#008b44&#8243; custom_text=&#8221;#ffffff&#8221; align=&#8221;left&#8221; css=&#8221;.vc_custom_1774360511865{margin-top: -20px !important;}&#8221; link=&#8221;url:https%3A%2F%2Fwww.antribe.com%2Forg%2F4h%2Fstattareds-4h%2Fevent%2Fhalsogrupp-8-1&#8243;][vc_separator color=&#8221;green&#8221; style=&#8221;shadow&#8221; css=&#8221;&#8221;][vc_column_text css=&#8221;&#8221;]<\/p>\n<h2><span style=\"color: #000000\">L\u00e4ger<\/span><\/h2>\n<p>Ett l\u00e4ger \u00e4r en fantastisk upplevelse som bjuder p\u00e5 \u00e4ventyr, gemenskap<br \/>\noch en chans att skapa minnen som varar livet ut.<\/p>\n<p>H\u00e4r f\u00e5r deltagarna kliva ut ur vardagen och in i en v\u00e4rld full av roliga aktiviteter,<br \/>\nny kunskap och h\u00e4rliga upplevelser tillsammans med nya och gamla v\u00e4nner.[\/vc_column_text][vc_btn title=&#8221;L\u00e4s mer om v\u00e5ra l\u00e4ger h\u00e4r!&#8221; style=&#8221;custom&#8221; custom_background=&#8221;#008b44&#8243; custom_text=&#8221;#ffffff&#8221; align=&#8221;left&#8221; css=&#8221;.vc_custom_1737884533583{margin-top: -20px !important;}&#8221; link=&#8221;url:https%3A%2F%2Fwww.4h.se%2Fstattared%2Flager%2F|title:Sportlovs%C3%B6ppet&#8221;][vc_separator color=&#8221;green&#8221; style=&#8221;shadow&#8221; css=&#8221;&#8221;][vc_column_text css=&#8221;&#8221;]<\/p>\n<h2><span style=\"color: #000000\">Kurser<\/span><\/h2>\n<p>V\u00e5ra kurser ger ett b\u00e5de roligt och l\u00e4rorikt s\u00e4tt att uppt\u00e4cka mer om djurens sk\u00f6tsel. H\u00e4r l\u00e4r vi oss genom att g\u00f6ra, precis som 4H:s motto s\u00e4ger[\/vc_column_text][vc_btn title=&#8221;L\u00e4s mer om v\u00e5ra kurser h\u00e4r!&#8221; style=&#8221;custom&#8221; custom_background=&#8221;#008b44&#8243; custom_text=&#8221;#ffffff&#8221; align=&#8221;left&#8221; css=&#8221;.vc_custom_1737884564985{margin-top: -20px !important;}&#8221; link=&#8221;url:https%3A%2F%2Fwww.4h.se%2Fstattared%2Fkurser%2F|title:Sportlovs%C3%B6ppet&#8221;][vc_separator color=&#8221;green&#8221; style=&#8221;shadow&#8221; css=&#8221;&#8221;][vc_column_text css=&#8221;&#8221;]<\/p>\n<h2><span style=\"color: #000000\">Klubbkl\u00e4der<\/span><\/h2>\n<p>St\u00f6d klubben genom att k\u00f6pa snygga klubbkl\u00e4der \u2013 perfekta att b\u00e4ra n\u00e4r du h\u00e4nger p\u00e5 g\u00e5rden![\/vc_column_text][vc_btn title=&#8221;Best\u00e4ll dina kl\u00e4der h\u00e4r!&#8221; style=&#8221;custom&#8221; custom_background=&#8221;#008b44&#8243; custom_text=&#8221;#ffffff&#8221; align=&#8221;left&#8221; css=&#8221;.vc_custom_1742499031111{margin-top: -20px !important;}&#8221; link=&#8221;url:https%3A%2F%2Fwww.netshirt.se%2Fforeningsklader%2Fstattareds-4h-gard|title:Sportlovs%C3%B6ppet|target:_blank&#8221;][vc_separator color=&#8221;green&#8221; style=&#8221;shadow&#8221; css=&#8221;&#8221;][vc_column_text css=&#8221;&#8221;]<\/p>\n<h2><span style=\"color: #000000\">Bli medlem<\/span><\/h2>\n<p>Som medlem i 4H \u00e4r du v\u00e4lkommen att delta p\u00e5 g\u00e5rdens kurser och medlemstr\u00e4ffar. Dessutom kan du delta p\u00e5 roliga aktiviteter som Hallands 4H och Svergies 4H anordnar<\/p>\n<p><strong>F\u00f6r unga tom 26 \u00e5r<\/strong>: 370 kr\/\u00e5r<\/p>\n<p><strong>Fr\u00e5n 26 \u00e5r:<\/strong> 500 kr\/\u00e5r<\/p>\n<p>&nbsp;[\/vc_column_text][vc_btn title=&#8221;Bli medlem redan idag!&#8221; style=&#8221;custom&#8221; custom_background=&#8221;#008b44&#8243; custom_text=&#8221;#ffffff&#8221; align=&#8221;left&#8221; css=&#8221;.vc_custom_1737885060445{margin-top: -40px !important;}&#8221; link=&#8221;url:https%3A%2F%2Fwww.antribe.com%2Forg%2F4h%2Fstattareds-4h|title:Sportlovs%C3%B6ppet&#8221;][\/vc_column][vc_column width=&#8221;1\/2&#8243; css=&#8221;.vc_custom_1737884624086{background-image: url(https:\/\/www.4h.se\/stattared\/wp-content\/uploads\/sites\/77\/2023\/02\/Camp_Summer_2022_002-scaled.jpg?id=3524) !important;background-position: center !important;background-repeat: no-repeat !important;background-size: cover !important;}&#8221;][\/vc_column][\/vc_row][vc_row][vc_column][vc_column_text css=&#8221;&#8221;]<span style=\"color: #ffffff\">I am text block. Click edit button to change this text. Lorem ipsum dolor sit amet, consectetur adipiscing elit. Ut elit tellus, luctus nec ullamcorper mattis, pulvinar dapibus leo.<\/span>[\/vc_column_text][\/vc_column][\/vc_row][vc_row][vc_column][\/vc_column][\/vc_row]<\/p>\n<\/div>","protected":false},"excerpt":{"rendered":"<p>[vc_row full_width=&#8221;stretch_row&#8221; full_height=&#8221;yes&#8221;][vc_column width=&#8221;1\/2&#8243;][vc_column_text css=&#8221;&#8221;] H\u00e4lsogrupp Start: 16 april Nu startar vi en ny kostnadsfri ungdomsgrupp f\u00f6r alla mellan 12 &#8211; 15 \u00e5r! I v\u00e5ra h\u00e4lsogrupper pratar vi om olika intressanta och relevanta teman som k\u00e4nslor, identitet och v\u00e4nskap. Vi peppar varandra, fikar, har aha-moments och myser med djuren. H\u00e4r finns inga tabubelagda \u00e4mnen och&nbsp; <a href=\"https:\/\/www.4h.se\/stattared\/klubbverksamhet\/\">&hellip; Read more <i class=\"glyphicon glyphicon-arrow-right\"><\/i><\/a><\/p>\n","protected":false},"author":64,"featured_media":0,"parent":0,"menu_order":56,"comment_status":"closed","ping_status":"closed","template":"","meta":{"_acf_changed":false,"footnotes":""},"class_list":["post-3912","page","type-page","status-publish","hentry"],"acf":[],"yoast_head":"<!-- This site is optimized with the Yoast SEO plugin v27.5 - https:\/\/yoast.com\/product\/yoast-seo-wordpress\/ -->\n<title>Klubbverksamhet - St\u00e4ttareds 4H-g\u00e5rd<\/title>\n<meta name=\"robots\" content=\"index, follow, max-snippet:-1, max-image-preview:large, max-video-preview:-1\" \/>\n<link rel=\"canonical\" href=\"https:\/\/www.4h.se\/stattared\/klubbverksamhet\/\" \/>\n<meta property=\"og:locale\" content=\"sv_SE\" \/>\n<meta property=\"og:type\" content=\"article\" \/>\n<meta property=\"og:title\" content=\"Klubbverksamhet - St\u00e4ttareds 4H-g\u00e5rd\" \/>\n<meta property=\"og:description\" content=\"[vc_row full_width=&#8221;stretch_row&#8221; full_height=&#8221;yes&#8221;][vc_column width=&#8221;1\/2&#8243;][vc_column_text css=&#8221;&#8221;] H\u00e4lsogrupp Start: 16 april Nu startar vi en ny kostnadsfri ungdomsgrupp f\u00f6r alla mellan 12 &#8211; 15 \u00e5r! I v\u00e5ra h\u00e4lsogrupper pratar vi om olika intressanta och relevanta teman som k\u00e4nslor, identitet och v\u00e4nskap. Vi peppar varandra, fikar, har aha-moments och myser med djuren. H\u00e4r finns inga tabubelagda \u00e4mnen och&nbsp; &hellip; Read more\" \/>\n<meta property=\"og:url\" content=\"https:\/\/www.4h.se\/stattared\/klubbverksamhet\/\" \/>\n<meta property=\"og:site_name\" content=\"St\u00e4ttareds 4H-g\u00e5rd\" \/>\n<meta property=\"article:modified_time\" content=\"2026-03-24T13:56:04+00:00\" \/>\n<meta name=\"twitter:card\" content=\"summary_large_image\" \/>\n<script type=\"application\/ld+json\" class=\"yoast-schema-graph\">{\"@context\":\"https:\\\/\\\/schema.org\",\"@graph\":[{\"@type\":\"WebPage\",\"@id\":\"https:\\\/\\\/www.4h.se\\\/stattared\\\/klubbverksamhet\\\/\",\"url\":\"https:\\\/\\\/www.4h.se\\\/stattared\\\/klubbverksamhet\\\/\",\"name\":\"Klubbverksamhet - St\u00e4ttareds 4H-g\u00e5rd\",\"isPartOf\":{\"@id\":\"https:\\\/\\\/www.4h.se\\\/stattared\\\/#website\"},\"datePublished\":\"2025-01-26T09:20:31+00:00\",\"dateModified\":\"2026-03-24T13:56:04+00:00\",\"breadcrumb\":{\"@id\":\"https:\\\/\\\/www.4h.se\\\/stattared\\\/klubbverksamhet\\\/#breadcrumb\"},\"inLanguage\":\"sv-SE\",\"potentialAction\":[{\"@type\":\"ReadAction\",\"target\":[\"https:\\\/\\\/www.4h.se\\\/stattared\\\/klubbverksamhet\\\/\"]}]},{\"@type\":\"BreadcrumbList\",\"@id\":\"https:\\\/\\\/www.4h.se\\\/stattared\\\/klubbverksamhet\\\/#breadcrumb\",\"itemListElement\":[{\"@type\":\"ListItem\",\"position\":1,\"name\":\"Hem\",\"item\":\"https:\\\/\\\/www.4h.se\\\/stattared\\\/\"},{\"@type\":\"ListItem\",\"position\":2,\"name\":\"Klubbverksamhet\"}]},{\"@type\":\"WebSite\",\"@id\":\"https:\\\/\\\/www.4h.se\\\/stattared\\\/#website\",\"url\":\"https:\\\/\\\/www.4h.se\\\/stattared\\\/\",\"name\":\"St\u00e4ttareds 4H-g\u00e5rd\",\"description\":\"mer \u00e4n bara en g\u00e5rd\",\"potentialAction\":[{\"@type\":\"SearchAction\",\"target\":{\"@type\":\"EntryPoint\",\"urlTemplate\":\"https:\\\/\\\/www.4h.se\\\/stattared\\\/?s={search_term_string}\"},\"query-input\":{\"@type\":\"PropertyValueSpecification\",\"valueRequired\":true,\"valueName\":\"search_term_string\"}}],\"inLanguage\":\"sv-SE\"}]}<\/script>\n<!-- \/ Yoast SEO plugin. -->","yoast_head_json":{"title":"Klubbverksamhet - St\u00e4ttareds 4H-g\u00e5rd","robots":{"index":"index","follow":"follow","max-snippet":"max-snippet:-1","max-image-preview":"max-image-preview:large","max-video-preview":"max-video-preview:-1"},"canonical":"https:\/\/www.4h.se\/stattared\/klubbverksamhet\/","og_locale":"sv_SE","og_type":"article","og_title":"Klubbverksamhet - St\u00e4ttareds 4H-g\u00e5rd","og_description":"[vc_row full_width=&#8221;stretch_row&#8221; full_height=&#8221;yes&#8221;][vc_column width=&#8221;1\/2&#8243;][vc_column_text css=&#8221;&#8221;] H\u00e4lsogrupp Start: 16 april Nu startar vi en ny kostnadsfri ungdomsgrupp f\u00f6r alla mellan 12 &#8211; 15 \u00e5r! I v\u00e5ra h\u00e4lsogrupper pratar vi om olika intressanta och relevanta teman som k\u00e4nslor, identitet och v\u00e4nskap. Vi peppar varandra, fikar, har aha-moments och myser med djuren. H\u00e4r finns inga tabubelagda \u00e4mnen och&nbsp; &hellip; Read more","og_url":"https:\/\/www.4h.se\/stattared\/klubbverksamhet\/","og_site_name":"St\u00e4ttareds 4H-g\u00e5rd","article_modified_time":"2026-03-24T13:56:04+00:00","twitter_card":"summary_large_image","schema":{"@context":"https:\/\/schema.org","@graph":[{"@type":"WebPage","@id":"https:\/\/www.4h.se\/stattared\/klubbverksamhet\/","url":"https:\/\/www.4h.se\/stattared\/klubbverksamhet\/","name":"Klubbverksamhet - St\u00e4ttareds 4H-g\u00e5rd","isPartOf":{"@id":"https:\/\/www.4h.se\/stattared\/#website"},"datePublished":"2025-01-26T09:20:31+00:00","dateModified":"2026-03-24T13:56:04+00:00","breadcrumb":{"@id":"https:\/\/www.4h.se\/stattared\/klubbverksamhet\/#breadcrumb"},"inLanguage":"sv-SE","potentialAction":[{"@type":"ReadAction","target":["https:\/\/www.4h.se\/stattared\/klubbverksamhet\/"]}]},{"@type":"BreadcrumbList","@id":"https:\/\/www.4h.se\/stattared\/klubbverksamhet\/#breadcrumb","itemListElement":[{"@type":"ListItem","position":1,"name":"Hem","item":"https:\/\/www.4h.se\/stattared\/"},{"@type":"ListItem","position":2,"name":"Klubbverksamhet"}]},{"@type":"WebSite","@id":"https:\/\/www.4h.se\/stattared\/#website","url":"https:\/\/www.4h.se\/stattared\/","name":"St\u00e4ttareds 4H-g\u00e5rd","description":"mer \u00e4n bara en g\u00e5rd","potentialAction":[{"@type":"SearchAction","target":{"@type":"EntryPoint","urlTemplate":"https:\/\/www.4h.se\/stattared\/?s={search_term_string}"},"query-input":{"@type":"PropertyValueSpecification","valueRequired":true,"valueName":"search_term_string"}}],"inLanguage":"sv-SE"}]}},"_links":{"self":[{"href":"https:\/\/www.4h.se\/stattared\/wp-json\/wp\/v2\/pages\/3912","targetHints":{"allow":["GET"]}}],"collection":[{"href":"https:\/\/www.4h.se\/stattared\/wp-json\/wp\/v2\/pages"}],"about":[{"href":"https:\/\/www.4h.se\/stattared\/wp-json\/wp\/v2\/types\/page"}],"author":[{"embeddable":true,"href":"https:\/\/www.4h.se\/stattared\/wp-json\/wp\/v2\/users\/64"}],"replies":[{"embeddable":true,"href":"https:\/\/www.4h.se\/stattared\/wp-json\/wp\/v2\/comments?post=3912"}],"version-history":[{"count":0,"href":"https:\/\/www.4h.se\/stattared\/wp-json\/wp\/v2\/pages\/3912\/revisions"}],"wp:attachment":[{"href":"https:\/\/www.4h.se\/stattared\/wp-json\/wp\/v2\/media?parent=3912"}],"curies":[{"name":"wp","href":"https:\/\/api.w.org\/{rel}","templated":true}]}}