



{"id":3909,"date":"2025-01-26T09:50:24","date_gmt":"2025-01-26T08:50:24","guid":{"rendered":"https:\/\/www.4h.se\/stattared\/?page_id=3909"},"modified":"2026-05-05T14:35:07","modified_gmt":"2026-05-05T12:35:07","slug":"oppettider","status":"publish","type":"page","link":"https:\/\/www.4h.se\/stattared\/oppettider\/","title":{"rendered":"\u00d6ppettider"},"content":{"rendered":"<div class=\"wpb-content-wrapper\"><p>[vc_row css=&#8221;.vc_custom_1737882735271{margin-top: -80px !important;}&#8221;][vc_column][vc_single_image image=&#8221;3911&#8243; img_size=&#8221;full&#8221; css=&#8221;&#8221;][\/vc_column][\/vc_row][vc_row full_width=&#8221;stretch_row&#8221; full_height=&#8221;yes&#8221; css=&#8221;.vc_custom_1737882683342{margin-top: -60px !important;}&#8221;][vc_column width=&#8221;1\/2&#8243;][vc_column_text css=&#8221;&#8221;]<\/p>\n<h2><span style=\"color: #000000\">G\u00e5rden \u00e4r alltid \u00f6ppen f\u00f6r bes\u00f6k<\/span><\/h2>\n<p><span style=\"color: #000000\">G\u00e5rden \u00e4r \u00f6ppen alla dagar om \u00e5ret och du \u00e4r alltid v\u00e4lkommen att njuta av omgivningarna och h\u00e4lsa p\u00e5 djuren \u00e4ven n\u00e4r g\u00e5rden \u00e4r obemannad.<\/span><\/p>\n<p><span style=\"color: #000000\">Stallet \u00e4r st\u00e4ngt fr\u00e5n kl 16. Det flesta djur g\u00e5r ute \u00e5ret runt och du hittar en karta p\u00e5 stall v\u00e4gen f\u00f6r att se vart.<\/span><\/p>\n<p>Om vi erbjuder ponnyridning s\u00e5 ser du det h\u00e4r.[\/vc_column_text][vc_column_text css=&#8221;&#8221;]<\/p>\n<h2><span style=\"color: #000000;\">G\u00e5rdscaf\u00e9<\/span><\/h2>\n<h4><span style=\"color: #000000;\">\u00d6PPET p\u00e5 helger KL 10-15&nbsp;<\/span><\/h4>\n<p>[\/vc_column_text][vc_column_text css=&#8221;&#8221;]<\/p>\n<h2><span style=\"color: #000000;\">Kristi Himmelf\u00e4rdshelgen<\/span><\/h2>\n<h4><span style=\"color: #000000;\">14-17 maj<\/span><\/h4>\n<p><span style=\"color: #000000;\">Vi har extra \u00f6ppet och bjuder p\u00e5 roliga aktiviteter&nbsp;<img decoding=\"async\" class=\"emoji\" role=\"img\" draggable=\"false\" src=\"https:\/\/s.w.org\/images\/core\/emoji\/17.0.2\/svg\/1f340.svg\" alt=\"\ud83c\udf40\"><\/span><br \/>\n<span style=\"color: #000000;\">Den 14 maj har vi \u00e4ven en bakluckeloppis!<\/span>[\/vc_column_text][vc_btn title=&#8221;L\u00e4s mer om helgen &#038; boka plats till loppisen&#8221; style=&#8221;outline-custom&#8221; outline_custom_color=&#8221;#00693F&#8221; outline_custom_hover_background=&#8221;#00693F&#8221; css=&#8221;.vc_custom_1777984355912{margin-top: -10px !important;}&#8221; link=&#8221;url:https%3A%2F%2Fwww.4h.se%2Fstattared%2Fkristihimmelfards-2%2F|title:Kristi%20Himmelf%C3%A4rdshelgen&#8221;][vc_column_text css=&#8221;&#8221;]<\/p>\n<h2><span style=\"color: #000000;\">Sagovandring<\/span><\/h2>\n<h4><span style=\"color: #000000;\">7 juni<\/span><\/h4>\n<p>Ett nytt arrangemang d\u00e4r vi bjuder in er till en resa bland sagorna!<img decoding=\"async\" class=\"emoji\" role=\"img\" draggable=\"false\" src=\"https:\/\/s.w.org\/images\/core\/emoji\/17.0.2\/svg\/1f338.svg\" alt=\"\ud83c\udf38\">[\/vc_column_text][vc_btn title=&#8221;L\u00e4s mer!&#8221; style=&#8221;outline-custom&#8221; outline_custom_color=&#8221;#00693F&#8221; outline_custom_hover_background=&#8221;#00693F&#8221; css=&#8221;.vc_custom_1777984398463{margin-top: -10px !important;}&#8221; link=&#8221;url:https%3A%2F%2Fwww.4h.se%2Fstattared%2Fsagovandring-2%2F|title:Kristi%20Himmelf%C3%A4rdshelgen&#8221;][vc_column_text css=&#8221;&#8221;]<\/p>\n<h2><span style=\"color: #000000;\">Getyoga<\/span><\/h2>\n<p><strong><span style=\"color: #000000;\">Startar 31 maj! <\/span><\/strong><\/p>\n<p>Nu \u00e4ntligen platserna f\u00f6r sommarens getyoga sl\u00e4ppta!<\/p>\n<p>G\u00e5 in och boka din tid redan idag.<\/p>\n<p>Fler tider kan komma att sl\u00e4ppas l\u00f6pande.[\/vc_column_text][vc_btn title=&#8221;L\u00e4s mer och boka plats!&#8221; style=&#8221;outline-custom&#8221; outline_custom_color=&#8221;#00693F&#8221; outline_custom_hover_background=&#8221;#00693F&#8221; css=&#8221;.vc_custom_1777984505481{margin-top: -10px !important;}&#8221; link=&#8221;url:https%3A%2F%2Fwww.4h.se%2Fstattared%2Fgetyoga%2F|title:Kristi%20Himmelf%C3%A4rdshelgen&#8221;][\/vc_column][vc_column width=&#8221;1\/2&#8243; css=&#8221;.vc_custom_1737882350347{background-image: url(https:\/\/www.4h.se\/stattared\/wp-content\/uploads\/sites\/77\/2025\/01\/FarmYard_Summer_2018_001_Cut-scaled.jpg?id=3910) !important;background-position: center !important;background-repeat: no-repeat !important;background-size: cover !important;}&#8221;][\/vc_column][\/vc_row][vc_row][vc_column][\/vc_column][\/vc_row]<\/p>\n<\/div>","protected":false},"excerpt":{"rendered":"<p>[vc_row css=&#8221;.vc_custom_1737882735271{margin-top: -80px !important;}&#8221;][vc_column][vc_single_image image=&#8221;3911&#8243; img_size=&#8221;full&#8221; css=&#8221;&#8221;][\/vc_column][\/vc_row][vc_row full_width=&#8221;stretch_row&#8221; full_height=&#8221;yes&#8221; css=&#8221;.vc_custom_1737882683342{margin-top: -60px !important;}&#8221;][vc_column width=&#8221;1\/2&#8243;][vc_column_text css=&#8221;&#8221;] G\u00e5rden \u00e4r alltid \u00f6ppen f\u00f6r bes\u00f6k G\u00e5rden \u00e4r \u00f6ppen alla dagar om \u00e5ret och du \u00e4r alltid v\u00e4lkommen att njuta av omgivningarna och h\u00e4lsa p\u00e5 djuren \u00e4ven n\u00e4r g\u00e5rden \u00e4r obemannad. Stallet \u00e4r st\u00e4ngt fr\u00e5n kl 16. Det flesta djur g\u00e5r&nbsp; <a href=\"https:\/\/www.4h.se\/stattared\/oppettider\/\">&hellip; Read more <i class=\"glyphicon glyphicon-arrow-right\"><\/i><\/a><\/p>\n","protected":false},"author":64,"featured_media":0,"parent":0,"menu_order":61,"comment_status":"closed","ping_status":"closed","template":"","meta":{"_acf_changed":false,"footnotes":""},"class_list":["post-3909","page","type-page","status-publish","hentry"],"acf":[],"yoast_head":"<!-- This site is optimized with the Yoast SEO plugin v27.5 - https:\/\/yoast.com\/product\/yoast-seo-wordpress\/ -->\n<title>\u00d6ppettider - St\u00e4ttareds 4H-g\u00e5rd<\/title>\n<meta name=\"robots\" content=\"index, follow, max-snippet:-1, max-image-preview:large, max-video-preview:-1\" \/>\n<link rel=\"canonical\" href=\"https:\/\/www.4h.se\/stattared\/oppettider\/\" \/>\n<meta property=\"og:locale\" content=\"sv_SE\" \/>\n<meta property=\"og:type\" content=\"article\" \/>\n<meta property=\"og:title\" content=\"\u00d6ppettider - St\u00e4ttareds 4H-g\u00e5rd\" \/>\n<meta property=\"og:description\" content=\"[vc_row css=&#8221;.vc_custom_1737882735271{margin-top: -80px !important;}&#8221;][vc_column][vc_single_image image=&#8221;3911&#8243; img_size=&#8221;full&#8221; css=&#8221;&#8221;][\/vc_column][\/vc_row][vc_row full_width=&#8221;stretch_row&#8221; full_height=&#8221;yes&#8221; css=&#8221;.vc_custom_1737882683342{margin-top: -60px !important;}&#8221;][vc_column width=&#8221;1\/2&#8243;][vc_column_text css=&#8221;&#8221;] G\u00e5rden \u00e4r alltid \u00f6ppen f\u00f6r bes\u00f6k G\u00e5rden \u00e4r \u00f6ppen alla dagar om \u00e5ret och du \u00e4r alltid v\u00e4lkommen att njuta av omgivningarna och h\u00e4lsa p\u00e5 djuren \u00e4ven n\u00e4r g\u00e5rden \u00e4r obemannad. Stallet \u00e4r st\u00e4ngt fr\u00e5n kl 16. Det flesta djur g\u00e5r&nbsp; &hellip; Read more\" \/>\n<meta property=\"og:url\" content=\"https:\/\/www.4h.se\/stattared\/oppettider\/\" \/>\n<meta property=\"og:site_name\" content=\"St\u00e4ttareds 4H-g\u00e5rd\" \/>\n<meta property=\"article:modified_time\" content=\"2026-05-05T12:35:07+00:00\" \/>\n<meta property=\"og:image\" content=\"https:\/\/s.w.org\/images\/core\/emoji\/17.0.2\/svg\/1f340.svg\" \/>\n<meta name=\"twitter:card\" content=\"summary_large_image\" \/>\n<script type=\"application\/ld+json\" class=\"yoast-schema-graph\">{\"@context\":\"https:\\\/\\\/schema.org\",\"@graph\":[{\"@type\":\"WebPage\",\"@id\":\"https:\\\/\\\/www.4h.se\\\/stattared\\\/oppettider\\\/\",\"url\":\"https:\\\/\\\/www.4h.se\\\/stattared\\\/oppettider\\\/\",\"name\":\"\u00d6ppettider - St\u00e4ttareds 4H-g\u00e5rd\",\"isPartOf\":{\"@id\":\"https:\\\/\\\/www.4h.se\\\/stattared\\\/#website\"},\"primaryImageOfPage\":{\"@id\":\"https:\\\/\\\/www.4h.se\\\/stattared\\\/oppettider\\\/#primaryimage\"},\"image\":{\"@id\":\"https:\\\/\\\/www.4h.se\\\/stattared\\\/oppettider\\\/#primaryimage\"},\"thumbnailUrl\":\"https:\\\/\\\/s.w.org\\\/images\\\/core\\\/emoji\\\/17.0.2\\\/svg\\\/1f340.svg\",\"datePublished\":\"2025-01-26T08:50:24+00:00\",\"dateModified\":\"2026-05-05T12:35:07+00:00\",\"breadcrumb\":{\"@id\":\"https:\\\/\\\/www.4h.se\\\/stattared\\\/oppettider\\\/#breadcrumb\"},\"inLanguage\":\"sv-SE\",\"potentialAction\":[{\"@type\":\"ReadAction\",\"target\":[\"https:\\\/\\\/www.4h.se\\\/stattared\\\/oppettider\\\/\"]}]},{\"@type\":\"ImageObject\",\"inLanguage\":\"sv-SE\",\"@id\":\"https:\\\/\\\/www.4h.se\\\/stattared\\\/oppettider\\\/#primaryimage\",\"url\":\"https:\\\/\\\/s.w.org\\\/images\\\/core\\\/emoji\\\/17.0.2\\\/svg\\\/1f340.svg\",\"contentUrl\":\"https:\\\/\\\/s.w.org\\\/images\\\/core\\\/emoji\\\/17.0.2\\\/svg\\\/1f340.svg\"},{\"@type\":\"BreadcrumbList\",\"@id\":\"https:\\\/\\\/www.4h.se\\\/stattared\\\/oppettider\\\/#breadcrumb\",\"itemListElement\":[{\"@type\":\"ListItem\",\"position\":1,\"name\":\"Hem\",\"item\":\"https:\\\/\\\/www.4h.se\\\/stattared\\\/\"},{\"@type\":\"ListItem\",\"position\":2,\"name\":\"\u00d6ppettider\"}]},{\"@type\":\"WebSite\",\"@id\":\"https:\\\/\\\/www.4h.se\\\/stattared\\\/#website\",\"url\":\"https:\\\/\\\/www.4h.se\\\/stattared\\\/\",\"name\":\"St\u00e4ttareds 4H-g\u00e5rd\",\"description\":\"mer \u00e4n bara en g\u00e5rd\",\"potentialAction\":[{\"@type\":\"SearchAction\",\"target\":{\"@type\":\"EntryPoint\",\"urlTemplate\":\"https:\\\/\\\/www.4h.se\\\/stattared\\\/?s={search_term_string}\"},\"query-input\":{\"@type\":\"PropertyValueSpecification\",\"valueRequired\":true,\"valueName\":\"search_term_string\"}}],\"inLanguage\":\"sv-SE\"}]}<\/script>\n<!-- \/ Yoast SEO plugin. -->","yoast_head_json":{"title":"\u00d6ppettider - St\u00e4ttareds 4H-g\u00e5rd","robots":{"index":"index","follow":"follow","max-snippet":"max-snippet:-1","max-image-preview":"max-image-preview:large","max-video-preview":"max-video-preview:-1"},"canonical":"https:\/\/www.4h.se\/stattared\/oppettider\/","og_locale":"sv_SE","og_type":"article","og_title":"\u00d6ppettider - St\u00e4ttareds 4H-g\u00e5rd","og_description":"[vc_row css=&#8221;.vc_custom_1737882735271{margin-top: -80px !important;}&#8221;][vc_column][vc_single_image image=&#8221;3911&#8243; img_size=&#8221;full&#8221; css=&#8221;&#8221;][\/vc_column][\/vc_row][vc_row full_width=&#8221;stretch_row&#8221; full_height=&#8221;yes&#8221; css=&#8221;.vc_custom_1737882683342{margin-top: -60px !important;}&#8221;][vc_column width=&#8221;1\/2&#8243;][vc_column_text css=&#8221;&#8221;] G\u00e5rden \u00e4r alltid \u00f6ppen f\u00f6r bes\u00f6k G\u00e5rden \u00e4r \u00f6ppen alla dagar om \u00e5ret och du \u00e4r alltid v\u00e4lkommen att njuta av omgivningarna och h\u00e4lsa p\u00e5 djuren \u00e4ven n\u00e4r g\u00e5rden \u00e4r obemannad. Stallet \u00e4r st\u00e4ngt fr\u00e5n kl 16. Det flesta djur g\u00e5r&nbsp; &hellip; Read more","og_url":"https:\/\/www.4h.se\/stattared\/oppettider\/","og_site_name":"St\u00e4ttareds 4H-g\u00e5rd","article_modified_time":"2026-05-05T12:35:07+00:00","og_image":[{"url":"https:\/\/s.w.org\/images\/core\/emoji\/17.0.2\/svg\/1f340.svg","type":"","width":"","height":""}],"twitter_card":"summary_large_image","schema":{"@context":"https:\/\/schema.org","@graph":[{"@type":"WebPage","@id":"https:\/\/www.4h.se\/stattared\/oppettider\/","url":"https:\/\/www.4h.se\/stattared\/oppettider\/","name":"\u00d6ppettider - St\u00e4ttareds 4H-g\u00e5rd","isPartOf":{"@id":"https:\/\/www.4h.se\/stattared\/#website"},"primaryImageOfPage":{"@id":"https:\/\/www.4h.se\/stattared\/oppettider\/#primaryimage"},"image":{"@id":"https:\/\/www.4h.se\/stattared\/oppettider\/#primaryimage"},"thumbnailUrl":"https:\/\/s.w.org\/images\/core\/emoji\/17.0.2\/svg\/1f340.svg","datePublished":"2025-01-26T08:50:24+00:00","dateModified":"2026-05-05T12:35:07+00:00","breadcrumb":{"@id":"https:\/\/www.4h.se\/stattared\/oppettider\/#breadcrumb"},"inLanguage":"sv-SE","potentialAction":[{"@type":"ReadAction","target":["https:\/\/www.4h.se\/stattared\/oppettider\/"]}]},{"@type":"ImageObject","inLanguage":"sv-SE","@id":"https:\/\/www.4h.se\/stattared\/oppettider\/#primaryimage","url":"https:\/\/s.w.org\/images\/core\/emoji\/17.0.2\/svg\/1f340.svg","contentUrl":"https:\/\/s.w.org\/images\/core\/emoji\/17.0.2\/svg\/1f340.svg"},{"@type":"BreadcrumbList","@id":"https:\/\/www.4h.se\/stattared\/oppettider\/#breadcrumb","itemListElement":[{"@type":"ListItem","position":1,"name":"Hem","item":"https:\/\/www.4h.se\/stattared\/"},{"@type":"ListItem","position":2,"name":"\u00d6ppettider"}]},{"@type":"WebSite","@id":"https:\/\/www.4h.se\/stattared\/#website","url":"https:\/\/www.4h.se\/stattared\/","name":"St\u00e4ttareds 4H-g\u00e5rd","description":"mer \u00e4n bara en g\u00e5rd","potentialAction":[{"@type":"SearchAction","target":{"@type":"EntryPoint","urlTemplate":"https:\/\/www.4h.se\/stattared\/?s={search_term_string}"},"query-input":{"@type":"PropertyValueSpecification","valueRequired":true,"valueName":"search_term_string"}}],"inLanguage":"sv-SE"}]}},"_links":{"self":[{"href":"https:\/\/www.4h.se\/stattared\/wp-json\/wp\/v2\/pages\/3909","targetHints":{"allow":["GET"]}}],"collection":[{"href":"https:\/\/www.4h.se\/stattared\/wp-json\/wp\/v2\/pages"}],"about":[{"href":"https:\/\/www.4h.se\/stattared\/wp-json\/wp\/v2\/types\/page"}],"author":[{"embeddable":true,"href":"https:\/\/www.4h.se\/stattared\/wp-json\/wp\/v2\/users\/64"}],"replies":[{"embeddable":true,"href":"https:\/\/www.4h.se\/stattared\/wp-json\/wp\/v2\/comments?post=3909"}],"version-history":[{"count":0,"href":"https:\/\/www.4h.se\/stattared\/wp-json\/wp\/v2\/pages\/3909\/revisions"}],"wp:attachment":[{"href":"https:\/\/www.4h.se\/stattared\/wp-json\/wp\/v2\/media?parent=3909"}],"curies":[{"name":"wp","href":"https:\/\/api.w.org\/{rel}","templated":true}]}}