



{"id":3865,"date":"2025-01-22T11:16:56","date_gmt":"2025-01-22T10:16:56","guid":{"rendered":"https:\/\/www.4h.se\/stattared\/?page_id=3865"},"modified":"2026-01-30T15:33:21","modified_gmt":"2026-01-30T14:33:21","slug":"boende","status":"publish","type":"page","link":"https:\/\/www.4h.se\/stattared\/boende\/","title":{"rendered":"Boende"},"content":{"rendered":"<div class=\"wpb-content-wrapper\"><p>[vc_row][vc_column][vc_column_text css=&#8221;&#8221;]<\/p>\n<h1 style=\"text-align: left\"><span style=\"color: #000000\">Boende<\/span><\/h1>\n<p style=\"text-align: left\"><span style=\"color: #000000\">F\u00f6rl\u00e4ng din vistelse och upplev \u00e4nnu mer av den naturn\u00e4ra avkopplingen! Boka ditt boende hos oss och vakna upp till f\u00e5gelkvitter, frisk luft och n\u00e4rhet till djur och natur. H\u00e4r kan du njuta av rogivande promenader i skogen, m\u00f6ta lantg\u00e5rdens djur eller bara koppla av i en harmonisk milj\u00f6. Ta chansen att stanna l\u00e4ngre och l\u00e5t naturens lugn bli en del av din upplevelse \u2013 boka din vistelse redan idag!<\/span><\/p>\n<p>[\/vc_column_text][\/vc_column][\/vc_row][vc_row css_animation=&#8221;fadeIn&#8221;][vc_column width=&#8221;1\/3&#8243;][vc_single_image image=&#8221;3594&#8243; img_size=&#8221;full&#8221; style=&#8221;vc_box_rounded&#8221; css=&#8221;&#8221;][\/vc_column][vc_column width=&#8221;2\/3&#8243;][vc_column_text css=&#8221;&#8221;]<\/p>\n<h2><span style=\"color: #000000;\">Paketerbjudande<\/span><\/h2>\n<p>Letar du efter en sommarupplevelse ut\u00f6ver det vanliga f\u00f6r hela familjen?\ud83c\udf40<\/p>\n<p>Vi har noggrant satt ihop paket som l\u00e5ter er uppt\u00e4cka det allra b\u00e4sta g\u00e5rden har att erbjuda. H\u00e4r f\u00e5r ni njuta av lantlivets charm med djur och natur alldeles runt knuten.[\/vc_column_text][vc_btn title=&#8221;L\u00e4s mer och boka&#8221; style=&#8221;outline-custom&#8221; outline_custom_color=&#8221;#00693f&#8221; outline_custom_hover_background=&#8221;#00693f&#8221; outline_custom_hover_text=&#8221;#ffffff&#8221; css=&#8221;.vc_custom_1769783592691{margin-top: -20px !important;}&#8221; link=&#8221;url:https%3A%2F%2Fwww.4h.se%2Fstattared%2Fpaketlosningar%2F|title:Paketl%C3%B6sningar&#8221;][\/vc_column][\/vc_row][vc_row css_animation=&#8221;fadeIn&#8221;][vc_column width=&#8221;1\/3&#8243;][vc_single_image image=&#8221;3933&#8243; img_size=&#8221;full&#8221; style=&#8221;vc_box_rounded&#8221; css=&#8221;&#8221;][\/vc_column][vc_column width=&#8221;2\/3&#8243;][vc_column_text css=&#8221;&#8221;]<\/p>\n<h2><span style=\"color: #000000\">Vandrarhem<\/span><\/h2>\n<p>I mang\u00e5rdsbyggnaden finns det ett mysigt vandrarhem\u00a0som passar alla ifr\u00e5n barnfamiljer &amp; vandrare till st\u00f6rre s\u00e4llskap och konferenser.[\/vc_column_text][vc_btn title=&#8221;L\u00e4s mer och boka&#8221; style=&#8221;outline-custom&#8221; outline_custom_color=&#8221;#00693f&#8221; outline_custom_hover_background=&#8221;#00693f&#8221; outline_custom_hover_text=&#8221;#ffffff&#8221; css=&#8221;.vc_custom_1746622699670{margin-top: -20px !important;}&#8221; link=&#8221;url:https%3A%2F%2Fwww.4h.se%2Fstattared%2Fvandrarhem%2F|title:Vandrarhem&#8221;][\/vc_column][\/vc_row][vc_row css_animation=&#8221;fadeIn&#8221;][vc_column width=&#8221;1\/3&#8243;][vc_single_image image=&#8221;3934&#8243; img_size=&#8221;full&#8221; style=&#8221;vc_box_rounded&#8221; onclick=&#8221;img_link_large&#8221; css=&#8221;&#8221;][\/vc_column][vc_column width=&#8221;2\/3&#8243;][vc_column_text css=&#8221;&#8221;]<\/p>\n<h2><span style=\"color: #000000\">St\u00e4llplats<\/span><\/h2>\n<p>V\u00e4lkommen att parkera din husbil eller husvagn och spendera natten hos oss med djuren som grannar.[\/vc_column_text][vc_btn title=&#8221;L\u00e4s mer och boka&#8221; style=&#8221;outline-custom&#8221; outline_custom_color=&#8221;#00693f&#8221; outline_custom_hover_background=&#8221;#00693f&#8221; outline_custom_hover_text=&#8221;#ffffff&#8221; css=&#8221;.vc_custom_1739391617202{margin-top: -20px !important;}&#8221; link=&#8221;url:https%3A%2F%2Fwww.4h.se%2Fstattared%2Fstallplats%2F&#8221;][\/vc_column][\/vc_row][vc_row css_animation=&#8221;fadeIn&#8221;][vc_column width=&#8221;1\/3&#8243;][vc_single_image image=&#8221;3935&#8243; img_size=&#8221;full&#8221; style=&#8221;vc_box_rounded&#8221; css=&#8221;&#8221;][\/vc_column][vc_column width=&#8221;2\/3&#8243;][vc_column_text css=&#8221;&#8221;]<\/p>\n<h2><span style=\"color: #000000\">t\u00e4lplats<\/span><\/h2>\n<p>Hos oss kan du sl\u00e5 upp ditt t\u00e4lt och njuta av naturen omkring.<\/p>\n<p>180 kr\/natt, enklare toaletter ing\u00e5r.[\/vc_column_text][vc_btn title=&#8221;Se tillg\u00e4nglighet och boka!&#8221; style=&#8221;outline-custom&#8221; outline_custom_color=&#8221;#00693f&#8221; outline_custom_hover_background=&#8221;#00693f&#8221; outline_custom_hover_text=&#8221;#ffffff&#8221; css=&#8221;.vc_custom_1748888517523{margin-top: -20px !important;}&#8221; link=&#8221;url:https%3A%2F%2Fapp.bookspot.io%2Fwidget%2Fv2%2Fdialog%2Fnew-order%3Fkey%3D2fc53eea376fab059e81d28b1d6747202d7dbb96375c9b42ebf4d9235ff87d0a%26productTypes%3Dproducts%2Cvouchers%26listView%3Dproducts%26products%3D13655%26products%3D13660&#8243;][\/vc_column][\/vc_row][vc_row css_animation=&#8221;fadeIn&#8221;][vc_column width=&#8221;1\/3&#8243;][vc_single_image image=&#8221;4010&#8243; img_size=&#8221;full&#8221; style=&#8221;vc_box_rounded&#8221; css=&#8221;&#8221;][\/vc_column][vc_column width=&#8221;2\/3&#8243;][vc_column_text css=&#8221;&#8221;]<\/p>\n<h2><span style=\"color: #000000;\">tipit\u00e4lt <\/span><\/h2>\n<p>\u00c4r ni ett st\u00f6rre s\u00e4llskap och vill spendera en natt i t\u00e4lt?<\/p>\n<p>Hyr ett av v\u00e5ra tipit\u00e4lt med plats f\u00f6r 8-10 personer.<\/p>\n<p>1000 kr per natt &amp; t\u00e4lt, enklare toaletter ing\u00e5r.[\/vc_column_text][vc_btn title=&#8221;Se tillg\u00e4nglighet och boka!&#8221; style=&#8221;outline-custom&#8221; outline_custom_color=&#8221;#00693f&#8221; outline_custom_hover_background=&#8221;#00693f&#8221; outline_custom_hover_text=&#8221;#ffffff&#8221; css=&#8221;.vc_custom_1769708856912{margin-top: -20px !important;}&#8221; link=&#8221;url:https%3A%2F%2Fapp.bookspot.io%2Fwidget%2Fv2%2Fdialog%2Fnew-order%3Fkey%3D2fc53eea376fab059e81d28b1d6747202d7dbb96375c9b42ebf4d9235ff87d0a%26productTypes%3Dproducts%2Cvouchers%26listView%3Dproducts%26products%3D16044&#8243;][\/vc_column][\/vc_row]<\/p>\n<\/div>","protected":false},"excerpt":{"rendered":"<p>[vc_row][vc_column][vc_column_text css=&#8221;&#8221;] Boende F\u00f6rl\u00e4ng din vistelse och upplev \u00e4nnu mer av den naturn\u00e4ra avkopplingen! Boka ditt boende hos oss och vakna upp till f\u00e5gelkvitter, frisk luft och n\u00e4rhet till djur och natur. H\u00e4r kan du njuta av rogivande promenader i skogen, m\u00f6ta lantg\u00e5rdens djur eller bara koppla av i en harmonisk milj\u00f6. Ta chansen att&nbsp; <a href=\"https:\/\/www.4h.se\/stattared\/boende\/\">&hellip; Read more <i class=\"glyphicon glyphicon-arrow-right\"><\/i><\/a><\/p>\n","protected":false},"author":64,"featured_media":0,"parent":0,"menu_order":51,"comment_status":"closed","ping_status":"closed","template":"","meta":{"_acf_changed":false,"footnotes":""},"class_list":["post-3865","page","type-page","status-publish","hentry"],"acf":[],"yoast_head":"<!-- This site is optimized with the Yoast SEO plugin v27.5 - https:\/\/yoast.com\/product\/yoast-seo-wordpress\/ -->\n<title>Boende - St\u00e4ttareds 4H-g\u00e5rd<\/title>\n<meta name=\"robots\" content=\"index, follow, max-snippet:-1, max-image-preview:large, max-video-preview:-1\" \/>\n<link rel=\"canonical\" href=\"https:\/\/www.4h.se\/stattared\/boende\/\" \/>\n<meta property=\"og:locale\" content=\"sv_SE\" \/>\n<meta property=\"og:type\" content=\"article\" \/>\n<meta property=\"og:title\" content=\"Boende - St\u00e4ttareds 4H-g\u00e5rd\" \/>\n<meta property=\"og:description\" content=\"[vc_row][vc_column][vc_column_text css=&#8221;&#8221;] Boende F\u00f6rl\u00e4ng din vistelse och upplev \u00e4nnu mer av den naturn\u00e4ra avkopplingen! Boka ditt boende hos oss och vakna upp till f\u00e5gelkvitter, frisk luft och n\u00e4rhet till djur och natur. H\u00e4r kan du njuta av rogivande promenader i skogen, m\u00f6ta lantg\u00e5rdens djur eller bara koppla av i en harmonisk milj\u00f6. Ta chansen att&nbsp; &hellip; Read more\" \/>\n<meta property=\"og:url\" content=\"https:\/\/www.4h.se\/stattared\/boende\/\" \/>\n<meta property=\"og:site_name\" content=\"St\u00e4ttareds 4H-g\u00e5rd\" \/>\n<meta property=\"article:modified_time\" content=\"2026-01-30T14:33:21+00:00\" \/>\n<meta name=\"twitter:card\" content=\"summary_large_image\" \/>\n<script type=\"application\/ld+json\" class=\"yoast-schema-graph\">{\"@context\":\"https:\\\/\\\/schema.org\",\"@graph\":[{\"@type\":\"WebPage\",\"@id\":\"https:\\\/\\\/www.4h.se\\\/stattared\\\/boende\\\/\",\"url\":\"https:\\\/\\\/www.4h.se\\\/stattared\\\/boende\\\/\",\"name\":\"Boende - St\u00e4ttareds 4H-g\u00e5rd\",\"isPartOf\":{\"@id\":\"https:\\\/\\\/www.4h.se\\\/stattared\\\/#website\"},\"datePublished\":\"2025-01-22T10:16:56+00:00\",\"dateModified\":\"2026-01-30T14:33:21+00:00\",\"breadcrumb\":{\"@id\":\"https:\\\/\\\/www.4h.se\\\/stattared\\\/boende\\\/#breadcrumb\"},\"inLanguage\":\"sv-SE\",\"potentialAction\":[{\"@type\":\"ReadAction\",\"target\":[\"https:\\\/\\\/www.4h.se\\\/stattared\\\/boende\\\/\"]}]},{\"@type\":\"BreadcrumbList\",\"@id\":\"https:\\\/\\\/www.4h.se\\\/stattared\\\/boende\\\/#breadcrumb\",\"itemListElement\":[{\"@type\":\"ListItem\",\"position\":1,\"name\":\"Hem\",\"item\":\"https:\\\/\\\/www.4h.se\\\/stattared\\\/\"},{\"@type\":\"ListItem\",\"position\":2,\"name\":\"Boende\"}]},{\"@type\":\"WebSite\",\"@id\":\"https:\\\/\\\/www.4h.se\\\/stattared\\\/#website\",\"url\":\"https:\\\/\\\/www.4h.se\\\/stattared\\\/\",\"name\":\"St\u00e4ttareds 4H-g\u00e5rd\",\"description\":\"mer \u00e4n bara en g\u00e5rd\",\"potentialAction\":[{\"@type\":\"SearchAction\",\"target\":{\"@type\":\"EntryPoint\",\"urlTemplate\":\"https:\\\/\\\/www.4h.se\\\/stattared\\\/?s={search_term_string}\"},\"query-input\":{\"@type\":\"PropertyValueSpecification\",\"valueRequired\":true,\"valueName\":\"search_term_string\"}}],\"inLanguage\":\"sv-SE\"}]}<\/script>\n<!-- \/ Yoast SEO plugin. -->","yoast_head_json":{"title":"Boende - St\u00e4ttareds 4H-g\u00e5rd","robots":{"index":"index","follow":"follow","max-snippet":"max-snippet:-1","max-image-preview":"max-image-preview:large","max-video-preview":"max-video-preview:-1"},"canonical":"https:\/\/www.4h.se\/stattared\/boende\/","og_locale":"sv_SE","og_type":"article","og_title":"Boende - St\u00e4ttareds 4H-g\u00e5rd","og_description":"[vc_row][vc_column][vc_column_text css=&#8221;&#8221;] Boende F\u00f6rl\u00e4ng din vistelse och upplev \u00e4nnu mer av den naturn\u00e4ra avkopplingen! Boka ditt boende hos oss och vakna upp till f\u00e5gelkvitter, frisk luft och n\u00e4rhet till djur och natur. H\u00e4r kan du njuta av rogivande promenader i skogen, m\u00f6ta lantg\u00e5rdens djur eller bara koppla av i en harmonisk milj\u00f6. Ta chansen att&nbsp; &hellip; Read more","og_url":"https:\/\/www.4h.se\/stattared\/boende\/","og_site_name":"St\u00e4ttareds 4H-g\u00e5rd","article_modified_time":"2026-01-30T14:33:21+00:00","twitter_card":"summary_large_image","schema":{"@context":"https:\/\/schema.org","@graph":[{"@type":"WebPage","@id":"https:\/\/www.4h.se\/stattared\/boende\/","url":"https:\/\/www.4h.se\/stattared\/boende\/","name":"Boende - St\u00e4ttareds 4H-g\u00e5rd","isPartOf":{"@id":"https:\/\/www.4h.se\/stattared\/#website"},"datePublished":"2025-01-22T10:16:56+00:00","dateModified":"2026-01-30T14:33:21+00:00","breadcrumb":{"@id":"https:\/\/www.4h.se\/stattared\/boende\/#breadcrumb"},"inLanguage":"sv-SE","potentialAction":[{"@type":"ReadAction","target":["https:\/\/www.4h.se\/stattared\/boende\/"]}]},{"@type":"BreadcrumbList","@id":"https:\/\/www.4h.se\/stattared\/boende\/#breadcrumb","itemListElement":[{"@type":"ListItem","position":1,"name":"Hem","item":"https:\/\/www.4h.se\/stattared\/"},{"@type":"ListItem","position":2,"name":"Boende"}]},{"@type":"WebSite","@id":"https:\/\/www.4h.se\/stattared\/#website","url":"https:\/\/www.4h.se\/stattared\/","name":"St\u00e4ttareds 4H-g\u00e5rd","description":"mer \u00e4n bara en g\u00e5rd","potentialAction":[{"@type":"SearchAction","target":{"@type":"EntryPoint","urlTemplate":"https:\/\/www.4h.se\/stattared\/?s={search_term_string}"},"query-input":{"@type":"PropertyValueSpecification","valueRequired":true,"valueName":"search_term_string"}}],"inLanguage":"sv-SE"}]}},"_links":{"self":[{"href":"https:\/\/www.4h.se\/stattared\/wp-json\/wp\/v2\/pages\/3865","targetHints":{"allow":["GET"]}}],"collection":[{"href":"https:\/\/www.4h.se\/stattared\/wp-json\/wp\/v2\/pages"}],"about":[{"href":"https:\/\/www.4h.se\/stattared\/wp-json\/wp\/v2\/types\/page"}],"author":[{"embeddable":true,"href":"https:\/\/www.4h.se\/stattared\/wp-json\/wp\/v2\/users\/64"}],"replies":[{"embeddable":true,"href":"https:\/\/www.4h.se\/stattared\/wp-json\/wp\/v2\/comments?post=3865"}],"version-history":[{"count":0,"href":"https:\/\/www.4h.se\/stattared\/wp-json\/wp\/v2\/pages\/3865\/revisions"}],"wp:attachment":[{"href":"https:\/\/www.4h.se\/stattared\/wp-json\/wp\/v2\/media?parent=3865"}],"curies":[{"name":"wp","href":"https:\/\/api.w.org\/{rel}","templated":true}]}}