



{"id":3786,"date":"2024-07-24T12:37:18","date_gmt":"2024-07-24T10:37:18","guid":{"rendered":"https:\/\/www.4h.se\/stattared\/?page_id=3786"},"modified":"2025-12-26T14:21:01","modified_gmt":"2025-12-26T13:21:01","slug":"faq","status":"publish","type":"page","link":"https:\/\/www.4h.se\/stattared\/faq\/","title":{"rendered":"Fr\u00e5gor &amp; svar"},"content":{"rendered":"<div class=\"wpb-content-wrapper\"><p>[vc_row][vc_column][vc_column_text css=&#8221;&#8221;]<\/p>\n<h1>VANLIGA FR\u00c5GOR<\/h1>\n<p>[\/vc_column_text][\/vc_column][\/vc_row][vc_row css=&#8221;.vc_custom_1721817660422{margin-top: 20px !important;}&#8221;][vc_column][vc_toggle title=&#8221;Vad har ni f\u00f6r \u00f6ppettider?&#8221; css=&#8221;&#8221;]<\/p>\n<div>G\u00e5rden \u00e4r alltid \u00f6ppen f\u00f6r bes\u00f6k och man kan kolla p\u00e5 djuren p\u00e5 egen hand n\u00e4r man vill.<\/div>\n<div>Caf\u00e9et har st\u00e4ngt fram till p\u00e5sk men det finns ytor och bord utomhus att \u00e4ta medhavd mat.<\/div>\n<div>L\u00e4s mer under <a href=\"https:\/\/www.4h.se\/stattared\/cafe\/\">caf\u00e9<\/a>.<\/div>\n<p>[\/vc_toggle][vc_toggle title=&#8221;F\u00e5r man ha hund med sig till g\u00e5rden?&#8221; css=&#8221;&#8221;]Hundar \u00e4r v\u00e4lkomna till oss men ska h\u00e5llas kopplade.[\/vc_toggle][vc_toggle title=&#8221;Kostar det n\u00e5got att bara bes\u00f6ka g\u00e5rden och kolla p\u00e5 djuren?&#8221; css=&#8221;&#8221;]Ist\u00e4llet f\u00f6r en allm\u00e4n entr\u00e9avgift till g\u00e5rden har vi valt att ha en parkeringsavgift, p\u00e5 detta s\u00e4tt att f\u00e5 in pengar till att bedriva verksamheten p\u00e5 St\u00e4ttared. Det kostar 40 kr f\u00f6r 12 timmars parkering inom St\u00e4ttareds friluftsomr\u00e5de. Vid st\u00f6rre evenemang \u00e4r parkeringsavgiften 60 kr. Avgiften g\u00e5r oavkortat till St\u00e4ttareds 4H-klubb.[\/vc_toggle][vc_toggle title=&#8221;Kan man grilla hos er?&#8221; css=&#8221;&#8221;]Ja, vi har tre grillplatser uppe p\u00e5 g\u00e5rden som ni kan anv\u00e4nda er av.<\/p>\n<p>Vi har inte ig\u00e5ng grillar utan ni f\u00e5r ta med er saker s\u00e5 att ni kan t\u00e4nda den sj\u00e4lva, alternativt k\u00f6pa ved i caf\u00e9et (se aktuella \u00f6ppettider f\u00f6r caf\u00e9et <a href=\"https:\/\/www.4h.se\/stattared\/cafe\/\">h\u00e4r<\/a>) f\u00f6r 60 kr.[\/vc_toggle][\/vc_column][\/vc_row][vc_row][vc_column][vc_column_text css=&#8221;&#8221;]<\/p>\n<h1>T\u00e4vlingsresultat<\/h1>\n<p>H\u00e4r hittar du r\u00e4tt rad p\u00e5 v\u00e5ra senaste dramatiserade tipspromenader.[\/vc_column_text][\/vc_column][\/vc_row][vc_row css=&#8221;.vc_custom_1745847768307{margin-top: -30px !important;}&#8221;][vc_column][vc_btn title=&#8221;Resultat&#8221; style=&#8221;custom&#8221; custom_background=&#8221;#008B44&#8243; custom_text=&#8221;#FFFFFF&#8221; size=&#8221;lg&#8221; align=&#8221;left&#8221; css=&#8221;.vc_custom_1745847819319{margin-top: -10px !important;}&#8221; link=&#8221;url:https%3A%2F%2Fwww.4h.se%2Fstattared%2Ftavlingar-resultat%2F&#8221;][\/vc_column][\/vc_row]<\/p>\n<\/div>","protected":false},"excerpt":{"rendered":"<p>[vc_row][vc_column][vc_column_text css=&#8221;&#8221;] VANLIGA FR\u00c5GOR [\/vc_column_text][\/vc_column][\/vc_row][vc_row css=&#8221;.vc_custom_1721817660422{margin-top: 20px !important;}&#8221;][vc_column][vc_toggle title=&#8221;Vad har ni f\u00f6r \u00f6ppettider?&#8221; css=&#8221;&#8221;] G\u00e5rden \u00e4r alltid \u00f6ppen f\u00f6r bes\u00f6k och man kan kolla p\u00e5 djuren p\u00e5 egen hand n\u00e4r man vill. Caf\u00e9et har st\u00e4ngt fram till p\u00e5sk men det finns ytor och bord utomhus att \u00e4ta medhavd mat. L\u00e4s mer under caf\u00e9. [\/vc_toggle][vc_toggle title=&#8221;F\u00e5r&nbsp; <a href=\"https:\/\/www.4h.se\/stattared\/faq\/\">&hellip; Read more <i class=\"glyphicon glyphicon-arrow-right\"><\/i><\/a><\/p>\n","protected":false},"author":64,"featured_media":0,"parent":0,"menu_order":54,"comment_status":"closed","ping_status":"closed","template":"","meta":{"_acf_changed":false,"footnotes":""},"class_list":["post-3786","page","type-page","status-publish","hentry"],"acf":[],"yoast_head":"<!-- This site is optimized with the Yoast SEO plugin v27.5 - https:\/\/yoast.com\/product\/yoast-seo-wordpress\/ -->\n<title>Fr\u00e5gor &amp; svar - St\u00e4ttareds 4H-g\u00e5rd<\/title>\n<meta name=\"robots\" content=\"index, follow, max-snippet:-1, max-image-preview:large, max-video-preview:-1\" \/>\n<link rel=\"canonical\" href=\"https:\/\/www.4h.se\/stattared\/faq\/\" \/>\n<meta property=\"og:locale\" content=\"sv_SE\" \/>\n<meta property=\"og:type\" content=\"article\" \/>\n<meta property=\"og:title\" content=\"Fr\u00e5gor &amp; svar - St\u00e4ttareds 4H-g\u00e5rd\" \/>\n<meta property=\"og:description\" content=\"[vc_row][vc_column][vc_column_text css=&#8221;&#8221;] VANLIGA FR\u00c5GOR [\/vc_column_text][\/vc_column][\/vc_row][vc_row css=&#8221;.vc_custom_1721817660422{margin-top: 20px !important;}&#8221;][vc_column][vc_toggle title=&#8221;Vad har ni f\u00f6r \u00f6ppettider?&#8221; css=&#8221;&#8221;] G\u00e5rden \u00e4r alltid \u00f6ppen f\u00f6r bes\u00f6k och man kan kolla p\u00e5 djuren p\u00e5 egen hand n\u00e4r man vill. Caf\u00e9et har st\u00e4ngt fram till p\u00e5sk men det finns ytor och bord utomhus att \u00e4ta medhavd mat. L\u00e4s mer under caf\u00e9. [\/vc_toggle][vc_toggle title=&#8221;F\u00e5r&nbsp; &hellip; Read more\" \/>\n<meta property=\"og:url\" content=\"https:\/\/www.4h.se\/stattared\/faq\/\" \/>\n<meta property=\"og:site_name\" content=\"St\u00e4ttareds 4H-g\u00e5rd\" \/>\n<meta property=\"article:modified_time\" content=\"2025-12-26T13:21:01+00:00\" \/>\n<meta name=\"twitter:card\" content=\"summary_large_image\" \/>\n<script type=\"application\/ld+json\" class=\"yoast-schema-graph\">{\"@context\":\"https:\\\/\\\/schema.org\",\"@graph\":[{\"@type\":\"WebPage\",\"@id\":\"https:\\\/\\\/www.4h.se\\\/stattared\\\/faq\\\/\",\"url\":\"https:\\\/\\\/www.4h.se\\\/stattared\\\/faq\\\/\",\"name\":\"Fr\u00e5gor &amp; svar - St\u00e4ttareds 4H-g\u00e5rd\",\"isPartOf\":{\"@id\":\"https:\\\/\\\/www.4h.se\\\/stattared\\\/#website\"},\"datePublished\":\"2024-07-24T10:37:18+00:00\",\"dateModified\":\"2025-12-26T13:21:01+00:00\",\"breadcrumb\":{\"@id\":\"https:\\\/\\\/www.4h.se\\\/stattared\\\/faq\\\/#breadcrumb\"},\"inLanguage\":\"sv-SE\",\"potentialAction\":[{\"@type\":\"ReadAction\",\"target\":[\"https:\\\/\\\/www.4h.se\\\/stattared\\\/faq\\\/\"]}]},{\"@type\":\"BreadcrumbList\",\"@id\":\"https:\\\/\\\/www.4h.se\\\/stattared\\\/faq\\\/#breadcrumb\",\"itemListElement\":[{\"@type\":\"ListItem\",\"position\":1,\"name\":\"Hem\",\"item\":\"https:\\\/\\\/www.4h.se\\\/stattared\\\/\"},{\"@type\":\"ListItem\",\"position\":2,\"name\":\"Fr\u00e5gor &amp; svar\"}]},{\"@type\":\"WebSite\",\"@id\":\"https:\\\/\\\/www.4h.se\\\/stattared\\\/#website\",\"url\":\"https:\\\/\\\/www.4h.se\\\/stattared\\\/\",\"name\":\"St\u00e4ttareds 4H-g\u00e5rd\",\"description\":\"mer \u00e4n bara en g\u00e5rd\",\"potentialAction\":[{\"@type\":\"SearchAction\",\"target\":{\"@type\":\"EntryPoint\",\"urlTemplate\":\"https:\\\/\\\/www.4h.se\\\/stattared\\\/?s={search_term_string}\"},\"query-input\":{\"@type\":\"PropertyValueSpecification\",\"valueRequired\":true,\"valueName\":\"search_term_string\"}}],\"inLanguage\":\"sv-SE\"}]}<\/script>\n<!-- \/ Yoast SEO plugin. -->","yoast_head_json":{"title":"Fr\u00e5gor &amp; svar - St\u00e4ttareds 4H-g\u00e5rd","robots":{"index":"index","follow":"follow","max-snippet":"max-snippet:-1","max-image-preview":"max-image-preview:large","max-video-preview":"max-video-preview:-1"},"canonical":"https:\/\/www.4h.se\/stattared\/faq\/","og_locale":"sv_SE","og_type":"article","og_title":"Fr\u00e5gor &amp; svar - St\u00e4ttareds 4H-g\u00e5rd","og_description":"[vc_row][vc_column][vc_column_text css=&#8221;&#8221;] VANLIGA FR\u00c5GOR [\/vc_column_text][\/vc_column][\/vc_row][vc_row css=&#8221;.vc_custom_1721817660422{margin-top: 20px !important;}&#8221;][vc_column][vc_toggle title=&#8221;Vad har ni f\u00f6r \u00f6ppettider?&#8221; css=&#8221;&#8221;] G\u00e5rden \u00e4r alltid \u00f6ppen f\u00f6r bes\u00f6k och man kan kolla p\u00e5 djuren p\u00e5 egen hand n\u00e4r man vill. Caf\u00e9et har st\u00e4ngt fram till p\u00e5sk men det finns ytor och bord utomhus att \u00e4ta medhavd mat. L\u00e4s mer under caf\u00e9. [\/vc_toggle][vc_toggle title=&#8221;F\u00e5r&nbsp; &hellip; Read more","og_url":"https:\/\/www.4h.se\/stattared\/faq\/","og_site_name":"St\u00e4ttareds 4H-g\u00e5rd","article_modified_time":"2025-12-26T13:21:01+00:00","twitter_card":"summary_large_image","schema":{"@context":"https:\/\/schema.org","@graph":[{"@type":"WebPage","@id":"https:\/\/www.4h.se\/stattared\/faq\/","url":"https:\/\/www.4h.se\/stattared\/faq\/","name":"Fr\u00e5gor &amp; svar - St\u00e4ttareds 4H-g\u00e5rd","isPartOf":{"@id":"https:\/\/www.4h.se\/stattared\/#website"},"datePublished":"2024-07-24T10:37:18+00:00","dateModified":"2025-12-26T13:21:01+00:00","breadcrumb":{"@id":"https:\/\/www.4h.se\/stattared\/faq\/#breadcrumb"},"inLanguage":"sv-SE","potentialAction":[{"@type":"ReadAction","target":["https:\/\/www.4h.se\/stattared\/faq\/"]}]},{"@type":"BreadcrumbList","@id":"https:\/\/www.4h.se\/stattared\/faq\/#breadcrumb","itemListElement":[{"@type":"ListItem","position":1,"name":"Hem","item":"https:\/\/www.4h.se\/stattared\/"},{"@type":"ListItem","position":2,"name":"Fr\u00e5gor &amp; svar"}]},{"@type":"WebSite","@id":"https:\/\/www.4h.se\/stattared\/#website","url":"https:\/\/www.4h.se\/stattared\/","name":"St\u00e4ttareds 4H-g\u00e5rd","description":"mer \u00e4n bara en g\u00e5rd","potentialAction":[{"@type":"SearchAction","target":{"@type":"EntryPoint","urlTemplate":"https:\/\/www.4h.se\/stattared\/?s={search_term_string}"},"query-input":{"@type":"PropertyValueSpecification","valueRequired":true,"valueName":"search_term_string"}}],"inLanguage":"sv-SE"}]}},"_links":{"self":[{"href":"https:\/\/www.4h.se\/stattared\/wp-json\/wp\/v2\/pages\/3786","targetHints":{"allow":["GET"]}}],"collection":[{"href":"https:\/\/www.4h.se\/stattared\/wp-json\/wp\/v2\/pages"}],"about":[{"href":"https:\/\/www.4h.se\/stattared\/wp-json\/wp\/v2\/types\/page"}],"author":[{"embeddable":true,"href":"https:\/\/www.4h.se\/stattared\/wp-json\/wp\/v2\/users\/64"}],"replies":[{"embeddable":true,"href":"https:\/\/www.4h.se\/stattared\/wp-json\/wp\/v2\/comments?post=3786"}],"version-history":[{"count":0,"href":"https:\/\/www.4h.se\/stattared\/wp-json\/wp\/v2\/pages\/3786\/revisions"}],"wp:attachment":[{"href":"https:\/\/www.4h.se\/stattared\/wp-json\/wp\/v2\/media?parent=3786"}],"curies":[{"name":"wp","href":"https:\/\/api.w.org\/{rel}","templated":true}]}}