



{"id":3778,"date":"2024-07-21T15:01:25","date_gmt":"2024-07-21T13:01:25","guid":{"rendered":"https:\/\/www.4h.se\/stattared\/?page_id=3778"},"modified":"2025-12-26T14:21:01","modified_gmt":"2025-12-26T13:21:01","slug":"gardsfest","status":"publish","type":"page","link":"https:\/\/www.4h.se\/stattared\/gardsfest\/","title":{"rendered":"G\u00e5rdsfest"},"content":{"rendered":"<div class=\"wpb-content-wrapper\"><p>[vc_row][vc_column][vc_column_text css=&#8221;&#8221;]<\/p>\n<h1>G\u00e5rdsfest<\/h1>\n<p>[\/vc_column_text][vc_column_text css=&#8221;&#8221;]<\/p>\n<div>I samarbete med unga landsbyggare i Halland genomf\u00f6r vi en g\u00e5rdsfest p\u00e5 St\u00e4ttared den 17 aug! Det kommer bli en fartfylld dag med gl\u00e4dje och gemenskap. Den enda kostnaden denna dagen \u00e4r parkering p\u00e5 60 kr annars \u00e4r \u00f6vriga aktiviteter gratis att delta p\u00e5.<\/div>\n<div><\/div>\n<div>Under dagen kommer vi ocks\u00e5 ha en marknad med utst\u00e4llare fr\u00e5n n\u00e4rheten. Bland annat kommer Casa Italia, Cissis keramik, Logging Linn och Annika Othel med macarons.<\/div>\n<div><\/div>\n<div>Schema f\u00f6r dagen:<\/div>\n<div><\/div>\n<div>\u25cf 12:00 \u00f6ppet f\u00f6r bes\u00f6kare<\/div>\n<div><\/div>\n<div>\u25cf 13:00 5-kamp startar<\/div>\n<div><\/div>\n<div>\u25cf 14:00 kanotrace<\/div>\n<div><\/div>\n<div>\u25cf 16:00 fika<\/div>\n<div><\/div>\n<div>\u25cf 17:00 SPELNING med Resebyr\u00e5n<\/div>\n<div><\/div>\n<div>5-kampen \u00e4r anpassad f\u00f6r ca 12 \u00e5ringar och upp\u00e5t men det g\u00e5r absolut att delta som b\u00e5de yngre och \u00e4ldre!<\/div>\n<div><\/div>\n<div>Anm\u00e4l ditt lag f\u00f6r 5-kampen till Linn.eriksson@4h se<\/div>\n<p>[\/vc_column_text][\/vc_column][\/vc_row]<\/p>\n<\/div>","protected":false},"excerpt":{"rendered":"<p>[vc_row][vc_column][vc_column_text css=&#8221;&#8221;] G\u00e5rdsfest [\/vc_column_text][vc_column_text css=&#8221;&#8221;] I samarbete med unga landsbyggare i Halland genomf\u00f6r vi en g\u00e5rdsfest p\u00e5 St\u00e4ttared den 17 aug! Det kommer bli en fartfylld dag med gl\u00e4dje och gemenskap. Den enda kostnaden denna dagen \u00e4r parkering p\u00e5 60 kr annars \u00e4r \u00f6vriga aktiviteter gratis att delta p\u00e5. Under dagen kommer vi ocks\u00e5 ha&nbsp; <a href=\"https:\/\/www.4h.se\/stattared\/gardsfest\/\">&hellip; Read more <i class=\"glyphicon glyphicon-arrow-right\"><\/i><\/a><\/p>\n","protected":false},"author":64,"featured_media":0,"parent":0,"menu_order":58,"comment_status":"closed","ping_status":"closed","template":"","meta":{"footnotes":""},"class_list":["post-3778","page","type-page","status-publish","hentry"],"yoast_head":"<!-- This site is optimized with the Yoast SEO plugin v27.4 - https:\/\/yoast.com\/product\/yoast-seo-wordpress\/ -->\n<title>G\u00e5rdsfest - St\u00e4ttareds 4H-g\u00e5rd<\/title>\n<meta name=\"robots\" content=\"index, follow, max-snippet:-1, max-image-preview:large, max-video-preview:-1\" \/>\n<link rel=\"canonical\" href=\"https:\/\/www.4h.se\/stattared\/gardsfest\/\" \/>\n<meta property=\"og:locale\" content=\"sv_SE\" \/>\n<meta property=\"og:type\" content=\"article\" \/>\n<meta property=\"og:title\" content=\"G\u00e5rdsfest - St\u00e4ttareds 4H-g\u00e5rd\" \/>\n<meta property=\"og:description\" content=\"[vc_row][vc_column][vc_column_text css=&#8221;&#8221;] G\u00e5rdsfest [\/vc_column_text][vc_column_text css=&#8221;&#8221;] I samarbete med unga landsbyggare i Halland genomf\u00f6r vi en g\u00e5rdsfest p\u00e5 St\u00e4ttared den 17 aug! Det kommer bli en fartfylld dag med gl\u00e4dje och gemenskap. Den enda kostnaden denna dagen \u00e4r parkering p\u00e5 60 kr annars \u00e4r \u00f6vriga aktiviteter gratis att delta p\u00e5. Under dagen kommer vi ocks\u00e5 ha&nbsp; &hellip; Read more\" \/>\n<meta property=\"og:url\" content=\"https:\/\/www.4h.se\/stattared\/gardsfest\/\" \/>\n<meta property=\"og:site_name\" content=\"St\u00e4ttareds 4H-g\u00e5rd\" \/>\n<meta property=\"article:modified_time\" content=\"2025-12-26T13:21:01+00:00\" \/>\n<meta name=\"twitter:card\" content=\"summary_large_image\" \/>\n<script type=\"application\/ld+json\" class=\"yoast-schema-graph\">{\"@context\":\"https:\\\/\\\/schema.org\",\"@graph\":[{\"@type\":\"WebPage\",\"@id\":\"https:\\\/\\\/www.4h.se\\\/stattared\\\/gardsfest\\\/\",\"url\":\"https:\\\/\\\/www.4h.se\\\/stattared\\\/gardsfest\\\/\",\"name\":\"G\u00e5rdsfest - St\u00e4ttareds 4H-g\u00e5rd\",\"isPartOf\":{\"@id\":\"https:\\\/\\\/www.4h.se\\\/stattared\\\/#website\"},\"datePublished\":\"2024-07-21T13:01:25+00:00\",\"dateModified\":\"2025-12-26T13:21:01+00:00\",\"breadcrumb\":{\"@id\":\"https:\\\/\\\/www.4h.se\\\/stattared\\\/gardsfest\\\/#breadcrumb\"},\"inLanguage\":\"sv-SE\",\"potentialAction\":[{\"@type\":\"ReadAction\",\"target\":[\"https:\\\/\\\/www.4h.se\\\/stattared\\\/gardsfest\\\/\"]}]},{\"@type\":\"BreadcrumbList\",\"@id\":\"https:\\\/\\\/www.4h.se\\\/stattared\\\/gardsfest\\\/#breadcrumb\",\"itemListElement\":[{\"@type\":\"ListItem\",\"position\":1,\"name\":\"Hem\",\"item\":\"https:\\\/\\\/www.4h.se\\\/stattared\\\/\"},{\"@type\":\"ListItem\",\"position\":2,\"name\":\"G\u00e5rdsfest\"}]},{\"@type\":\"WebSite\",\"@id\":\"https:\\\/\\\/www.4h.se\\\/stattared\\\/#website\",\"url\":\"https:\\\/\\\/www.4h.se\\\/stattared\\\/\",\"name\":\"St\u00e4ttareds 4H-g\u00e5rd\",\"description\":\"mer \u00e4n bara en g\u00e5rd\",\"potentialAction\":[{\"@type\":\"SearchAction\",\"target\":{\"@type\":\"EntryPoint\",\"urlTemplate\":\"https:\\\/\\\/www.4h.se\\\/stattared\\\/?s={search_term_string}\"},\"query-input\":{\"@type\":\"PropertyValueSpecification\",\"valueRequired\":true,\"valueName\":\"search_term_string\"}}],\"inLanguage\":\"sv-SE\"}]}<\/script>\n<!-- \/ Yoast SEO plugin. -->","yoast_head_json":{"title":"G\u00e5rdsfest - St\u00e4ttareds 4H-g\u00e5rd","robots":{"index":"index","follow":"follow","max-snippet":"max-snippet:-1","max-image-preview":"max-image-preview:large","max-video-preview":"max-video-preview:-1"},"canonical":"https:\/\/www.4h.se\/stattared\/gardsfest\/","og_locale":"sv_SE","og_type":"article","og_title":"G\u00e5rdsfest - St\u00e4ttareds 4H-g\u00e5rd","og_description":"[vc_row][vc_column][vc_column_text css=&#8221;&#8221;] G\u00e5rdsfest [\/vc_column_text][vc_column_text css=&#8221;&#8221;] I samarbete med unga landsbyggare i Halland genomf\u00f6r vi en g\u00e5rdsfest p\u00e5 St\u00e4ttared den 17 aug! Det kommer bli en fartfylld dag med gl\u00e4dje och gemenskap. Den enda kostnaden denna dagen \u00e4r parkering p\u00e5 60 kr annars \u00e4r \u00f6vriga aktiviteter gratis att delta p\u00e5. Under dagen kommer vi ocks\u00e5 ha&nbsp; &hellip; Read more","og_url":"https:\/\/www.4h.se\/stattared\/gardsfest\/","og_site_name":"St\u00e4ttareds 4H-g\u00e5rd","article_modified_time":"2025-12-26T13:21:01+00:00","twitter_card":"summary_large_image","schema":{"@context":"https:\/\/schema.org","@graph":[{"@type":"WebPage","@id":"https:\/\/www.4h.se\/stattared\/gardsfest\/","url":"https:\/\/www.4h.se\/stattared\/gardsfest\/","name":"G\u00e5rdsfest - St\u00e4ttareds 4H-g\u00e5rd","isPartOf":{"@id":"https:\/\/www.4h.se\/stattared\/#website"},"datePublished":"2024-07-21T13:01:25+00:00","dateModified":"2025-12-26T13:21:01+00:00","breadcrumb":{"@id":"https:\/\/www.4h.se\/stattared\/gardsfest\/#breadcrumb"},"inLanguage":"sv-SE","potentialAction":[{"@type":"ReadAction","target":["https:\/\/www.4h.se\/stattared\/gardsfest\/"]}]},{"@type":"BreadcrumbList","@id":"https:\/\/www.4h.se\/stattared\/gardsfest\/#breadcrumb","itemListElement":[{"@type":"ListItem","position":1,"name":"Hem","item":"https:\/\/www.4h.se\/stattared\/"},{"@type":"ListItem","position":2,"name":"G\u00e5rdsfest"}]},{"@type":"WebSite","@id":"https:\/\/www.4h.se\/stattared\/#website","url":"https:\/\/www.4h.se\/stattared\/","name":"St\u00e4ttareds 4H-g\u00e5rd","description":"mer \u00e4n bara en g\u00e5rd","potentialAction":[{"@type":"SearchAction","target":{"@type":"EntryPoint","urlTemplate":"https:\/\/www.4h.se\/stattared\/?s={search_term_string}"},"query-input":{"@type":"PropertyValueSpecification","valueRequired":true,"valueName":"search_term_string"}}],"inLanguage":"sv-SE"}]}},"_links":{"self":[{"href":"https:\/\/www.4h.se\/stattared\/wp-json\/wp\/v2\/pages\/3778","targetHints":{"allow":["GET"]}}],"collection":[{"href":"https:\/\/www.4h.se\/stattared\/wp-json\/wp\/v2\/pages"}],"about":[{"href":"https:\/\/www.4h.se\/stattared\/wp-json\/wp\/v2\/types\/page"}],"author":[{"embeddable":true,"href":"https:\/\/www.4h.se\/stattared\/wp-json\/wp\/v2\/users\/64"}],"replies":[{"embeddable":true,"href":"https:\/\/www.4h.se\/stattared\/wp-json\/wp\/v2\/comments?post=3778"}],"version-history":[{"count":0,"href":"https:\/\/www.4h.se\/stattared\/wp-json\/wp\/v2\/pages\/3778\/revisions"}],"wp:attachment":[{"href":"https:\/\/www.4h.se\/stattared\/wp-json\/wp\/v2\/media?parent=3778"}],"curies":[{"name":"wp","href":"https:\/\/api.w.org\/{rel}","templated":true}]}}