



{"id":3679,"date":"2024-02-08T18:00:09","date_gmt":"2024-02-08T17:00:09","guid":{"rendered":"https:\/\/www.4h.se\/stattared\/?page_id=3679"},"modified":"2025-12-26T14:21:02","modified_gmt":"2025-12-26T13:21:02","slug":"getyoga-gruppbokningar","status":"publish","type":"page","link":"https:\/\/www.4h.se\/stattared\/getyoga-gruppbokningar\/","title":{"rendered":"Getyoga &#8211; Gruppbokningar"},"content":{"rendered":"<div class=\"wpb-content-wrapper\"><p>[vc_row full_width=&#8221;stretch_row&#8221; gap=&#8221;5&#8243; css=&#8221;.vc_custom_1652705309645{background-color: #006340 !important;}&#8221;][vc_column width=&#8221;1\/2&#8243; css=&#8221;.vc_custom_1652706462808{margin-top: 20px !important;background-color: #ffffff !important;border-radius: 5px !important;}&#8221;][vc_column_text css=&#8221;.vc_custom_1712756331319{margin-top: -30px !important;}&#8221;]<\/p>\n<h2>Getyoga f\u00f6r grupper<\/h2>\n<p>Dags f\u00f6r m\u00f6hippa, kick off eller vill ni som grupp bara ha en rolig stund?<\/p>\n<hr \/>\n<p>\u00c4r ni en st\u00f6rre grupp kan ni boka ett eget pass tillsammans med v\u00e5ra getter.<\/p>\n<p>V\u00e5r getyogas\u00e4song \u00e4r maj\u2212september men vi kan sj\u00e4lvklart ordna ett pass till er \u00e4ven utanf\u00f6r s\u00e4songen, dock kommer det inte finnas sm\u00e5 skuttiga killingar utanf\u00f6r s\u00e4songen.<\/p>\n<p>Grundpriset \u00e4r 3500 kr f\u00f6r upp till 15 personer, f\u00f6r fler \u00e4n 15 st tillkommer 200 kr\/extra person.<\/p>\n<p><strong>Skicka g\u00e4rna en f\u00f6rfr\u00e5gan via formul\u00e4ret s\u00e5 hj\u00e4lper vi dig!<\/strong><\/p>\n<hr \/>\n<p><strong>Ta g\u00e4rna med egen matta eller filt samt o\u00f6mma kl\u00e4der och l\u00e4mna smycken hemma d\u00e5 getterna gillar att nafsa p\u00e5 dessa.<\/strong> Vi rekommenderar uppsatt h\u00e5r, eftersom killingarna \u00e4lskar att tugga p\u00e5 h\u00e5r och sk\u00e4gg.<\/p>\n<p>Ta\u00a0inte med den dyraste mattan d\u00e5 olyckor kan ske.\u00a0Vi har ett antal mattor att l\u00e5na ut.<\/p>\n<p>T\u00e4nk p\u00e5 att ni \u00e4r inne i getternas hage och det \u00e4r respekt f\u00f6r djuren som g\u00e4ller.<\/p>\n<p>Vuxna tar ansvar f\u00f6r medf\u00f6ljande barn.<\/p>\n<p>Aktiviteten genomf\u00f6rs under f\u00f6ruts\u00e4ttning att getterna har full h\u00e4lsa.<\/p>\n<p>Getterna som deltar i yogan \u00e4r av rasen G\u00f6ingeget &amp; J\u00e4mtget. <a title=\"Get\" href=\"https:\/\/www.4h.se\/stattared\/get\/\">Vill du veta mer om g\u00e5rden getter, klicka h\u00e4r!\u00a0<\/a>[\/vc_column_text][vc_btn title=&#8221;Vill ni boka in er p\u00e5 ett ordinarie pass ist\u00e4llet?\u00a0&#8221; color=&#8221;green&#8221; link=&#8221;url:https%3A%2F%2Fwww.4h.se%2Fstattared%2Fwp-admin%2Fpost.php%3Fvc_action%3Dvc_inline%26post_id%3D1788%26post_type%3Dpage&#8221;][vc_separator color=&#8221;green&#8221;][vc_single_image image=&#8221;1791&#8243; img_size=&#8221;full&#8221; style=&#8221;vc_box_rounded&#8221; onclick=&#8221;img_link_large&#8221; css=&#8221;.vc_custom_1652706204757{margin-top: -20px !important;}&#8221;][\/vc_column][vc_column width=&#8221;1\/2&#8243; css=&#8221;.vc_custom_1683803783477{margin-top: 20px !important;margin-bottom: 20px !important;background-color: #ffffff !important;border-radius: 5px !important;}&#8221;][vc_column_text css=&#8221;.vc_custom_1707414047011{margin-top: -30px !important;}&#8221;]<\/p>\n<h3>Bokningsf\u00f6rfr\u00e5gan &#8211; Privat Getyogapass<\/h3>\n<p>[\/vc_column_text][vc_column_text css=&#8221;.vc_custom_1707414023565{margin-top: -10px !important;}&#8221;]<div class=\"frm_forms  with_frm_style frm_style_formidable-style\" id=\"frm_form_55_container\" >\n<form enctype=\"multipart\/form-data\" method=\"post\" class=\"frm-show-form \" id=\"form_4avr72\" >\n<div class=\"frm_form_fields \">\n<fieldset>\n<legend class=\"frm_hidden\">Bokningsf\u00f6rfr\u00e5gan av privat getyogapass<\/legend>\r\n\r\n<div class=\"frm_fields_container\">\n<input type=\"hidden\" name=\"frm_action\" value=\"create\" \/>\n<input type=\"hidden\" name=\"form_id\" value=\"55\" \/>\n<input type=\"hidden\" name=\"frm_hide_fields_55\" id=\"frm_hide_fields_55\" value=\"\" \/>\n<input type=\"hidden\" name=\"form_key\" value=\"4avr72\" \/>\n<input type=\"hidden\" name=\"item_meta[0]\" value=\"\" \/>\n<input type=\"hidden\" id=\"frm_submit_entry_55\" name=\"frm_submit_entry_55\" value=\"c12a3b5433\" \/><input type=\"hidden\" name=\"_wp_http_referer\" value=\"\/stattared\/wp-json\/wp\/v2\/pages\/3679\" \/><div id=\"frm_field_580_container\" class=\"frm_form_field form-field  frm_left_container\">\r\n    <label for=\"field_zz6h\" class=\"frm_primary_label\">Bokarens namn\r\n        <span class=\"frm_required\"><\/span>\r\n    <\/label>\r\n    <input type=\"text\" id=\"field_zz6h\" name=\"item_meta[580]\" value=\"\"  data-invmsg=\"Bokarens namn \u00e4r ogiltigt\" aria-invalid=\"false\"  \/>\r\n    \r\n    \r\n<\/div>\n<div id=\"frm_field_581_container\" class=\"frm_form_field form-field  frm_left_container frm12 frm_first\">\r\n    <label for=\"field_1qzk\" class=\"frm_primary_label\">Bokarens telefonnummer\r\n        <span class=\"frm_required\"><\/span>\r\n    <\/label>\r\n    <input type=\"text\" id=\"field_1qzk\" name=\"item_meta[581]\" value=\"\"  data-invmsg=\"Bokarens telefonnummer \u00e4r ogiltigt\" aria-invalid=\"false\"  \/>\r\n    \r\n    \r\n<\/div>\n<div id=\"frm_field_583_container\" class=\"frm_form_field form-field  frm_left_container frm12 frm_first\">\r\n    <label for=\"field_pjc2s2\" class=\"frm_primary_label\">Bokarens mailadress\r\n        <span class=\"frm_required\"><\/span>\r\n    <\/label>\r\n    <input type=\"text\" id=\"field_pjc2s2\" name=\"item_meta[583]\" value=\"\"  data-invmsg=\"Bokarens mailadress \u00e4r ogiltigt\" aria-invalid=\"false\"  \/>\r\n    \r\n    \r\n<\/div>\n<div id=\"frm_field_590_container\" class=\"frm_form_field form-field  frm_left_container\">\r\n    <label for=\"field_rq6rd\" id=\"field_rq6rd_label\" class=\"frm_primary_label\">\u00d6nskem\u00e5l om datum\r\n        <span class=\"frm_required\" aria-hidden=\"true\"><\/span>\r\n    <\/label>\r\n    <input type=\"number\" id=\"field_rq6rd\" name=\"item_meta[590]\" value=\"\"  data-invmsg=\"Siffror \u00e4r ogiltigt\" aria-invalid=\"false\"   min=\"0\" max=\"9999999\" step=\"any\"\/>\r\n    \r\n    \r\n<\/div>\n<div id=\"frm_field_584_container\" class=\"frm_form_field form-field  frm_left_container\">\r\n    <label for=\"field_zlrkx2\" class=\"frm_primary_label\">Ber\u00e4knad gruppstorlek\r\n        <span class=\"frm_required\"><\/span>\r\n    <\/label>\r\n    <input type=\"text\" id=\"field_zlrkx2\" name=\"item_meta[584]\" value=\"\"  data-invmsg=\"F\u00f6delsedagsbarnets namn och f\u00f6delsedata \u00e4r ogiltigt\" aria-invalid=\"false\"  \/>\r\n    \r\n    \r\n<\/div>\n<div id=\"frm_field_592_container\" class=\"frm_form_field form-field  frm_left_container horizontal_radio\">\r\n    <div id=\"field_ge65r_label\" class=\"frm_primary_label\">Betalning\r\n        <span class=\"frm_required\" aria-hidden=\"true\"><\/span>\r\n    <\/div>\r\n    <div class=\"frm_opt_container\" role=\"group\">\t\t<div class=\"frm_checkbox\" id=\"frm_checkbox_592-0\">\t\t\t<label  for=\"field_ge65r-0\">\n\t\t\t<input type=\"checkbox\" name=\"item_meta[592][]\" id=\"field_ge65r-0\" value=\"P\u00e5 plats med kort eller swish\"  data-invmsg=\"Betalning \u00e4r ogiltigt\"   \/> P\u00e5 plats med kort eller swish<\/label><\/div>\n\t\t<div class=\"frm_checkbox\" id=\"frm_checkbox_592-1\">\t\t\t<label  for=\"field_ge65r-1\">\n\t\t\t<input type=\"checkbox\" name=\"item_meta[592][]\" id=\"field_ge65r-1\" value=\"Faktura\"  data-invmsg=\"Betalning \u00e4r ogiltigt\"   \/> Faktura<\/label><\/div>\n<\/div>\r\n    \r\n    \r\n<\/div>\n<div id=\"frm_field_591_container\" class=\"frm_form_field form-field  frm_left_container\">\r\n    <label for=\"field_buuz4\" id=\"field_buuz4_label\" class=\"frm_primary_label\">\u00d6vriga fr\u00e5gor? \r\n        <span class=\"frm_required\" aria-hidden=\"true\"><\/span>\r\n    <\/label>\r\n    <textarea name=\"item_meta[591]\" id=\"field_buuz4\" rows=\"5\"  data-invmsg=\"\u00d6vriga fr\u00e5gor?  \u00e4r ogiltigt\" aria-invalid=\"false\"  ><\/textarea>\r\n    \r\n    \r\n<\/div>\n<div id=\"frm_field_586_container\" class=\"frm_form_field form-field  frm_left_container\">\r\n    <label for=\"g-recaptcha-response\" class=\"frm_primary_label\">\r\n        <span class=\"frm_required\"><\/span>\r\n    <\/label>\r\n    <div  id=\"field_x926k2\" class=\"frm-g-recaptcha\" data-sitekey=\"6Lf822IUAAAAABQ9wNfFT_Zwh_ZeyaZu79ztgU_M\" data-size=\"normal\" data-theme=\"light\"><\/div>\r\n    \r\n    \r\n<\/div>\n\t<input type=\"hidden\" name=\"item_key\" value=\"\" \/>\n\t\t\t<div id=\"frm_field_596_container\">\n\t\t\t<label for=\"field_kmebm\" >\n\t\t\t\tOm du \u00e4r m\u00e4nsklig, l\u00e4mna det h\u00e4r f\u00e4ltet tomt.\t\t\t<\/label>\n\t\t\t<input  id=\"field_kmebm\" type=\"text\" class=\"frm_form_field form-field frm_verify\" name=\"item_meta[596]\" value=\"\"  \/>\n\t\t<\/div>\n\t\t<input name=\"frm_state\" type=\"hidden\" value=\"LfUElARukRNLxnpqMZAD9CwJE9Zoc2BClZD1Q6BKJZs=\" \/><div class=\"frm_submit\">\r\n\r\n<button class=\"frm_button_submit\" type=\"submit\" >Skicka<\/button>\r\n\r\n<\/div><\/div>\n<\/fieldset>\n<\/div>\n\n<\/form>\n<\/div>\n[\/vc_column_text][vc_separator color=&#8221;green&#8221; css=&#8221;.vc_custom_1652706220225{margin-top: -20px !important;}&#8221;][\/vc_column][\/vc_row][vc_row][vc_column][\/vc_column][\/vc_row]<\/p>\n<\/div>","protected":false},"excerpt":{"rendered":"<p>[vc_row full_width=&#8221;stretch_row&#8221; gap=&#8221;5&#8243; css=&#8221;.vc_custom_1652705309645{background-color: #006340 !important;}&#8221;][vc_column width=&#8221;1\/2&#8243; css=&#8221;.vc_custom_1652706462808{margin-top: 20px !important;background-color: #ffffff !important;border-radius: 5px !important;}&#8221;][vc_column_text css=&#8221;.vc_custom_1712756331319{margin-top: -30px !important;}&#8221;] Getyoga f\u00f6r grupper Dags f\u00f6r m\u00f6hippa, kick off eller vill ni som grupp bara ha en rolig stund? \u00c4r ni en st\u00f6rre grupp kan ni boka ett eget pass tillsammans med v\u00e5ra getter. V\u00e5r getyogas\u00e4song \u00e4r maj\u2212september men&nbsp; <a href=\"https:\/\/www.4h.se\/stattared\/getyoga-gruppbokningar\/\">&hellip; Read more <i class=\"glyphicon glyphicon-arrow-right\"><\/i><\/a><\/p>\n","protected":false},"author":64,"featured_media":0,"parent":0,"menu_order":142,"comment_status":"closed","ping_status":"closed","template":"","meta":{"_acf_changed":false,"footnotes":""},"class_list":["post-3679","page","type-page","status-publish","hentry"],"acf":[],"yoast_head":"<!-- This site is optimized with the Yoast SEO plugin v27.5 - https:\/\/yoast.com\/product\/yoast-seo-wordpress\/ -->\n<title>Getyoga - Gruppbokningar - St\u00e4ttareds 4H-g\u00e5rd<\/title>\n<meta name=\"robots\" content=\"index, follow, max-snippet:-1, max-image-preview:large, max-video-preview:-1\" \/>\n<link rel=\"canonical\" href=\"https:\/\/www.4h.se\/stattared\/getyoga-gruppbokningar\/\" \/>\n<meta property=\"og:locale\" content=\"sv_SE\" \/>\n<meta property=\"og:type\" content=\"article\" \/>\n<meta property=\"og:title\" content=\"Getyoga - Gruppbokningar - St\u00e4ttareds 4H-g\u00e5rd\" \/>\n<meta property=\"og:description\" content=\"[vc_row full_width=&#8221;stretch_row&#8221; gap=&#8221;5&#8243; css=&#8221;.vc_custom_1652705309645{background-color: #006340 !important;}&#8221;][vc_column width=&#8221;1\/2&#8243; css=&#8221;.vc_custom_1652706462808{margin-top: 20px !important;background-color: #ffffff !important;border-radius: 5px !important;}&#8221;][vc_column_text css=&#8221;.vc_custom_1712756331319{margin-top: -30px !important;}&#8221;] Getyoga f\u00f6r grupper Dags f\u00f6r m\u00f6hippa, kick off eller vill ni som grupp bara ha en rolig stund? \u00c4r ni en st\u00f6rre grupp kan ni boka ett eget pass tillsammans med v\u00e5ra getter. V\u00e5r getyogas\u00e4song \u00e4r maj\u2212september men&nbsp; &hellip; Read more\" \/>\n<meta property=\"og:url\" content=\"https:\/\/www.4h.se\/stattared\/getyoga-gruppbokningar\/\" \/>\n<meta property=\"og:site_name\" content=\"St\u00e4ttareds 4H-g\u00e5rd\" \/>\n<meta property=\"article:modified_time\" content=\"2025-12-26T13:21:02+00:00\" \/>\n<meta name=\"twitter:card\" content=\"summary_large_image\" \/>\n<script type=\"application\/ld+json\" class=\"yoast-schema-graph\">{\"@context\":\"https:\\\/\\\/schema.org\",\"@graph\":[{\"@type\":\"WebPage\",\"@id\":\"https:\\\/\\\/www.4h.se\\\/stattared\\\/getyoga-gruppbokningar\\\/\",\"url\":\"https:\\\/\\\/www.4h.se\\\/stattared\\\/getyoga-gruppbokningar\\\/\",\"name\":\"Getyoga - Gruppbokningar - St\u00e4ttareds 4H-g\u00e5rd\",\"isPartOf\":{\"@id\":\"https:\\\/\\\/www.4h.se\\\/stattared\\\/#website\"},\"datePublished\":\"2024-02-08T17:00:09+00:00\",\"dateModified\":\"2025-12-26T13:21:02+00:00\",\"breadcrumb\":{\"@id\":\"https:\\\/\\\/www.4h.se\\\/stattared\\\/getyoga-gruppbokningar\\\/#breadcrumb\"},\"inLanguage\":\"sv-SE\",\"potentialAction\":[{\"@type\":\"ReadAction\",\"target\":[\"https:\\\/\\\/www.4h.se\\\/stattared\\\/getyoga-gruppbokningar\\\/\"]}]},{\"@type\":\"BreadcrumbList\",\"@id\":\"https:\\\/\\\/www.4h.se\\\/stattared\\\/getyoga-gruppbokningar\\\/#breadcrumb\",\"itemListElement\":[{\"@type\":\"ListItem\",\"position\":1,\"name\":\"Hem\",\"item\":\"https:\\\/\\\/www.4h.se\\\/stattared\\\/\"},{\"@type\":\"ListItem\",\"position\":2,\"name\":\"Getyoga &#8211; Gruppbokningar\"}]},{\"@type\":\"WebSite\",\"@id\":\"https:\\\/\\\/www.4h.se\\\/stattared\\\/#website\",\"url\":\"https:\\\/\\\/www.4h.se\\\/stattared\\\/\",\"name\":\"St\u00e4ttareds 4H-g\u00e5rd\",\"description\":\"mer \u00e4n bara en g\u00e5rd\",\"potentialAction\":[{\"@type\":\"SearchAction\",\"target\":{\"@type\":\"EntryPoint\",\"urlTemplate\":\"https:\\\/\\\/www.4h.se\\\/stattared\\\/?s={search_term_string}\"},\"query-input\":{\"@type\":\"PropertyValueSpecification\",\"valueRequired\":true,\"valueName\":\"search_term_string\"}}],\"inLanguage\":\"sv-SE\"}]}<\/script>\n<!-- \/ Yoast SEO plugin. -->","yoast_head_json":{"title":"Getyoga - Gruppbokningar - St\u00e4ttareds 4H-g\u00e5rd","robots":{"index":"index","follow":"follow","max-snippet":"max-snippet:-1","max-image-preview":"max-image-preview:large","max-video-preview":"max-video-preview:-1"},"canonical":"https:\/\/www.4h.se\/stattared\/getyoga-gruppbokningar\/","og_locale":"sv_SE","og_type":"article","og_title":"Getyoga - Gruppbokningar - St\u00e4ttareds 4H-g\u00e5rd","og_description":"[vc_row full_width=&#8221;stretch_row&#8221; gap=&#8221;5&#8243; css=&#8221;.vc_custom_1652705309645{background-color: #006340 !important;}&#8221;][vc_column width=&#8221;1\/2&#8243; css=&#8221;.vc_custom_1652706462808{margin-top: 20px !important;background-color: #ffffff !important;border-radius: 5px !important;}&#8221;][vc_column_text css=&#8221;.vc_custom_1712756331319{margin-top: -30px !important;}&#8221;] Getyoga f\u00f6r grupper Dags f\u00f6r m\u00f6hippa, kick off eller vill ni som grupp bara ha en rolig stund? \u00c4r ni en st\u00f6rre grupp kan ni boka ett eget pass tillsammans med v\u00e5ra getter. V\u00e5r getyogas\u00e4song \u00e4r maj\u2212september men&nbsp; &hellip; Read more","og_url":"https:\/\/www.4h.se\/stattared\/getyoga-gruppbokningar\/","og_site_name":"St\u00e4ttareds 4H-g\u00e5rd","article_modified_time":"2025-12-26T13:21:02+00:00","twitter_card":"summary_large_image","schema":{"@context":"https:\/\/schema.org","@graph":[{"@type":"WebPage","@id":"https:\/\/www.4h.se\/stattared\/getyoga-gruppbokningar\/","url":"https:\/\/www.4h.se\/stattared\/getyoga-gruppbokningar\/","name":"Getyoga - Gruppbokningar - St\u00e4ttareds 4H-g\u00e5rd","isPartOf":{"@id":"https:\/\/www.4h.se\/stattared\/#website"},"datePublished":"2024-02-08T17:00:09+00:00","dateModified":"2025-12-26T13:21:02+00:00","breadcrumb":{"@id":"https:\/\/www.4h.se\/stattared\/getyoga-gruppbokningar\/#breadcrumb"},"inLanguage":"sv-SE","potentialAction":[{"@type":"ReadAction","target":["https:\/\/www.4h.se\/stattared\/getyoga-gruppbokningar\/"]}]},{"@type":"BreadcrumbList","@id":"https:\/\/www.4h.se\/stattared\/getyoga-gruppbokningar\/#breadcrumb","itemListElement":[{"@type":"ListItem","position":1,"name":"Hem","item":"https:\/\/www.4h.se\/stattared\/"},{"@type":"ListItem","position":2,"name":"Getyoga &#8211; Gruppbokningar"}]},{"@type":"WebSite","@id":"https:\/\/www.4h.se\/stattared\/#website","url":"https:\/\/www.4h.se\/stattared\/","name":"St\u00e4ttareds 4H-g\u00e5rd","description":"mer \u00e4n bara en g\u00e5rd","potentialAction":[{"@type":"SearchAction","target":{"@type":"EntryPoint","urlTemplate":"https:\/\/www.4h.se\/stattared\/?s={search_term_string}"},"query-input":{"@type":"PropertyValueSpecification","valueRequired":true,"valueName":"search_term_string"}}],"inLanguage":"sv-SE"}]}},"_links":{"self":[{"href":"https:\/\/www.4h.se\/stattared\/wp-json\/wp\/v2\/pages\/3679","targetHints":{"allow":["GET"]}}],"collection":[{"href":"https:\/\/www.4h.se\/stattared\/wp-json\/wp\/v2\/pages"}],"about":[{"href":"https:\/\/www.4h.se\/stattared\/wp-json\/wp\/v2\/types\/page"}],"author":[{"embeddable":true,"href":"https:\/\/www.4h.se\/stattared\/wp-json\/wp\/v2\/users\/64"}],"replies":[{"embeddable":true,"href":"https:\/\/www.4h.se\/stattared\/wp-json\/wp\/v2\/comments?post=3679"}],"version-history":[{"count":0,"href":"https:\/\/www.4h.se\/stattared\/wp-json\/wp\/v2\/pages\/3679\/revisions"}],"wp:attachment":[{"href":"https:\/\/www.4h.se\/stattared\/wp-json\/wp\/v2\/media?parent=3679"}],"curies":[{"name":"wp","href":"https:\/\/api.w.org\/{rel}","templated":true}]}}