



{"id":3666,"date":"2024-01-26T10:45:02","date_gmt":"2024-01-26T09:45:02","guid":{"rendered":"https:\/\/www.4h.se\/stattared\/?page_id=3666"},"modified":"2025-12-26T14:21:01","modified_gmt":"2025-12-26T13:21:01","slug":"bokning-av-friluftspaket","status":"publish","type":"page","link":"https:\/\/www.4h.se\/stattared\/bokning-av-friluftspaket\/","title":{"rendered":"Bokning av friluftspaket"},"content":{"rendered":"<div class=\"wpb-content-wrapper\"><p>[vc_row full_width=&#8221;stretch_row&#8221; css=&#8221;.vc_custom_1706261991121{background-color: #006340 !important;}&#8221;][vc_column][\/vc_column][\/vc_row][vc_row full_width=&#8221;stretch_row&#8221; gap=&#8221;5&#8243; css=&#8221;.vc_custom_1706262000199{background-color: #006340 !important;}&#8221;][vc_column width=&#8221;1\/2&#8243; css=&#8221;.vc_custom_1706261842279{background-color: #ffffff !important;border-radius: 5px !important;}&#8221;][vc_column_text css=&#8221;.vc_custom_1706262885876{margin-top: -20px !important;}&#8221;]<\/p>\n<h3><strong>BOKNING AV FRILUFTSPAKETET<\/strong><\/h3>\n<p>[\/vc_column_text][vc_column_text]<\/p>\n<p style=\"text-align: center\"><div class=\"frm_forms  with_frm_style frm_style_formidable-style\" id=\"frm_form_54_container\" >\n<form enctype=\"multipart\/form-data\" method=\"post\" class=\"frm-show-form \" id=\"form_v5v2f2322243\" >\n<div class=\"frm_form_fields \">\n<fieldset>\n<legend class=\"frm_hidden\">Bokningsf\u00f6rfr\u00e5gan av Friluftskolor<\/legend>\r\n\r\n<div class=\"frm_fields_container\">\n<input type=\"hidden\" name=\"frm_action\" value=\"create\" \/>\n<input type=\"hidden\" name=\"form_id\" value=\"54\" \/>\n<input type=\"hidden\" name=\"frm_hide_fields_54\" id=\"frm_hide_fields_54\" value=\"\" \/>\n<input type=\"hidden\" name=\"form_key\" value=\"v5v2f2322243\" \/>\n<input type=\"hidden\" name=\"item_meta[0]\" value=\"\" \/>\n<input type=\"hidden\" id=\"frm_submit_entry_54\" name=\"frm_submit_entry_54\" value=\"c12a3b5433\" \/><input type=\"hidden\" name=\"_wp_http_referer\" value=\"\/stattared\/wp-json\/wp\/v2\/pages\/3666\" \/><div id=\"frm_field_567_container\" class=\"frm_form_field form-field  frm_required_field frm_left_container\">\r\n    <label for=\"field_pespj4353\" class=\"frm_primary_label\">Namn:\r\n        <span class=\"frm_required\">*<\/span>\r\n    <\/label>\r\n    <input type=\"text\" id=\"field_pespj4353\" name=\"item_meta[567]\" value=\"\"  data-reqmsg=\"Det h\u00e4r f\u00e4ltet f\u00e5r ej vara tomt.\" aria-required=\"true\" data-invmsg=\"Namn: \u00e4r ogiltigt\" aria-invalid=\"false\"   aria-describedby=\"frm_desc_field_pespj4353\"\/>\r\n    <div id=\"frm_desc_field_pespj4353\" class=\"frm_description\">Bokarens namn<\/div>\r\n    \r\n<\/div>\n<div id=\"frm_field_568_container\" class=\"frm_form_field form-field  frm_required_field frm_left_container\">\r\n    <label for=\"field_6j03o3\" class=\"frm_primary_label\">\u00d6nskem\u00e5l om datum\r\n        <span class=\"frm_required\">*<\/span>\r\n    <\/label>\r\n    <input type=\"text\" id=\"field_6j03o3\" name=\"item_meta[568]\" value=\"\"  data-reqmsg=\"Det h\u00e4r f\u00e4ltet f\u00e5r ej vara tomt.\" aria-required=\"true\" data-invmsg=\"\u00d6nskem\u00e5l om datum \u00e4r ogiltigt\" aria-invalid=\"false\"   aria-describedby=\"frm_desc_field_6j03o3\"\/>\r\n    <div id=\"frm_desc_field_6j03o3\" class=\"frm_description\">Ange g\u00e4rna flera<\/div>\r\n    \r\n<\/div>\n<div id=\"frm_field_569_container\" class=\"frm_form_field form-field  frm_required_field frm_left_container frm_two_col horizontal_radio\">\r\n    <label class=\"frm_primary_label\">Paket\r\n        <span class=\"frm_required\">*<\/span>\r\n    <\/label>\r\n    <div class=\"frm_opt_container\">\t\t<div class=\"frm_checkbox\" id=\"frm_checkbox_569-0\">\t\t\t<label  for=\"field_3rlk42-0\">\n\t\t\t<input type=\"checkbox\" name=\"item_meta[569][]\" id=\"field_3rlk42-0\" value=\"Friluftspaketet (Rek. \u00e5lder &gt;10 \u00e5r)\"  data-reqmsg=\"Det h\u00e4r f\u00e4ltet f\u00e5r ej vara tomt.\" data-invmsg=\"Paket \u00e4r ogiltigt\"   aria-required=\"true\"  \/> Friluftspaketet (Rek. \u00e5lder &gt;10 \u00e5r)<\/label><\/div>\n<\/div>\r\n    \r\n    \r\n<\/div>\n<div id=\"frm_field_570_container\" class=\"frm_form_field form-field  frm_required_field frm_left_container\">\r\n    <label for=\"field_acrl83\" class=\"frm_primary_label\">Skola eller f\u00f6rening\r\n        <span class=\"frm_required\">*<\/span>\r\n    <\/label>\r\n    <input type=\"text\" id=\"field_acrl83\" name=\"item_meta[570]\" value=\"\"  data-reqmsg=\"Det h\u00e4r f\u00e4ltet f\u00e5r ej vara tomt.\" aria-required=\"true\" data-invmsg=\"Skola eller f\u00f6rening \u00e4r ogiltigt\" aria-invalid=\"false\"   aria-describedby=\"frm_desc_field_acrl83\"\/>\r\n    <div id=\"frm_desc_field_acrl83\" class=\"frm_description\">Skolan eller f\u00f6reningens namn<\/div>\r\n    \r\n<\/div>\n<div id=\"frm_field_571_container\" class=\"frm_form_field form-field  frm_required_field frm_left_container\">\r\n    <label for=\"field_wi2w13\" class=\"frm_primary_label\">Klass, \u00e5rskurs eller grupp\r\n        <span class=\"frm_required\">*<\/span>\r\n    <\/label>\r\n    <input type=\"text\" id=\"field_wi2w13\" name=\"item_meta[571]\" value=\"\"  data-reqmsg=\"Det h\u00e4r f\u00e4ltet f\u00e5r ej vara tomt.\" aria-required=\"true\" data-invmsg=\"Klass, \u00e5rskurs eller grupp \u00e4r ogiltigt\" aria-invalid=\"false\"   aria-describedby=\"frm_desc_field_wi2w13\"\/>\r\n    <div id=\"frm_desc_field_wi2w13\" class=\"frm_description\">Ange klassen eller gruppens namn\r\n<\/div>\r\n    \r\n<\/div>\n<div id=\"frm_field_572_container\" class=\"frm_form_field form-field  frm_required_field frm_left_container\">\r\n    <label for=\"field_razzc2\" class=\"frm_primary_label\">Antal barn\r\n        <span class=\"frm_required\">*<\/span>\r\n    <\/label>\r\n    <input type=\"text\" id=\"field_razzc2\" name=\"item_meta[572]\" value=\"\"  data-reqmsg=\"Det h\u00e4r f\u00e4ltet f\u00e5r ej vara tomt.\" aria-required=\"true\" data-invmsg=\"Antal \u00e4r ogiltigt\" aria-invalid=\"false\"   aria-describedby=\"frm_desc_field_razzc2\"\/>\r\n    <div id=\"frm_desc_field_razzc2\" class=\"frm_description\">Ange antalet elever\/barn <\/div>\r\n    \r\n<\/div>\n<div id=\"frm_field_573_container\" class=\"frm_form_field form-field  frm_required_field frm_left_container\">\r\n    <label for=\"field_nxus32\" class=\"frm_primary_label\">Antal ledare\r\n        <span class=\"frm_required\">*<\/span>\r\n    <\/label>\r\n    <input type=\"text\" id=\"field_nxus32\" name=\"item_meta[573]\" value=\"\"  data-reqmsg=\"Det h\u00e4r f\u00e4ltet f\u00e5r ej vara tomt.\" aria-required=\"true\" data-invmsg=\"Antal \u00e4r ogiltigt\" aria-invalid=\"false\"   aria-describedby=\"frm_desc_field_nxus32\"\/>\r\n    <div id=\"frm_desc_field_nxus32\" class=\"frm_description\">Ange antalet ledare<\/div>\r\n    \r\n<\/div>\n<div id=\"frm_field_574_container\" class=\"frm_form_field form-field  frm_required_field frm_left_container horizontal_radio\">\r\n    <label class=\"frm_primary_label\">Betalningss\u00e4tt\r\n        <span class=\"frm_required\">*<\/span>\r\n    <\/label>\r\n    <div class=\"frm_opt_container\">\t\t<div class=\"frm_checkbox\" id=\"frm_checkbox_574-1\">\t\t\t<label  for=\"field_2yd5x3-1\">\n\t\t\t<input type=\"checkbox\" name=\"item_meta[574][]\" id=\"field_2yd5x3-1\" value=\"P\u00e5 plats\"  data-reqmsg=\"Det h\u00e4r f\u00e4ltet f\u00e5r ej vara tomt.\" data-invmsg=\"Betalningss\u00e4tt \u00e4r ogiltigt\"   aria-required=\"true\"  \/> P\u00e5 plats<\/label><\/div>\n\t\t<div class=\"frm_checkbox\" id=\"frm_checkbox_574-3\">\t\t\t<label  for=\"field_2yd5x3-3\">\n\t\t\t<input type=\"checkbox\" name=\"item_meta[574][]\" id=\"field_2yd5x3-3\" value=\"Faktura\"  data-reqmsg=\"Det h\u00e4r f\u00e4ltet f\u00e5r ej vara tomt.\" data-invmsg=\"Betalningss\u00e4tt \u00e4r ogiltigt\"   \/> Faktura<\/label><\/div>\n<\/div>\r\n    \r\n    \r\n<\/div>\n<div id=\"frm_field_575_container\" class=\"frm_form_field form-field  frm_required_field frm_left_container\">\r\n    <label for=\"field_a1xd84353\" class=\"frm_primary_label\">Telefon:\r\n        <span class=\"frm_required\">*<\/span>\r\n    <\/label>\r\n    <input type=\"text\" id=\"field_a1xd84353\" name=\"item_meta[575]\" value=\"\"  data-reqmsg=\"Det h\u00e4r f\u00e4ltet f\u00e5r ej vara tomt.\" aria-required=\"true\" data-invmsg=\"Telefon: \u00e4r ogiltigt\" aria-invalid=\"false\"   aria-describedby=\"frm_desc_field_a1xd84353\"\/>\r\n    <div id=\"frm_desc_field_a1xd84353\" class=\"frm_description\">Telefonnummer till kontaktperson \r\n<\/div>\r\n    \r\n<\/div>\n<div id=\"frm_field_576_container\" class=\"frm_form_field form-field  frm_required_field frm_left_container\">\r\n    <label for=\"field_x1bla4353\" class=\"frm_primary_label\">E-postadress:\r\n        <span class=\"frm_required\">*<\/span>\r\n    <\/label>\r\n    <input type=\"text\" id=\"field_x1bla4353\" name=\"item_meta[576]\" value=\"\"  data-reqmsg=\"Det h\u00e4r f\u00e4ltet f\u00e5r ej vara tomt.\" aria-required=\"true\" data-invmsg=\"E-postadress: \u00e4r ogiltigt\" aria-invalid=\"false\"   aria-describedby=\"frm_desc_field_x1bla4353\"\/>\r\n    <div id=\"frm_desc_field_x1bla4353\" class=\"frm_description\">e-postadress till kontaktperson\r\n<\/div>\r\n    \r\n<\/div>\n<div id=\"frm_field_577_container\" class=\"frm_form_field form-field  frm_left_container\">\r\n    <label for=\"field_2k1ie4343\" class=\"frm_primary_label\">\u00d6vrigt &amp; eventuella allergier\r\n        <span class=\"frm_required\"><\/span>\r\n    <\/label>\r\n    <textarea name=\"item_meta[577]\" id=\"field_2k1ie4343\" rows=\"5\"  data-invmsg=\"\u00d6vrigt &amp; eventuella allergier \u00e4r ogiltigt\" aria-invalid=\"false\"  ><\/textarea>\r\n    \r\n    \r\n<\/div>\n<div id=\"frm_field_578_container\" class=\"frm_form_field form-field  frm_left_container\">\r\n    <label for=\"g-recaptcha-response\" class=\"frm_primary_label\">\r\n        <span class=\"frm_required\"><\/span>\r\n    <\/label>\r\n    <div  id=\"field_bfa3w3\" class=\"frm-g-recaptcha\" data-sitekey=\"6Lf822IUAAAAABQ9wNfFT_Zwh_ZeyaZu79ztgU_M\" data-size=\"normal\" data-theme=\"light\"><\/div>\r\n    \r\n    \r\n<\/div>\n\t<input type=\"hidden\" name=\"item_key\" value=\"\" \/>\n\t\t\t<div id=\"frm_field_596_container\">\n\t\t\t<label for=\"field_8oumd\" >\n\t\t\t\tOm du \u00e4r m\u00e4nsklig, l\u00e4mna det h\u00e4r f\u00e4ltet tomt.\t\t\t<\/label>\n\t\t\t<input  id=\"field_8oumd\" type=\"text\" class=\"frm_form_field form-field frm_verify\" name=\"item_meta[596]\" value=\"\"  \/>\n\t\t<\/div>\n\t\t<input name=\"frm_state\" type=\"hidden\" value=\"LfUElARukRNLxnpqMZAD9CwJE9Zoc2BClZD1Q6BKJZs=\" \/><div class=\"frm_submit\">\r\n\r\n<button class=\"frm_button_submit\" type=\"submit\" >Skicka<\/button>\r\n\r\n<\/div><\/div>\n<\/fieldset>\n<\/div>\n\n<\/form>\n<\/div>\n<p>[\/vc_column_text][\/vc_column][vc_column width=&#8221;1\/2&#8243; css=&#8221;.vc_custom_1706261855525{background-color: #ffffff !important;border-radius: 5px !important;}&#8221;][vc_single_image image=&#8221;3432&#8243; img_size=&#8221;full&#8221; style=&#8221;vc_box_rounded&#8221; css=&#8221;.vc_custom_1706262777087{margin-top: -20px !important;border-radius: 5px !important;}&#8221;][vc_single_image image=&#8221;2709&#8243; img_size=&#8221;full&#8221; style=&#8221;vc_box_rounded&#8221; css=&#8221;.vc_custom_1706261918009{border-radius: 5px !important;}&#8221;][\/vc_column][\/vc_row]<\/p>\n<\/div>","protected":false},"excerpt":{"rendered":"<p>[vc_row full_width=&#8221;stretch_row&#8221; css=&#8221;.vc_custom_1706261991121{background-color: #006340 !important;}&#8221;][vc_column][\/vc_column][\/vc_row][vc_row full_width=&#8221;stretch_row&#8221; gap=&#8221;5&#8243; css=&#8221;.vc_custom_1706262000199{background-color: #006340 !important;}&#8221;][vc_column width=&#8221;1\/2&#8243; css=&#8221;.vc_custom_1706261842279{background-color: #ffffff !important;border-radius: 5px !important;}&#8221;][vc_column_text css=&#8221;.vc_custom_1706262885876{margin-top: -20px !important;}&#8221;] BOKNING AV FRILUFTSPAKETET [\/vc_column_text][vc_column_text] [\/vc_column_text][\/vc_column][vc_column width=&#8221;1\/2&#8243; css=&#8221;.vc_custom_1706261855525{background-color: #ffffff !important;border-radius: 5px !important;}&#8221;][vc_single_image image=&#8221;3432&#8243; img_size=&#8221;full&#8221; style=&#8221;vc_box_rounded&#8221; css=&#8221;.vc_custom_1706262777087{margin-top: -20px !important;border-radius: 5px !important;}&#8221;][vc_single_image image=&#8221;2709&#8243; img_size=&#8221;full&#8221; style=&#8221;vc_box_rounded&#8221; css=&#8221;.vc_custom_1706261918009{border-radius: 5px !important;}&#8221;][\/vc_column][\/vc_row]<\/p>\n","protected":false},"author":64,"featured_media":0,"parent":0,"menu_order":71,"comment_status":"closed","ping_status":"closed","template":"","meta":{"_acf_changed":false,"footnotes":""},"class_list":["post-3666","page","type-page","status-publish","hentry"],"acf":[],"yoast_head":"<!-- This site is optimized with the Yoast SEO plugin v27.5 - https:\/\/yoast.com\/product\/yoast-seo-wordpress\/ -->\n<title>Bokning av friluftspaket - St\u00e4ttareds 4H-g\u00e5rd<\/title>\n<meta name=\"robots\" content=\"index, follow, max-snippet:-1, max-image-preview:large, max-video-preview:-1\" \/>\n<link rel=\"canonical\" href=\"https:\/\/www.4h.se\/stattared\/bokning-av-friluftspaket\/\" \/>\n<meta property=\"og:locale\" content=\"sv_SE\" \/>\n<meta property=\"og:type\" content=\"article\" \/>\n<meta property=\"og:title\" content=\"Bokning av friluftspaket - St\u00e4ttareds 4H-g\u00e5rd\" \/>\n<meta property=\"og:description\" content=\"[vc_row full_width=&#8221;stretch_row&#8221; css=&#8221;.vc_custom_1706261991121{background-color: #006340 !important;}&#8221;][vc_column][\/vc_column][\/vc_row][vc_row full_width=&#8221;stretch_row&#8221; gap=&#8221;5&#8243; css=&#8221;.vc_custom_1706262000199{background-color: #006340 !important;}&#8221;][vc_column width=&#8221;1\/2&#8243; css=&#8221;.vc_custom_1706261842279{background-color: #ffffff !important;border-radius: 5px !important;}&#8221;][vc_column_text css=&#8221;.vc_custom_1706262885876{margin-top: -20px !important;}&#8221;] BOKNING AV FRILUFTSPAKETET [\/vc_column_text][vc_column_text] [\/vc_column_text][\/vc_column][vc_column width=&#8221;1\/2&#8243; css=&#8221;.vc_custom_1706261855525{background-color: #ffffff !important;border-radius: 5px !important;}&#8221;][vc_single_image image=&#8221;3432&#8243; img_size=&#8221;full&#8221; style=&#8221;vc_box_rounded&#8221; css=&#8221;.vc_custom_1706262777087{margin-top: -20px !important;border-radius: 5px !important;}&#8221;][vc_single_image image=&#8221;2709&#8243; img_size=&#8221;full&#8221; style=&#8221;vc_box_rounded&#8221; css=&#8221;.vc_custom_1706261918009{border-radius: 5px !important;}&#8221;][\/vc_column][\/vc_row]\" \/>\n<meta property=\"og:url\" content=\"https:\/\/www.4h.se\/stattared\/bokning-av-friluftspaket\/\" \/>\n<meta property=\"og:site_name\" content=\"St\u00e4ttareds 4H-g\u00e5rd\" \/>\n<meta property=\"article:modified_time\" content=\"2025-12-26T13:21:01+00:00\" \/>\n<meta name=\"twitter:card\" content=\"summary_large_image\" \/>\n<script type=\"application\/ld+json\" class=\"yoast-schema-graph\">{\"@context\":\"https:\\\/\\\/schema.org\",\"@graph\":[{\"@type\":\"WebPage\",\"@id\":\"https:\\\/\\\/www.4h.se\\\/stattared\\\/bokning-av-friluftspaket\\\/\",\"url\":\"https:\\\/\\\/www.4h.se\\\/stattared\\\/bokning-av-friluftspaket\\\/\",\"name\":\"Bokning av friluftspaket - St\u00e4ttareds 4H-g\u00e5rd\",\"isPartOf\":{\"@id\":\"https:\\\/\\\/www.4h.se\\\/stattared\\\/#website\"},\"datePublished\":\"2024-01-26T09:45:02+00:00\",\"dateModified\":\"2025-12-26T13:21:01+00:00\",\"breadcrumb\":{\"@id\":\"https:\\\/\\\/www.4h.se\\\/stattared\\\/bokning-av-friluftspaket\\\/#breadcrumb\"},\"inLanguage\":\"sv-SE\",\"potentialAction\":[{\"@type\":\"ReadAction\",\"target\":[\"https:\\\/\\\/www.4h.se\\\/stattared\\\/bokning-av-friluftspaket\\\/\"]}]},{\"@type\":\"BreadcrumbList\",\"@id\":\"https:\\\/\\\/www.4h.se\\\/stattared\\\/bokning-av-friluftspaket\\\/#breadcrumb\",\"itemListElement\":[{\"@type\":\"ListItem\",\"position\":1,\"name\":\"Hem\",\"item\":\"https:\\\/\\\/www.4h.se\\\/stattared\\\/\"},{\"@type\":\"ListItem\",\"position\":2,\"name\":\"Bokning av friluftspaket\"}]},{\"@type\":\"WebSite\",\"@id\":\"https:\\\/\\\/www.4h.se\\\/stattared\\\/#website\",\"url\":\"https:\\\/\\\/www.4h.se\\\/stattared\\\/\",\"name\":\"St\u00e4ttareds 4H-g\u00e5rd\",\"description\":\"mer \u00e4n bara en g\u00e5rd\",\"potentialAction\":[{\"@type\":\"SearchAction\",\"target\":{\"@type\":\"EntryPoint\",\"urlTemplate\":\"https:\\\/\\\/www.4h.se\\\/stattared\\\/?s={search_term_string}\"},\"query-input\":{\"@type\":\"PropertyValueSpecification\",\"valueRequired\":true,\"valueName\":\"search_term_string\"}}],\"inLanguage\":\"sv-SE\"}]}<\/script>\n<!-- \/ Yoast SEO plugin. -->","yoast_head_json":{"title":"Bokning av friluftspaket - St\u00e4ttareds 4H-g\u00e5rd","robots":{"index":"index","follow":"follow","max-snippet":"max-snippet:-1","max-image-preview":"max-image-preview:large","max-video-preview":"max-video-preview:-1"},"canonical":"https:\/\/www.4h.se\/stattared\/bokning-av-friluftspaket\/","og_locale":"sv_SE","og_type":"article","og_title":"Bokning av friluftspaket - St\u00e4ttareds 4H-g\u00e5rd","og_description":"[vc_row full_width=&#8221;stretch_row&#8221; css=&#8221;.vc_custom_1706261991121{background-color: #006340 !important;}&#8221;][vc_column][\/vc_column][\/vc_row][vc_row full_width=&#8221;stretch_row&#8221; gap=&#8221;5&#8243; css=&#8221;.vc_custom_1706262000199{background-color: #006340 !important;}&#8221;][vc_column width=&#8221;1\/2&#8243; css=&#8221;.vc_custom_1706261842279{background-color: #ffffff !important;border-radius: 5px !important;}&#8221;][vc_column_text css=&#8221;.vc_custom_1706262885876{margin-top: -20px !important;}&#8221;] BOKNING AV FRILUFTSPAKETET [\/vc_column_text][vc_column_text] [\/vc_column_text][\/vc_column][vc_column width=&#8221;1\/2&#8243; css=&#8221;.vc_custom_1706261855525{background-color: #ffffff !important;border-radius: 5px !important;}&#8221;][vc_single_image image=&#8221;3432&#8243; img_size=&#8221;full&#8221; style=&#8221;vc_box_rounded&#8221; css=&#8221;.vc_custom_1706262777087{margin-top: -20px !important;border-radius: 5px !important;}&#8221;][vc_single_image image=&#8221;2709&#8243; img_size=&#8221;full&#8221; style=&#8221;vc_box_rounded&#8221; css=&#8221;.vc_custom_1706261918009{border-radius: 5px !important;}&#8221;][\/vc_column][\/vc_row]","og_url":"https:\/\/www.4h.se\/stattared\/bokning-av-friluftspaket\/","og_site_name":"St\u00e4ttareds 4H-g\u00e5rd","article_modified_time":"2025-12-26T13:21:01+00:00","twitter_card":"summary_large_image","schema":{"@context":"https:\/\/schema.org","@graph":[{"@type":"WebPage","@id":"https:\/\/www.4h.se\/stattared\/bokning-av-friluftspaket\/","url":"https:\/\/www.4h.se\/stattared\/bokning-av-friluftspaket\/","name":"Bokning av friluftspaket - St\u00e4ttareds 4H-g\u00e5rd","isPartOf":{"@id":"https:\/\/www.4h.se\/stattared\/#website"},"datePublished":"2024-01-26T09:45:02+00:00","dateModified":"2025-12-26T13:21:01+00:00","breadcrumb":{"@id":"https:\/\/www.4h.se\/stattared\/bokning-av-friluftspaket\/#breadcrumb"},"inLanguage":"sv-SE","potentialAction":[{"@type":"ReadAction","target":["https:\/\/www.4h.se\/stattared\/bokning-av-friluftspaket\/"]}]},{"@type":"BreadcrumbList","@id":"https:\/\/www.4h.se\/stattared\/bokning-av-friluftspaket\/#breadcrumb","itemListElement":[{"@type":"ListItem","position":1,"name":"Hem","item":"https:\/\/www.4h.se\/stattared\/"},{"@type":"ListItem","position":2,"name":"Bokning av friluftspaket"}]},{"@type":"WebSite","@id":"https:\/\/www.4h.se\/stattared\/#website","url":"https:\/\/www.4h.se\/stattared\/","name":"St\u00e4ttareds 4H-g\u00e5rd","description":"mer \u00e4n bara en g\u00e5rd","potentialAction":[{"@type":"SearchAction","target":{"@type":"EntryPoint","urlTemplate":"https:\/\/www.4h.se\/stattared\/?s={search_term_string}"},"query-input":{"@type":"PropertyValueSpecification","valueRequired":true,"valueName":"search_term_string"}}],"inLanguage":"sv-SE"}]}},"_links":{"self":[{"href":"https:\/\/www.4h.se\/stattared\/wp-json\/wp\/v2\/pages\/3666","targetHints":{"allow":["GET"]}}],"collection":[{"href":"https:\/\/www.4h.se\/stattared\/wp-json\/wp\/v2\/pages"}],"about":[{"href":"https:\/\/www.4h.se\/stattared\/wp-json\/wp\/v2\/types\/page"}],"author":[{"embeddable":true,"href":"https:\/\/www.4h.se\/stattared\/wp-json\/wp\/v2\/users\/64"}],"replies":[{"embeddable":true,"href":"https:\/\/www.4h.se\/stattared\/wp-json\/wp\/v2\/comments?post=3666"}],"version-history":[{"count":0,"href":"https:\/\/www.4h.se\/stattared\/wp-json\/wp\/v2\/pages\/3666\/revisions"}],"wp:attachment":[{"href":"https:\/\/www.4h.se\/stattared\/wp-json\/wp\/v2\/media?parent=3666"}],"curies":[{"name":"wp","href":"https:\/\/api.w.org\/{rel}","templated":true}]}}