



{"id":355,"date":"2015-12-16T23:13:52","date_gmt":"2015-12-16T22:13:52","guid":{"rendered":"http:\/\/www.4h.se\/stattared\/?page_id=355"},"modified":"2025-12-26T14:21:02","modified_gmt":"2025-12-26T13:21:02","slug":"hitta-hit","status":"publish","type":"page","link":"https:\/\/www.4h.se\/stattared\/hitta-hit\/","title":{"rendered":"Hitta hit"},"content":{"rendered":"<div class=\"wpb-content-wrapper\"><p>[vc_row full_width=&#8221;stretch_row&#8221; gap=&#8221;10&#8243; css=&#8221;.vc_custom_1646750361951{background-color: #006340 !important;}&#8221;][vc_column width=&#8221;2\/3&#8243; css=&#8221;.vc_custom_1646750295873{margin-top: 20px !important;margin-bottom: 20px !important;background-color: #ffffff !important;border-radius: 5px !important;}&#8221;][vc_column_text css=&#8221;.vc_custom_1646750206914{margin-top: -30px !important;}&#8221;]<\/p>\n<h3><strong>Hitta hit<\/strong><\/h3>\n<p>[\/vc_column_text][vc_separator color=&#8221;custom&#8221; border_width=&#8221;2&#8243; accent_color=&#8221;#006340&#8243; css=&#8221;.vc_custom_1646750230619{margin-top: 10px !important;}&#8221;][vc_column_text]<\/p>\n<div class=\"dslc-modules-section \">\n<div class=\"dslc-modules-section-wrapper dslc-clearfix\">\n<div class=\"dslc-modules-area dslc-col dslc-12-col dslc-last-col\">\n<div id=\"dslc-module-225\" class=\"dslc-module-front dslc-module-Designfuture_Text_Module dslc-in-viewport-check dslc-in-viewport-anim-none dslc-module-handle-like-regular dslc-in-viewport\">\n<div class=\"dslc-text-module-content\">\n<p class=\"head1\"><strong>St\u00e4ttared ligger ca 3 mil fr\u00e5n Varberg<\/strong><\/p>\n<div class=\"txFixP\">\n<p>Fr\u00e5n avfart 55 p\u00e5 E6:an. K\u00f6r \u00f6sterut p\u00e5 v\u00e4g 41 till Veddige ca 12 km. Inne i Veddige samh\u00e4lle (strax efter Hemk\u00f6p\/Varbergs Sparbank) tag v\u00e4nster vid skylt St\u00e4ttared (in p\u00e5 Kullav\u00e4gen). Efter drygt 6 km tag h\u00f6ger vid skylt St\u00e4ttared 3. Du har nu ca\u00a03 km till g\u00e5rden.<\/p>\n<p><strong>St\u00e4ttared ligger ca 3 mil fr\u00e5n Kungsbacka\u00a0<\/strong><\/p>\n<p>Fr\u00e5n avfart 57 p\u00e5 E6:an. F\u00f6lj skylt St\u00e4ttared 11 och k\u00f6r \u00f6sterut mot Horred. Efter drygt 5,5 km tag h\u00f6ger vid skylt St\u00e4ttared 6. Efter ett par hundra meter tag v\u00e4nster vid skylt St\u00e4ttared 5, efter knappt 4 km tag h\u00f6ger vid skylt St\u00e4ttared. Du har nu drygt 1 km till g\u00e5rden.<\/p>\n<p><strong>St\u00e4ttared ligger ca 1,2 mil fr\u00e5n Horred<\/strong><\/p>\n<p>Inne i Horred f\u00f6lj skylt Idala 10 och Helsj\u00f6n 5, k\u00f6r norrut p\u00e5 Helsj\u00f6v\u00e4gen mot Idala. Efter drygt 8 km tag v\u00e4nster in p\u00e5 St\u00e4ttaredsv\u00e4gen. Skylt St\u00e4ttared 4 (bussh\u00e5llplats Backen). Efter 3 km tag v\u00e4nster vid skylt St\u00e4ttared. Du har nu ca 1 km till g\u00e5rden.<\/p>\n<p>Karta och v\u00e4gbeskrivning f\u00f6r utskrift:<a class=\"blueLink\" href=\"http:\/\/stattareds4h.se\/_Halland\/Upload\/0\/File\/HittaTillStattared.pdf\">\u00a0<\/a><a href=\"https:\/\/www.4h.se\/stattared\/wp-content\/uploads\/sites\/77\/2015\/12\/Hitta-till-St\u00e4ttareds-4H-g\u00e5rd.pdf\">Hitta till St\u00e4ttareds 4H-g\u00e5rd<\/a><\/p>\n<p><strong>Kollektivtrafik<\/strong><\/p>\n<p>Fr\u00e5n Kungsbacka eller Horred linje 744 h\u00e5llplats &#8221;Backen&#8221;. Fr\u00e5n h\u00e5llplatsen \u00e4r det 4,4 km att g\u00e5 till g\u00e5rden.<\/p>\n<p>Fr\u00e5n Kungsbacka linje 746 h\u00e5llplats &#8221;St\u00e4ttaredsv\u00e4gen&#8221;. Fr\u00e5n h\u00e5llplatsen \u00e4r det 2,6 km att g\u00e5 till g\u00e5rden.<\/p><\/div>\n<\/div>\n<\/div>\n<\/div>\n<\/div>\n<\/div>\n<p>[\/vc_column_text][vc_row_inner][vc_column_inner][vc_column_text]<\/p>\n<h3 class=\"head1\"><strong>Parkeringsavgift inom friluftsomr\u00e5det<\/strong><\/h3>\n<div class=\"txFixP\">\n<p>Det kostar 40 kr f\u00f6r 12 timmars parkering inom St\u00e4ttareds friluftsomr\u00e5de. Ist\u00e4llet f\u00f6r en allm\u00e4n entr\u00e9avgift har vi sedan 2013 valt detta s\u00e4tt att f\u00e5 in pengar till att bedriva verksamheten p\u00e5 St\u00e4ttared. Vid st\u00f6rre evenemang \u00e4r parkeringsavgiften 60 kr. Avgiften g\u00e5r oavkortat till St\u00e4ttareds 4H-klubb.<\/p>\n<p>Det finns en parkeringstavla p\u00e5 omr\u00e5det. Den st\u00e5r vid elsk\u00e5pet och lampan p\u00e5 stora parkeringen.<\/p>\n<p>Det g\u00e5r att betala via Swish eller tj\u00e4nsten EasyPark. \u00a0N\u00e4r g\u00e5rdscaf\u00e9et \u00e4r \u00f6ppet g\u00e5r det bra att betala avgiften med kort i kassan.<\/p>\n<p><b>\u00c5rskort:<\/b><\/p>\n<p>F\u00f6r dig som bes\u00f6ker St\u00e4ttareds friluftsomr\u00e5de ofta finns det nu ett \u00e5rskort. F\u00f6r 350 kr f\u00e5r man parkera inom St\u00e4ttareds friluftsomr\u00e5de under 12 m\u00e5nader. \u00c5rskorten g\u00e4ller inte vid arrangemang d\u00e5 f\u00f6rh\u00f6jd parkeringsavgift tas ut.<\/p>\n<p>&nbsp;<\/p>\n<\/div>\n<p>[\/vc_column_text][\/vc_column_inner][\/vc_row_inner][\/vc_column][vc_column width=&#8221;1\/3&#8243; css=&#8221;.vc_custom_1646750303867{margin-top: 20px !important;margin-bottom: 20px !important;background-color: #ffffff !important;border-radius: 5px !important;}&#8221;][vc_column_text css=&#8221;.vc_custom_1646750351089{margin-top: -30px !important;}&#8221;]<\/p>\n<h3>Karta<\/h3>\n<p>[\/vc_column_text][vc_separator color=&#8221;custom&#8221; border_width=&#8221;2&#8243; accent_color=&#8221;#006340&#8243; css=&#8221;.vc_custom_1646750230619{margin-top: 10px !important;}&#8221;][vc_single_image image=&#8221;436&#8243; img_size=&#8221;full&#8221; style=&#8221;vc_box_rounded&#8221;][vc_gmaps link=&#8221;#E-8_JTNDaWZyYW1lJTIwc3JjJTNEJTIyaHR0cHMlM0ElMkYlMkZ3d3cuZ29vZ2xlLmNvbSUyRm1hcHMlMkZlbWJlZCUzRnBiJTNEJTIxMW0xOCUyMTFtMTIlMjExbTMlMjExZDIxNTMuMjQ3NjI3OTExNTM4NSUyMTJkMTIuMzM3ODk1MzE2MTA5MjY2JTIxM2Q1Ny4zMzc3NTg4NzYxMDc5NSUyMTJtMyUyMTFmMCUyMTJmMCUyMTNmMCUyMTNtMiUyMTFpMTAyNCUyMTJpNzY4JTIxNGYxMy4xJTIxM20zJTIxMW0yJTIxMXMweDQ2NTAyMDk2YTA1NDUzYjElMjUzQTB4YWZlY2Y4YWI5YWY4ODhlOSUyMTJzU3QlMjVDMyUyNUE0dHRhcmVkcyUyQjRILWclMjVDMyUyNUE1cmQlMkIlMjUyNiUyQnZhbmRyYXJoZW0lMjE1ZTAlMjEzbTIlMjExc3N2JTIxMnNzZSUyMTR2MTUyMTAxNjg4OTUyMSUyMiUyMHdpZHRoJTNEJTIyNjAwJTIyJTIwaGVpZ2h0JTNEJTIyNDUwJTIyJTIwZnJhbWVib3JkZXIlM0QlMjIwJTIyJTIwc3R5bGUlM0QlMjJib3JkZXIlM0EwJTIyJTIwYWxsb3dmdWxsc2NyZWVuJTNFJTNDJTJGaWZyYW1lJTNF&#8221;][\/vc_column][\/vc_row][vc_row][vc_column][\/vc_column][\/vc_row][vc_row][vc_column][\/vc_column][\/vc_row][vc_row][vc_column][\/vc_column][\/vc_row]<\/p>\n<\/div>","protected":false},"excerpt":{"rendered":"<p>[vc_row full_width=&#8221;stretch_row&#8221; gap=&#8221;10&#8243; css=&#8221;.vc_custom_1646750361951{background-color: #006340 !important;}&#8221;][vc_column width=&#8221;2\/3&#8243; css=&#8221;.vc_custom_1646750295873{margin-top: 20px !important;margin-bottom: 20px !important;background-color: #ffffff !important;border-radius: 5px !important;}&#8221;][vc_column_text css=&#8221;.vc_custom_1646750206914{margin-top: -30px !important;}&#8221;] Hitta hit [\/vc_column_text][vc_separator color=&#8221;custom&#8221; border_width=&#8221;2&#8243; accent_color=&#8221;#006340&#8243; css=&#8221;.vc_custom_1646750230619{margin-top: 10px !important;}&#8221;][vc_column_text] St\u00e4ttared ligger ca 3 mil fr\u00e5n Varberg Fr\u00e5n avfart 55 p\u00e5 E6:an. K\u00f6r \u00f6sterut p\u00e5 v\u00e4g 41 till Veddige ca 12 km. Inne i Veddige samh\u00e4lle (strax&nbsp; <a href=\"https:\/\/www.4h.se\/stattared\/hitta-hit\/\">&hellip; Read more <i class=\"glyphicon glyphicon-arrow-right\"><\/i><\/a><\/p>\n","protected":false},"author":36,"featured_media":0,"parent":0,"menu_order":114,"comment_status":"closed","ping_status":"closed","template":"","meta":{"_acf_changed":false,"footnotes":""},"class_list":["post-355","page","type-page","status-publish","hentry"],"acf":[],"yoast_head":"<!-- This site is optimized with the Yoast SEO plugin v27.5 - https:\/\/yoast.com\/product\/yoast-seo-wordpress\/ -->\n<title>Hitta hit - St\u00e4ttareds 4H-g\u00e5rd<\/title>\n<meta name=\"robots\" content=\"index, follow, max-snippet:-1, max-image-preview:large, max-video-preview:-1\" \/>\n<link rel=\"canonical\" href=\"https:\/\/www.4h.se\/stattared\/hitta-hit\/\" \/>\n<meta property=\"og:locale\" content=\"sv_SE\" \/>\n<meta property=\"og:type\" content=\"article\" \/>\n<meta property=\"og:title\" content=\"Hitta hit - St\u00e4ttareds 4H-g\u00e5rd\" \/>\n<meta property=\"og:description\" content=\"[vc_row full_width=&#8221;stretch_row&#8221; gap=&#8221;10&#8243; css=&#8221;.vc_custom_1646750361951{background-color: #006340 !important;}&#8221;][vc_column width=&#8221;2\/3&#8243; css=&#8221;.vc_custom_1646750295873{margin-top: 20px !important;margin-bottom: 20px !important;background-color: #ffffff !important;border-radius: 5px !important;}&#8221;][vc_column_text css=&#8221;.vc_custom_1646750206914{margin-top: -30px !important;}&#8221;] Hitta hit [\/vc_column_text][vc_separator color=&#8221;custom&#8221; border_width=&#8221;2&#8243; accent_color=&#8221;#006340&#8243; css=&#8221;.vc_custom_1646750230619{margin-top: 10px !important;}&#8221;][vc_column_text] St\u00e4ttared ligger ca 3 mil fr\u00e5n Varberg Fr\u00e5n avfart 55 p\u00e5 E6:an. K\u00f6r \u00f6sterut p\u00e5 v\u00e4g 41 till Veddige ca 12 km. Inne i Veddige samh\u00e4lle (strax&nbsp; &hellip; Read more\" \/>\n<meta property=\"og:url\" content=\"https:\/\/www.4h.se\/stattared\/hitta-hit\/\" \/>\n<meta property=\"og:site_name\" content=\"St\u00e4ttareds 4H-g\u00e5rd\" \/>\n<meta property=\"article:modified_time\" content=\"2025-12-26T13:21:02+00:00\" \/>\n<meta name=\"twitter:card\" content=\"summary_large_image\" \/>\n<meta name=\"twitter:label1\" content=\"Ber\u00e4knad l\u00e4stid\" \/>\n\t<meta name=\"twitter:data1\" content=\"3 minuter\" \/>\n<script type=\"application\/ld+json\" class=\"yoast-schema-graph\">{\"@context\":\"https:\\\/\\\/schema.org\",\"@graph\":[{\"@type\":\"WebPage\",\"@id\":\"https:\\\/\\\/www.4h.se\\\/stattared\\\/hitta-hit\\\/\",\"url\":\"https:\\\/\\\/www.4h.se\\\/stattared\\\/hitta-hit\\\/\",\"name\":\"Hitta hit - St\u00e4ttareds 4H-g\u00e5rd\",\"isPartOf\":{\"@id\":\"https:\\\/\\\/www.4h.se\\\/stattared\\\/#website\"},\"datePublished\":\"2015-12-16T22:13:52+00:00\",\"dateModified\":\"2025-12-26T13:21:02+00:00\",\"breadcrumb\":{\"@id\":\"https:\\\/\\\/www.4h.se\\\/stattared\\\/hitta-hit\\\/#breadcrumb\"},\"inLanguage\":\"sv-SE\",\"potentialAction\":[{\"@type\":\"ReadAction\",\"target\":[\"https:\\\/\\\/www.4h.se\\\/stattared\\\/hitta-hit\\\/\"]}]},{\"@type\":\"BreadcrumbList\",\"@id\":\"https:\\\/\\\/www.4h.se\\\/stattared\\\/hitta-hit\\\/#breadcrumb\",\"itemListElement\":[{\"@type\":\"ListItem\",\"position\":1,\"name\":\"Hem\",\"item\":\"https:\\\/\\\/www.4h.se\\\/stattared\\\/\"},{\"@type\":\"ListItem\",\"position\":2,\"name\":\"Hitta hit\"}]},{\"@type\":\"WebSite\",\"@id\":\"https:\\\/\\\/www.4h.se\\\/stattared\\\/#website\",\"url\":\"https:\\\/\\\/www.4h.se\\\/stattared\\\/\",\"name\":\"St\u00e4ttareds 4H-g\u00e5rd\",\"description\":\"mer \u00e4n bara en g\u00e5rd\",\"potentialAction\":[{\"@type\":\"SearchAction\",\"target\":{\"@type\":\"EntryPoint\",\"urlTemplate\":\"https:\\\/\\\/www.4h.se\\\/stattared\\\/?s={search_term_string}\"},\"query-input\":{\"@type\":\"PropertyValueSpecification\",\"valueRequired\":true,\"valueName\":\"search_term_string\"}}],\"inLanguage\":\"sv-SE\"}]}<\/script>\n<!-- \/ Yoast SEO plugin. -->","yoast_head_json":{"title":"Hitta hit - St\u00e4ttareds 4H-g\u00e5rd","robots":{"index":"index","follow":"follow","max-snippet":"max-snippet:-1","max-image-preview":"max-image-preview:large","max-video-preview":"max-video-preview:-1"},"canonical":"https:\/\/www.4h.se\/stattared\/hitta-hit\/","og_locale":"sv_SE","og_type":"article","og_title":"Hitta hit - St\u00e4ttareds 4H-g\u00e5rd","og_description":"[vc_row full_width=&#8221;stretch_row&#8221; gap=&#8221;10&#8243; css=&#8221;.vc_custom_1646750361951{background-color: #006340 !important;}&#8221;][vc_column width=&#8221;2\/3&#8243; css=&#8221;.vc_custom_1646750295873{margin-top: 20px !important;margin-bottom: 20px !important;background-color: #ffffff !important;border-radius: 5px !important;}&#8221;][vc_column_text css=&#8221;.vc_custom_1646750206914{margin-top: -30px !important;}&#8221;] Hitta hit [\/vc_column_text][vc_separator color=&#8221;custom&#8221; border_width=&#8221;2&#8243; accent_color=&#8221;#006340&#8243; css=&#8221;.vc_custom_1646750230619{margin-top: 10px !important;}&#8221;][vc_column_text] St\u00e4ttared ligger ca 3 mil fr\u00e5n Varberg Fr\u00e5n avfart 55 p\u00e5 E6:an. K\u00f6r \u00f6sterut p\u00e5 v\u00e4g 41 till Veddige ca 12 km. Inne i Veddige samh\u00e4lle (strax&nbsp; &hellip; Read more","og_url":"https:\/\/www.4h.se\/stattared\/hitta-hit\/","og_site_name":"St\u00e4ttareds 4H-g\u00e5rd","article_modified_time":"2025-12-26T13:21:02+00:00","twitter_card":"summary_large_image","twitter_misc":{"Ber\u00e4knad l\u00e4stid":"3 minuter"},"schema":{"@context":"https:\/\/schema.org","@graph":[{"@type":"WebPage","@id":"https:\/\/www.4h.se\/stattared\/hitta-hit\/","url":"https:\/\/www.4h.se\/stattared\/hitta-hit\/","name":"Hitta hit - St\u00e4ttareds 4H-g\u00e5rd","isPartOf":{"@id":"https:\/\/www.4h.se\/stattared\/#website"},"datePublished":"2015-12-16T22:13:52+00:00","dateModified":"2025-12-26T13:21:02+00:00","breadcrumb":{"@id":"https:\/\/www.4h.se\/stattared\/hitta-hit\/#breadcrumb"},"inLanguage":"sv-SE","potentialAction":[{"@type":"ReadAction","target":["https:\/\/www.4h.se\/stattared\/hitta-hit\/"]}]},{"@type":"BreadcrumbList","@id":"https:\/\/www.4h.se\/stattared\/hitta-hit\/#breadcrumb","itemListElement":[{"@type":"ListItem","position":1,"name":"Hem","item":"https:\/\/www.4h.se\/stattared\/"},{"@type":"ListItem","position":2,"name":"Hitta hit"}]},{"@type":"WebSite","@id":"https:\/\/www.4h.se\/stattared\/#website","url":"https:\/\/www.4h.se\/stattared\/","name":"St\u00e4ttareds 4H-g\u00e5rd","description":"mer \u00e4n bara en g\u00e5rd","potentialAction":[{"@type":"SearchAction","target":{"@type":"EntryPoint","urlTemplate":"https:\/\/www.4h.se\/stattared\/?s={search_term_string}"},"query-input":{"@type":"PropertyValueSpecification","valueRequired":true,"valueName":"search_term_string"}}],"inLanguage":"sv-SE"}]}},"_links":{"self":[{"href":"https:\/\/www.4h.se\/stattared\/wp-json\/wp\/v2\/pages\/355","targetHints":{"allow":["GET"]}}],"collection":[{"href":"https:\/\/www.4h.se\/stattared\/wp-json\/wp\/v2\/pages"}],"about":[{"href":"https:\/\/www.4h.se\/stattared\/wp-json\/wp\/v2\/types\/page"}],"author":[{"embeddable":true,"href":"https:\/\/www.4h.se\/stattared\/wp-json\/wp\/v2\/users\/36"}],"replies":[{"embeddable":true,"href":"https:\/\/www.4h.se\/stattared\/wp-json\/wp\/v2\/comments?post=355"}],"version-history":[{"count":0,"href":"https:\/\/www.4h.se\/stattared\/wp-json\/wp\/v2\/pages\/355\/revisions"}],"wp:attachment":[{"href":"https:\/\/www.4h.se\/stattared\/wp-json\/wp\/v2\/media?parent=355"}],"curies":[{"name":"wp","href":"https:\/\/api.w.org\/{rel}","templated":true}]}}