



{"id":3149,"date":"2020-08-28T13:21:21","date_gmt":"2020-08-28T11:21:21","guid":{"rendered":"https:\/\/www.4h.se\/stattared\/?page_id=3149"},"modified":"2025-12-26T14:21:02","modified_gmt":"2025-12-26T13:21:02","slug":"helgaktiviteter","status":"publish","type":"page","link":"https:\/\/www.4h.se\/stattared\/helgaktiviteter\/","title":{"rendered":"Helgaktiviteter"},"content":{"rendered":"<div class=\"wpb-content-wrapper\"><p>[vc_row full_width=&#8221;stretch_row&#8221; css=&#8221;.vc_custom_1701953903350{margin-top: -20px !important;background-color: #006340 !important;}&#8221;][vc_column css=&#8221;.vc_custom_1701953923539{margin-top: 20px !important;background-color: #ffffff !important;border-radius: 5px !important;}&#8221;][vc_column_text]<\/p>\n<h2 class=\"kvgmc6g5 cxmmr5t8 oygrvhab hcukyx3x c1et5uql\"><strong>Kulturaktiviteter <\/strong><\/h2>\n<p class=\"kvgmc6g5 cxmmr5t8 oygrvhab hcukyx3x c1et5uql\">Med bidrag fr\u00e5n Kultur &amp; Fritid, Kungsbacka Kommun kommer vi under 2024 forts\u00e4tta kunna erbjuda kulturaktiviteter under helger fr\u00e5n april tom september.<\/p>\n<p>&nbsp;<\/p>\n<div class=\"kvgmc6g5 cxmmr5t8 oygrvhab hcukyx3x c1et5uql\"><\/div>\n<p>[\/vc_column_text][\/vc_column][\/vc_row][vc_row full_width=&#8221;stretch_row&#8221; gap=&#8221;5&#8243; css=&#8221;.vc_custom_1721826104910{margin-top: -20px !important;background-color: #006340 !important;}&#8221;][vc_column width=&#8221;1\/3&#8243; css=&#8221;.vc_custom_1715172955351{background-color: #ffffff !important;border-radius: 5px !important;}&#8221;][vc_single_image image=&#8221;3714&#8243; img_size=&#8221;full&#8221; style=&#8221;vc_box_rounded&#8221; css=&#8221;.vc_custom_1715176995378{margin-top: -20px !important;border-radius: 5px !important;}&#8221;][vc_column_text]<\/p>\n<div id=\"app\">\n<div id=\"appContainer\" class=\"QdrUx body-156\">\n<div class=\"Flvp1 customScrollBar\">\n<div id=\"mainApp\" class=\"NzIuH\">\n<div class=\"gU1Tf\">\n<div class=\"I3sS5\">\n<div id=\"MainModule\" class=\"FJ4hV\">\n<div class=\"SW7A6\">\n<div class=\"LBktY\">\n<div class=\"q9iRC css-295\" data-max-width=\"2400\">\n<div class=\"HOVUa\">\n<div class=\"nbmyu FkPdL czwRD LCprM\">\n<div id=\"Hoppa till meddelandet-region\" class=\"Mq3cC css-301\" role=\"main\" data-app-section=\"MailReadCompose\" aria-label=\"L\u00e4sf\u00f6nster\" data-skip-link-name=\"Hoppa till meddelandet\">\n<div id=\"ReadingPaneContainerId\" class=\"Xsklh VJZZC\">\n<div class=\"g_zET\">\n<div class=\"NiD4s\">\n<div id=\"ConversationReadingPaneContainer\" class=\"MtujV\">\n<div class=\"L72vd\">\n<div class=\"Q8TCC yyYQP customScrollBar\" aria-label=\"2 meddelanden\" data-app-section=\"ConversationContainer\" data-is-scrollable=\"true\">\n<div class=\"aVla3\">\n<div class=\"\">\n<div class=\"wide-content-host\">\n<div class=\"SlLx9 WWy1F WWy1F\" aria-label=\"E-postmeddelande\">\n<div id=\"UniqueMessageBody\" class=\"XbIp4 jmmB7 GNqVo allowTextSelection OuGoX\" role=\"document\" aria-label=\"Meddelandetext\">\n<div dir=\"ltr\">\n<h3><strong>L\u00e4r dig g\u00f6ra EGET SCHAMPO<\/strong><\/h3>\n<h4>Kl 10\u221211:30 \u2022 L\u00d6RDAGEN DEN 3 AUGUSTI \u2022<\/h4>\n<hr \/>\n<p>Marie Lundell l\u00e4r ut konsten att g\u00f6ra eget schampo.<\/p>\n<p>Schampot g\u00f6rs av naturliga r\u00e5varor och resultatet f\u00e5r du ta med dig hem.<\/p>\n<p>&nbsp;<\/p>\n<p><strong>Kostnad:<\/strong> 200 kr per person.<\/p>\n<p><strong>Plats:<\/strong> L\u00e4gerk\u00f6ket p\u00e5 St\u00e4ttareds 4H-g\u00e5rd<\/p>\n<p><strong>Sista anm\u00e4lningsdag: 29 juli.\u00a0<\/strong><\/p>\n<\/div>\n<\/div>\n<\/div>\n<\/div>\n<\/div>\n<\/div>\n<\/div>\n<\/div>\n<\/div>\n<\/div>\n<\/div>\n<\/div>\n<\/div>\n<\/div>\n<\/div>\n<\/div>\n<\/div>\n<\/div>\n<\/div>\n<\/div>\n<\/div>\n<\/div>\n<\/div>\n<\/div>\n<\/div>\n<div id=\"fluent-default-layer-host\">\n<div id=\"LivePersonaCardRootElement\" class=\"lpc_ip_root_class LivePersonaCardScrollBar\" data-tabster=\"{&quot;root&quot;: {}, &quot;focusable&quot;: { &quot;ignoreKeydown&quot;: { &quot;Tab&quot;: true } } }\"><\/div>\n<\/div>\n<p>[\/vc_column_text][vc_btn title=&#8221;Anm\u00e4l dig h\u00e4r!&#8221; color=&#8221;green&#8221; align=&#8221;left&#8221; button_block=&#8221;true&#8221; link=&#8221;url:https%3A%2F%2Fwww.antribe.com%2Forg%2F4h%2Fstattareds-4h%2Fevent%2Fgor-din-egna-salva-2-juni-2-1&#8243;][\/vc_column][vc_column width=&#8221;1\/3&#8243; css=&#8221;.vc_custom_1715172967090{background-color: #ffffff !important;border-radius: 5px !important;}&#8221;][vc_single_image image=&#8221;3773&#8243; img_size=&#8221;full&#8221; style=&#8221;vc_box_rounded&#8221; css=&#8221;.vc_custom_1719320601647{margin-top: -20px !important;border-radius: 5px !important;}&#8221;][vc_column_text css=&#8221;&#8221;]<\/p>\n<div dir=\"ltr\">\n<h3 class=\"wp-block-heading\">L\u00e4r dig ATT SL\u00c5 med LIE<\/h3>\n<h4>\u2022 kl 9-16 \u2022 s\u00f6ndagen den 25 augusti \u2022<\/h4>\n<p class=\"x_MsoNormal\">V\u00e4lkommen att l\u00e4ra dig sl\u00e5 med\u00a0<span class=\"markqv9me3nbk\" data-markjs=\"true\" data-ogac=\"\" data-ogab=\"\" data-ogsc=\"\" data-ogsb=\"\">lie<\/span>\u00a0under ledning av\u00a0<span class=\"markqv9me3nbk\" data-markjs=\"true\" data-ogac=\"\" data-ogab=\"\" data-ogsc=\"\" data-ogsb=\"\">lie<\/span>instrukt\u00f6r Jenny Nilsson.<\/p>\n<p class=\"x_MsoNormal\">Under kursen l\u00e4r du dig bland annat:<\/p>\n<p class=\"x_MsoNormal\">*Ergonomisk sl\u00e5tterteknik<\/p>\n<p class=\"x_MsoNormal\">*Att underh\u00e5lla\u00a0<span class=\"markqv9me3nbk\" data-markjs=\"true\" data-ogac=\"\" data-ogab=\"\" data-ogsc=\"\" data-ogsb=\"\">lie<\/span>ns sk\u00e4rpa genom bryning<\/p>\n<p class=\"x_MsoNormal\">*Att skapa\u00a0<span class=\"markqv9me3nbk\" data-markjs=\"true\" data-ogac=\"\" data-ogab=\"\" data-ogsc=\"\" data-ogsb=\"\">lie<\/span>ns grundsk\u00e4rpa genom knackning<\/p>\n<p class=\"x_MsoNormal\">*Att st\u00e4lla in utrustningen efter din kroppsl\u00e4ngd och kroppsform<\/p>\n<p class=\"x_MsoNormal\">*Grundl\u00e4ggande \u00e4ngskunskap och \u00e4ngssk\u00f6tsel<\/p>\n<p class=\"x_MsoNormal\">Alla deltagare f\u00e5r l\u00e5na komplett utrustning p\u00e5 kursen, men ta g\u00e4rna med gammal\u00a0<span class=\"markqv9me3nbk\" data-markjs=\"true\" data-ogac=\"\" data-ogab=\"\" data-ogsc=\"\" data-ogsb=\"\">lie<\/span>utrustning f\u00f6r bed\u00f6mning. \u00c4ven j\u00e4tterostiga liar kan vara bra!<\/p>\n<p class=\"x_MsoNormal\">K\u00f6p inget innan kursen om du inte \u00e4r hels\u00e4ker p\u00e5 vad du ska ha. Du f\u00e5r tips p\u00e5 kursen om vilka butiker och m\u00e4rken som \u00e4r bra. Det g\u00e5r \u00e4ven bra att handla direkt av Jenny som har med sig varor i bilen.<\/p>\n<p class=\"x_MsoNormal\">Ta med dig dricka, lunch och fika samt kl\u00e4der efter v\u00e4der<\/p>\n<p class=\"x_MsoNormal\"><a href=\"https:\/\/www.facebook.com\/pantersnigeln\" rel=\"noopener noreferrer\" data-auth=\"NotApplicable\" data-linkindex=\"1\">https:\/\/www.facebook.com\/pantersnigeln<\/a><\/p>\n<p class=\"x_MsoNormal\"><a href=\"https:\/\/www.instagram.com\/swedishscythemafia\/\" rel=\"noopener noreferrer\" data-auth=\"NotApplicable\" data-linkindex=\"2\">https:\/\/www.instagram.com\/swedishscythemafia<\/a><\/p>\n<\/div>\n<p>&nbsp;<\/p>\n<div dir=\"ltr\">\n<p><strong>Kostnad:<\/strong> 1 000 kr<\/p>\n<p>Sista anm\u00e4lningsdag: 19 augusti<\/p>\n<\/div>\n<p>[\/vc_column_text][vc_btn title=&#8221;Anm\u00e4l dig h\u00e4r, endast reservplatser&#8221; color=&#8221;green&#8221; align=&#8221;left&#8221; css=&#8221;&#8221; button_block=&#8221;true&#8221; link=&#8221;url:https%3A%2F%2Fwww.antribe.com%2Forg%2F4h%2Fstattareds-4h%2Fevent%2Flar-dig-sla-med-lie&#8221;][\/vc_column][vc_column width=&#8221;1\/3&#8243; css=&#8221;.vc_custom_1721825990031{background-color: #ffffff !important;border-radius: 5px !important;}&#8221;][vc_single_image image=&#8221;3700&#8243; img_size=&#8221;full&#8221; style=&#8221;vc_box_rounded&#8221; css=&#8221;.vc_custom_1712140206427{margin-top: -20px !important;border-radius: 5px !important;}&#8221;][vc_column_text]<\/p>\n<div dir=\"ltr\">\n<h3 class=\"wp-block-heading\">Kurs i g\u00e4rdesg\u00e5rd staket \/ sm\u00e5landsstaket<\/h3>\n<h4>\u2022 kl 9-16 \u2022 S\u00f6ndagen 18 augusti \u2022<\/h4>\n<h4><\/h4>\n<p>Vill du l\u00e4ra dig bygga en traditionell g\u00e4rdesg\u00e5rd helt utan st\u00e5ltr\u00e5d eller spik?<\/p>\n<p>Patricia Unnevi fr\u00e5n Anna-Britas kultur &amp; byggnadsv\u00e5rd kommer och h\u00e5ller kurs hos oss!<\/p>\n<p>P\u00e5 denna kursen f\u00e5r du l\u00e4ra dig baskunskaperna i hur du uppf\u00f6r en g\u00e4rdesg\u00e5rd (eller sm\u00e5landsstaket som det ocks\u00e5 kallas) med hj\u00e4lp av traditionella metoder och material. Vi bygger av rundvirke med br\u00e4nda st\u00f6rar och f\u00e4rska vidjor.<\/p>\n<p>Du kommer l\u00e4ra dig:<br \/>\nBearbetning av st\u00f6rar<br \/>\nHur man s\u00e4tter st\u00f6rarna s\u00e5 de blir stabila<br \/>\nTekniken f\u00f6r att l\u00e5sa fast vidjorna och skapa starka l\u00e4nkar<br \/>\nHur du anpassar och pusslar med slanor f\u00f6r r\u00e4tt dimensioner<br \/>\nHur du h\u00e5ller h\u00f6jden och anpassar efter marken<\/p>\n<p><strong>Kostnad:<\/strong> 1500 kr, fika &amp; lunch ing\u00e5r<\/p>\n<p>Sista anm\u00e4lningsdag: 4 augusti<\/p>\n<\/div>\n<p>[\/vc_column_text][vc_btn title=&#8221;Anm\u00e4l dig h\u00e4r&#8221; color=&#8221;green&#8221; align=&#8221;left&#8221; button_block=&#8221;true&#8221; link=&#8221;url:https%3A%2F%2Fwww.antribe.com%2Forg%2F4h%2Fstattareds-4h%2Fevent%2Flar-dig-bygga-gardesgard-18-augusti&#8221;][\/vc_column][\/vc_row][vc_row full_width=&#8221;stretch_row&#8221; gap=&#8221;5&#8243; css=&#8221;.vc_custom_1719148873647{background-color: #006340 !important;}&#8221;][vc_column width=&#8221;1\/3&#8243; css=&#8221;.vc_custom_1715177403624{margin-bottom: 20px !important;background-color: #ffffff !important;border-radius: 5px !important;}&#8221;][\/vc_column][vc_column width=&#8221;1\/3&#8243; css=&#8221;.vc_custom_1719148865111{background-color: #ffffff !important;border-radius: 5px !important;}&#8221;][\/vc_column][vc_column width=&#8221;1\/3&#8243;][\/vc_column][\/vc_row]<\/p>\n<\/div>","protected":false},"excerpt":{"rendered":"<p>[vc_row full_width=&#8221;stretch_row&#8221; css=&#8221;.vc_custom_1701953903350{margin-top: -20px !important;background-color: #006340 !important;}&#8221;][vc_column css=&#8221;.vc_custom_1701953923539{margin-top: 20px !important;background-color: #ffffff !important;border-radius: 5px !important;}&#8221;][vc_column_text] Kulturaktiviteter Med bidrag fr\u00e5n Kultur &amp; Fritid, Kungsbacka Kommun kommer vi under 2024 forts\u00e4tta kunna erbjuda kulturaktiviteter under helger fr\u00e5n april tom september. &nbsp; [\/vc_column_text][\/vc_column][\/vc_row][vc_row full_width=&#8221;stretch_row&#8221; gap=&#8221;5&#8243; css=&#8221;.vc_custom_1721826104910{margin-top: -20px !important;background-color: #006340 !important;}&#8221;][vc_column width=&#8221;1\/3&#8243; css=&#8221;.vc_custom_1715172955351{background-color: #ffffff !important;border-radius: 5px !important;}&#8221;][vc_single_image image=&#8221;3714&#8243; img_size=&#8221;full&#8221; style=&#8221;vc_box_rounded&#8221;&nbsp; <a href=\"https:\/\/www.4h.se\/stattared\/helgaktiviteter\/\">&hellip; Read more <i class=\"glyphicon glyphicon-arrow-right\"><\/i><\/a><\/p>\n","protected":false},"author":64,"featured_media":0,"parent":0,"menu_order":120,"comment_status":"closed","ping_status":"closed","template":"","meta":{"_acf_changed":false,"footnotes":""},"class_list":["post-3149","page","type-page","status-publish","hentry"],"acf":[],"yoast_head":"<!-- This site is optimized with the Yoast SEO plugin v27.5 - https:\/\/yoast.com\/product\/yoast-seo-wordpress\/ -->\n<title>Helgaktiviteter - St\u00e4ttareds 4H-g\u00e5rd<\/title>\n<meta name=\"robots\" content=\"index, follow, max-snippet:-1, max-image-preview:large, max-video-preview:-1\" \/>\n<link rel=\"canonical\" href=\"https:\/\/www.4h.se\/stattared\/helgaktiviteter\/\" \/>\n<meta property=\"og:locale\" content=\"sv_SE\" \/>\n<meta property=\"og:type\" content=\"article\" \/>\n<meta property=\"og:title\" content=\"Helgaktiviteter - St\u00e4ttareds 4H-g\u00e5rd\" \/>\n<meta property=\"og:description\" content=\"[vc_row full_width=&#8221;stretch_row&#8221; css=&#8221;.vc_custom_1701953903350{margin-top: -20px !important;background-color: #006340 !important;}&#8221;][vc_column css=&#8221;.vc_custom_1701953923539{margin-top: 20px !important;background-color: #ffffff !important;border-radius: 5px !important;}&#8221;][vc_column_text] Kulturaktiviteter Med bidrag fr\u00e5n Kultur &amp; Fritid, Kungsbacka Kommun kommer vi under 2024 forts\u00e4tta kunna erbjuda kulturaktiviteter under helger fr\u00e5n april tom september. &nbsp; [\/vc_column_text][\/vc_column][\/vc_row][vc_row full_width=&#8221;stretch_row&#8221; gap=&#8221;5&#8243; css=&#8221;.vc_custom_1721826104910{margin-top: -20px !important;background-color: #006340 !important;}&#8221;][vc_column width=&#8221;1\/3&#8243; css=&#8221;.vc_custom_1715172955351{background-color: #ffffff !important;border-radius: 5px !important;}&#8221;][vc_single_image image=&#8221;3714&#8243; img_size=&#8221;full&#8221; style=&#8221;vc_box_rounded&#8221;&nbsp; &hellip; Read more\" \/>\n<meta property=\"og:url\" content=\"https:\/\/www.4h.se\/stattared\/helgaktiviteter\/\" \/>\n<meta property=\"og:site_name\" content=\"St\u00e4ttareds 4H-g\u00e5rd\" \/>\n<meta property=\"article:modified_time\" content=\"2025-12-26T13:21:02+00:00\" \/>\n<meta name=\"twitter:card\" content=\"summary_large_image\" \/>\n<script type=\"application\/ld+json\" class=\"yoast-schema-graph\">{\"@context\":\"https:\\\/\\\/schema.org\",\"@graph\":[{\"@type\":\"WebPage\",\"@id\":\"https:\\\/\\\/www.4h.se\\\/stattared\\\/helgaktiviteter\\\/\",\"url\":\"https:\\\/\\\/www.4h.se\\\/stattared\\\/helgaktiviteter\\\/\",\"name\":\"Helgaktiviteter - St\u00e4ttareds 4H-g\u00e5rd\",\"isPartOf\":{\"@id\":\"https:\\\/\\\/www.4h.se\\\/stattared\\\/#website\"},\"datePublished\":\"2020-08-28T11:21:21+00:00\",\"dateModified\":\"2025-12-26T13:21:02+00:00\",\"breadcrumb\":{\"@id\":\"https:\\\/\\\/www.4h.se\\\/stattared\\\/helgaktiviteter\\\/#breadcrumb\"},\"inLanguage\":\"sv-SE\",\"potentialAction\":[{\"@type\":\"ReadAction\",\"target\":[\"https:\\\/\\\/www.4h.se\\\/stattared\\\/helgaktiviteter\\\/\"]}]},{\"@type\":\"BreadcrumbList\",\"@id\":\"https:\\\/\\\/www.4h.se\\\/stattared\\\/helgaktiviteter\\\/#breadcrumb\",\"itemListElement\":[{\"@type\":\"ListItem\",\"position\":1,\"name\":\"Hem\",\"item\":\"https:\\\/\\\/www.4h.se\\\/stattared\\\/\"},{\"@type\":\"ListItem\",\"position\":2,\"name\":\"Helgaktiviteter\"}]},{\"@type\":\"WebSite\",\"@id\":\"https:\\\/\\\/www.4h.se\\\/stattared\\\/#website\",\"url\":\"https:\\\/\\\/www.4h.se\\\/stattared\\\/\",\"name\":\"St\u00e4ttareds 4H-g\u00e5rd\",\"description\":\"mer \u00e4n bara en g\u00e5rd\",\"potentialAction\":[{\"@type\":\"SearchAction\",\"target\":{\"@type\":\"EntryPoint\",\"urlTemplate\":\"https:\\\/\\\/www.4h.se\\\/stattared\\\/?s={search_term_string}\"},\"query-input\":{\"@type\":\"PropertyValueSpecification\",\"valueRequired\":true,\"valueName\":\"search_term_string\"}}],\"inLanguage\":\"sv-SE\"}]}<\/script>\n<!-- \/ Yoast SEO plugin. -->","yoast_head_json":{"title":"Helgaktiviteter - St\u00e4ttareds 4H-g\u00e5rd","robots":{"index":"index","follow":"follow","max-snippet":"max-snippet:-1","max-image-preview":"max-image-preview:large","max-video-preview":"max-video-preview:-1"},"canonical":"https:\/\/www.4h.se\/stattared\/helgaktiviteter\/","og_locale":"sv_SE","og_type":"article","og_title":"Helgaktiviteter - St\u00e4ttareds 4H-g\u00e5rd","og_description":"[vc_row full_width=&#8221;stretch_row&#8221; css=&#8221;.vc_custom_1701953903350{margin-top: -20px !important;background-color: #006340 !important;}&#8221;][vc_column css=&#8221;.vc_custom_1701953923539{margin-top: 20px !important;background-color: #ffffff !important;border-radius: 5px !important;}&#8221;][vc_column_text] Kulturaktiviteter Med bidrag fr\u00e5n Kultur &amp; Fritid, Kungsbacka Kommun kommer vi under 2024 forts\u00e4tta kunna erbjuda kulturaktiviteter under helger fr\u00e5n april tom september. &nbsp; [\/vc_column_text][\/vc_column][\/vc_row][vc_row full_width=&#8221;stretch_row&#8221; gap=&#8221;5&#8243; css=&#8221;.vc_custom_1721826104910{margin-top: -20px !important;background-color: #006340 !important;}&#8221;][vc_column width=&#8221;1\/3&#8243; css=&#8221;.vc_custom_1715172955351{background-color: #ffffff !important;border-radius: 5px !important;}&#8221;][vc_single_image image=&#8221;3714&#8243; img_size=&#8221;full&#8221; style=&#8221;vc_box_rounded&#8221;&nbsp; &hellip; Read more","og_url":"https:\/\/www.4h.se\/stattared\/helgaktiviteter\/","og_site_name":"St\u00e4ttareds 4H-g\u00e5rd","article_modified_time":"2025-12-26T13:21:02+00:00","twitter_card":"summary_large_image","schema":{"@context":"https:\/\/schema.org","@graph":[{"@type":"WebPage","@id":"https:\/\/www.4h.se\/stattared\/helgaktiviteter\/","url":"https:\/\/www.4h.se\/stattared\/helgaktiviteter\/","name":"Helgaktiviteter - St\u00e4ttareds 4H-g\u00e5rd","isPartOf":{"@id":"https:\/\/www.4h.se\/stattared\/#website"},"datePublished":"2020-08-28T11:21:21+00:00","dateModified":"2025-12-26T13:21:02+00:00","breadcrumb":{"@id":"https:\/\/www.4h.se\/stattared\/helgaktiviteter\/#breadcrumb"},"inLanguage":"sv-SE","potentialAction":[{"@type":"ReadAction","target":["https:\/\/www.4h.se\/stattared\/helgaktiviteter\/"]}]},{"@type":"BreadcrumbList","@id":"https:\/\/www.4h.se\/stattared\/helgaktiviteter\/#breadcrumb","itemListElement":[{"@type":"ListItem","position":1,"name":"Hem","item":"https:\/\/www.4h.se\/stattared\/"},{"@type":"ListItem","position":2,"name":"Helgaktiviteter"}]},{"@type":"WebSite","@id":"https:\/\/www.4h.se\/stattared\/#website","url":"https:\/\/www.4h.se\/stattared\/","name":"St\u00e4ttareds 4H-g\u00e5rd","description":"mer \u00e4n bara en g\u00e5rd","potentialAction":[{"@type":"SearchAction","target":{"@type":"EntryPoint","urlTemplate":"https:\/\/www.4h.se\/stattared\/?s={search_term_string}"},"query-input":{"@type":"PropertyValueSpecification","valueRequired":true,"valueName":"search_term_string"}}],"inLanguage":"sv-SE"}]}},"_links":{"self":[{"href":"https:\/\/www.4h.se\/stattared\/wp-json\/wp\/v2\/pages\/3149","targetHints":{"allow":["GET"]}}],"collection":[{"href":"https:\/\/www.4h.se\/stattared\/wp-json\/wp\/v2\/pages"}],"about":[{"href":"https:\/\/www.4h.se\/stattared\/wp-json\/wp\/v2\/types\/page"}],"author":[{"embeddable":true,"href":"https:\/\/www.4h.se\/stattared\/wp-json\/wp\/v2\/users\/64"}],"replies":[{"embeddable":true,"href":"https:\/\/www.4h.se\/stattared\/wp-json\/wp\/v2\/comments?post=3149"}],"version-history":[{"count":0,"href":"https:\/\/www.4h.se\/stattared\/wp-json\/wp\/v2\/pages\/3149\/revisions"}],"wp:attachment":[{"href":"https:\/\/www.4h.se\/stattared\/wp-json\/wp\/v2\/media?parent=3149"}],"curies":[{"name":"wp","href":"https:\/\/api.w.org\/{rel}","templated":true}]}}