



{"id":2216,"date":"2019-01-14T16:19:40","date_gmt":"2019-01-14T15:19:40","guid":{"rendered":"https:\/\/www.4h.se\/stattared\/?page_id=2216"},"modified":"2025-12-26T14:21:01","modified_gmt":"2025-12-26T13:21:01","slug":"djur-till-salu","status":"publish","type":"page","link":"https:\/\/www.4h.se\/stattared\/djur-till-salu\/","title":{"rendered":"Djur till salu"},"content":{"rendered":"<div class=\"wpb-content-wrapper\"><p>[vc_row][vc_column][vc_column_text]<\/p>\n<h1>Djur till f\u00f6rs\u00e4ljning<\/h1>\n<p>P\u00e5 g\u00e5rden har vi ibland djur till f\u00f6rs\u00e4ljning och p\u00e5 den h\u00e4r sidan finner ni\u00a0information och foton p\u00e5 djur som s\u00f6ker ett nytt k\u00e4rleksfullt hem.<\/p>\n<p>Vid intresse mejla till stattared@4h.se. \u00c4r du intresserad av att k\u00f6pa n\u00e5got djur som inte \u00e4r till salu kan du alltid visa ditt intresse s\u00e5 kan vi \u00e5terkomma till dig.<\/p>\n<p>H\u00f6ns s\u00e4ljer vi bara till dig som har genbank eller t\u00e4nker starta genbank pga stor efterfr\u00e5gan.[\/vc_column_text][\/vc_column][\/vc_row]<\/p>\n<\/div>","protected":false},"excerpt":{"rendered":"<p>[vc_row][vc_column][vc_column_text] Djur till f\u00f6rs\u00e4ljning P\u00e5 g\u00e5rden har vi ibland djur till f\u00f6rs\u00e4ljning och p\u00e5 den h\u00e4r sidan finner ni\u00a0information och foton p\u00e5 djur som s\u00f6ker ett nytt k\u00e4rleksfullt hem. Vid intresse mejla till stattared@4h.se. \u00c4r du intresserad av att k\u00f6pa n\u00e5got djur som inte \u00e4r till salu kan du alltid visa ditt intresse s\u00e5 kan&nbsp; <a href=\"https:\/\/www.4h.se\/stattared\/djur-till-salu\/\">&hellip; Read more <i class=\"glyphicon glyphicon-arrow-right\"><\/i><\/a><\/p>\n","protected":false},"author":64,"featured_media":0,"parent":0,"menu_order":89,"comment_status":"closed","ping_status":"closed","template":"","meta":{"footnotes":""},"class_list":["post-2216","page","type-page","status-publish","hentry"],"yoast_head":"<!-- This site is optimized with the Yoast SEO plugin v27.4 - https:\/\/yoast.com\/product\/yoast-seo-wordpress\/ -->\n<title>Djur till salu - St\u00e4ttareds 4H-g\u00e5rd<\/title>\n<meta name=\"robots\" content=\"index, follow, max-snippet:-1, max-image-preview:large, max-video-preview:-1\" \/>\n<link rel=\"canonical\" href=\"https:\/\/www.4h.se\/stattared\/djur-till-salu\/\" \/>\n<meta property=\"og:locale\" content=\"sv_SE\" \/>\n<meta property=\"og:type\" content=\"article\" \/>\n<meta property=\"og:title\" content=\"Djur till salu - St\u00e4ttareds 4H-g\u00e5rd\" \/>\n<meta property=\"og:description\" content=\"[vc_row][vc_column][vc_column_text] Djur till f\u00f6rs\u00e4ljning P\u00e5 g\u00e5rden har vi ibland djur till f\u00f6rs\u00e4ljning och p\u00e5 den h\u00e4r sidan finner ni\u00a0information och foton p\u00e5 djur som s\u00f6ker ett nytt k\u00e4rleksfullt hem. Vid intresse mejla till stattared@4h.se. \u00c4r du intresserad av att k\u00f6pa n\u00e5got djur som inte \u00e4r till salu kan du alltid visa ditt intresse s\u00e5 kan&nbsp; &hellip; Read more\" \/>\n<meta property=\"og:url\" content=\"https:\/\/www.4h.se\/stattared\/djur-till-salu\/\" \/>\n<meta property=\"og:site_name\" content=\"St\u00e4ttareds 4H-g\u00e5rd\" \/>\n<meta property=\"article:modified_time\" content=\"2025-12-26T13:21:01+00:00\" \/>\n<meta name=\"twitter:card\" content=\"summary_large_image\" \/>\n<meta name=\"twitter:label1\" content=\"Ber\u00e4knad l\u00e4stid\" \/>\n\t<meta name=\"twitter:data1\" content=\"1 minut\" \/>\n<script type=\"application\/ld+json\" class=\"yoast-schema-graph\">{\"@context\":\"https:\\\/\\\/schema.org\",\"@graph\":[{\"@type\":\"WebPage\",\"@id\":\"https:\\\/\\\/www.4h.se\\\/stattared\\\/djur-till-salu\\\/\",\"url\":\"https:\\\/\\\/www.4h.se\\\/stattared\\\/djur-till-salu\\\/\",\"name\":\"Djur till salu - St\u00e4ttareds 4H-g\u00e5rd\",\"isPartOf\":{\"@id\":\"https:\\\/\\\/www.4h.se\\\/stattared\\\/#website\"},\"datePublished\":\"2019-01-14T15:19:40+00:00\",\"dateModified\":\"2025-12-26T13:21:01+00:00\",\"breadcrumb\":{\"@id\":\"https:\\\/\\\/www.4h.se\\\/stattared\\\/djur-till-salu\\\/#breadcrumb\"},\"inLanguage\":\"sv-SE\",\"potentialAction\":[{\"@type\":\"ReadAction\",\"target\":[\"https:\\\/\\\/www.4h.se\\\/stattared\\\/djur-till-salu\\\/\"]}]},{\"@type\":\"BreadcrumbList\",\"@id\":\"https:\\\/\\\/www.4h.se\\\/stattared\\\/djur-till-salu\\\/#breadcrumb\",\"itemListElement\":[{\"@type\":\"ListItem\",\"position\":1,\"name\":\"Hem\",\"item\":\"https:\\\/\\\/www.4h.se\\\/stattared\\\/\"},{\"@type\":\"ListItem\",\"position\":2,\"name\":\"Djur till salu\"}]},{\"@type\":\"WebSite\",\"@id\":\"https:\\\/\\\/www.4h.se\\\/stattared\\\/#website\",\"url\":\"https:\\\/\\\/www.4h.se\\\/stattared\\\/\",\"name\":\"St\u00e4ttareds 4H-g\u00e5rd\",\"description\":\"mer \u00e4n bara en g\u00e5rd\",\"potentialAction\":[{\"@type\":\"SearchAction\",\"target\":{\"@type\":\"EntryPoint\",\"urlTemplate\":\"https:\\\/\\\/www.4h.se\\\/stattared\\\/?s={search_term_string}\"},\"query-input\":{\"@type\":\"PropertyValueSpecification\",\"valueRequired\":true,\"valueName\":\"search_term_string\"}}],\"inLanguage\":\"sv-SE\"}]}<\/script>\n<!-- \/ Yoast SEO plugin. -->","yoast_head_json":{"title":"Djur till salu - St\u00e4ttareds 4H-g\u00e5rd","robots":{"index":"index","follow":"follow","max-snippet":"max-snippet:-1","max-image-preview":"max-image-preview:large","max-video-preview":"max-video-preview:-1"},"canonical":"https:\/\/www.4h.se\/stattared\/djur-till-salu\/","og_locale":"sv_SE","og_type":"article","og_title":"Djur till salu - St\u00e4ttareds 4H-g\u00e5rd","og_description":"[vc_row][vc_column][vc_column_text] Djur till f\u00f6rs\u00e4ljning P\u00e5 g\u00e5rden har vi ibland djur till f\u00f6rs\u00e4ljning och p\u00e5 den h\u00e4r sidan finner ni\u00a0information och foton p\u00e5 djur som s\u00f6ker ett nytt k\u00e4rleksfullt hem. Vid intresse mejla till stattared@4h.se. \u00c4r du intresserad av att k\u00f6pa n\u00e5got djur som inte \u00e4r till salu kan du alltid visa ditt intresse s\u00e5 kan&nbsp; &hellip; Read more","og_url":"https:\/\/www.4h.se\/stattared\/djur-till-salu\/","og_site_name":"St\u00e4ttareds 4H-g\u00e5rd","article_modified_time":"2025-12-26T13:21:01+00:00","twitter_card":"summary_large_image","twitter_misc":{"Ber\u00e4knad l\u00e4stid":"1 minut"},"schema":{"@context":"https:\/\/schema.org","@graph":[{"@type":"WebPage","@id":"https:\/\/www.4h.se\/stattared\/djur-till-salu\/","url":"https:\/\/www.4h.se\/stattared\/djur-till-salu\/","name":"Djur till salu - St\u00e4ttareds 4H-g\u00e5rd","isPartOf":{"@id":"https:\/\/www.4h.se\/stattared\/#website"},"datePublished":"2019-01-14T15:19:40+00:00","dateModified":"2025-12-26T13:21:01+00:00","breadcrumb":{"@id":"https:\/\/www.4h.se\/stattared\/djur-till-salu\/#breadcrumb"},"inLanguage":"sv-SE","potentialAction":[{"@type":"ReadAction","target":["https:\/\/www.4h.se\/stattared\/djur-till-salu\/"]}]},{"@type":"BreadcrumbList","@id":"https:\/\/www.4h.se\/stattared\/djur-till-salu\/#breadcrumb","itemListElement":[{"@type":"ListItem","position":1,"name":"Hem","item":"https:\/\/www.4h.se\/stattared\/"},{"@type":"ListItem","position":2,"name":"Djur till salu"}]},{"@type":"WebSite","@id":"https:\/\/www.4h.se\/stattared\/#website","url":"https:\/\/www.4h.se\/stattared\/","name":"St\u00e4ttareds 4H-g\u00e5rd","description":"mer \u00e4n bara en g\u00e5rd","potentialAction":[{"@type":"SearchAction","target":{"@type":"EntryPoint","urlTemplate":"https:\/\/www.4h.se\/stattared\/?s={search_term_string}"},"query-input":{"@type":"PropertyValueSpecification","valueRequired":true,"valueName":"search_term_string"}}],"inLanguage":"sv-SE"}]}},"_links":{"self":[{"href":"https:\/\/www.4h.se\/stattared\/wp-json\/wp\/v2\/pages\/2216","targetHints":{"allow":["GET"]}}],"collection":[{"href":"https:\/\/www.4h.se\/stattared\/wp-json\/wp\/v2\/pages"}],"about":[{"href":"https:\/\/www.4h.se\/stattared\/wp-json\/wp\/v2\/types\/page"}],"author":[{"embeddable":true,"href":"https:\/\/www.4h.se\/stattared\/wp-json\/wp\/v2\/users\/64"}],"replies":[{"embeddable":true,"href":"https:\/\/www.4h.se\/stattared\/wp-json\/wp\/v2\/comments?post=2216"}],"version-history":[{"count":0,"href":"https:\/\/www.4h.se\/stattared\/wp-json\/wp\/v2\/pages\/2216\/revisions"}],"wp:attachment":[{"href":"https:\/\/www.4h.se\/stattared\/wp-json\/wp\/v2\/media?parent=2216"}],"curies":[{"name":"wp","href":"https:\/\/api.w.org\/{rel}","templated":true}]}}