



{"id":1868,"date":"2018-08-21T20:15:50","date_gmt":"2018-08-21T18:15:50","guid":{"rendered":"https:\/\/www.4h.se\/stattared\/?page_id=1868"},"modified":"2025-12-26T14:21:02","modified_gmt":"2025-12-26T13:21:02","slug":"styrelsen-for-stattareds-4h-klubb","status":"publish","type":"page","link":"https:\/\/www.4h.se\/stattared\/styrelsen-for-stattareds-4h-klubb\/","title":{"rendered":"Styrelsen f\u00f6r St\u00e4ttareds 4H-klubb"},"content":{"rendered":"<div class=\"wpb-content-wrapper\"><p>[vc_row full_width=&#8221;stretch_row&#8221; css=&#8221;.vc_custom_1678283977047{background-color: #006340 !important;}&#8221;][vc_column css=&#8221;.vc_custom_1678284505422{margin-top: 20px !important;margin-bottom: 20px !important;background-color: #ffffff !important;border-radius: 5px !important;}&#8221;][vc_column_text css=&#8221;.vc_custom_1759227740034{margin-top: -20px !important;}&#8221;]<\/p>\n<h2>Styrelsen 2025<\/h2>\n<p>[\/vc_column_text][vc_row_inner css=&#8221;.vc_custom_1678285506133{margin-top: -20px !important;}&#8221;][vc_column_inner width=&#8221;1\/4&#8243;][vc_single_image image=&#8221;3557&#8243; img_size=&#8221;full&#8221; style=&#8221;vc_box_rounded&#8221;][vc_message message_box_style=&#8221;outline&#8221; style=&#8221;square&#8221; message_box_color=&#8221;green&#8221; icon_type=&#8221;entypo&#8221; icon_entypo=&#8221;entypo-icon entypo-icon-paper-plane&#8221;]<strong><span style=\"color: #008000\">Ordf\u00f6rande &amp; Personalansvarig<\/span><\/strong><\/p>\n<p><span style=\"color: #008000\"><a style=\"color: #008000\" href=\"mailto:camilla.dahlin@4h.se\"><u>Camilla Dahlin\u00a0<\/u><\/a><\/span>[\/vc_message][\/vc_column_inner][vc_column_inner width=&#8221;1\/4&#8243;][vc_single_image image=&#8221;3561&#8243; img_size=&#8221;full&#8221; style=&#8221;vc_box_rounded&#8221;][vc_message message_box_style=&#8221;outline&#8221; style=&#8221;square&#8221; message_box_color=&#8221;green&#8221; icon_type=&#8221;entypo&#8221; icon_entypo=&#8221;entypo-icon entypo-icon-paper-plane&#8221;]<strong><span style=\"color: #008000\">Sekreterare\u00a0<\/span><\/strong><\/p>\n<p><span style=\"color: #008000\">Linn Eriksson<\/span>[\/vc_message][\/vc_column_inner][vc_column_inner width=&#8221;1\/4&#8243;][vc_single_image image=&#8221;3558&#8243; img_size=&#8221;full&#8221; style=&#8221;vc_box_rounded&#8221;][vc_message message_box_style=&#8221;outline&#8221; style=&#8221;square&#8221; message_box_color=&#8221;green&#8221; icon_type=&#8221;entypo&#8221; icon_entypo=&#8221;entypo-icon entypo-icon-paper-plane&#8221;]<strong><span style=\"color: #008000\">Kass\u00f6r\u00a0<\/span><\/strong><\/p>\n<p><span style=\"text-decoration: underline\"><span style=\"color: #008000\"><a style=\"color: #008000;text-decoration: underline\" href=\"mailto:ekonomi.stattared@4h.se\"> Britt Ragnarsson\u00a0<\/a><\/span><\/span>[\/vc_message][\/vc_column_inner][vc_column_inner width=&#8221;1\/4&#8243;][vc_single_image image=&#8221;3559&#8243; img_size=&#8221;full&#8221; style=&#8221;vc_box_rounded&#8221;][vc_message message_box_style=&#8221;outline&#8221; style=&#8221;square&#8221; message_box_color=&#8221;green&#8221; icon_type=&#8221;entypo&#8221; icon_entypo=&#8221;entypo-icon entypo-icon-paper-plane&#8221; css=&#8221;&#8221;]<strong><span style=\"color: #008000\">Vice ordf\u00f6rande<\/span><\/strong><\/p>\n<p><a href=\"mailto:henric.nilsson@4h.se\">Henric Nilsson<\/a>[\/vc_message][\/vc_column_inner][\/vc_row_inner][vc_row_inner][vc_column_inner width=&#8221;1\/4&#8243;][vc_single_image image=&#8221;3554&#8243; img_size=&#8221;full&#8221; style=&#8221;vc_box_rounded&#8221;][vc_message message_box_style=&#8221;outline&#8221; style=&#8221;square&#8221; message_box_color=&#8221;green&#8221; icon_type=&#8221;entypo&#8221; icon_entypo=&#8221;entypo-icon entypo-icon-paper-plane&#8221;]<span style=\"color: #008000\"><b>Ledamot<\/b><\/span><\/p>\n<p>Agnes Elofsson[\/vc_message][\/vc_column_inner][vc_column_inner width=&#8221;1\/4&#8243;][vc_single_image image=&#8221;3390&#8243; img_size=&#8221;full&#8221; style=&#8221;vc_box_rounded&#8221;][vc_message message_box_style=&#8221;outline&#8221; style=&#8221;square&#8221; message_box_color=&#8221;green&#8221; icon_type=&#8221;entypo&#8221; icon_entypo=&#8221;entypo-icon entypo-icon-paper-plane&#8221; css=&#8221;&#8221;]<strong><span style=\"color: #008000\">Ledamot<\/span><\/strong><\/p>\n<p>Irma Hermansson[\/vc_message][\/vc_column_inner][vc_column_inner width=&#8221;1\/4&#8243;][vc_single_image image=&#8221;3390&#8243; img_size=&#8221;full&#8221; style=&#8221;vc_box_rounded&#8221;][vc_message message_box_style=&#8221;outline&#8221; style=&#8221;square&#8221; message_box_color=&#8221;green&#8221; icon_type=&#8221;entypo&#8221; icon_entypo=&#8221;entypo-icon entypo-icon-paper-plane&#8221; css=&#8221;&#8221;]<span style=\"color: #008000\"><b>Ledamot<\/b><\/span><\/p>\n<p>Lennart Antonsson[\/vc_message][\/vc_column_inner][vc_column_inner width=&#8221;1\/4&#8243;][\/vc_column_inner][\/vc_row_inner][\/vc_column][\/vc_row]<\/p>\n<\/div>","protected":false},"excerpt":{"rendered":"<p>[vc_row full_width=&#8221;stretch_row&#8221; css=&#8221;.vc_custom_1678283977047{background-color: #006340 !important;}&#8221;][vc_column css=&#8221;.vc_custom_1678284505422{margin-top: 20px !important;margin-bottom: 20px !important;background-color: #ffffff !important;border-radius: 5px !important;}&#8221;][vc_column_text css=&#8221;.vc_custom_1759227740034{margin-top: -20px !important;}&#8221;] Styrelsen 2025 [\/vc_column_text][vc_row_inner css=&#8221;.vc_custom_1678285506133{margin-top: -20px !important;}&#8221;][vc_column_inner width=&#8221;1\/4&#8243;][vc_single_image image=&#8221;3557&#8243; img_size=&#8221;full&#8221; style=&#8221;vc_box_rounded&#8221;][vc_message message_box_style=&#8221;outline&#8221; style=&#8221;square&#8221; message_box_color=&#8221;green&#8221; icon_type=&#8221;entypo&#8221; icon_entypo=&#8221;entypo-icon entypo-icon-paper-plane&#8221;]Ordf\u00f6rande &amp; Personalansvarig Camilla Dahlin\u00a0[\/vc_message][\/vc_column_inner][vc_column_inner width=&#8221;1\/4&#8243;][vc_single_image image=&#8221;3561&#8243; img_size=&#8221;full&#8221; style=&#8221;vc_box_rounded&#8221;][vc_message message_box_style=&#8221;outline&#8221; style=&#8221;square&#8221; message_box_color=&#8221;green&#8221; icon_type=&#8221;entypo&#8221; icon_entypo=&#8221;entypo-icon entypo-icon-paper-plane&#8221;]Sekreterare\u00a0 Linn Eriksson[\/vc_message][\/vc_column_inner][vc_column_inner width=&#8221;1\/4&#8243;][vc_single_image image=&#8221;3558&#8243; img_size=&#8221;full&#8221; style=&#8221;vc_box_rounded&#8221;][vc_message message_box_style=&#8221;outline&#8221; style=&#8221;square&#8221;&nbsp; <a href=\"https:\/\/www.4h.se\/stattared\/styrelsen-for-stattareds-4h-klubb\/\">&hellip; Read more <i class=\"glyphicon glyphicon-arrow-right\"><\/i><\/a><\/p>\n","protected":false},"author":64,"featured_media":0,"parent":0,"menu_order":152,"comment_status":"closed","ping_status":"closed","template":"","meta":{"_acf_changed":false,"footnotes":""},"class_list":["post-1868","page","type-page","status-publish","hentry"],"acf":[],"yoast_head":"<!-- This site is optimized with the Yoast SEO plugin v27.5 - https:\/\/yoast.com\/product\/yoast-seo-wordpress\/ -->\n<title>Styrelsen f\u00f6r St\u00e4ttareds 4H-klubb - St\u00e4ttareds 4H-g\u00e5rd<\/title>\n<meta name=\"robots\" content=\"index, follow, max-snippet:-1, max-image-preview:large, max-video-preview:-1\" \/>\n<link rel=\"canonical\" href=\"https:\/\/www.4h.se\/stattared\/styrelsen-for-stattareds-4h-klubb\/\" \/>\n<meta property=\"og:locale\" content=\"sv_SE\" \/>\n<meta property=\"og:type\" content=\"article\" \/>\n<meta property=\"og:title\" content=\"Styrelsen f\u00f6r St\u00e4ttareds 4H-klubb - St\u00e4ttareds 4H-g\u00e5rd\" \/>\n<meta property=\"og:description\" content=\"[vc_row full_width=&#8221;stretch_row&#8221; css=&#8221;.vc_custom_1678283977047{background-color: #006340 !important;}&#8221;][vc_column css=&#8221;.vc_custom_1678284505422{margin-top: 20px !important;margin-bottom: 20px !important;background-color: #ffffff !important;border-radius: 5px !important;}&#8221;][vc_column_text css=&#8221;.vc_custom_1759227740034{margin-top: -20px !important;}&#8221;] Styrelsen 2025 [\/vc_column_text][vc_row_inner css=&#8221;.vc_custom_1678285506133{margin-top: -20px !important;}&#8221;][vc_column_inner width=&#8221;1\/4&#8243;][vc_single_image image=&#8221;3557&#8243; img_size=&#8221;full&#8221; style=&#8221;vc_box_rounded&#8221;][vc_message message_box_style=&#8221;outline&#8221; style=&#8221;square&#8221; message_box_color=&#8221;green&#8221; icon_type=&#8221;entypo&#8221; icon_entypo=&#8221;entypo-icon entypo-icon-paper-plane&#8221;]Ordf\u00f6rande &amp; Personalansvarig Camilla Dahlin\u00a0[\/vc_message][\/vc_column_inner][vc_column_inner width=&#8221;1\/4&#8243;][vc_single_image image=&#8221;3561&#8243; img_size=&#8221;full&#8221; style=&#8221;vc_box_rounded&#8221;][vc_message message_box_style=&#8221;outline&#8221; style=&#8221;square&#8221; message_box_color=&#8221;green&#8221; icon_type=&#8221;entypo&#8221; icon_entypo=&#8221;entypo-icon entypo-icon-paper-plane&#8221;]Sekreterare\u00a0 Linn Eriksson[\/vc_message][\/vc_column_inner][vc_column_inner width=&#8221;1\/4&#8243;][vc_single_image image=&#8221;3558&#8243; img_size=&#8221;full&#8221; style=&#8221;vc_box_rounded&#8221;][vc_message message_box_style=&#8221;outline&#8221; style=&#8221;square&#8221;&nbsp; &hellip; Read more\" \/>\n<meta property=\"og:url\" content=\"https:\/\/www.4h.se\/stattared\/styrelsen-for-stattareds-4h-klubb\/\" \/>\n<meta property=\"og:site_name\" content=\"St\u00e4ttareds 4H-g\u00e5rd\" \/>\n<meta property=\"article:modified_time\" content=\"2025-12-26T13:21:02+00:00\" \/>\n<meta name=\"twitter:card\" content=\"summary_large_image\" \/>\n<meta name=\"twitter:label1\" content=\"Ber\u00e4knad l\u00e4stid\" \/>\n\t<meta name=\"twitter:data1\" content=\"2 minuter\" \/>\n<script type=\"application\/ld+json\" class=\"yoast-schema-graph\">{\"@context\":\"https:\\\/\\\/schema.org\",\"@graph\":[{\"@type\":\"WebPage\",\"@id\":\"https:\\\/\\\/www.4h.se\\\/stattared\\\/styrelsen-for-stattareds-4h-klubb\\\/\",\"url\":\"https:\\\/\\\/www.4h.se\\\/stattared\\\/styrelsen-for-stattareds-4h-klubb\\\/\",\"name\":\"Styrelsen f\u00f6r St\u00e4ttareds 4H-klubb - St\u00e4ttareds 4H-g\u00e5rd\",\"isPartOf\":{\"@id\":\"https:\\\/\\\/www.4h.se\\\/stattared\\\/#website\"},\"datePublished\":\"2018-08-21T18:15:50+00:00\",\"dateModified\":\"2025-12-26T13:21:02+00:00\",\"breadcrumb\":{\"@id\":\"https:\\\/\\\/www.4h.se\\\/stattared\\\/styrelsen-for-stattareds-4h-klubb\\\/#breadcrumb\"},\"inLanguage\":\"sv-SE\",\"potentialAction\":[{\"@type\":\"ReadAction\",\"target\":[\"https:\\\/\\\/www.4h.se\\\/stattared\\\/styrelsen-for-stattareds-4h-klubb\\\/\"]}]},{\"@type\":\"BreadcrumbList\",\"@id\":\"https:\\\/\\\/www.4h.se\\\/stattared\\\/styrelsen-for-stattareds-4h-klubb\\\/#breadcrumb\",\"itemListElement\":[{\"@type\":\"ListItem\",\"position\":1,\"name\":\"Hem\",\"item\":\"https:\\\/\\\/www.4h.se\\\/stattared\\\/\"},{\"@type\":\"ListItem\",\"position\":2,\"name\":\"Styrelsen f\u00f6r St\u00e4ttareds 4H-klubb\"}]},{\"@type\":\"WebSite\",\"@id\":\"https:\\\/\\\/www.4h.se\\\/stattared\\\/#website\",\"url\":\"https:\\\/\\\/www.4h.se\\\/stattared\\\/\",\"name\":\"St\u00e4ttareds 4H-g\u00e5rd\",\"description\":\"mer \u00e4n bara en g\u00e5rd\",\"potentialAction\":[{\"@type\":\"SearchAction\",\"target\":{\"@type\":\"EntryPoint\",\"urlTemplate\":\"https:\\\/\\\/www.4h.se\\\/stattared\\\/?s={search_term_string}\"},\"query-input\":{\"@type\":\"PropertyValueSpecification\",\"valueRequired\":true,\"valueName\":\"search_term_string\"}}],\"inLanguage\":\"sv-SE\"}]}<\/script>\n<!-- \/ Yoast SEO plugin. -->","yoast_head_json":{"title":"Styrelsen f\u00f6r St\u00e4ttareds 4H-klubb - St\u00e4ttareds 4H-g\u00e5rd","robots":{"index":"index","follow":"follow","max-snippet":"max-snippet:-1","max-image-preview":"max-image-preview:large","max-video-preview":"max-video-preview:-1"},"canonical":"https:\/\/www.4h.se\/stattared\/styrelsen-for-stattareds-4h-klubb\/","og_locale":"sv_SE","og_type":"article","og_title":"Styrelsen f\u00f6r St\u00e4ttareds 4H-klubb - St\u00e4ttareds 4H-g\u00e5rd","og_description":"[vc_row full_width=&#8221;stretch_row&#8221; css=&#8221;.vc_custom_1678283977047{background-color: #006340 !important;}&#8221;][vc_column css=&#8221;.vc_custom_1678284505422{margin-top: 20px !important;margin-bottom: 20px !important;background-color: #ffffff !important;border-radius: 5px !important;}&#8221;][vc_column_text css=&#8221;.vc_custom_1759227740034{margin-top: -20px !important;}&#8221;] Styrelsen 2025 [\/vc_column_text][vc_row_inner css=&#8221;.vc_custom_1678285506133{margin-top: -20px !important;}&#8221;][vc_column_inner width=&#8221;1\/4&#8243;][vc_single_image image=&#8221;3557&#8243; img_size=&#8221;full&#8221; style=&#8221;vc_box_rounded&#8221;][vc_message message_box_style=&#8221;outline&#8221; style=&#8221;square&#8221; message_box_color=&#8221;green&#8221; icon_type=&#8221;entypo&#8221; icon_entypo=&#8221;entypo-icon entypo-icon-paper-plane&#8221;]Ordf\u00f6rande &amp; Personalansvarig Camilla Dahlin\u00a0[\/vc_message][\/vc_column_inner][vc_column_inner width=&#8221;1\/4&#8243;][vc_single_image image=&#8221;3561&#8243; img_size=&#8221;full&#8221; style=&#8221;vc_box_rounded&#8221;][vc_message message_box_style=&#8221;outline&#8221; style=&#8221;square&#8221; message_box_color=&#8221;green&#8221; icon_type=&#8221;entypo&#8221; icon_entypo=&#8221;entypo-icon entypo-icon-paper-plane&#8221;]Sekreterare\u00a0 Linn Eriksson[\/vc_message][\/vc_column_inner][vc_column_inner width=&#8221;1\/4&#8243;][vc_single_image image=&#8221;3558&#8243; img_size=&#8221;full&#8221; style=&#8221;vc_box_rounded&#8221;][vc_message message_box_style=&#8221;outline&#8221; style=&#8221;square&#8221;&nbsp; &hellip; Read more","og_url":"https:\/\/www.4h.se\/stattared\/styrelsen-for-stattareds-4h-klubb\/","og_site_name":"St\u00e4ttareds 4H-g\u00e5rd","article_modified_time":"2025-12-26T13:21:02+00:00","twitter_card":"summary_large_image","twitter_misc":{"Ber\u00e4knad l\u00e4stid":"2 minuter"},"schema":{"@context":"https:\/\/schema.org","@graph":[{"@type":"WebPage","@id":"https:\/\/www.4h.se\/stattared\/styrelsen-for-stattareds-4h-klubb\/","url":"https:\/\/www.4h.se\/stattared\/styrelsen-for-stattareds-4h-klubb\/","name":"Styrelsen f\u00f6r St\u00e4ttareds 4H-klubb - St\u00e4ttareds 4H-g\u00e5rd","isPartOf":{"@id":"https:\/\/www.4h.se\/stattared\/#website"},"datePublished":"2018-08-21T18:15:50+00:00","dateModified":"2025-12-26T13:21:02+00:00","breadcrumb":{"@id":"https:\/\/www.4h.se\/stattared\/styrelsen-for-stattareds-4h-klubb\/#breadcrumb"},"inLanguage":"sv-SE","potentialAction":[{"@type":"ReadAction","target":["https:\/\/www.4h.se\/stattared\/styrelsen-for-stattareds-4h-klubb\/"]}]},{"@type":"BreadcrumbList","@id":"https:\/\/www.4h.se\/stattared\/styrelsen-for-stattareds-4h-klubb\/#breadcrumb","itemListElement":[{"@type":"ListItem","position":1,"name":"Hem","item":"https:\/\/www.4h.se\/stattared\/"},{"@type":"ListItem","position":2,"name":"Styrelsen f\u00f6r St\u00e4ttareds 4H-klubb"}]},{"@type":"WebSite","@id":"https:\/\/www.4h.se\/stattared\/#website","url":"https:\/\/www.4h.se\/stattared\/","name":"St\u00e4ttareds 4H-g\u00e5rd","description":"mer \u00e4n bara en g\u00e5rd","potentialAction":[{"@type":"SearchAction","target":{"@type":"EntryPoint","urlTemplate":"https:\/\/www.4h.se\/stattared\/?s={search_term_string}"},"query-input":{"@type":"PropertyValueSpecification","valueRequired":true,"valueName":"search_term_string"}}],"inLanguage":"sv-SE"}]}},"_links":{"self":[{"href":"https:\/\/www.4h.se\/stattared\/wp-json\/wp\/v2\/pages\/1868","targetHints":{"allow":["GET"]}}],"collection":[{"href":"https:\/\/www.4h.se\/stattared\/wp-json\/wp\/v2\/pages"}],"about":[{"href":"https:\/\/www.4h.se\/stattared\/wp-json\/wp\/v2\/types\/page"}],"author":[{"embeddable":true,"href":"https:\/\/www.4h.se\/stattared\/wp-json\/wp\/v2\/users\/64"}],"replies":[{"embeddable":true,"href":"https:\/\/www.4h.se\/stattared\/wp-json\/wp\/v2\/comments?post=1868"}],"version-history":[{"count":0,"href":"https:\/\/www.4h.se\/stattared\/wp-json\/wp\/v2\/pages\/1868\/revisions"}],"wp:attachment":[{"href":"https:\/\/www.4h.se\/stattared\/wp-json\/wp\/v2\/media?parent=1868"}],"curies":[{"name":"wp","href":"https:\/\/api.w.org\/{rel}","templated":true}]}}