



{"id":1793,"date":"2018-08-07T20:02:54","date_gmt":"2018-08-07T18:02:54","guid":{"rendered":"https:\/\/www.4h.se\/stattared\/?page_id=1793"},"modified":"2025-12-26T14:21:02","modified_gmt":"2025-12-26T13:21:02","slug":"personal","status":"publish","type":"page","link":"https:\/\/www.4h.se\/stattared\/personal\/","title":{"rendered":"Personal"},"content":{"rendered":"<div class=\"wpb-content-wrapper\"><p>[vc_row full_width=&#8221;stretch_row&#8221; gap=&#8221;10&#8243; css=&#8221;.vc_custom_1646751481253{background-color: #006340 !important;}&#8221;][vc_column css=&#8221;.vc_custom_1646752537848{margin-top: 20px !important;background-color: #ffffff !important;border-radius: 5px !important;}&#8221;][vc_column_text css=&#8221;.vc_custom_1646752531557{margin-top: -30px !important;}&#8221;]<\/p>\n<h1>Personal p\u00e5 g\u00e5rden<\/h1>\n<p>[\/vc_column_text][vc_separator color=&#8221;custom&#8221; border_width=&#8221;2&#8243; accent_color=&#8221;#006340&#8243;][vc_row_inner][vc_column_inner][vc_column_text]<\/p>\n<h3>Ordinarie personal<\/h3>\n<p>[\/vc_column_text][\/vc_column_inner][\/vc_row_inner][vc_row_inner][vc_column_inner width=&#8221;1\/6&#8243;][vc_single_image image=&#8221;3390&#8243; img_size=&#8221;full&#8221; style=&#8221;vc_box_rounded&#8221;][vc_column_text css=&#8221;&#8221;]<\/p>\n<p style=\"text-align: center\"><strong>&#8211; 4H-g\u00e5rdsf\u00f6rest\u00e5ndare &#8211;<\/strong><\/p>\n<p style=\"text-align: center\"><strong>Lina Vahlersvik<\/strong><\/p>\n<p>[\/vc_column_text][\/vc_column_inner][vc_column_inner width=&#8221;1\/6&#8243;][vc_single_image image=&#8221;3390&#8243; img_size=&#8221;full&#8221; style=&#8221;vc_box_rounded&#8221;][vc_column_text css=&#8221;&#8221;]<\/p>\n<p style=\"text-align: center\"><strong>&#8211; Bitr. 4H-g\u00e5rdsf\u00f6rest\u00e5ndare &#8211;<\/strong><\/p>\n<p style=\"text-align: center\"><strong>Camilla Schulz<\/strong><\/p>\n<p>[\/vc_column_text][\/vc_column_inner][vc_column_inner width=&#8221;1\/6&#8243;][vc_single_image image=&#8221;3390&#8243; img_size=&#8221;full&#8221; style=&#8221;vc_box_rounded&#8221;][vc_column_text]<\/p>\n<p style=\"text-align: center\"><strong>&#8211;\u00a04H-assistent &#8211;<\/strong><\/p>\n<p style=\"text-align: center\"><strong>Magdalena<\/strong><\/p>\n<p>[\/vc_column_text][\/vc_column_inner][vc_column_inner width=&#8221;1\/6&#8243;][vc_single_image image=&#8221;3390&#8243; img_size=&#8221;full&#8221; style=&#8221;vc_box_rounded&#8221;][vc_column_text css=&#8221;&#8221;]<\/p>\n<p style=\"text-align: center\"><strong>&#8211;&nbsp;4H-assistent &#8211;<\/strong><\/p>\n<p style=\"text-align: center\"><strong>Sanna H\u00f6gberg<\/strong><\/p>\n<p>[\/vc_column_text][\/vc_column_inner][vc_column_inner width=&#8221;1\/6&#8243;][\/vc_column_inner][vc_column_inner width=&#8221;1\/6&#8243;][\/vc_column_inner][\/vc_row_inner][\/vc_column][\/vc_row][vc_row full_width=&#8221;stretch_row&#8221; gap=&#8221;5&#8243; css=&#8221;.vc_custom_1646752189798{background-color: #006340 !important;}&#8221;][vc_column css=&#8221;.vc_custom_1646752550868{margin-top: 20px !important;margin-bottom: 20px !important;background-color: #ffffff !important;border-radius: 5px !important;}&#8221;][vc_column_text]<\/p>\n<h3>Helgsk\u00f6tare<\/h3>\n<p>[\/vc_column_text][vc_row_inner][vc_column_inner width=&#8221;1\/6&#8243;][vc_single_image image=&#8221;3580&#8243; img_size=&#8221;full&#8221; style=&#8221;vc_box_rounded&#8221;][vc_column_text]<\/p>\n<p style=\"text-align: center\"><strong>&#8211; Helgsk\u00f6tare &#8211;<\/strong><\/p>\n<p style=\"text-align: center\"><b>Agnes Elofsson<\/b><\/p>\n<p>[\/vc_column_text][\/vc_column_inner][vc_column_inner width=&#8221;1\/6&#8243;][vc_single_image image=&#8221;3564&#8243; img_size=&#8221;full&#8221; style=&#8221;vc_box_rounded&#8221;][vc_column_text]<\/p>\n<p style=\"text-align: center\"><strong>&#8211; Helgsk\u00f6tare &#8211;<\/strong><\/p>\n<p style=\"text-align: center\"><strong>Alvina Brundin<\/strong><\/p>\n<p>[\/vc_column_text][\/vc_column_inner][vc_column_inner width=&#8221;1\/6&#8243;][vc_single_image image=&#8221;3586&#8243; img_size=&#8221;full&#8221; style=&#8221;vc_box_rounded&#8221;][vc_column_text]<\/p>\n<p style=\"text-align: center\"><strong>&#8211; Helgsk\u00f6tare &#8211;<\/strong><\/p>\n<p style=\"text-align: center\"><strong>Elsa Samuelsson<\/strong><\/p>\n<p>[\/vc_column_text][\/vc_column_inner][vc_column_inner width=&#8221;1\/6&#8243;][vc_single_image image=&#8221;3578&#8243; img_size=&#8221;full&#8221; style=&#8221;vc_box_rounded&#8221;][vc_column_text]<\/p>\n<p style=\"text-align: center\"><strong>&#8211; Minisk\u00f6tare &#8211;<\/strong><\/p>\n<p style=\"text-align: center\"><strong>Charlie Ljungberg<\/strong><\/p>\n<p>[\/vc_column_text][\/vc_column_inner][vc_column_inner width=&#8221;1\/6&#8243;][vc_single_image image=&#8221;3390&#8243; img_size=&#8221;full&#8221; style=&#8221;vc_box_rounded&#8221;][vc_column_text]<\/p>\n<p style=\"text-align: center\"><strong>&#8211; Helgsk\u00f6tare &#8211;<\/strong><\/p>\n<p style=\"text-align: center\"><strong>Jasmine Lyckros<\/strong><\/p>\n<p>[\/vc_column_text][\/vc_column_inner][vc_column_inner width=&#8221;1\/6&#8243;][vc_single_image image=&#8221;3584&#8243; img_size=&#8221;full&#8221; style=&#8221;vc_box_rounded&#8221;][vc_column_text]<\/p>\n<p style=\"text-align: center\"><strong>&#8211; Helgsk\u00f6tare &#8211;<\/strong><\/p>\n<p style=\"text-align: center\"><strong>Johanna Wallin<\/strong><\/p>\n<p>[\/vc_column_text][\/vc_column_inner][\/vc_row_inner][vc_row_inner][vc_column_inner width=&#8221;1\/6&#8243;][vc_single_image image=&#8221;3566&#8243; img_size=&#8221;full&#8221; style=&#8221;vc_box_rounded&#8221;][vc_column_text]<\/p>\n<p style=\"text-align: center\"><strong>&#8211; Helgsk\u00f6tare &#8211;<\/strong><\/p>\n<p style=\"text-align: center\"><strong>Julia Berglund<\/strong><\/p>\n<p>[\/vc_column_text][\/vc_column_inner][vc_column_inner width=&#8221;1\/6&#8243;][vc_single_image image=&#8221;3577&#8243; img_size=&#8221;full&#8221; style=&#8221;vc_box_rounded&#8221;][vc_column_text]<\/p>\n<p style=\"text-align: center\"><strong>&#8211; Helgsk\u00f6tare &#8211;<\/strong><\/p>\n<p style=\"text-align: center\"><strong>Linn Eriksson<\/strong><\/p>\n<p>[\/vc_column_text][\/vc_column_inner][vc_column_inner width=&#8221;1\/6&#8243;][vc_single_image image=&#8221;3390&#8243; img_size=&#8221;full&#8221; style=&#8221;vc_box_rounded&#8221;][vc_column_text css=&#8221;&#8221;]<\/p>\n<p style=\"text-align: center\"><strong>&#8211; Helgsk\u00f6tare &#8211;<\/strong><\/p>\n<p style=\"text-align: center\"><strong>Linn Liljegren<\/strong><\/p>\n<p>[\/vc_column_text][\/vc_column_inner][vc_column_inner width=&#8221;1\/6&#8243;][vc_single_image image=&#8221;3567&#8243; img_size=&#8221;full&#8221; style=&#8221;vc_box_rounded&#8221;][vc_column_text]<\/p>\n<p style=\"text-align: center\"><strong>&#8211; Helgsk\u00f6tare &#8211;<\/strong><\/p>\n<p style=\"text-align: center\"><strong>Linnea Berglund<\/strong><\/p>\n<p>[\/vc_column_text][\/vc_column_inner][vc_column_inner width=&#8221;1\/6&#8243;][vc_single_image image=&#8221;3585&#8243; img_size=&#8221;full&#8221; style=&#8221;vc_box_rounded&#8221;][vc_column_text]<\/p>\n<p style=\"text-align: center\"><strong>&#8211; Helgsk\u00f6tare &#8211;<\/strong><\/p>\n<p style=\"text-align: center\"><strong>Lisa L\u00f6vqvist<\/strong><\/p>\n<p>[\/vc_column_text][\/vc_column_inner][vc_column_inner width=&#8221;1\/6&#8243;][vc_single_image image=&#8221;3390&#8243; img_size=&#8221;full&#8221; style=&#8221;vc_box_rounded&#8221;][vc_column_text]<\/p>\n<p style=\"text-align: center\"><strong>&#8211; Helgsk\u00f6tare &#8211;<\/strong><\/p>\n<p style=\"text-align: center\"><strong>Oscar Sundberg<\/strong><\/p>\n<p>[\/vc_column_text][\/vc_column_inner][\/vc_row_inner][vc_row_inner][vc_column_inner width=&#8221;1\/6&#8243;][vc_single_image image=&#8221;3390&#8243; img_size=&#8221;full&#8221; style=&#8221;vc_box_rounded&#8221;][vc_column_text css=&#8221;&#8221;]<\/p>\n<p style=\"text-align: center\"><strong>&#8211; Helgsk\u00f6tare &#8211;<\/strong><\/p>\n<p style=\"text-align: center\"><strong>Sara Schnecke<\/strong><\/p>\n<p>[\/vc_column_text][\/vc_column_inner][vc_column_inner width=&#8221;1\/6&#8243;][vc_single_image image=&#8221;3583&#8243; img_size=&#8221;full&#8221; style=&#8221;vc_box_rounded&#8221;][vc_column_text]<\/p>\n<p style=\"text-align: center\"><strong>&#8211; Helgsk\u00f6tare &#8211;<\/strong><\/p>\n<p style=\"text-align: center\"><strong>Tilda Th\u00f6rnberg<\/strong><\/p>\n<p>[\/vc_column_text][\/vc_column_inner][vc_column_inner width=&#8221;1\/6&#8243;][\/vc_column_inner][vc_column_inner width=&#8221;1\/6&#8243;][\/vc_column_inner][vc_column_inner width=&#8221;1\/6&#8243;][\/vc_column_inner][vc_column_inner width=&#8221;1\/6&#8243;][vc_single_image image=&#8221;3575&#8243; img_size=&#8221;full&#8221; style=&#8221;vc_box_rounded&#8221; onclick=&#8221;img_link_large&#8221;][vc_column_text]<\/p>\n<p style=\"text-align: center\"><strong>&#8211; Helgsk\u00f6tare &#8211;<\/strong><\/p>\n<p style=\"text-align: center\"><strong>William Haggren<\/strong><\/p>\n<p>[\/vc_column_text][\/vc_column_inner][\/vc_row_inner][vc_row_inner][vc_column_inner width=&#8221;1\/6&#8243;][\/vc_column_inner][vc_column_inner width=&#8221;1\/6&#8243;][vc_single_image image=&#8221;3573&#8243; img_size=&#8221;full&#8221; style=&#8221;vc_box_rounded&#8221;][vc_column_text]<\/p>\n<p style=\"text-align: center\"><strong>&#8211; Minisk\u00f6tare &#8211;<\/strong><\/p>\n<p style=\"text-align: center\"><strong>Emma Berglund<\/strong><\/p>\n<p>[\/vc_column_text][\/vc_column_inner][vc_column_inner width=&#8221;1\/6&#8243;][vc_single_image image=&#8221;3588&#8243; img_size=&#8221;full&#8221; style=&#8221;vc_box_rounded&#8221;][vc_column_text]<\/p>\n<p style=\"text-align: center\"><strong>&#8211; Minisk\u00f6tare &#8211;<\/strong><\/p>\n<p style=\"text-align: center\"><strong>Emmie Haggren<\/strong><\/p>\n<p>[\/vc_column_text][\/vc_column_inner][vc_column_inner width=&#8221;1\/6&#8243;][vc_single_image image=&#8221;3587&#8243; img_size=&#8221;full&#8221; style=&#8221;vc_box_rounded&#8221;][vc_column_text]<\/p>\n<p style=\"text-align: center\"><strong>&#8211; Minisk\u00f6tare &#8211;<\/strong><\/p>\n<p style=\"text-align: center\"><strong>Freja Andreasson<\/strong><\/p>\n<p>[\/vc_column_text][\/vc_column_inner][vc_column_inner width=&#8221;1\/6&#8243;][vc_single_image image=&#8221;3574&#8243; img_size=&#8221;full&#8221; style=&#8221;vc_box_rounded&#8221;][vc_column_text]<\/p>\n<p style=\"text-align: center\"><strong>&#8211; Minisk\u00f6tare &#8211;<\/strong><\/p>\n<p style=\"text-align: center\"><strong>Meja Enggren<\/strong><\/p>\n<p>[\/vc_column_text][\/vc_column_inner][vc_column_inner width=&#8221;1\/6&#8243;][\/vc_column_inner][\/vc_row_inner][vc_row_inner][vc_column_inner width=&#8221;1\/6&#8243;][\/vc_column_inner][vc_column_inner width=&#8221;1\/6&#8243;][\/vc_column_inner][vc_column_inner width=&#8221;1\/6&#8243;][\/vc_column_inner][vc_column_inner width=&#8221;1\/6&#8243;][\/vc_column_inner][vc_column_inner width=&#8221;1\/6&#8243;][\/vc_column_inner][vc_column_inner width=&#8221;1\/6&#8243;][\/vc_column_inner][\/vc_row_inner][\/vc_column][\/vc_row][vc_row full_width=&#8221;stretch_row&#8221; gap=&#8221;5&#8243; css=&#8221;.vc_custom_1646752189798{background-color: #006340 !important;}&#8221;][vc_column css=&#8221;.vc_custom_1646752550868{margin-top: 20px !important;margin-bottom: 20px !important;background-color: #ffffff !important;border-radius: 5px !important;}&#8221;][vc_column_text]<\/p>\n<h3>Minisk\u00f6tare<\/h3>\n<p>[\/vc_column_text][\/vc_column][\/vc_row][vc_row][vc_column][\/vc_column][\/vc_row]<\/p>\n<\/div>","protected":false},"excerpt":{"rendered":"<p>[vc_row full_width=&#8221;stretch_row&#8221; gap=&#8221;10&#8243; css=&#8221;.vc_custom_1646751481253{background-color: #006340 !important;}&#8221;][vc_column css=&#8221;.vc_custom_1646752537848{margin-top: 20px !important;background-color: #ffffff !important;border-radius: 5px !important;}&#8221;][vc_column_text css=&#8221;.vc_custom_1646752531557{margin-top: -30px !important;}&#8221;] Personal p\u00e5 g\u00e5rden [\/vc_column_text][vc_separator color=&#8221;custom&#8221; border_width=&#8221;2&#8243; accent_color=&#8221;#006340&#8243;][vc_row_inner][vc_column_inner][vc_column_text] Ordinarie personal [\/vc_column_text][\/vc_column_inner][\/vc_row_inner][vc_row_inner][vc_column_inner width=&#8221;1\/6&#8243;][vc_single_image image=&#8221;3390&#8243; img_size=&#8221;full&#8221; style=&#8221;vc_box_rounded&#8221;][vc_column_text css=&#8221;&#8221;] &#8211; 4H-g\u00e5rdsf\u00f6rest\u00e5ndare &#8211; Lina Vahlersvik [\/vc_column_text][\/vc_column_inner][vc_column_inner width=&#8221;1\/6&#8243;][vc_single_image image=&#8221;3390&#8243; img_size=&#8221;full&#8221; style=&#8221;vc_box_rounded&#8221;][vc_column_text css=&#8221;&#8221;] &#8211; Bitr. 4H-g\u00e5rdsf\u00f6rest\u00e5ndare &#8211; Camilla Schulz [\/vc_column_text][\/vc_column_inner][vc_column_inner width=&#8221;1\/6&#8243;][vc_single_image image=&#8221;3390&#8243; img_size=&#8221;full&#8221; style=&#8221;vc_box_rounded&#8221;][vc_column_text] &#8211;\u00a04H-assistent &#8211;&nbsp; <a href=\"https:\/\/www.4h.se\/stattared\/personal\/\">&hellip; Read more <i class=\"glyphicon glyphicon-arrow-right\"><\/i><\/a><\/p>\n","protected":false},"author":64,"featured_media":0,"parent":0,"menu_order":139,"comment_status":"closed","ping_status":"closed","template":"","meta":{"_acf_changed":false,"footnotes":""},"class_list":["post-1793","page","type-page","status-publish","hentry"],"acf":[],"yoast_head":"<!-- This site is optimized with the Yoast SEO plugin v27.5 - https:\/\/yoast.com\/product\/yoast-seo-wordpress\/ -->\n<title>Personal - St\u00e4ttareds 4H-g\u00e5rd<\/title>\n<meta name=\"robots\" content=\"index, follow, max-snippet:-1, max-image-preview:large, max-video-preview:-1\" \/>\n<link rel=\"canonical\" href=\"https:\/\/www.4h.se\/stattared\/personal\/\" \/>\n<meta property=\"og:locale\" content=\"sv_SE\" \/>\n<meta property=\"og:type\" content=\"article\" \/>\n<meta property=\"og:title\" content=\"Personal - St\u00e4ttareds 4H-g\u00e5rd\" \/>\n<meta property=\"og:description\" content=\"[vc_row full_width=&#8221;stretch_row&#8221; gap=&#8221;10&#8243; css=&#8221;.vc_custom_1646751481253{background-color: #006340 !important;}&#8221;][vc_column css=&#8221;.vc_custom_1646752537848{margin-top: 20px !important;background-color: #ffffff !important;border-radius: 5px !important;}&#8221;][vc_column_text css=&#8221;.vc_custom_1646752531557{margin-top: -30px !important;}&#8221;] Personal p\u00e5 g\u00e5rden [\/vc_column_text][vc_separator color=&#8221;custom&#8221; border_width=&#8221;2&#8243; accent_color=&#8221;#006340&#8243;][vc_row_inner][vc_column_inner][vc_column_text] Ordinarie personal [\/vc_column_text][\/vc_column_inner][\/vc_row_inner][vc_row_inner][vc_column_inner width=&#8221;1\/6&#8243;][vc_single_image image=&#8221;3390&#8243; img_size=&#8221;full&#8221; style=&#8221;vc_box_rounded&#8221;][vc_column_text css=&#8221;&#8221;] &#8211; 4H-g\u00e5rdsf\u00f6rest\u00e5ndare &#8211; Lina Vahlersvik [\/vc_column_text][\/vc_column_inner][vc_column_inner width=&#8221;1\/6&#8243;][vc_single_image image=&#8221;3390&#8243; img_size=&#8221;full&#8221; style=&#8221;vc_box_rounded&#8221;][vc_column_text css=&#8221;&#8221;] &#8211; Bitr. 4H-g\u00e5rdsf\u00f6rest\u00e5ndare &#8211; Camilla Schulz [\/vc_column_text][\/vc_column_inner][vc_column_inner width=&#8221;1\/6&#8243;][vc_single_image image=&#8221;3390&#8243; img_size=&#8221;full&#8221; style=&#8221;vc_box_rounded&#8221;][vc_column_text] &#8211;\u00a04H-assistent &#8211;&nbsp; &hellip; Read more\" \/>\n<meta property=\"og:url\" content=\"https:\/\/www.4h.se\/stattared\/personal\/\" \/>\n<meta property=\"og:site_name\" content=\"St\u00e4ttareds 4H-g\u00e5rd\" \/>\n<meta property=\"article:modified_time\" content=\"2025-12-26T13:21:02+00:00\" \/>\n<meta name=\"twitter:card\" content=\"summary_large_image\" \/>\n<meta name=\"twitter:label1\" content=\"Ber\u00e4knad l\u00e4stid\" \/>\n\t<meta name=\"twitter:data1\" content=\"5 minuter\" \/>\n<script type=\"application\/ld+json\" class=\"yoast-schema-graph\">{\"@context\":\"https:\\\/\\\/schema.org\",\"@graph\":[{\"@type\":\"WebPage\",\"@id\":\"https:\\\/\\\/www.4h.se\\\/stattared\\\/personal\\\/\",\"url\":\"https:\\\/\\\/www.4h.se\\\/stattared\\\/personal\\\/\",\"name\":\"Personal - St\u00e4ttareds 4H-g\u00e5rd\",\"isPartOf\":{\"@id\":\"https:\\\/\\\/www.4h.se\\\/stattared\\\/#website\"},\"datePublished\":\"2018-08-07T18:02:54+00:00\",\"dateModified\":\"2025-12-26T13:21:02+00:00\",\"breadcrumb\":{\"@id\":\"https:\\\/\\\/www.4h.se\\\/stattared\\\/personal\\\/#breadcrumb\"},\"inLanguage\":\"sv-SE\",\"potentialAction\":[{\"@type\":\"ReadAction\",\"target\":[\"https:\\\/\\\/www.4h.se\\\/stattared\\\/personal\\\/\"]}]},{\"@type\":\"BreadcrumbList\",\"@id\":\"https:\\\/\\\/www.4h.se\\\/stattared\\\/personal\\\/#breadcrumb\",\"itemListElement\":[{\"@type\":\"ListItem\",\"position\":1,\"name\":\"Hem\",\"item\":\"https:\\\/\\\/www.4h.se\\\/stattared\\\/\"},{\"@type\":\"ListItem\",\"position\":2,\"name\":\"Personal\"}]},{\"@type\":\"WebSite\",\"@id\":\"https:\\\/\\\/www.4h.se\\\/stattared\\\/#website\",\"url\":\"https:\\\/\\\/www.4h.se\\\/stattared\\\/\",\"name\":\"St\u00e4ttareds 4H-g\u00e5rd\",\"description\":\"mer \u00e4n bara en g\u00e5rd\",\"potentialAction\":[{\"@type\":\"SearchAction\",\"target\":{\"@type\":\"EntryPoint\",\"urlTemplate\":\"https:\\\/\\\/www.4h.se\\\/stattared\\\/?s={search_term_string}\"},\"query-input\":{\"@type\":\"PropertyValueSpecification\",\"valueRequired\":true,\"valueName\":\"search_term_string\"}}],\"inLanguage\":\"sv-SE\"}]}<\/script>\n<!-- \/ Yoast SEO plugin. -->","yoast_head_json":{"title":"Personal - St\u00e4ttareds 4H-g\u00e5rd","robots":{"index":"index","follow":"follow","max-snippet":"max-snippet:-1","max-image-preview":"max-image-preview:large","max-video-preview":"max-video-preview:-1"},"canonical":"https:\/\/www.4h.se\/stattared\/personal\/","og_locale":"sv_SE","og_type":"article","og_title":"Personal - St\u00e4ttareds 4H-g\u00e5rd","og_description":"[vc_row full_width=&#8221;stretch_row&#8221; gap=&#8221;10&#8243; css=&#8221;.vc_custom_1646751481253{background-color: #006340 !important;}&#8221;][vc_column css=&#8221;.vc_custom_1646752537848{margin-top: 20px !important;background-color: #ffffff !important;border-radius: 5px !important;}&#8221;][vc_column_text css=&#8221;.vc_custom_1646752531557{margin-top: -30px !important;}&#8221;] Personal p\u00e5 g\u00e5rden [\/vc_column_text][vc_separator color=&#8221;custom&#8221; border_width=&#8221;2&#8243; accent_color=&#8221;#006340&#8243;][vc_row_inner][vc_column_inner][vc_column_text] Ordinarie personal [\/vc_column_text][\/vc_column_inner][\/vc_row_inner][vc_row_inner][vc_column_inner width=&#8221;1\/6&#8243;][vc_single_image image=&#8221;3390&#8243; img_size=&#8221;full&#8221; style=&#8221;vc_box_rounded&#8221;][vc_column_text css=&#8221;&#8221;] &#8211; 4H-g\u00e5rdsf\u00f6rest\u00e5ndare &#8211; Lina Vahlersvik [\/vc_column_text][\/vc_column_inner][vc_column_inner width=&#8221;1\/6&#8243;][vc_single_image image=&#8221;3390&#8243; img_size=&#8221;full&#8221; style=&#8221;vc_box_rounded&#8221;][vc_column_text css=&#8221;&#8221;] &#8211; Bitr. 4H-g\u00e5rdsf\u00f6rest\u00e5ndare &#8211; Camilla Schulz [\/vc_column_text][\/vc_column_inner][vc_column_inner width=&#8221;1\/6&#8243;][vc_single_image image=&#8221;3390&#8243; img_size=&#8221;full&#8221; style=&#8221;vc_box_rounded&#8221;][vc_column_text] &#8211;\u00a04H-assistent &#8211;&nbsp; &hellip; Read more","og_url":"https:\/\/www.4h.se\/stattared\/personal\/","og_site_name":"St\u00e4ttareds 4H-g\u00e5rd","article_modified_time":"2025-12-26T13:21:02+00:00","twitter_card":"summary_large_image","twitter_misc":{"Ber\u00e4knad l\u00e4stid":"5 minuter"},"schema":{"@context":"https:\/\/schema.org","@graph":[{"@type":"WebPage","@id":"https:\/\/www.4h.se\/stattared\/personal\/","url":"https:\/\/www.4h.se\/stattared\/personal\/","name":"Personal - St\u00e4ttareds 4H-g\u00e5rd","isPartOf":{"@id":"https:\/\/www.4h.se\/stattared\/#website"},"datePublished":"2018-08-07T18:02:54+00:00","dateModified":"2025-12-26T13:21:02+00:00","breadcrumb":{"@id":"https:\/\/www.4h.se\/stattared\/personal\/#breadcrumb"},"inLanguage":"sv-SE","potentialAction":[{"@type":"ReadAction","target":["https:\/\/www.4h.se\/stattared\/personal\/"]}]},{"@type":"BreadcrumbList","@id":"https:\/\/www.4h.se\/stattared\/personal\/#breadcrumb","itemListElement":[{"@type":"ListItem","position":1,"name":"Hem","item":"https:\/\/www.4h.se\/stattared\/"},{"@type":"ListItem","position":2,"name":"Personal"}]},{"@type":"WebSite","@id":"https:\/\/www.4h.se\/stattared\/#website","url":"https:\/\/www.4h.se\/stattared\/","name":"St\u00e4ttareds 4H-g\u00e5rd","description":"mer \u00e4n bara en g\u00e5rd","potentialAction":[{"@type":"SearchAction","target":{"@type":"EntryPoint","urlTemplate":"https:\/\/www.4h.se\/stattared\/?s={search_term_string}"},"query-input":{"@type":"PropertyValueSpecification","valueRequired":true,"valueName":"search_term_string"}}],"inLanguage":"sv-SE"}]}},"_links":{"self":[{"href":"https:\/\/www.4h.se\/stattared\/wp-json\/wp\/v2\/pages\/1793","targetHints":{"allow":["GET"]}}],"collection":[{"href":"https:\/\/www.4h.se\/stattared\/wp-json\/wp\/v2\/pages"}],"about":[{"href":"https:\/\/www.4h.se\/stattared\/wp-json\/wp\/v2\/types\/page"}],"author":[{"embeddable":true,"href":"https:\/\/www.4h.se\/stattared\/wp-json\/wp\/v2\/users\/64"}],"replies":[{"embeddable":true,"href":"https:\/\/www.4h.se\/stattared\/wp-json\/wp\/v2\/comments?post=1793"}],"version-history":[{"count":0,"href":"https:\/\/www.4h.se\/stattared\/wp-json\/wp\/v2\/pages\/1793\/revisions"}],"wp:attachment":[{"href":"https:\/\/www.4h.se\/stattared\/wp-json\/wp\/v2\/media?parent=1793"}],"curies":[{"name":"wp","href":"https:\/\/api.w.org\/{rel}","templated":true}]}}