



{"id":121,"date":"2015-01-23T20:08:12","date_gmt":"2015-01-23T19:08:12","guid":{"rendered":"http:\/\/www.4h.se\/rix16\/?page_id=121"},"modified":"2025-12-26T14:21:03","modified_gmt":"2025-12-26T13:21:03","slug":"kontakta-oss","status":"publish","type":"page","link":"https:\/\/www.4h.se\/stattared\/kontakta-oss\/","title":{"rendered":"Kontakta oss"},"content":{"rendered":"<div class=\"wpb-content-wrapper\"><p>[vc_row full_width=&#8221;stretch_row&#8221; gap=&#8221;5&#8243; css=&#8221;.vc_custom_1693821922803{background-color: #006340 !important;}&#8221;][vc_column width=&#8221;2\/3&#8243; css=&#8221;.vc_custom_1693821902618{margin-top: 20px !important;margin-bottom: 20px !important;background-color: #ffffff !important;border-radius: 5px !important;}&#8221;][vc_column_text css=&#8221;.vc_custom_1693821738205{margin-top: -20px !important;}&#8221;]<\/p>\n<h2><strong>Kontakta oss<\/strong><\/h2>\n<p>&nbsp;<\/p>\n<p><strong>St\u00e4ttareds 4H-g\u00e5rd &amp; vandrarhem<\/strong><\/p>\n<p>St\u00e4ttaredsv\u00e4gen 438<\/p>\n<p>432 66 Veddige<\/p>\n<p>Tel: 0340 &#8211; 300 03\u00a0 (+46 340 300 03)<\/p>\n<p>E-post: stattared@4h.se<\/p>\n<h5>\u00a0<\/h5>\n<h5>F\u00f6r att kontakta en medlem i styrelsen,\u00a0<a title=\"Styrelsen f\u00f6r St\u00e4ttareds 4H-klubb\" href=\"https:\/\/www.4h.se\/stattared\/styrelsen-for-stattareds-4h-klubb\/\">klicka h\u00e4r\u00a0<\/a><\/h5>\n<p>&nbsp;<\/p>\n<p>Vid fr\u00e5gor eller funderingar om GDPR v\u00e4nligen kontakta oss p\u00e5: stattared@4h.se eller l\u00e4s mer h\u00e4r:\u00a0<a href=\"https:\/\/www.4h.se\/stattared\/wp-content\/uploads\/sites\/77\/2017\/05\/Medlemsvillkor.pdf\">Hur hanterar vi dina personuppgifter?<\/a><\/p>\n<h5>\u00a0<\/h5>\n<p>&nbsp;<\/p>\n<p>&nbsp;<\/p>\n<p>[\/vc_column_text][vc_row_inner css=&#8221;.vc_custom_1693822082534{margin-top: -100px !important;}&#8221;][vc_column_inner width=&#8221;1\/3&#8243;][vc_btn title=&#8221;Kontakta oss via mejl&#8221; color=&#8221;green&#8221; size=&#8221;lg&#8221; link=&#8221;url:mailto%3Astattared%404h.se&#8221;][\/vc_column_inner][vc_column_inner width=&#8221;1\/3&#8243;][vc_btn title=&#8221;Boendef\u00f6rfr\u00e5gan&#8221; color=&#8221;green&#8221; size=&#8221;lg&#8221; link=&#8221;url:https%3A%2F%2Fwww.4h.se%2Fstattared%2Fvandrarhem%2F|title:Vandrarhem%20%26%20St%C3%A4llplats&#8221;][\/vc_column_inner][vc_column_inner width=&#8221;1\/3&#8243;][\/vc_column_inner][\/vc_row_inner][\/vc_column][vc_column width=&#8221;1\/3&#8243; css=&#8221;.vc_custom_1693822073907{margin-top: 20px !important;border-radius: 5px !important;}&#8221;][\/vc_column][\/vc_row]<\/p>\n<\/div>","protected":false},"excerpt":{"rendered":"<p>[vc_row full_width=&#8221;stretch_row&#8221; gap=&#8221;5&#8243; css=&#8221;.vc_custom_1693821922803{background-color: #006340 !important;}&#8221;][vc_column width=&#8221;2\/3&#8243; css=&#8221;.vc_custom_1693821902618{margin-top: 20px !important;margin-bottom: 20px !important;background-color: #ffffff !important;border-radius: 5px !important;}&#8221;][vc_column_text css=&#8221;.vc_custom_1693821738205{margin-top: -20px !important;}&#8221;] Kontakta oss &nbsp; St\u00e4ttareds 4H-g\u00e5rd &amp; vandrarhem St\u00e4ttaredsv\u00e4gen 438 432 66 Veddige Tel: 0340 &#8211; 300 03\u00a0 (+46 340 300 03) E-post: stattared@4h.se \u00a0 F\u00f6r att kontakta en medlem i styrelsen,\u00a0klicka h\u00e4r\u00a0 &nbsp; Vid fr\u00e5gor eller&nbsp; <a href=\"https:\/\/www.4h.se\/stattared\/kontakta-oss\/\">&hellip; Read more <i class=\"glyphicon glyphicon-arrow-right\"><\/i><\/a><\/p>\n","protected":false},"author":1,"featured_media":0,"parent":0,"menu_order":164,"comment_status":"closed","ping_status":"closed","template":"","meta":{"_acf_changed":false,"footnotes":""},"class_list":["post-121","page","type-page","status-publish","hentry"],"acf":[],"yoast_head":"<!-- This site is optimized with the Yoast SEO plugin v27.5 - https:\/\/yoast.com\/product\/yoast-seo-wordpress\/ -->\n<title>Kontakta oss - St\u00e4ttareds 4H-g\u00e5rd<\/title>\n<meta name=\"robots\" content=\"index, follow, max-snippet:-1, max-image-preview:large, max-video-preview:-1\" \/>\n<link rel=\"canonical\" href=\"https:\/\/www.4h.se\/stattared\/kontakta-oss\/\" \/>\n<meta property=\"og:locale\" content=\"sv_SE\" \/>\n<meta property=\"og:type\" content=\"article\" \/>\n<meta property=\"og:title\" content=\"Kontakta oss - St\u00e4ttareds 4H-g\u00e5rd\" \/>\n<meta property=\"og:description\" content=\"[vc_row full_width=&#8221;stretch_row&#8221; gap=&#8221;5&#8243; css=&#8221;.vc_custom_1693821922803{background-color: #006340 !important;}&#8221;][vc_column width=&#8221;2\/3&#8243; css=&#8221;.vc_custom_1693821902618{margin-top: 20px !important;margin-bottom: 20px !important;background-color: #ffffff !important;border-radius: 5px !important;}&#8221;][vc_column_text css=&#8221;.vc_custom_1693821738205{margin-top: -20px !important;}&#8221;] Kontakta oss &nbsp; St\u00e4ttareds 4H-g\u00e5rd &amp; vandrarhem St\u00e4ttaredsv\u00e4gen 438 432 66 Veddige Tel: 0340 &#8211; 300 03\u00a0 (+46 340 300 03) E-post: stattared@4h.se \u00a0 F\u00f6r att kontakta en medlem i styrelsen,\u00a0klicka h\u00e4r\u00a0 &nbsp; Vid fr\u00e5gor eller&nbsp; &hellip; Read more\" \/>\n<meta property=\"og:url\" content=\"https:\/\/www.4h.se\/stattared\/kontakta-oss\/\" \/>\n<meta property=\"og:site_name\" content=\"St\u00e4ttareds 4H-g\u00e5rd\" \/>\n<meta property=\"article:modified_time\" content=\"2025-12-26T13:21:03+00:00\" \/>\n<meta name=\"twitter:card\" content=\"summary_large_image\" \/>\n<meta name=\"twitter:label1\" content=\"Ber\u00e4knad l\u00e4stid\" \/>\n\t<meta name=\"twitter:data1\" content=\"1 minut\" \/>\n<script type=\"application\/ld+json\" class=\"yoast-schema-graph\">{\"@context\":\"https:\\\/\\\/schema.org\",\"@graph\":[{\"@type\":\"WebPage\",\"@id\":\"https:\\\/\\\/www.4h.se\\\/stattared\\\/kontakta-oss\\\/\",\"url\":\"https:\\\/\\\/www.4h.se\\\/stattared\\\/kontakta-oss\\\/\",\"name\":\"Kontakta oss - St\u00e4ttareds 4H-g\u00e5rd\",\"isPartOf\":{\"@id\":\"https:\\\/\\\/www.4h.se\\\/stattared\\\/#website\"},\"datePublished\":\"2015-01-23T19:08:12+00:00\",\"dateModified\":\"2025-12-26T13:21:03+00:00\",\"breadcrumb\":{\"@id\":\"https:\\\/\\\/www.4h.se\\\/stattared\\\/kontakta-oss\\\/#breadcrumb\"},\"inLanguage\":\"sv-SE\",\"potentialAction\":[{\"@type\":\"ReadAction\",\"target\":[\"https:\\\/\\\/www.4h.se\\\/stattared\\\/kontakta-oss\\\/\"]}]},{\"@type\":\"BreadcrumbList\",\"@id\":\"https:\\\/\\\/www.4h.se\\\/stattared\\\/kontakta-oss\\\/#breadcrumb\",\"itemListElement\":[{\"@type\":\"ListItem\",\"position\":1,\"name\":\"Hem\",\"item\":\"https:\\\/\\\/www.4h.se\\\/stattared\\\/\"},{\"@type\":\"ListItem\",\"position\":2,\"name\":\"Kontakta oss\"}]},{\"@type\":\"WebSite\",\"@id\":\"https:\\\/\\\/www.4h.se\\\/stattared\\\/#website\",\"url\":\"https:\\\/\\\/www.4h.se\\\/stattared\\\/\",\"name\":\"St\u00e4ttareds 4H-g\u00e5rd\",\"description\":\"mer \u00e4n bara en g\u00e5rd\",\"potentialAction\":[{\"@type\":\"SearchAction\",\"target\":{\"@type\":\"EntryPoint\",\"urlTemplate\":\"https:\\\/\\\/www.4h.se\\\/stattared\\\/?s={search_term_string}\"},\"query-input\":{\"@type\":\"PropertyValueSpecification\",\"valueRequired\":true,\"valueName\":\"search_term_string\"}}],\"inLanguage\":\"sv-SE\"}]}<\/script>\n<!-- \/ Yoast SEO plugin. -->","yoast_head_json":{"title":"Kontakta oss - St\u00e4ttareds 4H-g\u00e5rd","robots":{"index":"index","follow":"follow","max-snippet":"max-snippet:-1","max-image-preview":"max-image-preview:large","max-video-preview":"max-video-preview:-1"},"canonical":"https:\/\/www.4h.se\/stattared\/kontakta-oss\/","og_locale":"sv_SE","og_type":"article","og_title":"Kontakta oss - St\u00e4ttareds 4H-g\u00e5rd","og_description":"[vc_row full_width=&#8221;stretch_row&#8221; gap=&#8221;5&#8243; css=&#8221;.vc_custom_1693821922803{background-color: #006340 !important;}&#8221;][vc_column width=&#8221;2\/3&#8243; css=&#8221;.vc_custom_1693821902618{margin-top: 20px !important;margin-bottom: 20px !important;background-color: #ffffff !important;border-radius: 5px !important;}&#8221;][vc_column_text css=&#8221;.vc_custom_1693821738205{margin-top: -20px !important;}&#8221;] Kontakta oss &nbsp; St\u00e4ttareds 4H-g\u00e5rd &amp; vandrarhem St\u00e4ttaredsv\u00e4gen 438 432 66 Veddige Tel: 0340 &#8211; 300 03\u00a0 (+46 340 300 03) E-post: stattared@4h.se \u00a0 F\u00f6r att kontakta en medlem i styrelsen,\u00a0klicka h\u00e4r\u00a0 &nbsp; Vid fr\u00e5gor eller&nbsp; &hellip; Read more","og_url":"https:\/\/www.4h.se\/stattared\/kontakta-oss\/","og_site_name":"St\u00e4ttareds 4H-g\u00e5rd","article_modified_time":"2025-12-26T13:21:03+00:00","twitter_card":"summary_large_image","twitter_misc":{"Ber\u00e4knad l\u00e4stid":"1 minut"},"schema":{"@context":"https:\/\/schema.org","@graph":[{"@type":"WebPage","@id":"https:\/\/www.4h.se\/stattared\/kontakta-oss\/","url":"https:\/\/www.4h.se\/stattared\/kontakta-oss\/","name":"Kontakta oss - St\u00e4ttareds 4H-g\u00e5rd","isPartOf":{"@id":"https:\/\/www.4h.se\/stattared\/#website"},"datePublished":"2015-01-23T19:08:12+00:00","dateModified":"2025-12-26T13:21:03+00:00","breadcrumb":{"@id":"https:\/\/www.4h.se\/stattared\/kontakta-oss\/#breadcrumb"},"inLanguage":"sv-SE","potentialAction":[{"@type":"ReadAction","target":["https:\/\/www.4h.se\/stattared\/kontakta-oss\/"]}]},{"@type":"BreadcrumbList","@id":"https:\/\/www.4h.se\/stattared\/kontakta-oss\/#breadcrumb","itemListElement":[{"@type":"ListItem","position":1,"name":"Hem","item":"https:\/\/www.4h.se\/stattared\/"},{"@type":"ListItem","position":2,"name":"Kontakta oss"}]},{"@type":"WebSite","@id":"https:\/\/www.4h.se\/stattared\/#website","url":"https:\/\/www.4h.se\/stattared\/","name":"St\u00e4ttareds 4H-g\u00e5rd","description":"mer \u00e4n bara en g\u00e5rd","potentialAction":[{"@type":"SearchAction","target":{"@type":"EntryPoint","urlTemplate":"https:\/\/www.4h.se\/stattared\/?s={search_term_string}"},"query-input":{"@type":"PropertyValueSpecification","valueRequired":true,"valueName":"search_term_string"}}],"inLanguage":"sv-SE"}]}},"_links":{"self":[{"href":"https:\/\/www.4h.se\/stattared\/wp-json\/wp\/v2\/pages\/121","targetHints":{"allow":["GET"]}}],"collection":[{"href":"https:\/\/www.4h.se\/stattared\/wp-json\/wp\/v2\/pages"}],"about":[{"href":"https:\/\/www.4h.se\/stattared\/wp-json\/wp\/v2\/types\/page"}],"author":[{"embeddable":true,"href":"https:\/\/www.4h.se\/stattared\/wp-json\/wp\/v2\/users\/1"}],"replies":[{"embeddable":true,"href":"https:\/\/www.4h.se\/stattared\/wp-json\/wp\/v2\/comments?post=121"}],"version-history":[{"count":0,"href":"https:\/\/www.4h.se\/stattared\/wp-json\/wp\/v2\/pages\/121\/revisions"}],"wp:attachment":[{"href":"https:\/\/www.4h.se\/stattared\/wp-json\/wp\/v2\/media?parent=121"}],"curies":[{"name":"wp","href":"https:\/\/api.w.org\/{rel}","templated":true}]}}