



{"id":863,"date":"2024-11-19T10:54:03","date_gmt":"2024-11-19T09:54:03","guid":{"rendered":"https:\/\/www.4h.se\/skalby\/?page_id=863"},"modified":"2024-11-19T13:35:55","modified_gmt":"2024-11-19T12:35:55","slug":"forskola","status":"publish","type":"page","link":"https:\/\/www.4h.se\/skalby\/forskola\/","title":{"rendered":"F\u00f6rskola"},"content":{"rendered":"<div class=\"wpb-content-wrapper\"><p>[vc_row][vc_column][vc_column_text css=&#8221;&#8221;]<\/p>\n<h1 style=\"text-align: center;\"><span style=\"color: #f1a41e;\">P\u00e5 bes\u00f6k med f\u00f6rskola<\/span><\/h1>\n<p>[\/vc_column_text][\/vc_column][\/vc_row][vc_row][vc_column][vc_column_text css=&#8221;&#8221;][\/vc_column_text][\/vc_column][\/vc_row][vc_row][vc_column width=&#8221;2\/3&#8243;][vc_column_text css=&#8221;&#8221;]<\/p>\n<h1><span style=\"color: #82c381;\">Kretsloppsbes\u00f6k<\/span><\/h1>\n<p>&nbsp;<\/p>\n<p>Vi b\u00f6rjar hos h\u00f6nsen\u00a0och tittat om det finns n\u00e5gra \u00e4gg. N\u00e4r alla barnen plockat \u00e4gg s\u00e5 tar personalen lite h\u00f6nsbajs med i en kruka. Vi ber\u00e4ttar att g\u00f6dsel \u00e4r bra f\u00f6r jorden och att vi ska l\u00e4gga\u00a0det i komposten ocks\u00e5. Sedan bakar vi med \u00e4ggen vi plockat. Medan krabbelurerna blir klara g\u00e5r vi till komposten, vi ber\u00e4ttar lite om vad man kan l\u00e4gga i den och barnen f\u00e5r sl\u00e4nga i \u00e4ggskalet och bajset. Sedan s\u00e5 tar vi f\u00e4rdig jord fr\u00e5n komposten i de sm\u00e5 krukorna och planterar havre. Vi ber\u00e4ttar att om de vattnar s\u00e5 v\u00e4xer det upp havre som h\u00f6nsen sedan kan \u00e4ta. Krukorna f\u00e5r de ta med hem. Nu g\u00e5r vi tillbaka d\u00e4r vi startade, till h\u00f6nsen. Vi matar dem med det vi bakat samt havre och ber\u00e4ttar att nu \u00e4r kretsloppet slutet. Vi \u00e4r tillbaka d\u00e4r vi b\u00f6rjade. Vi tog n\u00e5got fr\u00e5n h\u00f6nsen, och l\u00e4mnade tillbaka n\u00e5got till h\u00f6nsen och inget gick till spillo, det blev ett KRETSLOPP!! Vi samlas sedan vid grillplatsen och \u00e4ter krabbelurer innan det \u00e4r dags att g\u00e5 hem.<\/p>\n<p>Bes\u00f6ket tar ca 1 timme med tio barn.[\/vc_column_text][\/vc_column][vc_column width=&#8221;1\/3&#8243;][vc_single_image image=&#8221;487&#8243; img_size=&#8221;large&#8221; css=&#8221;&#8221;][\/vc_column][\/vc_row][vc_row][vc_column width=&#8221;2\/3&#8243;][vc_column_text css=&#8221;&#8221;]<\/p>\n<h1><span style=\"color: #82c381;\">Djurguidning\u00a0<\/span><\/h1>\n<p>En djurguidning f\u00e5r ni ut det mesta m\u00f6jliga p\u00e5 ert bes\u00f6k hos oss, h\u00e4r kommer vi in bakom de st\u00e4ngda d\u00f6rrarna.\u00a0 D\u00e5 f\u00e5r man l\u00e4ra sig om varje djurslag, komma n\u00e4ra, mata och kunna st\u00e4lla fr\u00e5gor. Vi anpassar efter era \u00f6nskem\u00e5l, efter \u00e5lder och efter antal personer i gruppen.<\/p>\n<p>B\u00e4st \u00e4r att inte vara fler \u00e4n 8 barn i varje grupp men det fungerar upp till 15 barn. 700kr\/tim. Finns ocks\u00e5 som kortare tur 400kr\/30min.[\/vc_column_text][\/vc_column][vc_column width=&#8221;1\/3&#8243;][vc_single_image image=&#8221;860&#8243; img_size=&#8221;large&#8221; css=&#8221;&#8221;][\/vc_column][\/vc_row][vc_row][vc_column width=&#8221;2\/3&#8243;][vc_column_text css=&#8221;&#8221;]<\/p>\n<h2><span style=\"color: #82c381;\">djurskola<\/span><\/h2>\n<p>H\u00e4r kommer vi extra n\u00e4ra djuren med f\u00f6rskolekopmisarna. Vi l\u00e4r oss om de olika djuren p\u00e5 4H g\u00e5rden, fr\u00e5n va de \u00e4ter och va de beh\u00f6ver f\u00f6r att m\u00e5 bra.<\/p>\n<p>F\u00f6r f\u00f6rskolebarn \u00e4r uppl\u00e4gget 5 ggr \u00e1 30 minuter med max 6 barn per grupp och kostar 1500kr. Minst en l\u00e4rare ska medf\u00f6lja. Sker p\u00e5 skoltid.<\/p>\n<p>Andra uppl\u00e4gg enligt \u00f6verenskommelse f\u00f6r \u00e4ldre barn eller barn med funktionsneds\u00e4ttningar 600kr\/tim f\u00f6r en av 4H-g\u00e5rdens pedagoger.<\/p>\n<p>&nbsp;[\/vc_column_text][\/vc_column][vc_column width=&#8221;1\/3&#8243;][vc_single_image image=&#8221;853&#8243; img_size=&#8221;medium&#8221; css=&#8221;&#8221;][\/vc_column][\/vc_row]<\/p>\n<\/div>","protected":false},"excerpt":{"rendered":"<p>[vc_row][vc_column][vc_column_text css=&#8221;&#8221;] P\u00e5 bes\u00f6k med f\u00f6rskola [\/vc_column_text][\/vc_column][\/vc_row][vc_row][vc_column][vc_column_text css=&#8221;&#8221;][\/vc_column_text][\/vc_column][\/vc_row][vc_row][vc_column width=&#8221;2\/3&#8243;][vc_column_text css=&#8221;&#8221;] Kretsloppsbes\u00f6k &nbsp; Vi b\u00f6rjar hos h\u00f6nsen\u00a0och tittat om det finns n\u00e5gra \u00e4gg. N\u00e4r alla barnen plockat \u00e4gg s\u00e5 tar personalen lite h\u00f6nsbajs med i en kruka. Vi ber\u00e4ttar att g\u00f6dsel \u00e4r bra f\u00f6r jorden och att vi ska l\u00e4gga\u00a0det i komposten ocks\u00e5. Sedan bakar vi&nbsp; <a href=\"https:\/\/www.4h.se\/skalby\/forskola\/\">&hellip; Read more <i class=\"glyphicon glyphicon-arrow-right\"><\/i><\/a><\/p>\n","protected":false},"author":204,"featured_media":0,"parent":0,"menu_order":0,"comment_status":"closed","ping_status":"closed","template":"","meta":{"footnotes":""},"class_list":["post-863","page","type-page","status-publish","hentry"],"yoast_head":"<!-- This site is optimized with the Yoast SEO plugin v27.4 - https:\/\/yoast.com\/product\/yoast-seo-wordpress\/ -->\n<title>F\u00f6rskola - Sk\u00e4lby 4H-g\u00e5rd<\/title>\n<meta name=\"robots\" content=\"index, follow, max-snippet:-1, max-image-preview:large, max-video-preview:-1\" \/>\n<link rel=\"canonical\" href=\"https:\/\/www.4h.se\/skalby\/forskola\/\" \/>\n<meta property=\"og:locale\" content=\"sv_SE\" \/>\n<meta property=\"og:type\" content=\"article\" \/>\n<meta property=\"og:title\" content=\"F\u00f6rskola - Sk\u00e4lby 4H-g\u00e5rd\" \/>\n<meta property=\"og:description\" content=\"[vc_row][vc_column][vc_column_text css=&#8221;&#8221;] P\u00e5 bes\u00f6k med f\u00f6rskola [\/vc_column_text][\/vc_column][\/vc_row][vc_row][vc_column][vc_column_text css=&#8221;&#8221;][\/vc_column_text][\/vc_column][\/vc_row][vc_row][vc_column width=&#8221;2\/3&#8243;][vc_column_text css=&#8221;&#8221;] Kretsloppsbes\u00f6k &nbsp; Vi b\u00f6rjar hos h\u00f6nsen\u00a0och tittat om det finns n\u00e5gra \u00e4gg. N\u00e4r alla barnen plockat \u00e4gg s\u00e5 tar personalen lite h\u00f6nsbajs med i en kruka. Vi ber\u00e4ttar att g\u00f6dsel \u00e4r bra f\u00f6r jorden och att vi ska l\u00e4gga\u00a0det i komposten ocks\u00e5. Sedan bakar vi&nbsp; &hellip; Read more\" \/>\n<meta property=\"og:url\" content=\"https:\/\/www.4h.se\/skalby\/forskola\/\" \/>\n<meta property=\"og:site_name\" content=\"Sk\u00e4lby 4H-g\u00e5rd\" \/>\n<meta property=\"article:modified_time\" content=\"2024-11-19T12:35:55+00:00\" \/>\n<meta name=\"twitter:card\" content=\"summary_large_image\" \/>\n<script type=\"application\/ld+json\" class=\"yoast-schema-graph\">{\"@context\":\"https:\\\/\\\/schema.org\",\"@graph\":[{\"@type\":\"WebPage\",\"@id\":\"https:\\\/\\\/www.4h.se\\\/skalby\\\/forskola\\\/\",\"url\":\"https:\\\/\\\/www.4h.se\\\/skalby\\\/forskola\\\/\",\"name\":\"F\u00f6rskola - Sk\u00e4lby 4H-g\u00e5rd\",\"isPartOf\":{\"@id\":\"https:\\\/\\\/www.4h.se\\\/skalby\\\/#website\"},\"datePublished\":\"2024-11-19T09:54:03+00:00\",\"dateModified\":\"2024-11-19T12:35:55+00:00\",\"breadcrumb\":{\"@id\":\"https:\\\/\\\/www.4h.se\\\/skalby\\\/forskola\\\/#breadcrumb\"},\"inLanguage\":\"sv-SE\",\"potentialAction\":[{\"@type\":\"ReadAction\",\"target\":[\"https:\\\/\\\/www.4h.se\\\/skalby\\\/forskola\\\/\"]}]},{\"@type\":\"BreadcrumbList\",\"@id\":\"https:\\\/\\\/www.4h.se\\\/skalby\\\/forskola\\\/#breadcrumb\",\"itemListElement\":[{\"@type\":\"ListItem\",\"position\":1,\"name\":\"Hem\",\"item\":\"https:\\\/\\\/www.4h.se\\\/skalby\\\/\"},{\"@type\":\"ListItem\",\"position\":2,\"name\":\"F\u00f6rskola\"}]},{\"@type\":\"WebSite\",\"@id\":\"https:\\\/\\\/www.4h.se\\\/skalby\\\/#website\",\"url\":\"https:\\\/\\\/www.4h.se\\\/skalby\\\/\",\"name\":\"Sk\u00e4lby 4H-g\u00e5rd\",\"description\":\"L\u00e4ra genom att g\u00f6ra\",\"potentialAction\":[{\"@type\":\"SearchAction\",\"target\":{\"@type\":\"EntryPoint\",\"urlTemplate\":\"https:\\\/\\\/www.4h.se\\\/skalby\\\/?s={search_term_string}\"},\"query-input\":{\"@type\":\"PropertyValueSpecification\",\"valueRequired\":true,\"valueName\":\"search_term_string\"}}],\"inLanguage\":\"sv-SE\"}]}<\/script>\n<!-- \/ Yoast SEO plugin. -->","yoast_head_json":{"title":"F\u00f6rskola - Sk\u00e4lby 4H-g\u00e5rd","robots":{"index":"index","follow":"follow","max-snippet":"max-snippet:-1","max-image-preview":"max-image-preview:large","max-video-preview":"max-video-preview:-1"},"canonical":"https:\/\/www.4h.se\/skalby\/forskola\/","og_locale":"sv_SE","og_type":"article","og_title":"F\u00f6rskola - Sk\u00e4lby 4H-g\u00e5rd","og_description":"[vc_row][vc_column][vc_column_text css=&#8221;&#8221;] P\u00e5 bes\u00f6k med f\u00f6rskola [\/vc_column_text][\/vc_column][\/vc_row][vc_row][vc_column][vc_column_text css=&#8221;&#8221;][\/vc_column_text][\/vc_column][\/vc_row][vc_row][vc_column width=&#8221;2\/3&#8243;][vc_column_text css=&#8221;&#8221;] Kretsloppsbes\u00f6k &nbsp; Vi b\u00f6rjar hos h\u00f6nsen\u00a0och tittat om det finns n\u00e5gra \u00e4gg. N\u00e4r alla barnen plockat \u00e4gg s\u00e5 tar personalen lite h\u00f6nsbajs med i en kruka. Vi ber\u00e4ttar att g\u00f6dsel \u00e4r bra f\u00f6r jorden och att vi ska l\u00e4gga\u00a0det i komposten ocks\u00e5. Sedan bakar vi&nbsp; &hellip; Read more","og_url":"https:\/\/www.4h.se\/skalby\/forskola\/","og_site_name":"Sk\u00e4lby 4H-g\u00e5rd","article_modified_time":"2024-11-19T12:35:55+00:00","twitter_card":"summary_large_image","schema":{"@context":"https:\/\/schema.org","@graph":[{"@type":"WebPage","@id":"https:\/\/www.4h.se\/skalby\/forskola\/","url":"https:\/\/www.4h.se\/skalby\/forskola\/","name":"F\u00f6rskola - Sk\u00e4lby 4H-g\u00e5rd","isPartOf":{"@id":"https:\/\/www.4h.se\/skalby\/#website"},"datePublished":"2024-11-19T09:54:03+00:00","dateModified":"2024-11-19T12:35:55+00:00","breadcrumb":{"@id":"https:\/\/www.4h.se\/skalby\/forskola\/#breadcrumb"},"inLanguage":"sv-SE","potentialAction":[{"@type":"ReadAction","target":["https:\/\/www.4h.se\/skalby\/forskola\/"]}]},{"@type":"BreadcrumbList","@id":"https:\/\/www.4h.se\/skalby\/forskola\/#breadcrumb","itemListElement":[{"@type":"ListItem","position":1,"name":"Hem","item":"https:\/\/www.4h.se\/skalby\/"},{"@type":"ListItem","position":2,"name":"F\u00f6rskola"}]},{"@type":"WebSite","@id":"https:\/\/www.4h.se\/skalby\/#website","url":"https:\/\/www.4h.se\/skalby\/","name":"Sk\u00e4lby 4H-g\u00e5rd","description":"L\u00e4ra genom att g\u00f6ra","potentialAction":[{"@type":"SearchAction","target":{"@type":"EntryPoint","urlTemplate":"https:\/\/www.4h.se\/skalby\/?s={search_term_string}"},"query-input":{"@type":"PropertyValueSpecification","valueRequired":true,"valueName":"search_term_string"}}],"inLanguage":"sv-SE"}]}},"_links":{"self":[{"href":"https:\/\/www.4h.se\/skalby\/wp-json\/wp\/v2\/pages\/863","targetHints":{"allow":["GET"]}}],"collection":[{"href":"https:\/\/www.4h.se\/skalby\/wp-json\/wp\/v2\/pages"}],"about":[{"href":"https:\/\/www.4h.se\/skalby\/wp-json\/wp\/v2\/types\/page"}],"author":[{"embeddable":true,"href":"https:\/\/www.4h.se\/skalby\/wp-json\/wp\/v2\/users\/204"}],"replies":[{"embeddable":true,"href":"https:\/\/www.4h.se\/skalby\/wp-json\/wp\/v2\/comments?post=863"}],"version-history":[{"count":0,"href":"https:\/\/www.4h.se\/skalby\/wp-json\/wp\/v2\/pages\/863\/revisions"}],"wp:attachment":[{"href":"https:\/\/www.4h.se\/skalby\/wp-json\/wp\/v2\/media?parent=863"}],"curies":[{"name":"wp","href":"https:\/\/api.w.org\/{rel}","templated":true}]}}