



{"id":634,"date":"2022-11-10T12:22:56","date_gmt":"2022-11-10T11:22:56","guid":{"rendered":"http:\/\/www.4h.se\/skalby\/?page_id=634"},"modified":"2026-01-15T16:41:04","modified_gmt":"2026-01-15T15:41:04","slug":"halvtimmesridning","status":"publish","type":"page","link":"https:\/\/www.4h.se\/skalby\/halvtimmesridning\/","title":{"rendered":"Halvtimmesridning"},"content":{"rendered":"<div class=\"wpb-content-wrapper\"><p>[vc_row][vc_column width=&#8221;1\/2&#8243;][vc_column_text css=&#8221;&#8221;]<\/p>\n<div class=\"elementor-element elementor-element-13cd57a elementor-widget elementor-widget-text-editor\">\n<div class=\"elementor-widget-container\">\n<div class=\"elementor-text-editor elementor-clearfix\">\n<p>Halvtimmesridning erbjuder vi i m\u00e5n av tid via l\u00e4nken nedan.<\/p>\n<p>&nbsp;<\/p>\n<p><strong>Halvtimmasridning<\/strong> \u00e4r en l\u00e4ngre ponnyridning i Sk\u00e4lbyparken f\u00f6r barn d\u00e4r f\u00f6r\u00e4ldern leder ponnyn. En av oss fr\u00e5n 4H f\u00f6ljer med och visar v\u00e4gen och assisterar, och ibland \u00e4r det flera barn som rider \u2013 d\u00e4rav viktigt att det finns f\u00f6r\u00e4lder som kan leda. Ridhj\u00e4lm finns att l\u00e5na, ridst\u00f6vlar\/skor\/v\u00e4st beh\u00f6vs ej. Pris 300kr\/barn.<\/p>\n<\/div>\n<\/div>\n<\/div>\n<div class=\"elementor-element elementor-element-ebfe1fe elementor-widget elementor-widget-text-editor\">\n<div class=\"elementor-widget-container\">\n<div class=\"elementor-text-editor elementor-clearfix\">\n<p>&nbsp;Bokning av halvtimmasridning<\/p>\n<ul>\n<li>Minst en anh\u00f6rig per barn<\/li>\n<li>Sm\u00e5 barn som sitter ostadigt i sadeln beh\u00f6ver \u00e4ven en anh\u00f6rig som har koll s\u00e5 barnen inte ramlar av.<\/li>\n<li>Det g\u00e5r inte att boka specifik ponny. Det minsta barnen kommer f\u00e5 den minsta ponnyn och det st\u00f6rsta barnen den st\u00f6rsta ponnyn.<\/li>\n<li>Ange i bokningen vikt och l\u00e4ngd p\u00e5 barnet\/barnen s\u00e5 vi vet vilka h\u00e4star som passar<i>&nbsp;storleksm\u00e4ssigt.<\/i><\/li>\n<li>Bokningen inf\u00f6r en halvtimmasridning beh\u00f6ver g\u00f6ras senast kl.15 p\u00e5 vardagen innan \u00f6nskad ridning f\u00f6r att vi ska hinna se den. Bokningen \u00e4r bindande och fakturan m\u00e5ste betalas \u00e4ven vid f\u00f6rhinder.<\/li>\n<\/ul>\n<\/div>\n<\/div>\n<\/div>\n<p>[\/vc_column_text][\/vc_column][vc_column width=&#8221;1\/2&#8243;][\/vc_column][\/vc_row][vc_row][vc_column width=&#8221;1\/2&#8243;][vc_column_text]<a href=\"https:\/\/www.antribe.com\/org\/4h\/skalby-4h\/event\">Kolla tider h\u00e4r!<\/a>[\/vc_column_text][\/vc_column][vc_column width=&#8221;1\/2&#8243;][vc_single_image image=&#8221;660&#8243; img_size=&#8221;300&#215;300&#8243;][\/vc_column][\/vc_row]<\/p>\n<\/div>","protected":false},"excerpt":{"rendered":"<p>[vc_row][vc_column width=&#8221;1\/2&#8243;][vc_column_text css=&#8221;&#8221;] Halvtimmesridning erbjuder vi i m\u00e5n av tid via l\u00e4nken nedan. &nbsp; Halvtimmasridning \u00e4r en l\u00e4ngre ponnyridning i Sk\u00e4lbyparken f\u00f6r barn d\u00e4r f\u00f6r\u00e4ldern leder ponnyn. En av oss fr\u00e5n 4H f\u00f6ljer med och visar v\u00e4gen och assisterar, och ibland \u00e4r det flera barn som rider \u2013 d\u00e4rav viktigt att det finns f\u00f6r\u00e4lder som&nbsp; <a href=\"https:\/\/www.4h.se\/skalby\/halvtimmesridning\/\">&hellip; Read more <i class=\"glyphicon glyphicon-arrow-right\"><\/i><\/a><\/p>\n","protected":false},"author":204,"featured_media":0,"parent":0,"menu_order":0,"comment_status":"closed","ping_status":"closed","template":"","meta":{"_acf_changed":false,"footnotes":""},"class_list":["post-634","page","type-page","status-publish","hentry"],"acf":[],"yoast_head":"<!-- This site is optimized with the Yoast SEO plugin v27.5 - https:\/\/yoast.com\/product\/yoast-seo-wordpress\/ -->\n<title>Halvtimmesridning - Sk\u00e4lby 4H-g\u00e5rd<\/title>\n<meta name=\"robots\" content=\"index, follow, max-snippet:-1, max-image-preview:large, max-video-preview:-1\" \/>\n<link rel=\"canonical\" href=\"https:\/\/www.4h.se\/skalby\/halvtimmesridning\/\" \/>\n<meta property=\"og:locale\" content=\"sv_SE\" \/>\n<meta property=\"og:type\" content=\"article\" \/>\n<meta property=\"og:title\" content=\"Halvtimmesridning - Sk\u00e4lby 4H-g\u00e5rd\" \/>\n<meta property=\"og:description\" content=\"[vc_row][vc_column width=&#8221;1\/2&#8243;][vc_column_text css=&#8221;&#8221;] Halvtimmesridning erbjuder vi i m\u00e5n av tid via l\u00e4nken nedan. &nbsp; Halvtimmasridning \u00e4r en l\u00e4ngre ponnyridning i Sk\u00e4lbyparken f\u00f6r barn d\u00e4r f\u00f6r\u00e4ldern leder ponnyn. En av oss fr\u00e5n 4H f\u00f6ljer med och visar v\u00e4gen och assisterar, och ibland \u00e4r det flera barn som rider \u2013 d\u00e4rav viktigt att det finns f\u00f6r\u00e4lder som&nbsp; &hellip; Read more\" \/>\n<meta property=\"og:url\" content=\"https:\/\/www.4h.se\/skalby\/halvtimmesridning\/\" \/>\n<meta property=\"og:site_name\" content=\"Sk\u00e4lby 4H-g\u00e5rd\" \/>\n<meta property=\"article:modified_time\" content=\"2026-01-15T15:41:04+00:00\" \/>\n<meta name=\"twitter:card\" content=\"summary_large_image\" \/>\n<meta name=\"twitter:label1\" content=\"Ber\u00e4knad l\u00e4stid\" \/>\n\t<meta name=\"twitter:data1\" content=\"1 minut\" \/>\n<script type=\"application\/ld+json\" class=\"yoast-schema-graph\">{\"@context\":\"https:\\\/\\\/schema.org\",\"@graph\":[{\"@type\":\"WebPage\",\"@id\":\"https:\\\/\\\/www.4h.se\\\/skalby\\\/halvtimmesridning\\\/\",\"url\":\"https:\\\/\\\/www.4h.se\\\/skalby\\\/halvtimmesridning\\\/\",\"name\":\"Halvtimmesridning - Sk\u00e4lby 4H-g\u00e5rd\",\"isPartOf\":{\"@id\":\"https:\\\/\\\/www.4h.se\\\/skalby\\\/#website\"},\"datePublished\":\"2022-11-10T11:22:56+00:00\",\"dateModified\":\"2026-01-15T15:41:04+00:00\",\"breadcrumb\":{\"@id\":\"https:\\\/\\\/www.4h.se\\\/skalby\\\/halvtimmesridning\\\/#breadcrumb\"},\"inLanguage\":\"sv-SE\",\"potentialAction\":[{\"@type\":\"ReadAction\",\"target\":[\"https:\\\/\\\/www.4h.se\\\/skalby\\\/halvtimmesridning\\\/\"]}]},{\"@type\":\"BreadcrumbList\",\"@id\":\"https:\\\/\\\/www.4h.se\\\/skalby\\\/halvtimmesridning\\\/#breadcrumb\",\"itemListElement\":[{\"@type\":\"ListItem\",\"position\":1,\"name\":\"Hem\",\"item\":\"https:\\\/\\\/www.4h.se\\\/skalby\\\/\"},{\"@type\":\"ListItem\",\"position\":2,\"name\":\"Halvtimmesridning\"}]},{\"@type\":\"WebSite\",\"@id\":\"https:\\\/\\\/www.4h.se\\\/skalby\\\/#website\",\"url\":\"https:\\\/\\\/www.4h.se\\\/skalby\\\/\",\"name\":\"Sk\u00e4lby 4H-g\u00e5rd\",\"description\":\"L\u00e4ra genom att g\u00f6ra\",\"potentialAction\":[{\"@type\":\"SearchAction\",\"target\":{\"@type\":\"EntryPoint\",\"urlTemplate\":\"https:\\\/\\\/www.4h.se\\\/skalby\\\/?s={search_term_string}\"},\"query-input\":{\"@type\":\"PropertyValueSpecification\",\"valueRequired\":true,\"valueName\":\"search_term_string\"}}],\"inLanguage\":\"sv-SE\"}]}<\/script>\n<!-- \/ Yoast SEO plugin. -->","yoast_head_json":{"title":"Halvtimmesridning - Sk\u00e4lby 4H-g\u00e5rd","robots":{"index":"index","follow":"follow","max-snippet":"max-snippet:-1","max-image-preview":"max-image-preview:large","max-video-preview":"max-video-preview:-1"},"canonical":"https:\/\/www.4h.se\/skalby\/halvtimmesridning\/","og_locale":"sv_SE","og_type":"article","og_title":"Halvtimmesridning - Sk\u00e4lby 4H-g\u00e5rd","og_description":"[vc_row][vc_column width=&#8221;1\/2&#8243;][vc_column_text css=&#8221;&#8221;] Halvtimmesridning erbjuder vi i m\u00e5n av tid via l\u00e4nken nedan. &nbsp; Halvtimmasridning \u00e4r en l\u00e4ngre ponnyridning i Sk\u00e4lbyparken f\u00f6r barn d\u00e4r f\u00f6r\u00e4ldern leder ponnyn. En av oss fr\u00e5n 4H f\u00f6ljer med och visar v\u00e4gen och assisterar, och ibland \u00e4r det flera barn som rider \u2013 d\u00e4rav viktigt att det finns f\u00f6r\u00e4lder som&nbsp; &hellip; Read more","og_url":"https:\/\/www.4h.se\/skalby\/halvtimmesridning\/","og_site_name":"Sk\u00e4lby 4H-g\u00e5rd","article_modified_time":"2026-01-15T15:41:04+00:00","twitter_card":"summary_large_image","twitter_misc":{"Ber\u00e4knad l\u00e4stid":"1 minut"},"schema":{"@context":"https:\/\/schema.org","@graph":[{"@type":"WebPage","@id":"https:\/\/www.4h.se\/skalby\/halvtimmesridning\/","url":"https:\/\/www.4h.se\/skalby\/halvtimmesridning\/","name":"Halvtimmesridning - Sk\u00e4lby 4H-g\u00e5rd","isPartOf":{"@id":"https:\/\/www.4h.se\/skalby\/#website"},"datePublished":"2022-11-10T11:22:56+00:00","dateModified":"2026-01-15T15:41:04+00:00","breadcrumb":{"@id":"https:\/\/www.4h.se\/skalby\/halvtimmesridning\/#breadcrumb"},"inLanguage":"sv-SE","potentialAction":[{"@type":"ReadAction","target":["https:\/\/www.4h.se\/skalby\/halvtimmesridning\/"]}]},{"@type":"BreadcrumbList","@id":"https:\/\/www.4h.se\/skalby\/halvtimmesridning\/#breadcrumb","itemListElement":[{"@type":"ListItem","position":1,"name":"Hem","item":"https:\/\/www.4h.se\/skalby\/"},{"@type":"ListItem","position":2,"name":"Halvtimmesridning"}]},{"@type":"WebSite","@id":"https:\/\/www.4h.se\/skalby\/#website","url":"https:\/\/www.4h.se\/skalby\/","name":"Sk\u00e4lby 4H-g\u00e5rd","description":"L\u00e4ra genom att g\u00f6ra","potentialAction":[{"@type":"SearchAction","target":{"@type":"EntryPoint","urlTemplate":"https:\/\/www.4h.se\/skalby\/?s={search_term_string}"},"query-input":{"@type":"PropertyValueSpecification","valueRequired":true,"valueName":"search_term_string"}}],"inLanguage":"sv-SE"}]}},"_links":{"self":[{"href":"https:\/\/www.4h.se\/skalby\/wp-json\/wp\/v2\/pages\/634","targetHints":{"allow":["GET"]}}],"collection":[{"href":"https:\/\/www.4h.se\/skalby\/wp-json\/wp\/v2\/pages"}],"about":[{"href":"https:\/\/www.4h.se\/skalby\/wp-json\/wp\/v2\/types\/page"}],"author":[{"embeddable":true,"href":"https:\/\/www.4h.se\/skalby\/wp-json\/wp\/v2\/users\/204"}],"replies":[{"embeddable":true,"href":"https:\/\/www.4h.se\/skalby\/wp-json\/wp\/v2\/comments?post=634"}],"version-history":[{"count":0,"href":"https:\/\/www.4h.se\/skalby\/wp-json\/wp\/v2\/pages\/634\/revisions"}],"wp:attachment":[{"href":"https:\/\/www.4h.se\/skalby\/wp-json\/wp\/v2\/media?parent=634"}],"curies":[{"name":"wp","href":"https:\/\/api.w.org\/{rel}","templated":true}]}}