



{"id":596,"date":"2022-10-06T13:31:27","date_gmt":"2022-10-06T11:31:27","guid":{"rendered":"http:\/\/www.4h.se\/skalby\/?page_id=596"},"modified":"2026-01-15T16:01:24","modified_gmt":"2026-01-15T15:01:24","slug":"personal","status":"publish","type":"page","link":"https:\/\/www.4h.se\/skalby\/personal\/","title":{"rendered":"Personal"},"content":{"rendered":"<div class=\"wpb-content-wrapper\"><p>[vc_row][vc_column width=&#8221;1\/4&#8243;][vc_single_image image=&#8221;647&#8243; img_size=&#8221;300&#215;300&#8243; add_caption=&#8221;yes&#8221; alignment=&#8221;center&#8221; style=&#8221;vc_box_circle_2&#8243; title=&#8221;Isabelle Hall Wilkens&#8221;][\/vc_column][vc_column width=&#8221;1\/4&#8243;][vc_single_image img_size=&#8221;300&#215;300&#8243; alignment=&#8221;center&#8221; style=&#8221;vc_box_circle_2&#8243; css=&#8221;&#8221; title=&#8221;Medina Lundblom&#8221;][\/vc_column][vc_column width=&#8221;1\/4&#8243;][vc_single_image image=&#8221;664&#8243; img_size=&#8221;300&#215;300&#8243; alignment=&#8221;center&#8221; style=&#8221;vc_box_circle_2&#8243; title=&#8221;Tina Burvall&#8221;][\/vc_column][vc_column width=&#8221;1\/4&#8243;][vc_single_image image=&#8221;452&#8243; img_size=&#8221;300&#215;300&#8243; alignment=&#8221;center&#8221; style=&#8221;vc_box_circle_2&#8243; title=&#8221;Sara Lundgren&#8221;][\/vc_column][\/vc_row][vc_row][vc_column width=&#8221;1\/4&#8243;][vc_single_image image=&#8221;804&#8243; img_size=&#8221;300&#215;300&#8243; alignment=&#8221;center&#8221; style=&#8221;vc_box_circle_2&#8243; title=&#8221;Helene R\u00e5senfeldt&#8221;][\/vc_column][vc_column width=&#8221;1\/4&#8243;][vc_single_image image=&#8221;776&#8243; img_size=&#8221;300&#215;300&#8243; alignment=&#8221;center&#8221; style=&#8221;vc_box_circle_2&#8243; title=&#8221;Emma Andersson&#8221;][\/vc_column][vc_column width=&#8221;1\/4&#8243;][vc_single_image image=&#8221;803&#8243; img_size=&#8221;300&#215;300&#8243; alignment=&#8221;center&#8221; style=&#8221;vc_box_circle_2&#8243; title=&#8221;Martin Rehn&#8221;][\/vc_column][vc_column width=&#8221;1\/4&#8243;][vc_single_image image=&#8221;775&#8243; img_size=&#8221;300&#215;300&#8243; alignment=&#8221;center&#8221; style=&#8221;vc_box_circle_2&#8243; css=&#8221;&#8221; title=&#8221;James Mcclintock&#8221;][\/vc_column][\/vc_row]<\/p>\n<\/div>","protected":false},"excerpt":{"rendered":"<p>[vc_row][vc_column width=&#8221;1\/4&#8243;][vc_single_image image=&#8221;647&#8243; img_size=&#8221;300&#215;300&#8243; add_caption=&#8221;yes&#8221; alignment=&#8221;center&#8221; style=&#8221;vc_box_circle_2&#8243; title=&#8221;Isabelle Hall Wilkens&#8221;][\/vc_column][vc_column width=&#8221;1\/4&#8243;][vc_single_image img_size=&#8221;300&#215;300&#8243; alignment=&#8221;center&#8221; style=&#8221;vc_box_circle_2&#8243; css=&#8221;&#8221; title=&#8221;Medina Lundblom&#8221;][\/vc_column][vc_column width=&#8221;1\/4&#8243;][vc_single_image image=&#8221;664&#8243; img_size=&#8221;300&#215;300&#8243; alignment=&#8221;center&#8221; style=&#8221;vc_box_circle_2&#8243; title=&#8221;Tina Burvall&#8221;][\/vc_column][vc_column width=&#8221;1\/4&#8243;][vc_single_image image=&#8221;452&#8243; img_size=&#8221;300&#215;300&#8243; alignment=&#8221;center&#8221; style=&#8221;vc_box_circle_2&#8243; title=&#8221;Sara Lundgren&#8221;][\/vc_column][\/vc_row][vc_row][vc_column width=&#8221;1\/4&#8243;][vc_single_image image=&#8221;804&#8243; img_size=&#8221;300&#215;300&#8243; alignment=&#8221;center&#8221; style=&#8221;vc_box_circle_2&#8243; title=&#8221;Helene R\u00e5senfeldt&#8221;][\/vc_column][vc_column width=&#8221;1\/4&#8243;][vc_single_image image=&#8221;776&#8243; img_size=&#8221;300&#215;300&#8243; alignment=&#8221;center&#8221; style=&#8221;vc_box_circle_2&#8243; title=&#8221;Emma Andersson&#8221;][\/vc_column][vc_column width=&#8221;1\/4&#8243;][vc_single_image image=&#8221;803&#8243; img_size=&#8221;300&#215;300&#8243; alignment=&#8221;center&#8221; style=&#8221;vc_box_circle_2&#8243; title=&#8221;Martin Rehn&#8221;][\/vc_column][vc_column width=&#8221;1\/4&#8243;][vc_single_image image=&#8221;775&#8243; img_size=&#8221;300&#215;300&#8243;&nbsp; <a href=\"https:\/\/www.4h.se\/skalby\/personal\/\">&hellip; Read more <i class=\"glyphicon glyphicon-arrow-right\"><\/i><\/a><\/p>\n","protected":false},"author":204,"featured_media":0,"parent":0,"menu_order":0,"comment_status":"closed","ping_status":"closed","template":"","meta":{"footnotes":""},"class_list":["post-596","page","type-page","status-publish","hentry"],"yoast_head":"<!-- This site is optimized with the Yoast SEO plugin v27.4 - https:\/\/yoast.com\/product\/yoast-seo-wordpress\/ -->\n<title>Personal - Sk\u00e4lby 4H-g\u00e5rd<\/title>\n<meta name=\"robots\" content=\"index, follow, max-snippet:-1, max-image-preview:large, max-video-preview:-1\" \/>\n<link rel=\"canonical\" href=\"\/personal\" \/>\n<meta property=\"og:locale\" content=\"sv_SE\" \/>\n<meta property=\"og:type\" content=\"article\" \/>\n<meta property=\"og:title\" content=\"Personal - Sk\u00e4lby 4H-g\u00e5rd\" \/>\n<meta property=\"og:description\" content=\"[vc_row][vc_column width=&#8221;1\/4&#8243;][vc_single_image image=&#8221;647&#8243; img_size=&#8221;300&#215;300&#8243; add_caption=&#8221;yes&#8221; alignment=&#8221;center&#8221; style=&#8221;vc_box_circle_2&#8243; title=&#8221;Isabelle Hall Wilkens&#8221;][\/vc_column][vc_column width=&#8221;1\/4&#8243;][vc_single_image img_size=&#8221;300&#215;300&#8243; alignment=&#8221;center&#8221; style=&#8221;vc_box_circle_2&#8243; css=&#8221;&#8221; title=&#8221;Medina Lundblom&#8221;][\/vc_column][vc_column width=&#8221;1\/4&#8243;][vc_single_image image=&#8221;664&#8243; img_size=&#8221;300&#215;300&#8243; alignment=&#8221;center&#8221; style=&#8221;vc_box_circle_2&#8243; title=&#8221;Tina Burvall&#8221;][\/vc_column][vc_column width=&#8221;1\/4&#8243;][vc_single_image image=&#8221;452&#8243; img_size=&#8221;300&#215;300&#8243; alignment=&#8221;center&#8221; style=&#8221;vc_box_circle_2&#8243; title=&#8221;Sara Lundgren&#8221;][\/vc_column][\/vc_row][vc_row][vc_column width=&#8221;1\/4&#8243;][vc_single_image image=&#8221;804&#8243; img_size=&#8221;300&#215;300&#8243; alignment=&#8221;center&#8221; style=&#8221;vc_box_circle_2&#8243; title=&#8221;Helene R\u00e5senfeldt&#8221;][\/vc_column][vc_column width=&#8221;1\/4&#8243;][vc_single_image image=&#8221;776&#8243; img_size=&#8221;300&#215;300&#8243; alignment=&#8221;center&#8221; style=&#8221;vc_box_circle_2&#8243; title=&#8221;Emma Andersson&#8221;][\/vc_column][vc_column width=&#8221;1\/4&#8243;][vc_single_image image=&#8221;803&#8243; img_size=&#8221;300&#215;300&#8243; alignment=&#8221;center&#8221; style=&#8221;vc_box_circle_2&#8243; title=&#8221;Martin Rehn&#8221;][\/vc_column][vc_column width=&#8221;1\/4&#8243;][vc_single_image image=&#8221;775&#8243; img_size=&#8221;300&#215;300&#8243;&nbsp; &hellip; Read more\" \/>\n<meta property=\"og:url\" content=\"\/personal\" \/>\n<meta property=\"og:site_name\" content=\"Sk\u00e4lby 4H-g\u00e5rd\" \/>\n<meta property=\"article:modified_time\" content=\"2026-01-15T15:01:24+00:00\" \/>\n<meta name=\"twitter:card\" content=\"summary_large_image\" \/>\n<meta name=\"twitter:label1\" content=\"Ber\u00e4knad l\u00e4stid\" \/>\n\t<meta name=\"twitter:data1\" content=\"1 minut\" \/>\n<script type=\"application\/ld+json\" class=\"yoast-schema-graph\">{\"@context\":\"https:\\\/\\\/schema.org\",\"@graph\":[{\"@type\":\"WebPage\",\"@id\":\"https:\\\/\\\/www.4h.se\\\/skalby\\\/personal\\\/\",\"url\":\"\\\/personal\",\"name\":\"Personal - Sk\u00e4lby 4H-g\u00e5rd\",\"isPartOf\":{\"@id\":\"https:\\\/\\\/www.4h.se\\\/skalby\\\/#website\"},\"datePublished\":\"2022-10-06T11:31:27+00:00\",\"dateModified\":\"2026-01-15T15:01:24+00:00\",\"breadcrumb\":{\"@id\":\"\\\/personal#breadcrumb\"},\"inLanguage\":\"sv-SE\",\"potentialAction\":[{\"@type\":\"ReadAction\",\"target\":[\"\\\/personal\"]}]},{\"@type\":\"BreadcrumbList\",\"@id\":\"\\\/personal#breadcrumb\",\"itemListElement\":[{\"@type\":\"ListItem\",\"position\":1,\"name\":\"Hem\",\"item\":\"https:\\\/\\\/www.4h.se\\\/skalby\\\/\"},{\"@type\":\"ListItem\",\"position\":2,\"name\":\"Personal\"}]},{\"@type\":\"WebSite\",\"@id\":\"https:\\\/\\\/www.4h.se\\\/skalby\\\/#website\",\"url\":\"https:\\\/\\\/www.4h.se\\\/skalby\\\/\",\"name\":\"Sk\u00e4lby 4H-g\u00e5rd\",\"description\":\"L\u00e4ra genom att g\u00f6ra\",\"potentialAction\":[{\"@type\":\"SearchAction\",\"target\":{\"@type\":\"EntryPoint\",\"urlTemplate\":\"https:\\\/\\\/www.4h.se\\\/skalby\\\/?s={search_term_string}\"},\"query-input\":{\"@type\":\"PropertyValueSpecification\",\"valueRequired\":true,\"valueName\":\"search_term_string\"}}],\"inLanguage\":\"sv-SE\"}]}<\/script>\n<!-- \/ Yoast SEO plugin. -->","yoast_head_json":{"title":"Personal - Sk\u00e4lby 4H-g\u00e5rd","robots":{"index":"index","follow":"follow","max-snippet":"max-snippet:-1","max-image-preview":"max-image-preview:large","max-video-preview":"max-video-preview:-1"},"canonical":"\/personal","og_locale":"sv_SE","og_type":"article","og_title":"Personal - Sk\u00e4lby 4H-g\u00e5rd","og_description":"[vc_row][vc_column width=&#8221;1\/4&#8243;][vc_single_image image=&#8221;647&#8243; img_size=&#8221;300&#215;300&#8243; add_caption=&#8221;yes&#8221; alignment=&#8221;center&#8221; style=&#8221;vc_box_circle_2&#8243; title=&#8221;Isabelle Hall Wilkens&#8221;][\/vc_column][vc_column width=&#8221;1\/4&#8243;][vc_single_image img_size=&#8221;300&#215;300&#8243; alignment=&#8221;center&#8221; style=&#8221;vc_box_circle_2&#8243; css=&#8221;&#8221; title=&#8221;Medina Lundblom&#8221;][\/vc_column][vc_column width=&#8221;1\/4&#8243;][vc_single_image image=&#8221;664&#8243; img_size=&#8221;300&#215;300&#8243; alignment=&#8221;center&#8221; style=&#8221;vc_box_circle_2&#8243; title=&#8221;Tina Burvall&#8221;][\/vc_column][vc_column width=&#8221;1\/4&#8243;][vc_single_image image=&#8221;452&#8243; img_size=&#8221;300&#215;300&#8243; alignment=&#8221;center&#8221; style=&#8221;vc_box_circle_2&#8243; title=&#8221;Sara Lundgren&#8221;][\/vc_column][\/vc_row][vc_row][vc_column width=&#8221;1\/4&#8243;][vc_single_image image=&#8221;804&#8243; img_size=&#8221;300&#215;300&#8243; alignment=&#8221;center&#8221; style=&#8221;vc_box_circle_2&#8243; title=&#8221;Helene R\u00e5senfeldt&#8221;][\/vc_column][vc_column width=&#8221;1\/4&#8243;][vc_single_image image=&#8221;776&#8243; img_size=&#8221;300&#215;300&#8243; alignment=&#8221;center&#8221; style=&#8221;vc_box_circle_2&#8243; title=&#8221;Emma Andersson&#8221;][\/vc_column][vc_column width=&#8221;1\/4&#8243;][vc_single_image image=&#8221;803&#8243; img_size=&#8221;300&#215;300&#8243; alignment=&#8221;center&#8221; style=&#8221;vc_box_circle_2&#8243; title=&#8221;Martin Rehn&#8221;][\/vc_column][vc_column width=&#8221;1\/4&#8243;][vc_single_image image=&#8221;775&#8243; img_size=&#8221;300&#215;300&#8243;&nbsp; &hellip; Read more","og_url":"\/personal","og_site_name":"Sk\u00e4lby 4H-g\u00e5rd","article_modified_time":"2026-01-15T15:01:24+00:00","twitter_card":"summary_large_image","twitter_misc":{"Ber\u00e4knad l\u00e4stid":"1 minut"},"schema":{"@context":"https:\/\/schema.org","@graph":[{"@type":"WebPage","@id":"https:\/\/www.4h.se\/skalby\/personal\/","url":"\/personal","name":"Personal - Sk\u00e4lby 4H-g\u00e5rd","isPartOf":{"@id":"https:\/\/www.4h.se\/skalby\/#website"},"datePublished":"2022-10-06T11:31:27+00:00","dateModified":"2026-01-15T15:01:24+00:00","breadcrumb":{"@id":"\/personal#breadcrumb"},"inLanguage":"sv-SE","potentialAction":[{"@type":"ReadAction","target":["\/personal"]}]},{"@type":"BreadcrumbList","@id":"\/personal#breadcrumb","itemListElement":[{"@type":"ListItem","position":1,"name":"Hem","item":"https:\/\/www.4h.se\/skalby\/"},{"@type":"ListItem","position":2,"name":"Personal"}]},{"@type":"WebSite","@id":"https:\/\/www.4h.se\/skalby\/#website","url":"https:\/\/www.4h.se\/skalby\/","name":"Sk\u00e4lby 4H-g\u00e5rd","description":"L\u00e4ra genom att g\u00f6ra","potentialAction":[{"@type":"SearchAction","target":{"@type":"EntryPoint","urlTemplate":"https:\/\/www.4h.se\/skalby\/?s={search_term_string}"},"query-input":{"@type":"PropertyValueSpecification","valueRequired":true,"valueName":"search_term_string"}}],"inLanguage":"sv-SE"}]}},"_links":{"self":[{"href":"https:\/\/www.4h.se\/skalby\/wp-json\/wp\/v2\/pages\/596","targetHints":{"allow":["GET"]}}],"collection":[{"href":"https:\/\/www.4h.se\/skalby\/wp-json\/wp\/v2\/pages"}],"about":[{"href":"https:\/\/www.4h.se\/skalby\/wp-json\/wp\/v2\/types\/page"}],"author":[{"embeddable":true,"href":"https:\/\/www.4h.se\/skalby\/wp-json\/wp\/v2\/users\/204"}],"replies":[{"embeddable":true,"href":"https:\/\/www.4h.se\/skalby\/wp-json\/wp\/v2\/comments?post=596"}],"version-history":[{"count":0,"href":"https:\/\/www.4h.se\/skalby\/wp-json\/wp\/v2\/pages\/596\/revisions"}],"wp:attachment":[{"href":"https:\/\/www.4h.se\/skalby\/wp-json\/wp\/v2\/media?parent=596"}],"curies":[{"name":"wp","href":"https:\/\/api.w.org\/{rel}","templated":true}]}}