



{"id":527,"date":"2022-01-28T10:47:34","date_gmt":"2022-01-28T09:47:34","guid":{"rendered":"http:\/\/www.4h.se\/skalby\/?page_id=527"},"modified":"2026-03-03T11:42:23","modified_gmt":"2026-03-03T10:42:23","slug":"djurskotarkurs","status":"publish","type":"page","link":"https:\/\/www.4h.se\/skalby\/djurskotarkurs\/","title":{"rendered":"Djursk\u00f6tarkurs"},"content":{"rendered":"<div class=\"wpb-content-wrapper\"><p>[vc_row][vc_column width=&#8221;1\/2&#8243;][vc_column_text]<\/p>\n<h1>Djursk\u00f6tarkurs 7+<\/h1>\n<p>&nbsp;[\/vc_column_text][\/vc_column][vc_column width=&#8221;1\/2&#8243;][vc_single_image image=&#8221;931&#8243; css=&#8221;&#8221;][\/vc_column][\/vc_row][vc_row][vc_column width=&#8221;1\/2&#8243;][vc_column_text]Under djursk\u00f6tarkursen kommer du att vara hos alla djuren p\u00e5 g\u00e5rden och l\u00e4ra dig massor om vilka likheter och skillnader det finns mellan de olika djurslagen.<\/p>\n<p>Du kommer f\u00e5 mata, klappa och uppleva livet med djuren och \u00e4ven l\u00e4ra dig om hur djuren beter sig och varf\u00f6r de g\u00f6r som de g\u00f6r.[\/vc_column_text][vc_column_text css=&#8221;&#8221;]<\/p>\n<h1 style=\"text-align: left;\"><span style=\"color: #339966;\">Ny kursstart!<\/span><\/h1>\n<div>Datum: 15\/4 &#8211; 20\/5<\/div>\n<div>Dag &amp; tid:&nbsp;Onsdagar kl. 17-18<\/div>\n<div>Plats:&nbsp;Sk\u00e4lby 4H g\u00e5rd i Kalmar<\/div>\n<div>Kostnad:&nbsp;900kr plus obligatorisk medlemskap 250kr\/ kalender\u00e5r.<\/div>\n<div><\/div>\n<div>Anm\u00e4lan \u00e4r bindande!<\/div>\n<p>[\/vc_column_text][vc_btn title=&#8221;Amn\u00e4l dig h\u00e4r!&#8221; color=&#8221;info&#8221; css=&#8221;&#8221; link=&#8221;url:https%3A%2F%2Fwww.antribe.com%2Forg%2F4h%2Fskalby-4h%2Fevent%2Fdjurskotarkurs-fran-7-ar-2&#8243;][\/vc_column][vc_column width=&#8221;1\/2&#8243;][vc_single_image image=&#8221;941&#8243; img_size=&#8221;300&#215;300&#8243; css=&#8221;&#8221;][\/vc_column][\/vc_row][vc_row][vc_column width=&#8221;1\/2&#8243;][vc_column_text][\/vc_column_text][\/vc_column][\/vc_row]<\/p>\n<\/div>","protected":false},"excerpt":{"rendered":"<p>[vc_row][vc_column width=&#8221;1\/2&#8243;][vc_column_text] Djursk\u00f6tarkurs 7+ &nbsp;[\/vc_column_text][\/vc_column][vc_column width=&#8221;1\/2&#8243;][vc_single_image image=&#8221;931&#8243; css=&#8221;&#8221;][\/vc_column][\/vc_row][vc_row][vc_column width=&#8221;1\/2&#8243;][vc_column_text]Under djursk\u00f6tarkursen kommer du att vara hos alla djuren p\u00e5 g\u00e5rden och l\u00e4ra dig massor om vilka likheter och skillnader det finns mellan de olika djurslagen. Du kommer f\u00e5 mata, klappa och uppleva livet med djuren och \u00e4ven l\u00e4ra dig om hur djuren beter sig och varf\u00f6r&nbsp; <a href=\"https:\/\/www.4h.se\/skalby\/djurskotarkurs\/\">&hellip; Read more <i class=\"glyphicon glyphicon-arrow-right\"><\/i><\/a><\/p>\n","protected":false},"author":204,"featured_media":0,"parent":0,"menu_order":5,"comment_status":"closed","ping_status":"closed","template":"","meta":{"footnotes":""},"class_list":["post-527","page","type-page","status-publish","hentry"],"yoast_head":"<!-- This site is optimized with the Yoast SEO plugin v27.4 - https:\/\/yoast.com\/product\/yoast-seo-wordpress\/ -->\n<title>Djursk\u00f6tarkurs - Sk\u00e4lby 4H-g\u00e5rd<\/title>\n<meta name=\"robots\" content=\"index, follow, max-snippet:-1, max-image-preview:large, max-video-preview:-1\" \/>\n<link rel=\"canonical\" href=\"https:\/\/www.4h.se\/skalby\/djurskotarkurs\/\" \/>\n<meta property=\"og:locale\" content=\"sv_SE\" \/>\n<meta property=\"og:type\" content=\"article\" \/>\n<meta property=\"og:title\" content=\"Djursk\u00f6tarkurs - Sk\u00e4lby 4H-g\u00e5rd\" \/>\n<meta property=\"og:description\" content=\"[vc_row][vc_column width=&#8221;1\/2&#8243;][vc_column_text] Djursk\u00f6tarkurs 7+ &nbsp;[\/vc_column_text][\/vc_column][vc_column width=&#8221;1\/2&#8243;][vc_single_image image=&#8221;931&#8243; css=&#8221;&#8221;][\/vc_column][\/vc_row][vc_row][vc_column width=&#8221;1\/2&#8243;][vc_column_text]Under djursk\u00f6tarkursen kommer du att vara hos alla djuren p\u00e5 g\u00e5rden och l\u00e4ra dig massor om vilka likheter och skillnader det finns mellan de olika djurslagen. Du kommer f\u00e5 mata, klappa och uppleva livet med djuren och \u00e4ven l\u00e4ra dig om hur djuren beter sig och varf\u00f6r&nbsp; &hellip; Read more\" \/>\n<meta property=\"og:url\" content=\"https:\/\/www.4h.se\/skalby\/djurskotarkurs\/\" \/>\n<meta property=\"og:site_name\" content=\"Sk\u00e4lby 4H-g\u00e5rd\" \/>\n<meta property=\"article:modified_time\" content=\"2026-03-03T10:42:23+00:00\" \/>\n<meta name=\"twitter:card\" content=\"summary_large_image\" \/>\n<meta name=\"twitter:label1\" content=\"Ber\u00e4knad l\u00e4stid\" \/>\n\t<meta name=\"twitter:data1\" content=\"1 minut\" \/>\n<script type=\"application\/ld+json\" class=\"yoast-schema-graph\">{\"@context\":\"https:\\\/\\\/schema.org\",\"@graph\":[{\"@type\":\"WebPage\",\"@id\":\"https:\\\/\\\/www.4h.se\\\/skalby\\\/djurskotarkurs\\\/\",\"url\":\"https:\\\/\\\/www.4h.se\\\/skalby\\\/djurskotarkurs\\\/\",\"name\":\"Djursk\u00f6tarkurs - Sk\u00e4lby 4H-g\u00e5rd\",\"isPartOf\":{\"@id\":\"https:\\\/\\\/www.4h.se\\\/skalby\\\/#website\"},\"datePublished\":\"2022-01-28T09:47:34+00:00\",\"dateModified\":\"2026-03-03T10:42:23+00:00\",\"breadcrumb\":{\"@id\":\"https:\\\/\\\/www.4h.se\\\/skalby\\\/djurskotarkurs\\\/#breadcrumb\"},\"inLanguage\":\"sv-SE\",\"potentialAction\":[{\"@type\":\"ReadAction\",\"target\":[\"https:\\\/\\\/www.4h.se\\\/skalby\\\/djurskotarkurs\\\/\"]}]},{\"@type\":\"BreadcrumbList\",\"@id\":\"https:\\\/\\\/www.4h.se\\\/skalby\\\/djurskotarkurs\\\/#breadcrumb\",\"itemListElement\":[{\"@type\":\"ListItem\",\"position\":1,\"name\":\"Hem\",\"item\":\"https:\\\/\\\/www.4h.se\\\/skalby\\\/\"},{\"@type\":\"ListItem\",\"position\":2,\"name\":\"Djursk\u00f6tarkurs\"}]},{\"@type\":\"WebSite\",\"@id\":\"https:\\\/\\\/www.4h.se\\\/skalby\\\/#website\",\"url\":\"https:\\\/\\\/www.4h.se\\\/skalby\\\/\",\"name\":\"Sk\u00e4lby 4H-g\u00e5rd\",\"description\":\"L\u00e4ra genom att g\u00f6ra\",\"potentialAction\":[{\"@type\":\"SearchAction\",\"target\":{\"@type\":\"EntryPoint\",\"urlTemplate\":\"https:\\\/\\\/www.4h.se\\\/skalby\\\/?s={search_term_string}\"},\"query-input\":{\"@type\":\"PropertyValueSpecification\",\"valueRequired\":true,\"valueName\":\"search_term_string\"}}],\"inLanguage\":\"sv-SE\"}]}<\/script>\n<!-- \/ Yoast SEO plugin. -->","yoast_head_json":{"title":"Djursk\u00f6tarkurs - Sk\u00e4lby 4H-g\u00e5rd","robots":{"index":"index","follow":"follow","max-snippet":"max-snippet:-1","max-image-preview":"max-image-preview:large","max-video-preview":"max-video-preview:-1"},"canonical":"https:\/\/www.4h.se\/skalby\/djurskotarkurs\/","og_locale":"sv_SE","og_type":"article","og_title":"Djursk\u00f6tarkurs - Sk\u00e4lby 4H-g\u00e5rd","og_description":"[vc_row][vc_column width=&#8221;1\/2&#8243;][vc_column_text] Djursk\u00f6tarkurs 7+ &nbsp;[\/vc_column_text][\/vc_column][vc_column width=&#8221;1\/2&#8243;][vc_single_image image=&#8221;931&#8243; css=&#8221;&#8221;][\/vc_column][\/vc_row][vc_row][vc_column width=&#8221;1\/2&#8243;][vc_column_text]Under djursk\u00f6tarkursen kommer du att vara hos alla djuren p\u00e5 g\u00e5rden och l\u00e4ra dig massor om vilka likheter och skillnader det finns mellan de olika djurslagen. Du kommer f\u00e5 mata, klappa och uppleva livet med djuren och \u00e4ven l\u00e4ra dig om hur djuren beter sig och varf\u00f6r&nbsp; &hellip; Read more","og_url":"https:\/\/www.4h.se\/skalby\/djurskotarkurs\/","og_site_name":"Sk\u00e4lby 4H-g\u00e5rd","article_modified_time":"2026-03-03T10:42:23+00:00","twitter_card":"summary_large_image","twitter_misc":{"Ber\u00e4knad l\u00e4stid":"1 minut"},"schema":{"@context":"https:\/\/schema.org","@graph":[{"@type":"WebPage","@id":"https:\/\/www.4h.se\/skalby\/djurskotarkurs\/","url":"https:\/\/www.4h.se\/skalby\/djurskotarkurs\/","name":"Djursk\u00f6tarkurs - Sk\u00e4lby 4H-g\u00e5rd","isPartOf":{"@id":"https:\/\/www.4h.se\/skalby\/#website"},"datePublished":"2022-01-28T09:47:34+00:00","dateModified":"2026-03-03T10:42:23+00:00","breadcrumb":{"@id":"https:\/\/www.4h.se\/skalby\/djurskotarkurs\/#breadcrumb"},"inLanguage":"sv-SE","potentialAction":[{"@type":"ReadAction","target":["https:\/\/www.4h.se\/skalby\/djurskotarkurs\/"]}]},{"@type":"BreadcrumbList","@id":"https:\/\/www.4h.se\/skalby\/djurskotarkurs\/#breadcrumb","itemListElement":[{"@type":"ListItem","position":1,"name":"Hem","item":"https:\/\/www.4h.se\/skalby\/"},{"@type":"ListItem","position":2,"name":"Djursk\u00f6tarkurs"}]},{"@type":"WebSite","@id":"https:\/\/www.4h.se\/skalby\/#website","url":"https:\/\/www.4h.se\/skalby\/","name":"Sk\u00e4lby 4H-g\u00e5rd","description":"L\u00e4ra genom att g\u00f6ra","potentialAction":[{"@type":"SearchAction","target":{"@type":"EntryPoint","urlTemplate":"https:\/\/www.4h.se\/skalby\/?s={search_term_string}"},"query-input":{"@type":"PropertyValueSpecification","valueRequired":true,"valueName":"search_term_string"}}],"inLanguage":"sv-SE"}]}},"_links":{"self":[{"href":"https:\/\/www.4h.se\/skalby\/wp-json\/wp\/v2\/pages\/527","targetHints":{"allow":["GET"]}}],"collection":[{"href":"https:\/\/www.4h.se\/skalby\/wp-json\/wp\/v2\/pages"}],"about":[{"href":"https:\/\/www.4h.se\/skalby\/wp-json\/wp\/v2\/types\/page"}],"author":[{"embeddable":true,"href":"https:\/\/www.4h.se\/skalby\/wp-json\/wp\/v2\/users\/204"}],"replies":[{"embeddable":true,"href":"https:\/\/www.4h.se\/skalby\/wp-json\/wp\/v2\/comments?post=527"}],"version-history":[{"count":0,"href":"https:\/\/www.4h.se\/skalby\/wp-json\/wp\/v2\/pages\/527\/revisions"}],"wp:attachment":[{"href":"https:\/\/www.4h.se\/skalby\/wp-json\/wp\/v2\/media?parent=527"}],"curies":[{"name":"wp","href":"https:\/\/api.w.org\/{rel}","templated":true}]}}