



{"id":520,"date":"2022-01-28T10:05:16","date_gmt":"2022-01-28T09:05:16","guid":{"rendered":"http:\/\/www.4h.se\/skalby\/?page_id=520"},"modified":"2023-05-05T12:00:23","modified_gmt":"2023-05-05T10:00:23","slug":"hastskotarkurs","status":"publish","type":"page","link":"https:\/\/www.4h.se\/skalby\/hastskotarkurs\/","title":{"rendered":"H\u00e4stsk\u00f6tarkurs"},"content":{"rendered":"<div class=\"wpb-content-wrapper\"><p>[vc_row][vc_column][vc_column_text]<\/p>\n<h1>H\u00e4stsk\u00f6tarkurs<\/h1>\n<p>&nbsp;[\/vc_column_text][\/vc_column][\/vc_row][vc_row][vc_column][vc_column_text]<\/p>\n<div class=\"elementor-element elementor-element-20f5fd3 elementor-widget elementor-widget-text-editor\">\n<div class=\"elementor-widget-container\">\n<div class=\"elementor-text-editor elementor-clearfix\">\n<p>P\u00e5 Sk\u00e4lby 4H erbjuder vi H\u00e4stsk\u00f6tarkurser f\u00f6r barn fr\u00e5n 7 \u00e5rs \u00e5lder.<\/p>\n<\/div>\n<p>Vi vill f\u00f6rtydliga att det h\u00e4r \u00e4r en h\u00e4stsk\u00f6tarkurs d\u00e4r det inte bara handlar om ridning, vi rider de flesta g\u00e5ngerna men ibland g\u00f6r vi annat som utvecklar er som ryttare och h\u00e4stm\u00e4nniskor. Till exempel tr\u00e4ning fr\u00e5n marken, clinic, l\u00f6shoppning, longering. Ibland l\u00e4r man sig mer av att se n\u00e5gon annan rida och f\u00f6rklara \u00e4n om man rider sj\u00e4lv.<\/p>\n<p>Vi delar in oss i kunskapsniv\u00e5 s\u00e5 man kan vara i olika niv\u00e5er p\u00e5 samma dag och d\u00e5 g\u00f6ra olika saker. Vi har alltid med oss 4Hs motto l\u00e4ra genom att g\u00f6ra. Det genomsyrar all verksamhet p\u00e5 Sk\u00e4lby 4H.<\/p>\n<div class=\"elementor-text-editor elementor-clearfix\">\n<p>&nbsp;<\/p>\n<\/div>\n<\/div>\n<\/div>\n<p>[\/vc_column_text][\/vc_column][\/vc_row]<\/p>\n<\/div>","protected":false},"excerpt":{"rendered":"<p>[vc_row][vc_column][vc_column_text] H\u00e4stsk\u00f6tarkurs &nbsp;[\/vc_column_text][\/vc_column][\/vc_row][vc_row][vc_column][vc_column_text] P\u00e5 Sk\u00e4lby 4H erbjuder vi H\u00e4stsk\u00f6tarkurser f\u00f6r barn fr\u00e5n 7 \u00e5rs \u00e5lder. Vi vill f\u00f6rtydliga att det h\u00e4r \u00e4r en h\u00e4stsk\u00f6tarkurs d\u00e4r det inte bara handlar om ridning, vi rider de flesta g\u00e5ngerna men ibland g\u00f6r vi annat som utvecklar er som ryttare och h\u00e4stm\u00e4nniskor. Till exempel tr\u00e4ning fr\u00e5n marken, clinic, l\u00f6shoppning,&nbsp; <a href=\"https:\/\/www.4h.se\/skalby\/hastskotarkurs\/\">&hellip; Read more <i class=\"glyphicon glyphicon-arrow-right\"><\/i><\/a><\/p>\n","protected":false},"author":204,"featured_media":0,"parent":0,"menu_order":11,"comment_status":"closed","ping_status":"closed","template":"","meta":{"_acf_changed":false,"footnotes":""},"class_list":["post-520","page","type-page","status-publish","hentry"],"acf":[],"yoast_head":"<!-- This site is optimized with the Yoast SEO plugin v27.5 - https:\/\/yoast.com\/product\/yoast-seo-wordpress\/ -->\n<title>H\u00e4stsk\u00f6tarkurs - Sk\u00e4lby 4H-g\u00e5rd<\/title>\n<meta name=\"robots\" content=\"index, follow, max-snippet:-1, max-image-preview:large, max-video-preview:-1\" \/>\n<link rel=\"canonical\" href=\"https:\/\/www.4h.se\/skalby\/hastskotarkurs\/\" \/>\n<meta property=\"og:locale\" content=\"sv_SE\" \/>\n<meta property=\"og:type\" content=\"article\" \/>\n<meta property=\"og:title\" content=\"H\u00e4stsk\u00f6tarkurs - Sk\u00e4lby 4H-g\u00e5rd\" \/>\n<meta property=\"og:description\" content=\"[vc_row][vc_column][vc_column_text] H\u00e4stsk\u00f6tarkurs &nbsp;[\/vc_column_text][\/vc_column][\/vc_row][vc_row][vc_column][vc_column_text] P\u00e5 Sk\u00e4lby 4H erbjuder vi H\u00e4stsk\u00f6tarkurser f\u00f6r barn fr\u00e5n 7 \u00e5rs \u00e5lder. Vi vill f\u00f6rtydliga att det h\u00e4r \u00e4r en h\u00e4stsk\u00f6tarkurs d\u00e4r det inte bara handlar om ridning, vi rider de flesta g\u00e5ngerna men ibland g\u00f6r vi annat som utvecklar er som ryttare och h\u00e4stm\u00e4nniskor. Till exempel tr\u00e4ning fr\u00e5n marken, clinic, l\u00f6shoppning,&nbsp; &hellip; Read more\" \/>\n<meta property=\"og:url\" content=\"https:\/\/www.4h.se\/skalby\/hastskotarkurs\/\" \/>\n<meta property=\"og:site_name\" content=\"Sk\u00e4lby 4H-g\u00e5rd\" \/>\n<meta property=\"article:modified_time\" content=\"2023-05-05T10:00:23+00:00\" \/>\n<meta name=\"twitter:card\" content=\"summary_large_image\" \/>\n<meta name=\"twitter:label1\" content=\"Ber\u00e4knad l\u00e4stid\" \/>\n\t<meta name=\"twitter:data1\" content=\"1 minut\" \/>\n<script type=\"application\/ld+json\" class=\"yoast-schema-graph\">{\"@context\":\"https:\\\/\\\/schema.org\",\"@graph\":[{\"@type\":\"WebPage\",\"@id\":\"https:\\\/\\\/www.4h.se\\\/skalby\\\/hastskotarkurs\\\/\",\"url\":\"https:\\\/\\\/www.4h.se\\\/skalby\\\/hastskotarkurs\\\/\",\"name\":\"H\u00e4stsk\u00f6tarkurs - Sk\u00e4lby 4H-g\u00e5rd\",\"isPartOf\":{\"@id\":\"https:\\\/\\\/www.4h.se\\\/skalby\\\/#website\"},\"datePublished\":\"2022-01-28T09:05:16+00:00\",\"dateModified\":\"2023-05-05T10:00:23+00:00\",\"breadcrumb\":{\"@id\":\"https:\\\/\\\/www.4h.se\\\/skalby\\\/hastskotarkurs\\\/#breadcrumb\"},\"inLanguage\":\"sv-SE\",\"potentialAction\":[{\"@type\":\"ReadAction\",\"target\":[\"https:\\\/\\\/www.4h.se\\\/skalby\\\/hastskotarkurs\\\/\"]}]},{\"@type\":\"BreadcrumbList\",\"@id\":\"https:\\\/\\\/www.4h.se\\\/skalby\\\/hastskotarkurs\\\/#breadcrumb\",\"itemListElement\":[{\"@type\":\"ListItem\",\"position\":1,\"name\":\"Hem\",\"item\":\"https:\\\/\\\/www.4h.se\\\/skalby\\\/\"},{\"@type\":\"ListItem\",\"position\":2,\"name\":\"H\u00e4stsk\u00f6tarkurs\"}]},{\"@type\":\"WebSite\",\"@id\":\"https:\\\/\\\/www.4h.se\\\/skalby\\\/#website\",\"url\":\"https:\\\/\\\/www.4h.se\\\/skalby\\\/\",\"name\":\"Sk\u00e4lby 4H-g\u00e5rd\",\"description\":\"L\u00e4ra genom att g\u00f6ra\",\"potentialAction\":[{\"@type\":\"SearchAction\",\"target\":{\"@type\":\"EntryPoint\",\"urlTemplate\":\"https:\\\/\\\/www.4h.se\\\/skalby\\\/?s={search_term_string}\"},\"query-input\":{\"@type\":\"PropertyValueSpecification\",\"valueRequired\":true,\"valueName\":\"search_term_string\"}}],\"inLanguage\":\"sv-SE\"}]}<\/script>\n<!-- \/ Yoast SEO plugin. -->","yoast_head_json":{"title":"H\u00e4stsk\u00f6tarkurs - Sk\u00e4lby 4H-g\u00e5rd","robots":{"index":"index","follow":"follow","max-snippet":"max-snippet:-1","max-image-preview":"max-image-preview:large","max-video-preview":"max-video-preview:-1"},"canonical":"https:\/\/www.4h.se\/skalby\/hastskotarkurs\/","og_locale":"sv_SE","og_type":"article","og_title":"H\u00e4stsk\u00f6tarkurs - Sk\u00e4lby 4H-g\u00e5rd","og_description":"[vc_row][vc_column][vc_column_text] H\u00e4stsk\u00f6tarkurs &nbsp;[\/vc_column_text][\/vc_column][\/vc_row][vc_row][vc_column][vc_column_text] P\u00e5 Sk\u00e4lby 4H erbjuder vi H\u00e4stsk\u00f6tarkurser f\u00f6r barn fr\u00e5n 7 \u00e5rs \u00e5lder. Vi vill f\u00f6rtydliga att det h\u00e4r \u00e4r en h\u00e4stsk\u00f6tarkurs d\u00e4r det inte bara handlar om ridning, vi rider de flesta g\u00e5ngerna men ibland g\u00f6r vi annat som utvecklar er som ryttare och h\u00e4stm\u00e4nniskor. Till exempel tr\u00e4ning fr\u00e5n marken, clinic, l\u00f6shoppning,&nbsp; &hellip; Read more","og_url":"https:\/\/www.4h.se\/skalby\/hastskotarkurs\/","og_site_name":"Sk\u00e4lby 4H-g\u00e5rd","article_modified_time":"2023-05-05T10:00:23+00:00","twitter_card":"summary_large_image","twitter_misc":{"Ber\u00e4knad l\u00e4stid":"1 minut"},"schema":{"@context":"https:\/\/schema.org","@graph":[{"@type":"WebPage","@id":"https:\/\/www.4h.se\/skalby\/hastskotarkurs\/","url":"https:\/\/www.4h.se\/skalby\/hastskotarkurs\/","name":"H\u00e4stsk\u00f6tarkurs - Sk\u00e4lby 4H-g\u00e5rd","isPartOf":{"@id":"https:\/\/www.4h.se\/skalby\/#website"},"datePublished":"2022-01-28T09:05:16+00:00","dateModified":"2023-05-05T10:00:23+00:00","breadcrumb":{"@id":"https:\/\/www.4h.se\/skalby\/hastskotarkurs\/#breadcrumb"},"inLanguage":"sv-SE","potentialAction":[{"@type":"ReadAction","target":["https:\/\/www.4h.se\/skalby\/hastskotarkurs\/"]}]},{"@type":"BreadcrumbList","@id":"https:\/\/www.4h.se\/skalby\/hastskotarkurs\/#breadcrumb","itemListElement":[{"@type":"ListItem","position":1,"name":"Hem","item":"https:\/\/www.4h.se\/skalby\/"},{"@type":"ListItem","position":2,"name":"H\u00e4stsk\u00f6tarkurs"}]},{"@type":"WebSite","@id":"https:\/\/www.4h.se\/skalby\/#website","url":"https:\/\/www.4h.se\/skalby\/","name":"Sk\u00e4lby 4H-g\u00e5rd","description":"L\u00e4ra genom att g\u00f6ra","potentialAction":[{"@type":"SearchAction","target":{"@type":"EntryPoint","urlTemplate":"https:\/\/www.4h.se\/skalby\/?s={search_term_string}"},"query-input":{"@type":"PropertyValueSpecification","valueRequired":true,"valueName":"search_term_string"}}],"inLanguage":"sv-SE"}]}},"_links":{"self":[{"href":"https:\/\/www.4h.se\/skalby\/wp-json\/wp\/v2\/pages\/520","targetHints":{"allow":["GET"]}}],"collection":[{"href":"https:\/\/www.4h.se\/skalby\/wp-json\/wp\/v2\/pages"}],"about":[{"href":"https:\/\/www.4h.se\/skalby\/wp-json\/wp\/v2\/types\/page"}],"author":[{"embeddable":true,"href":"https:\/\/www.4h.se\/skalby\/wp-json\/wp\/v2\/users\/204"}],"replies":[{"embeddable":true,"href":"https:\/\/www.4h.se\/skalby\/wp-json\/wp\/v2\/comments?post=520"}],"version-history":[{"count":0,"href":"https:\/\/www.4h.se\/skalby\/wp-json\/wp\/v2\/pages\/520\/revisions"}],"wp:attachment":[{"href":"https:\/\/www.4h.se\/skalby\/wp-json\/wp\/v2\/media?parent=520"}],"curies":[{"name":"wp","href":"https:\/\/api.w.org\/{rel}","templated":true}]}}