



{"id":476,"date":"2022-01-25T15:27:39","date_gmt":"2022-01-25T14:27:39","guid":{"rendered":"http:\/\/www.4h.se\/skalby\/?page_id=476"},"modified":"2025-01-16T16:34:30","modified_gmt":"2025-01-16T15:34:30","slug":"katter","status":"publish","type":"page","link":"https:\/\/www.4h.se\/skalby\/katter\/","title":{"rendered":"Katter"},"content":{"rendered":"<div class=\"wpb-content-wrapper\"><p>[vc_row][vc_column][vc_column_text]<\/p>\n<h1>Katter<\/h1>\n<p>&nbsp;<\/p>\n<h1><\/h1>\n<p>[\/vc_column_text][\/vc_column][\/vc_row][vc_row][vc_column][vc_column_text]P\u00e5 sk\u00e4lby har vi tre g\u00e5rdskatter som heter Humla, Hasse och Tage.<\/p>\n<p>Alla v\u00e5ra katter \u00e4r kastrerade, regelbundet avmaskade och id-m\u00e4rkta och b\u00e4r halsband med en liten fyrkl\u00f6versymbol. De \u00e4r utekatter och g\u00e5r ibland l\u00e5ngt ifr\u00e5n g\u00e5rden. De har tillg\u00e5ng till att komma inomhus dygnet runt och f\u00e5r kvalitetsfoder och vatten.<\/p>\n<p>Vi f\u00e5r ibland b\u00e5de samtal och mail om v\u00e5ra katter, vi uppskattar att ni h\u00f6r av er, men vi kan tyv\u00e4rr inte styra hur l\u00e5ngt v\u00e5ra katter g\u00e5r ifr\u00e5n g\u00e5rden, men ni g\u00f6r oss en tj\u00e4nst i att inte mata dem och absolut inte avmaska dem \u00e5t oss om ni skulle uppt\u00e4cka mask, h\u00f6r d\u00e5 av er till oss ist\u00e4llet.[\/vc_column_text][\/vc_column][\/vc_row][vc_row][vc_column width=&#8221;1\/3&#8243;][vc_single_image image=&#8221;505&#8243; img_size=&#8221;medium&#8221; style=&#8221;vc_box_circle_2&#8243; onclick=&#8221;link_image&#8221; css=&#8221;&#8221; title=&#8221;Hasse&#8221;][\/vc_column][vc_column width=&#8221;1\/3&#8243;][vc_single_image image=&#8221;495&#8243; img_size=&#8221;medium&#8221; style=&#8221;vc_box_circle_2&#8243; onclick=&#8221;link_image&#8221; title=&#8221;Tage&#8221;][\/vc_column][vc_column width=&#8221;1\/3&#8243;][vc_single_image image=&#8221;497&#8243; img_size=&#8221;medium&#8221; css=&#8221;&#8221; title=&#8221;Humla&#8221;][\/vc_column][\/vc_row][vc_row][vc_column][\/vc_column][\/vc_row][vc_row][vc_column width=&#8221;1\/2&#8243;][\/vc_column][\/vc_row][vc_row][vc_column][vc_column_text]Mittemot 4H ligger Djurhemmet som drivs i regi av Djurskyddet i Kalmar.\u00a0De f\u00f6rmedlar katter som beh\u00f6ver ett nytt hem. L\u00e4s mer p\u00e5 hemsida\u00a0:\u00a0<a href=\"http:\/\/www.kalmardjurhem.se\/\">http:\/\/www.kalmardjurhem.se\/<\/a>[\/vc_column_text][\/vc_column][\/vc_row]<\/p>\n<\/div>","protected":false},"excerpt":{"rendered":"<p>[vc_row][vc_column][vc_column_text] Katter &nbsp; [\/vc_column_text][\/vc_column][\/vc_row][vc_row][vc_column][vc_column_text]P\u00e5 sk\u00e4lby har vi tre g\u00e5rdskatter som heter Humla, Hasse och Tage. Alla v\u00e5ra katter \u00e4r kastrerade, regelbundet avmaskade och id-m\u00e4rkta och b\u00e4r halsband med en liten fyrkl\u00f6versymbol. De \u00e4r utekatter och g\u00e5r ibland l\u00e5ngt ifr\u00e5n g\u00e5rden. De har tillg\u00e5ng till att komma inomhus dygnet runt och f\u00e5r kvalitetsfoder och vatten. Vi&nbsp; <a href=\"https:\/\/www.4h.se\/skalby\/katter\/\">&hellip; Read more <i class=\"glyphicon glyphicon-arrow-right\"><\/i><\/a><\/p>\n","protected":false},"author":204,"featured_media":0,"parent":0,"menu_order":20,"comment_status":"closed","ping_status":"closed","template":"","meta":{"footnotes":""},"class_list":["post-476","page","type-page","status-publish","hentry"],"yoast_head":"<!-- This site is optimized with the Yoast SEO plugin v27.4 - https:\/\/yoast.com\/product\/yoast-seo-wordpress\/ -->\n<title>Katter - Sk\u00e4lby 4H-g\u00e5rd<\/title>\n<meta name=\"robots\" content=\"index, follow, max-snippet:-1, max-image-preview:large, max-video-preview:-1\" \/>\n<link rel=\"canonical\" href=\"https:\/\/www.4h.se\/skalby\/katter\/\" \/>\n<meta property=\"og:locale\" content=\"sv_SE\" \/>\n<meta property=\"og:type\" content=\"article\" \/>\n<meta property=\"og:title\" content=\"Katter - Sk\u00e4lby 4H-g\u00e5rd\" \/>\n<meta property=\"og:description\" content=\"[vc_row][vc_column][vc_column_text] Katter &nbsp; [\/vc_column_text][\/vc_column][\/vc_row][vc_row][vc_column][vc_column_text]P\u00e5 sk\u00e4lby har vi tre g\u00e5rdskatter som heter Humla, Hasse och Tage. Alla v\u00e5ra katter \u00e4r kastrerade, regelbundet avmaskade och id-m\u00e4rkta och b\u00e4r halsband med en liten fyrkl\u00f6versymbol. De \u00e4r utekatter och g\u00e5r ibland l\u00e5ngt ifr\u00e5n g\u00e5rden. De har tillg\u00e5ng till att komma inomhus dygnet runt och f\u00e5r kvalitetsfoder och vatten. Vi&nbsp; &hellip; Read more\" \/>\n<meta property=\"og:url\" content=\"https:\/\/www.4h.se\/skalby\/katter\/\" \/>\n<meta property=\"og:site_name\" content=\"Sk\u00e4lby 4H-g\u00e5rd\" \/>\n<meta property=\"article:modified_time\" content=\"2025-01-16T15:34:30+00:00\" \/>\n<meta name=\"twitter:card\" content=\"summary_large_image\" \/>\n<meta name=\"twitter:label1\" content=\"Ber\u00e4knad l\u00e4stid\" \/>\n\t<meta name=\"twitter:data1\" content=\"1 minut\" \/>\n<script type=\"application\/ld+json\" class=\"yoast-schema-graph\">{\"@context\":\"https:\\\/\\\/schema.org\",\"@graph\":[{\"@type\":\"WebPage\",\"@id\":\"https:\\\/\\\/www.4h.se\\\/skalby\\\/katter\\\/\",\"url\":\"https:\\\/\\\/www.4h.se\\\/skalby\\\/katter\\\/\",\"name\":\"Katter - Sk\u00e4lby 4H-g\u00e5rd\",\"isPartOf\":{\"@id\":\"https:\\\/\\\/www.4h.se\\\/skalby\\\/#website\"},\"datePublished\":\"2022-01-25T14:27:39+00:00\",\"dateModified\":\"2025-01-16T15:34:30+00:00\",\"breadcrumb\":{\"@id\":\"https:\\\/\\\/www.4h.se\\\/skalby\\\/katter\\\/#breadcrumb\"},\"inLanguage\":\"sv-SE\",\"potentialAction\":[{\"@type\":\"ReadAction\",\"target\":[\"https:\\\/\\\/www.4h.se\\\/skalby\\\/katter\\\/\"]}]},{\"@type\":\"BreadcrumbList\",\"@id\":\"https:\\\/\\\/www.4h.se\\\/skalby\\\/katter\\\/#breadcrumb\",\"itemListElement\":[{\"@type\":\"ListItem\",\"position\":1,\"name\":\"Hem\",\"item\":\"https:\\\/\\\/www.4h.se\\\/skalby\\\/\"},{\"@type\":\"ListItem\",\"position\":2,\"name\":\"Katter\"}]},{\"@type\":\"WebSite\",\"@id\":\"https:\\\/\\\/www.4h.se\\\/skalby\\\/#website\",\"url\":\"https:\\\/\\\/www.4h.se\\\/skalby\\\/\",\"name\":\"Sk\u00e4lby 4H-g\u00e5rd\",\"description\":\"L\u00e4ra genom att g\u00f6ra\",\"potentialAction\":[{\"@type\":\"SearchAction\",\"target\":{\"@type\":\"EntryPoint\",\"urlTemplate\":\"https:\\\/\\\/www.4h.se\\\/skalby\\\/?s={search_term_string}\"},\"query-input\":{\"@type\":\"PropertyValueSpecification\",\"valueRequired\":true,\"valueName\":\"search_term_string\"}}],\"inLanguage\":\"sv-SE\"}]}<\/script>\n<!-- \/ Yoast SEO plugin. -->","yoast_head_json":{"title":"Katter - Sk\u00e4lby 4H-g\u00e5rd","robots":{"index":"index","follow":"follow","max-snippet":"max-snippet:-1","max-image-preview":"max-image-preview:large","max-video-preview":"max-video-preview:-1"},"canonical":"https:\/\/www.4h.se\/skalby\/katter\/","og_locale":"sv_SE","og_type":"article","og_title":"Katter - Sk\u00e4lby 4H-g\u00e5rd","og_description":"[vc_row][vc_column][vc_column_text] Katter &nbsp; [\/vc_column_text][\/vc_column][\/vc_row][vc_row][vc_column][vc_column_text]P\u00e5 sk\u00e4lby har vi tre g\u00e5rdskatter som heter Humla, Hasse och Tage. Alla v\u00e5ra katter \u00e4r kastrerade, regelbundet avmaskade och id-m\u00e4rkta och b\u00e4r halsband med en liten fyrkl\u00f6versymbol. De \u00e4r utekatter och g\u00e5r ibland l\u00e5ngt ifr\u00e5n g\u00e5rden. De har tillg\u00e5ng till att komma inomhus dygnet runt och f\u00e5r kvalitetsfoder och vatten. Vi&nbsp; &hellip; Read more","og_url":"https:\/\/www.4h.se\/skalby\/katter\/","og_site_name":"Sk\u00e4lby 4H-g\u00e5rd","article_modified_time":"2025-01-16T15:34:30+00:00","twitter_card":"summary_large_image","twitter_misc":{"Ber\u00e4knad l\u00e4stid":"1 minut"},"schema":{"@context":"https:\/\/schema.org","@graph":[{"@type":"WebPage","@id":"https:\/\/www.4h.se\/skalby\/katter\/","url":"https:\/\/www.4h.se\/skalby\/katter\/","name":"Katter - Sk\u00e4lby 4H-g\u00e5rd","isPartOf":{"@id":"https:\/\/www.4h.se\/skalby\/#website"},"datePublished":"2022-01-25T14:27:39+00:00","dateModified":"2025-01-16T15:34:30+00:00","breadcrumb":{"@id":"https:\/\/www.4h.se\/skalby\/katter\/#breadcrumb"},"inLanguage":"sv-SE","potentialAction":[{"@type":"ReadAction","target":["https:\/\/www.4h.se\/skalby\/katter\/"]}]},{"@type":"BreadcrumbList","@id":"https:\/\/www.4h.se\/skalby\/katter\/#breadcrumb","itemListElement":[{"@type":"ListItem","position":1,"name":"Hem","item":"https:\/\/www.4h.se\/skalby\/"},{"@type":"ListItem","position":2,"name":"Katter"}]},{"@type":"WebSite","@id":"https:\/\/www.4h.se\/skalby\/#website","url":"https:\/\/www.4h.se\/skalby\/","name":"Sk\u00e4lby 4H-g\u00e5rd","description":"L\u00e4ra genom att g\u00f6ra","potentialAction":[{"@type":"SearchAction","target":{"@type":"EntryPoint","urlTemplate":"https:\/\/www.4h.se\/skalby\/?s={search_term_string}"},"query-input":{"@type":"PropertyValueSpecification","valueRequired":true,"valueName":"search_term_string"}}],"inLanguage":"sv-SE"}]}},"_links":{"self":[{"href":"https:\/\/www.4h.se\/skalby\/wp-json\/wp\/v2\/pages\/476","targetHints":{"allow":["GET"]}}],"collection":[{"href":"https:\/\/www.4h.se\/skalby\/wp-json\/wp\/v2\/pages"}],"about":[{"href":"https:\/\/www.4h.se\/skalby\/wp-json\/wp\/v2\/types\/page"}],"author":[{"embeddable":true,"href":"https:\/\/www.4h.se\/skalby\/wp-json\/wp\/v2\/users\/204"}],"replies":[{"embeddable":true,"href":"https:\/\/www.4h.se\/skalby\/wp-json\/wp\/v2\/comments?post=476"}],"version-history":[{"count":0,"href":"https:\/\/www.4h.se\/skalby\/wp-json\/wp\/v2\/pages\/476\/revisions"}],"wp:attachment":[{"href":"https:\/\/www.4h.se\/skalby\/wp-json\/wp\/v2\/media?parent=476"}],"curies":[{"name":"wp","href":"https:\/\/api.w.org\/{rel}","templated":true}]}}