



{"id":462,"date":"2022-01-24T12:37:48","date_gmt":"2022-01-24T11:37:48","guid":{"rendered":"http:\/\/www.4h.se\/skalby\/?page_id=462"},"modified":"2026-01-15T16:48:37","modified_gmt":"2026-01-15T15:48:37","slug":"hastar","status":"publish","type":"page","link":"https:\/\/www.4h.se\/skalby\/hastar\/","title":{"rendered":"H\u00e4star"},"content":{"rendered":"<div class=\"wpb-content-wrapper\"><p>[vc_row][vc_column][vc_column_text]<\/p>\n<h1>H\u00e4star<\/h1>\n<p>&nbsp;[\/vc_column_text][\/vc_column][\/vc_row][vc_row][vc_column width=&#8221;1\/3&#8243;][vc_single_image image=&#8221;778&#8243; img_size=&#8221;large&#8221; title=&#8221;Riddari&#8221;][\/vc_column][vc_column width=&#8221;1\/3&#8243;][vc_single_image image=&#8221;470&#8243; img_size=&#8221;large&#8221; style=&#8221;vc_box_circle_2&#8243; onclick=&#8221;link_image&#8221; title=&#8221;Nollbackens Billy&#8221;][\/vc_column][vc_column width=&#8221;1\/3&#8243;][vc_single_image image=&#8221;471&#8243; img_size=&#8221;large&#8221; style=&#8221;vc_box_circle_2&#8243; onclick=&#8221;link_image&#8221; title=&#8221;Snaer fra V\u00e4bylund&#8221;][\/vc_column][\/vc_row][vc_row][vc_column width=&#8221;1\/3&#8243;][vc_column_text]Riddari \u00e4r en social och sn\u00e4ll h\u00e4st med mycket gas. Riddari \u00e4r f\u00f6dd 2016. \u00c5t det k\u00e4nsligare h\u00e5llet och kan ibland reagera lite p\u00e5 sp\u00f6n och piskor. Han vill alltid vara med och fungerar b\u00e4st n\u00e4r han tr\u00e4nas regelbundet, med \u00f6verskottsenergi kan han bli lite busig. Riddari \u00e4lskar att rida ut, han \u00e4r or\u00e4dd och g\u00e5r g\u00e4rna f\u00f6rst. Kom till Sk\u00e4lby 2023.[\/vc_column_text][\/vc_column][vc_column width=&#8221;1\/3&#8243;][vc_column_text]Billy \u00e4r en tinkervallack f\u00f6dd 2012. Han kom till oss sommaren 2020.<\/p>\n<p>Billy \u00e4r en kille som \u00e4r positiv till arbete. Han hoppar g\u00e4rna och g\u00e5r v\u00e4ldigt trevligt med lite duktigare ryttare likv\u00e4l som han tryggt lotsar runt mindre barn.<\/p>\n<p>Han \u00e4r poppis hos m\u00e5nga h\u00e4r p\u00e5 Sk\u00e4lby![\/vc_column_text][\/vc_column][vc_column width=&#8221;1\/3&#8243;][vc_column_text]Snaer \u00e4r en sn\u00e4ll och mysig gubbe (f\u00f6dd 2002) som \u00e4r trevlig men k\u00e4nslig att rida. Man f\u00e5r vara f\u00f6rsiktig n\u00e4r man sk\u00e4nklar, du beh\u00f6ver knappt nudda honom f\u00f6r att f\u00e5 svaret du vill ha. Snaer \u00e4r duktig p\u00e5 b\u00e5de dressyr och hoppning och \u00e4r en m\u00e4stare p\u00e5 att l\u00e4ra elever att galoppera. Han \u00e4r v\u00e4ldigt sv\u00e5rf\u00e5ngad i hagen och f\u00e5r d\u00e4rf\u00f6r ha grimman p\u00e5 sig ute. Snaer kom till oss i augusti 2017.[\/vc_column_text][\/vc_column][\/vc_row][vc_row][vc_column width=&#8221;1\/3&#8243;][vc_single_image image=&#8221;472&#8243; img_size=&#8221;large&#8221; style=&#8221;vc_box_circle_2&#8243; onclick=&#8221;link_image&#8221; title=&#8221;Zarah&#8221;][\/vc_column][vc_column width=&#8221;1\/3&#8243;][vc_single_image image=&#8221;467&#8243; img_size=&#8221;large&#8221; style=&#8221;vc_box_circle_2&#8243; onclick=&#8221;link_image&#8221; title=&#8221;Felicia&#8221;][\/vc_column][vc_column width=&#8221;1\/3&#8243;][vc_single_image image=&#8221;468&#8243; img_size=&#8221;large&#8221; style=&#8221;vc_box_circle_2&#8243; onclick=&#8221;link_image&#8221; title=&#8221;Kilnadeema Delia&#8221;][\/vc_column][\/vc_row][vc_row][vc_column width=&#8221;1\/3&#8243;][vc_column_text]Hon kom till Sk\u00e4lby sommaren 2021. Zarah \u00e4r en pigg och glad ponny som gillar fart!<\/p>\n<p>Hoppning \u00e4r hennes paradgren och hon flyger g\u00e4rna \u00f6ver det du styr p\u00e5.<\/p>\n<p>I \u00f6vrigt \u00e4r hon en trevlig ponny som tycker om att bli pysslad med samt turer i skogen. Hon kan ibland vara lite ot\u00e5lig och ha sv\u00e5rt att st\u00e5 stilla.[\/vc_column_text][\/vc_column][vc_column width=&#8221;1\/3&#8243;][vc_column_text]Felicia eller Flisan som hon kallas \u00e4r ett sto f\u00f6dd 2012 som kom till Sk\u00e4lby 2020.<\/p>\n<p>Flisan \u00e4r en sn\u00e4ll och ibland lite busig ponny som anpassar sig till de som rider. Hon \u00e4lskar att hoppa och rida ut. I boxen kan hon vara lite sur, s\u00e4rskilt n\u00e4r man sp\u00e4nner sadelgjorden, se till s\u00e5 du inte st\u00e5r f\u00f6r n\u00e4ra huvudet just d\u00e5.<\/p>\n<p>Flisan har sjukdomen EMS vilket \u00e4r diabetes f\u00f6r h\u00e4st och det \u00e4r viktigt att hon bara \u00e4ter grovfoder och mineraler. Hon \u00e4r krubbitare=biter tag i krubban och suger in luft.[\/vc_column_text][\/vc_column][vc_column width=&#8221;1\/3&#8243;][vc_column_text]Doris som hon ocks\u00e5 kallas flyttade till g\u00e5rden 2020 och har anpassat sig fint h\u00e4r. Hon \u00e4r nog mest k\u00e4nd som den sl\u00f6a h\u00e4sten p\u00e5 v\u00e4g in fr\u00e5n hagen eller f\u00f6r hennes l\u00e5nga mustasch.<\/p>\n<p>Doris \u00e4r guda sn\u00e4ll att ta hand om, \u00e4ven de allra yngsta barnen kan fixa med henne och hon st\u00e5r helt still. Men sitter du p\u00e5 \u00e4r det en envis liten ponny som \u00e4lskar att busa.<\/p>\n<p>Doris \u00e4r f\u00f6dd 2013.[\/vc_column_text][\/vc_column][\/vc_row][vc_row][vc_column width=&#8221;1\/3&#8243;][vc_single_image image=&#8221;889&#8243; img_size=&#8221;large&#8221; style=&#8221;vc_box_circle_2&#8243; onclick=&#8221;link_image&#8221; css=&#8221;&#8221; title=&#8221;MOLLE&#8221;][\/vc_column][vc_column width=&#8221;1\/3&#8243;][vc_single_image image=&#8221;464&#8243; img_size=&#8221;large&#8221; style=&#8221;vc_box_circle_2&#8243; onclick=&#8221;link_image&#8221; title=&#8221;Vitsippa&#8221;][\/vc_column][vc_column width=&#8221;1\/3&#8243;][vc_single_image image=&#8221;646&#8243; img_size=&#8221;large&#8221; style=&#8221;vc_box_circle_2&#8243; onclick=&#8221;link_image&#8221; title=&#8221;Rasmuz&#8221;][\/vc_column][\/vc_row][vc_row][vc_column width=&#8221;1\/3&#8243;][vc_column_text css=&#8221;&#8221;]Molle \u00e4r v\u00e5r yngsta h\u00e4st p\u00e5 g\u00e5rden, han \u00e4r f\u00f6dd 2023 och flyttade till g\u00e5rden\u00a0h\u00f6sten 2024. Molle kommer inte g\u00e5 med i verksamheten p\u00e5 samma s\u00e4tt som de andra h\u00e4starna. Molle kommer mer vara av en terapi h\u00e4st. Han ska bara v\u00e4xa till sig lite mer och inte \u00e4ta p\u00e5 allt han ser.[\/vc_column_text][\/vc_column][vc_column width=&#8221;1\/3&#8243;][vc_column_text]Vitsippan kallas allt som oftast f\u00f6r Vippan.<\/p>\n<p>Hon \u00e4r ett Irishcob-sto f\u00f6dd 2010. Hon kom till Sk\u00e4lby 2020.<\/p>\n<p>Vippan \u00e4r en D ponny p\u00e5 ca 147 cm. R\u00f6r sig trevligt och v\u00e4lutbildad inom dressyren.<\/p>\n<p>Hoppning d\u00e4remot \u00e4r inte Vippans paradgren. Med de mindre barnen g\u00e5r det bra d\u00e5 hindren \u00e4r lagom h\u00f6ga =)<\/p>\n<p>Vippan anv\u00e4nds mycket i v\u00e5r funktionsanpassade verksamhet.[\/vc_column_text][\/vc_column][vc_column width=&#8221;1\/3&#8243;][vc_column_text]Rasmuz kom till Sk\u00e4lby i b\u00f6rjan av 2022.<\/p>\n<p>Rasmuz \u00e4r pigg och glad och g\u00e5r med p\u00e5 de flesta h\u00e4stsk\u00f6tarkurser nu.<\/p>\n<p>Rasmuz \u00e4r f\u00f6dd 2009[\/vc_column_text][\/vc_column][\/vc_row][vc_row][vc_column width=&#8221;1\/3&#8243;][vc_single_image image=&#8221;965&#8243; img_size=&#8221;large&#8221; css=&#8221;&#8221; title=&#8221;Tintin&#8221;][vc_column_text css=&#8221;&#8221;]Tintin flyttade till Sk\u00e4lby i slutet av 2025[\/vc_column_text][\/vc_column][\/vc_row]<\/p>\n<\/div>","protected":false},"excerpt":{"rendered":"<p>[vc_row][vc_column][vc_column_text] H\u00e4star &nbsp;[\/vc_column_text][\/vc_column][\/vc_row][vc_row][vc_column width=&#8221;1\/3&#8243;][vc_single_image image=&#8221;778&#8243; img_size=&#8221;large&#8221; title=&#8221;Riddari&#8221;][\/vc_column][vc_column width=&#8221;1\/3&#8243;][vc_single_image image=&#8221;470&#8243; img_size=&#8221;large&#8221; style=&#8221;vc_box_circle_2&#8243; onclick=&#8221;link_image&#8221; title=&#8221;Nollbackens Billy&#8221;][\/vc_column][vc_column width=&#8221;1\/3&#8243;][vc_single_image image=&#8221;471&#8243; img_size=&#8221;large&#8221; style=&#8221;vc_box_circle_2&#8243; onclick=&#8221;link_image&#8221; title=&#8221;Snaer fra V\u00e4bylund&#8221;][\/vc_column][\/vc_row][vc_row][vc_column width=&#8221;1\/3&#8243;][vc_column_text]Riddari \u00e4r en social och sn\u00e4ll h\u00e4st med mycket gas. Riddari \u00e4r f\u00f6dd 2016. \u00c5t det k\u00e4nsligare h\u00e5llet och kan ibland reagera lite p\u00e5 sp\u00f6n och piskor. Han vill alltid vara med och&nbsp; <a href=\"https:\/\/www.4h.se\/skalby\/hastar\/\">&hellip; Read more <i class=\"glyphicon glyphicon-arrow-right\"><\/i><\/a><\/p>\n","protected":false},"author":204,"featured_media":0,"parent":0,"menu_order":10,"comment_status":"closed","ping_status":"closed","template":"","meta":{"footnotes":""},"class_list":["post-462","page","type-page","status-publish","hentry"],"yoast_head":"<!-- This site is optimized with the Yoast SEO plugin v27.4 - https:\/\/yoast.com\/product\/yoast-seo-wordpress\/ -->\n<title>H\u00e4star - Sk\u00e4lby 4H-g\u00e5rd<\/title>\n<meta name=\"robots\" content=\"index, follow, max-snippet:-1, max-image-preview:large, max-video-preview:-1\" \/>\n<link rel=\"canonical\" href=\"https:\/\/www.4h.se\/skalby\/hastar\/\" \/>\n<meta property=\"og:locale\" content=\"sv_SE\" \/>\n<meta property=\"og:type\" content=\"article\" \/>\n<meta property=\"og:title\" content=\"H\u00e4star - Sk\u00e4lby 4H-g\u00e5rd\" \/>\n<meta property=\"og:description\" content=\"[vc_row][vc_column][vc_column_text] H\u00e4star &nbsp;[\/vc_column_text][\/vc_column][\/vc_row][vc_row][vc_column width=&#8221;1\/3&#8243;][vc_single_image image=&#8221;778&#8243; img_size=&#8221;large&#8221; title=&#8221;Riddari&#8221;][\/vc_column][vc_column width=&#8221;1\/3&#8243;][vc_single_image image=&#8221;470&#8243; img_size=&#8221;large&#8221; style=&#8221;vc_box_circle_2&#8243; onclick=&#8221;link_image&#8221; title=&#8221;Nollbackens Billy&#8221;][\/vc_column][vc_column width=&#8221;1\/3&#8243;][vc_single_image image=&#8221;471&#8243; img_size=&#8221;large&#8221; style=&#8221;vc_box_circle_2&#8243; onclick=&#8221;link_image&#8221; title=&#8221;Snaer fra V\u00e4bylund&#8221;][\/vc_column][\/vc_row][vc_row][vc_column width=&#8221;1\/3&#8243;][vc_column_text]Riddari \u00e4r en social och sn\u00e4ll h\u00e4st med mycket gas. Riddari \u00e4r f\u00f6dd 2016. \u00c5t det k\u00e4nsligare h\u00e5llet och kan ibland reagera lite p\u00e5 sp\u00f6n och piskor. Han vill alltid vara med och&nbsp; &hellip; Read more\" \/>\n<meta property=\"og:url\" content=\"https:\/\/www.4h.se\/skalby\/hastar\/\" \/>\n<meta property=\"og:site_name\" content=\"Sk\u00e4lby 4H-g\u00e5rd\" \/>\n<meta property=\"article:modified_time\" content=\"2026-01-15T15:48:37+00:00\" \/>\n<meta name=\"twitter:card\" content=\"summary_large_image\" \/>\n<meta name=\"twitter:label1\" content=\"Ber\u00e4knad l\u00e4stid\" \/>\n\t<meta name=\"twitter:data1\" content=\"5 minuter\" \/>\n<script type=\"application\/ld+json\" class=\"yoast-schema-graph\">{\"@context\":\"https:\\\/\\\/schema.org\",\"@graph\":[{\"@type\":\"WebPage\",\"@id\":\"https:\\\/\\\/www.4h.se\\\/skalby\\\/hastar\\\/\",\"url\":\"https:\\\/\\\/www.4h.se\\\/skalby\\\/hastar\\\/\",\"name\":\"H\u00e4star - Sk\u00e4lby 4H-g\u00e5rd\",\"isPartOf\":{\"@id\":\"https:\\\/\\\/www.4h.se\\\/skalby\\\/#website\"},\"datePublished\":\"2022-01-24T11:37:48+00:00\",\"dateModified\":\"2026-01-15T15:48:37+00:00\",\"breadcrumb\":{\"@id\":\"https:\\\/\\\/www.4h.se\\\/skalby\\\/hastar\\\/#breadcrumb\"},\"inLanguage\":\"sv-SE\",\"potentialAction\":[{\"@type\":\"ReadAction\",\"target\":[\"https:\\\/\\\/www.4h.se\\\/skalby\\\/hastar\\\/\"]}]},{\"@type\":\"BreadcrumbList\",\"@id\":\"https:\\\/\\\/www.4h.se\\\/skalby\\\/hastar\\\/#breadcrumb\",\"itemListElement\":[{\"@type\":\"ListItem\",\"position\":1,\"name\":\"Hem\",\"item\":\"https:\\\/\\\/www.4h.se\\\/skalby\\\/\"},{\"@type\":\"ListItem\",\"position\":2,\"name\":\"H\u00e4star\"}]},{\"@type\":\"WebSite\",\"@id\":\"https:\\\/\\\/www.4h.se\\\/skalby\\\/#website\",\"url\":\"https:\\\/\\\/www.4h.se\\\/skalby\\\/\",\"name\":\"Sk\u00e4lby 4H-g\u00e5rd\",\"description\":\"L\u00e4ra genom att g\u00f6ra\",\"potentialAction\":[{\"@type\":\"SearchAction\",\"target\":{\"@type\":\"EntryPoint\",\"urlTemplate\":\"https:\\\/\\\/www.4h.se\\\/skalby\\\/?s={search_term_string}\"},\"query-input\":{\"@type\":\"PropertyValueSpecification\",\"valueRequired\":true,\"valueName\":\"search_term_string\"}}],\"inLanguage\":\"sv-SE\"}]}<\/script>\n<!-- \/ Yoast SEO plugin. -->","yoast_head_json":{"title":"H\u00e4star - Sk\u00e4lby 4H-g\u00e5rd","robots":{"index":"index","follow":"follow","max-snippet":"max-snippet:-1","max-image-preview":"max-image-preview:large","max-video-preview":"max-video-preview:-1"},"canonical":"https:\/\/www.4h.se\/skalby\/hastar\/","og_locale":"sv_SE","og_type":"article","og_title":"H\u00e4star - Sk\u00e4lby 4H-g\u00e5rd","og_description":"[vc_row][vc_column][vc_column_text] H\u00e4star &nbsp;[\/vc_column_text][\/vc_column][\/vc_row][vc_row][vc_column width=&#8221;1\/3&#8243;][vc_single_image image=&#8221;778&#8243; img_size=&#8221;large&#8221; title=&#8221;Riddari&#8221;][\/vc_column][vc_column width=&#8221;1\/3&#8243;][vc_single_image image=&#8221;470&#8243; img_size=&#8221;large&#8221; style=&#8221;vc_box_circle_2&#8243; onclick=&#8221;link_image&#8221; title=&#8221;Nollbackens Billy&#8221;][\/vc_column][vc_column width=&#8221;1\/3&#8243;][vc_single_image image=&#8221;471&#8243; img_size=&#8221;large&#8221; style=&#8221;vc_box_circle_2&#8243; onclick=&#8221;link_image&#8221; title=&#8221;Snaer fra V\u00e4bylund&#8221;][\/vc_column][\/vc_row][vc_row][vc_column width=&#8221;1\/3&#8243;][vc_column_text]Riddari \u00e4r en social och sn\u00e4ll h\u00e4st med mycket gas. Riddari \u00e4r f\u00f6dd 2016. \u00c5t det k\u00e4nsligare h\u00e5llet och kan ibland reagera lite p\u00e5 sp\u00f6n och piskor. Han vill alltid vara med och&nbsp; &hellip; Read more","og_url":"https:\/\/www.4h.se\/skalby\/hastar\/","og_site_name":"Sk\u00e4lby 4H-g\u00e5rd","article_modified_time":"2026-01-15T15:48:37+00:00","twitter_card":"summary_large_image","twitter_misc":{"Ber\u00e4knad l\u00e4stid":"5 minuter"},"schema":{"@context":"https:\/\/schema.org","@graph":[{"@type":"WebPage","@id":"https:\/\/www.4h.se\/skalby\/hastar\/","url":"https:\/\/www.4h.se\/skalby\/hastar\/","name":"H\u00e4star - Sk\u00e4lby 4H-g\u00e5rd","isPartOf":{"@id":"https:\/\/www.4h.se\/skalby\/#website"},"datePublished":"2022-01-24T11:37:48+00:00","dateModified":"2026-01-15T15:48:37+00:00","breadcrumb":{"@id":"https:\/\/www.4h.se\/skalby\/hastar\/#breadcrumb"},"inLanguage":"sv-SE","potentialAction":[{"@type":"ReadAction","target":["https:\/\/www.4h.se\/skalby\/hastar\/"]}]},{"@type":"BreadcrumbList","@id":"https:\/\/www.4h.se\/skalby\/hastar\/#breadcrumb","itemListElement":[{"@type":"ListItem","position":1,"name":"Hem","item":"https:\/\/www.4h.se\/skalby\/"},{"@type":"ListItem","position":2,"name":"H\u00e4star"}]},{"@type":"WebSite","@id":"https:\/\/www.4h.se\/skalby\/#website","url":"https:\/\/www.4h.se\/skalby\/","name":"Sk\u00e4lby 4H-g\u00e5rd","description":"L\u00e4ra genom att g\u00f6ra","potentialAction":[{"@type":"SearchAction","target":{"@type":"EntryPoint","urlTemplate":"https:\/\/www.4h.se\/skalby\/?s={search_term_string}"},"query-input":{"@type":"PropertyValueSpecification","valueRequired":true,"valueName":"search_term_string"}}],"inLanguage":"sv-SE"}]}},"_links":{"self":[{"href":"https:\/\/www.4h.se\/skalby\/wp-json\/wp\/v2\/pages\/462","targetHints":{"allow":["GET"]}}],"collection":[{"href":"https:\/\/www.4h.se\/skalby\/wp-json\/wp\/v2\/pages"}],"about":[{"href":"https:\/\/www.4h.se\/skalby\/wp-json\/wp\/v2\/types\/page"}],"author":[{"embeddable":true,"href":"https:\/\/www.4h.se\/skalby\/wp-json\/wp\/v2\/users\/204"}],"replies":[{"embeddable":true,"href":"https:\/\/www.4h.se\/skalby\/wp-json\/wp\/v2\/comments?post=462"}],"version-history":[{"count":0,"href":"https:\/\/www.4h.se\/skalby\/wp-json\/wp\/v2\/pages\/462\/revisions"}],"wp:attachment":[{"href":"https:\/\/www.4h.se\/skalby\/wp-json\/wp\/v2\/media?parent=462"}],"curies":[{"name":"wp","href":"https:\/\/api.w.org\/{rel}","templated":true}]}}