



{"id":433,"date":"2022-01-21T11:29:28","date_gmt":"2022-01-21T10:29:28","guid":{"rendered":"http:\/\/www.4h.se\/skalby\/?page_id=433"},"modified":"2024-05-15T16:27:41","modified_gmt":"2024-05-15T14:27:41","slug":"genbank","status":"publish","type":"page","link":"https:\/\/www.4h.se\/skalby\/genbank\/","title":{"rendered":"Djuren"},"content":{"rendered":"<div class=\"wpb-content-wrapper\"><p>[vc_row][vc_column][vc_column_text]<\/p>\n<h2>Genbank<\/h2>\n<p>&nbsp;<\/p>\n<p>4H arbetar aktivt f\u00f6r att bevara gamla svenska lantraser. Det \u00e4r djur som genom h\u00e5rda tider h\u00e4rdats att klara s\u00e5v\u00e4l klimat som magert bete och \u00e4r en del av v\u00e5rt kulturarv. De \u00e4r t\u00e5liga mot sjukdomar och har goda modersinstinkter.<\/p>\n<p>&nbsp;<\/p>\n<p>&nbsp;<\/p>\n<p>I dagens h\u00f6gproduktiva lantbruk passar s\u00e4llan dessa djur. De v\u00e4xer f\u00f6r l\u00e5ngsamt och ger f\u00f6r lite avkastning och har d\u00e4rf\u00f6r blivit utrotningshotade. Men vi kan komma att beh\u00f6va dem i framtiden. Dagens produktionsdjur\u00a0har avlats h\u00e5rt med olika risker som f\u00f6ljd. H\u00e4r fungerar gamla lantraser\u00a0som\u00a0 genbank. Man kan vrida tillbaka klockan genom att avla in lantras och p\u00e5 s\u00e5 s\u00e4tt f\u00e5 friskare djur igen. D\u00e4rf\u00f6r uppmuntras g\u00e5rdar att h\u00e5lla genbanksbes\u00e4ttningar och f\u00e5r ett ekonomiskt st\u00f6d av EU.<\/p>\n<p>&nbsp;<\/p>\n<p>&nbsp;<\/p>\n<p>Sk\u00e4lby 4H-g\u00e5rd har f\u00f6ljande lantraser: J\u00e4mtget, V\u00e4rml\u00e4ndska skogsf\u00e5r, \u00d6landsg\u00e5s och \u00d6l\u00e4ndsk dv\u00e4rgh\u00f6na.[\/vc_column_text][\/vc_column][\/vc_row]<\/p>\n<\/div>","protected":false},"excerpt":{"rendered":"<p>[vc_row][vc_column][vc_column_text] Genbank &nbsp; 4H arbetar aktivt f\u00f6r att bevara gamla svenska lantraser. Det \u00e4r djur som genom h\u00e5rda tider h\u00e4rdats att klara s\u00e5v\u00e4l klimat som magert bete och \u00e4r en del av v\u00e5rt kulturarv. De \u00e4r t\u00e5liga mot sjukdomar och har goda modersinstinkter. &nbsp; &nbsp; I dagens h\u00f6gproduktiva lantbruk passar s\u00e4llan dessa djur. De v\u00e4xer&nbsp; <a href=\"https:\/\/www.4h.se\/skalby\/genbank\/\">&hellip; Read more <i class=\"glyphicon glyphicon-arrow-right\"><\/i><\/a><\/p>\n","protected":false},"author":204,"featured_media":0,"parent":0,"menu_order":3,"comment_status":"closed","ping_status":"closed","template":"","meta":{"footnotes":""},"class_list":["post-433","page","type-page","status-publish","hentry"],"yoast_head":"<!-- This site is optimized with the Yoast SEO plugin v27.4 - https:\/\/yoast.com\/product\/yoast-seo-wordpress\/ -->\n<title>Djuren - Sk\u00e4lby 4H-g\u00e5rd<\/title>\n<meta name=\"robots\" content=\"index, follow, max-snippet:-1, max-image-preview:large, max-video-preview:-1\" \/>\n<link rel=\"canonical\" href=\"https:\/\/www.4h.se\/skalby\/genbank\/\" \/>\n<meta property=\"og:locale\" content=\"sv_SE\" \/>\n<meta property=\"og:type\" content=\"article\" \/>\n<meta property=\"og:title\" content=\"Djuren - Sk\u00e4lby 4H-g\u00e5rd\" \/>\n<meta property=\"og:description\" content=\"[vc_row][vc_column][vc_column_text] Genbank &nbsp; 4H arbetar aktivt f\u00f6r att bevara gamla svenska lantraser. Det \u00e4r djur som genom h\u00e5rda tider h\u00e4rdats att klara s\u00e5v\u00e4l klimat som magert bete och \u00e4r en del av v\u00e5rt kulturarv. De \u00e4r t\u00e5liga mot sjukdomar och har goda modersinstinkter. &nbsp; &nbsp; I dagens h\u00f6gproduktiva lantbruk passar s\u00e4llan dessa djur. De v\u00e4xer&nbsp; &hellip; Read more\" \/>\n<meta property=\"og:url\" content=\"https:\/\/www.4h.se\/skalby\/genbank\/\" \/>\n<meta property=\"og:site_name\" content=\"Sk\u00e4lby 4H-g\u00e5rd\" \/>\n<meta property=\"article:modified_time\" content=\"2024-05-15T14:27:41+00:00\" \/>\n<meta name=\"twitter:card\" content=\"summary_large_image\" \/>\n<meta name=\"twitter:label1\" content=\"Ber\u00e4knad l\u00e4stid\" \/>\n\t<meta name=\"twitter:data1\" content=\"1 minut\" \/>\n<script type=\"application\/ld+json\" class=\"yoast-schema-graph\">{\"@context\":\"https:\\\/\\\/schema.org\",\"@graph\":[{\"@type\":\"WebPage\",\"@id\":\"https:\\\/\\\/www.4h.se\\\/skalby\\\/genbank\\\/\",\"url\":\"https:\\\/\\\/www.4h.se\\\/skalby\\\/genbank\\\/\",\"name\":\"Djuren - Sk\u00e4lby 4H-g\u00e5rd\",\"isPartOf\":{\"@id\":\"https:\\\/\\\/www.4h.se\\\/skalby\\\/#website\"},\"datePublished\":\"2022-01-21T10:29:28+00:00\",\"dateModified\":\"2024-05-15T14:27:41+00:00\",\"breadcrumb\":{\"@id\":\"https:\\\/\\\/www.4h.se\\\/skalby\\\/genbank\\\/#breadcrumb\"},\"inLanguage\":\"sv-SE\",\"potentialAction\":[{\"@type\":\"ReadAction\",\"target\":[\"https:\\\/\\\/www.4h.se\\\/skalby\\\/genbank\\\/\"]}]},{\"@type\":\"BreadcrumbList\",\"@id\":\"https:\\\/\\\/www.4h.se\\\/skalby\\\/genbank\\\/#breadcrumb\",\"itemListElement\":[{\"@type\":\"ListItem\",\"position\":1,\"name\":\"Hem\",\"item\":\"https:\\\/\\\/www.4h.se\\\/skalby\\\/\"},{\"@type\":\"ListItem\",\"position\":2,\"name\":\"Djuren\"}]},{\"@type\":\"WebSite\",\"@id\":\"https:\\\/\\\/www.4h.se\\\/skalby\\\/#website\",\"url\":\"https:\\\/\\\/www.4h.se\\\/skalby\\\/\",\"name\":\"Sk\u00e4lby 4H-g\u00e5rd\",\"description\":\"L\u00e4ra genom att g\u00f6ra\",\"potentialAction\":[{\"@type\":\"SearchAction\",\"target\":{\"@type\":\"EntryPoint\",\"urlTemplate\":\"https:\\\/\\\/www.4h.se\\\/skalby\\\/?s={search_term_string}\"},\"query-input\":{\"@type\":\"PropertyValueSpecification\",\"valueRequired\":true,\"valueName\":\"search_term_string\"}}],\"inLanguage\":\"sv-SE\"}]}<\/script>\n<!-- \/ Yoast SEO plugin. -->","yoast_head_json":{"title":"Djuren - Sk\u00e4lby 4H-g\u00e5rd","robots":{"index":"index","follow":"follow","max-snippet":"max-snippet:-1","max-image-preview":"max-image-preview:large","max-video-preview":"max-video-preview:-1"},"canonical":"https:\/\/www.4h.se\/skalby\/genbank\/","og_locale":"sv_SE","og_type":"article","og_title":"Djuren - Sk\u00e4lby 4H-g\u00e5rd","og_description":"[vc_row][vc_column][vc_column_text] Genbank &nbsp; 4H arbetar aktivt f\u00f6r att bevara gamla svenska lantraser. Det \u00e4r djur som genom h\u00e5rda tider h\u00e4rdats att klara s\u00e5v\u00e4l klimat som magert bete och \u00e4r en del av v\u00e5rt kulturarv. De \u00e4r t\u00e5liga mot sjukdomar och har goda modersinstinkter. &nbsp; &nbsp; I dagens h\u00f6gproduktiva lantbruk passar s\u00e4llan dessa djur. De v\u00e4xer&nbsp; &hellip; Read more","og_url":"https:\/\/www.4h.se\/skalby\/genbank\/","og_site_name":"Sk\u00e4lby 4H-g\u00e5rd","article_modified_time":"2024-05-15T14:27:41+00:00","twitter_card":"summary_large_image","twitter_misc":{"Ber\u00e4knad l\u00e4stid":"1 minut"},"schema":{"@context":"https:\/\/schema.org","@graph":[{"@type":"WebPage","@id":"https:\/\/www.4h.se\/skalby\/genbank\/","url":"https:\/\/www.4h.se\/skalby\/genbank\/","name":"Djuren - Sk\u00e4lby 4H-g\u00e5rd","isPartOf":{"@id":"https:\/\/www.4h.se\/skalby\/#website"},"datePublished":"2022-01-21T10:29:28+00:00","dateModified":"2024-05-15T14:27:41+00:00","breadcrumb":{"@id":"https:\/\/www.4h.se\/skalby\/genbank\/#breadcrumb"},"inLanguage":"sv-SE","potentialAction":[{"@type":"ReadAction","target":["https:\/\/www.4h.se\/skalby\/genbank\/"]}]},{"@type":"BreadcrumbList","@id":"https:\/\/www.4h.se\/skalby\/genbank\/#breadcrumb","itemListElement":[{"@type":"ListItem","position":1,"name":"Hem","item":"https:\/\/www.4h.se\/skalby\/"},{"@type":"ListItem","position":2,"name":"Djuren"}]},{"@type":"WebSite","@id":"https:\/\/www.4h.se\/skalby\/#website","url":"https:\/\/www.4h.se\/skalby\/","name":"Sk\u00e4lby 4H-g\u00e5rd","description":"L\u00e4ra genom att g\u00f6ra","potentialAction":[{"@type":"SearchAction","target":{"@type":"EntryPoint","urlTemplate":"https:\/\/www.4h.se\/skalby\/?s={search_term_string}"},"query-input":{"@type":"PropertyValueSpecification","valueRequired":true,"valueName":"search_term_string"}}],"inLanguage":"sv-SE"}]}},"_links":{"self":[{"href":"https:\/\/www.4h.se\/skalby\/wp-json\/wp\/v2\/pages\/433","targetHints":{"allow":["GET"]}}],"collection":[{"href":"https:\/\/www.4h.se\/skalby\/wp-json\/wp\/v2\/pages"}],"about":[{"href":"https:\/\/www.4h.se\/skalby\/wp-json\/wp\/v2\/types\/page"}],"author":[{"embeddable":true,"href":"https:\/\/www.4h.se\/skalby\/wp-json\/wp\/v2\/users\/204"}],"replies":[{"embeddable":true,"href":"https:\/\/www.4h.se\/skalby\/wp-json\/wp\/v2\/comments?post=433"}],"version-history":[{"count":0,"href":"https:\/\/www.4h.se\/skalby\/wp-json\/wp\/v2\/pages\/433\/revisions"}],"wp:attachment":[{"href":"https:\/\/www.4h.se\/skalby\/wp-json\/wp\/v2\/media?parent=433"}],"curies":[{"name":"wp","href":"https:\/\/api.w.org\/{rel}","templated":true}]}}