



{"id":636,"date":"2025-01-24T10:18:36","date_gmt":"2025-01-24T09:18:36","guid":{"rendered":"https:\/\/www.4h.se\/savja\/?page_id=636"},"modified":"2025-03-05T11:07:48","modified_gmt":"2025-03-05T10:07:48","slug":"gruppbesok","status":"publish","type":"page","link":"https:\/\/www.4h.se\/savja\/gruppbesok\/","title":{"rendered":"Gruppbes\u00f6k"},"content":{"rendered":"<div class=\"wpb-content-wrapper\"><p>[vc_row][vc_column][vc_single_image image=&#8221;640&#8243; img_size=&#8221;1400&#215;400&#8243; css=&#8221;&#8221;][vc_column_text css=&#8221;&#8221;]<\/p>\n<h1>Gruppbes\u00f6k<\/h1>\n<p>[\/vc_column_text][\/vc_column][\/vc_row][vc_row][vc_column][vc_column_text css=&#8221;&#8221;]<\/p>\n<h3>Guidning bland g\u00e5rdens djur<\/h3>\n<p>[\/vc_column_text][vc_column_text css=&#8221;&#8221;]Boka en guidad tur d\u00e4r ni f\u00e5r h\u00e4lsa p\u00e5 g\u00e5rdens alla djur och l\u00e4ra er mer om dem. Passar b\u00e5de skolor- och f\u00f6rskolor, gruppbes\u00f6k och f\u00f6r familjen. Under guidningen kan ni tr\u00e4ffa h\u00e4star, f\u00e5r, getter, kaniner och h\u00f6ns. Under en guidad tur f\u00e5r ni m\u00f6jlighet att komma n\u00e4rmare djuren, se hur de bor, vad de \u00e4ter och klappa dem. Vi kan anpassa bes\u00f6ket efter era \u00f6nskem\u00e5l. Det \u00e4r m\u00f6jligt att boka en timmes bes\u00f6k eller en halvtimmes bes\u00f6k.<\/p>\n<p><strong>Guidning 1 timme<\/strong>: 935 kr f\u00f6r upp till 15 barn. D\u00e4refter 75 kr\/extra barn.<\/p>\n<p><strong>Guidning 30 min<\/strong>: 470 kr f\u00f6r upp till 15 barn. D\u00e4refter 75 kr\/extra barn.<\/p>\n<p>Boka bes\u00f6ket genom att maila till <span style=\"color: #00693f;\"><strong><a style=\"color: #00693f;\" href=\"mailto:aktiviteter.savja@4h.se\">aktiviteter.savja@4h.se<\/a><\/strong>,<\/span> skriv hur m\u00e5nga deltagare ni \u00e4r, hur ni vill l\u00e4gga upp bes\u00f6ket och n\u00e4r det skulle passa er att komma. H\u00f6r av er i god tid f\u00f6r att boka.[\/vc_column_text][\/vc_column][\/vc_row]<\/p>\n<\/div>","protected":false},"excerpt":{"rendered":"<p>[vc_row][vc_column][vc_single_image image=&#8221;640&#8243; img_size=&#8221;1400&#215;400&#8243; css=&#8221;&#8221;][vc_column_text css=&#8221;&#8221;] Gruppbes\u00f6k [\/vc_column_text][\/vc_column][\/vc_row][vc_row][vc_column][vc_column_text css=&#8221;&#8221;] Guidning bland g\u00e5rdens djur [\/vc_column_text][vc_column_text css=&#8221;&#8221;]Boka en guidad tur d\u00e4r ni f\u00e5r h\u00e4lsa p\u00e5 g\u00e5rdens alla djur och l\u00e4ra er mer om dem. Passar b\u00e5de skolor- och f\u00f6rskolor, gruppbes\u00f6k och f\u00f6r familjen. Under guidningen kan ni tr\u00e4ffa h\u00e4star, f\u00e5r, getter, kaniner och h\u00f6ns. Under en guidad tur&nbsp; <a href=\"https:\/\/www.4h.se\/savja\/gruppbesok\/\">&hellip; Read more <i class=\"glyphicon glyphicon-arrow-right\"><\/i><\/a><\/p>\n","protected":false},"author":253,"featured_media":0,"parent":0,"menu_order":0,"comment_status":"closed","ping_status":"closed","template":"","meta":{"_acf_changed":false,"footnotes":""},"class_list":["post-636","page","type-page","status-publish","hentry"],"acf":[],"yoast_head":"<!-- This site is optimized with the Yoast SEO plugin v27.4 - https:\/\/yoast.com\/product\/yoast-seo-wordpress\/ -->\n<title>Gruppbes\u00f6k - S\u00e4vja 4H-g\u00e5rd<\/title>\n<meta name=\"robots\" content=\"index, follow, max-snippet:-1, max-image-preview:large, max-video-preview:-1\" \/>\n<link rel=\"canonical\" href=\"https:\/\/www.4h.se\/savja\/gruppbesok\/\" \/>\n<meta property=\"og:locale\" content=\"sv_SE\" \/>\n<meta property=\"og:type\" content=\"article\" \/>\n<meta property=\"og:title\" content=\"Gruppbes\u00f6k - S\u00e4vja 4H-g\u00e5rd\" \/>\n<meta property=\"og:description\" content=\"[vc_row][vc_column][vc_single_image image=&#8221;640&#8243; img_size=&#8221;1400&#215;400&#8243; css=&#8221;&#8221;][vc_column_text css=&#8221;&#8221;] Gruppbes\u00f6k [\/vc_column_text][\/vc_column][\/vc_row][vc_row][vc_column][vc_column_text css=&#8221;&#8221;] Guidning bland g\u00e5rdens djur [\/vc_column_text][vc_column_text css=&#8221;&#8221;]Boka en guidad tur d\u00e4r ni f\u00e5r h\u00e4lsa p\u00e5 g\u00e5rdens alla djur och l\u00e4ra er mer om dem. Passar b\u00e5de skolor- och f\u00f6rskolor, gruppbes\u00f6k och f\u00f6r familjen. Under guidningen kan ni tr\u00e4ffa h\u00e4star, f\u00e5r, getter, kaniner och h\u00f6ns. Under en guidad tur&nbsp; &hellip; Read more\" \/>\n<meta property=\"og:url\" content=\"https:\/\/www.4h.se\/savja\/gruppbesok\/\" \/>\n<meta property=\"og:site_name\" content=\"S\u00e4vja 4H-g\u00e5rd\" \/>\n<meta property=\"article:modified_time\" content=\"2025-03-05T10:07:48+00:00\" \/>\n<meta name=\"twitter:card\" content=\"summary_large_image\" \/>\n<script type=\"application\/ld+json\" class=\"yoast-schema-graph\">{\"@context\":\"https:\\\/\\\/schema.org\",\"@graph\":[{\"@type\":\"WebPage\",\"@id\":\"https:\\\/\\\/www.4h.se\\\/savja\\\/gruppbesok\\\/\",\"url\":\"https:\\\/\\\/www.4h.se\\\/savja\\\/gruppbesok\\\/\",\"name\":\"Gruppbes\u00f6k - S\u00e4vja 4H-g\u00e5rd\",\"isPartOf\":{\"@id\":\"https:\\\/\\\/www.4h.se\\\/savja\\\/#website\"},\"datePublished\":\"2025-01-24T09:18:36+00:00\",\"dateModified\":\"2025-03-05T10:07:48+00:00\",\"breadcrumb\":{\"@id\":\"https:\\\/\\\/www.4h.se\\\/savja\\\/gruppbesok\\\/#breadcrumb\"},\"inLanguage\":\"sv-SE\",\"potentialAction\":[{\"@type\":\"ReadAction\",\"target\":[\"https:\\\/\\\/www.4h.se\\\/savja\\\/gruppbesok\\\/\"]}]},{\"@type\":\"BreadcrumbList\",\"@id\":\"https:\\\/\\\/www.4h.se\\\/savja\\\/gruppbesok\\\/#breadcrumb\",\"itemListElement\":[{\"@type\":\"ListItem\",\"position\":1,\"name\":\"Hem\",\"item\":\"https:\\\/\\\/www.4h.se\\\/savja\\\/\"},{\"@type\":\"ListItem\",\"position\":2,\"name\":\"Gruppbes\u00f6k\"}]},{\"@type\":\"WebSite\",\"@id\":\"https:\\\/\\\/www.4h.se\\\/savja\\\/#website\",\"url\":\"https:\\\/\\\/www.4h.se\\\/savja\\\/\",\"name\":\"S\u00e4vja 4H-g\u00e5rd\",\"description\":\"\",\"potentialAction\":[{\"@type\":\"SearchAction\",\"target\":{\"@type\":\"EntryPoint\",\"urlTemplate\":\"https:\\\/\\\/www.4h.se\\\/savja\\\/?s={search_term_string}\"},\"query-input\":{\"@type\":\"PropertyValueSpecification\",\"valueRequired\":true,\"valueName\":\"search_term_string\"}}],\"inLanguage\":\"sv-SE\"}]}<\/script>\n<!-- \/ Yoast SEO plugin. -->","yoast_head_json":{"title":"Gruppbes\u00f6k - S\u00e4vja 4H-g\u00e5rd","robots":{"index":"index","follow":"follow","max-snippet":"max-snippet:-1","max-image-preview":"max-image-preview:large","max-video-preview":"max-video-preview:-1"},"canonical":"https:\/\/www.4h.se\/savja\/gruppbesok\/","og_locale":"sv_SE","og_type":"article","og_title":"Gruppbes\u00f6k - S\u00e4vja 4H-g\u00e5rd","og_description":"[vc_row][vc_column][vc_single_image image=&#8221;640&#8243; img_size=&#8221;1400&#215;400&#8243; css=&#8221;&#8221;][vc_column_text css=&#8221;&#8221;] Gruppbes\u00f6k [\/vc_column_text][\/vc_column][\/vc_row][vc_row][vc_column][vc_column_text css=&#8221;&#8221;] Guidning bland g\u00e5rdens djur [\/vc_column_text][vc_column_text css=&#8221;&#8221;]Boka en guidad tur d\u00e4r ni f\u00e5r h\u00e4lsa p\u00e5 g\u00e5rdens alla djur och l\u00e4ra er mer om dem. Passar b\u00e5de skolor- och f\u00f6rskolor, gruppbes\u00f6k och f\u00f6r familjen. Under guidningen kan ni tr\u00e4ffa h\u00e4star, f\u00e5r, getter, kaniner och h\u00f6ns. Under en guidad tur&nbsp; &hellip; Read more","og_url":"https:\/\/www.4h.se\/savja\/gruppbesok\/","og_site_name":"S\u00e4vja 4H-g\u00e5rd","article_modified_time":"2025-03-05T10:07:48+00:00","twitter_card":"summary_large_image","schema":{"@context":"https:\/\/schema.org","@graph":[{"@type":"WebPage","@id":"https:\/\/www.4h.se\/savja\/gruppbesok\/","url":"https:\/\/www.4h.se\/savja\/gruppbesok\/","name":"Gruppbes\u00f6k - S\u00e4vja 4H-g\u00e5rd","isPartOf":{"@id":"https:\/\/www.4h.se\/savja\/#website"},"datePublished":"2025-01-24T09:18:36+00:00","dateModified":"2025-03-05T10:07:48+00:00","breadcrumb":{"@id":"https:\/\/www.4h.se\/savja\/gruppbesok\/#breadcrumb"},"inLanguage":"sv-SE","potentialAction":[{"@type":"ReadAction","target":["https:\/\/www.4h.se\/savja\/gruppbesok\/"]}]},{"@type":"BreadcrumbList","@id":"https:\/\/www.4h.se\/savja\/gruppbesok\/#breadcrumb","itemListElement":[{"@type":"ListItem","position":1,"name":"Hem","item":"https:\/\/www.4h.se\/savja\/"},{"@type":"ListItem","position":2,"name":"Gruppbes\u00f6k"}]},{"@type":"WebSite","@id":"https:\/\/www.4h.se\/savja\/#website","url":"https:\/\/www.4h.se\/savja\/","name":"S\u00e4vja 4H-g\u00e5rd","description":"","potentialAction":[{"@type":"SearchAction","target":{"@type":"EntryPoint","urlTemplate":"https:\/\/www.4h.se\/savja\/?s={search_term_string}"},"query-input":{"@type":"PropertyValueSpecification","valueRequired":true,"valueName":"search_term_string"}}],"inLanguage":"sv-SE"}]}},"_links":{"self":[{"href":"https:\/\/www.4h.se\/savja\/wp-json\/wp\/v2\/pages\/636","targetHints":{"allow":["GET"]}}],"collection":[{"href":"https:\/\/www.4h.se\/savja\/wp-json\/wp\/v2\/pages"}],"about":[{"href":"https:\/\/www.4h.se\/savja\/wp-json\/wp\/v2\/types\/page"}],"author":[{"embeddable":true,"href":"https:\/\/www.4h.se\/savja\/wp-json\/wp\/v2\/users\/253"}],"replies":[{"embeddable":true,"href":"https:\/\/www.4h.se\/savja\/wp-json\/wp\/v2\/comments?post=636"}],"version-history":[{"count":0,"href":"https:\/\/www.4h.se\/savja\/wp-json\/wp\/v2\/pages\/636\/revisions"}],"wp:attachment":[{"href":"https:\/\/www.4h.se\/savja\/wp-json\/wp\/v2\/media?parent=636"}],"curies":[{"name":"wp","href":"https:\/\/api.w.org\/{rel}","templated":true}]}}