



{"id":587,"date":"2024-11-28T13:40:34","date_gmt":"2024-11-28T12:40:34","guid":{"rendered":"https:\/\/www.4h.se\/savja\/?page_id=587"},"modified":"2025-03-05T11:10:13","modified_gmt":"2025-03-05T10:10:13","slug":"asna","status":"publish","type":"page","link":"https:\/\/www.4h.se\/savja\/asna\/","title":{"rendered":"\u00c5sna"},"content":{"rendered":"<div class=\"wpb-content-wrapper\"><p>[vc_row][vc_column width=&#8221;1\/2&#8243;][vc_column_text css=&#8221;&#8221;]<\/p>\n<h1>\u00c5snan Hilma<\/h1>\n<p>Hilma \u00e4r en \u00e5sna f\u00f6dd 2013. Hon \u00e4r av ok\u00e4nd ras och gr\u00e5 i f\u00e4rgen. Hon \u00e4r ca 1 meter h\u00f6g. Hon kom till 4H vintern 2022 och g\u00e5r vanligtvis med h\u00e4starna. Innan hon flyttade till S\u00e4vja 4H-g\u00e5rd bodde hon p\u00e5 Gr\u00e4nby 4H-g\u00e5rd.<\/p>\n<p>Hilma \u00e4r en lugn och sn\u00e4ll \u00e5sna som gillar uppm\u00e4rksamhet. Som alla \u00e5snor har hon l\u00e5nga \u00f6ron och kan l\u00e5ta v\u00e4ldigt h\u00f6gt, men g\u00f6r det av gl\u00e4dje. Hon gillar att g\u00e5 promenader tillsammans med sina h\u00e4stkompisar.[\/vc_column_text][\/vc_column][vc_column width=&#8221;1\/2&#8243;][vc_single_image image=&#8221;589&#8243; img_size=&#8221;300&#215;400&#8243; style=&#8221;vc_box_rounded&#8221; css=&#8221;&#8221;][\/vc_column][\/vc_row]<\/p>\n<\/div>","protected":false},"excerpt":{"rendered":"<p>[vc_row][vc_column width=&#8221;1\/2&#8243;][vc_column_text css=&#8221;&#8221;] \u00c5snan Hilma Hilma \u00e4r en \u00e5sna f\u00f6dd 2013. Hon \u00e4r av ok\u00e4nd ras och gr\u00e5 i f\u00e4rgen. Hon \u00e4r ca 1 meter h\u00f6g. Hon kom till 4H vintern 2022 och g\u00e5r vanligtvis med h\u00e4starna. Innan hon flyttade till S\u00e4vja 4H-g\u00e5rd bodde hon p\u00e5 Gr\u00e4nby 4H-g\u00e5rd. Hilma \u00e4r en lugn och sn\u00e4ll \u00e5sna&nbsp; <a href=\"https:\/\/www.4h.se\/savja\/asna\/\">&hellip; Read more <i class=\"glyphicon glyphicon-arrow-right\"><\/i><\/a><\/p>\n","protected":false},"author":243,"featured_media":0,"parent":0,"menu_order":0,"comment_status":"closed","ping_status":"closed","template":"","meta":{"_acf_changed":false,"footnotes":""},"class_list":["post-587","page","type-page","status-publish","hentry"],"acf":[],"yoast_head":"<!-- This site is optimized with the Yoast SEO plugin v27.4 - https:\/\/yoast.com\/product\/yoast-seo-wordpress\/ -->\n<title>\u00c5sna - S\u00e4vja 4H-g\u00e5rd<\/title>\n<meta name=\"robots\" content=\"index, follow, max-snippet:-1, max-image-preview:large, max-video-preview:-1\" \/>\n<link rel=\"canonical\" href=\"https:\/\/www.4h.se\/savja\/asna\/\" \/>\n<meta property=\"og:locale\" content=\"sv_SE\" \/>\n<meta property=\"og:type\" content=\"article\" \/>\n<meta property=\"og:title\" content=\"\u00c5sna - S\u00e4vja 4H-g\u00e5rd\" \/>\n<meta property=\"og:description\" content=\"[vc_row][vc_column width=&#8221;1\/2&#8243;][vc_column_text css=&#8221;&#8221;] \u00c5snan Hilma Hilma \u00e4r en \u00e5sna f\u00f6dd 2013. Hon \u00e4r av ok\u00e4nd ras och gr\u00e5 i f\u00e4rgen. Hon \u00e4r ca 1 meter h\u00f6g. Hon kom till 4H vintern 2022 och g\u00e5r vanligtvis med h\u00e4starna. Innan hon flyttade till S\u00e4vja 4H-g\u00e5rd bodde hon p\u00e5 Gr\u00e4nby 4H-g\u00e5rd. Hilma \u00e4r en lugn och sn\u00e4ll \u00e5sna&nbsp; &hellip; Read more\" \/>\n<meta property=\"og:url\" content=\"https:\/\/www.4h.se\/savja\/asna\/\" \/>\n<meta property=\"og:site_name\" content=\"S\u00e4vja 4H-g\u00e5rd\" \/>\n<meta property=\"article:modified_time\" content=\"2025-03-05T10:10:13+00:00\" \/>\n<meta name=\"twitter:card\" content=\"summary_large_image\" \/>\n<script type=\"application\/ld+json\" class=\"yoast-schema-graph\">{\"@context\":\"https:\\\/\\\/schema.org\",\"@graph\":[{\"@type\":\"WebPage\",\"@id\":\"https:\\\/\\\/www.4h.se\\\/savja\\\/asna\\\/\",\"url\":\"https:\\\/\\\/www.4h.se\\\/savja\\\/asna\\\/\",\"name\":\"\u00c5sna - S\u00e4vja 4H-g\u00e5rd\",\"isPartOf\":{\"@id\":\"https:\\\/\\\/www.4h.se\\\/savja\\\/#website\"},\"datePublished\":\"2024-11-28T12:40:34+00:00\",\"dateModified\":\"2025-03-05T10:10:13+00:00\",\"breadcrumb\":{\"@id\":\"https:\\\/\\\/www.4h.se\\\/savja\\\/asna\\\/#breadcrumb\"},\"inLanguage\":\"sv-SE\",\"potentialAction\":[{\"@type\":\"ReadAction\",\"target\":[\"https:\\\/\\\/www.4h.se\\\/savja\\\/asna\\\/\"]}]},{\"@type\":\"BreadcrumbList\",\"@id\":\"https:\\\/\\\/www.4h.se\\\/savja\\\/asna\\\/#breadcrumb\",\"itemListElement\":[{\"@type\":\"ListItem\",\"position\":1,\"name\":\"Hem\",\"item\":\"https:\\\/\\\/www.4h.se\\\/savja\\\/\"},{\"@type\":\"ListItem\",\"position\":2,\"name\":\"\u00c5sna\"}]},{\"@type\":\"WebSite\",\"@id\":\"https:\\\/\\\/www.4h.se\\\/savja\\\/#website\",\"url\":\"https:\\\/\\\/www.4h.se\\\/savja\\\/\",\"name\":\"S\u00e4vja 4H-g\u00e5rd\",\"description\":\"\",\"potentialAction\":[{\"@type\":\"SearchAction\",\"target\":{\"@type\":\"EntryPoint\",\"urlTemplate\":\"https:\\\/\\\/www.4h.se\\\/savja\\\/?s={search_term_string}\"},\"query-input\":{\"@type\":\"PropertyValueSpecification\",\"valueRequired\":true,\"valueName\":\"search_term_string\"}}],\"inLanguage\":\"sv-SE\"}]}<\/script>\n<!-- \/ Yoast SEO plugin. -->","yoast_head_json":{"title":"\u00c5sna - S\u00e4vja 4H-g\u00e5rd","robots":{"index":"index","follow":"follow","max-snippet":"max-snippet:-1","max-image-preview":"max-image-preview:large","max-video-preview":"max-video-preview:-1"},"canonical":"https:\/\/www.4h.se\/savja\/asna\/","og_locale":"sv_SE","og_type":"article","og_title":"\u00c5sna - S\u00e4vja 4H-g\u00e5rd","og_description":"[vc_row][vc_column width=&#8221;1\/2&#8243;][vc_column_text css=&#8221;&#8221;] \u00c5snan Hilma Hilma \u00e4r en \u00e5sna f\u00f6dd 2013. Hon \u00e4r av ok\u00e4nd ras och gr\u00e5 i f\u00e4rgen. Hon \u00e4r ca 1 meter h\u00f6g. Hon kom till 4H vintern 2022 och g\u00e5r vanligtvis med h\u00e4starna. Innan hon flyttade till S\u00e4vja 4H-g\u00e5rd bodde hon p\u00e5 Gr\u00e4nby 4H-g\u00e5rd. Hilma \u00e4r en lugn och sn\u00e4ll \u00e5sna&nbsp; &hellip; Read more","og_url":"https:\/\/www.4h.se\/savja\/asna\/","og_site_name":"S\u00e4vja 4H-g\u00e5rd","article_modified_time":"2025-03-05T10:10:13+00:00","twitter_card":"summary_large_image","schema":{"@context":"https:\/\/schema.org","@graph":[{"@type":"WebPage","@id":"https:\/\/www.4h.se\/savja\/asna\/","url":"https:\/\/www.4h.se\/savja\/asna\/","name":"\u00c5sna - S\u00e4vja 4H-g\u00e5rd","isPartOf":{"@id":"https:\/\/www.4h.se\/savja\/#website"},"datePublished":"2024-11-28T12:40:34+00:00","dateModified":"2025-03-05T10:10:13+00:00","breadcrumb":{"@id":"https:\/\/www.4h.se\/savja\/asna\/#breadcrumb"},"inLanguage":"sv-SE","potentialAction":[{"@type":"ReadAction","target":["https:\/\/www.4h.se\/savja\/asna\/"]}]},{"@type":"BreadcrumbList","@id":"https:\/\/www.4h.se\/savja\/asna\/#breadcrumb","itemListElement":[{"@type":"ListItem","position":1,"name":"Hem","item":"https:\/\/www.4h.se\/savja\/"},{"@type":"ListItem","position":2,"name":"\u00c5sna"}]},{"@type":"WebSite","@id":"https:\/\/www.4h.se\/savja\/#website","url":"https:\/\/www.4h.se\/savja\/","name":"S\u00e4vja 4H-g\u00e5rd","description":"","potentialAction":[{"@type":"SearchAction","target":{"@type":"EntryPoint","urlTemplate":"https:\/\/www.4h.se\/savja\/?s={search_term_string}"},"query-input":{"@type":"PropertyValueSpecification","valueRequired":true,"valueName":"search_term_string"}}],"inLanguage":"sv-SE"}]}},"_links":{"self":[{"href":"https:\/\/www.4h.se\/savja\/wp-json\/wp\/v2\/pages\/587","targetHints":{"allow":["GET"]}}],"collection":[{"href":"https:\/\/www.4h.se\/savja\/wp-json\/wp\/v2\/pages"}],"about":[{"href":"https:\/\/www.4h.se\/savja\/wp-json\/wp\/v2\/types\/page"}],"author":[{"embeddable":true,"href":"https:\/\/www.4h.se\/savja\/wp-json\/wp\/v2\/users\/243"}],"replies":[{"embeddable":true,"href":"https:\/\/www.4h.se\/savja\/wp-json\/wp\/v2\/comments?post=587"}],"version-history":[{"count":0,"href":"https:\/\/www.4h.se\/savja\/wp-json\/wp\/v2\/pages\/587\/revisions"}],"wp:attachment":[{"href":"https:\/\/www.4h.se\/savja\/wp-json\/wp\/v2\/media?parent=587"}],"curies":[{"name":"wp","href":"https:\/\/api.w.org\/{rel}","templated":true}]}}