



{"id":514,"date":"2024-04-17T14:11:22","date_gmt":"2024-04-17T12:11:22","guid":{"rendered":"https:\/\/www.4h.se\/savja\/?page_id=514"},"modified":"2025-03-05T11:16:20","modified_gmt":"2025-03-05T10:16:20","slug":"starta-en-4h-klubb","status":"publish","type":"page","link":"https:\/\/www.4h.se\/savja\/starta-en-4h-klubb\/","title":{"rendered":"Starta en 4H-klubb"},"content":{"rendered":"<div class=\"wpb-content-wrapper\"><p>[vc_row][vc_column][vc_single_image image=&#8221;524&#8243; img_size=&#8221;1400&#215;400&#8243; style=&#8221;vc_box_rounded&#8221; css=&#8221;&#8221;][\/vc_column][\/vc_row][vc_row][vc_column width=&#8221;1\/2&#8243;][vc_column_text css=&#8221;&#8221;]<\/p>\n<h1>Hur startar man en 4h-klubb?<\/h1>\n<p>Om man skulle vara intresserad av att spendera sin fritid hos oss och bli en del av S\u00e4vja 4H s\u00e5 kan man starta en 4H-klubb tillsammans med n\u00e5gra kompisar. Ni f\u00e5r sj\u00e4lva v\u00e4lja vad ni i klubben vill fokusera p\u00e5, kanske h\u00f6ns? K\u00e4pph\u00e4star? Friluftsliv? Eller n\u00e5gonting helt annat.<\/p>\n<p>\u00c4r du intresserad? Skicka ett mail till <span style=\"color: #00693f;\"><strong><a style=\"color: #00693f;\" href=\"mailto:aktiviteter.savja@4h.se\">aktiviteter.savja@4h.se <\/a><\/strong><\/span>s\u00e5 hj\u00e4lper vi till att p\u00e5 ett enkelt s\u00e4tt starta en 4H-klubb.<\/p>\n<p>Ps. man beh\u00f6ver vara minst 3 kompisar.[\/vc_column_text][vc_btn title=&#8221;Vad \u00e4r en 4H-klubb?&#8221; style=&#8221;3d&#8221; color=&#8221;peacoc&#8221; align=&#8221;center&#8221; i_icon_fontawesome=&#8221;fas fa-child&#8221; css=&#8221;&#8221; button_block=&#8221;true&#8221; add_icon=&#8221;true&#8221; link=&#8221;url:https%3A%2F%2Fwww.4h.se%2Fsavja%2Fklubbverksamhet%2F&#8221;][\/vc_column][vc_column width=&#8221;1\/2&#8243;][vc_single_image image=&#8221;533&#8243; img_size=&#8221;600&#215;500&#8243; style=&#8221;vc_box_rounded&#8221; css=&#8221;&#8221;][\/vc_column][\/vc_row]<\/p>\n<\/div>","protected":false},"excerpt":{"rendered":"<p>[vc_row][vc_column][vc_single_image image=&#8221;524&#8243; img_size=&#8221;1400&#215;400&#8243; style=&#8221;vc_box_rounded&#8221; css=&#8221;&#8221;][\/vc_column][\/vc_row][vc_row][vc_column width=&#8221;1\/2&#8243;][vc_column_text css=&#8221;&#8221;] Hur startar man en 4h-klubb? Om man skulle vara intresserad av att spendera sin fritid hos oss och bli en del av S\u00e4vja 4H s\u00e5 kan man starta en 4H-klubb tillsammans med n\u00e5gra kompisar. Ni f\u00e5r sj\u00e4lva v\u00e4lja vad ni i klubben vill fokusera p\u00e5, kanske h\u00f6ns? K\u00e4pph\u00e4star?&nbsp; <a href=\"https:\/\/www.4h.se\/savja\/starta-en-4h-klubb\/\">&hellip; Read more <i class=\"glyphicon glyphicon-arrow-right\"><\/i><\/a><\/p>\n","protected":false},"author":243,"featured_media":0,"parent":0,"menu_order":0,"comment_status":"closed","ping_status":"closed","template":"","meta":{"_acf_changed":false,"footnotes":""},"class_list":["post-514","page","type-page","status-publish","hentry"],"acf":[],"yoast_head":"<!-- This site is optimized with the Yoast SEO plugin v27.4 - https:\/\/yoast.com\/product\/yoast-seo-wordpress\/ -->\n<title>Starta en 4H-klubb - S\u00e4vja 4H-g\u00e5rd<\/title>\n<meta name=\"robots\" content=\"index, follow, max-snippet:-1, max-image-preview:large, max-video-preview:-1\" \/>\n<link rel=\"canonical\" href=\"https:\/\/www.4h.se\/savja\/starta-en-4h-klubb\/\" \/>\n<meta property=\"og:locale\" content=\"sv_SE\" \/>\n<meta property=\"og:type\" content=\"article\" \/>\n<meta property=\"og:title\" content=\"Starta en 4H-klubb - S\u00e4vja 4H-g\u00e5rd\" \/>\n<meta property=\"og:description\" content=\"[vc_row][vc_column][vc_single_image image=&#8221;524&#8243; img_size=&#8221;1400&#215;400&#8243; style=&#8221;vc_box_rounded&#8221; css=&#8221;&#8221;][\/vc_column][\/vc_row][vc_row][vc_column width=&#8221;1\/2&#8243;][vc_column_text css=&#8221;&#8221;] Hur startar man en 4h-klubb? Om man skulle vara intresserad av att spendera sin fritid hos oss och bli en del av S\u00e4vja 4H s\u00e5 kan man starta en 4H-klubb tillsammans med n\u00e5gra kompisar. Ni f\u00e5r sj\u00e4lva v\u00e4lja vad ni i klubben vill fokusera p\u00e5, kanske h\u00f6ns? K\u00e4pph\u00e4star?&nbsp; &hellip; Read more\" \/>\n<meta property=\"og:url\" content=\"https:\/\/www.4h.se\/savja\/starta-en-4h-klubb\/\" \/>\n<meta property=\"og:site_name\" content=\"S\u00e4vja 4H-g\u00e5rd\" \/>\n<meta property=\"article:modified_time\" content=\"2025-03-05T10:16:20+00:00\" \/>\n<meta name=\"twitter:card\" content=\"summary_large_image\" \/>\n<script type=\"application\/ld+json\" class=\"yoast-schema-graph\">{\"@context\":\"https:\\\/\\\/schema.org\",\"@graph\":[{\"@type\":\"WebPage\",\"@id\":\"https:\\\/\\\/www.4h.se\\\/savja\\\/starta-en-4h-klubb\\\/\",\"url\":\"https:\\\/\\\/www.4h.se\\\/savja\\\/starta-en-4h-klubb\\\/\",\"name\":\"Starta en 4H-klubb - S\u00e4vja 4H-g\u00e5rd\",\"isPartOf\":{\"@id\":\"https:\\\/\\\/www.4h.se\\\/savja\\\/#website\"},\"datePublished\":\"2024-04-17T12:11:22+00:00\",\"dateModified\":\"2025-03-05T10:16:20+00:00\",\"breadcrumb\":{\"@id\":\"https:\\\/\\\/www.4h.se\\\/savja\\\/starta-en-4h-klubb\\\/#breadcrumb\"},\"inLanguage\":\"sv-SE\",\"potentialAction\":[{\"@type\":\"ReadAction\",\"target\":[\"https:\\\/\\\/www.4h.se\\\/savja\\\/starta-en-4h-klubb\\\/\"]}]},{\"@type\":\"BreadcrumbList\",\"@id\":\"https:\\\/\\\/www.4h.se\\\/savja\\\/starta-en-4h-klubb\\\/#breadcrumb\",\"itemListElement\":[{\"@type\":\"ListItem\",\"position\":1,\"name\":\"Hem\",\"item\":\"https:\\\/\\\/www.4h.se\\\/savja\\\/\"},{\"@type\":\"ListItem\",\"position\":2,\"name\":\"Starta en 4H-klubb\"}]},{\"@type\":\"WebSite\",\"@id\":\"https:\\\/\\\/www.4h.se\\\/savja\\\/#website\",\"url\":\"https:\\\/\\\/www.4h.se\\\/savja\\\/\",\"name\":\"S\u00e4vja 4H-g\u00e5rd\",\"description\":\"\",\"potentialAction\":[{\"@type\":\"SearchAction\",\"target\":{\"@type\":\"EntryPoint\",\"urlTemplate\":\"https:\\\/\\\/www.4h.se\\\/savja\\\/?s={search_term_string}\"},\"query-input\":{\"@type\":\"PropertyValueSpecification\",\"valueRequired\":true,\"valueName\":\"search_term_string\"}}],\"inLanguage\":\"sv-SE\"}]}<\/script>\n<!-- \/ Yoast SEO plugin. -->","yoast_head_json":{"title":"Starta en 4H-klubb - S\u00e4vja 4H-g\u00e5rd","robots":{"index":"index","follow":"follow","max-snippet":"max-snippet:-1","max-image-preview":"max-image-preview:large","max-video-preview":"max-video-preview:-1"},"canonical":"https:\/\/www.4h.se\/savja\/starta-en-4h-klubb\/","og_locale":"sv_SE","og_type":"article","og_title":"Starta en 4H-klubb - S\u00e4vja 4H-g\u00e5rd","og_description":"[vc_row][vc_column][vc_single_image image=&#8221;524&#8243; img_size=&#8221;1400&#215;400&#8243; style=&#8221;vc_box_rounded&#8221; css=&#8221;&#8221;][\/vc_column][\/vc_row][vc_row][vc_column width=&#8221;1\/2&#8243;][vc_column_text css=&#8221;&#8221;] Hur startar man en 4h-klubb? Om man skulle vara intresserad av att spendera sin fritid hos oss och bli en del av S\u00e4vja 4H s\u00e5 kan man starta en 4H-klubb tillsammans med n\u00e5gra kompisar. Ni f\u00e5r sj\u00e4lva v\u00e4lja vad ni i klubben vill fokusera p\u00e5, kanske h\u00f6ns? K\u00e4pph\u00e4star?&nbsp; &hellip; Read more","og_url":"https:\/\/www.4h.se\/savja\/starta-en-4h-klubb\/","og_site_name":"S\u00e4vja 4H-g\u00e5rd","article_modified_time":"2025-03-05T10:16:20+00:00","twitter_card":"summary_large_image","schema":{"@context":"https:\/\/schema.org","@graph":[{"@type":"WebPage","@id":"https:\/\/www.4h.se\/savja\/starta-en-4h-klubb\/","url":"https:\/\/www.4h.se\/savja\/starta-en-4h-klubb\/","name":"Starta en 4H-klubb - S\u00e4vja 4H-g\u00e5rd","isPartOf":{"@id":"https:\/\/www.4h.se\/savja\/#website"},"datePublished":"2024-04-17T12:11:22+00:00","dateModified":"2025-03-05T10:16:20+00:00","breadcrumb":{"@id":"https:\/\/www.4h.se\/savja\/starta-en-4h-klubb\/#breadcrumb"},"inLanguage":"sv-SE","potentialAction":[{"@type":"ReadAction","target":["https:\/\/www.4h.se\/savja\/starta-en-4h-klubb\/"]}]},{"@type":"BreadcrumbList","@id":"https:\/\/www.4h.se\/savja\/starta-en-4h-klubb\/#breadcrumb","itemListElement":[{"@type":"ListItem","position":1,"name":"Hem","item":"https:\/\/www.4h.se\/savja\/"},{"@type":"ListItem","position":2,"name":"Starta en 4H-klubb"}]},{"@type":"WebSite","@id":"https:\/\/www.4h.se\/savja\/#website","url":"https:\/\/www.4h.se\/savja\/","name":"S\u00e4vja 4H-g\u00e5rd","description":"","potentialAction":[{"@type":"SearchAction","target":{"@type":"EntryPoint","urlTemplate":"https:\/\/www.4h.se\/savja\/?s={search_term_string}"},"query-input":{"@type":"PropertyValueSpecification","valueRequired":true,"valueName":"search_term_string"}}],"inLanguage":"sv-SE"}]}},"_links":{"self":[{"href":"https:\/\/www.4h.se\/savja\/wp-json\/wp\/v2\/pages\/514","targetHints":{"allow":["GET"]}}],"collection":[{"href":"https:\/\/www.4h.se\/savja\/wp-json\/wp\/v2\/pages"}],"about":[{"href":"https:\/\/www.4h.se\/savja\/wp-json\/wp\/v2\/types\/page"}],"author":[{"embeddable":true,"href":"https:\/\/www.4h.se\/savja\/wp-json\/wp\/v2\/users\/243"}],"replies":[{"embeddable":true,"href":"https:\/\/www.4h.se\/savja\/wp-json\/wp\/v2\/comments?post=514"}],"version-history":[{"count":0,"href":"https:\/\/www.4h.se\/savja\/wp-json\/wp\/v2\/pages\/514\/revisions"}],"wp:attachment":[{"href":"https:\/\/www.4h.se\/savja\/wp-json\/wp\/v2\/media?parent=514"}],"curies":[{"name":"wp","href":"https:\/\/api.w.org\/{rel}","templated":true}]}}