



{"id":432,"date":"2023-12-08T11:12:04","date_gmt":"2023-12-08T10:12:04","guid":{"rendered":"https:\/\/www.4h.se\/savja\/?page_id=432"},"modified":"2025-03-05T11:09:58","modified_gmt":"2025-03-05T10:09:58","slug":"hons","status":"publish","type":"page","link":"https:\/\/www.4h.se\/savja\/hons\/","title":{"rendered":"H\u00f6ns"},"content":{"rendered":"<div class=\"wpb-content-wrapper\"><p>[vc_row][vc_column][vc_column_text css=&#8221;&#8221;]<\/p>\n<h2>Gammalsvensk dv\u00e4rgh\u00f6na<\/h2>\n<p>[\/vc_column_text][\/vc_column][\/vc_row][vc_row][vc_column width=&#8221;1\/2&#8243;][vc_column_text css=&#8221;&#8221;]H\u00e4r kan du l\u00e4sa mer om h\u00f6nsen som vi har p\u00e5 g\u00e5rden.[\/vc_column_text][vc_row_inner][vc_column_inner width=&#8221;1\/2&#8243;][vc_column_text css=&#8221;&#8221;]<\/p>\n<h3>Fakta om h\u00f6ns<\/h3>\n<p>[\/vc_column_text][vc_toggle title=&#8221;Svensk lantras&#8221; style=&#8221;rounded&#8221; color=&#8221;peacoc&#8221; css=&#8221;&#8221;]En Svensk lantras \u00e4r husdjursraser av ko, get, f\u00e5r, h\u00e4st, gris och fj\u00e4derf\u00e4n. Det som \u00e4r speciellt f\u00f6r svenska lantraser \u00e4r att de har befunnit sig inom ett visst omr\u00e5de s\u00e5 l\u00e4nge att\u00a0 de, genom att ha blivit utsatta f\u00f6r sm\u00e5 f\u00f6r\u00e4ndringar, sakta anpassat sig till den milj\u00f6n. Det inneb\u00e4r att man inte har avlat fram deras egenskaper att klara sig p\u00e5 den mat milj\u00f6n erbjuder och best\u00e4ndigheten mot lokala parasiter och sjukdomar. Det \u00e4r ocks\u00e5 d\u00e4rf\u00f6r m\u00e5nga av lantraserna har ett ortsnamn i artnamnet.<br \/>\nDe svenska lantraserna kan man f\u00e5 b\u00e5de k\u00f6tt, mj\u00f6lk och p\u00e4ls\/ull ifr\u00e5n men inte lika mycket som de raser vi har avlat fram f\u00f6r att anv\u00e4nda i den kommersiella matproduktionen. Det \u00e4r delvis d\u00e4rf\u00f6r m\u00e5nga av de svenska lantraserna f\u00f6rsvunnit och de som finns kvar idag har behov av bevarande.<br \/>\nVi bevarar svenska lantraser f\u00f6r att de b\u00e4r p\u00e5 kulturhistoria och kan komma till anv\u00e4ndning i framtiden om man \u00e5terg\u00e5r till ett mer traditionellt jordbruk. Vi g\u00f6r det genom att f\u00f6ra genbanksregister \u00f6ver de individer som \u00e4r av svensk lantras och endast avla med dem som \u00e4r inskrivna d\u00e4r.<\/p>\n<p>&nbsp;[\/vc_toggle][vc_toggle title=&#8221;Fakta om h\u00f6ns&#8221; style=&#8221;rounded&#8221; color=&#8221;peacoc&#8221; css=&#8221;&#8221;]kommer mer inom kort[\/vc_toggle][vc_toggle title=&#8221;L\u00e4te&#8221; style=&#8221;rounded&#8221; color=&#8221;peacoc&#8221; css=&#8221;&#8221;][\/vc_toggle][\/vc_column_inner][vc_column_inner width=&#8221;1\/2&#8243;][vc_column_text css=&#8221;&#8221;]<\/p>\n<h3>V\u00e5ra h\u00f6ns<\/h3>\n<p>[\/vc_column_text][vc_toggle title=&#8221;Gammalsvensk dv\u00e4rgh\u00f6na&#8221; style=&#8221;rounded&#8221; color=&#8221;orange&#8221; css=&#8221;&#8221;]kommer mer info inom kort[\/vc_toggle][\/vc_column_inner][\/vc_row_inner][\/vc_column][vc_column width=&#8221;1\/2&#8243;][vc_single_image image=&#8221;618&#8243; img_size=&#8221;300&#215;400&#8243; style=&#8221;vc_box_rounded&#8221; css=&#8221;&#8221;][\/vc_column][\/vc_row]<\/p>\n<\/div>","protected":false},"excerpt":{"rendered":"<p>[vc_row][vc_column][vc_column_text css=&#8221;&#8221;] Gammalsvensk dv\u00e4rgh\u00f6na [\/vc_column_text][\/vc_column][\/vc_row][vc_row][vc_column width=&#8221;1\/2&#8243;][vc_column_text css=&#8221;&#8221;]H\u00e4r kan du l\u00e4sa mer om h\u00f6nsen som vi har p\u00e5 g\u00e5rden.[\/vc_column_text][vc_row_inner][vc_column_inner width=&#8221;1\/2&#8243;][vc_column_text css=&#8221;&#8221;] Fakta om h\u00f6ns [\/vc_column_text][vc_toggle title=&#8221;Svensk lantras&#8221; style=&#8221;rounded&#8221; color=&#8221;peacoc&#8221; css=&#8221;&#8221;]En Svensk lantras \u00e4r husdjursraser av ko, get, f\u00e5r, h\u00e4st, gris och fj\u00e4derf\u00e4n. Det som \u00e4r speciellt f\u00f6r svenska lantraser \u00e4r att de har befunnit sig inom&nbsp; <a href=\"https:\/\/www.4h.se\/savja\/hons\/\">&hellip; Read more <i class=\"glyphicon glyphicon-arrow-right\"><\/i><\/a><\/p>\n","protected":false},"author":243,"featured_media":0,"parent":0,"menu_order":0,"comment_status":"closed","ping_status":"closed","template":"","meta":{"_acf_changed":false,"footnotes":""},"class_list":["post-432","page","type-page","status-publish","hentry"],"acf":[],"yoast_head":"<!-- This site is optimized with the Yoast SEO plugin v27.4 - https:\/\/yoast.com\/product\/yoast-seo-wordpress\/ -->\n<title>H\u00f6ns - S\u00e4vja 4H-g\u00e5rd<\/title>\n<meta name=\"robots\" content=\"index, follow, max-snippet:-1, max-image-preview:large, max-video-preview:-1\" \/>\n<link rel=\"canonical\" href=\"https:\/\/www.4h.se\/savja\/hons\/\" \/>\n<meta property=\"og:locale\" content=\"sv_SE\" \/>\n<meta property=\"og:type\" content=\"article\" \/>\n<meta property=\"og:title\" content=\"H\u00f6ns - S\u00e4vja 4H-g\u00e5rd\" \/>\n<meta property=\"og:description\" content=\"[vc_row][vc_column][vc_column_text css=&#8221;&#8221;] Gammalsvensk dv\u00e4rgh\u00f6na [\/vc_column_text][\/vc_column][\/vc_row][vc_row][vc_column width=&#8221;1\/2&#8243;][vc_column_text css=&#8221;&#8221;]H\u00e4r kan du l\u00e4sa mer om h\u00f6nsen som vi har p\u00e5 g\u00e5rden.[\/vc_column_text][vc_row_inner][vc_column_inner width=&#8221;1\/2&#8243;][vc_column_text css=&#8221;&#8221;] Fakta om h\u00f6ns [\/vc_column_text][vc_toggle title=&#8221;Svensk lantras&#8221; style=&#8221;rounded&#8221; color=&#8221;peacoc&#8221; css=&#8221;&#8221;]En Svensk lantras \u00e4r husdjursraser av ko, get, f\u00e5r, h\u00e4st, gris och fj\u00e4derf\u00e4n. Det som \u00e4r speciellt f\u00f6r svenska lantraser \u00e4r att de har befunnit sig inom&nbsp; &hellip; Read more\" \/>\n<meta property=\"og:url\" content=\"https:\/\/www.4h.se\/savja\/hons\/\" \/>\n<meta property=\"og:site_name\" content=\"S\u00e4vja 4H-g\u00e5rd\" \/>\n<meta property=\"article:modified_time\" content=\"2025-03-05T10:09:58+00:00\" \/>\n<meta name=\"twitter:card\" content=\"summary_large_image\" \/>\n<script type=\"application\/ld+json\" class=\"yoast-schema-graph\">{\"@context\":\"https:\\\/\\\/schema.org\",\"@graph\":[{\"@type\":\"WebPage\",\"@id\":\"https:\\\/\\\/www.4h.se\\\/savja\\\/hons\\\/\",\"url\":\"https:\\\/\\\/www.4h.se\\\/savja\\\/hons\\\/\",\"name\":\"H\u00f6ns - S\u00e4vja 4H-g\u00e5rd\",\"isPartOf\":{\"@id\":\"https:\\\/\\\/www.4h.se\\\/savja\\\/#website\"},\"datePublished\":\"2023-12-08T10:12:04+00:00\",\"dateModified\":\"2025-03-05T10:09:58+00:00\",\"breadcrumb\":{\"@id\":\"https:\\\/\\\/www.4h.se\\\/savja\\\/hons\\\/#breadcrumb\"},\"inLanguage\":\"sv-SE\",\"potentialAction\":[{\"@type\":\"ReadAction\",\"target\":[\"https:\\\/\\\/www.4h.se\\\/savja\\\/hons\\\/\"]}]},{\"@type\":\"BreadcrumbList\",\"@id\":\"https:\\\/\\\/www.4h.se\\\/savja\\\/hons\\\/#breadcrumb\",\"itemListElement\":[{\"@type\":\"ListItem\",\"position\":1,\"name\":\"Hem\",\"item\":\"https:\\\/\\\/www.4h.se\\\/savja\\\/\"},{\"@type\":\"ListItem\",\"position\":2,\"name\":\"H\u00f6ns\"}]},{\"@type\":\"WebSite\",\"@id\":\"https:\\\/\\\/www.4h.se\\\/savja\\\/#website\",\"url\":\"https:\\\/\\\/www.4h.se\\\/savja\\\/\",\"name\":\"S\u00e4vja 4H-g\u00e5rd\",\"description\":\"\",\"potentialAction\":[{\"@type\":\"SearchAction\",\"target\":{\"@type\":\"EntryPoint\",\"urlTemplate\":\"https:\\\/\\\/www.4h.se\\\/savja\\\/?s={search_term_string}\"},\"query-input\":{\"@type\":\"PropertyValueSpecification\",\"valueRequired\":true,\"valueName\":\"search_term_string\"}}],\"inLanguage\":\"sv-SE\"}]}<\/script>\n<!-- \/ Yoast SEO plugin. -->","yoast_head_json":{"title":"H\u00f6ns - S\u00e4vja 4H-g\u00e5rd","robots":{"index":"index","follow":"follow","max-snippet":"max-snippet:-1","max-image-preview":"max-image-preview:large","max-video-preview":"max-video-preview:-1"},"canonical":"https:\/\/www.4h.se\/savja\/hons\/","og_locale":"sv_SE","og_type":"article","og_title":"H\u00f6ns - S\u00e4vja 4H-g\u00e5rd","og_description":"[vc_row][vc_column][vc_column_text css=&#8221;&#8221;] Gammalsvensk dv\u00e4rgh\u00f6na [\/vc_column_text][\/vc_column][\/vc_row][vc_row][vc_column width=&#8221;1\/2&#8243;][vc_column_text css=&#8221;&#8221;]H\u00e4r kan du l\u00e4sa mer om h\u00f6nsen som vi har p\u00e5 g\u00e5rden.[\/vc_column_text][vc_row_inner][vc_column_inner width=&#8221;1\/2&#8243;][vc_column_text css=&#8221;&#8221;] Fakta om h\u00f6ns [\/vc_column_text][vc_toggle title=&#8221;Svensk lantras&#8221; style=&#8221;rounded&#8221; color=&#8221;peacoc&#8221; css=&#8221;&#8221;]En Svensk lantras \u00e4r husdjursraser av ko, get, f\u00e5r, h\u00e4st, gris och fj\u00e4derf\u00e4n. Det som \u00e4r speciellt f\u00f6r svenska lantraser \u00e4r att de har befunnit sig inom&nbsp; &hellip; Read more","og_url":"https:\/\/www.4h.se\/savja\/hons\/","og_site_name":"S\u00e4vja 4H-g\u00e5rd","article_modified_time":"2025-03-05T10:09:58+00:00","twitter_card":"summary_large_image","schema":{"@context":"https:\/\/schema.org","@graph":[{"@type":"WebPage","@id":"https:\/\/www.4h.se\/savja\/hons\/","url":"https:\/\/www.4h.se\/savja\/hons\/","name":"H\u00f6ns - S\u00e4vja 4H-g\u00e5rd","isPartOf":{"@id":"https:\/\/www.4h.se\/savja\/#website"},"datePublished":"2023-12-08T10:12:04+00:00","dateModified":"2025-03-05T10:09:58+00:00","breadcrumb":{"@id":"https:\/\/www.4h.se\/savja\/hons\/#breadcrumb"},"inLanguage":"sv-SE","potentialAction":[{"@type":"ReadAction","target":["https:\/\/www.4h.se\/savja\/hons\/"]}]},{"@type":"BreadcrumbList","@id":"https:\/\/www.4h.se\/savja\/hons\/#breadcrumb","itemListElement":[{"@type":"ListItem","position":1,"name":"Hem","item":"https:\/\/www.4h.se\/savja\/"},{"@type":"ListItem","position":2,"name":"H\u00f6ns"}]},{"@type":"WebSite","@id":"https:\/\/www.4h.se\/savja\/#website","url":"https:\/\/www.4h.se\/savja\/","name":"S\u00e4vja 4H-g\u00e5rd","description":"","potentialAction":[{"@type":"SearchAction","target":{"@type":"EntryPoint","urlTemplate":"https:\/\/www.4h.se\/savja\/?s={search_term_string}"},"query-input":{"@type":"PropertyValueSpecification","valueRequired":true,"valueName":"search_term_string"}}],"inLanguage":"sv-SE"}]}},"_links":{"self":[{"href":"https:\/\/www.4h.se\/savja\/wp-json\/wp\/v2\/pages\/432","targetHints":{"allow":["GET"]}}],"collection":[{"href":"https:\/\/www.4h.se\/savja\/wp-json\/wp\/v2\/pages"}],"about":[{"href":"https:\/\/www.4h.se\/savja\/wp-json\/wp\/v2\/types\/page"}],"author":[{"embeddable":true,"href":"https:\/\/www.4h.se\/savja\/wp-json\/wp\/v2\/users\/243"}],"replies":[{"embeddable":true,"href":"https:\/\/www.4h.se\/savja\/wp-json\/wp\/v2\/comments?post=432"}],"version-history":[{"count":0,"href":"https:\/\/www.4h.se\/savja\/wp-json\/wp\/v2\/pages\/432\/revisions"}],"wp:attachment":[{"href":"https:\/\/www.4h.se\/savja\/wp-json\/wp\/v2\/media?parent=432"}],"curies":[{"name":"wp","href":"https:\/\/api.w.org\/{rel}","templated":true}]}}