



{"id":426,"date":"2023-12-08T11:10:22","date_gmt":"2023-12-08T10:10:22","guid":{"rendered":"https:\/\/www.4h.se\/savja\/?page_id=426"},"modified":"2025-08-18T11:04:33","modified_gmt":"2025-08-18T09:04:33","slug":"hastar","status":"publish","type":"page","link":"https:\/\/www.4h.se\/savja\/hastar\/","title":{"rendered":"H\u00e4star"},"content":{"rendered":"<div class=\"wpb-content-wrapper\"><p>[vc_row][vc_column][vc_column_text css=&#8221;&#8221;]<\/p>\n<h2>H\u00e4star<\/h2>\n<p>F\u00f6r tillf\u00e4llet har vi 4 h\u00e4star som bor p\u00e5 g\u00e5rden. H\u00e4r nedan kan du l\u00e4sa mer om h\u00e4starna.[\/vc_column_text][\/vc_column][\/vc_row][vc_row][vc_column width=&#8221;1\/2&#8243;][vc_column_text]<\/p>\n<h2>Kungsvikstorp Lennart. &#8221;Lenny&#8221;<\/h2>\n<p>Lenny som han kallas \u00e4r en d-ponny valack f\u00f6dd 2019. Han \u00e4r av rasen Norsk Fjordh\u00e4st och hans f\u00e4rg heter ljusbrunblack och har en svart \u00e5l l\u00e4ngs ryggen. Lenny kom till oss i februari 2024 tillsammans med Mae\u00b4s Kiowa.<\/p>\n<p>Lenny \u00e4r en lugn och sn\u00e4ll ponny som \u00e4lskar att f\u00e5 all form av uppm\u00e4rksamhet men \u00e4r ny inom v\u00e5r verksamhet, han kommer succesivt b\u00f6rja delta p\u00e5 olika aktiviteter. Lenny \u00e4lskar att dra vagn och \u00e4r tidigare riden western och kommer hos oss g\u00e5 ponnyridningar, ridning av medryttare och dra vagn.[\/vc_column_text][\/vc_column][vc_column width=&#8221;1\/2&#8243;][vc_single_image image=&#8221;560&#8243; img_size=&#8221;300&#215;400&#8243; style=&#8221;vc_box_rounded&#8221; css=&#8221;&#8221;][\/vc_column][\/vc_row][vc_row][vc_column width=&#8221;1\/2&#8243;][vc_column_text css=&#8221;&#8221;]<\/p>\n<h2>Mae\u00b4s Kiowa. &#8221;Mia&#8221;<\/h2>\n<p>Mia som hon kallas \u00e4r ett b-ponny sto f\u00f6dd 2011. Hon \u00e4r korsning mellan raserna Welsh Mountain och Pinto och hennes f\u00e4rg heter skimmel. Mia kom till oss i februari 2024 tillsammans med Kungsviktorps Lennart.<\/p>\n<p>Mia \u00e4r en s\u00f6t och sn\u00e4ll liten ponny som \u00e4lskar att f\u00e5 uppm\u00e4rksamhet och s\u00e4llskap. Hon \u00e4r en vaken och lyh\u00f6rd ponny som \u00e4r v\u00e4ldigt fin i ridningen och sn\u00e4llt anpassar sig efter sin ryttare. Mia har tidigare t\u00e4vlat dressyr, hoppning och h\u00f6g niv\u00e5 inom western ridning. Mia kommer hos oss g\u00e5 med p\u00e5 ponnyridningar, kurser samt ridning av v\u00e5ra medryttare.[\/vc_column_text][\/vc_column][vc_column width=&#8221;1\/2&#8243;][vc_single_image image=&#8221;561&#8243; img_size=&#8221;300&#215;400&#8243; style=&#8221;vc_box_rounded&#8221; css=&#8221;&#8221;][\/vc_column][\/vc_row][vc_row][vc_column width=&#8221;1\/2&#8243;][vc_column_text css=&#8221;&#8221;]<\/p>\n<h2>&#8221;Pixie&#8221;<\/h2>\n<p>Pixie \u00e4r ett maxat b-ponny sto f\u00f6dd 2015. Hon \u00e4r en blandras mellan raserna Dansk knabstrupper, Norsk fjordh\u00e4st och Svensk ridponny och hennes f\u00e4rg kallas ljusbrunblack och hon har en svart \u00e5l l\u00e4ngs ryggen. Pixie kom till oss i September 2024.<\/p>\n<p>Pixie \u00e4r en lugn och nyfiken ponny som g\u00e4rna kommer fram och h\u00e4lsar. Pixie har testat p\u00e5 m\u00e5nga olika ridgrenar, som t.ex. f\u00e4ltt\u00e4vlan, hoppning och \u00e4ven g\u00e5tt lite p\u00e5 ridskola. Pixie kommer hos oss g\u00e5 med p\u00e5 ponnyridningar, kurser samt ridas av v\u00e5ra medryttare.[\/vc_column_text][\/vc_column][vc_column width=&#8221;1\/2&#8243;][vc_single_image image=&#8221;562&#8243; img_size=&#8221;300&#215;400&#8243; style=&#8221;vc_box_rounded&#8221; css=&#8221;&#8221;][\/vc_column][\/vc_row][vc_row][vc_column width=&#8221;1\/2&#8243;][vc_column_text css=&#8221;&#8221;]<\/p>\n<h1>Santi<\/h1>\n<p>Santi \u00e4r en maxad d-ponny valack f\u00f6dd 2006. Han \u00e4r av rasen Welsh cob och hans f\u00e4rg heter fux. Vi har Santi p\u00e5 foder hos oss, vi \u00e4ger allts\u00e5 inte honom. Santi kom till oss i slutet av oktober 2024.<\/p>\n<p>Santi \u00e4r en sn\u00e4ll och lugn ponny som gillar uppm\u00e4rksamhet. Santi har varit privath\u00e4st innan han kom till oss p\u00e5 4H. Han kommer hos oss g\u00e5 med p\u00e5 ponnyridningar, kurser samt ridas av v\u00e5ra medryttare.[\/vc_column_text][\/vc_column][vc_column width=&#8221;1\/2&#8243;][vc_single_image image=&#8221;665&#8243; img_size=&#8221;300&#215;400&#8243; style=&#8221;vc_box_rounded&#8221; css=&#8221;&#8221;][\/vc_column][\/vc_row][vc_row][vc_column width=&#8221;1\/2&#8243;][vc_column_text css=&#8221;&#8221;]<\/p>\n<h1>Milly<\/h1>\n<p>Milly \u00e4r ett maxat d-ponny sto f\u00f6dd f\u00f6dd 2018. Hon \u00e4r av rasen irl\u00e4ndsk ridponny och hennes f\u00e4rm heter sk\u00e4ck. Milly kom till oss i maj 2025, hon \u00e4r ny hos oss och kommer succesivt b\u00f6rja g\u00e5 med i verksamheten.<\/p>\n<p>Milly \u00e4r en sn\u00e4ll och trygg ponny som g\u00e4rna kommer fram och h\u00e4lsar p\u00e5 nya m\u00e4nniskor. Innan Milly flyttade till oss bodde hon hos en barnfamilj d\u00e4r hon har t\u00e4vlat lite i alla grenar. Milly kommer hos oss g\u00e5 med p\u00e5 ponnyridningar, kurser samt ridas av v\u00e5ra medryttare.[\/vc_column_text][\/vc_column][vc_column width=&#8221;1\/2&#8243;][vc_single_image image=&#8221;725&#8243; img_size=&#8221;300&#215;400&#8243; css=&#8221;&#8221;][\/vc_column][\/vc_row]<\/p>\n<\/div>","protected":false},"excerpt":{"rendered":"<p>[vc_row][vc_column][vc_column_text css=&#8221;&#8221;] H\u00e4star F\u00f6r tillf\u00e4llet har vi 4 h\u00e4star som bor p\u00e5 g\u00e5rden. H\u00e4r nedan kan du l\u00e4sa mer om h\u00e4starna.[\/vc_column_text][\/vc_column][\/vc_row][vc_row][vc_column width=&#8221;1\/2&#8243;][vc_column_text] Kungsvikstorp Lennart. &#8221;Lenny&#8221; Lenny som han kallas \u00e4r en d-ponny valack f\u00f6dd 2019. Han \u00e4r av rasen Norsk Fjordh\u00e4st och hans f\u00e4rg heter ljusbrunblack och har en svart \u00e5l l\u00e4ngs ryggen. Lenny kom&nbsp; <a href=\"https:\/\/www.4h.se\/savja\/hastar\/\">&hellip; Read more <i class=\"glyphicon glyphicon-arrow-right\"><\/i><\/a><\/p>\n","protected":false},"author":243,"featured_media":0,"parent":0,"menu_order":0,"comment_status":"closed","ping_status":"closed","template":"","meta":{"_acf_changed":false,"footnotes":""},"class_list":["post-426","page","type-page","status-publish","hentry"],"acf":[],"yoast_head":"<!-- This site is optimized with the Yoast SEO plugin v27.4 - https:\/\/yoast.com\/product\/yoast-seo-wordpress\/ -->\n<title>H\u00e4star - S\u00e4vja 4H-g\u00e5rd<\/title>\n<meta name=\"robots\" content=\"index, follow, max-snippet:-1, max-image-preview:large, max-video-preview:-1\" \/>\n<link rel=\"canonical\" href=\"https:\/\/www.4h.se\/savja\/hastar\/\" \/>\n<meta property=\"og:locale\" content=\"sv_SE\" \/>\n<meta property=\"og:type\" content=\"article\" \/>\n<meta property=\"og:title\" content=\"H\u00e4star - S\u00e4vja 4H-g\u00e5rd\" \/>\n<meta property=\"og:description\" content=\"[vc_row][vc_column][vc_column_text css=&#8221;&#8221;] H\u00e4star F\u00f6r tillf\u00e4llet har vi 4 h\u00e4star som bor p\u00e5 g\u00e5rden. H\u00e4r nedan kan du l\u00e4sa mer om h\u00e4starna.[\/vc_column_text][\/vc_column][\/vc_row][vc_row][vc_column width=&#8221;1\/2&#8243;][vc_column_text] Kungsvikstorp Lennart. &#8221;Lenny&#8221; Lenny som han kallas \u00e4r en d-ponny valack f\u00f6dd 2019. Han \u00e4r av rasen Norsk Fjordh\u00e4st och hans f\u00e4rg heter ljusbrunblack och har en svart \u00e5l l\u00e4ngs ryggen. Lenny kom&nbsp; &hellip; Read more\" \/>\n<meta property=\"og:url\" content=\"https:\/\/www.4h.se\/savja\/hastar\/\" \/>\n<meta property=\"og:site_name\" content=\"S\u00e4vja 4H-g\u00e5rd\" \/>\n<meta property=\"article:modified_time\" content=\"2025-08-18T09:04:33+00:00\" \/>\n<meta name=\"twitter:card\" content=\"summary_large_image\" \/>\n<script type=\"application\/ld+json\" class=\"yoast-schema-graph\">{\"@context\":\"https:\\\/\\\/schema.org\",\"@graph\":[{\"@type\":\"WebPage\",\"@id\":\"https:\\\/\\\/www.4h.se\\\/savja\\\/hastar\\\/\",\"url\":\"https:\\\/\\\/www.4h.se\\\/savja\\\/hastar\\\/\",\"name\":\"H\u00e4star - S\u00e4vja 4H-g\u00e5rd\",\"isPartOf\":{\"@id\":\"https:\\\/\\\/www.4h.se\\\/savja\\\/#website\"},\"datePublished\":\"2023-12-08T10:10:22+00:00\",\"dateModified\":\"2025-08-18T09:04:33+00:00\",\"breadcrumb\":{\"@id\":\"https:\\\/\\\/www.4h.se\\\/savja\\\/hastar\\\/#breadcrumb\"},\"inLanguage\":\"sv-SE\",\"potentialAction\":[{\"@type\":\"ReadAction\",\"target\":[\"https:\\\/\\\/www.4h.se\\\/savja\\\/hastar\\\/\"]}]},{\"@type\":\"BreadcrumbList\",\"@id\":\"https:\\\/\\\/www.4h.se\\\/savja\\\/hastar\\\/#breadcrumb\",\"itemListElement\":[{\"@type\":\"ListItem\",\"position\":1,\"name\":\"Hem\",\"item\":\"https:\\\/\\\/www.4h.se\\\/savja\\\/\"},{\"@type\":\"ListItem\",\"position\":2,\"name\":\"H\u00e4star\"}]},{\"@type\":\"WebSite\",\"@id\":\"https:\\\/\\\/www.4h.se\\\/savja\\\/#website\",\"url\":\"https:\\\/\\\/www.4h.se\\\/savja\\\/\",\"name\":\"S\u00e4vja 4H-g\u00e5rd\",\"description\":\"\",\"potentialAction\":[{\"@type\":\"SearchAction\",\"target\":{\"@type\":\"EntryPoint\",\"urlTemplate\":\"https:\\\/\\\/www.4h.se\\\/savja\\\/?s={search_term_string}\"},\"query-input\":{\"@type\":\"PropertyValueSpecification\",\"valueRequired\":true,\"valueName\":\"search_term_string\"}}],\"inLanguage\":\"sv-SE\"}]}<\/script>\n<!-- \/ Yoast SEO plugin. -->","yoast_head_json":{"title":"H\u00e4star - S\u00e4vja 4H-g\u00e5rd","robots":{"index":"index","follow":"follow","max-snippet":"max-snippet:-1","max-image-preview":"max-image-preview:large","max-video-preview":"max-video-preview:-1"},"canonical":"https:\/\/www.4h.se\/savja\/hastar\/","og_locale":"sv_SE","og_type":"article","og_title":"H\u00e4star - S\u00e4vja 4H-g\u00e5rd","og_description":"[vc_row][vc_column][vc_column_text css=&#8221;&#8221;] H\u00e4star F\u00f6r tillf\u00e4llet har vi 4 h\u00e4star som bor p\u00e5 g\u00e5rden. H\u00e4r nedan kan du l\u00e4sa mer om h\u00e4starna.[\/vc_column_text][\/vc_column][\/vc_row][vc_row][vc_column width=&#8221;1\/2&#8243;][vc_column_text] Kungsvikstorp Lennart. &#8221;Lenny&#8221; Lenny som han kallas \u00e4r en d-ponny valack f\u00f6dd 2019. Han \u00e4r av rasen Norsk Fjordh\u00e4st och hans f\u00e4rg heter ljusbrunblack och har en svart \u00e5l l\u00e4ngs ryggen. Lenny kom&nbsp; &hellip; Read more","og_url":"https:\/\/www.4h.se\/savja\/hastar\/","og_site_name":"S\u00e4vja 4H-g\u00e5rd","article_modified_time":"2025-08-18T09:04:33+00:00","twitter_card":"summary_large_image","schema":{"@context":"https:\/\/schema.org","@graph":[{"@type":"WebPage","@id":"https:\/\/www.4h.se\/savja\/hastar\/","url":"https:\/\/www.4h.se\/savja\/hastar\/","name":"H\u00e4star - S\u00e4vja 4H-g\u00e5rd","isPartOf":{"@id":"https:\/\/www.4h.se\/savja\/#website"},"datePublished":"2023-12-08T10:10:22+00:00","dateModified":"2025-08-18T09:04:33+00:00","breadcrumb":{"@id":"https:\/\/www.4h.se\/savja\/hastar\/#breadcrumb"},"inLanguage":"sv-SE","potentialAction":[{"@type":"ReadAction","target":["https:\/\/www.4h.se\/savja\/hastar\/"]}]},{"@type":"BreadcrumbList","@id":"https:\/\/www.4h.se\/savja\/hastar\/#breadcrumb","itemListElement":[{"@type":"ListItem","position":1,"name":"Hem","item":"https:\/\/www.4h.se\/savja\/"},{"@type":"ListItem","position":2,"name":"H\u00e4star"}]},{"@type":"WebSite","@id":"https:\/\/www.4h.se\/savja\/#website","url":"https:\/\/www.4h.se\/savja\/","name":"S\u00e4vja 4H-g\u00e5rd","description":"","potentialAction":[{"@type":"SearchAction","target":{"@type":"EntryPoint","urlTemplate":"https:\/\/www.4h.se\/savja\/?s={search_term_string}"},"query-input":{"@type":"PropertyValueSpecification","valueRequired":true,"valueName":"search_term_string"}}],"inLanguage":"sv-SE"}]}},"_links":{"self":[{"href":"https:\/\/www.4h.se\/savja\/wp-json\/wp\/v2\/pages\/426","targetHints":{"allow":["GET"]}}],"collection":[{"href":"https:\/\/www.4h.se\/savja\/wp-json\/wp\/v2\/pages"}],"about":[{"href":"https:\/\/www.4h.se\/savja\/wp-json\/wp\/v2\/types\/page"}],"author":[{"embeddable":true,"href":"https:\/\/www.4h.se\/savja\/wp-json\/wp\/v2\/users\/243"}],"replies":[{"embeddable":true,"href":"https:\/\/www.4h.se\/savja\/wp-json\/wp\/v2\/comments?post=426"}],"version-history":[{"count":0,"href":"https:\/\/www.4h.se\/savja\/wp-json\/wp\/v2\/pages\/426\/revisions"}],"wp:attachment":[{"href":"https:\/\/www.4h.se\/savja\/wp-json\/wp\/v2\/media?parent=426"}],"curies":[{"name":"wp","href":"https:\/\/api.w.org\/{rel}","templated":true}]}}