



{"id":39,"date":"2014-12-09T20:10:35","date_gmt":"2014-12-09T19:10:35","guid":{"rendered":"http:\/\/www.4h.se\/rix16\/?page_id=39"},"modified":"2026-04-01T16:07:21","modified_gmt":"2026-04-01T14:07:21","slug":"savja-4h-gard","status":"publish","type":"page","link":"https:\/\/www.4h.se\/savja\/","title":{"rendered":"Startsida"},"content":{"rendered":"<div class=\"wpb-content-wrapper\"><p>[vc_row][vc_column width=&#8221;1\/2&#8243;][vc_row_inner][vc_column_inner][vc_column_text css=&#8221;&#8221;]<\/p>\n<h1>V\u00e4lkommen till S\u00e4vja 4H-G\u00e5rd<\/h1>\n<p>[\/vc_column_text][vc_column_text css=&#8221;&#8221;]<\/p>\n<h2>S\u00e4vja 4H-g\u00e5rd<\/h2>\n<p>S\u00e4vja 4H-g\u00e5rd \u00e4r den nyaste 4H-g\u00e5rden i Uppsala.&nbsp;H\u00e4r v\u00e4lkomnar vi barn, ungdomar och familjer att uppt\u00e4cka livet p\u00e5 landet, mitt i storstaden. G\u00e5rden \u00e4r en plats d\u00e4r du kan l\u00e4ra k\u00e4nna v\u00e5ra djur p\u00e5 n\u00e4ra h\u00e5ll, delta i sp\u00e4nnande aktiviteter och skapa minnen f\u00f6r livet!<\/p>\n<p>Hos oss finns n\u00e5got f\u00f6r alla. V\u00e5rt m\u00e5l \u00e4r att ge b\u00e5de barn och vuxna en m\u00f6jlighet att l\u00e4ra sig mer om djur, natur och h\u00e5llbarhet genom praktisk erfarenhet. Vi tror p\u00e5 mottot&nbsp;<em>l\u00e4ra genom att g\u00f6ra<\/em>, och hos oss f\u00e5r du m\u00f6jlighet att vara aktiv och involverad.<\/p>\n<p>P\u00e5 g\u00e5rden finns ocks\u00e5 klubbverksamhet f\u00f6r barn och unga. \u00c4r du intresserad av att engagera dig i klubbverksamheten eller vill veta mer om den, klicka in p\u00e5 fliken <a href=\"https:\/\/www.4h.se\/savja\/klubbverksamhet\"><strong><span style=\"color: #00693f;\">Klubbverksamhet<\/span><\/strong><\/a>.<\/p>\n<p>V\u00e4lkommen till v\u00e5r hemsida \u2013 h\u00e4r kan du l\u00e4sa mer om den verksamhet vi bedriver.[\/vc_column_text][vc_message message_box_color=&#8221;alert-success&#8221; icon_fontawesome=&#8221;fa fa-solid fa-school&#8221; css=&#8221;&#8221;]<\/p>\n<h4 style=\"text-align: center;\">G\u00e5rdens \u00f6ppettider<\/h4>\n<p style=\"text-align: center;\"><strong>Vardagar:&nbsp;<\/strong>09:00-16:00<br \/>\n<strong>Helger och helgdagar:&nbsp;<\/strong>09:00-15:00<\/p>\n<p style=\"text-align: center;\">\n<p>[\/vc_message][vc_column_text css=&#8221;&#8221;]<\/p>\n<h4><strong>F\u00f6lj oss p\u00e5 sociala medier!<\/strong><\/h4>\n<p>[\/vc_column_text][\/vc_column_inner][vc_column_inner width=&#8221;1\/2&#8243;][vc_btn title=&#8221;Facebook&#8221; style=&#8221;3d&#8221; color=&#8221;peacoc&#8221; align=&#8221;center&#8221; i_icon_fontawesome=&#8221;fa fa-brands fa-square-facebook&#8221; css=&#8221;&#8221; button_block=&#8221;true&#8221; add_icon=&#8221;true&#8221; link=&#8221;url:https%3A%2F%2Fwww.facebook.com%2Fp%2FS%25C3%25A4vja-4H-g%25C3%25A5rd-100085996362473%2F%3Flocale%3Dsv_SE|target:_blank&#8221;][\/vc_column_inner][vc_column_inner width=&#8221;1\/2&#8243;][vc_btn title=&#8221;Instagram&#8221; style=&#8221;3d&#8221; color=&#8221;peacoc&#8221; align=&#8221;center&#8221; i_icon_fontawesome=&#8221;fa fa-brands fa-instagram&#8221; css=&#8221;&#8221; button_block=&#8221;true&#8221; add_icon=&#8221;true&#8221; link=&#8221;url:https%3A%2F%2Fwww.instagram.com%2Fsavja4hgard%2F&#8221;][\/vc_column_inner][\/vc_row_inner][\/vc_column][vc_column width=&#8221;1\/2&#8243;][vc_column_text css=&#8221;&#8221;][\/vc_column_text][vc_single_image image=&#8221;709&#8243; img_size=&#8221;550&#215;550&#8243; style=&#8221;vc_box_rounded&#8221; css=&#8221;&#8221;][vc_btn title=&#8221;Hitta hit&#8221; style=&#8221;3d&#8221; color=&#8221;success&#8221; align=&#8221;center&#8221; i_icon_fontawesome=&#8221;fa fa-solid fa-location-pin&#8221; css=&#8221;&#8221; button_block=&#8221;true&#8221; add_icon=&#8221;true&#8221; link=&#8221;url:https%3A%2F%2Fwww.4h.se%2Fsavja%2Fhitta-hit%2F|title:Hitta%20hit&#8221;][\/vc_column][\/vc_row][vc_row][vc_column][vc_separator color=&#8221;custom&#8221; css=&#8221;&#8221; accent_color=&#8221;#00693f&#8221;][vc_column_text css=&#8221;&#8221;]<\/p>\n<h2>Aktuellt just nu<\/h2>\n<p>[\/vc_column_text][\/vc_column][\/vc_row][vc_row][vc_column width=&#8221;1\/2&#8243;][vc_single_image image=&#8221;750&#8243; img_size=&#8221;450&#215;300&#8243; style=&#8221;vc_box_rounded&#8221; css=&#8221;&#8221;][vc_column_text css=&#8221;&#8221;]<\/p>\n<h3 style=\"text-align: center;\">L\u00e4ger 2026<\/h3>\n<p style=\"text-align: center;\">Anm\u00e4lan till alla l\u00e4ger ligger uppe. In och kika vad som skulle passa er!<\/p>\n<p>[\/vc_column_text][vc_btn title=&#8221;Se alla l\u00e4ger h\u00e4r!&#8221; style=&#8221;3d&#8221; color=&#8221;success&#8221; align=&#8221;center&#8221; css=&#8221;&#8221; button_block=&#8221;true&#8221; link=&#8221;url:https%3A%2F%2Fwww.4h.se%2Fsavja%2Flager%2F|title:L%C3%A4ger&#8221;][\/vc_column][vc_column width=&#8221;1\/2&#8243;][vc_single_image image=&#8221;768&#8243; img_size=&#8221;450&#215;300&#8243; alignment=&#8221;center&#8221; style=&#8221;vc_box_rounded&#8221; css=&#8221;&#8221;][vc_column_text css=&#8221;&#8221;]<\/p>\n<h3 style=\"text-align: center;\">Kurser VT 26<\/h3>\n<p style=\"text-align: center;\">Anm\u00e4lan till andra kursstarten \u00e4r \u00f6ppen!<\/p>\n<p>[\/vc_column_text][vc_btn title=&#8221;Se kursutbudet h\u00e4r!&#8221; style=&#8221;3d&#8221; color=&#8221;peacoc&#8221; align=&#8221;center&#8221; i_icon_fontawesome=&#8221;&#8221; css=&#8221;&#8221; button_block=&#8221;true&#8221; add_icon=&#8221;true&#8221; link=&#8221;url:https%3A%2F%2Fwww.4h.se%2Fsavja%2Fkurser%2F|title:Kurser&#8221;][\/vc_column][\/vc_row][vc_row][vc_column][vc_column_text css=&#8221;&#8221;]<\/p>\n<h2 style=\"text-align: left;\">Helgaktiviteter<\/h2>\n<p style=\"text-align: left;\"><span data-olk-copy-source=\"MessageBody\">F\u00e5 ut det lilla extra av ditt bes\u00f6k hos oss tillsammans med djuren!<\/span><\/p>\n<p>P\u00e5 helgerna har du som bes\u00f6kare m\u00f6jlighet att komma n\u00e4ra djuren tillsammans med v\u00e5r personal. En perfekt utflykt f\u00f6r hela familjen! Under v\u00e5ra helgaktivteter g\u00e4ller drop in \u2013 ingen f\u00f6ranm\u00e4lan kr\u00e4vs.<\/p>\n<p>Nedan ser du schemat f\u00f6r kommande helger.<\/p>\n<p>Hoppas vi ses![\/vc_column_text][vc_btn title=&#8221;Mer info h\u00e4r!&#8221; style=&#8221;3d&#8221; color=&#8221;success&#8221; align=&#8221;center&#8221; i_icon_fontawesome=&#8221;&#8221; css=&#8221;&#8221; button_block=&#8221;true&#8221; add_icon=&#8221;true&#8221; link=&#8221;url:https%3A%2F%2Fwww.4h.se%2Fsavja%2Fhelgaktiviteter%2F|title:Seniortr%C3%A4ffar&#8221;][vc_single_image image=&#8221;771&#8243; img_size=&#8221;full&#8221; css=&#8221;&#8221;][vc_column_text css=&#8221;&#8221;]<em>Med reservation f\u00f6r \u00e4ndringar<\/em>[\/vc_column_text][vc_separator color=&#8221;custom&#8221; css=&#8221;&#8221; accent_color=&#8221;#00693F&#8221;][\/vc_column][\/vc_row][vc_row][vc_column width=&#8221;1\/3&#8243;][vc_single_image image=&#8221;655&#8243; img_size=&#8221;full&#8221; style=&#8221;vc_box_rounded&#8221; css=&#8221;&#8221;][vc_column_text css=&#8221;&#8221;]<\/p>\n<h3 style=\"text-align: center;\">inf\u00f6r ditt bes\u00f6k hos oss<\/h3>\n<p style=\"text-align: center;\">Planerar du att bes\u00f6ka oss? Varmt v\u00e4lkommen!<\/p>\n<p style=\"text-align: center;\">Innan du bes\u00f6ker oss kan det vara bra att ha koll p\u00e5 alla regler som g\u00e4ller p\u00e5 g\u00e5rden. Det \u00e4r viktigt att t\u00e4nka p\u00e5 att 4H-g\u00e5rden \u00e4r djurens hem. Tack f\u00f6r att du bidrar till att djuren f\u00e5r det tryggt och bra under ert bes\u00f6k.<\/p>\n<p>[\/vc_column_text][vc_btn title=&#8221;Inf\u00f6r ditt bes\u00f6k p\u00e5 4H-g\u00e5rden&#8221; style=&#8221;3d&#8221; color=&#8221;peacoc&#8221; align=&#8221;center&#8221; i_icon_fontawesome=&#8221;fas fa-tasks&#8221; css=&#8221;&#8221; button_block=&#8221;true&#8221; add_icon=&#8221;true&#8221;][\/vc_column][vc_column width=&#8221;1\/3&#8243;][vc_single_image image=&#8221;656&#8243; img_size=&#8221;full&#8221; style=&#8221;vc_box_rounded&#8221; css=&#8221;&#8221;][vc_column_text css=&#8221;&#8221;]<\/p>\n<h3 style=\"text-align: center;\">kontakta oss<\/h3>\n<p style=\"text-align: center;\">Hittar du inte svar p\u00e5 dina fr\u00e5gor h\u00e4r p\u00e5 hemsidan?<\/p>\n<p style=\"text-align: center;\">Du \u00e4r s\u00e5klart varmt v\u00e4lkommen att kontakta oss!<br \/>\nVi bemannar telefon och e-post under kontorstider p\u00e5 vardagar. Vi str\u00e4var emot att ta hand om ditt \u00e4rende s\u00e5 fort som m\u00f6jligt.[\/vc_column_text][vc_btn title=&#8221;Kontakta oss&#8221; style=&#8221;3d&#8221; color=&#8221;peacoc&#8221; align=&#8221;center&#8221; i_icon_fontawesome=&#8221;far fa-comments&#8221; css=&#8221;&#8221; button_block=&#8221;true&#8221; add_icon=&#8221;true&#8221; link=&#8221;url:https%3A%2F%2Fwww.4h.se%2Fsavja%2Fkontakta-oss%2F|title:Kontakta%20oss&#8221;][\/vc_column][vc_column width=&#8221;1\/3&#8243;][vc_single_image image=&#8221;657&#8243; img_size=&#8221;full&#8221; style=&#8221;vc_box_rounded&#8221; css=&#8221;&#8221;][vc_column_text css=&#8221;&#8221;]<\/p>\n<h3 style=\"text-align: center;\">Bli medlem<\/h3>\n<p style=\"text-align: center;\">Vill du f\u00f6rverkliga dina st\u00f6rsta intressen?<\/p>\n<p style=\"text-align: center;\">Bli medlem hos oss! H\u00e4r f\u00e5r du chansen att tr\u00e4ffa kompisar som brinner f\u00f6r samma saker som du. M\u00f6jligheterna \u00e4r o\u00e4ndliga och vi finns h\u00e4r f\u00f6r att st\u00f6tta dig. Det f\u00f6rsta steget \u00e4r att bli medlem, resten l\u00f6ser vi!<\/p>\n<p>[\/vc_column_text][vc_btn title=&#8221;Bli medlem&#8221; style=&#8221;3d&#8221; color=&#8221;peacoc&#8221; align=&#8221;center&#8221; i_icon_fontawesome=&#8221;fas fa-users&#8221; css=&#8221;&#8221; button_block=&#8221;true&#8221; add_icon=&#8221;true&#8221; link=&#8221;url:https%3A%2F%2Fwww.4h.se%2Fsavja%2Fbli-medlem%2F|title:Bli%20medlem&#8221;][\/vc_column][\/vc_row]<\/p>\n<\/div>","protected":false},"excerpt":{"rendered":"<p>[vc_row][vc_column width=&#8221;1\/2&#8243;][vc_row_inner][vc_column_inner][vc_column_text css=&#8221;&#8221;] V\u00e4lkommen till S\u00e4vja 4H-G\u00e5rd [\/vc_column_text][vc_column_text css=&#8221;&#8221;] S\u00e4vja 4H-g\u00e5rd S\u00e4vja 4H-g\u00e5rd \u00e4r den nyaste 4H-g\u00e5rden i Uppsala.&nbsp;H\u00e4r v\u00e4lkomnar vi barn, ungdomar och familjer att uppt\u00e4cka livet p\u00e5 landet, mitt i storstaden. G\u00e5rden \u00e4r en plats d\u00e4r du kan l\u00e4ra k\u00e4nna v\u00e5ra djur p\u00e5 n\u00e4ra h\u00e5ll, delta i sp\u00e4nnande aktiviteter och skapa minnen f\u00f6r&nbsp; <a href=\"https:\/\/www.4h.se\/savja\/\">&hellip; Read more <i class=\"glyphicon glyphicon-arrow-right\"><\/i><\/a><\/p>\n","protected":false},"author":1,"featured_media":0,"parent":0,"menu_order":10,"comment_status":"closed","ping_status":"closed","template":"","meta":{"footnotes":""},"class_list":["post-39","page","type-page","status-publish","hentry"],"yoast_head":"<!-- This site is optimized with the Yoast SEO plugin v27.4 - https:\/\/yoast.com\/product\/yoast-seo-wordpress\/ -->\n<title>Startsida - S\u00e4vja 4H-g\u00e5rd<\/title>\n<meta name=\"description\" content=\"S\u00e4vja 4H-g\u00e5rd \u00e4r den nyaste 4H-g\u00e5rden i Uppsala. Under 2024 kommer g\u00e5rden byggas upp och planeras \u00f6ppna f\u00f6r bes\u00f6kare under h\u00f6sten 2024.\" \/>\n<meta name=\"robots\" content=\"index, follow, max-snippet:-1, max-image-preview:large, max-video-preview:-1\" \/>\n<link rel=\"canonical\" href=\"https:\/\/www.4h.se\/savja\/\" \/>\n<meta property=\"og:locale\" content=\"sv_SE\" \/>\n<meta property=\"og:type\" content=\"article\" \/>\n<meta property=\"og:title\" content=\"Startsida - S\u00e4vja 4H-g\u00e5rd\" \/>\n<meta property=\"og:description\" content=\"S\u00e4vja 4H-g\u00e5rd \u00e4r den nyaste 4H-g\u00e5rden i Uppsala. Under 2024 kommer g\u00e5rden byggas upp och planeras \u00f6ppna f\u00f6r bes\u00f6kare under h\u00f6sten 2024.\" \/>\n<meta property=\"og:url\" content=\"https:\/\/www.4h.se\/savja\/\" \/>\n<meta property=\"og:site_name\" content=\"S\u00e4vja 4H-g\u00e5rd\" \/>\n<meta property=\"article:modified_time\" content=\"2026-04-01T14:07:21+00:00\" \/>\n<meta name=\"twitter:card\" content=\"summary_large_image\" \/>\n<script type=\"application\/ld+json\" class=\"yoast-schema-graph\">{\"@context\":\"https:\\\/\\\/schema.org\",\"@graph\":[{\"@type\":\"WebPage\",\"@id\":\"https:\\\/\\\/www.4h.se\\\/savja\\\/\",\"url\":\"https:\\\/\\\/www.4h.se\\\/savja\\\/\",\"name\":\"Startsida - S\u00e4vja 4H-g\u00e5rd\",\"isPartOf\":{\"@id\":\"https:\\\/\\\/www.4h.se\\\/savja\\\/#website\"},\"datePublished\":\"2014-12-09T19:10:35+00:00\",\"dateModified\":\"2026-04-01T14:07:21+00:00\",\"description\":\"S\u00e4vja 4H-g\u00e5rd \u00e4r den nyaste 4H-g\u00e5rden i Uppsala. Under 2024 kommer g\u00e5rden byggas upp och planeras \u00f6ppna f\u00f6r bes\u00f6kare under h\u00f6sten 2024.\",\"breadcrumb\":{\"@id\":\"https:\\\/\\\/www.4h.se\\\/savja\\\/#breadcrumb\"},\"inLanguage\":\"sv-SE\",\"potentialAction\":[{\"@type\":\"ReadAction\",\"target\":[\"https:\\\/\\\/www.4h.se\\\/savja\\\/\"]}]},{\"@type\":\"BreadcrumbList\",\"@id\":\"https:\\\/\\\/www.4h.se\\\/savja\\\/#breadcrumb\",\"itemListElement\":[{\"@type\":\"ListItem\",\"position\":1,\"name\":\"Hem\",\"item\":\"https:\\\/\\\/www.4h.se\\\/savja\\\/\"},{\"@type\":\"ListItem\",\"position\":2,\"name\":\"Startsida\"}]},{\"@type\":\"WebSite\",\"@id\":\"https:\\\/\\\/www.4h.se\\\/savja\\\/#website\",\"url\":\"https:\\\/\\\/www.4h.se\\\/savja\\\/\",\"name\":\"S\u00e4vja 4H-g\u00e5rd\",\"description\":\"\",\"potentialAction\":[{\"@type\":\"SearchAction\",\"target\":{\"@type\":\"EntryPoint\",\"urlTemplate\":\"https:\\\/\\\/www.4h.se\\\/savja\\\/?s={search_term_string}\"},\"query-input\":{\"@type\":\"PropertyValueSpecification\",\"valueRequired\":true,\"valueName\":\"search_term_string\"}}],\"inLanguage\":\"sv-SE\"}]}<\/script>\n<!-- \/ Yoast SEO plugin. -->","yoast_head_json":{"title":"Startsida - S\u00e4vja 4H-g\u00e5rd","description":"S\u00e4vja 4H-g\u00e5rd \u00e4r den nyaste 4H-g\u00e5rden i Uppsala. Under 2024 kommer g\u00e5rden byggas upp och planeras \u00f6ppna f\u00f6r bes\u00f6kare under h\u00f6sten 2024.","robots":{"index":"index","follow":"follow","max-snippet":"max-snippet:-1","max-image-preview":"max-image-preview:large","max-video-preview":"max-video-preview:-1"},"canonical":"https:\/\/www.4h.se\/savja\/","og_locale":"sv_SE","og_type":"article","og_title":"Startsida - S\u00e4vja 4H-g\u00e5rd","og_description":"S\u00e4vja 4H-g\u00e5rd \u00e4r den nyaste 4H-g\u00e5rden i Uppsala. Under 2024 kommer g\u00e5rden byggas upp och planeras \u00f6ppna f\u00f6r bes\u00f6kare under h\u00f6sten 2024.","og_url":"https:\/\/www.4h.se\/savja\/","og_site_name":"S\u00e4vja 4H-g\u00e5rd","article_modified_time":"2026-04-01T14:07:21+00:00","twitter_card":"summary_large_image","schema":{"@context":"https:\/\/schema.org","@graph":[{"@type":"WebPage","@id":"https:\/\/www.4h.se\/savja\/","url":"https:\/\/www.4h.se\/savja\/","name":"Startsida - S\u00e4vja 4H-g\u00e5rd","isPartOf":{"@id":"https:\/\/www.4h.se\/savja\/#website"},"datePublished":"2014-12-09T19:10:35+00:00","dateModified":"2026-04-01T14:07:21+00:00","description":"S\u00e4vja 4H-g\u00e5rd \u00e4r den nyaste 4H-g\u00e5rden i Uppsala. Under 2024 kommer g\u00e5rden byggas upp och planeras \u00f6ppna f\u00f6r bes\u00f6kare under h\u00f6sten 2024.","breadcrumb":{"@id":"https:\/\/www.4h.se\/savja\/#breadcrumb"},"inLanguage":"sv-SE","potentialAction":[{"@type":"ReadAction","target":["https:\/\/www.4h.se\/savja\/"]}]},{"@type":"BreadcrumbList","@id":"https:\/\/www.4h.se\/savja\/#breadcrumb","itemListElement":[{"@type":"ListItem","position":1,"name":"Hem","item":"https:\/\/www.4h.se\/savja\/"},{"@type":"ListItem","position":2,"name":"Startsida"}]},{"@type":"WebSite","@id":"https:\/\/www.4h.se\/savja\/#website","url":"https:\/\/www.4h.se\/savja\/","name":"S\u00e4vja 4H-g\u00e5rd","description":"","potentialAction":[{"@type":"SearchAction","target":{"@type":"EntryPoint","urlTemplate":"https:\/\/www.4h.se\/savja\/?s={search_term_string}"},"query-input":{"@type":"PropertyValueSpecification","valueRequired":true,"valueName":"search_term_string"}}],"inLanguage":"sv-SE"}]}},"_links":{"self":[{"href":"https:\/\/www.4h.se\/savja\/wp-json\/wp\/v2\/pages\/39","targetHints":{"allow":["GET"]}}],"collection":[{"href":"https:\/\/www.4h.se\/savja\/wp-json\/wp\/v2\/pages"}],"about":[{"href":"https:\/\/www.4h.se\/savja\/wp-json\/wp\/v2\/types\/page"}],"author":[{"embeddable":true,"href":"https:\/\/www.4h.se\/savja\/wp-json\/wp\/v2\/users\/1"}],"replies":[{"embeddable":true,"href":"https:\/\/www.4h.se\/savja\/wp-json\/wp\/v2\/comments?post=39"}],"version-history":[{"count":0,"href":"https:\/\/www.4h.se\/savja\/wp-json\/wp\/v2\/pages\/39\/revisions"}],"wp:attachment":[{"href":"https:\/\/www.4h.se\/savja\/wp-json\/wp\/v2\/media?parent=39"}],"curies":[{"name":"wp","href":"https:\/\/api.w.org\/{rel}","templated":true}]}}