



{"id":355,"date":"2015-12-16T23:13:52","date_gmt":"2015-12-16T22:13:52","guid":{"rendered":"http:\/\/www.4h.se\/mall\/?page_id=355"},"modified":"2025-03-05T10:55:15","modified_gmt":"2025-03-05T09:55:15","slug":"hitta-hit","status":"publish","type":"page","link":"https:\/\/www.4h.se\/savja\/hitta-hit\/","title":{"rendered":"Hitta hit"},"content":{"rendered":"<div class=\"wpb-content-wrapper\"><p>[vc_row][vc_column][vc_single_image image=&#8221;579&#8243; img_size=&#8221;1400&#215;400&#8243; css=&#8221;&#8221;][\/vc_column][\/vc_row][vc_row][vc_column width=&#8221;1\/3&#8243;][vc_column_text css=&#8221;&#8221;]<\/p>\n<h2>Hitta hit<\/h2>\n<p>S\u00e4vja 4H-g\u00e5rd ligger p\u00e5 Linn\u00e9s S\u00e4vja, i n\u00e4rheten av S\u00e4vja kyrka och ICA supermarket S\u00e4vja. Hit man kan enkelt promenera eller cykla fr\u00e5n omr\u00e5dena runtomkring, vilket vi rekommenderar.<\/p>\n<p>Bes\u00f6ksadressen till g\u00e5rden \u00e4r Linn\u00e9s S\u00e4vja, Carl von Linn\u00e9s v\u00e4g 3, 757 56 Uppsala<\/p>\n<p><strong>Koordinater: <\/strong>59.8199211465099, 17.700933288353763<\/p>\n<h2>Bussf\u00f6rbindelser:<\/h2>\n<p>Det \u00e4r enkelt att ta bussar fr\u00e5n stan till S\u00e4vja 4H-g\u00e5rd. Det finns 3 linjer som g\u00e5r till bussh\u00e5llplatser i n\u00e4rheten av oss.<\/p>\n<p><strong>Linje 9 mot Bergsbrunna:\u00a0<\/strong>G\u00e5r fr\u00e5n B2 p\u00e5 Centralstationen, hoppa av vid &#8221;<strong>S\u00e4vja kyrka<\/strong>&#8221;.<\/p>\n<p><strong>Linje 5 mot S\u00e4vja:<\/strong> G\u00e5r fr\u00e5n B2 p\u00e5 Centralstationen, hoppa av vid &#8221;<strong>N\u00e4mndemansv\u00e4gen<\/strong>&#8221;. Promenera ca 5min till Linn\u00e9s S\u00e4vja.<\/p>\n<p><strong>Linje 10 mot Coop\/IKEA N\u00e5ntuna:\u00a0<\/strong>G\u00e5r fr\u00e5n E2 p\u00e5 Centralstationen, hoppa av vid &#8221;<strong>N\u00e4mndemansv\u00e4gen<\/strong>&#8221;. Promenera ca 5min till Linn\u00e9s S\u00e4vja.<\/p>\n<p>L\u00e4s mer och hitta din resa p\u00e5 UL.<\/p>\n<p>&nbsp;<\/p>\n<h2>Parkering:<\/h2>\n<p>Det finns ett begr\u00e4nsat antal parkeringsplatser vid S\u00e4vja kyrka som \u00e4r till\u00e5tna att parkera p\u00e5.<br \/>\nParkeringen vid Ica S\u00e4vja \u00e4r inte till v\u00e5rt f\u00f6rfogande och ber er v\u00e4nligast att inte parkera d\u00e4r.<\/p>\n<p>&nbsp;[\/vc_column_text][\/vc_column][vc_column width=&#8221;1\/3&#8243;][vc_column_text css=&#8221;&#8221;]<\/p>\n<h2 style=\"text-align: left;\">\u00d6ppettider<\/h2>\n<p style=\"text-align: left;\"><strong>Vardagar:<\/strong> 09:00-16:00<br \/>\n<strong>Helger och helgdagar:<\/strong> 09:00-15:00<\/p>\n<p style=\"text-align: left;\">Det g\u00e5r bra att vistas runt om g\u00e5rden utanf\u00f6r \u00f6ppettiderna, men ta h\u00e4nsyn till djuren och st\u00f6r dem inte. G\u00e5 heller inte in i n\u00e5gra hagar och mata inte djuren, inte ens med gr\u00e4s.<\/p>\n<p>[\/vc_column_text][vc_btn title=&#8221;Inf\u00f6r ditt bes\u00f6k&#8221; style=&#8221;3d&#8221; color=&#8221;success&#8221; align=&#8221;center&#8221; i_icon_fontawesome=&#8221;fas fa-tasks&#8221; css=&#8221;&#8221; button_block=&#8221;true&#8221; add_icon=&#8221;true&#8221; link=&#8221;url:https%3A%2F%2Fwww.4h.se%2Fuppsala%2Finfor-besok-pa-4h-gard%2F&#8221;][\/vc_column][vc_column width=&#8221;1\/3&#8243;][vc_gmaps link=&#8221;#E-8_JTNDaWZyYW1lJTIwc3JjJTNEJTIyaHR0cHMlM0ElMkYlMkZ3d3cuZ29vZ2xlLmNvbSUyRm1hcHMlMkZlbWJlZCUzRnBiJTNEJTIxMW0xOCUyMTFtMTIlMjExbTMlMjExZDI4MzYuNTE2MDAyMTk1Mzg1JTIxMmQxNy43MDQwNDQ5MTk1MzQwMzQlMjEzZDU5LjgyMDU3NjMyMjUzMTk1JTIxMm0zJTIxMWYwJTIxMmYwJTIxM2YwJTIxM20yJTIxMWkxMDI0JTIxMmk3NjglMjE0ZjEzLjElMjEzbTMlMjExbTIlMjExczB4NDY1ZmM5MWIyYTNkYWFjMSUyNTNBMHhiM2Y3NjUzOTI0Nzk3Y2M1JTIxMnpUR2x1YnNPcGN5QlR3NlIyYW1FJTIxNWUwJTIxM20yJTIxMXNzdiUyMTJzc2UlMjE0djE3MDIwMzM3MjY2NzAlMjE1bTIlMjExc3N2JTIxMnNzZSUyMiUyMHdpZHRoJTNEJTIyNjAwJTIyJTIwaGVpZ2h0JTNEJTIyNDUwJTIyJTIwc3R5bGUlM0QlMjJib3JkZXIlM0EwJTNCJTIyJTIwYWxsb3dmdWxsc2NyZWVuJTNEJTIyJTIyJTIwbG9hZGluZyUzRCUyMmxhenklMjIlMjByZWZlcnJlcnBvbGljeSUzRCUyMm5vLXJlZmVycmVyLXdoZW4tZG93bmdyYWRlJTIyJTNFJTNDJTJGaWZyYW1lJTNF&#8221;][\/vc_column][\/vc_row]<\/p>\n<\/div>","protected":false},"excerpt":{"rendered":"<p>[vc_row][vc_column][vc_single_image image=&#8221;579&#8243; img_size=&#8221;1400&#215;400&#8243; css=&#8221;&#8221;][\/vc_column][\/vc_row][vc_row][vc_column width=&#8221;1\/3&#8243;][vc_column_text css=&#8221;&#8221;] Hitta hit S\u00e4vja 4H-g\u00e5rd ligger p\u00e5 Linn\u00e9s S\u00e4vja, i n\u00e4rheten av S\u00e4vja kyrka och ICA supermarket S\u00e4vja. Hit man kan enkelt promenera eller cykla fr\u00e5n omr\u00e5dena runtomkring, vilket vi rekommenderar. Bes\u00f6ksadressen till g\u00e5rden \u00e4r Linn\u00e9s S\u00e4vja, Carl von Linn\u00e9s v\u00e4g 3, 757 56 Uppsala Koordinater: 59.8199211465099, 17.700933288353763 Bussf\u00f6rbindelser: Det&nbsp; <a href=\"https:\/\/www.4h.se\/savja\/hitta-hit\/\">&hellip; Read more <i class=\"glyphicon glyphicon-arrow-right\"><\/i><\/a><\/p>\n","protected":false},"author":36,"featured_media":0,"parent":0,"menu_order":0,"comment_status":"closed","ping_status":"closed","template":"","meta":{"_acf_changed":false,"footnotes":""},"class_list":["post-355","page","type-page","status-publish","hentry"],"acf":[],"yoast_head":"<!-- This site is optimized with the Yoast SEO plugin v27.4 - https:\/\/yoast.com\/product\/yoast-seo-wordpress\/ -->\n<title>Hitta hit - S\u00e4vja 4H-g\u00e5rd<\/title>\n<meta name=\"robots\" content=\"index, follow, max-snippet:-1, max-image-preview:large, max-video-preview:-1\" \/>\n<link rel=\"canonical\" href=\"https:\/\/www.4h.se\/savja\/hitta-hit\/\" \/>\n<meta property=\"og:locale\" content=\"sv_SE\" \/>\n<meta property=\"og:type\" content=\"article\" \/>\n<meta property=\"og:title\" content=\"Hitta hit - S\u00e4vja 4H-g\u00e5rd\" \/>\n<meta property=\"og:description\" content=\"[vc_row][vc_column][vc_single_image image=&#8221;579&#8243; img_size=&#8221;1400&#215;400&#8243; css=&#8221;&#8221;][\/vc_column][\/vc_row][vc_row][vc_column width=&#8221;1\/3&#8243;][vc_column_text css=&#8221;&#8221;] Hitta hit S\u00e4vja 4H-g\u00e5rd ligger p\u00e5 Linn\u00e9s S\u00e4vja, i n\u00e4rheten av S\u00e4vja kyrka och ICA supermarket S\u00e4vja. Hit man kan enkelt promenera eller cykla fr\u00e5n omr\u00e5dena runtomkring, vilket vi rekommenderar. Bes\u00f6ksadressen till g\u00e5rden \u00e4r Linn\u00e9s S\u00e4vja, Carl von Linn\u00e9s v\u00e4g 3, 757 56 Uppsala Koordinater: 59.8199211465099, 17.700933288353763 Bussf\u00f6rbindelser: Det&nbsp; &hellip; Read more\" \/>\n<meta property=\"og:url\" content=\"https:\/\/www.4h.se\/savja\/hitta-hit\/\" \/>\n<meta property=\"og:site_name\" content=\"S\u00e4vja 4H-g\u00e5rd\" \/>\n<meta property=\"article:modified_time\" content=\"2025-03-05T09:55:15+00:00\" \/>\n<meta name=\"twitter:card\" content=\"summary_large_image\" \/>\n<script type=\"application\/ld+json\" class=\"yoast-schema-graph\">{\"@context\":\"https:\\\/\\\/schema.org\",\"@graph\":[{\"@type\":\"WebPage\",\"@id\":\"https:\\\/\\\/www.4h.se\\\/savja\\\/hitta-hit\\\/\",\"url\":\"https:\\\/\\\/www.4h.se\\\/savja\\\/hitta-hit\\\/\",\"name\":\"Hitta hit - S\u00e4vja 4H-g\u00e5rd\",\"isPartOf\":{\"@id\":\"https:\\\/\\\/www.4h.se\\\/savja\\\/#website\"},\"datePublished\":\"2015-12-16T22:13:52+00:00\",\"dateModified\":\"2025-03-05T09:55:15+00:00\",\"breadcrumb\":{\"@id\":\"https:\\\/\\\/www.4h.se\\\/savja\\\/hitta-hit\\\/#breadcrumb\"},\"inLanguage\":\"sv-SE\",\"potentialAction\":[{\"@type\":\"ReadAction\",\"target\":[\"https:\\\/\\\/www.4h.se\\\/savja\\\/hitta-hit\\\/\"]}]},{\"@type\":\"BreadcrumbList\",\"@id\":\"https:\\\/\\\/www.4h.se\\\/savja\\\/hitta-hit\\\/#breadcrumb\",\"itemListElement\":[{\"@type\":\"ListItem\",\"position\":1,\"name\":\"Hem\",\"item\":\"https:\\\/\\\/www.4h.se\\\/savja\\\/\"},{\"@type\":\"ListItem\",\"position\":2,\"name\":\"Hitta hit\"}]},{\"@type\":\"WebSite\",\"@id\":\"https:\\\/\\\/www.4h.se\\\/savja\\\/#website\",\"url\":\"https:\\\/\\\/www.4h.se\\\/savja\\\/\",\"name\":\"S\u00e4vja 4H-g\u00e5rd\",\"description\":\"\",\"potentialAction\":[{\"@type\":\"SearchAction\",\"target\":{\"@type\":\"EntryPoint\",\"urlTemplate\":\"https:\\\/\\\/www.4h.se\\\/savja\\\/?s={search_term_string}\"},\"query-input\":{\"@type\":\"PropertyValueSpecification\",\"valueRequired\":true,\"valueName\":\"search_term_string\"}}],\"inLanguage\":\"sv-SE\"}]}<\/script>\n<!-- \/ Yoast SEO plugin. -->","yoast_head_json":{"title":"Hitta hit - S\u00e4vja 4H-g\u00e5rd","robots":{"index":"index","follow":"follow","max-snippet":"max-snippet:-1","max-image-preview":"max-image-preview:large","max-video-preview":"max-video-preview:-1"},"canonical":"https:\/\/www.4h.se\/savja\/hitta-hit\/","og_locale":"sv_SE","og_type":"article","og_title":"Hitta hit - S\u00e4vja 4H-g\u00e5rd","og_description":"[vc_row][vc_column][vc_single_image image=&#8221;579&#8243; img_size=&#8221;1400&#215;400&#8243; css=&#8221;&#8221;][\/vc_column][\/vc_row][vc_row][vc_column width=&#8221;1\/3&#8243;][vc_column_text css=&#8221;&#8221;] Hitta hit S\u00e4vja 4H-g\u00e5rd ligger p\u00e5 Linn\u00e9s S\u00e4vja, i n\u00e4rheten av S\u00e4vja kyrka och ICA supermarket S\u00e4vja. Hit man kan enkelt promenera eller cykla fr\u00e5n omr\u00e5dena runtomkring, vilket vi rekommenderar. Bes\u00f6ksadressen till g\u00e5rden \u00e4r Linn\u00e9s S\u00e4vja, Carl von Linn\u00e9s v\u00e4g 3, 757 56 Uppsala Koordinater: 59.8199211465099, 17.700933288353763 Bussf\u00f6rbindelser: Det&nbsp; &hellip; Read more","og_url":"https:\/\/www.4h.se\/savja\/hitta-hit\/","og_site_name":"S\u00e4vja 4H-g\u00e5rd","article_modified_time":"2025-03-05T09:55:15+00:00","twitter_card":"summary_large_image","schema":{"@context":"https:\/\/schema.org","@graph":[{"@type":"WebPage","@id":"https:\/\/www.4h.se\/savja\/hitta-hit\/","url":"https:\/\/www.4h.se\/savja\/hitta-hit\/","name":"Hitta hit - S\u00e4vja 4H-g\u00e5rd","isPartOf":{"@id":"https:\/\/www.4h.se\/savja\/#website"},"datePublished":"2015-12-16T22:13:52+00:00","dateModified":"2025-03-05T09:55:15+00:00","breadcrumb":{"@id":"https:\/\/www.4h.se\/savja\/hitta-hit\/#breadcrumb"},"inLanguage":"sv-SE","potentialAction":[{"@type":"ReadAction","target":["https:\/\/www.4h.se\/savja\/hitta-hit\/"]}]},{"@type":"BreadcrumbList","@id":"https:\/\/www.4h.se\/savja\/hitta-hit\/#breadcrumb","itemListElement":[{"@type":"ListItem","position":1,"name":"Hem","item":"https:\/\/www.4h.se\/savja\/"},{"@type":"ListItem","position":2,"name":"Hitta hit"}]},{"@type":"WebSite","@id":"https:\/\/www.4h.se\/savja\/#website","url":"https:\/\/www.4h.se\/savja\/","name":"S\u00e4vja 4H-g\u00e5rd","description":"","potentialAction":[{"@type":"SearchAction","target":{"@type":"EntryPoint","urlTemplate":"https:\/\/www.4h.se\/savja\/?s={search_term_string}"},"query-input":{"@type":"PropertyValueSpecification","valueRequired":true,"valueName":"search_term_string"}}],"inLanguage":"sv-SE"}]}},"_links":{"self":[{"href":"https:\/\/www.4h.se\/savja\/wp-json\/wp\/v2\/pages\/355","targetHints":{"allow":["GET"]}}],"collection":[{"href":"https:\/\/www.4h.se\/savja\/wp-json\/wp\/v2\/pages"}],"about":[{"href":"https:\/\/www.4h.se\/savja\/wp-json\/wp\/v2\/types\/page"}],"author":[{"embeddable":true,"href":"https:\/\/www.4h.se\/savja\/wp-json\/wp\/v2\/users\/36"}],"replies":[{"embeddable":true,"href":"https:\/\/www.4h.se\/savja\/wp-json\/wp\/v2\/comments?post=355"}],"version-history":[{"count":0,"href":"https:\/\/www.4h.se\/savja\/wp-json\/wp\/v2\/pages\/355\/revisions"}],"wp:attachment":[{"href":"https:\/\/www.4h.se\/savja\/wp-json\/wp\/v2\/media?parent=355"}],"curies":[{"name":"wp","href":"https:\/\/api.w.org\/{rel}","templated":true}]}}