



{"id":693,"date":"2025-11-25T09:39:33","date_gmt":"2025-11-25T08:39:33","guid":{"rendered":"https:\/\/www.4h.se\/riddersvik\/?page_id=693"},"modified":"2026-04-21T08:35:50","modified_gmt":"2026-04-21T06:35:50","slug":"familjebesok","status":"publish","type":"page","link":"https:\/\/www.4h.se\/riddersvik\/familjebesok\/","title":{"rendered":"Familjebes\u00f6k"},"content":{"rendered":"<div class=\"wpb-content-wrapper\"><p>[vc_row][vc_column][vc_column_text css=&#8221;&#8221;]<\/p>\n<h2 style=\"text-align: center;\"><span style=\"color: #215229;\">Familjer \u00e4r alltid v\u00e4lkomna att bes\u00f6ka v\u00e5r g\u00e5rd! Man kan titta p\u00e5 djuren i sina hagar 8.30-16.00 varje dag.<\/span><\/h2>\n<p>[\/vc_column_text][\/vc_column][\/vc_row][vc_row][vc_column width=&#8221;1\/2&#8243;][vc_column_text css=&#8221;&#8221;]<\/p>\n<h3><span style=\"color: #215229;\">Vill ni komma djuren n\u00e4rmare? Boka g\u00e4rna n\u00e5got av v\u00e5ra familjebes\u00f6k!<\/span><\/h3>\n<p>&nbsp;<\/p>\n<h3><span style=\"color: #215229;\">H\u00e4st och vagn f\u00f6r familjen<\/span><\/h3>\n<p>Boka en 30 minuters tur med h\u00e4st och vagn i riddersvik, max 2 vuxna plus 4 barn f\u00e5r plats p\u00e5 vagnen. Dag och tid bokas efter \u00f6verenskommelse i m\u00e5n av tid. H\u00e4st och vagn kan endast bokas p\u00e5 vardagar och ibland p\u00e5 loven<\/p>\n<h4><strong>Pris:<\/strong><\/h4>\n<p>500 kr<\/p>\n<p>&nbsp;<\/p>\n<p>&nbsp;<\/p>\n<h3><span style=\"color: #215229;\">Familjeguidning<\/span><\/h3>\n<p>F\u00f6r 2 vuxna och max 4 barn.<br \/>\nBoka en 30 minuters guidning&nbsp; d\u00e4r ni f\u00e5r tr\u00e4ffa alla g\u00e5rdens djur och mysa med dem. Familjeguidning kan bokas vardagar och vissa l\u00f6rdagar<\/p>\n<h4><strong>Pris:<\/strong><\/h4>\n<p>300 kr[\/vc_column_text][vc_column_text css=&#8221;&#8221;]<\/p>\n<h3>Betalning sker p\u00e5 plats med swish eller j\u00e4mna kontanter<\/h3>\n<p>[\/vc_column_text][\/vc_column][vc_column width=&#8221;1\/2&#8243;][vc_column_text css=&#8221;&#8221;]<\/p>\n<h3>Boka en tid f\u00f6r din familj genom att fylla i formul\u00e4ret nedan<\/h3>\n<p>&nbsp;<\/p>\n<div class=\"frm_forms  with_frm_style frm_style_formidable-style\" id=\"frm_form_19_container\" data-token=\"e400c75e6ff744fa999651a63cde43a8\">\n<form enctype=\"multipart\/form-data\" method=\"post\" class=\"frm-show-form \" id=\"form_ad72f\" data-token=\"e400c75e6ff744fa999651a63cde43a8\">\n<div class=\"frm_form_fields \">\n<fieldset>\n<legend class=\"frm_screen_reader\">Familjebes\u00f6k<\/legend>\r\n\r\n<div class=\"frm_fields_container\">\n<input type=\"hidden\" name=\"frm_action\" value=\"create\" \/>\n<input type=\"hidden\" name=\"form_id\" value=\"19\" \/>\n<input type=\"hidden\" name=\"frm_hide_fields_19\" id=\"frm_hide_fields_19\" value=\"\" \/>\n<input type=\"hidden\" name=\"form_key\" value=\"ad72f\" \/>\n<input type=\"hidden\" name=\"item_meta[0]\" value=\"\" \/>\n<input type=\"hidden\" id=\"frm_submit_entry_19\" name=\"frm_submit_entry_19\" value=\"69a222b19c\" \/><input type=\"hidden\" name=\"_wp_http_referer\" value=\"\/riddersvik\/wp-json\/wp\/v2\/pages\/693\" \/><div id=\"frm_field_144_container\" class=\"frm_form_field form-field  frm_required_field frm_top_container\">\r\n\t<label for=\"field_y1nzj\" id=\"field_y1nzj_label\" class=\"frm_primary_label\">Namn\r\n\t\t<span class=\"frm_required\" aria-hidden=\"true\">*<\/span>\r\n\t<\/label>\r\n\t<input type=\"text\" id=\"field_y1nzj\" name=\"item_meta[144]\" value=\"\"  data-reqmsg=\"Namn kan inte vara tom.\" aria-required=\"true\" data-invmsg=\"Namn \u00e4r ogiltigt\" aria-invalid=\"false\"  \/>\r\n\t\r\n\t\r\n<\/div>\n<div id=\"frm_field_146_container\" class=\"frm_form_field form-field  frm_required_field frm_top_container vertical_radio\">\r\n\t<div id=\"field_wiknd_label\" class=\"frm_primary_label\">Vilket bes\u00f6k vill ni boka?\r\n\t\t<span class=\"frm_required\" aria-hidden=\"true\">*<\/span>\r\n\t<\/div>\r\n\t<div class=\"frm_opt_container\" role=\"group\">\t\t<div class=\"frm_checkbox\" id=\"frm_checkbox_146-0\">\t\t\t<label  for=\"field_wiknd-0\">\n\t\t\t<input type=\"checkbox\" name=\"item_meta[146][]\" id=\"field_wiknd-0\" value=\"H\u00e4st och vagn f\u00f6r familjen\"  data-reqmsg=\"Vilket bes\u00f6k vill ni boka? kan inte vara tom.\" data-invmsg=\"Vilket bes\u00f6k vill ni boka? \u00e4r ogiltigt\"   aria-required=\"true\"  \/> H\u00e4st och vagn f\u00f6r familjen<\/label><\/div>\n\t\t<div class=\"frm_checkbox\" id=\"frm_checkbox_146-1\">\t\t\t<label  for=\"field_wiknd-1\">\n\t\t\t<input type=\"checkbox\" name=\"item_meta[146][]\" id=\"field_wiknd-1\" value=\"Familjeguidning\"  data-reqmsg=\"Vilket bes\u00f6k vill ni boka? kan inte vara tom.\" data-invmsg=\"Vilket bes\u00f6k vill ni boka? \u00e4r ogiltigt\"   \/> Familjeguidning<\/label><\/div>\n<\/div>\r\n\t\r\n\t\r\n<\/div>\n<div id=\"frm_field_147_container\" class=\"frm_form_field form-field  frm_required_field frm_top_container\">\r\n\t<label for=\"field_8zfud\" id=\"field_8zfud_label\" class=\"frm_primary_label\">Mailadress dit ni vill ha bokningsbekr\u00e4ftelse\r\n\t\t<span class=\"frm_required\" aria-hidden=\"true\">*<\/span>\r\n\t<\/label>\r\n\t<input type=\"email\" id=\"field_8zfud\" name=\"item_meta[147]\" value=\"\"  data-reqmsg=\"Mailadress dit ni vill ha bokningsbekr\u00e4ftelse kan inte vara tom.\" aria-required=\"true\" data-invmsg=\"Mailadress dit ni vill ha bokningsbekr\u00e4ftelse \u00e4r ogiltigt\" aria-invalid=\"false\"  \/>\r\n\t\r\n\t\r\n<\/div>\n<div id=\"frm_field_148_container\" class=\"frm_form_field form-field  frm_required_field frm_top_container\">\r\n\t<label for=\"field_8yhlj\" id=\"field_8yhlj_label\" class=\"frm_primary_label\">Hur m\u00e5nga vuxna blir ni?\r\n\t\t<span class=\"frm_required\" aria-hidden=\"true\">*<\/span>\r\n\t<\/label>\r\n\t<input type=\"text\" id=\"field_8yhlj\" name=\"item_meta[148]\" value=\"\"  data-reqmsg=\"Hur m\u00e5nga vuxna blir ni? kan inte vara tom.\" aria-required=\"true\" data-invmsg=\"Hur m\u00e5nga vuxna blir ni? \u00e4r ogiltigt\" aria-invalid=\"false\"  \/>\r\n\t\r\n\t\r\n<\/div>\n<div id=\"frm_field_156_container\" class=\"frm_form_field form-field  frm_required_field frm_top_container\">\n\t<label for=\"field_fnn40\" id=\"field_fnn40_label\" class=\"frm_primary_label\">Hur m\u00e5nga barn blir ni?\n\t\t<span class=\"frm_required\" aria-hidden=\"true\">*<\/span>\n\t<\/label>\n\t<input type=\"text\" id=\"field_fnn40\" name=\"item_meta[156]\" value=\"\"  data-reqmsg=\"Hur m\u00e5nga barn blir ni? kan inte vara tom.\" aria-required=\"true\" data-invmsg=\"Hur m\u00e5nga barn blir ni? \u00e4r ogiltigt\" aria-invalid=\"false\"  \/>\n\t\n\t\n<\/div>\n<div id=\"frm_field_149_container\" class=\"frm_form_field form-field  frm_top_container\">\r\n\t<label for=\"field_y7zss\" id=\"field_y7zss_label\" class=\"frm_primary_label\">\u00d6nskem\u00e5l om dag\r\n\t\t<span class=\"frm_required\" aria-hidden=\"true\"><\/span>\r\n\t<\/label>\r\n\t<input type=\"text\" id=\"field_y7zss\" name=\"item_meta[149]\" value=\"\"  data-invmsg=\"\u00d6nskem\u00e5l om dag \u00e4r ogiltigt\" aria-invalid=\"false\"  \/>\r\n\t\r\n\t\r\n<\/div>\n<div id=\"frm_field_150_container\" class=\"frm_form_field form-field  frm_top_container\">\n\t<label for=\"field_k1n09\" id=\"field_k1n09_label\" class=\"frm_primary_label\">\u00d6vriga fr\u00e5gor\/information\n\t\t<span class=\"frm_required\" aria-hidden=\"true\"><\/span>\n\t<\/label>\n\t<input type=\"text\" id=\"field_k1n09\" name=\"item_meta[150]\" value=\"\"  data-invmsg=\"\u00d6vriga fr\u00e5gor\/information \u00e4r ogiltigt\" aria-invalid=\"false\"  \/>\n\t\n\t\n<\/div>\n<div id=\"frm_field_143_container\" class=\"frm_form_field form-field  frm6\">\r\n\t<div class=\"frm_submit frm_flex\">\r\n<button class=\"frm_button_submit\" type=\"submit\" >Skicka<\/button>\r\n\r\n\r\n\r\n<\/div>\r\n<\/div>\n\t<input type=\"hidden\" name=\"item_key\" value=\"\" \/>\n\t\t\t<div id=\"frm_field_161_container\">\n\t\t\t<label for=\"field_j1k31\" >\n\t\t\t\tOm du \u00e4r m\u00e4nsklig, l\u00e4mna det h\u00e4r f\u00e4ltet tomt.\t\t\t<\/label>\n\t\t\t<input  id=\"field_j1k31\" type=\"text\" class=\"frm_form_field form-field frm_verify\" name=\"item_meta[161]\" value=\"\"  \/>\n\t\t<\/div>\n\t\t<input name=\"frm_state\" type=\"hidden\" value=\"12ytXK0Ygu8kJvLGC19anpVnffAFoJb7tIf8o1PGt38=\" \/><\/div>\n<\/fieldset>\n<\/div>\n\n<\/form>\n<\/div>\n[\/vc_column_text][\/vc_column][\/vc_row]<\/p>\n<\/div>","protected":false},"excerpt":{"rendered":"<p>[vc_row][vc_column][vc_column_text css=&#8221;&#8221;] Familjer \u00e4r alltid v\u00e4lkomna att bes\u00f6ka v\u00e5r g\u00e5rd! Man kan titta p\u00e5 djuren i sina hagar 8.30-16.00 varje dag. [\/vc_column_text][\/vc_column][\/vc_row][vc_row][vc_column width=&#8221;1\/2&#8243;][vc_column_text css=&#8221;&#8221;] Vill ni komma djuren n\u00e4rmare? Boka g\u00e4rna n\u00e5got av v\u00e5ra familjebes\u00f6k! &nbsp; H\u00e4st och vagn f\u00f6r familjen Boka en 30 minuters tur med h\u00e4st och vagn i riddersvik, max 2 vuxna&nbsp; <a href=\"https:\/\/www.4h.se\/riddersvik\/familjebesok\/\">&hellip; Read more <i class=\"glyphicon glyphicon-arrow-right\"><\/i><\/a><\/p>\n","protected":false},"author":222,"featured_media":0,"parent":0,"menu_order":0,"comment_status":"closed","ping_status":"closed","template":"","meta":{"_acf_changed":false,"footnotes":""},"class_list":["post-693","page","type-page","status-publish","hentry"],"acf":[],"yoast_head":"<!-- This site is optimized with the Yoast SEO plugin v27.4 - https:\/\/yoast.com\/product\/yoast-seo-wordpress\/ -->\n<title>Familjebes\u00f6k - Riddersviks 4H-g\u00e5rd<\/title>\n<meta name=\"robots\" content=\"index, follow, max-snippet:-1, max-image-preview:large, max-video-preview:-1\" \/>\n<link rel=\"canonical\" href=\"https:\/\/www.4h.se\/riddersvik\/familjebesok\/\" \/>\n<meta property=\"og:locale\" content=\"sv_SE\" \/>\n<meta property=\"og:type\" content=\"article\" \/>\n<meta property=\"og:title\" content=\"Familjebes\u00f6k - Riddersviks 4H-g\u00e5rd\" \/>\n<meta property=\"og:description\" content=\"[vc_row][vc_column][vc_column_text css=&#8221;&#8221;] Familjer \u00e4r alltid v\u00e4lkomna att bes\u00f6ka v\u00e5r g\u00e5rd! Man kan titta p\u00e5 djuren i sina hagar 8.30-16.00 varje dag. [\/vc_column_text][\/vc_column][\/vc_row][vc_row][vc_column width=&#8221;1\/2&#8243;][vc_column_text css=&#8221;&#8221;] Vill ni komma djuren n\u00e4rmare? Boka g\u00e4rna n\u00e5got av v\u00e5ra familjebes\u00f6k! &nbsp; H\u00e4st och vagn f\u00f6r familjen Boka en 30 minuters tur med h\u00e4st och vagn i riddersvik, max 2 vuxna&nbsp; &hellip; Read more\" \/>\n<meta property=\"og:url\" content=\"https:\/\/www.4h.se\/riddersvik\/familjebesok\/\" \/>\n<meta property=\"og:site_name\" content=\"Riddersviks 4H-g\u00e5rd\" \/>\n<meta property=\"article:modified_time\" content=\"2026-04-21T06:35:50+00:00\" \/>\n<meta name=\"twitter:card\" content=\"summary_large_image\" \/>\n<script type=\"application\/ld+json\" class=\"yoast-schema-graph\">{\"@context\":\"https:\\\/\\\/schema.org\",\"@graph\":[{\"@type\":\"WebPage\",\"@id\":\"https:\\\/\\\/www.4h.se\\\/riddersvik\\\/familjebesok\\\/\",\"url\":\"https:\\\/\\\/www.4h.se\\\/riddersvik\\\/familjebesok\\\/\",\"name\":\"Familjebes\u00f6k - Riddersviks 4H-g\u00e5rd\",\"isPartOf\":{\"@id\":\"https:\\\/\\\/www.4h.se\\\/riddersvik\\\/#website\"},\"datePublished\":\"2025-11-25T08:39:33+00:00\",\"dateModified\":\"2026-04-21T06:35:50+00:00\",\"breadcrumb\":{\"@id\":\"https:\\\/\\\/www.4h.se\\\/riddersvik\\\/familjebesok\\\/#breadcrumb\"},\"inLanguage\":\"sv-SE\",\"potentialAction\":[{\"@type\":\"ReadAction\",\"target\":[\"https:\\\/\\\/www.4h.se\\\/riddersvik\\\/familjebesok\\\/\"]}]},{\"@type\":\"BreadcrumbList\",\"@id\":\"https:\\\/\\\/www.4h.se\\\/riddersvik\\\/familjebesok\\\/#breadcrumb\",\"itemListElement\":[{\"@type\":\"ListItem\",\"position\":1,\"name\":\"Hem\",\"item\":\"https:\\\/\\\/www.4h.se\\\/riddersvik\\\/\"},{\"@type\":\"ListItem\",\"position\":2,\"name\":\"Familjebes\u00f6k\"}]},{\"@type\":\"WebSite\",\"@id\":\"https:\\\/\\\/www.4h.se\\\/riddersvik\\\/#website\",\"url\":\"https:\\\/\\\/www.4h.se\\\/riddersvik\\\/\",\"name\":\"Riddersviks 4H-g\u00e5rd\",\"description\":\"\",\"potentialAction\":[{\"@type\":\"SearchAction\",\"target\":{\"@type\":\"EntryPoint\",\"urlTemplate\":\"https:\\\/\\\/www.4h.se\\\/riddersvik\\\/?s={search_term_string}\"},\"query-input\":{\"@type\":\"PropertyValueSpecification\",\"valueRequired\":true,\"valueName\":\"search_term_string\"}}],\"inLanguage\":\"sv-SE\"}]}<\/script>\n<!-- \/ Yoast SEO plugin. -->","yoast_head_json":{"title":"Familjebes\u00f6k - Riddersviks 4H-g\u00e5rd","robots":{"index":"index","follow":"follow","max-snippet":"max-snippet:-1","max-image-preview":"max-image-preview:large","max-video-preview":"max-video-preview:-1"},"canonical":"https:\/\/www.4h.se\/riddersvik\/familjebesok\/","og_locale":"sv_SE","og_type":"article","og_title":"Familjebes\u00f6k - Riddersviks 4H-g\u00e5rd","og_description":"[vc_row][vc_column][vc_column_text css=&#8221;&#8221;] Familjer \u00e4r alltid v\u00e4lkomna att bes\u00f6ka v\u00e5r g\u00e5rd! Man kan titta p\u00e5 djuren i sina hagar 8.30-16.00 varje dag. [\/vc_column_text][\/vc_column][\/vc_row][vc_row][vc_column width=&#8221;1\/2&#8243;][vc_column_text css=&#8221;&#8221;] Vill ni komma djuren n\u00e4rmare? Boka g\u00e4rna n\u00e5got av v\u00e5ra familjebes\u00f6k! &nbsp; H\u00e4st och vagn f\u00f6r familjen Boka en 30 minuters tur med h\u00e4st och vagn i riddersvik, max 2 vuxna&nbsp; &hellip; Read more","og_url":"https:\/\/www.4h.se\/riddersvik\/familjebesok\/","og_site_name":"Riddersviks 4H-g\u00e5rd","article_modified_time":"2026-04-21T06:35:50+00:00","twitter_card":"summary_large_image","schema":{"@context":"https:\/\/schema.org","@graph":[{"@type":"WebPage","@id":"https:\/\/www.4h.se\/riddersvik\/familjebesok\/","url":"https:\/\/www.4h.se\/riddersvik\/familjebesok\/","name":"Familjebes\u00f6k - Riddersviks 4H-g\u00e5rd","isPartOf":{"@id":"https:\/\/www.4h.se\/riddersvik\/#website"},"datePublished":"2025-11-25T08:39:33+00:00","dateModified":"2026-04-21T06:35:50+00:00","breadcrumb":{"@id":"https:\/\/www.4h.se\/riddersvik\/familjebesok\/#breadcrumb"},"inLanguage":"sv-SE","potentialAction":[{"@type":"ReadAction","target":["https:\/\/www.4h.se\/riddersvik\/familjebesok\/"]}]},{"@type":"BreadcrumbList","@id":"https:\/\/www.4h.se\/riddersvik\/familjebesok\/#breadcrumb","itemListElement":[{"@type":"ListItem","position":1,"name":"Hem","item":"https:\/\/www.4h.se\/riddersvik\/"},{"@type":"ListItem","position":2,"name":"Familjebes\u00f6k"}]},{"@type":"WebSite","@id":"https:\/\/www.4h.se\/riddersvik\/#website","url":"https:\/\/www.4h.se\/riddersvik\/","name":"Riddersviks 4H-g\u00e5rd","description":"","potentialAction":[{"@type":"SearchAction","target":{"@type":"EntryPoint","urlTemplate":"https:\/\/www.4h.se\/riddersvik\/?s={search_term_string}"},"query-input":{"@type":"PropertyValueSpecification","valueRequired":true,"valueName":"search_term_string"}}],"inLanguage":"sv-SE"}]}},"_links":{"self":[{"href":"https:\/\/www.4h.se\/riddersvik\/wp-json\/wp\/v2\/pages\/693","targetHints":{"allow":["GET"]}}],"collection":[{"href":"https:\/\/www.4h.se\/riddersvik\/wp-json\/wp\/v2\/pages"}],"about":[{"href":"https:\/\/www.4h.se\/riddersvik\/wp-json\/wp\/v2\/types\/page"}],"author":[{"embeddable":true,"href":"https:\/\/www.4h.se\/riddersvik\/wp-json\/wp\/v2\/users\/222"}],"replies":[{"embeddable":true,"href":"https:\/\/www.4h.se\/riddersvik\/wp-json\/wp\/v2\/comments?post=693"}],"version-history":[{"count":0,"href":"https:\/\/www.4h.se\/riddersvik\/wp-json\/wp\/v2\/pages\/693\/revisions"}],"wp:attachment":[{"href":"https:\/\/www.4h.se\/riddersvik\/wp-json\/wp\/v2\/media?parent=693"}],"curies":[{"name":"wp","href":"https:\/\/api.w.org\/{rel}","templated":true}]}}