



{"id":675,"date":"2025-04-16T14:42:49","date_gmt":"2025-04-16T12:42:49","guid":{"rendered":"https:\/\/www.4h.se\/riddersvik\/?page_id=675"},"modified":"2025-04-16T14:47:34","modified_gmt":"2025-04-16T12:47:34","slug":"projekt-2024","status":"publish","type":"page","link":"https:\/\/www.4h.se\/riddersvik\/projekt-2024\/","title":{"rendered":"Projekt 2024"},"content":{"rendered":"<div class=\"wpb-content-wrapper\"><p>[vc_row][vc_column width=&#8221;1\/2&#8243;][vc_column_text css=&#8221;&#8221;]<\/p>\n<h3>Bidragsgivare 2024<\/h3>\n<h4><strong>Fritid p\u00e5 4H:<\/strong><\/h4>\n<p>\u00c5hl\u00e9n-Stiftelsen<\/p>\n<p>Kronprinsessparets stiftelsen<\/p>\n<p>Stiftelsen Oscar Hirsch Minne<\/p>\n<p>SPP<\/p>\n<p>Stiftelsen kronprinsessan Margaretas minnesfond<\/p>\n<p>Stiftelsen Oscar och Maria Ekmans Donationsfond<\/p>\n<p>Stiftelsen Konung Oscar II\u2019s och Drottning Sofias Guldbr\u00f6llopsminne<\/p>\n<p>S\u00e4llskapet f\u00f6r Makarna Malmqvists minne<\/p>\n<p>&nbsp;<\/p>\n<h4><strong>Sommar p\u00e5 4H:<\/strong><\/h4>\n<p>Stiftelsen Oscar och Maria Ekmans Donationsfond<\/p>\n<p>Stiftelsen Lars Hiertas Minne<\/p>\n<p>Stiftelsen Oscar Hirsch Minne<\/p>\n<p>Kungliga s\u00e4llskapet Pro Patria<\/p>\n<p>Stiftelsen Ulf Lundahls minnesfond<\/p>\n<p>Stiftelsen kronprinsessan Margaretas minnesfond<\/p>\n<p>Svenska frimurare Ordern<\/p>\n<p>\u00c5hl\u00e9n-Stiftelsen<\/p>\n<p>Stiftelsen Karin och Ernst August B\u00e5ngs minne<\/p>\n<p>Helge Axsson Jonssons Stiftelse[\/vc_column_text][\/vc_column][vc_column width=&#8221;1\/2&#8243;][vc_column_text css=&#8221;&#8221;]<\/p>\n<h3>Under 2024 drev vi tv\u00e5 projekt: \u201d Fritid p\u00e5 4H\u201d och \u201dSommar p\u00e5 4H\u201d<\/h3>\n<p>Syftet var att alla barn i stadsdelen skulle f\u00e5 m\u00f6jlighet att komma i kontakt med djuren, v\u00e5r verksamhet och f\u00e5r en meningsfull fritid, d\u00e4rf\u00f6r bedrev vi dessa tv\u00e5 projekt.<\/p>\n<p>&nbsp;<\/p>\n<h3><strong>Fritid p\u00e5 4H<\/strong><\/h3>\n<p>Genom att erbjuda olika gratisaktiviteter med inriktning djur och natur b\u00e5de genom skola, fritidsaktiviteter och olika evenemangsdagar hoppas vi att vi ska n\u00e5 s\u00e5 m\u00e5nga barn som m\u00f6jligt i stadsdelen som annars inte haft m\u00f6jlighet att delta i v\u00e5ra aktiviteter. Vi kommer att ha kostnadsfria:<\/p>\n<ul>\n<li>Djursk\u00f6tarkurser<\/li>\n<li>Studiebes\u00f6k f\u00f6r f\u00f6rskola och skola<\/li>\n<li>Gratisaktiviteter p\u00e5 evenemangsdagar<\/li>\n<li>Ridterapi<\/li>\n<li>Ledarutveckling<\/li>\n<\/ul>\n<p><strong>Fritid p\u00e5 4H str\u00e4ckte sig under hela 2024 och n\u00e5dde 1159 barn.\u00a0<\/strong><\/p>\n<h3><strong>Sommar p\u00e5 4H<\/strong><\/h3>\n<p>Vi vill att barnen i v\u00e5r stadsdel ska f\u00e5 m\u00f6jlighet att g\u00e5 ett sommarl\u00e4ger helt kostnadsfritt!<\/p>\n<ul>\n<li>Dagl\u00e4gret \u00e4r fr\u00e5n 7 \u00e5r<\/li>\n<li>Man f\u00e5r anm\u00e4la sig till en vecka\/person<\/li>\n<li>Genom fondmedel erbjuder vi gratis l\u00e4gerplats p\u00e5 en sommarvecka.<\/li>\n<li>Barnen anm\u00e4ler sig via v\u00e5r aktivitetssida Antribe<\/li>\n<\/ul>\n<p><strong>Sommar p\u00e5 4H str\u00e4ckte sig under hela 2024 och n\u00e5dde 122 barn.\u00a0<\/strong>[\/vc_column_text][\/vc_column][\/vc_row]<\/p>\n<\/div>","protected":false},"excerpt":{"rendered":"<p>[vc_row][vc_column width=&#8221;1\/2&#8243;][vc_column_text css=&#8221;&#8221;] Bidragsgivare 2024 Fritid p\u00e5 4H: \u00c5hl\u00e9n-Stiftelsen Kronprinsessparets stiftelsen Stiftelsen Oscar Hirsch Minne SPP Stiftelsen kronprinsessan Margaretas minnesfond Stiftelsen Oscar och Maria Ekmans Donationsfond Stiftelsen Konung Oscar II\u2019s och Drottning Sofias Guldbr\u00f6llopsminne S\u00e4llskapet f\u00f6r Makarna Malmqvists minne &nbsp; Sommar p\u00e5 4H: Stiftelsen Oscar och Maria Ekmans Donationsfond Stiftelsen Lars Hiertas Minne Stiftelsen Oscar&nbsp; <a href=\"https:\/\/www.4h.se\/riddersvik\/projekt-2024\/\">&hellip; Read more <i class=\"glyphicon glyphicon-arrow-right\"><\/i><\/a><\/p>\n","protected":false},"author":222,"featured_media":0,"parent":0,"menu_order":0,"comment_status":"closed","ping_status":"closed","template":"","meta":{"_acf_changed":false,"footnotes":""},"class_list":["post-675","page","type-page","status-publish","hentry"],"acf":[],"yoast_head":"<!-- This site is optimized with the Yoast SEO plugin v27.4 - https:\/\/yoast.com\/product\/yoast-seo-wordpress\/ -->\n<title>Projekt 2024 - Riddersviks 4H-g\u00e5rd<\/title>\n<meta name=\"robots\" content=\"index, follow, max-snippet:-1, max-image-preview:large, max-video-preview:-1\" \/>\n<link rel=\"canonical\" href=\"https:\/\/www.4h.se\/riddersvik\/projekt-2024\/\" \/>\n<meta property=\"og:locale\" content=\"sv_SE\" \/>\n<meta property=\"og:type\" content=\"article\" \/>\n<meta property=\"og:title\" content=\"Projekt 2024 - Riddersviks 4H-g\u00e5rd\" \/>\n<meta property=\"og:description\" content=\"[vc_row][vc_column width=&#8221;1\/2&#8243;][vc_column_text css=&#8221;&#8221;] Bidragsgivare 2024 Fritid p\u00e5 4H: \u00c5hl\u00e9n-Stiftelsen Kronprinsessparets stiftelsen Stiftelsen Oscar Hirsch Minne SPP Stiftelsen kronprinsessan Margaretas minnesfond Stiftelsen Oscar och Maria Ekmans Donationsfond Stiftelsen Konung Oscar II\u2019s och Drottning Sofias Guldbr\u00f6llopsminne S\u00e4llskapet f\u00f6r Makarna Malmqvists minne &nbsp; Sommar p\u00e5 4H: Stiftelsen Oscar och Maria Ekmans Donationsfond Stiftelsen Lars Hiertas Minne Stiftelsen Oscar&nbsp; &hellip; Read more\" \/>\n<meta property=\"og:url\" content=\"https:\/\/www.4h.se\/riddersvik\/projekt-2024\/\" \/>\n<meta property=\"og:site_name\" content=\"Riddersviks 4H-g\u00e5rd\" \/>\n<meta property=\"article:modified_time\" content=\"2025-04-16T12:47:34+00:00\" \/>\n<meta name=\"twitter:card\" content=\"summary_large_image\" \/>\n<script type=\"application\/ld+json\" class=\"yoast-schema-graph\">{\"@context\":\"https:\\\/\\\/schema.org\",\"@graph\":[{\"@type\":\"WebPage\",\"@id\":\"https:\\\/\\\/www.4h.se\\\/riddersvik\\\/projekt-2024\\\/\",\"url\":\"https:\\\/\\\/www.4h.se\\\/riddersvik\\\/projekt-2024\\\/\",\"name\":\"Projekt 2024 - Riddersviks 4H-g\u00e5rd\",\"isPartOf\":{\"@id\":\"https:\\\/\\\/www.4h.se\\\/riddersvik\\\/#website\"},\"datePublished\":\"2025-04-16T12:42:49+00:00\",\"dateModified\":\"2025-04-16T12:47:34+00:00\",\"breadcrumb\":{\"@id\":\"https:\\\/\\\/www.4h.se\\\/riddersvik\\\/projekt-2024\\\/#breadcrumb\"},\"inLanguage\":\"sv-SE\",\"potentialAction\":[{\"@type\":\"ReadAction\",\"target\":[\"https:\\\/\\\/www.4h.se\\\/riddersvik\\\/projekt-2024\\\/\"]}]},{\"@type\":\"BreadcrumbList\",\"@id\":\"https:\\\/\\\/www.4h.se\\\/riddersvik\\\/projekt-2024\\\/#breadcrumb\",\"itemListElement\":[{\"@type\":\"ListItem\",\"position\":1,\"name\":\"Hem\",\"item\":\"https:\\\/\\\/www.4h.se\\\/riddersvik\\\/\"},{\"@type\":\"ListItem\",\"position\":2,\"name\":\"Projekt 2024\"}]},{\"@type\":\"WebSite\",\"@id\":\"https:\\\/\\\/www.4h.se\\\/riddersvik\\\/#website\",\"url\":\"https:\\\/\\\/www.4h.se\\\/riddersvik\\\/\",\"name\":\"Riddersviks 4H-g\u00e5rd\",\"description\":\"\",\"potentialAction\":[{\"@type\":\"SearchAction\",\"target\":{\"@type\":\"EntryPoint\",\"urlTemplate\":\"https:\\\/\\\/www.4h.se\\\/riddersvik\\\/?s={search_term_string}\"},\"query-input\":{\"@type\":\"PropertyValueSpecification\",\"valueRequired\":true,\"valueName\":\"search_term_string\"}}],\"inLanguage\":\"sv-SE\"}]}<\/script>\n<!-- \/ Yoast SEO plugin. -->","yoast_head_json":{"title":"Projekt 2024 - Riddersviks 4H-g\u00e5rd","robots":{"index":"index","follow":"follow","max-snippet":"max-snippet:-1","max-image-preview":"max-image-preview:large","max-video-preview":"max-video-preview:-1"},"canonical":"https:\/\/www.4h.se\/riddersvik\/projekt-2024\/","og_locale":"sv_SE","og_type":"article","og_title":"Projekt 2024 - Riddersviks 4H-g\u00e5rd","og_description":"[vc_row][vc_column width=&#8221;1\/2&#8243;][vc_column_text css=&#8221;&#8221;] Bidragsgivare 2024 Fritid p\u00e5 4H: \u00c5hl\u00e9n-Stiftelsen Kronprinsessparets stiftelsen Stiftelsen Oscar Hirsch Minne SPP Stiftelsen kronprinsessan Margaretas minnesfond Stiftelsen Oscar och Maria Ekmans Donationsfond Stiftelsen Konung Oscar II\u2019s och Drottning Sofias Guldbr\u00f6llopsminne S\u00e4llskapet f\u00f6r Makarna Malmqvists minne &nbsp; Sommar p\u00e5 4H: Stiftelsen Oscar och Maria Ekmans Donationsfond Stiftelsen Lars Hiertas Minne Stiftelsen Oscar&nbsp; &hellip; Read more","og_url":"https:\/\/www.4h.se\/riddersvik\/projekt-2024\/","og_site_name":"Riddersviks 4H-g\u00e5rd","article_modified_time":"2025-04-16T12:47:34+00:00","twitter_card":"summary_large_image","schema":{"@context":"https:\/\/schema.org","@graph":[{"@type":"WebPage","@id":"https:\/\/www.4h.se\/riddersvik\/projekt-2024\/","url":"https:\/\/www.4h.se\/riddersvik\/projekt-2024\/","name":"Projekt 2024 - Riddersviks 4H-g\u00e5rd","isPartOf":{"@id":"https:\/\/www.4h.se\/riddersvik\/#website"},"datePublished":"2025-04-16T12:42:49+00:00","dateModified":"2025-04-16T12:47:34+00:00","breadcrumb":{"@id":"https:\/\/www.4h.se\/riddersvik\/projekt-2024\/#breadcrumb"},"inLanguage":"sv-SE","potentialAction":[{"@type":"ReadAction","target":["https:\/\/www.4h.se\/riddersvik\/projekt-2024\/"]}]},{"@type":"BreadcrumbList","@id":"https:\/\/www.4h.se\/riddersvik\/projekt-2024\/#breadcrumb","itemListElement":[{"@type":"ListItem","position":1,"name":"Hem","item":"https:\/\/www.4h.se\/riddersvik\/"},{"@type":"ListItem","position":2,"name":"Projekt 2024"}]},{"@type":"WebSite","@id":"https:\/\/www.4h.se\/riddersvik\/#website","url":"https:\/\/www.4h.se\/riddersvik\/","name":"Riddersviks 4H-g\u00e5rd","description":"","potentialAction":[{"@type":"SearchAction","target":{"@type":"EntryPoint","urlTemplate":"https:\/\/www.4h.se\/riddersvik\/?s={search_term_string}"},"query-input":{"@type":"PropertyValueSpecification","valueRequired":true,"valueName":"search_term_string"}}],"inLanguage":"sv-SE"}]}},"_links":{"self":[{"href":"https:\/\/www.4h.se\/riddersvik\/wp-json\/wp\/v2\/pages\/675","targetHints":{"allow":["GET"]}}],"collection":[{"href":"https:\/\/www.4h.se\/riddersvik\/wp-json\/wp\/v2\/pages"}],"about":[{"href":"https:\/\/www.4h.se\/riddersvik\/wp-json\/wp\/v2\/types\/page"}],"author":[{"embeddable":true,"href":"https:\/\/www.4h.se\/riddersvik\/wp-json\/wp\/v2\/users\/222"}],"replies":[{"embeddable":true,"href":"https:\/\/www.4h.se\/riddersvik\/wp-json\/wp\/v2\/comments?post=675"}],"version-history":[{"count":0,"href":"https:\/\/www.4h.se\/riddersvik\/wp-json\/wp\/v2\/pages\/675\/revisions"}],"wp:attachment":[{"href":"https:\/\/www.4h.se\/riddersvik\/wp-json\/wp\/v2\/media?parent=675"}],"curies":[{"name":"wp","href":"https:\/\/api.w.org\/{rel}","templated":true}]}}