



{"id":558,"date":"2023-03-07T09:47:45","date_gmt":"2023-03-07T08:47:45","guid":{"rendered":"https:\/\/www.4h.se\/riddersvik\/?page_id=558"},"modified":"2026-04-22T10:14:52","modified_gmt":"2026-04-22T08:14:52","slug":"event","status":"publish","type":"page","link":"https:\/\/www.4h.se\/riddersvik\/event\/","title":{"rendered":"4H dag"},"content":{"rendered":"<div class=\"wpb-content-wrapper\"><p>[vc_row][vc_column][vc_column_text css=&#8221;&#8221;]<\/p>\n<h1>4H dag 10 maj<\/h1>\n<h4>kl 12:00-15:00<\/h4>\n<p>V\u00e4lkommen till v\u00e5rens f\u00f6rsta 4H-dag!<\/p>\n<h4>Aktiviteter som finns:<\/h4>\n<p>H\u00e4st och vagn<\/p>\n<p>Fiskdamm<\/p>\n<p>Caf\u00e9<\/p>\n<p>Tipsrunda<\/p>\n<p><img loading=\"lazy\" decoding=\"async\" class=\"alignnone size-medium wp-image-682\" src=\"https:\/\/www.4h.se\/riddersvik\/wp-content\/uploads\/sites\/129\/2025\/04\/1000018558-225x300.jpg\" alt=\"\" width=\"225\" height=\"300\" srcset=\"https:\/\/www.4h.se\/riddersvik\/wp-content\/uploads\/sites\/129\/2025\/04\/1000018558-225x300.jpg 225w, https:\/\/www.4h.se\/riddersvik\/wp-content\/uploads\/sites\/129\/2025\/04\/1000018558-768x1024.jpg 768w, https:\/\/www.4h.se\/riddersvik\/wp-content\/uploads\/sites\/129\/2025\/04\/1000018558-113x150.jpg 113w, https:\/\/www.4h.se\/riddersvik\/wp-content\/uploads\/sites\/129\/2025\/04\/1000018558-1152x1536.jpg 1152w, https:\/\/www.4h.se\/riddersvik\/wp-content\/uploads\/sites\/129\/2025\/04\/1000018558-1536x2048.jpg 1536w, https:\/\/www.4h.se\/riddersvik\/wp-content\/uploads\/sites\/129\/2025\/04\/1000018558-scaled.jpg 1920w\" sizes=\"auto, (max-width: 225px) 100vw, 225px\" \/>[\/vc_column_text][\/vc_column][\/vc_row]<\/p>\n<\/div>","protected":false},"excerpt":{"rendered":"<p>[vc_row][vc_column][vc_column_text css=&#8221;&#8221;] 4H dag 10 maj kl 12:00-15:00 V\u00e4lkommen till v\u00e5rens f\u00f6rsta 4H-dag! Aktiviteter som finns: H\u00e4st och vagn Fiskdamm Caf\u00e9 Tipsrunda [\/vc_column_text][\/vc_column][\/vc_row]<\/p>\n","protected":false},"author":222,"featured_media":0,"parent":0,"menu_order":3,"comment_status":"closed","ping_status":"closed","template":"","meta":{"_acf_changed":false,"footnotes":""},"class_list":["post-558","page","type-page","status-publish","hentry"],"acf":[],"yoast_head":"<!-- This site is optimized with the Yoast SEO plugin v27.4 - https:\/\/yoast.com\/product\/yoast-seo-wordpress\/ -->\n<title>4H dag - Riddersviks 4H-g\u00e5rd<\/title>\n<meta name=\"robots\" content=\"index, follow, max-snippet:-1, max-image-preview:large, max-video-preview:-1\" \/>\n<link rel=\"canonical\" href=\"https:\/\/www.4h.se\/riddersvik\/event\/\" \/>\n<meta property=\"og:locale\" content=\"sv_SE\" \/>\n<meta property=\"og:type\" content=\"article\" \/>\n<meta property=\"og:title\" content=\"4H dag - Riddersviks 4H-g\u00e5rd\" \/>\n<meta property=\"og:description\" content=\"[vc_row][vc_column][vc_column_text css=&#8221;&#8221;] 4H dag 10 maj kl 12:00-15:00 V\u00e4lkommen till v\u00e5rens f\u00f6rsta 4H-dag! Aktiviteter som finns: H\u00e4st och vagn Fiskdamm Caf\u00e9 Tipsrunda [\/vc_column_text][\/vc_column][\/vc_row]\" \/>\n<meta property=\"og:url\" content=\"https:\/\/www.4h.se\/riddersvik\/event\/\" \/>\n<meta property=\"og:site_name\" content=\"Riddersviks 4H-g\u00e5rd\" \/>\n<meta property=\"article:modified_time\" content=\"2026-04-22T08:14:52+00:00\" \/>\n<meta property=\"og:image\" content=\"https:\/\/www.4h.se\/riddersvik\/wp-content\/uploads\/sites\/129\/2025\/04\/1000018558-scaled.jpg\" \/>\n\t<meta property=\"og:image:width\" content=\"1920\" \/>\n\t<meta property=\"og:image:height\" content=\"2560\" \/>\n\t<meta property=\"og:image:type\" content=\"image\/jpeg\" \/>\n<meta name=\"twitter:card\" content=\"summary_large_image\" \/>\n<script type=\"application\/ld+json\" class=\"yoast-schema-graph\">{\"@context\":\"https:\\\/\\\/schema.org\",\"@graph\":[{\"@type\":\"WebPage\",\"@id\":\"https:\\\/\\\/www.4h.se\\\/riddersvik\\\/event\\\/\",\"url\":\"https:\\\/\\\/www.4h.se\\\/riddersvik\\\/event\\\/\",\"name\":\"4H dag - Riddersviks 4H-g\u00e5rd\",\"isPartOf\":{\"@id\":\"https:\\\/\\\/www.4h.se\\\/riddersvik\\\/#website\"},\"primaryImageOfPage\":{\"@id\":\"https:\\\/\\\/www.4h.se\\\/riddersvik\\\/event\\\/#primaryimage\"},\"image\":{\"@id\":\"https:\\\/\\\/www.4h.se\\\/riddersvik\\\/event\\\/#primaryimage\"},\"thumbnailUrl\":\"https:\\\/\\\/www.4h.se\\\/riddersvik\\\/wp-content\\\/uploads\\\/sites\\\/129\\\/2025\\\/04\\\/1000018558-225x300.jpg\",\"datePublished\":\"2023-03-07T08:47:45+00:00\",\"dateModified\":\"2026-04-22T08:14:52+00:00\",\"breadcrumb\":{\"@id\":\"https:\\\/\\\/www.4h.se\\\/riddersvik\\\/event\\\/#breadcrumb\"},\"inLanguage\":\"sv-SE\",\"potentialAction\":[{\"@type\":\"ReadAction\",\"target\":[\"https:\\\/\\\/www.4h.se\\\/riddersvik\\\/event\\\/\"]}]},{\"@type\":\"ImageObject\",\"inLanguage\":\"sv-SE\",\"@id\":\"https:\\\/\\\/www.4h.se\\\/riddersvik\\\/event\\\/#primaryimage\",\"url\":\"https:\\\/\\\/www.4h.se\\\/riddersvik\\\/wp-content\\\/uploads\\\/sites\\\/129\\\/2025\\\/04\\\/1000018558-scaled.jpg\",\"contentUrl\":\"https:\\\/\\\/www.4h.se\\\/riddersvik\\\/wp-content\\\/uploads\\\/sites\\\/129\\\/2025\\\/04\\\/1000018558-scaled.jpg\",\"width\":1920,\"height\":2560},{\"@type\":\"BreadcrumbList\",\"@id\":\"https:\\\/\\\/www.4h.se\\\/riddersvik\\\/event\\\/#breadcrumb\",\"itemListElement\":[{\"@type\":\"ListItem\",\"position\":1,\"name\":\"Hem\",\"item\":\"https:\\\/\\\/www.4h.se\\\/riddersvik\\\/\"},{\"@type\":\"ListItem\",\"position\":2,\"name\":\"4H dag\"}]},{\"@type\":\"WebSite\",\"@id\":\"https:\\\/\\\/www.4h.se\\\/riddersvik\\\/#website\",\"url\":\"https:\\\/\\\/www.4h.se\\\/riddersvik\\\/\",\"name\":\"Riddersviks 4H-g\u00e5rd\",\"description\":\"\",\"potentialAction\":[{\"@type\":\"SearchAction\",\"target\":{\"@type\":\"EntryPoint\",\"urlTemplate\":\"https:\\\/\\\/www.4h.se\\\/riddersvik\\\/?s={search_term_string}\"},\"query-input\":{\"@type\":\"PropertyValueSpecification\",\"valueRequired\":true,\"valueName\":\"search_term_string\"}}],\"inLanguage\":\"sv-SE\"}]}<\/script>\n<!-- \/ Yoast SEO plugin. -->","yoast_head_json":{"title":"4H dag - Riddersviks 4H-g\u00e5rd","robots":{"index":"index","follow":"follow","max-snippet":"max-snippet:-1","max-image-preview":"max-image-preview:large","max-video-preview":"max-video-preview:-1"},"canonical":"https:\/\/www.4h.se\/riddersvik\/event\/","og_locale":"sv_SE","og_type":"article","og_title":"4H dag - Riddersviks 4H-g\u00e5rd","og_description":"[vc_row][vc_column][vc_column_text css=&#8221;&#8221;] 4H dag 10 maj kl 12:00-15:00 V\u00e4lkommen till v\u00e5rens f\u00f6rsta 4H-dag! Aktiviteter som finns: H\u00e4st och vagn Fiskdamm Caf\u00e9 Tipsrunda [\/vc_column_text][\/vc_column][\/vc_row]","og_url":"https:\/\/www.4h.se\/riddersvik\/event\/","og_site_name":"Riddersviks 4H-g\u00e5rd","article_modified_time":"2026-04-22T08:14:52+00:00","og_image":[{"width":1920,"height":2560,"url":"https:\/\/www.4h.se\/riddersvik\/wp-content\/uploads\/sites\/129\/2025\/04\/1000018558-scaled.jpg","type":"image\/jpeg"}],"twitter_card":"summary_large_image","schema":{"@context":"https:\/\/schema.org","@graph":[{"@type":"WebPage","@id":"https:\/\/www.4h.se\/riddersvik\/event\/","url":"https:\/\/www.4h.se\/riddersvik\/event\/","name":"4H dag - Riddersviks 4H-g\u00e5rd","isPartOf":{"@id":"https:\/\/www.4h.se\/riddersvik\/#website"},"primaryImageOfPage":{"@id":"https:\/\/www.4h.se\/riddersvik\/event\/#primaryimage"},"image":{"@id":"https:\/\/www.4h.se\/riddersvik\/event\/#primaryimage"},"thumbnailUrl":"https:\/\/www.4h.se\/riddersvik\/wp-content\/uploads\/sites\/129\/2025\/04\/1000018558-225x300.jpg","datePublished":"2023-03-07T08:47:45+00:00","dateModified":"2026-04-22T08:14:52+00:00","breadcrumb":{"@id":"https:\/\/www.4h.se\/riddersvik\/event\/#breadcrumb"},"inLanguage":"sv-SE","potentialAction":[{"@type":"ReadAction","target":["https:\/\/www.4h.se\/riddersvik\/event\/"]}]},{"@type":"ImageObject","inLanguage":"sv-SE","@id":"https:\/\/www.4h.se\/riddersvik\/event\/#primaryimage","url":"https:\/\/www.4h.se\/riddersvik\/wp-content\/uploads\/sites\/129\/2025\/04\/1000018558-scaled.jpg","contentUrl":"https:\/\/www.4h.se\/riddersvik\/wp-content\/uploads\/sites\/129\/2025\/04\/1000018558-scaled.jpg","width":1920,"height":2560},{"@type":"BreadcrumbList","@id":"https:\/\/www.4h.se\/riddersvik\/event\/#breadcrumb","itemListElement":[{"@type":"ListItem","position":1,"name":"Hem","item":"https:\/\/www.4h.se\/riddersvik\/"},{"@type":"ListItem","position":2,"name":"4H dag"}]},{"@type":"WebSite","@id":"https:\/\/www.4h.se\/riddersvik\/#website","url":"https:\/\/www.4h.se\/riddersvik\/","name":"Riddersviks 4H-g\u00e5rd","description":"","potentialAction":[{"@type":"SearchAction","target":{"@type":"EntryPoint","urlTemplate":"https:\/\/www.4h.se\/riddersvik\/?s={search_term_string}"},"query-input":{"@type":"PropertyValueSpecification","valueRequired":true,"valueName":"search_term_string"}}],"inLanguage":"sv-SE"}]}},"_links":{"self":[{"href":"https:\/\/www.4h.se\/riddersvik\/wp-json\/wp\/v2\/pages\/558","targetHints":{"allow":["GET"]}}],"collection":[{"href":"https:\/\/www.4h.se\/riddersvik\/wp-json\/wp\/v2\/pages"}],"about":[{"href":"https:\/\/www.4h.se\/riddersvik\/wp-json\/wp\/v2\/types\/page"}],"author":[{"embeddable":true,"href":"https:\/\/www.4h.se\/riddersvik\/wp-json\/wp\/v2\/users\/222"}],"replies":[{"embeddable":true,"href":"https:\/\/www.4h.se\/riddersvik\/wp-json\/wp\/v2\/comments?post=558"}],"version-history":[{"count":0,"href":"https:\/\/www.4h.se\/riddersvik\/wp-json\/wp\/v2\/pages\/558\/revisions"}],"wp:attachment":[{"href":"https:\/\/www.4h.se\/riddersvik\/wp-json\/wp\/v2\/media?parent=558"}],"curies":[{"name":"wp","href":"https:\/\/api.w.org\/{rel}","templated":true}]}}