



{"id":533,"date":"2022-06-28T15:22:56","date_gmt":"2022-06-28T13:22:56","guid":{"rendered":"http:\/\/www.4h.se\/riddersvik\/?page_id=533"},"modified":"2026-03-04T11:04:54","modified_gmt":"2026-03-04T10:04:54","slug":"gratislager","status":"publish","type":"page","link":"https:\/\/www.4h.se\/riddersvik\/gratislager\/","title":{"rendered":"Gratisl\u00e4ger"},"content":{"rendered":"<div class=\"wpb-content-wrapper\"><p>[vc_row][vc_column][vc_column_text css=&#8221;&#8221;]<\/p>\n<h1>GRATISL\u00c4GER F\u00d6R barn i v\u00e5r stadsdel<\/h1>\n<p style=\"text-align: left;\"><span style=\"color: inherit;\">Riddersviks 4H arbetar aktivt med att s\u00f6ka bidrag fr\u00e5n fonder och stiftelser f\u00f6r att kunna erbjuda kostnadsfria l\u00e4gerplatser. Syftet \u00e4r att ge barn i stadsdelen m\u00f6jlighet att gratis delta i en rolig och l\u00e4rorik verksamhet d\u00e4r de f\u00e5r nya v\u00e4nner, uppt\u00e4cker naturen och provar nya aktiviteter. <\/span><\/p>\n<p style=\"text-align: left;\"><span style=\"color: inherit;\">M\u00e5let \u00e4r att fler ska f\u00e5 upp \u00f6gonen f\u00f6r 4H som fritidsaktivitet och se vilka m\u00f6jligheter som finns i n\u00e4romr\u00e5det. Vi vill att alla barn som vill ska kunna delta i 4H:s aktiviteter.<\/span><\/p>\n<p><strong><span style=\"color: #ff0000;\">Gratisplatser l\u00e4ggs upp p\u00e5 anm\u00e4lningssidan, g\u00e5 in p\u00e5 l\u00e4nken nedan f\u00f6r att se om det finns n\u00e5gra aktuella gratisplatser.<\/span><\/strong><\/p>\n<h3 style=\"text-align: left;\"><a style=\"background-color: #ffffff;\" href=\"https:\/\/www.antribe.com\/org\/4h\/spanga-by-4h-tensta-4h\/event\/sportlovslager-7-1\/groupsignuplist\">anm\u00e4l dig h\u00e4r<\/a><\/h3>\n<p>&nbsp;<\/p>\n<h4 style=\"text-align: center;\"><\/h4>\n<p>[\/vc_column_text][vc_column_text css=&#8221;&#8221;]<\/p>\n<h5 style=\"text-align: center;\"><\/h5>\n<p>&nbsp;[\/vc_column_text][\/vc_column][\/vc_row]<\/p>\n<\/div>","protected":false},"excerpt":{"rendered":"<p>[vc_row][vc_column][vc_column_text css=&#8221;&#8221;] GRATISL\u00c4GER F\u00d6R barn i v\u00e5r stadsdel Riddersviks 4H arbetar aktivt med att s\u00f6ka bidrag fr\u00e5n fonder och stiftelser f\u00f6r att kunna erbjuda kostnadsfria l\u00e4gerplatser. Syftet \u00e4r att ge barn i stadsdelen m\u00f6jlighet att gratis delta i en rolig och l\u00e4rorik verksamhet d\u00e4r de f\u00e5r nya v\u00e4nner, uppt\u00e4cker naturen och provar nya aktiviteter. M\u00e5let&nbsp; <a href=\"https:\/\/www.4h.se\/riddersvik\/gratislager\/\">&hellip; Read more <i class=\"glyphicon glyphicon-arrow-right\"><\/i><\/a><\/p>\n","protected":false},"author":222,"featured_media":0,"parent":0,"menu_order":16,"comment_status":"closed","ping_status":"closed","template":"","meta":{"_acf_changed":false,"footnotes":""},"class_list":["post-533","page","type-page","status-publish","hentry"],"acf":[],"yoast_head":"<!-- This site is optimized with the Yoast SEO plugin v27.4 - https:\/\/yoast.com\/product\/yoast-seo-wordpress\/ -->\n<title>Gratisl\u00e4ger - Riddersviks 4H-g\u00e5rd<\/title>\n<meta name=\"robots\" content=\"index, follow, max-snippet:-1, max-image-preview:large, max-video-preview:-1\" \/>\n<link rel=\"canonical\" href=\"https:\/\/www.4h.se\/riddersvik\/gratislager\/\" \/>\n<meta property=\"og:locale\" content=\"sv_SE\" \/>\n<meta property=\"og:type\" content=\"article\" \/>\n<meta property=\"og:title\" content=\"Gratisl\u00e4ger - Riddersviks 4H-g\u00e5rd\" \/>\n<meta property=\"og:description\" content=\"[vc_row][vc_column][vc_column_text css=&#8221;&#8221;] GRATISL\u00c4GER F\u00d6R barn i v\u00e5r stadsdel Riddersviks 4H arbetar aktivt med att s\u00f6ka bidrag fr\u00e5n fonder och stiftelser f\u00f6r att kunna erbjuda kostnadsfria l\u00e4gerplatser. Syftet \u00e4r att ge barn i stadsdelen m\u00f6jlighet att gratis delta i en rolig och l\u00e4rorik verksamhet d\u00e4r de f\u00e5r nya v\u00e4nner, uppt\u00e4cker naturen och provar nya aktiviteter. M\u00e5let&nbsp; &hellip; Read more\" \/>\n<meta property=\"og:url\" content=\"https:\/\/www.4h.se\/riddersvik\/gratislager\/\" \/>\n<meta property=\"og:site_name\" content=\"Riddersviks 4H-g\u00e5rd\" \/>\n<meta property=\"article:modified_time\" content=\"2026-03-04T10:04:54+00:00\" \/>\n<meta name=\"twitter:card\" content=\"summary_large_image\" \/>\n<meta name=\"twitter:label1\" content=\"Ber\u00e4knad l\u00e4stid\" \/>\n\t<meta name=\"twitter:data1\" content=\"1 minut\" \/>\n<script type=\"application\/ld+json\" class=\"yoast-schema-graph\">{\"@context\":\"https:\\\/\\\/schema.org\",\"@graph\":[{\"@type\":\"WebPage\",\"@id\":\"https:\\\/\\\/www.4h.se\\\/riddersvik\\\/gratislager\\\/\",\"url\":\"https:\\\/\\\/www.4h.se\\\/riddersvik\\\/gratislager\\\/\",\"name\":\"Gratisl\u00e4ger - Riddersviks 4H-g\u00e5rd\",\"isPartOf\":{\"@id\":\"https:\\\/\\\/www.4h.se\\\/riddersvik\\\/#website\"},\"datePublished\":\"2022-06-28T13:22:56+00:00\",\"dateModified\":\"2026-03-04T10:04:54+00:00\",\"breadcrumb\":{\"@id\":\"https:\\\/\\\/www.4h.se\\\/riddersvik\\\/gratislager\\\/#breadcrumb\"},\"inLanguage\":\"sv-SE\",\"potentialAction\":[{\"@type\":\"ReadAction\",\"target\":[\"https:\\\/\\\/www.4h.se\\\/riddersvik\\\/gratislager\\\/\"]}]},{\"@type\":\"BreadcrumbList\",\"@id\":\"https:\\\/\\\/www.4h.se\\\/riddersvik\\\/gratislager\\\/#breadcrumb\",\"itemListElement\":[{\"@type\":\"ListItem\",\"position\":1,\"name\":\"Hem\",\"item\":\"https:\\\/\\\/www.4h.se\\\/riddersvik\\\/\"},{\"@type\":\"ListItem\",\"position\":2,\"name\":\"Gratisl\u00e4ger\"}]},{\"@type\":\"WebSite\",\"@id\":\"https:\\\/\\\/www.4h.se\\\/riddersvik\\\/#website\",\"url\":\"https:\\\/\\\/www.4h.se\\\/riddersvik\\\/\",\"name\":\"Riddersviks 4H-g\u00e5rd\",\"description\":\"\",\"potentialAction\":[{\"@type\":\"SearchAction\",\"target\":{\"@type\":\"EntryPoint\",\"urlTemplate\":\"https:\\\/\\\/www.4h.se\\\/riddersvik\\\/?s={search_term_string}\"},\"query-input\":{\"@type\":\"PropertyValueSpecification\",\"valueRequired\":true,\"valueName\":\"search_term_string\"}}],\"inLanguage\":\"sv-SE\"}]}<\/script>\n<!-- \/ Yoast SEO plugin. -->","yoast_head_json":{"title":"Gratisl\u00e4ger - Riddersviks 4H-g\u00e5rd","robots":{"index":"index","follow":"follow","max-snippet":"max-snippet:-1","max-image-preview":"max-image-preview:large","max-video-preview":"max-video-preview:-1"},"canonical":"https:\/\/www.4h.se\/riddersvik\/gratislager\/","og_locale":"sv_SE","og_type":"article","og_title":"Gratisl\u00e4ger - Riddersviks 4H-g\u00e5rd","og_description":"[vc_row][vc_column][vc_column_text css=&#8221;&#8221;] GRATISL\u00c4GER F\u00d6R barn i v\u00e5r stadsdel Riddersviks 4H arbetar aktivt med att s\u00f6ka bidrag fr\u00e5n fonder och stiftelser f\u00f6r att kunna erbjuda kostnadsfria l\u00e4gerplatser. Syftet \u00e4r att ge barn i stadsdelen m\u00f6jlighet att gratis delta i en rolig och l\u00e4rorik verksamhet d\u00e4r de f\u00e5r nya v\u00e4nner, uppt\u00e4cker naturen och provar nya aktiviteter. M\u00e5let&nbsp; &hellip; Read more","og_url":"https:\/\/www.4h.se\/riddersvik\/gratislager\/","og_site_name":"Riddersviks 4H-g\u00e5rd","article_modified_time":"2026-03-04T10:04:54+00:00","twitter_card":"summary_large_image","twitter_misc":{"Ber\u00e4knad l\u00e4stid":"1 minut"},"schema":{"@context":"https:\/\/schema.org","@graph":[{"@type":"WebPage","@id":"https:\/\/www.4h.se\/riddersvik\/gratislager\/","url":"https:\/\/www.4h.se\/riddersvik\/gratislager\/","name":"Gratisl\u00e4ger - Riddersviks 4H-g\u00e5rd","isPartOf":{"@id":"https:\/\/www.4h.se\/riddersvik\/#website"},"datePublished":"2022-06-28T13:22:56+00:00","dateModified":"2026-03-04T10:04:54+00:00","breadcrumb":{"@id":"https:\/\/www.4h.se\/riddersvik\/gratislager\/#breadcrumb"},"inLanguage":"sv-SE","potentialAction":[{"@type":"ReadAction","target":["https:\/\/www.4h.se\/riddersvik\/gratislager\/"]}]},{"@type":"BreadcrumbList","@id":"https:\/\/www.4h.se\/riddersvik\/gratislager\/#breadcrumb","itemListElement":[{"@type":"ListItem","position":1,"name":"Hem","item":"https:\/\/www.4h.se\/riddersvik\/"},{"@type":"ListItem","position":2,"name":"Gratisl\u00e4ger"}]},{"@type":"WebSite","@id":"https:\/\/www.4h.se\/riddersvik\/#website","url":"https:\/\/www.4h.se\/riddersvik\/","name":"Riddersviks 4H-g\u00e5rd","description":"","potentialAction":[{"@type":"SearchAction","target":{"@type":"EntryPoint","urlTemplate":"https:\/\/www.4h.se\/riddersvik\/?s={search_term_string}"},"query-input":{"@type":"PropertyValueSpecification","valueRequired":true,"valueName":"search_term_string"}}],"inLanguage":"sv-SE"}]}},"_links":{"self":[{"href":"https:\/\/www.4h.se\/riddersvik\/wp-json\/wp\/v2\/pages\/533","targetHints":{"allow":["GET"]}}],"collection":[{"href":"https:\/\/www.4h.se\/riddersvik\/wp-json\/wp\/v2\/pages"}],"about":[{"href":"https:\/\/www.4h.se\/riddersvik\/wp-json\/wp\/v2\/types\/page"}],"author":[{"embeddable":true,"href":"https:\/\/www.4h.se\/riddersvik\/wp-json\/wp\/v2\/users\/222"}],"replies":[{"embeddable":true,"href":"https:\/\/www.4h.se\/riddersvik\/wp-json\/wp\/v2\/comments?post=533"}],"version-history":[{"count":0,"href":"https:\/\/www.4h.se\/riddersvik\/wp-json\/wp\/v2\/pages\/533\/revisions"}],"wp:attachment":[{"href":"https:\/\/www.4h.se\/riddersvik\/wp-json\/wp\/v2\/media?parent=533"}],"curies":[{"name":"wp","href":"https:\/\/api.w.org\/{rel}","templated":true}]}}