



{"id":493,"date":"2022-01-31T19:47:04","date_gmt":"2022-01-31T18:47:04","guid":{"rendered":"http:\/\/www.4h.se\/riddersvik\/?page_id=493"},"modified":"2025-08-05T14:34:15","modified_gmt":"2025-08-05T12:34:15","slug":"sponsorer","status":"publish","type":"page","link":"https:\/\/www.4h.se\/riddersvik\/sponsorer\/","title":{"rendered":"Sponsorer"},"content":{"rendered":"<div class=\"wpb-content-wrapper\"><p>[vc_row][vc_column][vc_column_text css=&#8221;&#8221;]<img loading=\"lazy\" decoding=\"async\" class=\"\" src=\"https:\/\/www.4h.se\/riddersvik\/wp-content\/uploads\/sites\/129\/2024\/07\/Dogman-logga.jpg\" alt=\"Dogman logga - Riddersviks 4H-g\u00e5rd\" width=\"261\" height=\"156\"><\/p>\n<h4>Dogman i barkarby sponsrar g\u00e5rden med b\u00e5de saker till djuren och arbetskl\u00e4der.<\/h4>\n<p>[\/vc_column_text][\/vc_column][\/vc_row][vc_row][vc_column][vc_column_text css=&#8221;&#8221;]<\/p>\n<h4><img loading=\"lazy\" decoding=\"async\" class=\"alignnone size-medium wp-image-657\" src=\"https:\/\/www.4h.se\/riddersvik\/wp-content\/uploads\/sites\/129\/2024\/07\/OoB-logga-skrivstil-470x162.png\" alt=\"\" width=\"470\" height=\"162\" srcset=\"https:\/\/www.4h.se\/riddersvik\/wp-content\/uploads\/sites\/129\/2024\/07\/OoB-logga-skrivstil-470x162.png 470w, https:\/\/www.4h.se\/riddersvik\/wp-content\/uploads\/sites\/129\/2024\/07\/OoB-logga-skrivstil-970x335.png 970w, https:\/\/www.4h.se\/riddersvik\/wp-content\/uploads\/sites\/129\/2024\/07\/OoB-logga-skrivstil-170x59.png 170w, https:\/\/www.4h.se\/riddersvik\/wp-content\/uploads\/sites\/129\/2024\/07\/OoB-logga-skrivstil-768x266.png 768w, https:\/\/www.4h.se\/riddersvik\/wp-content\/uploads\/sites\/129\/2024\/07\/OoB-logga-skrivstil-1536x531.png 1536w, https:\/\/www.4h.se\/riddersvik\/wp-content\/uploads\/sites\/129\/2024\/07\/OoB-logga-skrivstil.png 1805w\" sizes=\"auto, (max-width: 470px) 100vw, 470px\" \/><\/h4>\n<h4>\u00d6oB i barkarby sponsrar g\u00e5rden med allt ifr\u00e5n priser till v\u00e5ra 4H dagar till kattmat och Mycket sm\u00e5tt och gott som beh\u00f6vs!<\/h4>\n<p>&nbsp;<\/p>\n<p>&nbsp;[\/vc_column_text][vc_column_text]<img loading=\"lazy\" decoding=\"async\" class=\"alignnone size-medium wp-image-604\" src=\"https:\/\/www.4h.se\/riddersvik\/wp-content\/uploads\/sites\/129\/2023\/06\/Logga-hembygdsforeningen-457x300.jpg\" alt=\"\" width=\"457\" height=\"300\" srcset=\"https:\/\/www.4h.se\/riddersvik\/wp-content\/uploads\/sites\/129\/2023\/06\/Logga-hembygdsforeningen-457x300.jpg 457w, https:\/\/www.4h.se\/riddersvik\/wp-content\/uploads\/sites\/129\/2023\/06\/Logga-hembygdsforeningen-170x112.jpg 170w, https:\/\/www.4h.se\/riddersvik\/wp-content\/uploads\/sites\/129\/2023\/06\/Logga-hembygdsforeningen.jpg 465w\" sizes=\"auto, (max-width: 457px) 100vw, 457px\" \/><\/p>\n<h4>H\u00e4sselby Hembygdsf\u00f6rening har varit med och sponsrat en del av v\u00e5rat h\u00f6nshus<\/h4>\n<p>[\/vc_column_text][vc_column_text]<img loading=\"lazy\" decoding=\"async\" class=\"alignnone size-full wp-image-624\" src=\"https:\/\/www.4h.se\/riddersvik\/wp-content\/uploads\/sites\/129\/2023\/11\/6_Faringe.jpg\" alt=\"\" width=\"456\" height=\"100\" srcset=\"https:\/\/www.4h.se\/riddersvik\/wp-content\/uploads\/sites\/129\/2023\/11\/6_Faringe.jpg 456w, https:\/\/www.4h.se\/riddersvik\/wp-content\/uploads\/sites\/129\/2023\/11\/6_Faringe-170x37.jpg 170w\" sizes=\"auto, (max-width: 456px) 100vw, 456px\" \/><\/p>\n<h4>XL BYGG i Faringe sponsrar oss med byggmaterial till g\u00e5rden<\/h4>\n<p>[\/vc_column_text][\/vc_column][\/vc_row]<\/p>\n<\/div>","protected":false},"excerpt":{"rendered":"<p>[vc_row][vc_column][vc_column_text css=&#8221;&#8221;] Dogman i barkarby sponsrar g\u00e5rden med b\u00e5de saker till djuren och arbetskl\u00e4der. [\/vc_column_text][\/vc_column][\/vc_row][vc_row][vc_column][vc_column_text css=&#8221;&#8221;] \u00d6oB i barkarby sponsrar g\u00e5rden med allt ifr\u00e5n priser till v\u00e5ra 4H dagar till kattmat och Mycket sm\u00e5tt och gott som beh\u00f6vs! &nbsp; &nbsp;[\/vc_column_text][vc_column_text] H\u00e4sselby Hembygdsf\u00f6rening har varit med och sponsrat en del av v\u00e5rat h\u00f6nshus [\/vc_column_text][vc_column_text] XL BYGG&nbsp; <a href=\"https:\/\/www.4h.se\/riddersvik\/sponsorer\/\">&hellip; Read more <i class=\"glyphicon glyphicon-arrow-right\"><\/i><\/a><\/p>\n","protected":false},"author":222,"featured_media":0,"parent":0,"menu_order":33,"comment_status":"closed","ping_status":"closed","template":"","meta":{"_acf_changed":false,"footnotes":""},"class_list":["post-493","page","type-page","status-publish","hentry"],"acf":[],"yoast_head":"<!-- This site is optimized with the Yoast SEO plugin v27.4 - https:\/\/yoast.com\/product\/yoast-seo-wordpress\/ -->\n<title>Sponsorer - Riddersviks 4H-g\u00e5rd<\/title>\n<meta name=\"robots\" content=\"index, follow, max-snippet:-1, max-image-preview:large, max-video-preview:-1\" \/>\n<link rel=\"canonical\" href=\"https:\/\/www.4h.se\/riddersvik\/sponsorer\/\" \/>\n<meta property=\"og:locale\" content=\"sv_SE\" \/>\n<meta property=\"og:type\" content=\"article\" \/>\n<meta property=\"og:title\" content=\"Sponsorer - Riddersviks 4H-g\u00e5rd\" \/>\n<meta property=\"og:description\" content=\"[vc_row][vc_column][vc_column_text css=&#8221;&#8221;] Dogman i barkarby sponsrar g\u00e5rden med b\u00e5de saker till djuren och arbetskl\u00e4der. [\/vc_column_text][\/vc_column][\/vc_row][vc_row][vc_column][vc_column_text css=&#8221;&#8221;] \u00d6oB i barkarby sponsrar g\u00e5rden med allt ifr\u00e5n priser till v\u00e5ra 4H dagar till kattmat och Mycket sm\u00e5tt och gott som beh\u00f6vs! &nbsp; &nbsp;[\/vc_column_text][vc_column_text] H\u00e4sselby Hembygdsf\u00f6rening har varit med och sponsrat en del av v\u00e5rat h\u00f6nshus [\/vc_column_text][vc_column_text] XL BYGG&nbsp; &hellip; Read more\" \/>\n<meta property=\"og:url\" content=\"https:\/\/www.4h.se\/riddersvik\/sponsorer\/\" \/>\n<meta property=\"og:site_name\" content=\"Riddersviks 4H-g\u00e5rd\" \/>\n<meta property=\"article:modified_time\" content=\"2025-08-05T12:34:15+00:00\" \/>\n<meta property=\"og:image\" content=\"https:\/\/www.4h.se\/riddersvik\/wp-content\/uploads\/sites\/129\/2024\/07\/Dogman-logga.jpg\" \/>\n<meta name=\"twitter:card\" content=\"summary_large_image\" \/>\n<meta name=\"twitter:label1\" content=\"Ber\u00e4knad l\u00e4stid\" \/>\n\t<meta name=\"twitter:data1\" content=\"1 minut\" \/>\n<script type=\"application\/ld+json\" class=\"yoast-schema-graph\">{\"@context\":\"https:\\\/\\\/schema.org\",\"@graph\":[{\"@type\":\"WebPage\",\"@id\":\"https:\\\/\\\/www.4h.se\\\/riddersvik\\\/sponsorer\\\/\",\"url\":\"https:\\\/\\\/www.4h.se\\\/riddersvik\\\/sponsorer\\\/\",\"name\":\"Sponsorer - Riddersviks 4H-g\u00e5rd\",\"isPartOf\":{\"@id\":\"https:\\\/\\\/www.4h.se\\\/riddersvik\\\/#website\"},\"primaryImageOfPage\":{\"@id\":\"https:\\\/\\\/www.4h.se\\\/riddersvik\\\/sponsorer\\\/#primaryimage\"},\"image\":{\"@id\":\"https:\\\/\\\/www.4h.se\\\/riddersvik\\\/sponsorer\\\/#primaryimage\"},\"thumbnailUrl\":\"https:\\\/\\\/www.4h.se\\\/riddersvik\\\/wp-content\\\/uploads\\\/sites\\\/129\\\/2024\\\/07\\\/Dogman-logga.jpg\",\"datePublished\":\"2022-01-31T18:47:04+00:00\",\"dateModified\":\"2025-08-05T12:34:15+00:00\",\"breadcrumb\":{\"@id\":\"https:\\\/\\\/www.4h.se\\\/riddersvik\\\/sponsorer\\\/#breadcrumb\"},\"inLanguage\":\"sv-SE\",\"potentialAction\":[{\"@type\":\"ReadAction\",\"target\":[\"https:\\\/\\\/www.4h.se\\\/riddersvik\\\/sponsorer\\\/\"]}]},{\"@type\":\"ImageObject\",\"inLanguage\":\"sv-SE\",\"@id\":\"https:\\\/\\\/www.4h.se\\\/riddersvik\\\/sponsorer\\\/#primaryimage\",\"url\":\"https:\\\/\\\/www.4h.se\\\/riddersvik\\\/wp-content\\\/uploads\\\/sites\\\/129\\\/2024\\\/07\\\/Dogman-logga.jpg\",\"contentUrl\":\"https:\\\/\\\/www.4h.se\\\/riddersvik\\\/wp-content\\\/uploads\\\/sites\\\/129\\\/2024\\\/07\\\/Dogman-logga.jpg\",\"width\":640,\"height\":383},{\"@type\":\"BreadcrumbList\",\"@id\":\"https:\\\/\\\/www.4h.se\\\/riddersvik\\\/sponsorer\\\/#breadcrumb\",\"itemListElement\":[{\"@type\":\"ListItem\",\"position\":1,\"name\":\"Hem\",\"item\":\"https:\\\/\\\/www.4h.se\\\/riddersvik\\\/\"},{\"@type\":\"ListItem\",\"position\":2,\"name\":\"Sponsorer\"}]},{\"@type\":\"WebSite\",\"@id\":\"https:\\\/\\\/www.4h.se\\\/riddersvik\\\/#website\",\"url\":\"https:\\\/\\\/www.4h.se\\\/riddersvik\\\/\",\"name\":\"Riddersviks 4H-g\u00e5rd\",\"description\":\"\",\"potentialAction\":[{\"@type\":\"SearchAction\",\"target\":{\"@type\":\"EntryPoint\",\"urlTemplate\":\"https:\\\/\\\/www.4h.se\\\/riddersvik\\\/?s={search_term_string}\"},\"query-input\":{\"@type\":\"PropertyValueSpecification\",\"valueRequired\":true,\"valueName\":\"search_term_string\"}}],\"inLanguage\":\"sv-SE\"}]}<\/script>\n<!-- \/ Yoast SEO plugin. -->","yoast_head_json":{"title":"Sponsorer - Riddersviks 4H-g\u00e5rd","robots":{"index":"index","follow":"follow","max-snippet":"max-snippet:-1","max-image-preview":"max-image-preview:large","max-video-preview":"max-video-preview:-1"},"canonical":"https:\/\/www.4h.se\/riddersvik\/sponsorer\/","og_locale":"sv_SE","og_type":"article","og_title":"Sponsorer - Riddersviks 4H-g\u00e5rd","og_description":"[vc_row][vc_column][vc_column_text css=&#8221;&#8221;] Dogman i barkarby sponsrar g\u00e5rden med b\u00e5de saker till djuren och arbetskl\u00e4der. [\/vc_column_text][\/vc_column][\/vc_row][vc_row][vc_column][vc_column_text css=&#8221;&#8221;] \u00d6oB i barkarby sponsrar g\u00e5rden med allt ifr\u00e5n priser till v\u00e5ra 4H dagar till kattmat och Mycket sm\u00e5tt och gott som beh\u00f6vs! &nbsp; &nbsp;[\/vc_column_text][vc_column_text] H\u00e4sselby Hembygdsf\u00f6rening har varit med och sponsrat en del av v\u00e5rat h\u00f6nshus [\/vc_column_text][vc_column_text] XL BYGG&nbsp; &hellip; Read more","og_url":"https:\/\/www.4h.se\/riddersvik\/sponsorer\/","og_site_name":"Riddersviks 4H-g\u00e5rd","article_modified_time":"2025-08-05T12:34:15+00:00","og_image":[{"url":"https:\/\/www.4h.se\/riddersvik\/wp-content\/uploads\/sites\/129\/2024\/07\/Dogman-logga.jpg","type":"","width":"","height":""}],"twitter_card":"summary_large_image","twitter_misc":{"Ber\u00e4knad l\u00e4stid":"1 minut"},"schema":{"@context":"https:\/\/schema.org","@graph":[{"@type":"WebPage","@id":"https:\/\/www.4h.se\/riddersvik\/sponsorer\/","url":"https:\/\/www.4h.se\/riddersvik\/sponsorer\/","name":"Sponsorer - Riddersviks 4H-g\u00e5rd","isPartOf":{"@id":"https:\/\/www.4h.se\/riddersvik\/#website"},"primaryImageOfPage":{"@id":"https:\/\/www.4h.se\/riddersvik\/sponsorer\/#primaryimage"},"image":{"@id":"https:\/\/www.4h.se\/riddersvik\/sponsorer\/#primaryimage"},"thumbnailUrl":"https:\/\/www.4h.se\/riddersvik\/wp-content\/uploads\/sites\/129\/2024\/07\/Dogman-logga.jpg","datePublished":"2022-01-31T18:47:04+00:00","dateModified":"2025-08-05T12:34:15+00:00","breadcrumb":{"@id":"https:\/\/www.4h.se\/riddersvik\/sponsorer\/#breadcrumb"},"inLanguage":"sv-SE","potentialAction":[{"@type":"ReadAction","target":["https:\/\/www.4h.se\/riddersvik\/sponsorer\/"]}]},{"@type":"ImageObject","inLanguage":"sv-SE","@id":"https:\/\/www.4h.se\/riddersvik\/sponsorer\/#primaryimage","url":"https:\/\/www.4h.se\/riddersvik\/wp-content\/uploads\/sites\/129\/2024\/07\/Dogman-logga.jpg","contentUrl":"https:\/\/www.4h.se\/riddersvik\/wp-content\/uploads\/sites\/129\/2024\/07\/Dogman-logga.jpg","width":640,"height":383},{"@type":"BreadcrumbList","@id":"https:\/\/www.4h.se\/riddersvik\/sponsorer\/#breadcrumb","itemListElement":[{"@type":"ListItem","position":1,"name":"Hem","item":"https:\/\/www.4h.se\/riddersvik\/"},{"@type":"ListItem","position":2,"name":"Sponsorer"}]},{"@type":"WebSite","@id":"https:\/\/www.4h.se\/riddersvik\/#website","url":"https:\/\/www.4h.se\/riddersvik\/","name":"Riddersviks 4H-g\u00e5rd","description":"","potentialAction":[{"@type":"SearchAction","target":{"@type":"EntryPoint","urlTemplate":"https:\/\/www.4h.se\/riddersvik\/?s={search_term_string}"},"query-input":{"@type":"PropertyValueSpecification","valueRequired":true,"valueName":"search_term_string"}}],"inLanguage":"sv-SE"}]}},"_links":{"self":[{"href":"https:\/\/www.4h.se\/riddersvik\/wp-json\/wp\/v2\/pages\/493","targetHints":{"allow":["GET"]}}],"collection":[{"href":"https:\/\/www.4h.se\/riddersvik\/wp-json\/wp\/v2\/pages"}],"about":[{"href":"https:\/\/www.4h.se\/riddersvik\/wp-json\/wp\/v2\/types\/page"}],"author":[{"embeddable":true,"href":"https:\/\/www.4h.se\/riddersvik\/wp-json\/wp\/v2\/users\/222"}],"replies":[{"embeddable":true,"href":"https:\/\/www.4h.se\/riddersvik\/wp-json\/wp\/v2\/comments?post=493"}],"version-history":[{"count":0,"href":"https:\/\/www.4h.se\/riddersvik\/wp-json\/wp\/v2\/pages\/493\/revisions"}],"wp:attachment":[{"href":"https:\/\/www.4h.se\/riddersvik\/wp-json\/wp\/v2\/media?parent=493"}],"curies":[{"name":"wp","href":"https:\/\/api.w.org\/{rel}","templated":true}]}}