



{"id":436,"date":"2022-01-12T18:59:31","date_gmt":"2022-01-12T17:59:31","guid":{"rendered":"http:\/\/www.4h.se\/riddersvik\/?page_id=436"},"modified":"2026-03-04T12:27:24","modified_gmt":"2026-03-04T11:27:24","slug":"anmalan-kurser","status":"publish","type":"page","link":"https:\/\/www.4h.se\/riddersvik\/hem\/anmalan-kurser\/","title":{"rendered":"Anm\u00e4lan kurser"},"content":{"rendered":"<div class=\"wpb-content-wrapper\"><p>[vc_row][vc_column][vc_column_text css=&#8221;&#8221;]<\/p>\n<h1 style=\"text-align: center;\"><span style=\"color: #215229;\">kurser v\u00e5ren 2026<\/span><\/h1>\n<h4 style=\"text-align: center;\"><\/h4>\n<p>[\/vc_column_text][vc_column_text css=&#8221;&#8221;]<\/p>\n<h2 id=\"ctl00_contentPlaceHolder__B1_readPanel_\" style=\"text-align: center;\"><span style=\"color: #215229;\">Anm\u00e4l dig till kurserna<\/span>&nbsp;<a href=\"https:\/\/www.antribe.com\/org\/4h\/spanga-by-4h-tensta-4h\/event\">H\u00c4R<\/a><\/h2>\n<p style=\"text-align: center;\"><strong>OBS!<\/strong> Om du redan har ett konto p\u00e5 Antribe logga in INNAN du trycker p\u00e5 l\u00e4nken.<\/p>\n<p style=\"text-align: center;\">Os\u00e4ker p\u00e5 om du f\u00e5tt plats? Du f\u00e5r en faktura p\u00e5 mailen s\u00e5 fort ditt barn har en plats p\u00e5&nbsp;kursen<\/p>\n<h4 class=\"x_elementToProof\" style=\"text-align: center;\"><\/h4>\n<p>[\/vc_column_text][vc_separator color=&#8221;green&#8221; style=&#8221;shadow&#8221; border_width=&#8221;4&#8243;][vc_row_inner][vc_column_inner][vc_column_text css=&#8221;&#8221;]<\/p>\n<h2 style=\"text-align: center;\"><span style=\"color: #215229;\"><strong>V\u00e5ra kurser<\/strong><\/span><\/h2>\n<p style=\"text-align: left;\">Vi erbjuder kurser under b\u00e5de v\u00e5r- och h\u00f6sttermin f\u00f6r barn och ungdomar fr\u00e5n 7 \u00e5r och upp\u00e5t. V\u00e5r verksamhet \u00e4r av unga, f\u00f6r unga, vilket inneb\u00e4r att kurserna leds av g\u00e5rdens ungdomsledare med st\u00f6d fr\u00e5n v\u00e5r personal.<\/p>\n<p style=\"text-align: left;\">F\u00f6r de som vill utveckla sitt ledarskap finns s\u00e4rskilda<strong>ledarkurser<\/strong>&nbsp;fr\u00e5n 10 \u00e5r.<\/p>\n<p style=\"text-align: left;\">F\u00f6r v\u00e5ra yngsta medlemmar, barn mellan 4\u20136 \u00e5r, har vi Mini 4H \u2013 kortare kurser p\u00e5 fyra tillf\u00e4llen d\u00e4r barnen f\u00e5r l\u00e4ra k\u00e4nna g\u00e5rdens djur.<br \/>\nDu kan l\u00e4sa mer om Mini 4H under fliken&nbsp;<strong>\u201dM<\/strong><strong>ini 4H\u201d<\/strong>.<\/p>\n<p style=\"text-align: left;\">F\u00f6r dig som \u00e4r intresserad av h\u00e4star erbjuder vi dessutom en s\u00e4rskild&nbsp;<strong>h\u00e4stkurs<\/strong>&nbsp;d\u00e4r du f\u00e5r l\u00e4ra dig mer om h\u00e4starnas sk\u00f6tsel, vanliga sjukdomar och foder. Under kursen f\u00e5r du \u00e4ven prova p\u00e5 ridning, k\u00f6rning och t\u00f6mk\u00f6rning.<\/p>\n<p>[\/vc_column_text][\/vc_column_inner][\/vc_row_inner][\/vc_column][\/vc_row][vc_row][vc_column width=&#8221;1\/2&#8243;][vc_column_text css=&#8221;&#8221;]<\/p>\n<h2><span style=\"color: #215229;\"><strong>&nbsp;DJURSK\u00d6TARKURS<\/strong><\/span><\/h2>\n<h4><\/h4>\n<p>Djursk\u00f6tarkurser fr\u00e5n 7 \u00e5r.<\/p>\n<p>Barnen f\u00e5r l\u00e4ra sig att sk\u00f6ta om alla djur som bor p\u00e5 g\u00e5rden, det \u00e4r f\u00e5r, kaniner, minigrisar, h\u00f6ns, h\u00e4star och katter. Vi provar ocks\u00e5 p\u00e5 andra aktiviteter s\u00e5 som ridning, h\u00e4st och vagn, pyssel, hantverk, odling och bakning. Vi tar djurk\u00f6rkort p\u00e5 de olika djuren och l\u00e4r oss b\u00e5de teori och praktik i djurhantering. Sj\u00e4lvklart s\u00e5 gosar vi och h\u00e4nger med djuren ocks\u00e5!<\/p>\n<p><strong>Dag: M\u00e5ndagar och Onsdagar (v\u00e4lj dag vid bokning)<\/strong><\/p>\n<p><strong>Tid: 16.00-17.15<\/strong><\/p>\n<p><strong>Period: v.10-22<\/strong><\/p>\n<p><strong>Kostnad: 1200kr<\/strong>[\/vc_column_text][vc_column_text css=&#8221;&#8221;]<\/p>\n<h2 style=\"text-align: left;\" align=\"center\"><span style=\"color: #215229;\"><strong>MINILEDARKURS<\/strong><\/span><\/h2>\n<p style=\"text-align: left;\" align=\"center\">F\u00f6r dig som fyllt 10 \u00e5r och tidigare deltagit i djursk\u00f6tarkurs minst en termin tidigare, alt. g\u00e5tt p\u00e5 flera sommarl\u00e4ger. Miniledarkursen \u00e4r f\u00f6rberedande f\u00f6r dig som vill bli ungdomsledare p\u00e5 g\u00e5rden. P\u00e5 kursen l\u00e4r vi oss om hur man blir en bra ledare och hur man ska t\u00e4nka n\u00e4r man l\u00e4r n\u00e5gon annan. Vi sk\u00f6ter om alla g\u00e5rdens djur och tar ett mer avancerat djurk\u00f6rkort f\u00f6r alla v\u00e5ra djurslag. Det kombineras teori och praktiskt arbete och vi provar p\u00e5 allt fr\u00e5n att klippa kaninklor till att k\u00f6ra h\u00e4st och vagn.<\/p>\n<p style=\"text-align: left;\" align=\"center\"><strong>Dag: Torsdagar<\/strong><\/p>\n<p><strong>Tid: 16.00-17.15<\/strong><\/p>\n<p><strong>Period: v.10-22<\/strong><\/p>\n<p><strong>Kostnad: 1200kr<\/strong><\/p>\n<p>&nbsp;<\/p>\n<p>&nbsp;<\/p>\n<h2 style=\"text-align: left;\" align=\"center\"><span style=\"color: #215229;\"><strong>Vad \u00e4r en miniledare?<\/strong><\/span><\/h2>\n<p>Som f\u00e4rdig miniledare f\u00e5r ditt barn vara med p\u00e5 olika roliga ledaraktiviteter s\u00e5 som middagar, \u00f6vernattningar och ledarresor. Miniledarna f\u00e5r ocks\u00e5 tillg\u00e5ng till olika kurser och man f\u00e5r chansen att l\u00e4ra sig b\u00e5de att t\u00f6mk\u00f6ra och k\u00f6ra h\u00e4st och vagn. Det finns en m\u00e4ngd olika ledarkurser, l\u00e4ger och 4H kurser via stockholms l\u00e4ns 4H och riks 4H. Allt detta \u00e4r gratis f\u00f6r ledarna! I geng\u00e4ld f\u00f6r alla aktiviteter de f\u00e5r \u00e5ka p\u00e5 s\u00e5 hj\u00e4lper de till p\u00e5 g\u00e5rden med djursk\u00f6tarkurser, l\u00e4ger, barnkalas m.m. Det brukar vara b\u00e5de utvecklande och roligt att bli miniledare och det skapas en h\u00e4rlig gemenskap mellan ungdomarna som \u00e4r allt ifr\u00e5n 11-18 \u00e5r.[\/vc_column_text][vc_column_text css=&#8221;&#8221;]<\/p>\n<h2 style=\"text-align: left;\" align=\"center\"><span style=\"color: #215229;\">MINI&nbsp;4H<\/span><\/h2>\n<p style=\"text-align: left;\"><strong>Kurs f\u00f6r barn mellan 4-6 \u00e5r med olika aktiviteter s\u00e5 som ridning, kaninpromenad, f\u00e5rpromenad och kretslopp. Aktiviteterna \u00e4ndras beroende p\u00e5 \u00e5rstid, deltagare och v\u00e4der. Vi tr\u00e4ffar g\u00e5rdens djur och l\u00e4r oss lite om dem samtidigt som vi klappar och myser.<\/strong><\/p>\n<p style=\"text-align: left;\"><strong>F\u00f6r\u00e4lder eller annan vuxen \u00e4r med i n\u00e4rheten vid tillf\u00e4llena.<\/strong><\/p>\n<h3><span style=\"color: #0000ff;\"><span style=\"color: #ff0000;\">Omg\u00e5ng 1: v.12-14<\/span><\/span><\/h3>\n<h3><span style=\"color: #ff0000;\">Omg\u00e5ng 2: v.16-18<\/span><\/h3>\n<h3><span style=\"color: #ff0000;\">Omg\u00e5ng 3: v.19-21<\/span><\/h3>\n<p><strong>Dag: M\u00e5ndagar<\/strong><\/p>\n<p><strong>Tid: 15.30-16.30<\/strong><\/p>\n<p><strong>Kostnad: 300kr<\/strong><\/p>\n<p>&nbsp;[\/vc_column_text][\/vc_column][vc_column width=&#8221;1\/2&#8243;][vc_column_text css=&#8221;&#8221;]<\/p>\n<h2><span style=\"color: #215229;\"><strong>H\u00c4STKURS<\/strong><\/span><\/h2>\n<h4><\/h4>\n<p>H\u00e4stgrupp fr\u00e5n 7 \u00e5r och upp\u00e5t. H\u00e4r f\u00e5r du l\u00e4ra dig mer om h\u00e4sten och dess sk\u00f6tsel, samt prova p\u00e5 ridning, olika delar av h\u00e4stens sk\u00f6tsel, k\u00f6rning och t\u00f6mk\u00f6rning. Vi tr\u00e4ffar v\u00e5ra fina ponnys och l\u00e4r k\u00e4nna dem lite b\u00e4ttre.<\/p>\n<p><strong>Dag: Tisdagar<\/strong><\/p>\n<p><strong>Tid: 16.00-17.15<\/strong><\/p>\n<p><strong>Period: v.10-22<\/strong><\/p>\n<p><strong>Kostnad: 1200kr<\/strong><\/p>\n<p>&nbsp;[\/vc_column_text][vc_column_text css=&#8221;&#8221;]<\/p>\n<h2><span style=\"color: #215229;\"><strong>H\u00e4stkurs och -k\u00f6rKURS f\u00f6r barn mellan 10-12 \u00e5r<\/strong><\/span><\/h2>\n<p>H\u00e4stgrupp fr\u00e5n 10 \u00e5r. H\u00e4st och -k\u00f6rkursen \u00e4r f\u00f6r lite \u00e4ldre barn som vill l\u00e4ra sig b\u00e5de teori och praktik kring h\u00e4star och k\u00f6rning med h\u00e4st. Vi testar p\u00e5 t\u00f6mk\u00f6rning, sk\u00f6ter h\u00e4starnas stallsysslor, testar k\u00f6rning med olika typer av vagnar, selning, sk\u00f6tsel av utrustningen och borstar och myser med dem.<\/p>\n<p><strong>Dag: Onsdagar<\/strong><\/p>\n<p><strong>Tid: 16.00-17.15<\/strong><\/p>\n<p><strong>Period: v.10-22<\/strong><\/p>\n<p><strong>Kostnad: 1200kr<\/strong><\/p>\n<p>&nbsp;[\/vc_column_text][\/vc_column][\/vc_row][vc_row][vc_column][vc_separator color=&#8221;green&#8221; border_width=&#8221;4&#8243;][vc_column_text css=&#8221;&#8221;]<\/p>\n<p style=\"text-align: center;\">\n<p>&nbsp;<\/p>\n<h4 class=\"x_elementToProof\" style=\"text-align: center;\" data-olk-copy-source=\"MessageBody\"><\/h4>\n<h4 class=\"x_elementToProof\" style=\"text-align: center;\">Om ditt barn har s\u00e4rskilda behov eller beh\u00f6ver extra st\u00f6d kan en v\u00e5rdnadshavare eller assistent f\u00f6lja med p\u00e5 aktiviteten.<\/h4>\n<h4 class=\"x_elementToProof\" style=\"text-align: center;\"><\/h4>\n<p>[\/vc_column_text][vc_separator color=&#8221;green&#8221; border_width=&#8221;4&#8243;][\/vc_column][\/vc_row][vc_row][vc_column width=&#8221;1\/2&#8243;][vc_column_text css=&#8221;&#8221;]<\/p>\n<div class=\"block-container text-part part maskable normaltext-type\">\n<div class=\"block-object\">\n<h4 id=\"ctl00_contentPlaceHolder__B1_readPanel_\" style=\"text-align: center;\"><span style=\"color: #215229;\"><strong>MEDLEMSKAP<\/strong><\/span><\/h4>\n<\/div>\n<\/div>\n<div class=\"block-container text-part part maskable normaltext-type\">\n<div class=\"block-object\">\n<p style=\"text-align: center;\">F\u00f6r att g\u00e5 p\u00e5\u00a0v\u00e5ra kurser\u00a0m\u00e5ste\u00a0<strong>ditt barn<\/strong> bli medlem i riddersviks 4H-klubb, detta kostar 320kr per \u00e5r. \u00c4r inte barnet redan medlem s\u00e5 skapas en medlemsfaktura automatiskt n\u00e4r ni anm\u00e4ler er till kursen.<\/p>\n<p style=\"text-align: center;\">Som medlem f\u00e5r du \u00e4ven tillg\u00e5ng till v\u00e5ra l\u00e4ger, rabatt p\u00e5 15 minuters och 30 minuters ridningar m.m<\/p>\n<\/div>\n<\/div>\n<p>[\/vc_column_text][\/vc_column][vc_column width=&#8221;1\/2&#8243;][vc_column_text]<\/p>\n<h4 style=\"text-align: center;\"><span style=\"color: #215229;\"><strong>AVBOKNING<\/strong><\/span><\/h4>\n<p style=\"text-align: center;\">Avbokning skall ske senast tv\u00e5 veckor f\u00f6re kursens start, I annat fall betalas inte avgiften \u00e5ter. Vid sjukdom \u00e5terbetalas hela avgiften mot uppvisande av l\u00e4karintyg. Medlemsavgiften \u00e5terbetalas ej.<\/p>\n<p>[\/vc_column_text][\/vc_column][\/vc_row]<\/p>\n<\/div>","protected":false},"excerpt":{"rendered":"<p>[vc_row][vc_column][vc_column_text css=&#8221;&#8221;] kurser v\u00e5ren 2026 [\/vc_column_text][vc_column_text css=&#8221;&#8221;] Anm\u00e4l dig till kurserna&nbsp;H\u00c4R OBS! Om du redan har ett konto p\u00e5 Antribe logga in INNAN du trycker p\u00e5 l\u00e4nken. Os\u00e4ker p\u00e5 om du f\u00e5tt plats? Du f\u00e5r en faktura p\u00e5 mailen s\u00e5 fort ditt barn har en plats p\u00e5&nbsp;kursen [\/vc_column_text][vc_separator color=&#8221;green&#8221; style=&#8221;shadow&#8221; border_width=&#8221;4&#8243;][vc_row_inner][vc_column_inner][vc_column_text css=&#8221;&#8221;] V\u00e5ra kurser Vi&nbsp; <a href=\"https:\/\/www.4h.se\/riddersvik\/hem\/anmalan-kurser\/\">&hellip; Read more <i class=\"glyphicon glyphicon-arrow-right\"><\/i><\/a><\/p>\n","protected":false},"author":222,"featured_media":0,"parent":39,"menu_order":0,"comment_status":"closed","ping_status":"closed","template":"","meta":{"_acf_changed":false,"footnotes":""},"class_list":["post-436","page","type-page","status-publish","hentry"],"acf":[],"yoast_head":"<!-- This site is optimized with the Yoast SEO plugin v27.4 - https:\/\/yoast.com\/product\/yoast-seo-wordpress\/ -->\n<title>Anm\u00e4lan kurser - Riddersviks 4H-g\u00e5rd<\/title>\n<meta name=\"robots\" content=\"index, follow, max-snippet:-1, max-image-preview:large, max-video-preview:-1\" \/>\n<link rel=\"canonical\" href=\"https:\/\/www.4h.se\/riddersvik\/hem\/anmalan-kurser\/\" \/>\n<meta property=\"og:locale\" content=\"sv_SE\" \/>\n<meta property=\"og:type\" content=\"article\" \/>\n<meta property=\"og:title\" content=\"Anm\u00e4lan kurser - Riddersviks 4H-g\u00e5rd\" \/>\n<meta property=\"og:description\" content=\"[vc_row][vc_column][vc_column_text css=&#8221;&#8221;] kurser v\u00e5ren 2026 [\/vc_column_text][vc_column_text css=&#8221;&#8221;] Anm\u00e4l dig till kurserna&nbsp;H\u00c4R OBS! Om du redan har ett konto p\u00e5 Antribe logga in INNAN du trycker p\u00e5 l\u00e4nken. Os\u00e4ker p\u00e5 om du f\u00e5tt plats? Du f\u00e5r en faktura p\u00e5 mailen s\u00e5 fort ditt barn har en plats p\u00e5&nbsp;kursen [\/vc_column_text][vc_separator color=&#8221;green&#8221; style=&#8221;shadow&#8221; border_width=&#8221;4&#8243;][vc_row_inner][vc_column_inner][vc_column_text css=&#8221;&#8221;] V\u00e5ra kurser Vi&nbsp; &hellip; Read more\" \/>\n<meta property=\"og:url\" content=\"https:\/\/www.4h.se\/riddersvik\/hem\/anmalan-kurser\/\" \/>\n<meta property=\"og:site_name\" content=\"Riddersviks 4H-g\u00e5rd\" \/>\n<meta property=\"article:modified_time\" content=\"2026-03-04T11:27:24+00:00\" \/>\n<meta name=\"twitter:card\" content=\"summary_large_image\" \/>\n<meta name=\"twitter:label1\" content=\"Ber\u00e4knad l\u00e4stid\" \/>\n\t<meta name=\"twitter:data1\" content=\"5 minuter\" \/>\n<script type=\"application\/ld+json\" class=\"yoast-schema-graph\">{\"@context\":\"https:\\\/\\\/schema.org\",\"@graph\":[{\"@type\":\"WebPage\",\"@id\":\"https:\\\/\\\/www.4h.se\\\/riddersvik\\\/hem\\\/anmalan-kurser\\\/\",\"url\":\"https:\\\/\\\/www.4h.se\\\/riddersvik\\\/hem\\\/anmalan-kurser\\\/\",\"name\":\"Anm\u00e4lan kurser - Riddersviks 4H-g\u00e5rd\",\"isPartOf\":{\"@id\":\"https:\\\/\\\/www.4h.se\\\/riddersvik\\\/#website\"},\"datePublished\":\"2022-01-12T17:59:31+00:00\",\"dateModified\":\"2026-03-04T11:27:24+00:00\",\"breadcrumb\":{\"@id\":\"https:\\\/\\\/www.4h.se\\\/riddersvik\\\/hem\\\/anmalan-kurser\\\/#breadcrumb\"},\"inLanguage\":\"sv-SE\",\"potentialAction\":[{\"@type\":\"ReadAction\",\"target\":[\"https:\\\/\\\/www.4h.se\\\/riddersvik\\\/hem\\\/anmalan-kurser\\\/\"]}]},{\"@type\":\"BreadcrumbList\",\"@id\":\"https:\\\/\\\/www.4h.se\\\/riddersvik\\\/hem\\\/anmalan-kurser\\\/#breadcrumb\",\"itemListElement\":[{\"@type\":\"ListItem\",\"position\":1,\"name\":\"Hem\",\"item\":\"https:\\\/\\\/www.4h.se\\\/riddersvik\\\/\"},{\"@type\":\"ListItem\",\"position\":2,\"name\":\"Startsida\",\"item\":\"https:\\\/\\\/www.4h.se\\\/riddersvik\\\/\"},{\"@type\":\"ListItem\",\"position\":3,\"name\":\"Anm\u00e4lan kurser\"}]},{\"@type\":\"WebSite\",\"@id\":\"https:\\\/\\\/www.4h.se\\\/riddersvik\\\/#website\",\"url\":\"https:\\\/\\\/www.4h.se\\\/riddersvik\\\/\",\"name\":\"Riddersviks 4H-g\u00e5rd\",\"description\":\"\",\"potentialAction\":[{\"@type\":\"SearchAction\",\"target\":{\"@type\":\"EntryPoint\",\"urlTemplate\":\"https:\\\/\\\/www.4h.se\\\/riddersvik\\\/?s={search_term_string}\"},\"query-input\":{\"@type\":\"PropertyValueSpecification\",\"valueRequired\":true,\"valueName\":\"search_term_string\"}}],\"inLanguage\":\"sv-SE\"}]}<\/script>\n<!-- \/ Yoast SEO plugin. -->","yoast_head_json":{"title":"Anm\u00e4lan kurser - Riddersviks 4H-g\u00e5rd","robots":{"index":"index","follow":"follow","max-snippet":"max-snippet:-1","max-image-preview":"max-image-preview:large","max-video-preview":"max-video-preview:-1"},"canonical":"https:\/\/www.4h.se\/riddersvik\/hem\/anmalan-kurser\/","og_locale":"sv_SE","og_type":"article","og_title":"Anm\u00e4lan kurser - Riddersviks 4H-g\u00e5rd","og_description":"[vc_row][vc_column][vc_column_text css=&#8221;&#8221;] kurser v\u00e5ren 2026 [\/vc_column_text][vc_column_text css=&#8221;&#8221;] Anm\u00e4l dig till kurserna&nbsp;H\u00c4R OBS! Om du redan har ett konto p\u00e5 Antribe logga in INNAN du trycker p\u00e5 l\u00e4nken. Os\u00e4ker p\u00e5 om du f\u00e5tt plats? Du f\u00e5r en faktura p\u00e5 mailen s\u00e5 fort ditt barn har en plats p\u00e5&nbsp;kursen [\/vc_column_text][vc_separator color=&#8221;green&#8221; style=&#8221;shadow&#8221; border_width=&#8221;4&#8243;][vc_row_inner][vc_column_inner][vc_column_text css=&#8221;&#8221;] V\u00e5ra kurser Vi&nbsp; &hellip; Read more","og_url":"https:\/\/www.4h.se\/riddersvik\/hem\/anmalan-kurser\/","og_site_name":"Riddersviks 4H-g\u00e5rd","article_modified_time":"2026-03-04T11:27:24+00:00","twitter_card":"summary_large_image","twitter_misc":{"Ber\u00e4knad l\u00e4stid":"5 minuter"},"schema":{"@context":"https:\/\/schema.org","@graph":[{"@type":"WebPage","@id":"https:\/\/www.4h.se\/riddersvik\/hem\/anmalan-kurser\/","url":"https:\/\/www.4h.se\/riddersvik\/hem\/anmalan-kurser\/","name":"Anm\u00e4lan kurser - Riddersviks 4H-g\u00e5rd","isPartOf":{"@id":"https:\/\/www.4h.se\/riddersvik\/#website"},"datePublished":"2022-01-12T17:59:31+00:00","dateModified":"2026-03-04T11:27:24+00:00","breadcrumb":{"@id":"https:\/\/www.4h.se\/riddersvik\/hem\/anmalan-kurser\/#breadcrumb"},"inLanguage":"sv-SE","potentialAction":[{"@type":"ReadAction","target":["https:\/\/www.4h.se\/riddersvik\/hem\/anmalan-kurser\/"]}]},{"@type":"BreadcrumbList","@id":"https:\/\/www.4h.se\/riddersvik\/hem\/anmalan-kurser\/#breadcrumb","itemListElement":[{"@type":"ListItem","position":1,"name":"Hem","item":"https:\/\/www.4h.se\/riddersvik\/"},{"@type":"ListItem","position":2,"name":"Startsida","item":"https:\/\/www.4h.se\/riddersvik\/"},{"@type":"ListItem","position":3,"name":"Anm\u00e4lan kurser"}]},{"@type":"WebSite","@id":"https:\/\/www.4h.se\/riddersvik\/#website","url":"https:\/\/www.4h.se\/riddersvik\/","name":"Riddersviks 4H-g\u00e5rd","description":"","potentialAction":[{"@type":"SearchAction","target":{"@type":"EntryPoint","urlTemplate":"https:\/\/www.4h.se\/riddersvik\/?s={search_term_string}"},"query-input":{"@type":"PropertyValueSpecification","valueRequired":true,"valueName":"search_term_string"}}],"inLanguage":"sv-SE"}]}},"_links":{"self":[{"href":"https:\/\/www.4h.se\/riddersvik\/wp-json\/wp\/v2\/pages\/436","targetHints":{"allow":["GET"]}}],"collection":[{"href":"https:\/\/www.4h.se\/riddersvik\/wp-json\/wp\/v2\/pages"}],"about":[{"href":"https:\/\/www.4h.se\/riddersvik\/wp-json\/wp\/v2\/types\/page"}],"author":[{"embeddable":true,"href":"https:\/\/www.4h.se\/riddersvik\/wp-json\/wp\/v2\/users\/222"}],"replies":[{"embeddable":true,"href":"https:\/\/www.4h.se\/riddersvik\/wp-json\/wp\/v2\/comments?post=436"}],"version-history":[{"count":0,"href":"https:\/\/www.4h.se\/riddersvik\/wp-json\/wp\/v2\/pages\/436\/revisions"}],"up":[{"embeddable":true,"href":"https:\/\/www.4h.se\/riddersvik\/wp-json\/wp\/v2\/pages\/39"}],"wp:attachment":[{"href":"https:\/\/www.4h.se\/riddersvik\/wp-json\/wp\/v2\/media?parent=436"}],"curies":[{"name":"wp","href":"https:\/\/api.w.org\/{rel}","templated":true}]}}