



{"id":285,"date":"2015-10-07T09:13:53","date_gmt":"2015-10-07T07:13:53","guid":{"rendered":"http:\/\/www.4h.se\/mall\/?page_id=285"},"modified":"2025-11-27T13:46:18","modified_gmt":"2025-11-27T12:46:18","slug":"bli-medlem","status":"publish","type":"page","link":"https:\/\/www.4h.se\/riddersvik\/bli-medlem\/","title":{"rendered":"Bli medlem"},"content":{"rendered":"<div class=\"wpb-content-wrapper\"><p>[vc_row][vc_column][vc_column_text]<\/p>\n<h2><span style=\"color: #215229\">Bli medlem i 4H och v\u00e5r klubb<\/span><\/h2>\n<p>[\/vc_column_text][\/vc_column][\/vc_row][vc_row][vc_column][vc_column_text css=&#8221;&#8221;]<\/p>\n<h4><\/h4>\n<p>Om du vill anm\u00e4la ditt barn till n\u00e5gon av v\u00e5ra aktiviteter s\u00e5 m\u00e5ste du l\u00f6sa medlemskap till barnet i riddersviks 4H-klubb<br \/>\ndet g\u00f6r du <strong><a href=\"https:\/\/www.antribe.com\/org\/4h\/spanga-by-4h-tensta-4h\/bli-medlem\">H\u00c4R<\/a><\/strong><\/p>\n<p><strong>T\u00e4nk p\u00e5 att det \u00e4r barnets namn och personnummer som ska fyllas i,&nbsp; eftersom det \u00e4r barnet som ska bli medlem och inte f\u00f6r\u00e4ldern!<\/strong><\/p>\n<div class=\"block-object\">\n<p>Medlemskapet kostar 320kr per \u00e5r.<br \/>\n\u00c4r du inte redan medlem s\u00e5 skapas en medlemsfaktura automatiskt n\u00e4r du anm\u00e4ler dig till aktiviteten.<\/p>\n<p>Som medlem f\u00e5r du \u00e4ven tillg\u00e5ng till alla v\u00e5ra l\u00e4ger och&nbsp; kurser, rabatt p\u00e5 15 minuters och 30 minuters ridningar m.m<\/p>\n<\/div>\n<p>&nbsp;<\/p>\n<p>&nbsp;[\/vc_column_text][\/vc_column][\/vc_row]<\/p>\n<\/div>","protected":false},"excerpt":{"rendered":"<p>[vc_row][vc_column][vc_column_text] Bli medlem i 4H och v\u00e5r klubb [\/vc_column_text][\/vc_column][\/vc_row][vc_row][vc_column][vc_column_text css=&#8221;&#8221;] Om du vill anm\u00e4la ditt barn till n\u00e5gon av v\u00e5ra aktiviteter s\u00e5 m\u00e5ste du l\u00f6sa medlemskap till barnet i riddersviks 4H-klubb det g\u00f6r du H\u00c4R T\u00e4nk p\u00e5 att det \u00e4r barnets namn och personnummer som ska fyllas i,&nbsp; eftersom det \u00e4r barnet som ska bli&nbsp; <a href=\"https:\/\/www.4h.se\/riddersvik\/bli-medlem\/\">&hellip; Read more <i class=\"glyphicon glyphicon-arrow-right\"><\/i><\/a><\/p>\n","protected":false},"author":1,"featured_media":0,"parent":0,"menu_order":19,"comment_status":"closed","ping_status":"closed","template":"","meta":{"_acf_changed":false,"footnotes":""},"class_list":["post-285","page","type-page","status-publish","hentry"],"acf":[],"yoast_head":"<!-- This site is optimized with the Yoast SEO plugin v27.4 - https:\/\/yoast.com\/product\/yoast-seo-wordpress\/ -->\n<title>Bli medlem - Riddersviks 4H-g\u00e5rd<\/title>\n<meta name=\"robots\" content=\"index, follow, max-snippet:-1, max-image-preview:large, max-video-preview:-1\" \/>\n<link rel=\"canonical\" href=\"https:\/\/www.4h.se\/riddersvik\/bli-medlem\/\" \/>\n<meta property=\"og:locale\" content=\"sv_SE\" \/>\n<meta property=\"og:type\" content=\"article\" \/>\n<meta property=\"og:title\" content=\"Bli medlem - Riddersviks 4H-g\u00e5rd\" \/>\n<meta property=\"og:description\" content=\"[vc_row][vc_column][vc_column_text] Bli medlem i 4H och v\u00e5r klubb [\/vc_column_text][\/vc_column][\/vc_row][vc_row][vc_column][vc_column_text css=&#8221;&#8221;] Om du vill anm\u00e4la ditt barn till n\u00e5gon av v\u00e5ra aktiviteter s\u00e5 m\u00e5ste du l\u00f6sa medlemskap till barnet i riddersviks 4H-klubb det g\u00f6r du H\u00c4R T\u00e4nk p\u00e5 att det \u00e4r barnets namn och personnummer som ska fyllas i,&nbsp; eftersom det \u00e4r barnet som ska bli&nbsp; &hellip; Read more\" \/>\n<meta property=\"og:url\" content=\"https:\/\/www.4h.se\/riddersvik\/bli-medlem\/\" \/>\n<meta property=\"og:site_name\" content=\"Riddersviks 4H-g\u00e5rd\" \/>\n<meta property=\"article:modified_time\" content=\"2025-11-27T12:46:18+00:00\" \/>\n<meta name=\"twitter:card\" content=\"summary_large_image\" \/>\n<meta name=\"twitter:label1\" content=\"Ber\u00e4knad l\u00e4stid\" \/>\n\t<meta name=\"twitter:data1\" content=\"1 minut\" \/>\n<script type=\"application\/ld+json\" class=\"yoast-schema-graph\">{\"@context\":\"https:\\\/\\\/schema.org\",\"@graph\":[{\"@type\":\"WebPage\",\"@id\":\"https:\\\/\\\/www.4h.se\\\/riddersvik\\\/bli-medlem\\\/\",\"url\":\"https:\\\/\\\/www.4h.se\\\/riddersvik\\\/bli-medlem\\\/\",\"name\":\"Bli medlem - Riddersviks 4H-g\u00e5rd\",\"isPartOf\":{\"@id\":\"https:\\\/\\\/www.4h.se\\\/riddersvik\\\/#website\"},\"datePublished\":\"2015-10-07T07:13:53+00:00\",\"dateModified\":\"2025-11-27T12:46:18+00:00\",\"breadcrumb\":{\"@id\":\"https:\\\/\\\/www.4h.se\\\/riddersvik\\\/bli-medlem\\\/#breadcrumb\"},\"inLanguage\":\"sv-SE\",\"potentialAction\":[{\"@type\":\"ReadAction\",\"target\":[\"https:\\\/\\\/www.4h.se\\\/riddersvik\\\/bli-medlem\\\/\"]}]},{\"@type\":\"BreadcrumbList\",\"@id\":\"https:\\\/\\\/www.4h.se\\\/riddersvik\\\/bli-medlem\\\/#breadcrumb\",\"itemListElement\":[{\"@type\":\"ListItem\",\"position\":1,\"name\":\"Hem\",\"item\":\"https:\\\/\\\/www.4h.se\\\/riddersvik\\\/\"},{\"@type\":\"ListItem\",\"position\":2,\"name\":\"Bli medlem\"}]},{\"@type\":\"WebSite\",\"@id\":\"https:\\\/\\\/www.4h.se\\\/riddersvik\\\/#website\",\"url\":\"https:\\\/\\\/www.4h.se\\\/riddersvik\\\/\",\"name\":\"Riddersviks 4H-g\u00e5rd\",\"description\":\"\",\"potentialAction\":[{\"@type\":\"SearchAction\",\"target\":{\"@type\":\"EntryPoint\",\"urlTemplate\":\"https:\\\/\\\/www.4h.se\\\/riddersvik\\\/?s={search_term_string}\"},\"query-input\":{\"@type\":\"PropertyValueSpecification\",\"valueRequired\":true,\"valueName\":\"search_term_string\"}}],\"inLanguage\":\"sv-SE\"}]}<\/script>\n<!-- \/ Yoast SEO plugin. -->","yoast_head_json":{"title":"Bli medlem - Riddersviks 4H-g\u00e5rd","robots":{"index":"index","follow":"follow","max-snippet":"max-snippet:-1","max-image-preview":"max-image-preview:large","max-video-preview":"max-video-preview:-1"},"canonical":"https:\/\/www.4h.se\/riddersvik\/bli-medlem\/","og_locale":"sv_SE","og_type":"article","og_title":"Bli medlem - Riddersviks 4H-g\u00e5rd","og_description":"[vc_row][vc_column][vc_column_text] Bli medlem i 4H och v\u00e5r klubb [\/vc_column_text][\/vc_column][\/vc_row][vc_row][vc_column][vc_column_text css=&#8221;&#8221;] Om du vill anm\u00e4la ditt barn till n\u00e5gon av v\u00e5ra aktiviteter s\u00e5 m\u00e5ste du l\u00f6sa medlemskap till barnet i riddersviks 4H-klubb det g\u00f6r du H\u00c4R T\u00e4nk p\u00e5 att det \u00e4r barnets namn och personnummer som ska fyllas i,&nbsp; eftersom det \u00e4r barnet som ska bli&nbsp; &hellip; Read more","og_url":"https:\/\/www.4h.se\/riddersvik\/bli-medlem\/","og_site_name":"Riddersviks 4H-g\u00e5rd","article_modified_time":"2025-11-27T12:46:18+00:00","twitter_card":"summary_large_image","twitter_misc":{"Ber\u00e4knad l\u00e4stid":"1 minut"},"schema":{"@context":"https:\/\/schema.org","@graph":[{"@type":"WebPage","@id":"https:\/\/www.4h.se\/riddersvik\/bli-medlem\/","url":"https:\/\/www.4h.se\/riddersvik\/bli-medlem\/","name":"Bli medlem - Riddersviks 4H-g\u00e5rd","isPartOf":{"@id":"https:\/\/www.4h.se\/riddersvik\/#website"},"datePublished":"2015-10-07T07:13:53+00:00","dateModified":"2025-11-27T12:46:18+00:00","breadcrumb":{"@id":"https:\/\/www.4h.se\/riddersvik\/bli-medlem\/#breadcrumb"},"inLanguage":"sv-SE","potentialAction":[{"@type":"ReadAction","target":["https:\/\/www.4h.se\/riddersvik\/bli-medlem\/"]}]},{"@type":"BreadcrumbList","@id":"https:\/\/www.4h.se\/riddersvik\/bli-medlem\/#breadcrumb","itemListElement":[{"@type":"ListItem","position":1,"name":"Hem","item":"https:\/\/www.4h.se\/riddersvik\/"},{"@type":"ListItem","position":2,"name":"Bli medlem"}]},{"@type":"WebSite","@id":"https:\/\/www.4h.se\/riddersvik\/#website","url":"https:\/\/www.4h.se\/riddersvik\/","name":"Riddersviks 4H-g\u00e5rd","description":"","potentialAction":[{"@type":"SearchAction","target":{"@type":"EntryPoint","urlTemplate":"https:\/\/www.4h.se\/riddersvik\/?s={search_term_string}"},"query-input":{"@type":"PropertyValueSpecification","valueRequired":true,"valueName":"search_term_string"}}],"inLanguage":"sv-SE"}]}},"_links":{"self":[{"href":"https:\/\/www.4h.se\/riddersvik\/wp-json\/wp\/v2\/pages\/285","targetHints":{"allow":["GET"]}}],"collection":[{"href":"https:\/\/www.4h.se\/riddersvik\/wp-json\/wp\/v2\/pages"}],"about":[{"href":"https:\/\/www.4h.se\/riddersvik\/wp-json\/wp\/v2\/types\/page"}],"author":[{"embeddable":true,"href":"https:\/\/www.4h.se\/riddersvik\/wp-json\/wp\/v2\/users\/1"}],"replies":[{"embeddable":true,"href":"https:\/\/www.4h.se\/riddersvik\/wp-json\/wp\/v2\/comments?post=285"}],"version-history":[{"count":0,"href":"https:\/\/www.4h.se\/riddersvik\/wp-json\/wp\/v2\/pages\/285\/revisions"}],"wp:attachment":[{"href":"https:\/\/www.4h.se\/riddersvik\/wp-json\/wp\/v2\/media?parent=285"}],"curies":[{"name":"wp","href":"https:\/\/api.w.org\/{rel}","templated":true}]}}