



{"id":39,"date":"2014-12-09T20:10:35","date_gmt":"2014-12-09T19:10:35","guid":{"rendered":"http:\/\/www.4h.se\/rix16\/?page_id=39"},"modified":"2023-05-29T11:32:16","modified_gmt":"2023-05-29T09:32:16","slug":"hem","status":"publish","type":"page","link":"https:\/\/www.4h.se\/pimopella\/","title":{"rendered":"Startsida"},"content":{"rendered":"<div class=\"wpb-content-wrapper\"><p>[vc_row][vc_column width=&#8221;2\/3&#8243;][vc_column_text]<\/p>\n<h3>Pim och Pella<\/h3>\n<p>[\/vc_column_text][vc_column_text]4H \u00e4r en barn och ungdomsorganisation med vision att alla barn och ungdomar ska\u00a0utvecklas till engagerade, v\u00e4lm\u00e5ende och ansvarstagande m\u00e4nniskor med respekt f\u00f6r omv\u00e4rlden. D\u00e4rf\u00f6r \u00e4r det en sj\u00e4lvklarhet f\u00f6r oss att utbilda och st\u00e4rka barn och unga i sin kunskap om allemansr\u00e4tten.<\/p>\n<p>&nbsp;<\/p>\n<p>Id\u00e9en om Pim &amp; Pella och allemansr\u00e4tten startade som ett samarbete mellan V\u00e4xj\u00f6 4H-g\u00e5rd och Studiefr\u00e4mjandet Sm\u00e5land 2018. Genom en utlysningen fr\u00e5n naturv\u00e5rdsverket tilldelades medel f\u00f6r att skriva en barnteater om Pim &amp; Pella och allemansr\u00e4tten. Fyra f\u00f6rest\u00e4llningar p\u00e5 en helg s\u00e5lde slut och m\u00e5let var att forts\u00e4tta s\u00e4tta upp f\u00f6rest\u00e4llningarna en g\u00e5ng per \u00e5r. Dock kom pandemin och vi fick t\u00e4nka om, genom en ny utlysning fr\u00e5n Naturv\u00e5rdsverket s\u00f6kte Kronobergs 4H och Studiefr\u00e4mjandet Sm\u00e5land medel f\u00f6r att skriva om teatern till en barnbok. Medel beviljades och barnboken blev klar 2022.<br \/>\nD\u00e5 Sveriges 4H s\u00e5g ett behov nationellt av att sprida information om allemansr\u00e4tten s\u00f6ktes medel f\u00f6r ett \u00e5r 3 av projektet. Vi befinner oss just nu i b\u00f6rjan p\u00e5 \u00e5r 3 och en till bok ska skrivas och b\u00e5da b\u00f6ckerna ska spridas till barn i Sverige tillsammans med ett metodmaterial att arbeta med p\u00e5 f\u00f6rskolor och p\u00e5 v\u00e5ra 4H-g\u00e5rdar och 4H-klubbar.<\/p>\n<p>&nbsp;[\/vc_column_text][vc_row_inner][vc_column_inner width=&#8221;1\/2&#8243;][vc_single_image image=&#8221;444&#8243;][\/vc_column_inner][vc_column_inner width=&#8221;1\/2&#8243;][vc_single_image image=&#8221;445&#8243;][\/vc_column_inner][\/vc_row_inner][\/vc_column][vc_column width=&#8221;1\/3&#8243;][vc_single_image image=&#8221;441&#8243; img_size=&#8221;600&#215;400&#8243;][\/vc_column][\/vc_row][vc_row][vc_column][vc_column_text]Materialet om Pim och Pella \u00e4r framtaget av 4H och Studiefr\u00e4mjandet Sm\u00e5land-\u00d6land.[\/vc_column_text][\/vc_column][\/vc_row]<\/p>\n<\/div>","protected":false},"excerpt":{"rendered":"<p>[vc_row][vc_column width=&#8221;2\/3&#8243;][vc_column_text] Pim och Pella [\/vc_column_text][vc_column_text]4H \u00e4r en barn och ungdomsorganisation med vision att alla barn och ungdomar ska\u00a0utvecklas till engagerade, v\u00e4lm\u00e5ende och ansvarstagande m\u00e4nniskor med respekt f\u00f6r omv\u00e4rlden. D\u00e4rf\u00f6r \u00e4r det en sj\u00e4lvklarhet f\u00f6r oss att utbilda och st\u00e4rka barn och unga i sin kunskap om allemansr\u00e4tten. &nbsp; Id\u00e9en om Pim &amp; Pella och&nbsp; <a href=\"https:\/\/www.4h.se\/pimopella\/\">&hellip; Read more <i class=\"glyphicon glyphicon-arrow-right\"><\/i><\/a><\/p>\n","protected":false},"author":1,"featured_media":0,"parent":0,"menu_order":10,"comment_status":"closed","ping_status":"closed","template":"","meta":{"_acf_changed":false,"footnotes":""},"class_list":["post-39","page","type-page","status-publish","hentry"],"acf":[],"yoast_head":"<!-- This site is optimized with the Yoast SEO plugin v27.6 - https:\/\/yoast.com\/product\/yoast-seo-wordpress\/ -->\n<title>Startsida - Pim och Pella<\/title>\n<meta name=\"robots\" content=\"index, follow, max-snippet:-1, max-image-preview:large, max-video-preview:-1\" \/>\n<link rel=\"canonical\" href=\"https:\/\/www.4h.se\/pimopella\/\" \/>\n<meta property=\"og:locale\" content=\"sv_SE\" \/>\n<meta property=\"og:type\" content=\"article\" \/>\n<meta property=\"og:title\" content=\"Startsida - Pim och Pella\" \/>\n<meta property=\"og:description\" content=\"[vc_row][vc_column width=&#8221;2\/3&#8243;][vc_column_text] Pim och Pella [\/vc_column_text][vc_column_text]4H \u00e4r en barn och ungdomsorganisation med vision att alla barn och ungdomar ska\u00a0utvecklas till engagerade, v\u00e4lm\u00e5ende och ansvarstagande m\u00e4nniskor med respekt f\u00f6r omv\u00e4rlden. D\u00e4rf\u00f6r \u00e4r det en sj\u00e4lvklarhet f\u00f6r oss att utbilda och st\u00e4rka barn och unga i sin kunskap om allemansr\u00e4tten. &nbsp; Id\u00e9en om Pim &amp; Pella och&nbsp; &hellip; Read more\" \/>\n<meta property=\"og:url\" content=\"https:\/\/www.4h.se\/pimopella\/\" \/>\n<meta property=\"og:site_name\" content=\"Pim och Pella\" \/>\n<meta property=\"article:modified_time\" content=\"2023-05-29T09:32:16+00:00\" \/>\n<meta name=\"twitter:card\" content=\"summary_large_image\" \/>\n<meta name=\"twitter:label1\" content=\"Ber\u00e4knad l\u00e4stid\" \/>\n\t<meta name=\"twitter:data1\" content=\"2 minuter\" \/>\n<script type=\"application\/ld+json\" class=\"yoast-schema-graph\">{\"@context\":\"https:\\\/\\\/schema.org\",\"@graph\":[{\"@type\":\"WebPage\",\"@id\":\"https:\\\/\\\/www.4h.se\\\/pimopella\\\/\",\"url\":\"https:\\\/\\\/www.4h.se\\\/pimopella\\\/\",\"name\":\"Startsida - Pim och Pella\",\"isPartOf\":{\"@id\":\"https:\\\/\\\/www.4h.se\\\/pimopella\\\/#website\"},\"datePublished\":\"2014-12-09T19:10:35+00:00\",\"dateModified\":\"2023-05-29T09:32:16+00:00\",\"breadcrumb\":{\"@id\":\"https:\\\/\\\/www.4h.se\\\/pimopella\\\/#breadcrumb\"},\"inLanguage\":\"sv-SE\",\"potentialAction\":[{\"@type\":\"ReadAction\",\"target\":[\"https:\\\/\\\/www.4h.se\\\/pimopella\\\/\"]}]},{\"@type\":\"BreadcrumbList\",\"@id\":\"https:\\\/\\\/www.4h.se\\\/pimopella\\\/#breadcrumb\",\"itemListElement\":[{\"@type\":\"ListItem\",\"position\":1,\"name\":\"Hem\",\"item\":\"https:\\\/\\\/www.4h.se\\\/pimopella\\\/\"},{\"@type\":\"ListItem\",\"position\":2,\"name\":\"Startsida\"}]},{\"@type\":\"WebSite\",\"@id\":\"https:\\\/\\\/www.4h.se\\\/pimopella\\\/#website\",\"url\":\"https:\\\/\\\/www.4h.se\\\/pimopella\\\/\",\"name\":\"Pim och Pella\",\"description\":\"\",\"potentialAction\":[{\"@type\":\"SearchAction\",\"target\":{\"@type\":\"EntryPoint\",\"urlTemplate\":\"https:\\\/\\\/www.4h.se\\\/pimopella\\\/?s={search_term_string}\"},\"query-input\":{\"@type\":\"PropertyValueSpecification\",\"valueRequired\":true,\"valueName\":\"search_term_string\"}}],\"inLanguage\":\"sv-SE\"}]}<\/script>\n<!-- \/ Yoast SEO plugin. -->","yoast_head_json":{"title":"Startsida - Pim och Pella","robots":{"index":"index","follow":"follow","max-snippet":"max-snippet:-1","max-image-preview":"max-image-preview:large","max-video-preview":"max-video-preview:-1"},"canonical":"https:\/\/www.4h.se\/pimopella\/","og_locale":"sv_SE","og_type":"article","og_title":"Startsida - Pim och Pella","og_description":"[vc_row][vc_column width=&#8221;2\/3&#8243;][vc_column_text] Pim och Pella [\/vc_column_text][vc_column_text]4H \u00e4r en barn och ungdomsorganisation med vision att alla barn och ungdomar ska\u00a0utvecklas till engagerade, v\u00e4lm\u00e5ende och ansvarstagande m\u00e4nniskor med respekt f\u00f6r omv\u00e4rlden. D\u00e4rf\u00f6r \u00e4r det en sj\u00e4lvklarhet f\u00f6r oss att utbilda och st\u00e4rka barn och unga i sin kunskap om allemansr\u00e4tten. &nbsp; Id\u00e9en om Pim &amp; Pella och&nbsp; &hellip; Read more","og_url":"https:\/\/www.4h.se\/pimopella\/","og_site_name":"Pim och Pella","article_modified_time":"2023-05-29T09:32:16+00:00","twitter_card":"summary_large_image","twitter_misc":{"Ber\u00e4knad l\u00e4stid":"2 minuter"},"schema":{"@context":"https:\/\/schema.org","@graph":[{"@type":"WebPage","@id":"https:\/\/www.4h.se\/pimopella\/","url":"https:\/\/www.4h.se\/pimopella\/","name":"Startsida - Pim och Pella","isPartOf":{"@id":"https:\/\/www.4h.se\/pimopella\/#website"},"datePublished":"2014-12-09T19:10:35+00:00","dateModified":"2023-05-29T09:32:16+00:00","breadcrumb":{"@id":"https:\/\/www.4h.se\/pimopella\/#breadcrumb"},"inLanguage":"sv-SE","potentialAction":[{"@type":"ReadAction","target":["https:\/\/www.4h.se\/pimopella\/"]}]},{"@type":"BreadcrumbList","@id":"https:\/\/www.4h.se\/pimopella\/#breadcrumb","itemListElement":[{"@type":"ListItem","position":1,"name":"Hem","item":"https:\/\/www.4h.se\/pimopella\/"},{"@type":"ListItem","position":2,"name":"Startsida"}]},{"@type":"WebSite","@id":"https:\/\/www.4h.se\/pimopella\/#website","url":"https:\/\/www.4h.se\/pimopella\/","name":"Pim och Pella","description":"","potentialAction":[{"@type":"SearchAction","target":{"@type":"EntryPoint","urlTemplate":"https:\/\/www.4h.se\/pimopella\/?s={search_term_string}"},"query-input":{"@type":"PropertyValueSpecification","valueRequired":true,"valueName":"search_term_string"}}],"inLanguage":"sv-SE"}]}},"_links":{"self":[{"href":"https:\/\/www.4h.se\/pimopella\/wp-json\/wp\/v2\/pages\/39","targetHints":{"allow":["GET"]}}],"collection":[{"href":"https:\/\/www.4h.se\/pimopella\/wp-json\/wp\/v2\/pages"}],"about":[{"href":"https:\/\/www.4h.se\/pimopella\/wp-json\/wp\/v2\/types\/page"}],"author":[{"embeddable":true,"href":"https:\/\/www.4h.se\/pimopella\/wp-json\/wp\/v2\/users\/1"}],"replies":[{"embeddable":true,"href":"https:\/\/www.4h.se\/pimopella\/wp-json\/wp\/v2\/comments?post=39"}],"version-history":[{"count":0,"href":"https:\/\/www.4h.se\/pimopella\/wp-json\/wp\/v2\/pages\/39\/revisions"}],"wp:attachment":[{"href":"https:\/\/www.4h.se\/pimopella\/wp-json\/wp\/v2\/media?parent=39"}],"curies":[{"name":"wp","href":"https:\/\/api.w.org\/{rel}","templated":true}]}}