



{"id":358,"date":"2015-12-16T23:15:21","date_gmt":"2015-12-16T22:15:21","guid":{"rendered":"http:\/\/www.4h.se\/mall\/?page_id=358"},"modified":"2025-03-10T12:51:53","modified_gmt":"2025-03-10T11:51:53","slug":"styrelsemedlemmar","status":"publish","type":"page","link":"https:\/\/www.4h.se\/overjarva\/styrelsemedlemmar\/","title":{"rendered":"Styrelsemedlemmar"},"content":{"rendered":"<div class=\"wpb-content-wrapper\"><p>[vc_row][vc_column][vc_column_text css=&#8221;&#8221;]<\/p>\n<h3>\u00d6verj\u00e4rva 4H-klubbs styrelse 2025 best\u00e5r av:<\/h3>\n<p>[\/vc_column_text][\/vc_column][\/vc_row][vc_row][vc_column][vc_column_text css=&#8221;&#8221;]<\/p>\n<h4>Ordf\u00f6rande: Emilia Wezeman Weidacher<\/h4>\n<h4>Sekreterare: Eila Erdal<\/h4>\n<h4>Kass\u00f6r: Anita Larvald<\/h4>\n<h4>Ledam\u00f6ter: Emelie Sj\u00f6lander<\/h4>\n<h4>Suppleanter: Darius Moskala<\/h4>\n<p>[\/vc_column_text][\/vc_column][\/vc_row]<\/p>\n<\/div>","protected":false},"excerpt":{"rendered":"<p>[vc_row][vc_column][vc_column_text css=&#8221;&#8221;] \u00d6verj\u00e4rva 4H-klubbs styrelse 2025 best\u00e5r av: [\/vc_column_text][\/vc_column][\/vc_row][vc_row][vc_column][vc_column_text css=&#8221;&#8221;] Ordf\u00f6rande: Emilia Wezeman Weidacher Sekreterare: Eila Erdal Kass\u00f6r: Anita Larvald Ledam\u00f6ter: Emelie Sj\u00f6lander Suppleanter: Darius Moskala [\/vc_column_text][\/vc_column][\/vc_row]<\/p>\n","protected":false},"author":36,"featured_media":0,"parent":0,"menu_order":3,"comment_status":"closed","ping_status":"closed","template":"","meta":{"footnotes":""},"class_list":["post-358","page","type-page","status-publish","hentry"],"yoast_head":"<!-- This site is optimized with the Yoast SEO plugin v27.4 - https:\/\/yoast.com\/product\/yoast-seo-wordpress\/ -->\n<title>Styrelsemedlemmar - \u00d6verjarva 4H-klubb<\/title>\n<meta name=\"robots\" content=\"index, follow, max-snippet:-1, max-image-preview:large, max-video-preview:-1\" \/>\n<link rel=\"canonical\" href=\"https:\/\/www.4h.se\/overjarva\/styrelsemedlemmar\/\" \/>\n<meta property=\"og:locale\" content=\"sv_SE\" \/>\n<meta property=\"og:type\" content=\"article\" \/>\n<meta property=\"og:title\" content=\"Styrelsemedlemmar - \u00d6verjarva 4H-klubb\" \/>\n<meta property=\"og:description\" content=\"[vc_row][vc_column][vc_column_text css=&#8221;&#8221;] \u00d6verj\u00e4rva 4H-klubbs styrelse 2025 best\u00e5r av: [\/vc_column_text][\/vc_column][\/vc_row][vc_row][vc_column][vc_column_text css=&#8221;&#8221;] Ordf\u00f6rande: Emilia Wezeman Weidacher Sekreterare: Eila Erdal Kass\u00f6r: Anita Larvald Ledam\u00f6ter: Emelie Sj\u00f6lander Suppleanter: Darius Moskala [\/vc_column_text][\/vc_column][\/vc_row]\" \/>\n<meta property=\"og:url\" content=\"https:\/\/www.4h.se\/overjarva\/styrelsemedlemmar\/\" \/>\n<meta property=\"og:site_name\" content=\"\u00d6verjarva 4H-klubb\" \/>\n<meta property=\"article:modified_time\" content=\"2025-03-10T11:51:53+00:00\" \/>\n<meta name=\"twitter:card\" content=\"summary_large_image\" \/>\n<script type=\"application\/ld+json\" class=\"yoast-schema-graph\">{\"@context\":\"https:\\\/\\\/schema.org\",\"@graph\":[{\"@type\":\"WebPage\",\"@id\":\"https:\\\/\\\/www.4h.se\\\/overjarva\\\/styrelsemedlemmar\\\/\",\"url\":\"https:\\\/\\\/www.4h.se\\\/overjarva\\\/styrelsemedlemmar\\\/\",\"name\":\"Styrelsemedlemmar - \u00d6verjarva 4H-klubb\",\"isPartOf\":{\"@id\":\"https:\\\/\\\/www.4h.se\\\/overjarva\\\/#website\"},\"datePublished\":\"2015-12-16T22:15:21+00:00\",\"dateModified\":\"2025-03-10T11:51:53+00:00\",\"breadcrumb\":{\"@id\":\"https:\\\/\\\/www.4h.se\\\/overjarva\\\/styrelsemedlemmar\\\/#breadcrumb\"},\"inLanguage\":\"sv-SE\",\"potentialAction\":[{\"@type\":\"ReadAction\",\"target\":[\"https:\\\/\\\/www.4h.se\\\/overjarva\\\/styrelsemedlemmar\\\/\"]}]},{\"@type\":\"BreadcrumbList\",\"@id\":\"https:\\\/\\\/www.4h.se\\\/overjarva\\\/styrelsemedlemmar\\\/#breadcrumb\",\"itemListElement\":[{\"@type\":\"ListItem\",\"position\":1,\"name\":\"Hem\",\"item\":\"https:\\\/\\\/www.4h.se\\\/overjarva\\\/\"},{\"@type\":\"ListItem\",\"position\":2,\"name\":\"Styrelsemedlemmar\"}]},{\"@type\":\"WebSite\",\"@id\":\"https:\\\/\\\/www.4h.se\\\/overjarva\\\/#website\",\"url\":\"https:\\\/\\\/www.4h.se\\\/overjarva\\\/\",\"name\":\"\u00d6verjarva 4H-klubb\",\"description\":\"\",\"potentialAction\":[{\"@type\":\"SearchAction\",\"target\":{\"@type\":\"EntryPoint\",\"urlTemplate\":\"https:\\\/\\\/www.4h.se\\\/overjarva\\\/?s={search_term_string}\"},\"query-input\":{\"@type\":\"PropertyValueSpecification\",\"valueRequired\":true,\"valueName\":\"search_term_string\"}}],\"inLanguage\":\"sv-SE\"}]}<\/script>\n<!-- \/ Yoast SEO plugin. -->","yoast_head_json":{"title":"Styrelsemedlemmar - \u00d6verjarva 4H-klubb","robots":{"index":"index","follow":"follow","max-snippet":"max-snippet:-1","max-image-preview":"max-image-preview:large","max-video-preview":"max-video-preview:-1"},"canonical":"https:\/\/www.4h.se\/overjarva\/styrelsemedlemmar\/","og_locale":"sv_SE","og_type":"article","og_title":"Styrelsemedlemmar - \u00d6verjarva 4H-klubb","og_description":"[vc_row][vc_column][vc_column_text css=&#8221;&#8221;] \u00d6verj\u00e4rva 4H-klubbs styrelse 2025 best\u00e5r av: [\/vc_column_text][\/vc_column][\/vc_row][vc_row][vc_column][vc_column_text css=&#8221;&#8221;] Ordf\u00f6rande: Emilia Wezeman Weidacher Sekreterare: Eila Erdal Kass\u00f6r: Anita Larvald Ledam\u00f6ter: Emelie Sj\u00f6lander Suppleanter: Darius Moskala [\/vc_column_text][\/vc_column][\/vc_row]","og_url":"https:\/\/www.4h.se\/overjarva\/styrelsemedlemmar\/","og_site_name":"\u00d6verjarva 4H-klubb","article_modified_time":"2025-03-10T11:51:53+00:00","twitter_card":"summary_large_image","schema":{"@context":"https:\/\/schema.org","@graph":[{"@type":"WebPage","@id":"https:\/\/www.4h.se\/overjarva\/styrelsemedlemmar\/","url":"https:\/\/www.4h.se\/overjarva\/styrelsemedlemmar\/","name":"Styrelsemedlemmar - \u00d6verjarva 4H-klubb","isPartOf":{"@id":"https:\/\/www.4h.se\/overjarva\/#website"},"datePublished":"2015-12-16T22:15:21+00:00","dateModified":"2025-03-10T11:51:53+00:00","breadcrumb":{"@id":"https:\/\/www.4h.se\/overjarva\/styrelsemedlemmar\/#breadcrumb"},"inLanguage":"sv-SE","potentialAction":[{"@type":"ReadAction","target":["https:\/\/www.4h.se\/overjarva\/styrelsemedlemmar\/"]}]},{"@type":"BreadcrumbList","@id":"https:\/\/www.4h.se\/overjarva\/styrelsemedlemmar\/#breadcrumb","itemListElement":[{"@type":"ListItem","position":1,"name":"Hem","item":"https:\/\/www.4h.se\/overjarva\/"},{"@type":"ListItem","position":2,"name":"Styrelsemedlemmar"}]},{"@type":"WebSite","@id":"https:\/\/www.4h.se\/overjarva\/#website","url":"https:\/\/www.4h.se\/overjarva\/","name":"\u00d6verjarva 4H-klubb","description":"","potentialAction":[{"@type":"SearchAction","target":{"@type":"EntryPoint","urlTemplate":"https:\/\/www.4h.se\/overjarva\/?s={search_term_string}"},"query-input":{"@type":"PropertyValueSpecification","valueRequired":true,"valueName":"search_term_string"}}],"inLanguage":"sv-SE"}]}},"_links":{"self":[{"href":"https:\/\/www.4h.se\/overjarva\/wp-json\/wp\/v2\/pages\/358","targetHints":{"allow":["GET"]}}],"collection":[{"href":"https:\/\/www.4h.se\/overjarva\/wp-json\/wp\/v2\/pages"}],"about":[{"href":"https:\/\/www.4h.se\/overjarva\/wp-json\/wp\/v2\/types\/page"}],"author":[{"embeddable":true,"href":"https:\/\/www.4h.se\/overjarva\/wp-json\/wp\/v2\/users\/36"}],"replies":[{"embeddable":true,"href":"https:\/\/www.4h.se\/overjarva\/wp-json\/wp\/v2\/comments?post=358"}],"version-history":[{"count":0,"href":"https:\/\/www.4h.se\/overjarva\/wp-json\/wp\/v2\/pages\/358\/revisions"}],"wp:attachment":[{"href":"https:\/\/www.4h.se\/overjarva\/wp-json\/wp\/v2\/media?parent=358"}],"curies":[{"name":"wp","href":"https:\/\/api.w.org\/{rel}","templated":true}]}}