



{"id":650,"date":"2025-02-10T13:59:05","date_gmt":"2025-02-10T12:59:05","guid":{"rendered":"https:\/\/www.4h.se\/otorn\/?page_id=650"},"modified":"2026-04-13T12:36:21","modified_gmt":"2026-04-13T10:36:21","slug":"styrelsen","status":"publish","type":"page","link":"https:\/\/www.4h.se\/otorn\/styrelsen\/","title":{"rendered":"Styrelsen"},"content":{"rendered":"<div class=\"wpb-content-wrapper\"><p>[vc_row][vc_column][vc_column_text css=&#8221;&#8221;]<\/p>\n<h4><span style=\"color: #008000;\">Styrelsen \u00d6stra Torns 4H-Klubb<\/span><\/h4>\n<p>Ordf\u00f6rande: Nadia Taylor<\/p>\n<p>Kass\u00f6r: Maria Sollenborn<\/p>\n<p>Sekreterare: Malin Ploman<\/p>\n<p>Ledamot: Joakim Hald<\/p>\n<p>Ledamot: Blenda Melinder &amp; Amanda Lindbladh<\/p>\n<p>Revisorer: Per-Anders Nordstr\u00f6m &amp; Kim Gustafson<\/p>\n<p>Suppleant: Christina Nordstr\u00f6m &amp; Joakim Gustavsson[\/vc_column_text][\/vc_column][\/vc_row]<\/p>\n<\/div>","protected":false},"excerpt":{"rendered":"<p>[vc_row][vc_column][vc_column_text css=&#8221;&#8221;] Styrelsen \u00d6stra Torns 4H-Klubb Ordf\u00f6rande: Nadia Taylor Kass\u00f6r: Maria Sollenborn Sekreterare: Malin Ploman Ledamot: Joakim Hald Ledamot: Blenda Melinder &amp; Amanda Lindbladh Revisorer: Per-Anders Nordstr\u00f6m &amp; Kim Gustafson Suppleant: Christina Nordstr\u00f6m &amp; Joakim Gustavsson[\/vc_column_text][\/vc_column][\/vc_row]<\/p>\n","protected":false},"author":117,"featured_media":0,"parent":0,"menu_order":0,"comment_status":"closed","ping_status":"closed","template":"","meta":{"_acf_changed":false,"footnotes":""},"class_list":["post-650","page","type-page","status-publish","hentry"],"acf":[],"yoast_head":"<!-- This site is optimized with the Yoast SEO plugin v27.5 - https:\/\/yoast.com\/product\/yoast-seo-wordpress\/ -->\n<title>Styrelsen - \u00d6stra Torns 4H G\u00e5rd<\/title>\n<meta name=\"robots\" content=\"index, follow, max-snippet:-1, max-image-preview:large, max-video-preview:-1\" \/>\n<link rel=\"canonical\" href=\"https:\/\/www.4h.se\/otorn\/styrelsen\/\" \/>\n<meta property=\"og:locale\" content=\"sv_SE\" \/>\n<meta property=\"og:type\" content=\"article\" \/>\n<meta property=\"og:title\" content=\"Styrelsen - \u00d6stra Torns 4H G\u00e5rd\" \/>\n<meta property=\"og:description\" content=\"[vc_row][vc_column][vc_column_text css=&#8221;&#8221;] Styrelsen \u00d6stra Torns 4H-Klubb Ordf\u00f6rande: Nadia Taylor Kass\u00f6r: Maria Sollenborn Sekreterare: Malin Ploman Ledamot: Joakim Hald Ledamot: Blenda Melinder &amp; Amanda Lindbladh Revisorer: Per-Anders Nordstr\u00f6m &amp; Kim Gustafson Suppleant: Christina Nordstr\u00f6m &amp; Joakim Gustavsson[\/vc_column_text][\/vc_column][\/vc_row]\" \/>\n<meta property=\"og:url\" content=\"https:\/\/www.4h.se\/otorn\/styrelsen\/\" \/>\n<meta property=\"og:site_name\" content=\"\u00d6stra Torns 4H G\u00e5rd\" \/>\n<meta property=\"article:modified_time\" content=\"2026-04-13T10:36:21+00:00\" \/>\n<meta name=\"twitter:card\" content=\"summary_large_image\" \/>\n<script type=\"application\/ld+json\" class=\"yoast-schema-graph\">{\"@context\":\"https:\\\/\\\/schema.org\",\"@graph\":[{\"@type\":\"WebPage\",\"@id\":\"https:\\\/\\\/www.4h.se\\\/otorn\\\/styrelsen\\\/\",\"url\":\"https:\\\/\\\/www.4h.se\\\/otorn\\\/styrelsen\\\/\",\"name\":\"Styrelsen - \u00d6stra Torns 4H G\u00e5rd\",\"isPartOf\":{\"@id\":\"https:\\\/\\\/www.4h.se\\\/otorn\\\/#website\"},\"datePublished\":\"2025-02-10T12:59:05+00:00\",\"dateModified\":\"2026-04-13T10:36:21+00:00\",\"breadcrumb\":{\"@id\":\"https:\\\/\\\/www.4h.se\\\/otorn\\\/styrelsen\\\/#breadcrumb\"},\"inLanguage\":\"sv-SE\",\"potentialAction\":[{\"@type\":\"ReadAction\",\"target\":[\"https:\\\/\\\/www.4h.se\\\/otorn\\\/styrelsen\\\/\"]}]},{\"@type\":\"BreadcrumbList\",\"@id\":\"https:\\\/\\\/www.4h.se\\\/otorn\\\/styrelsen\\\/#breadcrumb\",\"itemListElement\":[{\"@type\":\"ListItem\",\"position\":1,\"name\":\"Hem\",\"item\":\"https:\\\/\\\/www.4h.se\\\/otorn\\\/\"},{\"@type\":\"ListItem\",\"position\":2,\"name\":\"Styrelsen\"}]},{\"@type\":\"WebSite\",\"@id\":\"https:\\\/\\\/www.4h.se\\\/otorn\\\/#website\",\"url\":\"https:\\\/\\\/www.4h.se\\\/otorn\\\/\",\"name\":\"\u00d6stra Torns 4H G\u00e5rd\",\"description\":\"\",\"potentialAction\":[{\"@type\":\"SearchAction\",\"target\":{\"@type\":\"EntryPoint\",\"urlTemplate\":\"https:\\\/\\\/www.4h.se\\\/otorn\\\/?s={search_term_string}\"},\"query-input\":{\"@type\":\"PropertyValueSpecification\",\"valueRequired\":true,\"valueName\":\"search_term_string\"}}],\"inLanguage\":\"sv-SE\"}]}<\/script>\n<!-- \/ Yoast SEO plugin. -->","yoast_head_json":{"title":"Styrelsen - \u00d6stra Torns 4H G\u00e5rd","robots":{"index":"index","follow":"follow","max-snippet":"max-snippet:-1","max-image-preview":"max-image-preview:large","max-video-preview":"max-video-preview:-1"},"canonical":"https:\/\/www.4h.se\/otorn\/styrelsen\/","og_locale":"sv_SE","og_type":"article","og_title":"Styrelsen - \u00d6stra Torns 4H G\u00e5rd","og_description":"[vc_row][vc_column][vc_column_text css=&#8221;&#8221;] Styrelsen \u00d6stra Torns 4H-Klubb Ordf\u00f6rande: Nadia Taylor Kass\u00f6r: Maria Sollenborn Sekreterare: Malin Ploman Ledamot: Joakim Hald Ledamot: Blenda Melinder &amp; Amanda Lindbladh Revisorer: Per-Anders Nordstr\u00f6m &amp; Kim Gustafson Suppleant: Christina Nordstr\u00f6m &amp; Joakim Gustavsson[\/vc_column_text][\/vc_column][\/vc_row]","og_url":"https:\/\/www.4h.se\/otorn\/styrelsen\/","og_site_name":"\u00d6stra Torns 4H G\u00e5rd","article_modified_time":"2026-04-13T10:36:21+00:00","twitter_card":"summary_large_image","schema":{"@context":"https:\/\/schema.org","@graph":[{"@type":"WebPage","@id":"https:\/\/www.4h.se\/otorn\/styrelsen\/","url":"https:\/\/www.4h.se\/otorn\/styrelsen\/","name":"Styrelsen - \u00d6stra Torns 4H G\u00e5rd","isPartOf":{"@id":"https:\/\/www.4h.se\/otorn\/#website"},"datePublished":"2025-02-10T12:59:05+00:00","dateModified":"2026-04-13T10:36:21+00:00","breadcrumb":{"@id":"https:\/\/www.4h.se\/otorn\/styrelsen\/#breadcrumb"},"inLanguage":"sv-SE","potentialAction":[{"@type":"ReadAction","target":["https:\/\/www.4h.se\/otorn\/styrelsen\/"]}]},{"@type":"BreadcrumbList","@id":"https:\/\/www.4h.se\/otorn\/styrelsen\/#breadcrumb","itemListElement":[{"@type":"ListItem","position":1,"name":"Hem","item":"https:\/\/www.4h.se\/otorn\/"},{"@type":"ListItem","position":2,"name":"Styrelsen"}]},{"@type":"WebSite","@id":"https:\/\/www.4h.se\/otorn\/#website","url":"https:\/\/www.4h.se\/otorn\/","name":"\u00d6stra Torns 4H G\u00e5rd","description":"","potentialAction":[{"@type":"SearchAction","target":{"@type":"EntryPoint","urlTemplate":"https:\/\/www.4h.se\/otorn\/?s={search_term_string}"},"query-input":{"@type":"PropertyValueSpecification","valueRequired":true,"valueName":"search_term_string"}}],"inLanguage":"sv-SE"}]}},"_links":{"self":[{"href":"https:\/\/www.4h.se\/otorn\/wp-json\/wp\/v2\/pages\/650","targetHints":{"allow":["GET"]}}],"collection":[{"href":"https:\/\/www.4h.se\/otorn\/wp-json\/wp\/v2\/pages"}],"about":[{"href":"https:\/\/www.4h.se\/otorn\/wp-json\/wp\/v2\/types\/page"}],"author":[{"embeddable":true,"href":"https:\/\/www.4h.se\/otorn\/wp-json\/wp\/v2\/users\/117"}],"replies":[{"embeddable":true,"href":"https:\/\/www.4h.se\/otorn\/wp-json\/wp\/v2\/comments?post=650"}],"version-history":[{"count":0,"href":"https:\/\/www.4h.se\/otorn\/wp-json\/wp\/v2\/pages\/650\/revisions"}],"wp:attachment":[{"href":"https:\/\/www.4h.se\/otorn\/wp-json\/wp\/v2\/media?parent=650"}],"curies":[{"name":"wp","href":"https:\/\/api.w.org\/{rel}","templated":true}]}}