



{"id":625,"date":"2025-01-23T13:22:53","date_gmt":"2025-01-23T12:22:53","guid":{"rendered":"https:\/\/www.4h.se\/otorn\/?page_id=625"},"modified":"2025-01-28T12:15:58","modified_gmt":"2025-01-28T11:15:58","slug":"besok","status":"publish","type":"page","link":"https:\/\/www.4h.se\/otorn\/besok\/","title":{"rendered":"Bes\u00f6k"},"content":{"rendered":"<div class=\"wpb-content-wrapper\"><p>[vc_row][vc_column][vc_column_text css=&#8221;&#8221;]<\/p>\n<h3><span style=\"color: #008000;\">Inf\u00f6r ditt bes\u00f6k<\/span><\/h3>\n<h3><span style=\"color: #008000;\"> <img loading=\"lazy\" decoding=\"async\" class=\"alignright size-large wp-image-640\" src=\"https:\/\/www.4h.se\/otorn\/wp-content\/uploads\/sites\/94\/2025\/01\/IMG_3726-970x728.jpg\" alt=\"F\u00e5r\" width=\"600\" height=\"450\" srcset=\"https:\/\/www.4h.se\/otorn\/wp-content\/uploads\/sites\/94\/2025\/01\/IMG_3726-970x728.jpg 970w, https:\/\/www.4h.se\/otorn\/wp-content\/uploads\/sites\/94\/2025\/01\/IMG_3726-400x300.jpg 400w, https:\/\/www.4h.se\/otorn\/wp-content\/uploads\/sites\/94\/2025\/01\/IMG_3726-170x128.jpg 170w, https:\/\/www.4h.se\/otorn\/wp-content\/uploads\/sites\/94\/2025\/01\/IMG_3726-768x576.jpg 768w, https:\/\/www.4h.se\/otorn\/wp-content\/uploads\/sites\/94\/2025\/01\/IMG_3726-1536x1152.jpg 1536w, https:\/\/www.4h.se\/otorn\/wp-content\/uploads\/sites\/94\/2025\/01\/IMG_3726.jpg 2016w\" sizes=\"auto, (max-width: 600px) 100vw, 600px\" \/><\/span><\/h3>\n<h4 align=\"LEFT\"><span style=\"color: #008000;\">Grupper<br \/>\n<\/span><\/h4>\n<p align=\"LEFT\"><em><span style=\"color: #008000;\">Under helgerna sk\u00f6ts g\u00e5rdens djur av medlemmar och ingen ordinarie personal \u00e4r p\u00e5 plats.<\/span><\/em><\/p>\n<p align=\"LEFT\"><em><span style=\"color: #008000;\">Vi ber stora bes\u00f6ksgrupper att bes\u00f6ka oss under v\u00e5ra bes\u00f6kstider p\u00e5 veckodagar och anm\u00e4la att ni kommer p\u00e5 <a style=\"color: #008000;\" href=\"mailto:otorn@4h.se\">otorn@4h.se<\/a><\/span><\/em><\/p>\n<p><em>Det \u00e4r viktigt att allm\u00e4nheten f\u00f6ljer v\u00e5ra bes\u00f6kstider d\u00e5 vi p\u00e5<\/em><br \/>\n<em>f\u00f6rmiddagar beh\u00f6ver fria g\u00e5ngar i v\u00e5ra tr\u00e5nga stall.<br \/>\nHalm ska tas ner, djuren ska fodras, spannar tv\u00e4ttas och fyllas p\u00e5 mm.<br \/>\nVi har \u00e4ven ett samarbete d\u00e4r individer med s\u00e4rskilda behov finns p\u00e5 plats vissa dagar.<\/em><em>\u00a0<\/em><\/p>\n<h4 align=\"LEFT\"><span style=\"color: #008000;\">UTOMHUS<\/span><\/h4>\n<ul>\n<li>Djuren g\u00e5r ute p\u00e5 bete i v\u00e5ra hagar under sommaren.<br \/>\nMan f\u00e5r inte g\u00e5 in i hagarna, men kommer djuren fram till staketen g\u00e5r det bra att klappa dem, dock inte p\u00e5 huvudet.<\/li>\n<li>L\u00e5t inte barnen leka p\u00e5 containerrampen, vi vill inte att de ramlar ner i containern eller in i hagen till grisarna.<\/li>\n<li>Grindar och staket ska inte kl\u00e4ttras p\u00e5 d\u00e5 dessa inte \u00e4r byggda f\u00f6r detta.<\/li>\n<li>T\u00e4nk p\u00e5 att vi har elst\u00e4ngsel runt alla hagar.<\/li>\n<li>T\u00e4nk p\u00e5 att g\u00e5 till sidan och st\u00e5 stilla om vi kommer med djuren p\u00e5 v\u00e4g in och ut fr\u00e5n stallarna.<\/li>\n<\/ul>\n<h4><span style=\"color: #008000;\">Inne i stallen<\/span><\/h4>\n<ul>\n<li>Var lugna och prata med den tysta r\u00f6sten n\u00e4r ni befinner er i stallarna och runt djuren. Detta \u00e4r deras hem och v\u00e5r arbetsmilj\u00f6.<\/li>\n<li>Allm\u00e4nheten f\u00e5r inte g\u00e5 in till djuren. Medlemmar f\u00e5r g\u00e5 in men alltid efter godk\u00e4nnande av personal.<\/li>\n<li>V\u00e5ra djur \u00e4r v\u00e4ldigt tama och sn\u00e4lla, men det kan l\u00e4tt h\u00e4nda en olycka om ett barn st\u00e5r i v\u00e4gen d\u00e5 vi tar in djuren i stallet,s\u00e5 ha era barn under st\u00e4ndig uppsikt n\u00e4r ni bes\u00f6ker g\u00e5rden.<\/li>\n<li>Barn under 7 \u00e5r m\u00e5ste vara i m\u00e5lsmans s\u00e4llskap.<\/li>\n<\/ul>\n<ul>\n<li>Visa h\u00e4nsyn och t\u00e4nk p\u00e5 att inte st\u00e4lla saker framf\u00f6r ing\u00e5ngarna. Cyklar ska st\u00e4llas i cykelst\u00e4llen.<\/li>\n<\/ul>\n<ul>\n<li>Inga barnvagnar eller annat f\u00e5r tas in i stallet. S\u00e4tt dessa in till kanten en bit fr\u00e5n ing\u00e5ngarna. Det finns cykelst\u00e4ll.<\/li>\n<\/ul>\n<ul>\n<li>Hundar och andra djur som inte tillh\u00f6r g\u00e5rden f\u00e5r stanna utanf\u00f6r stallet kopplade. Se till s\u00e5 hunden inte sk\u00e4ller eller skr\u00e4mmer barn och djur.<\/li>\n<\/ul>\n<ul>\n<li>Klubbrummet \u00e4r endast till f\u00f6r v\u00e5ra medlemmar.<\/li>\n<\/ul>\n<h4><span style=\"color: #008000;\">HYGIEN<\/span><\/h4>\n<ul>\n<li>Det finns m\u00e5nga smittor som kan spridas mellan djur och mellan djur och m\u00e4nniskor.Var d\u00e4rf\u00f6r noga med att alltid tv\u00e4tta h\u00e4nderna<strong> innan och efter<\/strong> ert bes\u00f6k p\u00e5 g\u00e5rden.<\/li>\n<li>Har du varit utomlands och tr\u00e4ffat djur senaste 5 dagarna eller \u00e4r sjuk, s\u00e5 avr\u00e5der vi dig att bes\u00f6ka g\u00e5rden.<\/li>\n<li>G\u00e5 aldrig fr\u00e5n ett stall till ett annat med samma skor och kl\u00e4der<\/li>\n<li>WC med varmvatten, tv\u00e5l och handsprit och torkpapper finns i stora stallet<\/li>\n<li>All f\u00f6rt\u00e4ring sker p\u00e5 avsedda platser och ej inne i stallar eller n\u00e4ra djuren.<\/li>\n<\/ul>\n<h4><span style=\"color: #008000;\">DET \u00c4R INTE TILL\u00c5TET ATT MATA V\u00c5RA DJUR<\/span><\/h4>\n<ul>\n<li>\u00a0inte ens med gr\u00e4s, d\u00e5 de l\u00e4tt kan skada er om de skulle st\u00e5ngas eller bitas av n\u00e5gon anledning.<br \/>\nDjuren kan \u00e4ven bli sjuka.<\/li>\n<\/ul>\n<h4><span style=\"color: #008000;\">FIKADAGS<\/span><\/h4>\n<ul>\n<li>Det finns b\u00e4nkar ni kan sitta vid. L\u00e4mna inte mat obevakat framme, djuren \u00e4r snabba p\u00e5 att ta sin chans.Sl\u00e4ng skr\u00e4pet efter er och gl\u00f6m inte tv\u00e4tta h\u00e4nderna noga efter kontakt med djuren.<\/li>\n<\/ul>\n<h4><span style=\"color: #008000;\">KANINPARKEN<\/span><\/h4>\n<ul>\n<li><strong>Endast medlemmar<\/strong> f\u00e5r vara i kaninparken.<\/li>\n<li>Kaninparken best\u00e5r av privat\u00e4gda kaniner och ing\u00e5r inte i g\u00e5rdens tillst\u00e5nd f\u00f6r offentlig f\u00f6revisning.<br \/>\nD\u00e4rf\u00f6r \u00e4r det av<strong> st\u00f6rsta vikt<\/strong> att alla respekterar detta<br \/>\ns\u00e5 medlemmarna f\u00e5r ha kvar sin kaninpark.<\/li>\n<\/ul>\n<h4 style=\"text-align: left;\" align=\"CENTER\"><span style=\"color: #008000;\">HOPPAS NI HAR EN FIN DAG P\u00c5 G\u00c5RDEN!<\/span><\/h4>\n<p>[\/vc_column_text][\/vc_column][\/vc_row]<\/p>\n<\/div>","protected":false},"excerpt":{"rendered":"<p>[vc_row][vc_column][vc_column_text css=&#8221;&#8221;] Inf\u00f6r ditt bes\u00f6k Grupper Under helgerna sk\u00f6ts g\u00e5rdens djur av medlemmar och ingen ordinarie personal \u00e4r p\u00e5 plats. Vi ber stora bes\u00f6ksgrupper att bes\u00f6ka oss under v\u00e5ra bes\u00f6kstider p\u00e5 veckodagar och anm\u00e4la att ni kommer p\u00e5 otorn@4h.se Det \u00e4r viktigt att allm\u00e4nheten f\u00f6ljer v\u00e5ra bes\u00f6kstider d\u00e5 vi p\u00e5 f\u00f6rmiddagar beh\u00f6ver fria g\u00e5ngar i&nbsp; <a href=\"https:\/\/www.4h.se\/otorn\/besok\/\">&hellip; Read more <i class=\"glyphicon glyphicon-arrow-right\"><\/i><\/a><\/p>\n","protected":false},"author":117,"featured_media":0,"parent":0,"menu_order":0,"comment_status":"closed","ping_status":"closed","template":"","meta":{"_acf_changed":false,"footnotes":""},"class_list":["post-625","page","type-page","status-publish","hentry"],"acf":[],"yoast_head":"<!-- This site is optimized with the Yoast SEO plugin v27.5 - https:\/\/yoast.com\/product\/yoast-seo-wordpress\/ -->\n<title>Bes\u00f6k - \u00d6stra Torns 4H G\u00e5rd<\/title>\n<meta name=\"description\" content=\"Bes\u00f6k \u00d6stra Torns 4H G\u00e5rd\" \/>\n<meta name=\"robots\" content=\"index, follow, max-snippet:-1, max-image-preview:large, max-video-preview:-1\" \/>\n<link rel=\"canonical\" href=\"https:\/\/www.4h.se\/otorn\/besok\/\" \/>\n<meta property=\"og:locale\" content=\"sv_SE\" \/>\n<meta property=\"og:type\" content=\"article\" \/>\n<meta property=\"og:title\" content=\"Bes\u00f6k - \u00d6stra Torns 4H G\u00e5rd\" \/>\n<meta property=\"og:description\" content=\"Bes\u00f6k \u00d6stra Torns 4H G\u00e5rd\" \/>\n<meta property=\"og:url\" content=\"https:\/\/www.4h.se\/otorn\/besok\/\" \/>\n<meta property=\"og:site_name\" content=\"\u00d6stra Torns 4H G\u00e5rd\" \/>\n<meta property=\"article:modified_time\" content=\"2025-01-28T11:15:58+00:00\" \/>\n<meta property=\"og:image\" content=\"https:\/\/www.4h.se\/otorn\/wp-content\/uploads\/sites\/94\/2025\/01\/IMG_3726-970x728.jpg\" \/>\n<meta name=\"twitter:card\" content=\"summary_large_image\" \/>\n<script type=\"application\/ld+json\" class=\"yoast-schema-graph\">{\"@context\":\"https:\\\/\\\/schema.org\",\"@graph\":[{\"@type\":\"WebPage\",\"@id\":\"https:\\\/\\\/www.4h.se\\\/otorn\\\/besok\\\/\",\"url\":\"https:\\\/\\\/www.4h.se\\\/otorn\\\/besok\\\/\",\"name\":\"Bes\u00f6k - \u00d6stra Torns 4H G\u00e5rd\",\"isPartOf\":{\"@id\":\"https:\\\/\\\/www.4h.se\\\/otorn\\\/#website\"},\"primaryImageOfPage\":{\"@id\":\"https:\\\/\\\/www.4h.se\\\/otorn\\\/besok\\\/#primaryimage\"},\"image\":{\"@id\":\"https:\\\/\\\/www.4h.se\\\/otorn\\\/besok\\\/#primaryimage\"},\"thumbnailUrl\":\"https:\\\/\\\/www.4h.se\\\/otorn\\\/wp-content\\\/uploads\\\/sites\\\/94\\\/2025\\\/01\\\/IMG_3726-970x728.jpg\",\"datePublished\":\"2025-01-23T12:22:53+00:00\",\"dateModified\":\"2025-01-28T11:15:58+00:00\",\"description\":\"Bes\u00f6k \u00d6stra Torns 4H G\u00e5rd\",\"breadcrumb\":{\"@id\":\"https:\\\/\\\/www.4h.se\\\/otorn\\\/besok\\\/#breadcrumb\"},\"inLanguage\":\"sv-SE\",\"potentialAction\":[{\"@type\":\"ReadAction\",\"target\":[\"https:\\\/\\\/www.4h.se\\\/otorn\\\/besok\\\/\"]}]},{\"@type\":\"ImageObject\",\"inLanguage\":\"sv-SE\",\"@id\":\"https:\\\/\\\/www.4h.se\\\/otorn\\\/besok\\\/#primaryimage\",\"url\":\"https:\\\/\\\/www.4h.se\\\/otorn\\\/wp-content\\\/uploads\\\/sites\\\/94\\\/2025\\\/01\\\/IMG_3726.jpg\",\"contentUrl\":\"https:\\\/\\\/www.4h.se\\\/otorn\\\/wp-content\\\/uploads\\\/sites\\\/94\\\/2025\\\/01\\\/IMG_3726.jpg\",\"width\":2016,\"height\":1512,\"caption\":\"F\u00e5r\"},{\"@type\":\"BreadcrumbList\",\"@id\":\"https:\\\/\\\/www.4h.se\\\/otorn\\\/besok\\\/#breadcrumb\",\"itemListElement\":[{\"@type\":\"ListItem\",\"position\":1,\"name\":\"Hem\",\"item\":\"https:\\\/\\\/www.4h.se\\\/otorn\\\/\"},{\"@type\":\"ListItem\",\"position\":2,\"name\":\"Bes\u00f6k\"}]},{\"@type\":\"WebSite\",\"@id\":\"https:\\\/\\\/www.4h.se\\\/otorn\\\/#website\",\"url\":\"https:\\\/\\\/www.4h.se\\\/otorn\\\/\",\"name\":\"\u00d6stra Torns 4H G\u00e5rd\",\"description\":\"\",\"potentialAction\":[{\"@type\":\"SearchAction\",\"target\":{\"@type\":\"EntryPoint\",\"urlTemplate\":\"https:\\\/\\\/www.4h.se\\\/otorn\\\/?s={search_term_string}\"},\"query-input\":{\"@type\":\"PropertyValueSpecification\",\"valueRequired\":true,\"valueName\":\"search_term_string\"}}],\"inLanguage\":\"sv-SE\"}]}<\/script>\n<!-- \/ Yoast SEO plugin. -->","yoast_head_json":{"title":"Bes\u00f6k - \u00d6stra Torns 4H G\u00e5rd","description":"Bes\u00f6k \u00d6stra Torns 4H G\u00e5rd","robots":{"index":"index","follow":"follow","max-snippet":"max-snippet:-1","max-image-preview":"max-image-preview:large","max-video-preview":"max-video-preview:-1"},"canonical":"https:\/\/www.4h.se\/otorn\/besok\/","og_locale":"sv_SE","og_type":"article","og_title":"Bes\u00f6k - \u00d6stra Torns 4H G\u00e5rd","og_description":"Bes\u00f6k \u00d6stra Torns 4H G\u00e5rd","og_url":"https:\/\/www.4h.se\/otorn\/besok\/","og_site_name":"\u00d6stra Torns 4H G\u00e5rd","article_modified_time":"2025-01-28T11:15:58+00:00","og_image":[{"url":"https:\/\/www.4h.se\/otorn\/wp-content\/uploads\/sites\/94\/2025\/01\/IMG_3726-970x728.jpg","type":"","width":"","height":""}],"twitter_card":"summary_large_image","schema":{"@context":"https:\/\/schema.org","@graph":[{"@type":"WebPage","@id":"https:\/\/www.4h.se\/otorn\/besok\/","url":"https:\/\/www.4h.se\/otorn\/besok\/","name":"Bes\u00f6k - \u00d6stra Torns 4H G\u00e5rd","isPartOf":{"@id":"https:\/\/www.4h.se\/otorn\/#website"},"primaryImageOfPage":{"@id":"https:\/\/www.4h.se\/otorn\/besok\/#primaryimage"},"image":{"@id":"https:\/\/www.4h.se\/otorn\/besok\/#primaryimage"},"thumbnailUrl":"https:\/\/www.4h.se\/otorn\/wp-content\/uploads\/sites\/94\/2025\/01\/IMG_3726-970x728.jpg","datePublished":"2025-01-23T12:22:53+00:00","dateModified":"2025-01-28T11:15:58+00:00","description":"Bes\u00f6k \u00d6stra Torns 4H G\u00e5rd","breadcrumb":{"@id":"https:\/\/www.4h.se\/otorn\/besok\/#breadcrumb"},"inLanguage":"sv-SE","potentialAction":[{"@type":"ReadAction","target":["https:\/\/www.4h.se\/otorn\/besok\/"]}]},{"@type":"ImageObject","inLanguage":"sv-SE","@id":"https:\/\/www.4h.se\/otorn\/besok\/#primaryimage","url":"https:\/\/www.4h.se\/otorn\/wp-content\/uploads\/sites\/94\/2025\/01\/IMG_3726.jpg","contentUrl":"https:\/\/www.4h.se\/otorn\/wp-content\/uploads\/sites\/94\/2025\/01\/IMG_3726.jpg","width":2016,"height":1512,"caption":"F\u00e5r"},{"@type":"BreadcrumbList","@id":"https:\/\/www.4h.se\/otorn\/besok\/#breadcrumb","itemListElement":[{"@type":"ListItem","position":1,"name":"Hem","item":"https:\/\/www.4h.se\/otorn\/"},{"@type":"ListItem","position":2,"name":"Bes\u00f6k"}]},{"@type":"WebSite","@id":"https:\/\/www.4h.se\/otorn\/#website","url":"https:\/\/www.4h.se\/otorn\/","name":"\u00d6stra Torns 4H G\u00e5rd","description":"","potentialAction":[{"@type":"SearchAction","target":{"@type":"EntryPoint","urlTemplate":"https:\/\/www.4h.se\/otorn\/?s={search_term_string}"},"query-input":{"@type":"PropertyValueSpecification","valueRequired":true,"valueName":"search_term_string"}}],"inLanguage":"sv-SE"}]}},"_links":{"self":[{"href":"https:\/\/www.4h.se\/otorn\/wp-json\/wp\/v2\/pages\/625","targetHints":{"allow":["GET"]}}],"collection":[{"href":"https:\/\/www.4h.se\/otorn\/wp-json\/wp\/v2\/pages"}],"about":[{"href":"https:\/\/www.4h.se\/otorn\/wp-json\/wp\/v2\/types\/page"}],"author":[{"embeddable":true,"href":"https:\/\/www.4h.se\/otorn\/wp-json\/wp\/v2\/users\/117"}],"replies":[{"embeddable":true,"href":"https:\/\/www.4h.se\/otorn\/wp-json\/wp\/v2\/comments?post=625"}],"version-history":[{"count":0,"href":"https:\/\/www.4h.se\/otorn\/wp-json\/wp\/v2\/pages\/625\/revisions"}],"wp:attachment":[{"href":"https:\/\/www.4h.se\/otorn\/wp-json\/wp\/v2\/media?parent=625"}],"curies":[{"name":"wp","href":"https:\/\/api.w.org\/{rel}","templated":true}]}}