



{"id":519,"date":"2023-09-06T12:28:12","date_gmt":"2023-09-06T10:28:12","guid":{"rendered":"https:\/\/www.4h.se\/otorn\/?page_id=519"},"modified":"2026-01-15T15:40:57","modified_gmt":"2026-01-15T14:40:57","slug":"djuren","status":"publish","type":"page","link":"https:\/\/www.4h.se\/otorn\/djuren\/","title":{"rendered":"Djuren"},"content":{"rendered":"<div class=\"wpb-content-wrapper\"><p>[vc_row][vc_column][vc_column_text css=&#8221;&#8221;]<\/p>\n<h3><span style=\"color: #008000;\"><strong>H\u00e4r p\u00e5 \u00d6stra Torns 4H bor&nbsp;<\/strong><\/span><\/h3>\n<h4><span style=\"color: #008000;\">F\u00e5ren-<\/span>Hilda, Ellie &amp; aprilia<br \/>\n<span style=\"color: #008000;\">SVENSKA Dv\u00e4rgh\u00f6nsen-<\/span>4 st Agda &amp; Tuppen Tuppe<br \/>\n<span style=\"color: #008000;\">G\u00f6ingeGetterna-<\/span>Lilla-My &amp; Malinka<br \/>\n<span style=\"color: #008000;\">ponnys-<\/span>Maia, Gullan &amp; Ulla<br \/>\n<span style=\"color: #008000;\">Kaninerna &#8211;<\/span>Bacon &amp; Zigge<\/h4>\n<h4><a href=\"https:\/\/www.4h.se\/otorn\/sponsorer\/\"><span style=\"color: #008000;\"><strong>Vill du sponsra ett djur? L\u00e4s mer under fliken sponsorer<\/strong><\/span><\/a><\/h4>\n<p>[\/vc_column_text][vc_gallery type=&#8221;image_grid&#8221; images=&#8221;544,545,543,540,539,533,531,532,530,529,528,527,525,526,524,523,549&#8243; img_size=&#8221;medium&#8221; css=&#8221;&#8221;][vc_column_text][\/vc_column_text][\/vc_column][\/vc_row]<\/p>\n<\/div>","protected":false},"excerpt":{"rendered":"<p>[vc_row][vc_column][vc_column_text css=&#8221;&#8221;] H\u00e4r p\u00e5 \u00d6stra Torns 4H bor&nbsp; F\u00e5ren-Hilda, Ellie &amp; aprilia SVENSKA Dv\u00e4rgh\u00f6nsen-4 st Agda &amp; Tuppen Tuppe G\u00f6ingeGetterna-Lilla-My &amp; Malinka ponnys-Maia, Gullan &amp; Ulla Kaninerna &#8211;Bacon &amp; Zigge Vill du sponsra ett djur? L\u00e4s mer under fliken sponsorer [\/vc_column_text][vc_gallery type=&#8221;image_grid&#8221; images=&#8221;544,545,543,540,539,533,531,532,530,529,528,527,525,526,524,523,549&#8243; img_size=&#8221;medium&#8221; css=&#8221;&#8221;][vc_column_text][\/vc_column_text][\/vc_column][\/vc_row]<\/p>\n","protected":false},"author":117,"featured_media":0,"parent":0,"menu_order":0,"comment_status":"closed","ping_status":"closed","template":"","meta":{"_acf_changed":false,"footnotes":""},"class_list":["post-519","page","type-page","status-publish","hentry"],"acf":[],"yoast_head":"<!-- This site is optimized with the Yoast SEO plugin v27.5 - https:\/\/yoast.com\/product\/yoast-seo-wordpress\/ -->\n<title>Djuren - \u00d6stra Torns 4H G\u00e5rd<\/title>\n<meta name=\"description\" content=\"Djuren som finns p\u00e5 \u00d6stra Torns 4H G\u00e5rd\" \/>\n<meta name=\"robots\" content=\"index, follow, max-snippet:-1, max-image-preview:large, max-video-preview:-1\" \/>\n<link rel=\"canonical\" href=\"https:\/\/www.4h.se\/otorn\/djuren\/\" \/>\n<meta property=\"og:locale\" content=\"sv_SE\" \/>\n<meta property=\"og:type\" content=\"article\" \/>\n<meta property=\"og:title\" content=\"Djuren - \u00d6stra Torns 4H G\u00e5rd\" \/>\n<meta property=\"og:description\" content=\"Djuren som finns p\u00e5 \u00d6stra Torns 4H G\u00e5rd\" \/>\n<meta property=\"og:url\" content=\"https:\/\/www.4h.se\/otorn\/djuren\/\" \/>\n<meta property=\"og:site_name\" content=\"\u00d6stra Torns 4H G\u00e5rd\" \/>\n<meta property=\"article:modified_time\" content=\"2026-01-15T14:40:57+00:00\" \/>\n<meta name=\"twitter:card\" content=\"summary_large_image\" \/>\n<script type=\"application\/ld+json\" class=\"yoast-schema-graph\">{\"@context\":\"https:\\\/\\\/schema.org\",\"@graph\":[{\"@type\":\"WebPage\",\"@id\":\"https:\\\/\\\/www.4h.se\\\/otorn\\\/djuren\\\/\",\"url\":\"https:\\\/\\\/www.4h.se\\\/otorn\\\/djuren\\\/\",\"name\":\"Djuren - \u00d6stra Torns 4H G\u00e5rd\",\"isPartOf\":{\"@id\":\"https:\\\/\\\/www.4h.se\\\/otorn\\\/#website\"},\"datePublished\":\"2023-09-06T10:28:12+00:00\",\"dateModified\":\"2026-01-15T14:40:57+00:00\",\"description\":\"Djuren som finns p\u00e5 \u00d6stra Torns 4H G\u00e5rd\",\"breadcrumb\":{\"@id\":\"https:\\\/\\\/www.4h.se\\\/otorn\\\/djuren\\\/#breadcrumb\"},\"inLanguage\":\"sv-SE\",\"potentialAction\":[{\"@type\":\"ReadAction\",\"target\":[\"https:\\\/\\\/www.4h.se\\\/otorn\\\/djuren\\\/\"]}]},{\"@type\":\"BreadcrumbList\",\"@id\":\"https:\\\/\\\/www.4h.se\\\/otorn\\\/djuren\\\/#breadcrumb\",\"itemListElement\":[{\"@type\":\"ListItem\",\"position\":1,\"name\":\"Hem\",\"item\":\"https:\\\/\\\/www.4h.se\\\/otorn\\\/\"},{\"@type\":\"ListItem\",\"position\":2,\"name\":\"Djuren\"}]},{\"@type\":\"WebSite\",\"@id\":\"https:\\\/\\\/www.4h.se\\\/otorn\\\/#website\",\"url\":\"https:\\\/\\\/www.4h.se\\\/otorn\\\/\",\"name\":\"\u00d6stra Torns 4H G\u00e5rd\",\"description\":\"\",\"potentialAction\":[{\"@type\":\"SearchAction\",\"target\":{\"@type\":\"EntryPoint\",\"urlTemplate\":\"https:\\\/\\\/www.4h.se\\\/otorn\\\/?s={search_term_string}\"},\"query-input\":{\"@type\":\"PropertyValueSpecification\",\"valueRequired\":true,\"valueName\":\"search_term_string\"}}],\"inLanguage\":\"sv-SE\"}]}<\/script>\n<!-- \/ Yoast SEO plugin. -->","yoast_head_json":{"title":"Djuren - \u00d6stra Torns 4H G\u00e5rd","description":"Djuren som finns p\u00e5 \u00d6stra Torns 4H G\u00e5rd","robots":{"index":"index","follow":"follow","max-snippet":"max-snippet:-1","max-image-preview":"max-image-preview:large","max-video-preview":"max-video-preview:-1"},"canonical":"https:\/\/www.4h.se\/otorn\/djuren\/","og_locale":"sv_SE","og_type":"article","og_title":"Djuren - \u00d6stra Torns 4H G\u00e5rd","og_description":"Djuren som finns p\u00e5 \u00d6stra Torns 4H G\u00e5rd","og_url":"https:\/\/www.4h.se\/otorn\/djuren\/","og_site_name":"\u00d6stra Torns 4H G\u00e5rd","article_modified_time":"2026-01-15T14:40:57+00:00","twitter_card":"summary_large_image","schema":{"@context":"https:\/\/schema.org","@graph":[{"@type":"WebPage","@id":"https:\/\/www.4h.se\/otorn\/djuren\/","url":"https:\/\/www.4h.se\/otorn\/djuren\/","name":"Djuren - \u00d6stra Torns 4H G\u00e5rd","isPartOf":{"@id":"https:\/\/www.4h.se\/otorn\/#website"},"datePublished":"2023-09-06T10:28:12+00:00","dateModified":"2026-01-15T14:40:57+00:00","description":"Djuren som finns p\u00e5 \u00d6stra Torns 4H G\u00e5rd","breadcrumb":{"@id":"https:\/\/www.4h.se\/otorn\/djuren\/#breadcrumb"},"inLanguage":"sv-SE","potentialAction":[{"@type":"ReadAction","target":["https:\/\/www.4h.se\/otorn\/djuren\/"]}]},{"@type":"BreadcrumbList","@id":"https:\/\/www.4h.se\/otorn\/djuren\/#breadcrumb","itemListElement":[{"@type":"ListItem","position":1,"name":"Hem","item":"https:\/\/www.4h.se\/otorn\/"},{"@type":"ListItem","position":2,"name":"Djuren"}]},{"@type":"WebSite","@id":"https:\/\/www.4h.se\/otorn\/#website","url":"https:\/\/www.4h.se\/otorn\/","name":"\u00d6stra Torns 4H G\u00e5rd","description":"","potentialAction":[{"@type":"SearchAction","target":{"@type":"EntryPoint","urlTemplate":"https:\/\/www.4h.se\/otorn\/?s={search_term_string}"},"query-input":{"@type":"PropertyValueSpecification","valueRequired":true,"valueName":"search_term_string"}}],"inLanguage":"sv-SE"}]}},"_links":{"self":[{"href":"https:\/\/www.4h.se\/otorn\/wp-json\/wp\/v2\/pages\/519","targetHints":{"allow":["GET"]}}],"collection":[{"href":"https:\/\/www.4h.se\/otorn\/wp-json\/wp\/v2\/pages"}],"about":[{"href":"https:\/\/www.4h.se\/otorn\/wp-json\/wp\/v2\/types\/page"}],"author":[{"embeddable":true,"href":"https:\/\/www.4h.se\/otorn\/wp-json\/wp\/v2\/users\/117"}],"replies":[{"embeddable":true,"href":"https:\/\/www.4h.se\/otorn\/wp-json\/wp\/v2\/comments?post=519"}],"version-history":[{"count":0,"href":"https:\/\/www.4h.se\/otorn\/wp-json\/wp\/v2\/pages\/519\/revisions"}],"wp:attachment":[{"href":"https:\/\/www.4h.se\/otorn\/wp-json\/wp\/v2\/media?parent=519"}],"curies":[{"name":"wp","href":"https:\/\/api.w.org\/{rel}","templated":true}]}}