



{"id":455,"date":"2022-02-15T15:25:51","date_gmt":"2022-02-15T14:25:51","guid":{"rendered":"https:\/\/www.4h.se\/otorn\/?page_id=455"},"modified":"2025-01-22T12:06:02","modified_gmt":"2025-01-22T11:06:02","slug":"kaninstallet","status":"publish","type":"page","link":"https:\/\/www.4h.se\/otorn\/kaninstallet\/","title":{"rendered":"Kaninstallet"},"content":{"rendered":"<div class=\"wpb-content-wrapper\"><p>[vc_row][vc_column][vc_column_text]<\/p>\n<h3><span style=\"color: #008000;\">Kaninstallet<\/span><\/h3>\n<p>[\/vc_column_text][\/vc_column][\/vc_row][vc_row][vc_column width=&#8221;1\/2&#8243;][vc_column_text css=&#8221;&#8221;]<span style=\"color: #000000;\">I v\u00e5rt kaninstall kan medlemmar i klubben hyra en bur till sin egna kanin.<\/span><\/p>\n<p><span style=\"color: #000000;\">F\u00f6r medlemskap klicka<span style=\"color: #003300;\"> <a style=\"color: #003300;\" href=\"https:\/\/www.antribe.com\/org\/4h\/ostra-torns-4h\/bli-medlem\" target=\"_blank\" rel=\"noopener\">H\u00c4R<\/a><\/span><\/span><\/p>\n<p><span style=\"color: #000000;\">M\u00e5nadskostnaden per kanin \u00e4r 200kr\/m\u00e5nad. Max 2 kaniner per bur. Max 2 \u00c4gare\/bur<\/span><\/p>\n<p><span style=\"color: #000000;\">Du sk\u00f6ter sj\u00e4lv om din kanin och ser till att buren \u00e4r ren och kaninen m\u00e5r bra och f\u00e5r daglig sk\u00f6tsel, vatten, tuggmaterial och mat. F\u00f6rs\u00e4kring st\u00e5r du ocks\u00e5 sj\u00e4lv f\u00f6r.<\/span><\/p>\n<p><span style=\"color: #003300;\"><a style=\"color: #003300;\" href=\"https:\/\/www.lansstyrelsen.se\/download\/18.510c4d4817ee3b762bc206b6\/1645542709253\/Kaniner%20som%20s%C3%A4llskapsdjur%202020.pdf?TSPD_101_R0=088d4528d9ab2000943ce043467e162a2a05b104a020f56773e753e47bb1818e4c6646b6778b59bf088d8118001430003925fb0413efb72ce26e63d5ee1a74dc12e8070af2cd71aacd951025b8f179ccdc0a639dd767e262ba78796df1a8a257\" target=\"_blank\" rel=\"noopener\">H\u00c4R kan du l\u00e4sa hur du ska sk\u00f6ta om din kanin<\/a><\/span><\/p>\n<p><span style=\"color: #000000;\">1 kg pellets, sp\u00e5n, halm, h\u00f6 och sand ing\u00e5r i m\u00e5nadsavgiften som faktureras kvartalsvis.<\/span><br \/>\n<span style=\"color: #000000;\">En avgift p\u00e5 ca 600kr\/\u00e5r tillkommer f\u00f6r vaccination som vi g\u00f6r i grupp till sommaren.<\/span><br \/>\n<span style=\"color: #000000;\">Man f\u00f6rbinder sig \u00e4ven att 4ggr\/kalender\u00e5r sk\u00f6ta om g\u00e5rdens alla djur p\u00e5 helger och r\u00f6da dagar.<\/span><\/p>\n<p><span style=\"color: #000000;\">All inredning i buren st\u00e5r hyresg\u00e4sten sj\u00e4lv f\u00f6r. <\/span><\/p>\n<p><span style=\"color: #000000;\">\u00c4ven kodl\u00e5s, koden ges till personalen som m\u00e5ste kunna komma in i buren om kaninen ser ut att m\u00e5 d\u00e5ligt.<\/span><br \/>\n<span style=\"color: #000000;\">Kaninen m\u00e5ste vara fullvaccinerad och inte ha loppor eller l\u00f6ss.<\/span><br \/>\n<span style=\"color: #000000;\">Vaccinationskortet har vi i en p\u00e4rm p\u00e5 kontoret f\u00f6r att underl\u00e4tta gruppvaccineringen.<\/span><\/p>\n<p><span style=\"color: #000000;\">Dessutom ska hanar vara kastrerade och \u00f6ver 6 m\u00e5nader gamla.<\/span><\/p>\n<p><span style=\"color: #000000;\">Meddela alltid personalen om din kanin p\u00e5 n\u00e5got s\u00e4tt \u00e4r sjuk eller har f\u00e5tt ohyra.<\/span><br \/>\n<span style=\"color: #000000;\">Eller om du tar hem din kanin.<\/span><\/p>\n<p align=\"LEFT\"><span style=\"color: #000000;\">Vid passning \u00e4r det endast andra 4H-medlemmar som f\u00e5r passa din kanin p\u00e5 omr\u00e5det.<br \/>\nPersonalen m\u00e5ste veta detta och f\u00e5 kontaktuppgifter till den som ska sk\u00f6ta kaninen.<\/span><br \/>\n<span style=\"color: #000000;\"> Vi erbjuder d\u00e4rf\u00f6r kaninpassning<\/span><br \/>\n<span style=\"color: #000000;\">Passningskontrakt skrivs p\u00e5 kontoret och kostar 20kr\/dag<\/span><\/p>\n<p><span style=\"color: #000000;\">Vi till\u00e5ter inte avel och vi f\u00f6ljer L\u00e4nstyrelsens regler f\u00f6r Kaninpark.<\/span><\/p>\n<p><span style=\"text-decoration: underline;\"><span style=\"color: #000000; text-decoration: underline;\">Endast 4H-hyresg\u00e4ster f\u00e5r befinna sig inom kaninparkomr\u00e5det<br \/>\neftersom kaninerna \u00e4r privat\u00e4gda ing\u00e5r de inte i g\u00e5rdens tillst\u00e5nd f\u00f6r offentlig f\u00f6revisning.<\/span><\/span><\/p>\n<p><span style=\"text-decoration: underline; color: #ff0000;\"><span style=\"color: #008000; text-decoration: underline;\">Just nu finns det burar lediga<\/span><\/span><\/p>\n<p><span style=\"color: #ff0000;\">Maila otorn@4h.se f\u00f6r f\u00f6rmedling<\/span>[\/vc_column_text][\/vc_column][vc_column width=&#8221;1\/2&#8243;][vc_single_image image=&#8221;515&#8243; img_size=&#8221;full&#8221;][vc_column_text]<\/p>\n<h4><span style=\"color: #008000;\">\u00a0<strong>KANINPASSNING<\/strong><\/span><\/h4>\n<p>F\u00f6r er som hyr bur hos oss kan vi erbjuda kaninpassning. D\u00e5 ger vi er kanin\u00a0daglig tillsyn och ger mat och vatten och bytar l\u00e5dan vid behov.<\/p>\n<p>Buren ska vara ordenligt st\u00e4dad innan passningen.<\/p>\n<p>Kostnad 20kr\/dag. Vi kan max passa 10 kaniner samtidigt s\u00e5 var ute i god tid s\u00e4rskilt under semestern.<\/p>\n<p>Prata med personalen s\u00e5 skriver vi ett passningskontrakt.<\/p>\n<p><span style=\"text-decoration: underline;\">Vi kan tyv\u00e4rr inte erbjuda passning av\u00a0andra kaniner \u00e4n de som redan bor p\u00e5 4H l\u00e4ngre.<\/span><\/p>\n<p>&nbsp;<\/p>\n<p>&nbsp;<\/p>\n<p>&nbsp;<\/p>\n<p>&nbsp;[\/vc_column_text][\/vc_column][\/vc_row]<\/p>\n<\/div>","protected":false},"excerpt":{"rendered":"<p>[vc_row][vc_column][vc_column_text] Kaninstallet [\/vc_column_text][\/vc_column][\/vc_row][vc_row][vc_column width=&#8221;1\/2&#8243;][vc_column_text css=&#8221;&#8221;]I v\u00e5rt kaninstall kan medlemmar i klubben hyra en bur till sin egna kanin. F\u00f6r medlemskap klicka H\u00c4R M\u00e5nadskostnaden per kanin \u00e4r 200kr\/m\u00e5nad. Max 2 kaniner per bur. Max 2 \u00c4gare\/bur Du sk\u00f6ter sj\u00e4lv om din kanin och ser till att buren \u00e4r ren och kaninen m\u00e5r bra och f\u00e5r daglig&nbsp; <a href=\"https:\/\/www.4h.se\/otorn\/kaninstallet\/\">&hellip; Read more <i class=\"glyphicon glyphicon-arrow-right\"><\/i><\/a><\/p>\n","protected":false},"author":117,"featured_media":0,"parent":0,"menu_order":0,"comment_status":"closed","ping_status":"closed","template":"","meta":{"_acf_changed":false,"footnotes":""},"class_list":["post-455","page","type-page","status-publish","hentry"],"acf":[],"yoast_head":"<!-- This site is optimized with the Yoast SEO plugin v27.5 - https:\/\/yoast.com\/product\/yoast-seo-wordpress\/ -->\n<title>Kaninstallet - \u00d6stra Torns 4H G\u00e5rd<\/title>\n<meta name=\"robots\" content=\"index, follow, max-snippet:-1, max-image-preview:large, max-video-preview:-1\" \/>\n<link rel=\"canonical\" href=\"https:\/\/www.4h.se\/otorn\/kaninstallet\/\" \/>\n<meta property=\"og:locale\" content=\"sv_SE\" \/>\n<meta property=\"og:type\" content=\"article\" \/>\n<meta property=\"og:title\" content=\"Kaninstallet - \u00d6stra Torns 4H G\u00e5rd\" \/>\n<meta property=\"og:description\" content=\"[vc_row][vc_column][vc_column_text] Kaninstallet [\/vc_column_text][\/vc_column][\/vc_row][vc_row][vc_column width=&#8221;1\/2&#8243;][vc_column_text css=&#8221;&#8221;]I v\u00e5rt kaninstall kan medlemmar i klubben hyra en bur till sin egna kanin. F\u00f6r medlemskap klicka H\u00c4R M\u00e5nadskostnaden per kanin \u00e4r 200kr\/m\u00e5nad. Max 2 kaniner per bur. Max 2 \u00c4gare\/bur Du sk\u00f6ter sj\u00e4lv om din kanin och ser till att buren \u00e4r ren och kaninen m\u00e5r bra och f\u00e5r daglig&nbsp; &hellip; Read more\" \/>\n<meta property=\"og:url\" content=\"https:\/\/www.4h.se\/otorn\/kaninstallet\/\" \/>\n<meta property=\"og:site_name\" content=\"\u00d6stra Torns 4H G\u00e5rd\" \/>\n<meta property=\"article:modified_time\" content=\"2025-01-22T11:06:02+00:00\" \/>\n<meta name=\"twitter:card\" content=\"summary_large_image\" \/>\n<meta name=\"twitter:label1\" content=\"Ber\u00e4knad l\u00e4stid\" \/>\n\t<meta name=\"twitter:data1\" content=\"2 minuter\" \/>\n<script type=\"application\/ld+json\" class=\"yoast-schema-graph\">{\"@context\":\"https:\\\/\\\/schema.org\",\"@graph\":[{\"@type\":\"WebPage\",\"@id\":\"https:\\\/\\\/www.4h.se\\\/otorn\\\/kaninstallet\\\/\",\"url\":\"https:\\\/\\\/www.4h.se\\\/otorn\\\/kaninstallet\\\/\",\"name\":\"Kaninstallet - \u00d6stra Torns 4H G\u00e5rd\",\"isPartOf\":{\"@id\":\"https:\\\/\\\/www.4h.se\\\/otorn\\\/#website\"},\"datePublished\":\"2022-02-15T14:25:51+00:00\",\"dateModified\":\"2025-01-22T11:06:02+00:00\",\"breadcrumb\":{\"@id\":\"https:\\\/\\\/www.4h.se\\\/otorn\\\/kaninstallet\\\/#breadcrumb\"},\"inLanguage\":\"sv-SE\",\"potentialAction\":[{\"@type\":\"ReadAction\",\"target\":[\"https:\\\/\\\/www.4h.se\\\/otorn\\\/kaninstallet\\\/\"]}]},{\"@type\":\"BreadcrumbList\",\"@id\":\"https:\\\/\\\/www.4h.se\\\/otorn\\\/kaninstallet\\\/#breadcrumb\",\"itemListElement\":[{\"@type\":\"ListItem\",\"position\":1,\"name\":\"Hem\",\"item\":\"https:\\\/\\\/www.4h.se\\\/otorn\\\/\"},{\"@type\":\"ListItem\",\"position\":2,\"name\":\"Kaninstallet\"}]},{\"@type\":\"WebSite\",\"@id\":\"https:\\\/\\\/www.4h.se\\\/otorn\\\/#website\",\"url\":\"https:\\\/\\\/www.4h.se\\\/otorn\\\/\",\"name\":\"\u00d6stra Torns 4H G\u00e5rd\",\"description\":\"\",\"potentialAction\":[{\"@type\":\"SearchAction\",\"target\":{\"@type\":\"EntryPoint\",\"urlTemplate\":\"https:\\\/\\\/www.4h.se\\\/otorn\\\/?s={search_term_string}\"},\"query-input\":{\"@type\":\"PropertyValueSpecification\",\"valueRequired\":true,\"valueName\":\"search_term_string\"}}],\"inLanguage\":\"sv-SE\"}]}<\/script>\n<!-- \/ Yoast SEO plugin. -->","yoast_head_json":{"title":"Kaninstallet - \u00d6stra Torns 4H G\u00e5rd","robots":{"index":"index","follow":"follow","max-snippet":"max-snippet:-1","max-image-preview":"max-image-preview:large","max-video-preview":"max-video-preview:-1"},"canonical":"https:\/\/www.4h.se\/otorn\/kaninstallet\/","og_locale":"sv_SE","og_type":"article","og_title":"Kaninstallet - \u00d6stra Torns 4H G\u00e5rd","og_description":"[vc_row][vc_column][vc_column_text] Kaninstallet [\/vc_column_text][\/vc_column][\/vc_row][vc_row][vc_column width=&#8221;1\/2&#8243;][vc_column_text css=&#8221;&#8221;]I v\u00e5rt kaninstall kan medlemmar i klubben hyra en bur till sin egna kanin. F\u00f6r medlemskap klicka H\u00c4R M\u00e5nadskostnaden per kanin \u00e4r 200kr\/m\u00e5nad. Max 2 kaniner per bur. Max 2 \u00c4gare\/bur Du sk\u00f6ter sj\u00e4lv om din kanin och ser till att buren \u00e4r ren och kaninen m\u00e5r bra och f\u00e5r daglig&nbsp; &hellip; Read more","og_url":"https:\/\/www.4h.se\/otorn\/kaninstallet\/","og_site_name":"\u00d6stra Torns 4H G\u00e5rd","article_modified_time":"2025-01-22T11:06:02+00:00","twitter_card":"summary_large_image","twitter_misc":{"Ber\u00e4knad l\u00e4stid":"2 minuter"},"schema":{"@context":"https:\/\/schema.org","@graph":[{"@type":"WebPage","@id":"https:\/\/www.4h.se\/otorn\/kaninstallet\/","url":"https:\/\/www.4h.se\/otorn\/kaninstallet\/","name":"Kaninstallet - \u00d6stra Torns 4H G\u00e5rd","isPartOf":{"@id":"https:\/\/www.4h.se\/otorn\/#website"},"datePublished":"2022-02-15T14:25:51+00:00","dateModified":"2025-01-22T11:06:02+00:00","breadcrumb":{"@id":"https:\/\/www.4h.se\/otorn\/kaninstallet\/#breadcrumb"},"inLanguage":"sv-SE","potentialAction":[{"@type":"ReadAction","target":["https:\/\/www.4h.se\/otorn\/kaninstallet\/"]}]},{"@type":"BreadcrumbList","@id":"https:\/\/www.4h.se\/otorn\/kaninstallet\/#breadcrumb","itemListElement":[{"@type":"ListItem","position":1,"name":"Hem","item":"https:\/\/www.4h.se\/otorn\/"},{"@type":"ListItem","position":2,"name":"Kaninstallet"}]},{"@type":"WebSite","@id":"https:\/\/www.4h.se\/otorn\/#website","url":"https:\/\/www.4h.se\/otorn\/","name":"\u00d6stra Torns 4H G\u00e5rd","description":"","potentialAction":[{"@type":"SearchAction","target":{"@type":"EntryPoint","urlTemplate":"https:\/\/www.4h.se\/otorn\/?s={search_term_string}"},"query-input":{"@type":"PropertyValueSpecification","valueRequired":true,"valueName":"search_term_string"}}],"inLanguage":"sv-SE"}]}},"_links":{"self":[{"href":"https:\/\/www.4h.se\/otorn\/wp-json\/wp\/v2\/pages\/455","targetHints":{"allow":["GET"]}}],"collection":[{"href":"https:\/\/www.4h.se\/otorn\/wp-json\/wp\/v2\/pages"}],"about":[{"href":"https:\/\/www.4h.se\/otorn\/wp-json\/wp\/v2\/types\/page"}],"author":[{"embeddable":true,"href":"https:\/\/www.4h.se\/otorn\/wp-json\/wp\/v2\/users\/117"}],"replies":[{"embeddable":true,"href":"https:\/\/www.4h.se\/otorn\/wp-json\/wp\/v2\/comments?post=455"}],"version-history":[{"count":0,"href":"https:\/\/www.4h.se\/otorn\/wp-json\/wp\/v2\/pages\/455\/revisions"}],"wp:attachment":[{"href":"https:\/\/www.4h.se\/otorn\/wp-json\/wp\/v2\/media?parent=455"}],"curies":[{"name":"wp","href":"https:\/\/api.w.org\/{rel}","templated":true}]}}