



{"id":39,"date":"2014-12-09T20:10:35","date_gmt":"2014-12-09T19:10:35","guid":{"rendered":"http:\/\/www.4h.se\/rix16\/?page_id=39"},"modified":"2026-04-10T10:30:01","modified_gmt":"2026-04-10T08:30:01","slug":"hem","status":"publish","type":"page","link":"https:\/\/www.4h.se\/otorn\/","title":{"rendered":"Startsida"},"content":{"rendered":"<div class=\"wpb-content-wrapper\"><p>[vc_row][vc_column width=&#8221;1\/2&#8243;][vc_column_text css=&#8221;&#8221;]<\/p>\n<h3><span style=\"color: #008000;\">DAGKOLLO P\u00c5 4H<\/span><\/h3>\n<p><strong>V\u00e4lkomna p\u00e5 dagkollo p\u00e5 \u00d6stra Torns 4H! <\/strong><br \/>\n<strong>Detta femdagars sommarl\u00e4ger erbjuder barnen en aktiv och kreativ upplevelse i naturen.<\/strong><br \/>\n<strong>Programmet kombinerar naturhantverk, cirkuspedagogik och matlagning utomhus.<\/strong><br \/>\n<strong>Begr\u00e4nsat antal platser s\u00e5 f\u00f6rst till kvarn!<\/strong><\/p>\n<p><img loading=\"lazy\" decoding=\"async\" class=\"xz74otr x15mokao x1ga7v0g x16uus16 xbiv7yw\" src=\"https:\/\/static.xx.fbcdn.net\/images\/emoji.php\/v9\/t1e\/1\/16\/1f33f.png\" alt=\"\ud83c\udf3f\" width=\"16\" height=\"16\"><strong><span style=\"font-family: Arial; font-size: 14px;\"> Dagsprogram<\/span><\/strong><\/p>\n<div dir=\"auto\">09.00\u201309.30<\/div>\n<div dir=\"auto\">Ankomst &amp; morgoncirkel<\/div>\n<div dir=\"auto\">V\u00e4lkomnande, avprickning, kort uppv\u00e4rmning och introduktion till dagen.<\/div>\n<div dir=\"auto\">09.30\u201311.00<\/div>\n<div dir=\"auto\">Cirkus &amp; r\u00f6relse<\/div>\n<div dir=\"auto\">Lekfulla \u00f6vningar med balans, jonglering och samarbete.<\/div>\n<div dir=\"auto\">11.00\u201311.15<\/div>\n<div dir=\"auto\">Fruktpaus<\/div>\n<div dir=\"auto\">Kort paus med frukt och vatten.<\/div>\n<div dir=\"auto\">11.15\u201312.00<\/div>\n<div dir=\"auto\">Lunchf\u00f6rberedelse tillsammans<\/div>\n<div dir=\"auto\">Barnen deltar i att f\u00f6rbereda enkel mat utomhus och l\u00e4r sig grundl\u00e4ggande matlagning och samarbete.<\/div>\n<div dir=\"auto\">12.00\u201312.30<\/div>\n<div dir=\"auto\">Lunch<\/div>\n<div dir=\"auto\">12.30\u201313.00<\/div>\n<div dir=\"auto\">Vila &amp; sagostund<\/div>\n<div dir=\"auto\">En lugn stund med h\u00f6gl\u00e4sning och \u00e5terh\u00e4mtning.<\/div>\n<div dir=\"auto\">13.00\u201314.30<\/div>\n<div dir=\"auto\">Skapande i naturen<\/div>\n<div dir=\"auto\">Hantverk och kreativt arbete med s\u00e4songens material.<\/div>\n<div dir=\"auto\">14.30\u201315.00<\/div>\n<div dir=\"auto\">Mellanm\u00e5l &amp; avslutande cirkel<\/div>\n<div dir=\"auto\">Eftermiddagssnack (frukt, sm\u00f6rg\u00e5s eller yoghurt), reflektion \u00f6ver dagen och lugn lek innan h\u00e4mtning<\/div>\n<p><b>OBS: F\u00f6r att kunna delta i l\u00e4gret beh\u00f6ver barnet vara medlem i 4H. Medlemskapet (300 kr\/\u00e5r) inkluderar f\u00f6rs\u00e4kring.<br \/>\n<\/b><b>Om barnet inte redan \u00e4r medlem finns en l\u00e4nk i slutet av anm\u00e4lan d\u00e4r ni enkelt kan registrera er.&nbsp;&nbsp;<\/b><\/p>\n<h4>Anm\u00e4lan sker via den h\u00e4r l\u00e4nken: <span class=\"html-span xdj266r x14z9mp xat24cr x1lziwak xexx8yu xyri2b x18d9i69 x1c1uobl x1hl2dhg x16tdsg8 x1vvkbs\"><a class=\"x1i10hfl xjbqb8w x1ejq31n x18oe1m7 x1sy0etr xstzfhl x972fbf x10w94by x1qhh985 x14e42zd x9f619 x1ypdohk xt0psk2 x3ct3a4 xdj266r x14z9mp xat24cr x1lziwak xexx8yu xyri2b x18d9i69 x1c1uobl x16tdsg8 x1hl2dhg xggy1nq x1a2a7pz xkrqix3 x1sur9pj x1fey0fg x1s688f\" tabindex=\"0\" role=\"link\" href=\"https:\/\/forms.gle\/h6Z6dt9AriJNLcHaA?fbclid=IwZXh0bgNhZW0CMTAAYnJpZBEwRjdmTDk2SWpxdjlSd3JSUHNydGMGYXBwX2lkEDIyMjAzOTE3ODgyMDA4OTIAAR6U8nbeosc5_TephwpYZzbxHg0p8BFFMf2Tfcb4_tp_toxfLKHj8FXnlS6Uzg_aem_fm5KZYrGzzln00IhWNiCqw\" target=\"_blank\" rel=\"nofollow noopener noreferrer\">https:\/\/forms.gle\/h6Z6dt9AriJNLcHaA<\/a><\/span><\/h4>\n<p>[\/vc_column_text][vc_column_text css=&#8221;&#8221;]<\/p>\n<h4><\/h4>\n<h4><\/h4>\n<h4><span style=\"color: #008000;\">Nu beh\u00f6ver vi Er hj\u00e4lp! <span class=\"html-span xexx8yu xyri2b x18d9i69 x1c1uobl x1hl2dhg x16tdsg8 x1vvkbs x3nfvp2 x1j61x8r x1fcty0u xdj266r xat24cr xm2jcoa x1mpyi22 xxymvpz xlup9mm x1kky2od\"><img loading=\"lazy\" decoding=\"async\" class=\"xz74otr x15mokao x1ga7v0g x16uus16 xbiv7yw\" src=\"https:\/\/static.xx.fbcdn.net\/images\/emoji.php\/v9\/t87\/1\/16\/1f340.png\" alt=\"\ud83c\udf40\" width=\"16\" height=\"16\"><\/span><span class=\"html-span xexx8yu xyri2b x18d9i69 x1c1uobl x1hl2dhg x16tdsg8 x1vvkbs x3nfvp2 x1j61x8r x1fcty0u xdj266r xat24cr xm2jcoa x1mpyi22 xxymvpz xlup9mm x1kky2od\"><img loading=\"lazy\" decoding=\"async\" class=\"xz74otr x15mokao x1ga7v0g x16uus16 xbiv7yw\" src=\"https:\/\/static.xx.fbcdn.net\/images\/emoji.php\/v9\/t50\/1\/16\/2757.png\" alt=\"\u2757\ufe0f\" width=\"16\" height=\"16\"><\/span><\/span><\/h4>\n<h4><br class=\"html-br\">F\u00f6r att 4H g\u00e5rden ska forts\u00e4tta beh\u00f6ver vi fler engagerade i v\u00e5r styrelse.<br \/>\nIngen styrelse= ingen g\u00e5rd.<br class=\"html-br\">Varmt v\u00e4lkomna p\u00e5 \u00c5rsm\u00f6te den 1 mars kl. 10:00. Vi bjuder p\u00e5 kaffe och fika, s\u00e5klart!<br class=\"html-br\">Plats: \u00d6stra Torns 4H g\u00e5rd<br class=\"html-br\">\u00d6stratornsv\u00e4gen 2, Lund<br class=\"html-br\">Vi blir toppenglada om ni vill hj\u00e4lpa oss!<span class=\"html-span xexx8yu xyri2b x18d9i69 x1c1uobl x1hl2dhg x16tdsg8 x1vvkbs x3nfvp2 x1j61x8r x1fcty0u xdj266r xat24cr xm2jcoa x1mpyi22 xxymvpz xlup9mm x1kky2od\"><img loading=\"lazy\" decoding=\"async\" class=\"xz74otr x15mokao x1ga7v0g x16uus16 xbiv7yw\" src=\"https:\/\/static.xx.fbcdn.net\/images\/emoji.php\/v9\/t87\/1\/16\/1f340.png\" alt=\"\ud83c\udf40\" width=\"16\" height=\"16\"><br \/>\n<\/span><\/h4>\n<h4>P\u00c5MINNELSE: Gl\u00f6m inte att f\u00f6rnya ert medlemskap! Eller varf\u00f6r inte bli ny medlem om du inte varit det tidigare?<br \/>\nAll hj\u00e4lp \u00e4r v\u00e4rdefull.<\/h4>\n<p>&nbsp;<\/p>\n<p>&nbsp;<\/p>\n<p>&nbsp;[\/vc_column_text][vc_column_text css=&#8221;&#8221;]<\/p>\n<h2><span style=\"color: #008000;\">V\u00e4lkommen till&nbsp;\u00d6stra Torns 4H G\u00e5rd<\/span><\/h2>\n<h4><span style=\"color: #008000;\">Hej alla medlemmar<\/span><\/h4>\n<p>Vi i styrelsen f\u00f6r \u00d6stra Torns 4H vill informera Er om det aktuella l\u00e4get f\u00f6r g\u00e5rden.<br \/>\nV\u00e5ren 2024 sa Fritidsf\u00f6rvaltningen upp avtalet med 4H och sedan dess s\u00e5 fortg\u00e5r en dialog kring v\u00e5r verksamhet. Kommunen vill g\u00e5 fr\u00e5n att ge ett avtalsbidrag till att vi \u00e5rligen ska ans\u00f6ka om pengar till verksamheten.<br \/>\nDet nuvarande bidraget har inte \u00f6kat sedan 2012. Under denna tid har bl a foderkostnaderna \u00f6kat med 400%, och \u00f6vriga kostnader med minst 60%.<br \/>\nFritidsf\u00f6rvaltningen har sagt att man vill ha g\u00e5rden kvar men att vi inte kan f\u00e5 besked om f\u00f6ruts\u00e4ttningarna f\u00f6rr\u00e4n i december efter n\u00e4mndens m\u00f6te.<br \/>\nMed anledning av detta har vi varit tvungna att s\u00e4ga upp personalen som \u00e4r anst\u00e4llda fram till 31 december men vi hoppas givetvis p\u00e5 ett positivt besked fr\u00e5n n\u00e4mnden.<br \/>\nVi har ocks\u00e5 n\u00e4mnt f\u00f6r n\u00e4mnden att vi beh\u00f6ver en st\u00f6rre klubblokal och b\u00e4ttre kontor\/personalutrymme f\u00f6r att kunna utveckla verksamheten med bl.a l\u00e4ger och studiebes\u00f6k.<br \/>\nH\u00e4r \u00e4r en l\u00e4nk d\u00e4r Ni kan l\u00e4sa mer om hur 4H vill jobba om vi f\u00e5r de f\u00f6ruts\u00e4ttningar som kr\u00e4vs <a href=\"http:\/\/www.4h.se\"><strong><span style=\"color: #008000;\">www.4h.se<\/span><\/strong><\/a><\/p>\n<p>Trots allt vill vi se fram\u00e5t och Ni medlemmar och f\u00f6r\u00e4ldrar \u00e4r det viktigaste vi har p\u00e5 4H och skulle g\u00e4rna vilja att vi alla hj\u00e4lps \u00e5t att bevara 4H-g\u00e5rden f\u00f6r framtiden.<\/p>\n<p>Skulle Du ha m\u00f6jlighet att hj\u00e4lpa till med n\u00e5got kontakta <a href=\"http:\/\/www.ostratornsstyrelse2023@4h.se\">ostratornsstyrelse2023@4h.se<\/a><br \/>\nVi skulle g\u00e4rna vilja ha n\u00e5gra som skulle kunna t\u00e4nka sig att:<\/p>\n<ul>\n<li>Hj\u00e4lpa till med 4H-dagen, marknadsf\u00f6ring, aktiviteter, fixa fika mm.<\/li>\n<li>Anordna fixardagar p\u00e5 g\u00e5rden v\u00e5r o h\u00f6st, fixa i och kring stallet.<\/li>\n<li>Ekonomigrupp &#8211; hj\u00e4lpa till med uppf\u00f6ljning av ekonomi, s\u00f6ka sponsorer och bidrag.<\/li>\n<li>Hj\u00e4lpa till med verksamhetsutveckling<\/li>\n<li>Styrelsearbete<\/li>\n<li>Med mera<\/li>\n<\/ul>\n<p>Du f\u00e5r g\u00e4rna hj\u00e4lpa oss genom att tala om hur viktig 4H-g\u00e5rden \u00e4r f\u00f6r Dig och f\u00f6r Lund genom att kontakta fritidsn\u00e4mndens politiker.<\/p>\n<p>Dessa hittar Du h\u00e4r Kultur- och fritidsn\u00e4mnden<br \/>\nVi hoppas p\u00e5 Ert st\u00f6d i detta, det \u00e4r en tuff tid b\u00e5de f\u00f6r v\u00e5ra anst\u00e4llda och f\u00f6r oss som styrelse men vi hoppas p\u00e5 att 2026 ska bli en nystart f\u00f6r oss med st\u00f6rre m\u00f6jligheter att erbjuda verksamhet f\u00f6r barn och unga i Lund.<\/p>\n<p><strong><span style=\"color: #008000;\">Med v\u00e4nliga h\u00e4lsningar,<\/span><\/strong><br \/>\n<strong><span style=\"color: #008000;\">\u00d6stra Torns 4H &#8211; Klubb<\/span><\/strong><\/p>\n<p>&nbsp;<\/p>\n<h4 style=\"color: #333333; text-align: left;\" align=\"CENTER\"><span style=\"color: #008000;\">TILL<\/span><span style=\"color: #008000;\"> ALLM\u00c4NH<\/span><span style=\"color: #008000;\">ETEN<\/span><\/h4>\n<p style=\"color: #333333; text-align: left;\" align=\"CENTER\"><em>EFTER G\u00c5RDENS ST\u00c4NGNINGSTIDER, KV\u00c4LLAR OCH HELGER SKA INGEN PERSON BEFINNA SIG I DJURENS HAGAR. OM NI SER N\u00c5GON I HAGARNA ELLER N\u00c5GOT DJUR \u00c4R SKADAT ELLER SITTER FAST-V\u00c4NLIGEN MEDDELA ANSVARIG PERSONAL P\u00c5 G\u00c5RDEN P\u00c5 Tel. 0730798392<\/em><\/p>\n<h4><span style=\"color: #008000;\">G\u00e5rden<\/span><\/h4>\n<p><span style=\"color: #000000;\">4H-G\u00e5rden ligger tillsammans med Kl\u00e4tterklubben, Fritidsklubben och F\u00f6rskolan p\u00e5 \u00d6stratornsv\u00e4gen 2 i norra delen av Lund. Vi finns i den gamla stallbyggnade inne p\u00e5 g\u00e5rden.<\/span><\/p>\n<p><span style=\"color: #000000;\">Huvuddelen av 4H:s verksamhet drivs av en ideell 4H-klubb.<\/span><br \/>\n<span style=\"color: #000000;\">Varje klubb har en klubbstyrelse och vissa (framf\u00f6r allt 4H-g\u00e5rdar) har anst\u00e4llda.<\/span><br \/>\n<span style=\"color: #000000;\">P\u00e5 ett \u00e5rsm\u00f6te tills\u00e4tts<strong><span style=\"color: #008000;\"> <a style=\"color: #008000;\" href=\"https:\/\/www.4h.se\/otorn\/styrelsen\/\">s<\/a><\/span><\/strong><\/span><strong><span style=\"color: #008000;\"><a style=\"color: #008000;\" href=\"https:\/\/www.4h.se\/otorn\/styrelsen\/\">tyrelsen<\/a> <\/span><\/strong><span style=\"color: #000000;\">f\u00f6r klubben och det beslutas hur klubben ska bedriva sin verksamhet.<\/span><\/p>\n<p><span style=\"color: #000000;\">P\u00e5 \u00d6stra torns 4H G\u00e5rd arbetar Isabel och Martina som p\u00e5 vardagar sk\u00f6ter allt p\u00e5 g\u00e5rden fr\u00e5n djursk\u00f6tsel till aktiviteter.<\/span><br \/>\n<span style=\"color: #000000;\">Medlemmar med kanin p\u00e5 g\u00e5rden tar hand om djuren p\u00e5 helgerna.<\/span><\/p>\n<p><span style=\"color: #000000;\">I stallet har personalen sitt kontor och brevid detta ligger medlemmarnas klubbrum.<\/span><br \/>\n<span style=\"color: #000000;\">Toalett med tv\u00e5l, handsprit, varm vatten och torkpapper finns f\u00f6r allm\u00e4nheten inne i stallet.<\/span><br \/>\n<span style=\"color: #000000;\">Eftersom det \u00e4r en v\u00e4ldigt gammal byggnad s\u00e5 \u00e4r stallg\u00e5ngarna v\u00e4ldigt tr\u00e5nga.<\/span><\/p>\n<p><span style=\"color: #000000;\">Vi ber er alla att l\u00e4sa igenom sidan <span style=\"color: #008000;\"><a style=\"color: #008000;\" href=\"https:\/\/www.4h.se\/otorn\/besok\/\"><strong>Bes\u00f6k<\/strong> <\/a><\/span>i menyn innan ni bes\u00f6ker g\u00e5rden s\u00e5 vet ni vad ni b\u00f6r t\u00e4nka p\u00e5 och vilka regler som g\u00e4ller.<br \/>\n<\/span><br \/>\n<span style=\"color: #000000;\">Alla \u00e4r v\u00e4lkomna hit att titta p\u00e5 djuren, men f\u00f6r att ta del av djursk\u00f6tsel, <span style=\"font-family: inherit;\">f\u00e5 g\u00e5 i<\/span><span style=\"font-family: inherit;\">n till djuren och vara med p\u00e5 aktiviteter m\u00e5ste man vara medlem i \u00d6stra Torns 4H-Klubb.<br \/>\n<\/span><a style=\"color: #000000;\" href=\"https:\/\/www.4h.se\/otorn\/bli-medlem\/\"><span style=\"font-family: inherit;\">Klicka <\/span>h\u00e4r<span style=\"font-family: inherit;\"> f\u00f6r <\/span><span style=\"color: #008000;\"><strong><span style=\"font-family: inherit;\">Medlemskap<\/span><\/strong><\/span><\/a><\/span><\/p>\n<p style=\"text-align: left;\"><span style=\"color: #000000;\">Vi anordnar en 4H-dag en g\u00e5ng per \u00e5r d\u00e4r vi erbjuder allm\u00e4nheten olika aktiviteter som te.x ponnyridning, kaninklappning, f\u00e5rklappning, ansiktsm\u00e5lning och live musik. Det erbjuds ocks\u00e5 grillad korv, kaffe, te, saft och kakor f\u00f6r en billig peng.<\/span><br \/>\n<span style=\"color: #000000;\">Ett stort tack till <span style=\"color: #008000;\"><strong>COOP, Fl\u00f6jtv\u00e4gen i Lund<\/strong><\/span> som har sponsrat f\u00f6reningen med detta och f\u00f6r deras alltid lika trevliga bem\u00f6tande och goda samarbete.&nbsp;<\/span><\/p>\n<h4 style=\"text-align: left;\"><span style=\"color: #008000;\">Djuren<\/span><\/h4>\n<p style=\"text-align: left;\"><span style=\"color: #000000;\">P\u00e5 g\u00e5rden har vi just nu 2 Shetlandsponnys, 1 B-ponny, 3 f\u00e5r, 2 getter, h\u00f6ns och kaniner.<br \/>\nVi s\u00f6ker <span style=\"color: #008000;\"><strong><a style=\"color: #008000;\" href=\"https:\/\/www.4h.se\/otorn\/sponsorer\/\">SPONSORER<\/a><\/strong><\/span> f\u00f6r hj\u00e4lp med kostnader f\u00f6r djuren. Vill du sponsra ett djur &amp; st\u00e5 med p\u00e5 v\u00e5r sponsortavla?<br \/>\nL\u00e4s mer <\/span><strong><span style=\"color: #008000;\"><a style=\"color: #008000;\" href=\"https:\/\/www.4h.se\/otorn\/sponsorer\/\">H\u00c4R <\/a><\/span><\/strong><span style=\"color: #000000;\">Kontakta otorn@4h.se eller skicka ett sms till 0730798392.<\/span><\/p>\n<h4 style=\"text-align: left;\"><span style=\"color: #008000;\">Kaninparken<\/span><\/h4>\n<p style=\"text-align: left;\"><span style=\"color: #000000;\">Endast g\u00e5rdens 4H-medlemmar f\u00e5r vara inom parkomr\u00e5det.<br \/>\nDet \u00e4r allts\u00e5 INTE \u00f6ppet f\u00f6r allm\u00e4nheten att g\u00e5 in i kaninomr\u00e5det d\u00e5 4H inte har tillst\u00e5nd f\u00f6r detta.<\/span><\/p>\n<p><span style=\"color: #000000;\">I <a style=\"color: #000000;\" href=\"https:\/\/www.4h.se\/otorn\/kaninstallet\/\">kaninparken<\/a> f\u00e5r medlemmarna tillsammans med f\u00f6r\u00e4lder m\u00f6jlighet att hyra en kaninbur.<\/span><br \/>\n<span style=\"color: #000000;\">Eftersom kaninerna \u00e4r privat\u00e4gda g\u00e5r de under ett speciellt tillst\u00e5nd hos L\u00e4nsstyrelsen<\/span><br \/>\n<span style=\"color: #000000;\">och ing\u00e5r d\u00e4rf\u00f6r inte i i g\u00e5rdens tillst\u00e5nd f\u00f6r offentlig f\u00f6rvisning.&nbsp;<\/span><\/p>\n<h4><span style=\"color: #008000;\"><strong>VARMT V\u00c4LKOMNA ATT SPENDERA EN DAG P\u00c5 4H G\u00c5RDEN<\/strong><\/span><\/h4>\n<p>[\/vc_column_text][\/vc_column][vc_column width=&#8221;1\/2&#8243;][vc_gallery interval=&#8221;3&#8243; images=&#8221;685&#8243; img_size=&#8221;full&#8221; css=&#8221;&#8221;][vc_gallery interval=&#8221;3&#8243; images=&#8221;682&#8243; img_size=&#8221;large&#8221; css=&#8221;&#8221;][vc_gallery interval=&#8221;3&#8243; images=&#8221;682&#8243; img_size=&#8221;large&#8221; css=&#8221;&#8221;][vc_single_image image=&#8221;642&#8243; img_size=&#8221;large&#8221; alignment=&#8221;right&#8221; css=&#8221;&#8221;][\/vc_column][\/vc_row]<\/p>\n<\/div>","protected":false},"excerpt":{"rendered":"<p>[vc_row][vc_column width=&#8221;1\/2&#8243;][vc_column_text css=&#8221;&#8221;] DAGKOLLO P\u00c5 4H V\u00e4lkomna p\u00e5 dagkollo p\u00e5 \u00d6stra Torns 4H! Detta femdagars sommarl\u00e4ger erbjuder barnen en aktiv och kreativ upplevelse i naturen. Programmet kombinerar naturhantverk, cirkuspedagogik och matlagning utomhus. Begr\u00e4nsat antal platser s\u00e5 f\u00f6rst till kvarn! Dagsprogram 09.00\u201309.30 Ankomst &amp; morgoncirkel V\u00e4lkomnande, avprickning, kort uppv\u00e4rmning och introduktion till dagen. 09.30\u201311.00 Cirkus &amp;&nbsp; <a href=\"https:\/\/www.4h.se\/otorn\/\">&hellip; Read more <i class=\"glyphicon glyphicon-arrow-right\"><\/i><\/a><\/p>\n","protected":false},"author":1,"featured_media":0,"parent":0,"menu_order":10,"comment_status":"closed","ping_status":"closed","template":"","meta":{"_acf_changed":false,"footnotes":""},"class_list":["post-39","page","type-page","status-publish","hentry"],"acf":[],"yoast_head":"<!-- This site is optimized with the Yoast SEO plugin v27.5 - https:\/\/yoast.com\/product\/yoast-seo-wordpress\/ -->\n<title>Startsida - \u00d6stra Torns 4H G\u00e5rd<\/title>\n<meta name=\"robots\" content=\"index, follow, max-snippet:-1, max-image-preview:large, max-video-preview:-1\" \/>\n<link rel=\"canonical\" href=\"https:\/\/www.4h.se\/otorn\/\" \/>\n<meta property=\"og:locale\" content=\"sv_SE\" \/>\n<meta property=\"og:type\" content=\"article\" \/>\n<meta property=\"og:title\" content=\"Startsida - \u00d6stra Torns 4H G\u00e5rd\" \/>\n<meta property=\"og:description\" content=\"[vc_row][vc_column width=&#8221;1\/2&#8243;][vc_column_text css=&#8221;&#8221;] DAGKOLLO P\u00c5 4H V\u00e4lkomna p\u00e5 dagkollo p\u00e5 \u00d6stra Torns 4H! Detta femdagars sommarl\u00e4ger erbjuder barnen en aktiv och kreativ upplevelse i naturen. Programmet kombinerar naturhantverk, cirkuspedagogik och matlagning utomhus. Begr\u00e4nsat antal platser s\u00e5 f\u00f6rst till kvarn! Dagsprogram 09.00\u201309.30 Ankomst &amp; morgoncirkel V\u00e4lkomnande, avprickning, kort uppv\u00e4rmning och introduktion till dagen. 09.30\u201311.00 Cirkus &amp;&nbsp; &hellip; Read more\" \/>\n<meta property=\"og:url\" content=\"https:\/\/www.4h.se\/otorn\/\" \/>\n<meta property=\"og:site_name\" content=\"\u00d6stra Torns 4H G\u00e5rd\" \/>\n<meta property=\"article:modified_time\" content=\"2026-04-10T08:30:01+00:00\" \/>\n<meta property=\"og:image\" content=\"https:\/\/static.xx.fbcdn.net\/images\/emoji.php\/v9\/t1e\/1\/16\/1f33f.png\" \/>\n<meta name=\"twitter:card\" content=\"summary_large_image\" \/>\n<meta name=\"twitter:label1\" content=\"Ber\u00e4knad l\u00e4stid\" \/>\n\t<meta name=\"twitter:data1\" content=\"7 minuter\" \/>\n<script type=\"application\/ld+json\" class=\"yoast-schema-graph\">{\"@context\":\"https:\\\/\\\/schema.org\",\"@graph\":[{\"@type\":\"WebPage\",\"@id\":\"https:\\\/\\\/www.4h.se\\\/otorn\\\/\",\"url\":\"https:\\\/\\\/www.4h.se\\\/otorn\\\/\",\"name\":\"Startsida - \u00d6stra Torns 4H G\u00e5rd\",\"isPartOf\":{\"@id\":\"https:\\\/\\\/www.4h.se\\\/otorn\\\/#website\"},\"primaryImageOfPage\":{\"@id\":\"https:\\\/\\\/www.4h.se\\\/otorn\\\/#primaryimage\"},\"image\":{\"@id\":\"https:\\\/\\\/www.4h.se\\\/otorn\\\/#primaryimage\"},\"thumbnailUrl\":\"https:\\\/\\\/static.xx.fbcdn.net\\\/images\\\/emoji.php\\\/v9\\\/t1e\\\/1\\\/16\\\/1f33f.png\",\"datePublished\":\"2014-12-09T19:10:35+00:00\",\"dateModified\":\"2026-04-10T08:30:01+00:00\",\"breadcrumb\":{\"@id\":\"https:\\\/\\\/www.4h.se\\\/otorn\\\/#breadcrumb\"},\"inLanguage\":\"sv-SE\",\"potentialAction\":[{\"@type\":\"ReadAction\",\"target\":[\"https:\\\/\\\/www.4h.se\\\/otorn\\\/\"]}]},{\"@type\":\"ImageObject\",\"inLanguage\":\"sv-SE\",\"@id\":\"https:\\\/\\\/www.4h.se\\\/otorn\\\/#primaryimage\",\"url\":\"https:\\\/\\\/static.xx.fbcdn.net\\\/images\\\/emoji.php\\\/v9\\\/t1e\\\/1\\\/16\\\/1f33f.png\",\"contentUrl\":\"https:\\\/\\\/static.xx.fbcdn.net\\\/images\\\/emoji.php\\\/v9\\\/t1e\\\/1\\\/16\\\/1f33f.png\"},{\"@type\":\"BreadcrumbList\",\"@id\":\"https:\\\/\\\/www.4h.se\\\/otorn\\\/#breadcrumb\",\"itemListElement\":[{\"@type\":\"ListItem\",\"position\":1,\"name\":\"Hem\",\"item\":\"https:\\\/\\\/www.4h.se\\\/otorn\\\/\"},{\"@type\":\"ListItem\",\"position\":2,\"name\":\"Startsida\"}]},{\"@type\":\"WebSite\",\"@id\":\"https:\\\/\\\/www.4h.se\\\/otorn\\\/#website\",\"url\":\"https:\\\/\\\/www.4h.se\\\/otorn\\\/\",\"name\":\"\u00d6stra Torns 4H G\u00e5rd\",\"description\":\"\",\"potentialAction\":[{\"@type\":\"SearchAction\",\"target\":{\"@type\":\"EntryPoint\",\"urlTemplate\":\"https:\\\/\\\/www.4h.se\\\/otorn\\\/?s={search_term_string}\"},\"query-input\":{\"@type\":\"PropertyValueSpecification\",\"valueRequired\":true,\"valueName\":\"search_term_string\"}}],\"inLanguage\":\"sv-SE\"}]}<\/script>\n<!-- \/ Yoast SEO plugin. -->","yoast_head_json":{"title":"Startsida - \u00d6stra Torns 4H G\u00e5rd","robots":{"index":"index","follow":"follow","max-snippet":"max-snippet:-1","max-image-preview":"max-image-preview:large","max-video-preview":"max-video-preview:-1"},"canonical":"https:\/\/www.4h.se\/otorn\/","og_locale":"sv_SE","og_type":"article","og_title":"Startsida - \u00d6stra Torns 4H G\u00e5rd","og_description":"[vc_row][vc_column width=&#8221;1\/2&#8243;][vc_column_text css=&#8221;&#8221;] DAGKOLLO P\u00c5 4H V\u00e4lkomna p\u00e5 dagkollo p\u00e5 \u00d6stra Torns 4H! Detta femdagars sommarl\u00e4ger erbjuder barnen en aktiv och kreativ upplevelse i naturen. Programmet kombinerar naturhantverk, cirkuspedagogik och matlagning utomhus. Begr\u00e4nsat antal platser s\u00e5 f\u00f6rst till kvarn! Dagsprogram 09.00\u201309.30 Ankomst &amp; morgoncirkel V\u00e4lkomnande, avprickning, kort uppv\u00e4rmning och introduktion till dagen. 09.30\u201311.00 Cirkus &amp;&nbsp; &hellip; Read more","og_url":"https:\/\/www.4h.se\/otorn\/","og_site_name":"\u00d6stra Torns 4H G\u00e5rd","article_modified_time":"2026-04-10T08:30:01+00:00","og_image":[{"url":"https:\/\/static.xx.fbcdn.net\/images\/emoji.php\/v9\/t1e\/1\/16\/1f33f.png","type":"","width":"","height":""}],"twitter_card":"summary_large_image","twitter_misc":{"Ber\u00e4knad l\u00e4stid":"7 minuter"},"schema":{"@context":"https:\/\/schema.org","@graph":[{"@type":"WebPage","@id":"https:\/\/www.4h.se\/otorn\/","url":"https:\/\/www.4h.se\/otorn\/","name":"Startsida - \u00d6stra Torns 4H G\u00e5rd","isPartOf":{"@id":"https:\/\/www.4h.se\/otorn\/#website"},"primaryImageOfPage":{"@id":"https:\/\/www.4h.se\/otorn\/#primaryimage"},"image":{"@id":"https:\/\/www.4h.se\/otorn\/#primaryimage"},"thumbnailUrl":"https:\/\/static.xx.fbcdn.net\/images\/emoji.php\/v9\/t1e\/1\/16\/1f33f.png","datePublished":"2014-12-09T19:10:35+00:00","dateModified":"2026-04-10T08:30:01+00:00","breadcrumb":{"@id":"https:\/\/www.4h.se\/otorn\/#breadcrumb"},"inLanguage":"sv-SE","potentialAction":[{"@type":"ReadAction","target":["https:\/\/www.4h.se\/otorn\/"]}]},{"@type":"ImageObject","inLanguage":"sv-SE","@id":"https:\/\/www.4h.se\/otorn\/#primaryimage","url":"https:\/\/static.xx.fbcdn.net\/images\/emoji.php\/v9\/t1e\/1\/16\/1f33f.png","contentUrl":"https:\/\/static.xx.fbcdn.net\/images\/emoji.php\/v9\/t1e\/1\/16\/1f33f.png"},{"@type":"BreadcrumbList","@id":"https:\/\/www.4h.se\/otorn\/#breadcrumb","itemListElement":[{"@type":"ListItem","position":1,"name":"Hem","item":"https:\/\/www.4h.se\/otorn\/"},{"@type":"ListItem","position":2,"name":"Startsida"}]},{"@type":"WebSite","@id":"https:\/\/www.4h.se\/otorn\/#website","url":"https:\/\/www.4h.se\/otorn\/","name":"\u00d6stra Torns 4H G\u00e5rd","description":"","potentialAction":[{"@type":"SearchAction","target":{"@type":"EntryPoint","urlTemplate":"https:\/\/www.4h.se\/otorn\/?s={search_term_string}"},"query-input":{"@type":"PropertyValueSpecification","valueRequired":true,"valueName":"search_term_string"}}],"inLanguage":"sv-SE"}]}},"_links":{"self":[{"href":"https:\/\/www.4h.se\/otorn\/wp-json\/wp\/v2\/pages\/39","targetHints":{"allow":["GET"]}}],"collection":[{"href":"https:\/\/www.4h.se\/otorn\/wp-json\/wp\/v2\/pages"}],"about":[{"href":"https:\/\/www.4h.se\/otorn\/wp-json\/wp\/v2\/types\/page"}],"author":[{"embeddable":true,"href":"https:\/\/www.4h.se\/otorn\/wp-json\/wp\/v2\/users\/1"}],"replies":[{"embeddable":true,"href":"https:\/\/www.4h.se\/otorn\/wp-json\/wp\/v2\/comments?post=39"}],"version-history":[{"count":0,"href":"https:\/\/www.4h.se\/otorn\/wp-json\/wp\/v2\/pages\/39\/revisions"}],"wp:attachment":[{"href":"https:\/\/www.4h.se\/otorn\/wp-json\/wp\/v2\/media?parent=39"}],"curies":[{"name":"wp","href":"https:\/\/api.w.org\/{rel}","templated":true}]}}