



{"id":285,"date":"2015-10-07T09:13:53","date_gmt":"2015-10-07T07:13:53","guid":{"rendered":"http:\/\/www.4h.se\/otorn\/?page_id=285"},"modified":"2025-02-11T11:32:05","modified_gmt":"2025-02-11T10:32:05","slug":"bli-medlem","status":"publish","type":"page","link":"https:\/\/www.4h.se\/otorn\/bli-medlem\/","title":{"rendered":"Bli medlem"},"content":{"rendered":"<div class=\"wpb-content-wrapper\"><p>[vc_row][vc_column width=&#8221;1\/2&#8243;][vc_column_text]<\/p>\n<h3><span style=\"color: #008000;\">Bli medlem i 4H och v\u00e5r klubb<\/span><\/h3>\n<p>[\/vc_column_text][vc_column_text css=&#8221;&#8221;]<\/p>\n<h4 style=\"text-align: left;\"><span style=\"color: #008000;\">SOM MEDLEM F\u00c5R DU<\/span><\/h4>\n<ul>\n<li>Delta vid 4H:s aktiviteter t.ex. djursk\u00f6tsel &amp; ridning<\/li>\n<li>en kollektiv olycksfallsf\u00f6rs\u00e4kring<\/li>\n<li>m\u00f6jlighet att f\u00f6lja med p\u00e5 l\u00e4ger och kurser<\/li>\n<li>m\u00f6jlighet att p\u00e5verka 4H:s verksamhet<\/li>\n<li>4H:s egen tidning <a href=\"https:\/\/www.4h.se\/kloverbladet\/\" target=\"_blank\" rel=\"noopener\">Kl\u00f6verbladet<\/a><\/li>\n<\/ul>\n<pre>MEDLEMSAVGIFT 2025 \nf\u00f6r medlemmar 26 \u00e5r och \u00e4ldre\n470 kr\/\u00e5r\nf\u00f6r medlemmar under 26 \u00e5r\n300kr\n\nM\u00e5lsman ska registrera sitt barn \nvia ett medlemssystem, Antribe.com\neller s\u00e5 fyller man i det sj\u00e4lv om \nman \u00e4r \u00f6ver 18 \u00e5r.<\/pre>\n<p><span style=\"text-decoration: underline; color: #008000;\">Klicka h\u00e4r f\u00f6r att l\u00e4sa mer om\u00a0<a style=\"color: #008000; text-decoration: underline;\" href=\"https:\/\/www.4h.se\/bli-medlem\/\" target=\"_blank\" rel=\"noopener\">Medlemskap i 4H<\/a><\/span><\/p>\n<p>H\u00e4r kan du l\u00e4sa mer om 4H:s medlemsvillkor<\/p>\n<p><span style=\"color: #008000;\"><a style=\"color: #008000;\" href=\"https:\/\/www.4h.se\/wp-content\/uploads\/2015\/01\/MEDLEMSVILLKOR.pdf\">MEDLEMSVILLKOR<\/a><\/span>[\/vc_column_text][\/vc_column][vc_column width=&#8221;1\/2&#8243;][vc_column_text css=&#8221;&#8221;]<\/p>\n<h4 style=\"text-align: center;\"><img loading=\"lazy\" decoding=\"async\" class=\"wp-image-617 aligncenter\" src=\"https:\/\/www.4h.se\/otorn\/wp-content\/uploads\/sites\/94\/2024\/09\/QR-KOD.png\" alt=\"\" width=\"273\" height=\"273\" srcset=\"https:\/\/www.4h.se\/otorn\/wp-content\/uploads\/sites\/94\/2024\/09\/QR-KOD.png 500w, https:\/\/www.4h.se\/otorn\/wp-content\/uploads\/sites\/94\/2024\/09\/QR-KOD-300x300.png 300w, https:\/\/www.4h.se\/otorn\/wp-content\/uploads\/sites\/94\/2024\/09\/QR-KOD-150x150.png 150w\" sizes=\"auto, (max-width: 273px) 100vw, 273px\" \/><\/h4>\n<p>[\/vc_column_text][vc_message message_box_style=&#8221;solid&#8221; style=&#8221;square&#8221; message_box_color=&#8221;green&#8221; icon_type=&#8221;typicons&#8221; css=&#8221;&#8221; icon_typicons=&#8221;typcn typcn-adjust-brightness&#8221;]F\u00f6r att bli medlem i \u00d6stra Torns 4H-Klubb scannar du QR-koden ovan eller tryck p\u00e5 l\u00e4nken h\u00e4r nedan.<\/p>\n<p>(Det kommer skickas ut en faktura via e-mail.<br \/>\nObservera att det \u00e4r m\u00e5lsmans telefonnummer, samt e-mailadress.)<\/p>\n<p><span style=\"color: #ffffff;\"><strong><a style=\"color: #ffffff;\" href=\"https:\/\/www.antribe.com\/org\/4h\/ostra-torns-4h\/bli-medlem\" target=\"_blank\" rel=\"noopener\">https:\/\/www.antribe.com\/org\/4h\/ostra-torns-4h\/bli-medlem<\/a><\/strong><\/span>[\/vc_message][vc_column_text css=&#8221;&#8221;]<\/p>\n<h4 style=\"text-align: center;\"><span style=\"color: #008000;\">T\u00c4NK P\u00c5 ATT Medlemskapet l\u00f6per fr\u00e5n 1 januari tom 31 december<\/span><\/h4>\n<p>[\/vc_column_text][\/vc_column][\/vc_row]<\/p>\n<\/div>","protected":false},"excerpt":{"rendered":"<p>[vc_row][vc_column width=&#8221;1\/2&#8243;][vc_column_text] Bli medlem i 4H och v\u00e5r klubb [\/vc_column_text][vc_column_text css=&#8221;&#8221;] SOM MEDLEM F\u00c5R DU Delta vid 4H:s aktiviteter t.ex. djursk\u00f6tsel &amp; ridning en kollektiv olycksfallsf\u00f6rs\u00e4kring m\u00f6jlighet att f\u00f6lja med p\u00e5 l\u00e4ger och kurser m\u00f6jlighet att p\u00e5verka 4H:s verksamhet 4H:s egen tidning Kl\u00f6verbladet MEDLEMSAVGIFT 2025 f\u00f6r medlemmar 26 \u00e5r och \u00e4ldre 470 kr\/\u00e5r f\u00f6r medlemmar&nbsp; <a href=\"https:\/\/www.4h.se\/otorn\/bli-medlem\/\">&hellip; Read more <i class=\"glyphicon glyphicon-arrow-right\"><\/i><\/a><\/p>\n","protected":false},"author":1,"featured_media":0,"parent":0,"menu_order":0,"comment_status":"closed","ping_status":"closed","template":"","meta":{"_acf_changed":false,"footnotes":""},"class_list":["post-285","page","type-page","status-publish","hentry"],"acf":[],"yoast_head":"<!-- This site is optimized with the Yoast SEO plugin v27.5 - https:\/\/yoast.com\/product\/yoast-seo-wordpress\/ -->\n<title>Bli medlem - \u00d6stra Torns 4H G\u00e5rd<\/title>\n<meta name=\"robots\" content=\"index, follow, max-snippet:-1, max-image-preview:large, max-video-preview:-1\" \/>\n<link rel=\"canonical\" href=\"https:\/\/www.4h.se\/otorn\/bli-medlem\/\" \/>\n<meta property=\"og:locale\" content=\"sv_SE\" \/>\n<meta property=\"og:type\" content=\"article\" \/>\n<meta property=\"og:title\" content=\"Bli medlem - \u00d6stra Torns 4H G\u00e5rd\" \/>\n<meta property=\"og:description\" content=\"[vc_row][vc_column width=&#8221;1\/2&#8243;][vc_column_text] Bli medlem i 4H och v\u00e5r klubb [\/vc_column_text][vc_column_text css=&#8221;&#8221;] SOM MEDLEM F\u00c5R DU Delta vid 4H:s aktiviteter t.ex. djursk\u00f6tsel &amp; ridning en kollektiv olycksfallsf\u00f6rs\u00e4kring m\u00f6jlighet att f\u00f6lja med p\u00e5 l\u00e4ger och kurser m\u00f6jlighet att p\u00e5verka 4H:s verksamhet 4H:s egen tidning Kl\u00f6verbladet MEDLEMSAVGIFT 2025 f\u00f6r medlemmar 26 \u00e5r och \u00e4ldre 470 kr\/\u00e5r f\u00f6r medlemmar&nbsp; &hellip; Read more\" \/>\n<meta property=\"og:url\" content=\"https:\/\/www.4h.se\/otorn\/bli-medlem\/\" \/>\n<meta property=\"og:site_name\" content=\"\u00d6stra Torns 4H G\u00e5rd\" \/>\n<meta property=\"article:modified_time\" content=\"2025-02-11T10:32:05+00:00\" \/>\n<meta property=\"og:image\" content=\"https:\/\/www.4h.se\/otorn\/wp-content\/uploads\/sites\/94\/2024\/09\/QR-KOD.png\" \/>\n<meta name=\"twitter:card\" content=\"summary_large_image\" \/>\n<meta name=\"twitter:label1\" content=\"Ber\u00e4knad l\u00e4stid\" \/>\n\t<meta name=\"twitter:data1\" content=\"1 minut\" \/>\n<script type=\"application\/ld+json\" class=\"yoast-schema-graph\">{\"@context\":\"https:\\\/\\\/schema.org\",\"@graph\":[{\"@type\":\"WebPage\",\"@id\":\"https:\\\/\\\/www.4h.se\\\/otorn\\\/bli-medlem\\\/\",\"url\":\"https:\\\/\\\/www.4h.se\\\/otorn\\\/bli-medlem\\\/\",\"name\":\"Bli medlem - \u00d6stra Torns 4H G\u00e5rd\",\"isPartOf\":{\"@id\":\"https:\\\/\\\/www.4h.se\\\/otorn\\\/#website\"},\"primaryImageOfPage\":{\"@id\":\"https:\\\/\\\/www.4h.se\\\/otorn\\\/bli-medlem\\\/#primaryimage\"},\"image\":{\"@id\":\"https:\\\/\\\/www.4h.se\\\/otorn\\\/bli-medlem\\\/#primaryimage\"},\"thumbnailUrl\":\"https:\\\/\\\/www.4h.se\\\/otorn\\\/wp-content\\\/uploads\\\/sites\\\/94\\\/2024\\\/09\\\/QR-KOD.png\",\"datePublished\":\"2015-10-07T07:13:53+00:00\",\"dateModified\":\"2025-02-11T10:32:05+00:00\",\"breadcrumb\":{\"@id\":\"https:\\\/\\\/www.4h.se\\\/otorn\\\/bli-medlem\\\/#breadcrumb\"},\"inLanguage\":\"sv-SE\",\"potentialAction\":[{\"@type\":\"ReadAction\",\"target\":[\"https:\\\/\\\/www.4h.se\\\/otorn\\\/bli-medlem\\\/\"]}]},{\"@type\":\"ImageObject\",\"inLanguage\":\"sv-SE\",\"@id\":\"https:\\\/\\\/www.4h.se\\\/otorn\\\/bli-medlem\\\/#primaryimage\",\"url\":\"https:\\\/\\\/www.4h.se\\\/otorn\\\/wp-content\\\/uploads\\\/sites\\\/94\\\/2024\\\/09\\\/QR-KOD.png\",\"contentUrl\":\"https:\\\/\\\/www.4h.se\\\/otorn\\\/wp-content\\\/uploads\\\/sites\\\/94\\\/2024\\\/09\\\/QR-KOD.png\",\"width\":500,\"height\":500,\"caption\":\"QR-kod till medlemskap\"},{\"@type\":\"BreadcrumbList\",\"@id\":\"https:\\\/\\\/www.4h.se\\\/otorn\\\/bli-medlem\\\/#breadcrumb\",\"itemListElement\":[{\"@type\":\"ListItem\",\"position\":1,\"name\":\"Hem\",\"item\":\"https:\\\/\\\/www.4h.se\\\/otorn\\\/\"},{\"@type\":\"ListItem\",\"position\":2,\"name\":\"Bli medlem\"}]},{\"@type\":\"WebSite\",\"@id\":\"https:\\\/\\\/www.4h.se\\\/otorn\\\/#website\",\"url\":\"https:\\\/\\\/www.4h.se\\\/otorn\\\/\",\"name\":\"\u00d6stra Torns 4H G\u00e5rd\",\"description\":\"\",\"potentialAction\":[{\"@type\":\"SearchAction\",\"target\":{\"@type\":\"EntryPoint\",\"urlTemplate\":\"https:\\\/\\\/www.4h.se\\\/otorn\\\/?s={search_term_string}\"},\"query-input\":{\"@type\":\"PropertyValueSpecification\",\"valueRequired\":true,\"valueName\":\"search_term_string\"}}],\"inLanguage\":\"sv-SE\"}]}<\/script>\n<!-- \/ Yoast SEO plugin. -->","yoast_head_json":{"title":"Bli medlem - \u00d6stra Torns 4H G\u00e5rd","robots":{"index":"index","follow":"follow","max-snippet":"max-snippet:-1","max-image-preview":"max-image-preview:large","max-video-preview":"max-video-preview:-1"},"canonical":"https:\/\/www.4h.se\/otorn\/bli-medlem\/","og_locale":"sv_SE","og_type":"article","og_title":"Bli medlem - \u00d6stra Torns 4H G\u00e5rd","og_description":"[vc_row][vc_column width=&#8221;1\/2&#8243;][vc_column_text] Bli medlem i 4H och v\u00e5r klubb [\/vc_column_text][vc_column_text css=&#8221;&#8221;] SOM MEDLEM F\u00c5R DU Delta vid 4H:s aktiviteter t.ex. djursk\u00f6tsel &amp; ridning en kollektiv olycksfallsf\u00f6rs\u00e4kring m\u00f6jlighet att f\u00f6lja med p\u00e5 l\u00e4ger och kurser m\u00f6jlighet att p\u00e5verka 4H:s verksamhet 4H:s egen tidning Kl\u00f6verbladet MEDLEMSAVGIFT 2025 f\u00f6r medlemmar 26 \u00e5r och \u00e4ldre 470 kr\/\u00e5r f\u00f6r medlemmar&nbsp; &hellip; Read more","og_url":"https:\/\/www.4h.se\/otorn\/bli-medlem\/","og_site_name":"\u00d6stra Torns 4H G\u00e5rd","article_modified_time":"2025-02-11T10:32:05+00:00","og_image":[{"url":"https:\/\/www.4h.se\/otorn\/wp-content\/uploads\/sites\/94\/2024\/09\/QR-KOD.png","type":"","width":"","height":""}],"twitter_card":"summary_large_image","twitter_misc":{"Ber\u00e4knad l\u00e4stid":"1 minut"},"schema":{"@context":"https:\/\/schema.org","@graph":[{"@type":"WebPage","@id":"https:\/\/www.4h.se\/otorn\/bli-medlem\/","url":"https:\/\/www.4h.se\/otorn\/bli-medlem\/","name":"Bli medlem - \u00d6stra Torns 4H G\u00e5rd","isPartOf":{"@id":"https:\/\/www.4h.se\/otorn\/#website"},"primaryImageOfPage":{"@id":"https:\/\/www.4h.se\/otorn\/bli-medlem\/#primaryimage"},"image":{"@id":"https:\/\/www.4h.se\/otorn\/bli-medlem\/#primaryimage"},"thumbnailUrl":"https:\/\/www.4h.se\/otorn\/wp-content\/uploads\/sites\/94\/2024\/09\/QR-KOD.png","datePublished":"2015-10-07T07:13:53+00:00","dateModified":"2025-02-11T10:32:05+00:00","breadcrumb":{"@id":"https:\/\/www.4h.se\/otorn\/bli-medlem\/#breadcrumb"},"inLanguage":"sv-SE","potentialAction":[{"@type":"ReadAction","target":["https:\/\/www.4h.se\/otorn\/bli-medlem\/"]}]},{"@type":"ImageObject","inLanguage":"sv-SE","@id":"https:\/\/www.4h.se\/otorn\/bli-medlem\/#primaryimage","url":"https:\/\/www.4h.se\/otorn\/wp-content\/uploads\/sites\/94\/2024\/09\/QR-KOD.png","contentUrl":"https:\/\/www.4h.se\/otorn\/wp-content\/uploads\/sites\/94\/2024\/09\/QR-KOD.png","width":500,"height":500,"caption":"QR-kod till medlemskap"},{"@type":"BreadcrumbList","@id":"https:\/\/www.4h.se\/otorn\/bli-medlem\/#breadcrumb","itemListElement":[{"@type":"ListItem","position":1,"name":"Hem","item":"https:\/\/www.4h.se\/otorn\/"},{"@type":"ListItem","position":2,"name":"Bli medlem"}]},{"@type":"WebSite","@id":"https:\/\/www.4h.se\/otorn\/#website","url":"https:\/\/www.4h.se\/otorn\/","name":"\u00d6stra Torns 4H G\u00e5rd","description":"","potentialAction":[{"@type":"SearchAction","target":{"@type":"EntryPoint","urlTemplate":"https:\/\/www.4h.se\/otorn\/?s={search_term_string}"},"query-input":{"@type":"PropertyValueSpecification","valueRequired":true,"valueName":"search_term_string"}}],"inLanguage":"sv-SE"}]}},"_links":{"self":[{"href":"https:\/\/www.4h.se\/otorn\/wp-json\/wp\/v2\/pages\/285","targetHints":{"allow":["GET"]}}],"collection":[{"href":"https:\/\/www.4h.se\/otorn\/wp-json\/wp\/v2\/pages"}],"about":[{"href":"https:\/\/www.4h.se\/otorn\/wp-json\/wp\/v2\/types\/page"}],"author":[{"embeddable":true,"href":"https:\/\/www.4h.se\/otorn\/wp-json\/wp\/v2\/users\/1"}],"replies":[{"embeddable":true,"href":"https:\/\/www.4h.se\/otorn\/wp-json\/wp\/v2\/comments?post=285"}],"version-history":[{"count":0,"href":"https:\/\/www.4h.se\/otorn\/wp-json\/wp\/v2\/pages\/285\/revisions"}],"wp:attachment":[{"href":"https:\/\/www.4h.se\/otorn\/wp-json\/wp\/v2\/media?parent=285"}],"curies":[{"name":"wp","href":"https:\/\/api.w.org\/{rel}","templated":true}]}}