



{"id":246,"date":"2015-05-15T20:17:33","date_gmt":"2015-05-15T18:17:33","guid":{"rendered":"http:\/\/www.4h.se\/rix16\/?page_id=246"},"modified":"2026-01-15T15:33:30","modified_gmt":"2026-01-15T14:33:30","slug":"aktiviteter","status":"publish","type":"page","link":"https:\/\/www.4h.se\/otorn\/aktiviteter\/","title":{"rendered":"Aktiviteter"},"content":{"rendered":"<div class=\"wpb-content-wrapper\"><p>[vc_row][vc_column width=&#8221;1\/2&#8243;][vc_column_text]<\/p>\n<h3><span style=\"color: #008000;\">AKTIVITETER<\/span><\/h3>\n<p>[\/vc_column_text][vc_column_text css=&#8221;&#8221;]<\/p>\n<h4><span style=\"color: #008000;\">Aktiviteter f\u00f6r v\u00e5ra medlemmar<\/span><\/h4>\n<h5><span style=\"color: #008000;\">Tisdag-torsdag: Var med och ge djuren mat kl 16:00<\/span><\/h5>\n<p><span style=\"color: #000000;\">Som medlem \u00e4r du v\u00e4lkommen att vara med vid eftermiddagsutfodringen av djuren.<br \/>\nF\u00f6r alla medlemmar fr\u00e5n 7 \u00e5r.<\/span><\/p>\n<h5><span style=\"color: #008000;\">Onsdag-Ponnypyssel medlemmar kl.14-15<strong><br \/>\n<\/strong><span style=\"color: #000000;\">Vi tar hand om v\u00e5ra ponnys och l\u00e4r oss hur man hanterar och beter sig runt h\u00e4sten.<\/span><\/span><\/h5>\n<h4><span style=\"color: #008000;\">PONNYRIDNING (TILLF\u00c4LLIG PAUS)<\/span><\/h4>\n<p class=\"western\">Ta g\u00e4rna med egen cykelhj\u00e4lm, annars finns hj\u00e4lmar att l\u00e5na.<br \/>\nHj\u00e4lp g\u00e4rna till att lyfta upp barnen p\u00e5 h\u00e4sten, s\u00e5 sparar ni personalens ryggar.<br \/>\nEndast personal och de som rider f\u00e5r sedan befinna sig i paddocken.<br \/>\n(Undantag om n\u00e5gon beh\u00f6ver hj\u00e4lp att h\u00e5lla i barnet)<br \/>\nV\u00e4nta utanf\u00f6r p\u00e5 er tur f\u00f6r allas s\u00e4kerhet.<\/p>\n<h4><span style=\"color: #008000;\"><strong>Kostnad:<\/strong><span style=\"color: #000000;\"> 1&nbsp;runda 40 kr, 2 rundor 60 kr<\/span><br \/>\n<strong>\u00c4r det m\u00e5nga barn s\u00e5 kommer h\u00e4starna endast g\u00e5 ett varv per barn.&nbsp;<\/strong><br \/>\n<\/span>Betalning: Swish<br \/>\nP\u00e5 v\u00e5r facebook sida uppdaterar vi er om vi eventuellt beh\u00f6ver st\u00e4lla in.<br \/>\n<a href=\"http:\/\/www.facebook.se\/ostratorns4hgard\">http:\/\/www.facebook.se\/ostratorns4hgard<\/a><\/h4>\n<p>&nbsp;[\/vc_column_text][\/vc_column][vc_column width=&#8221;1\/2&#8243;][vc_column_text css=&#8221;&#8221;]<img loading=\"lazy\" decoding=\"async\" class=\"alignright size-full wp-image-546\" src=\"https:\/\/www.4h.se\/otorn\/wp-content\/uploads\/sites\/94\/2023\/09\/thumbnail_IMG_4292-1.jpg\" alt=\"\" width=\"640\" height=\"481\" srcset=\"https:\/\/www.4h.se\/otorn\/wp-content\/uploads\/sites\/94\/2023\/09\/thumbnail_IMG_4292-1.jpg 640w, https:\/\/www.4h.se\/otorn\/wp-content\/uploads\/sites\/94\/2023\/09\/thumbnail_IMG_4292-1-399x300.jpg 399w, https:\/\/www.4h.se\/otorn\/wp-content\/uploads\/sites\/94\/2023\/09\/thumbnail_IMG_4292-1-170x128.jpg 170w\" sizes=\"auto, (max-width: 640px) 100vw, 640px\" \/>[\/vc_column_text][\/vc_column][\/vc_row][vc_row][vc_column][\/vc_column][\/vc_row][vc_row][vc_column width=&#8221;1\/2&#8243;][\/vc_column][\/vc_row]<\/p>\n<\/div>","protected":false},"excerpt":{"rendered":"<p>[vc_row][vc_column width=&#8221;1\/2&#8243;][vc_column_text] AKTIVITETER [\/vc_column_text][vc_column_text css=&#8221;&#8221;] Aktiviteter f\u00f6r v\u00e5ra medlemmar Tisdag-torsdag: Var med och ge djuren mat kl 16:00 Som medlem \u00e4r du v\u00e4lkommen att vara med vid eftermiddagsutfodringen av djuren. F\u00f6r alla medlemmar fr\u00e5n 7 \u00e5r. Onsdag-Ponnypyssel medlemmar kl.14-15 Vi tar hand om v\u00e5ra ponnys och l\u00e4r oss hur man hanterar och beter sig runt&nbsp; <a href=\"https:\/\/www.4h.se\/otorn\/aktiviteter\/\">&hellip; Read more <i class=\"glyphicon glyphicon-arrow-right\"><\/i><\/a><\/p>\n","protected":false},"author":1,"featured_media":0,"parent":0,"menu_order":1,"comment_status":"closed","ping_status":"closed","template":"","meta":{"_acf_changed":false,"footnotes":""},"class_list":["post-246","page","type-page","status-publish","hentry"],"acf":[],"yoast_head":"<!-- This site is optimized with the Yoast SEO plugin v27.5 - https:\/\/yoast.com\/product\/yoast-seo-wordpress\/ -->\n<title>Aktiviteter - \u00d6stra Torns 4H G\u00e5rd<\/title>\n<meta name=\"robots\" content=\"index, follow, max-snippet:-1, max-image-preview:large, max-video-preview:-1\" \/>\n<link rel=\"canonical\" href=\"https:\/\/www.4h.se\/otorn\/aktiviteter\/\" \/>\n<meta property=\"og:locale\" content=\"sv_SE\" \/>\n<meta property=\"og:type\" content=\"article\" \/>\n<meta property=\"og:title\" content=\"Aktiviteter - \u00d6stra Torns 4H G\u00e5rd\" \/>\n<meta property=\"og:description\" content=\"[vc_row][vc_column width=&#8221;1\/2&#8243;][vc_column_text] AKTIVITETER [\/vc_column_text][vc_column_text css=&#8221;&#8221;] Aktiviteter f\u00f6r v\u00e5ra medlemmar Tisdag-torsdag: Var med och ge djuren mat kl 16:00 Som medlem \u00e4r du v\u00e4lkommen att vara med vid eftermiddagsutfodringen av djuren. F\u00f6r alla medlemmar fr\u00e5n 7 \u00e5r. Onsdag-Ponnypyssel medlemmar kl.14-15 Vi tar hand om v\u00e5ra ponnys och l\u00e4r oss hur man hanterar och beter sig runt&nbsp; &hellip; Read more\" \/>\n<meta property=\"og:url\" content=\"https:\/\/www.4h.se\/otorn\/aktiviteter\/\" \/>\n<meta property=\"og:site_name\" content=\"\u00d6stra Torns 4H G\u00e5rd\" \/>\n<meta property=\"article:modified_time\" content=\"2026-01-15T14:33:30+00:00\" \/>\n<meta property=\"og:image\" content=\"https:\/\/www.4h.se\/otorn\/wp-content\/uploads\/sites\/94\/2023\/09\/thumbnail_IMG_4292-1.jpg\" \/>\n\t<meta property=\"og:image:width\" content=\"640\" \/>\n\t<meta property=\"og:image:height\" content=\"481\" \/>\n\t<meta property=\"og:image:type\" content=\"image\/jpeg\" \/>\n<meta name=\"twitter:card\" content=\"summary_large_image\" \/>\n<meta name=\"twitter:label1\" content=\"Ber\u00e4knad l\u00e4stid\" \/>\n\t<meta name=\"twitter:data1\" content=\"1 minut\" \/>\n<script type=\"application\/ld+json\" class=\"yoast-schema-graph\">{\"@context\":\"https:\\\/\\\/schema.org\",\"@graph\":[{\"@type\":\"WebPage\",\"@id\":\"https:\\\/\\\/www.4h.se\\\/otorn\\\/aktiviteter\\\/\",\"url\":\"https:\\\/\\\/www.4h.se\\\/otorn\\\/aktiviteter\\\/\",\"name\":\"Aktiviteter - \u00d6stra Torns 4H G\u00e5rd\",\"isPartOf\":{\"@id\":\"https:\\\/\\\/www.4h.se\\\/otorn\\\/#website\"},\"primaryImageOfPage\":{\"@id\":\"https:\\\/\\\/www.4h.se\\\/otorn\\\/aktiviteter\\\/#primaryimage\"},\"image\":{\"@id\":\"https:\\\/\\\/www.4h.se\\\/otorn\\\/aktiviteter\\\/#primaryimage\"},\"thumbnailUrl\":\"https:\\\/\\\/www.4h.se\\\/otorn\\\/wp-content\\\/uploads\\\/sites\\\/94\\\/2023\\\/09\\\/thumbnail_IMG_4292-1.jpg\",\"datePublished\":\"2015-05-15T18:17:33+00:00\",\"dateModified\":\"2026-01-15T14:33:30+00:00\",\"breadcrumb\":{\"@id\":\"https:\\\/\\\/www.4h.se\\\/otorn\\\/aktiviteter\\\/#breadcrumb\"},\"inLanguage\":\"sv-SE\",\"potentialAction\":[{\"@type\":\"ReadAction\",\"target\":[\"https:\\\/\\\/www.4h.se\\\/otorn\\\/aktiviteter\\\/\"]}]},{\"@type\":\"ImageObject\",\"inLanguage\":\"sv-SE\",\"@id\":\"https:\\\/\\\/www.4h.se\\\/otorn\\\/aktiviteter\\\/#primaryimage\",\"url\":\"https:\\\/\\\/www.4h.se\\\/otorn\\\/wp-content\\\/uploads\\\/sites\\\/94\\\/2023\\\/09\\\/thumbnail_IMG_4292-1.jpg\",\"contentUrl\":\"https:\\\/\\\/www.4h.se\\\/otorn\\\/wp-content\\\/uploads\\\/sites\\\/94\\\/2023\\\/09\\\/thumbnail_IMG_4292-1.jpg\",\"width\":640,\"height\":481},{\"@type\":\"BreadcrumbList\",\"@id\":\"https:\\\/\\\/www.4h.se\\\/otorn\\\/aktiviteter\\\/#breadcrumb\",\"itemListElement\":[{\"@type\":\"ListItem\",\"position\":1,\"name\":\"Hem\",\"item\":\"https:\\\/\\\/www.4h.se\\\/otorn\\\/\"},{\"@type\":\"ListItem\",\"position\":2,\"name\":\"Aktiviteter\"}]},{\"@type\":\"WebSite\",\"@id\":\"https:\\\/\\\/www.4h.se\\\/otorn\\\/#website\",\"url\":\"https:\\\/\\\/www.4h.se\\\/otorn\\\/\",\"name\":\"\u00d6stra Torns 4H G\u00e5rd\",\"description\":\"\",\"potentialAction\":[{\"@type\":\"SearchAction\",\"target\":{\"@type\":\"EntryPoint\",\"urlTemplate\":\"https:\\\/\\\/www.4h.se\\\/otorn\\\/?s={search_term_string}\"},\"query-input\":{\"@type\":\"PropertyValueSpecification\",\"valueRequired\":true,\"valueName\":\"search_term_string\"}}],\"inLanguage\":\"sv-SE\"}]}<\/script>\n<!-- \/ Yoast SEO plugin. -->","yoast_head_json":{"title":"Aktiviteter - \u00d6stra Torns 4H G\u00e5rd","robots":{"index":"index","follow":"follow","max-snippet":"max-snippet:-1","max-image-preview":"max-image-preview:large","max-video-preview":"max-video-preview:-1"},"canonical":"https:\/\/www.4h.se\/otorn\/aktiviteter\/","og_locale":"sv_SE","og_type":"article","og_title":"Aktiviteter - \u00d6stra Torns 4H G\u00e5rd","og_description":"[vc_row][vc_column width=&#8221;1\/2&#8243;][vc_column_text] AKTIVITETER [\/vc_column_text][vc_column_text css=&#8221;&#8221;] Aktiviteter f\u00f6r v\u00e5ra medlemmar Tisdag-torsdag: Var med och ge djuren mat kl 16:00 Som medlem \u00e4r du v\u00e4lkommen att vara med vid eftermiddagsutfodringen av djuren. F\u00f6r alla medlemmar fr\u00e5n 7 \u00e5r. Onsdag-Ponnypyssel medlemmar kl.14-15 Vi tar hand om v\u00e5ra ponnys och l\u00e4r oss hur man hanterar och beter sig runt&nbsp; &hellip; Read more","og_url":"https:\/\/www.4h.se\/otorn\/aktiviteter\/","og_site_name":"\u00d6stra Torns 4H G\u00e5rd","article_modified_time":"2026-01-15T14:33:30+00:00","og_image":[{"width":640,"height":481,"url":"https:\/\/www.4h.se\/otorn\/wp-content\/uploads\/sites\/94\/2023\/09\/thumbnail_IMG_4292-1.jpg","type":"image\/jpeg"}],"twitter_card":"summary_large_image","twitter_misc":{"Ber\u00e4knad l\u00e4stid":"1 minut"},"schema":{"@context":"https:\/\/schema.org","@graph":[{"@type":"WebPage","@id":"https:\/\/www.4h.se\/otorn\/aktiviteter\/","url":"https:\/\/www.4h.se\/otorn\/aktiviteter\/","name":"Aktiviteter - \u00d6stra Torns 4H G\u00e5rd","isPartOf":{"@id":"https:\/\/www.4h.se\/otorn\/#website"},"primaryImageOfPage":{"@id":"https:\/\/www.4h.se\/otorn\/aktiviteter\/#primaryimage"},"image":{"@id":"https:\/\/www.4h.se\/otorn\/aktiviteter\/#primaryimage"},"thumbnailUrl":"https:\/\/www.4h.se\/otorn\/wp-content\/uploads\/sites\/94\/2023\/09\/thumbnail_IMG_4292-1.jpg","datePublished":"2015-05-15T18:17:33+00:00","dateModified":"2026-01-15T14:33:30+00:00","breadcrumb":{"@id":"https:\/\/www.4h.se\/otorn\/aktiviteter\/#breadcrumb"},"inLanguage":"sv-SE","potentialAction":[{"@type":"ReadAction","target":["https:\/\/www.4h.se\/otorn\/aktiviteter\/"]}]},{"@type":"ImageObject","inLanguage":"sv-SE","@id":"https:\/\/www.4h.se\/otorn\/aktiviteter\/#primaryimage","url":"https:\/\/www.4h.se\/otorn\/wp-content\/uploads\/sites\/94\/2023\/09\/thumbnail_IMG_4292-1.jpg","contentUrl":"https:\/\/www.4h.se\/otorn\/wp-content\/uploads\/sites\/94\/2023\/09\/thumbnail_IMG_4292-1.jpg","width":640,"height":481},{"@type":"BreadcrumbList","@id":"https:\/\/www.4h.se\/otorn\/aktiviteter\/#breadcrumb","itemListElement":[{"@type":"ListItem","position":1,"name":"Hem","item":"https:\/\/www.4h.se\/otorn\/"},{"@type":"ListItem","position":2,"name":"Aktiviteter"}]},{"@type":"WebSite","@id":"https:\/\/www.4h.se\/otorn\/#website","url":"https:\/\/www.4h.se\/otorn\/","name":"\u00d6stra Torns 4H G\u00e5rd","description":"","potentialAction":[{"@type":"SearchAction","target":{"@type":"EntryPoint","urlTemplate":"https:\/\/www.4h.se\/otorn\/?s={search_term_string}"},"query-input":{"@type":"PropertyValueSpecification","valueRequired":true,"valueName":"search_term_string"}}],"inLanguage":"sv-SE"}]}},"_links":{"self":[{"href":"https:\/\/www.4h.se\/otorn\/wp-json\/wp\/v2\/pages\/246","targetHints":{"allow":["GET"]}}],"collection":[{"href":"https:\/\/www.4h.se\/otorn\/wp-json\/wp\/v2\/pages"}],"about":[{"href":"https:\/\/www.4h.se\/otorn\/wp-json\/wp\/v2\/types\/page"}],"author":[{"embeddable":true,"href":"https:\/\/www.4h.se\/otorn\/wp-json\/wp\/v2\/users\/1"}],"replies":[{"embeddable":true,"href":"https:\/\/www.4h.se\/otorn\/wp-json\/wp\/v2\/comments?post=246"}],"version-history":[{"count":0,"href":"https:\/\/www.4h.se\/otorn\/wp-json\/wp\/v2\/pages\/246\/revisions"}],"wp:attachment":[{"href":"https:\/\/www.4h.se\/otorn\/wp-json\/wp\/v2\/media?parent=246"}],"curies":[{"name":"wp","href":"https:\/\/api.w.org\/{rel}","templated":true}]}}