



{"id":420,"date":"2016-08-06T11:24:08","date_gmt":"2016-08-06T09:24:08","guid":{"rendered":"http:\/\/www.4h.se\/orebro\/?page_id=420"},"modified":"2022-09-15T19:01:02","modified_gmt":"2022-09-15T17:01:02","slug":"ideellt-arbete","status":"publish","type":"page","link":"https:\/\/www.4h.se\/orebro\/ideellt-arbete\/","title":{"rendered":"Ideellt arbete"},"content":{"rendered":"<div class=\"wpb-content-wrapper\"><p>[vc_row][vc_column][vc_column_text]<strong>\u00a0\u00c4r det h\u00e4r du?<\/strong><\/p>\n<ul>\n<li style=\"font-weight: 400\"><span style=\"font-weight: 400\">Vill vara med i f\u00f6reningen och arbeta ideellt med barn och ungdomar?<\/span><\/li>\n<li style=\"font-weight: 400\"><span style=\"font-weight: 400\">Tycker om djur och natur?<\/span><\/li>\n<li style=\"font-weight: 400\"><span style=\"font-weight: 400\">Vill vara med i v\u00e5r styrelse och utveckla v\u00e5r f\u00f6rening f\u00f6r barn och ungdomar?<\/span><\/li>\n<li style=\"font-weight: 400\"><span style=\"font-weight: 400\">\u00c4r en bra ledare och f\u00f6rebild f\u00f6r barn och ungdomar?<\/span><\/li>\n<li style=\"font-weight: 400\"><span style=\"font-weight: 400\">Har m\u00e5nga bra id\u00e9er f\u00f6r barn och ungdomar?<\/span><\/li>\n<li style=\"font-weight: 400\"><span style=\"font-weight: 400\">Har l\u00e4tt f\u00f6r att prata inf\u00f6r nya m\u00e4nniskor?<\/span><\/li>\n<\/ul>\n<p><span style=\"font-weight: 400\">Om du svarar JA p\u00e5 m\u00e5nga av dessa fr\u00e5gor kan du vara den vi s\u00f6ker! Vi letar efter engagerade eldsj\u00e4lar som efter egen f\u00f6rm\u00e5ga vill hj\u00e4lpa oss utveckla \u00d6rebro 4H-klubb. Inget bidragande \u00e4r f\u00f6r litet. V\u00e4lkommen att kontakta oss p\u00e5 <\/span><a href=\"mailto:ordforande.orebro@4h.se\"><span style=\"font-weight: 400\">ordforande.orebro@4h.se<\/span><\/a><span style=\"font-weight: 400\">!\u00a0<\/span><\/p>\n<p>&nbsp;[\/vc_column_text][\/vc_column][\/vc_row]<\/p>\n<\/div>","protected":false},"excerpt":{"rendered":"<p>[vc_row][vc_column][vc_column_text]\u00a0\u00c4r det h\u00e4r du? Vill vara med i f\u00f6reningen och arbeta ideellt med barn och ungdomar? Tycker om djur och natur? Vill vara med i v\u00e5r styrelse och utveckla v\u00e5r f\u00f6rening f\u00f6r barn och ungdomar? \u00c4r en bra ledare och f\u00f6rebild f\u00f6r barn och ungdomar? Har m\u00e5nga bra id\u00e9er f\u00f6r barn och ungdomar? Har l\u00e4tt&nbsp; <a href=\"https:\/\/www.4h.se\/orebro\/ideellt-arbete\/\">&hellip; Read more <i class=\"glyphicon glyphicon-arrow-right\"><\/i><\/a><\/p>\n","protected":false},"author":59,"featured_media":0,"parent":0,"menu_order":0,"comment_status":"closed","ping_status":"closed","template":"","meta":{"_acf_changed":false,"footnotes":""},"class_list":["post-420","page","type-page","status-publish","hentry"],"acf":[],"yoast_head":"<!-- This site is optimized with the Yoast SEO plugin v27.5 - https:\/\/yoast.com\/product\/yoast-seo-wordpress\/ -->\n<title>Ideellt arbete - \u00d6rebro 4H<\/title>\n<meta name=\"robots\" content=\"index, follow, max-snippet:-1, max-image-preview:large, max-video-preview:-1\" \/>\n<link rel=\"canonical\" href=\"https:\/\/www.4h.se\/orebro\/ideellt-arbete\/\" \/>\n<meta property=\"og:locale\" content=\"sv_SE\" \/>\n<meta property=\"og:type\" content=\"article\" \/>\n<meta property=\"og:title\" content=\"Ideellt arbete - \u00d6rebro 4H\" \/>\n<meta property=\"og:description\" content=\"[vc_row][vc_column][vc_column_text]\u00a0\u00c4r det h\u00e4r du? Vill vara med i f\u00f6reningen och arbeta ideellt med barn och ungdomar? Tycker om djur och natur? Vill vara med i v\u00e5r styrelse och utveckla v\u00e5r f\u00f6rening f\u00f6r barn och ungdomar? \u00c4r en bra ledare och f\u00f6rebild f\u00f6r barn och ungdomar? Har m\u00e5nga bra id\u00e9er f\u00f6r barn och ungdomar? Har l\u00e4tt&nbsp; &hellip; Read more\" \/>\n<meta property=\"og:url\" content=\"https:\/\/www.4h.se\/orebro\/ideellt-arbete\/\" \/>\n<meta property=\"og:site_name\" content=\"\u00d6rebro 4H\" \/>\n<meta property=\"article:publisher\" content=\"https:\/\/www.facebook.com\/orebro4hgard\/\" \/>\n<meta property=\"article:modified_time\" content=\"2022-09-15T17:01:02+00:00\" \/>\n<meta name=\"twitter:card\" content=\"summary_large_image\" \/>\n<meta name=\"twitter:label1\" content=\"Ber\u00e4knad l\u00e4stid\" \/>\n\t<meta name=\"twitter:data1\" content=\"1 minut\" \/>\n<script type=\"application\/ld+json\" class=\"yoast-schema-graph\">{\"@context\":\"https:\\\/\\\/schema.org\",\"@graph\":[{\"@type\":\"WebPage\",\"@id\":\"https:\\\/\\\/www.4h.se\\\/orebro\\\/ideellt-arbete\\\/\",\"url\":\"https:\\\/\\\/www.4h.se\\\/orebro\\\/ideellt-arbete\\\/\",\"name\":\"Ideellt arbete - \u00d6rebro 4H\",\"isPartOf\":{\"@id\":\"https:\\\/\\\/www.4h.se\\\/orebro\\\/#website\"},\"datePublished\":\"2016-08-06T09:24:08+00:00\",\"dateModified\":\"2022-09-15T17:01:02+00:00\",\"breadcrumb\":{\"@id\":\"https:\\\/\\\/www.4h.se\\\/orebro\\\/ideellt-arbete\\\/#breadcrumb\"},\"inLanguage\":\"sv-SE\",\"potentialAction\":[{\"@type\":\"ReadAction\",\"target\":[\"https:\\\/\\\/www.4h.se\\\/orebro\\\/ideellt-arbete\\\/\"]}]},{\"@type\":\"BreadcrumbList\",\"@id\":\"https:\\\/\\\/www.4h.se\\\/orebro\\\/ideellt-arbete\\\/#breadcrumb\",\"itemListElement\":[{\"@type\":\"ListItem\",\"position\":1,\"name\":\"Hem\",\"item\":\"https:\\\/\\\/www.4h.se\\\/orebro\\\/\"},{\"@type\":\"ListItem\",\"position\":2,\"name\":\"Ideellt arbete\"}]},{\"@type\":\"WebSite\",\"@id\":\"https:\\\/\\\/www.4h.se\\\/orebro\\\/#website\",\"url\":\"https:\\\/\\\/www.4h.se\\\/orebro\\\/\",\"name\":\"\u00d6rebro 4H\",\"description\":\"L\u00e4ra genom att g\u00f6ra\",\"potentialAction\":[{\"@type\":\"SearchAction\",\"target\":{\"@type\":\"EntryPoint\",\"urlTemplate\":\"https:\\\/\\\/www.4h.se\\\/orebro\\\/?s={search_term_string}\"},\"query-input\":{\"@type\":\"PropertyValueSpecification\",\"valueRequired\":true,\"valueName\":\"search_term_string\"}}],\"inLanguage\":\"sv-SE\"}]}<\/script>\n<!-- \/ Yoast SEO plugin. -->","yoast_head_json":{"title":"Ideellt arbete - \u00d6rebro 4H","robots":{"index":"index","follow":"follow","max-snippet":"max-snippet:-1","max-image-preview":"max-image-preview:large","max-video-preview":"max-video-preview:-1"},"canonical":"https:\/\/www.4h.se\/orebro\/ideellt-arbete\/","og_locale":"sv_SE","og_type":"article","og_title":"Ideellt arbete - \u00d6rebro 4H","og_description":"[vc_row][vc_column][vc_column_text]\u00a0\u00c4r det h\u00e4r du? Vill vara med i f\u00f6reningen och arbeta ideellt med barn och ungdomar? Tycker om djur och natur? Vill vara med i v\u00e5r styrelse och utveckla v\u00e5r f\u00f6rening f\u00f6r barn och ungdomar? \u00c4r en bra ledare och f\u00f6rebild f\u00f6r barn och ungdomar? Har m\u00e5nga bra id\u00e9er f\u00f6r barn och ungdomar? Har l\u00e4tt&nbsp; &hellip; Read more","og_url":"https:\/\/www.4h.se\/orebro\/ideellt-arbete\/","og_site_name":"\u00d6rebro 4H","article_publisher":"https:\/\/www.facebook.com\/orebro4hgard\/","article_modified_time":"2022-09-15T17:01:02+00:00","twitter_card":"summary_large_image","twitter_misc":{"Ber\u00e4knad l\u00e4stid":"1 minut"},"schema":{"@context":"https:\/\/schema.org","@graph":[{"@type":"WebPage","@id":"https:\/\/www.4h.se\/orebro\/ideellt-arbete\/","url":"https:\/\/www.4h.se\/orebro\/ideellt-arbete\/","name":"Ideellt arbete - \u00d6rebro 4H","isPartOf":{"@id":"https:\/\/www.4h.se\/orebro\/#website"},"datePublished":"2016-08-06T09:24:08+00:00","dateModified":"2022-09-15T17:01:02+00:00","breadcrumb":{"@id":"https:\/\/www.4h.se\/orebro\/ideellt-arbete\/#breadcrumb"},"inLanguage":"sv-SE","potentialAction":[{"@type":"ReadAction","target":["https:\/\/www.4h.se\/orebro\/ideellt-arbete\/"]}]},{"@type":"BreadcrumbList","@id":"https:\/\/www.4h.se\/orebro\/ideellt-arbete\/#breadcrumb","itemListElement":[{"@type":"ListItem","position":1,"name":"Hem","item":"https:\/\/www.4h.se\/orebro\/"},{"@type":"ListItem","position":2,"name":"Ideellt arbete"}]},{"@type":"WebSite","@id":"https:\/\/www.4h.se\/orebro\/#website","url":"https:\/\/www.4h.se\/orebro\/","name":"\u00d6rebro 4H","description":"L\u00e4ra genom att g\u00f6ra","potentialAction":[{"@type":"SearchAction","target":{"@type":"EntryPoint","urlTemplate":"https:\/\/www.4h.se\/orebro\/?s={search_term_string}"},"query-input":{"@type":"PropertyValueSpecification","valueRequired":true,"valueName":"search_term_string"}}],"inLanguage":"sv-SE"}]}},"_links":{"self":[{"href":"https:\/\/www.4h.se\/orebro\/wp-json\/wp\/v2\/pages\/420","targetHints":{"allow":["GET"]}}],"collection":[{"href":"https:\/\/www.4h.se\/orebro\/wp-json\/wp\/v2\/pages"}],"about":[{"href":"https:\/\/www.4h.se\/orebro\/wp-json\/wp\/v2\/types\/page"}],"author":[{"embeddable":true,"href":"https:\/\/www.4h.se\/orebro\/wp-json\/wp\/v2\/users\/59"}],"replies":[{"embeddable":true,"href":"https:\/\/www.4h.se\/orebro\/wp-json\/wp\/v2\/comments?post=420"}],"version-history":[{"count":0,"href":"https:\/\/www.4h.se\/orebro\/wp-json\/wp\/v2\/pages\/420\/revisions"}],"wp:attachment":[{"href":"https:\/\/www.4h.se\/orebro\/wp-json\/wp\/v2\/media?parent=420"}],"curies":[{"name":"wp","href":"https:\/\/api.w.org\/{rel}","templated":true}]}}