



{"id":418,"date":"2016-08-06T10:24:16","date_gmt":"2016-08-06T08:24:16","guid":{"rendered":"http:\/\/www.4h.se\/orebro\/?page_id=418"},"modified":"2022-09-23T11:00:18","modified_gmt":"2022-09-23T09:00:18","slug":"om-4h","status":"publish","type":"page","link":"https:\/\/www.4h.se\/orebro\/om-4h\/","title":{"rendered":"Om 4H"},"content":{"rendered":"<div class=\"wpb-content-wrapper\"><p>[vc_row][vc_column][vc_column_text]4H \u00e4r en internationell ideell ungdomsorganisation med bred verksamhet inom allt fr\u00e5n odling och djur till idrott och teater. Vi finns i \u00f6ver 80 l\u00e4nder och riktar oss till barn och ungdomar 6-25 \u00e5r.<\/p>\n<p>Inom 4H bedriver vi verksamhet\u00a0av ungdomar, f\u00f6r ungdomar.\u00a0Det inneb\u00e4r att v\u00e5ra ledare i huvudsak \u00e4r unga. I styrelser och\u00a0arbetsgrupper sitter ungdomar, som sj\u00e4lva tar ansvar f\u00f6r och fattar beslut g\u00e4llande sin fritid.<\/p>\n<h4>4H st\u00e5r f\u00f6r:<\/h4>\n<p>HUVUD f\u00f6r kunskap<\/p>\n<p>HJ\u00c4RTA f\u00f6r medk\u00e4nsla<\/p>\n<p>HAND f\u00f6r f\u00e4rdighet<\/p>\n<p>H\u00c4LSA f\u00f6r ett sundare levnadss\u00e4tt<\/p>\n<p>&nbsp;<\/p>\n<p>V\u00e5r vision \u00e4r att alla barn och ungdomar ska utvecklas till engagerade och ansvarstagande m\u00e4nniskor med respekt f\u00f6r sin omv\u00e4rld. Visionen ska uppn\u00e5s genom att i samspel med m\u00e4nniskor och natur uppt\u00e4cka deras rika v\u00e4rden och m\u00e5ngfald. I detta \u00e4r varje art och individ en viktig del av helheten utan att vara mer v\u00e4rd \u00e4n n\u00e5gon annan.<\/p>\n<p>4Hs motto \u00e4r &#8221;L\u00e4ra genom att g\u00f6ra&#8221;, och v\u00e5rt m\u00e5l \u00e4r att det ska genomsyra all v\u00e5r verksamhet.<\/p>\n<p>&nbsp;<\/p>\n<div class=\"dslc-modules-section \">F\u00f6r mer information :\u00a0<a href=\"https:\/\/www.4h.se\/\">https:\/\/www.4h.se\/<\/a><\/div>\n<p>[\/vc_column_text][\/vc_column][\/vc_row]<\/p>\n<\/div>","protected":false},"excerpt":{"rendered":"<p>[vc_row][vc_column][vc_column_text]4H \u00e4r en internationell ideell ungdomsorganisation med bred verksamhet inom allt fr\u00e5n odling och djur till idrott och teater. Vi finns i \u00f6ver 80 l\u00e4nder och riktar oss till barn och ungdomar 6-25 \u00e5r. Inom 4H bedriver vi verksamhet\u00a0av ungdomar, f\u00f6r ungdomar.\u00a0Det inneb\u00e4r att v\u00e5ra ledare i huvudsak \u00e4r unga. I styrelser och\u00a0arbetsgrupper sitter ungdomar,&nbsp; <a href=\"https:\/\/www.4h.se\/orebro\/om-4h\/\">&hellip; Read more <i class=\"glyphicon glyphicon-arrow-right\"><\/i><\/a><\/p>\n","protected":false},"author":59,"featured_media":0,"parent":0,"menu_order":0,"comment_status":"closed","ping_status":"closed","template":"","meta":{"_acf_changed":false,"footnotes":""},"class_list":["post-418","page","type-page","status-publish","hentry"],"acf":[],"yoast_head":"<!-- This site is optimized with the Yoast SEO plugin v27.5 - https:\/\/yoast.com\/product\/yoast-seo-wordpress\/ -->\n<title>Om 4H - \u00d6rebro 4H<\/title>\n<meta name=\"robots\" content=\"index, follow, max-snippet:-1, max-image-preview:large, max-video-preview:-1\" \/>\n<link rel=\"canonical\" href=\"https:\/\/www.4h.se\/orebro\/om-4h\/\" \/>\n<meta property=\"og:locale\" content=\"sv_SE\" \/>\n<meta property=\"og:type\" content=\"article\" \/>\n<meta property=\"og:title\" content=\"Om 4H - \u00d6rebro 4H\" \/>\n<meta property=\"og:description\" content=\"[vc_row][vc_column][vc_column_text]4H \u00e4r en internationell ideell ungdomsorganisation med bred verksamhet inom allt fr\u00e5n odling och djur till idrott och teater. Vi finns i \u00f6ver 80 l\u00e4nder och riktar oss till barn och ungdomar 6-25 \u00e5r. Inom 4H bedriver vi verksamhet\u00a0av ungdomar, f\u00f6r ungdomar.\u00a0Det inneb\u00e4r att v\u00e5ra ledare i huvudsak \u00e4r unga. I styrelser och\u00a0arbetsgrupper sitter ungdomar,&nbsp; &hellip; Read more\" \/>\n<meta property=\"og:url\" content=\"https:\/\/www.4h.se\/orebro\/om-4h\/\" \/>\n<meta property=\"og:site_name\" content=\"\u00d6rebro 4H\" \/>\n<meta property=\"article:publisher\" content=\"https:\/\/www.facebook.com\/orebro4hgard\/\" \/>\n<meta property=\"article:modified_time\" content=\"2022-09-23T09:00:18+00:00\" \/>\n<meta name=\"twitter:card\" content=\"summary_large_image\" \/>\n<meta name=\"twitter:label1\" content=\"Ber\u00e4knad l\u00e4stid\" \/>\n\t<meta name=\"twitter:data1\" content=\"1 minut\" \/>\n<script type=\"application\/ld+json\" class=\"yoast-schema-graph\">{\"@context\":\"https:\\\/\\\/schema.org\",\"@graph\":[{\"@type\":\"WebPage\",\"@id\":\"https:\\\/\\\/www.4h.se\\\/orebro\\\/om-4h\\\/\",\"url\":\"https:\\\/\\\/www.4h.se\\\/orebro\\\/om-4h\\\/\",\"name\":\"Om 4H - \u00d6rebro 4H\",\"isPartOf\":{\"@id\":\"https:\\\/\\\/www.4h.se\\\/orebro\\\/#website\"},\"datePublished\":\"2016-08-06T08:24:16+00:00\",\"dateModified\":\"2022-09-23T09:00:18+00:00\",\"breadcrumb\":{\"@id\":\"https:\\\/\\\/www.4h.se\\\/orebro\\\/om-4h\\\/#breadcrumb\"},\"inLanguage\":\"sv-SE\",\"potentialAction\":[{\"@type\":\"ReadAction\",\"target\":[\"https:\\\/\\\/www.4h.se\\\/orebro\\\/om-4h\\\/\"]}]},{\"@type\":\"BreadcrumbList\",\"@id\":\"https:\\\/\\\/www.4h.se\\\/orebro\\\/om-4h\\\/#breadcrumb\",\"itemListElement\":[{\"@type\":\"ListItem\",\"position\":1,\"name\":\"Hem\",\"item\":\"https:\\\/\\\/www.4h.se\\\/orebro\\\/\"},{\"@type\":\"ListItem\",\"position\":2,\"name\":\"Om 4H\"}]},{\"@type\":\"WebSite\",\"@id\":\"https:\\\/\\\/www.4h.se\\\/orebro\\\/#website\",\"url\":\"https:\\\/\\\/www.4h.se\\\/orebro\\\/\",\"name\":\"\u00d6rebro 4H\",\"description\":\"L\u00e4ra genom att g\u00f6ra\",\"potentialAction\":[{\"@type\":\"SearchAction\",\"target\":{\"@type\":\"EntryPoint\",\"urlTemplate\":\"https:\\\/\\\/www.4h.se\\\/orebro\\\/?s={search_term_string}\"},\"query-input\":{\"@type\":\"PropertyValueSpecification\",\"valueRequired\":true,\"valueName\":\"search_term_string\"}}],\"inLanguage\":\"sv-SE\"}]}<\/script>\n<!-- \/ Yoast SEO plugin. -->","yoast_head_json":{"title":"Om 4H - \u00d6rebro 4H","robots":{"index":"index","follow":"follow","max-snippet":"max-snippet:-1","max-image-preview":"max-image-preview:large","max-video-preview":"max-video-preview:-1"},"canonical":"https:\/\/www.4h.se\/orebro\/om-4h\/","og_locale":"sv_SE","og_type":"article","og_title":"Om 4H - \u00d6rebro 4H","og_description":"[vc_row][vc_column][vc_column_text]4H \u00e4r en internationell ideell ungdomsorganisation med bred verksamhet inom allt fr\u00e5n odling och djur till idrott och teater. Vi finns i \u00f6ver 80 l\u00e4nder och riktar oss till barn och ungdomar 6-25 \u00e5r. Inom 4H bedriver vi verksamhet\u00a0av ungdomar, f\u00f6r ungdomar.\u00a0Det inneb\u00e4r att v\u00e5ra ledare i huvudsak \u00e4r unga. I styrelser och\u00a0arbetsgrupper sitter ungdomar,&nbsp; &hellip; Read more","og_url":"https:\/\/www.4h.se\/orebro\/om-4h\/","og_site_name":"\u00d6rebro 4H","article_publisher":"https:\/\/www.facebook.com\/orebro4hgard\/","article_modified_time":"2022-09-23T09:00:18+00:00","twitter_card":"summary_large_image","twitter_misc":{"Ber\u00e4knad l\u00e4stid":"1 minut"},"schema":{"@context":"https:\/\/schema.org","@graph":[{"@type":"WebPage","@id":"https:\/\/www.4h.se\/orebro\/om-4h\/","url":"https:\/\/www.4h.se\/orebro\/om-4h\/","name":"Om 4H - \u00d6rebro 4H","isPartOf":{"@id":"https:\/\/www.4h.se\/orebro\/#website"},"datePublished":"2016-08-06T08:24:16+00:00","dateModified":"2022-09-23T09:00:18+00:00","breadcrumb":{"@id":"https:\/\/www.4h.se\/orebro\/om-4h\/#breadcrumb"},"inLanguage":"sv-SE","potentialAction":[{"@type":"ReadAction","target":["https:\/\/www.4h.se\/orebro\/om-4h\/"]}]},{"@type":"BreadcrumbList","@id":"https:\/\/www.4h.se\/orebro\/om-4h\/#breadcrumb","itemListElement":[{"@type":"ListItem","position":1,"name":"Hem","item":"https:\/\/www.4h.se\/orebro\/"},{"@type":"ListItem","position":2,"name":"Om 4H"}]},{"@type":"WebSite","@id":"https:\/\/www.4h.se\/orebro\/#website","url":"https:\/\/www.4h.se\/orebro\/","name":"\u00d6rebro 4H","description":"L\u00e4ra genom att g\u00f6ra","potentialAction":[{"@type":"SearchAction","target":{"@type":"EntryPoint","urlTemplate":"https:\/\/www.4h.se\/orebro\/?s={search_term_string}"},"query-input":{"@type":"PropertyValueSpecification","valueRequired":true,"valueName":"search_term_string"}}],"inLanguage":"sv-SE"}]}},"_links":{"self":[{"href":"https:\/\/www.4h.se\/orebro\/wp-json\/wp\/v2\/pages\/418","targetHints":{"allow":["GET"]}}],"collection":[{"href":"https:\/\/www.4h.se\/orebro\/wp-json\/wp\/v2\/pages"}],"about":[{"href":"https:\/\/www.4h.se\/orebro\/wp-json\/wp\/v2\/types\/page"}],"author":[{"embeddable":true,"href":"https:\/\/www.4h.se\/orebro\/wp-json\/wp\/v2\/users\/59"}],"replies":[{"embeddable":true,"href":"https:\/\/www.4h.se\/orebro\/wp-json\/wp\/v2\/comments?post=418"}],"version-history":[{"count":0,"href":"https:\/\/www.4h.se\/orebro\/wp-json\/wp\/v2\/pages\/418\/revisions"}],"wp:attachment":[{"href":"https:\/\/www.4h.se\/orebro\/wp-json\/wp\/v2\/media?parent=418"}],"curies":[{"name":"wp","href":"https:\/\/api.w.org\/{rel}","templated":true}]}}